	{"id":18649,"date":"2024-03-22T09:34:14","date_gmt":"2024-03-22T08:34:14","guid":{"rendered":"https:\/\/rebub.u-bordeaux.fr\/?page_id=18649"},"modified":"2024-04-26T13:52:07","modified_gmt":"2024-04-26T11:52:07","slug":"proxyfier-une-collection","status":"publish","type":"page","link":"https:\/\/rebub.u-bordeaux.fr\/index.php\/alma\/procedures\/documentation-electronique\/gestion-controles\/proxyfier-une-collection\/","title":{"rendered":"Proxyfier une collection"},"content":{"rendered":"<div id='wpig-floatingbar' class='wpig-floatingbar'><div id='wpig-switch-wrapper' class='wpig-switch-wrapper'><span id='wpig-floating-switch' class='wpig-floating-switch'><img src='https:\/\/rebub.u-bordeaux.fr\/wp-content\/plugins\/sticky-toc-advance-table-of-contents\/\\assets\\menu.png'><\/span><\/div><div id='wpig-contents' class='wpig-contents  wpig-sidebar-widget wpig-style-3'><span class='wpig-headline'>Table des mati\u00e8res<span><a data-action='show' class='wpig-btn-toggledisplay'>[ Show ]<\/a><\/span><\/span><!-- Table of Contents --><div id='wpig-table-of-content' class='wpig-table-of-content'><ol><li class='proxyfier_l_acces_a_la_notice_de_collection'><a href='#proxyfier_l_acces_a_la_notice_de_collection'>Proxyfier l&rsquo;acc\u00e8s \u00e0 la notice de collection<\/a><\/li><li class='proxyfier_l_acces_aux_ressources_d_un_service'><a href='#proxyfier_l_acces_aux_ressources_d_un_service'>Proxyfier l&rsquo;acc\u00e8s aux ressources d&rsquo;un service<\/a><\/li><li class='identifier_les_collections_proxyfiees_ou_non'><a href='#identifier_les_collections_proxyfiees_ou_non'>Identifier les collections proxyfi\u00e9es ou non<\/a><\/li><\/ol><\/div><!-- END OF Table of Contents --><\/div><\/div><p><div id='wpig-contents' class='wpig-contents  wpig-sidebar-widget wpig-style-1'><span class='wpig-headline'>Table des mati\u00e8res<span><a data-action='show' class='wpig-btn-toggledisplay'>[ Show ]<\/a><\/span><\/span><!-- Table of Contents --><div id='wpig-table-of-content' class='wpig-table-of-content' ><ol><li class='proxyfier_l_acces_a_la_notice_de_collection'><a href='#proxyfier_l_acces_a_la_notice_de_collection'>Proxyfier l&rsquo;acc\u00e8s \u00e0 la notice de collection<\/a><\/li><li class='proxyfier_l_acces_aux_ressources_d_un_service'><a href='#proxyfier_l_acces_aux_ressources_d_un_service'>Proxyfier l&rsquo;acc\u00e8s aux ressources d&rsquo;un service<\/a><\/li><li class='identifier_les_collections_proxyfiees_ou_non'><a href='#identifier_les_collections_proxyfiees_ou_non'>Identifier les collections proxyfi\u00e9es ou non<\/a><\/li><\/ol><\/div><!-- END OF Table of Contents --><\/div><\/p>\n<p>Il est possible de proxyfier par d\u00e9faut toutes les ressources d&rsquo;une institution si on le souhaite : ce n&rsquo;est pas le cas actuellement dans nos institutions. Il faut donc proc\u00e9der manuellement \u00e0 la proxyfication des bouquets.<\/p>\n\n\n\n<h2 id=\"proxyfier_l_acces_a_la_notice_de_collection\" id=\"proxyfier_l_acces_a_la_notice_de_collection\" class=\"wpig-heading\">Proxyfier l&rsquo;acc\u00e8s \u00e0 la notice de collection<\/h2>\n\n\n\n<p>Cette proc\u00e9dure s&rsquo;applique \u00e9galement pour les collections de type &lsquo;database&rsquo;.<\/p>\n\n\n\n<p>Dans la notice de collection, dans l&rsquo;onglet &lsquo;Informations suppl\u00e9mentaires&rsquo; vous trouvez une section d\u00e9di\u00e9e au proxy. Cette section n&rsquo;a d&rsquo;utilit\u00e9 que si la notice de niveau collection est publi\u00e9e vers Primo (voir <a href=\"http:\/\/rebub.u-bordeaux.fr\/index.php\/alma\/procedures\/documentation-electronique\/gestion-controles\/publier-une-notice-de-collection\/\" data-type=\"URL\" data-id=\"http:\/\/rebub.u-bordeaux.fr\/index.php\/alma\/procedures\/documentation-electronique\/gestion-controles\/publier-une-notice-de-collection\/\">Publier une collection<\/a>).<\/p>\n\n\n<div class=\"wp-block-image\">\n<figure class=\"aligncenter\"><a href=\"http:\/\/rebub.u-bordeaux.fr\/wp-content\/uploads\/2021\/06\/20181214_proxyficationcollection.png\" target=\"_blank\" rel=\"noreferrer noopener\"><img decoding=\"async\" loading=\"lazy\" width=\"474\" height=\"77\" src=\"http:\/\/rebub.u-bordeaux.fr\/wp-content\/uploads\/2021\/06\/20181214_proxyficationcollection.png\" alt=\"\" class=\"wp-image-12299\" srcset=\"https:\/\/rebub.u-bordeaux.fr\/wp-content\/uploads\/2021\/06\/20181214_proxyficationcollection.png 474w, https:\/\/rebub.u-bordeaux.fr\/wp-content\/uploads\/2021\/06\/20181214_proxyficationcollection-300x49.png 300w\" sizes=\"(max-width: 474px) 100vw, 474px\" \/><\/a><\/figure><\/div>\n\n\n<p>Cocher la case &lsquo;Proxy activ\u00e9 pour la collection \u00e9lectronique&rsquo; \u00e0 Oui peut suffire : un seul proxy \u00e9tant param\u00e9tr\u00e9, il est alors automatiquement s\u00e9lectionn\u00e9 comme proxy par d\u00e9faut, m\u00eame s&rsquo;il n\u2019appara\u00eet pas dans l&rsquo;outil de gestion.<\/p>\n\n\n\n<h2 id=\"proxyfier_l_acces_aux_ressources_d_un_service\" id=\"proxyfier_l_acces_aux_ressources_d_un_service\" class=\"wpig-heading\">Proxyfier l&rsquo;acc\u00e8s aux ressources d&rsquo;un service<\/h2>\n\n\n\n<p>Pour activer le proxy pour l&rsquo;ensemble des titres contenus dans un bouquet, il faut travailler au niveau du service, dans l&rsquo;onglet &lsquo;Informations de liens&rsquo; au niveau des champs &lsquo;Proxy activ\u00e9&rsquo; et &lsquo;Proxy s\u00e9lectionn\u00e9&rsquo;. Comme au niveau collection, il suffit de cocher la case Oui dans le champ &lsquo;Proxy activ\u00e9&rsquo;, la s\u00e9lection d&rsquo;un proxy n&rsquo;est pas n\u00e9cessaire dans notre environnement car nous n&rsquo;en avons qu&rsquo;un chacun.<\/p>\n\n\n\n<div class=\"is-layout-flex wp-container-3 wp-block-columns bord-bloc-reutilisable has-background\" style=\"background-color:#ffeec2\">\n<div class=\"is-layout-flow wp-block-column is-vertically-aligned-center\" style=\"flex-basis:7%\">\n<figure class=\"wp-block-image alignfull size-full is-style-default\"><img decoding=\"async\" loading=\"lazy\" width=\"512\" height=\"512\" src=\"https:\/\/rebub.u-bordeaux.fr\/wp-content\/uploads\/2024\/04\/nouvelles-idees-en-cours.png\" alt=\"\" class=\"wp-image-19897\" srcset=\"https:\/\/rebub.u-bordeaux.fr\/wp-content\/uploads\/2024\/04\/nouvelles-idees-en-cours.png 512w, https:\/\/rebub.u-bordeaux.fr\/wp-content\/uploads\/2024\/04\/nouvelles-idees-en-cours-300x300.png 300w, https:\/\/rebub.u-bordeaux.fr\/wp-content\/uploads\/2024\/04\/nouvelles-idees-en-cours-150x150.png 150w\" sizes=\"(max-width: 512px) 100vw, 512px\" \/><\/figure>\n<\/div>\n\n\n\n<div class=\"is-layout-flow wp-block-column is-vertically-aligned-center\" style=\"flex-basis:85%\">\n<p><strong>Note<\/strong> : Dans l&rsquo;ensemble des portefolios associ\u00e9s au service, la configuration du proxy sera h\u00e9rit\u00e9e du service. Des champs de gestion du proxy sont \u00e9galement pr\u00e9sents dans l&rsquo;onglet &lsquo;Informations de lien&rsquo; du portefolio. Ces champs n&rsquo;ont aucun effet pour d\u00e9sactiver un proxy activ\u00e9 au niveau service, toutefois, ils permettent d&rsquo;activer un proxy au niveau du titre s&rsquo;il a \u00e9t\u00e9 d\u00e9sactiv\u00e9 au niveau service.<\/p>\n<\/div>\n<\/div>\n\n\n\n<h2 id=\"identifier_les_collections_proxyfiees_ou_non\" id=\"identifier_les_collections_proxyfiees_ou_non\" class=\"wpig-heading\">Identifier les collections proxyfi\u00e9es ou non<\/h2>\n\n\n\n<p>Vous disposez de 2 jeux de r\u00e9sultats dans Alma vous permettant de conna\u00eetre la liste de vos bouquets de ressource pour lesquels les services ont \u00e9t\u00e9 activ\u00e9s. Ils sont disponibles dans &lsquo;Admin>G\u00e9rer les jeux de r\u00e9sultat&rsquo;. Si vous ne les voyez pas, pensez \u00e0 v\u00e9rifier le filtre &lsquo;Type de contenu&rsquo; et \u00e0 aller dans l&rsquo;onglet &lsquo;Jeux de r\u00e9sultats publics&rsquo;.<\/p>\n\n\n\n<div class=\"is-layout-flex wp-container-9 wp-block-columns bord-bloc-reutilisable has-background\" style=\"background-color:#d9edf7\">\n<div class=\"is-layout-flow wp-block-column is-vertically-aligned-center\" style=\"font-size:15px;flex-basis:20%\">\n<p style=\"font-size:15px\"><strong>Date de publication<\/strong> <\/p>\n\n\n<div style=\"font-size:15px;\" class=\"wp-block-post-date\"><time datetime=\"2024-03-22T09:34:14+01:00\">22 mars 2024<\/time><\/div><\/div>\n\n\n\n<div class=\"is-layout-flow wp-block-column is-vertically-aligned-center\" style=\"font-size:15px;flex-basis:20%\">\n<p><strong>Mis \u00e0 jour le <\/strong><\/p>\n\n\n<div style=\"font-size:15px;\" class=\"wp-block-post-date\"><time datetime=\"2024-04-26T13:52:07+02:00\">26 avril 2024<\/time><\/div><\/div>\n\n\n\n<div class=\"is-layout-flow wp-block-column is-vertically-aligned-center\" style=\"font-size:15px;flex-basis:40%\">\n<p><\/p>\n\n\n\n<p><strong>Attention ! <\/strong>Certains \u00e9tablissements utilisent parfois de proc\u00e9dures compl\u00e9mentaires <\/p>\n<\/div>\n\n\n\n<div class=\"is-layout-flow wp-block-column is-vertically-aligned-center\" style=\"font-size:15px;flex-basis:25%\">\n<div class=\"is-horizontal is-content-justification-center is-layout-flex wp-container-7 wp-block-buttons alignfull has-custom-font-size\" style=\"font-size:16px\">\n<div class=\"wp-block-button has-custom-width wp-block-button__width-75 has-custom-font-size is-style-fill\" style=\"font-size:15px\"><a class=\"wp-block-button__link has-white-color has-text-color has-background wp-element-button\" href=\"mailto:scoop@u-bordeaux.fr\" style=\"border-radius:65px;background-color:#000000db\"><strong>Signaler une erreur<\/strong><\/a><\/div>\n<\/div>\n<\/div>\n<\/div>\n","protected":false},"excerpt":{"rendered":"<p>Table des mati\u00e8res[ Show ]Proxyfier l&rsquo;acc\u00e8s \u00e0 la notice de collectionProxyfier l&rsquo;acc\u00e8s aux ressources d&rsquo;un serviceIdentifier les collections proxyfi\u00e9es ou nonIl est possible de proxyfier par d\u00e9faut toutes les ressources d&rsquo;une institution si on le souhaite : ce n&rsquo;est pas&#8230;<\/p>\n","protected":false},"author":46,"featured_media":0,"parent":18613,"menu_order":1,"comment_status":"closed","ping_status":"closed","template":"","meta":[],"post_mailing_queue_ids":[],"_links":{"self":[{"href":"https:\/\/rebub.u-bordeaux.fr\/index.php\/wp-json\/wp\/v2\/pages\/18649"}],"collection":[{"href":"https:\/\/rebub.u-bordeaux.fr\/index.php\/wp-json\/wp\/v2\/pages"}],"about":[{"href":"https:\/\/rebub.u-bordeaux.fr\/index.php\/wp-json\/wp\/v2\/types\/page"}],"author":[{"embeddable":true,"href":"https:\/\/rebub.u-bordeaux.fr\/index.php\/wp-json\/wp\/v2\/users\/46"}],"replies":[{"embeddable":true,"href":"https:\/\/rebub.u-bordeaux.fr\/index.php\/wp-json\/wp\/v2\/comments?post=18649"}],"version-history":[{"count":3,"href":"https:\/\/rebub.u-bordeaux.fr\/index.php\/wp-json\/wp\/v2\/pages\/18649\/revisions"}],"predecessor-version":[{"id":20551,"href":"https:\/\/rebub.u-bordeaux.fr\/index.php\/wp-json\/wp\/v2\/pages\/18649\/revisions\/20551"}],"up":[{"embeddable":true,"href":"https:\/\/rebub.u-bordeaux.fr\/index.php\/wp-json\/wp\/v2\/pages\/18613"}],"wp:attachment":[{"href":"https:\/\/rebub.u-bordeaux.fr\/index.php\/wp-json\/wp\/v2\/media?parent=18649"}],"curies":[{"name":"wp","href":"https:\/\/api.w.org\/{rel}","templated":true}]}}