	{"id":18653,"date":"2024-03-22T09:34:03","date_gmt":"2024-03-22T08:34:03","guid":{"rendered":"https:\/\/rebub.u-bordeaux.fr\/?page_id=18653"},"modified":"2024-04-26T10:27:30","modified_gmt":"2024-04-26T08:27:30","slug":"identifier-et-corriger-les-doublons-de-notices-electroniques-dans-le-cadre-du-circuit-de-synchronisation-sudoc","status":"publish","type":"page","link":"https:\/\/rebub.u-bordeaux.fr\/index.php\/alma\/procedures\/documentation-electronique\/circuit-de-synchronisation-sudoc\/identifier-et-corriger-les-doublons-de-notices-electroniques-dans-le-cadre-du-circuit-de-synchronisation-sudoc\/","title":{"rendered":"Identifier et corriger les doublons de notices \u00e9lectroniques dans le cadre du circuit de synchronisation SUDOC"},"content":{"rendered":"<div id='wpig-floatingbar' class='wpig-floatingbar'><div id='wpig-switch-wrapper' class='wpig-switch-wrapper'><span id='wpig-floating-switch' class='wpig-floating-switch'><img src='https:\/\/rebub.u-bordeaux.fr\/wp-content\/plugins\/sticky-toc-advance-table-of-contents\/\\assets\\menu.png'><\/span><\/div><div id='wpig-contents' class='wpig-contents  wpig-sidebar-widget wpig-style-3'><span class='wpig-headline'>Table des mati\u00e8res<span><a data-action='show' class='wpig-btn-toggledisplay'>[ Show ]<\/a><\/span><\/span><!-- Table of Contents --><div id='wpig-table-of-content' class='wpig-table-of-content'><ol><li class='stoc-identifier-et-supprimer-les-notices-sans-inventaires'><a href='#stoc-identifier-et-supprimer-les-notices-sans-inventaires'>Identifier et supprimer les notices sans inventaires<\/a><\/li><li class='stoc-identifier-les-doublons'><a href='#stoc-identifier-les-doublons'>Identifier les doublons<\/a><ol><li class='stoc-analyse-de-titre-duplique'><a href='#stoc-analyse-de-titre-duplique'>Analyse de titre dupliqu\u00e9<\/a><\/li><li class='stoc-analyse-du-rapport-des-titres-dupliques'><a href='#stoc-analyse-du-rapport-des-titres-dupliques'>Analyse du rapport des titres dupliqu\u00e9s<\/a><\/li><\/ol><li class='stoc-analyse-des-anomalies'><a href='#stoc-analyse-des-anomalies'>Analyse des anomalies<\/a><\/li><li class='stoc-copie-des-notices-de-la-cz'><a href='#stoc-copie-des-notices-de-la-cz'>Copie des notices de la CZ<\/a><\/li><li class='stoc-fusionner-les-notices'><a href='#stoc-fusionner-les-notices'>Fusionner les notices :<\/a><\/li><li class='stoc-recharger-les-notices-sudoc'><a href='#stoc-recharger-les-notices-sudoc'>Recharger les notices SUDOC<\/a><\/li><\/ol><\/li><\/div><!-- END OF Table of Contents --><\/div><\/div><p><div id='wpig-contents' class='wpig-contents  wpig-sidebar-widget wpig-style-1'><span class='wpig-headline'>Table des mati\u00e8res<span><a data-action='show' class='wpig-btn-toggledisplay'>[ Show ]<\/a><\/span><\/span><!-- Table of Contents --><div id='wpig-table-of-content' class='wpig-table-of-content' ><ol><li class='stoc-identifier-et-supprimer-les-notices-sans-inventaires'><a href='#stoc-identifier-et-supprimer-les-notices-sans-inventaires'>Identifier et supprimer les notices sans inventaires<\/a><\/li><li class='stoc-identifier-les-doublons'><a href='#stoc-identifier-les-doublons'>Identifier les doublons<\/a><ol><li class='stoc-analyse-de-titre-duplique'><a href='#stoc-analyse-de-titre-duplique'>Analyse de titre dupliqu\u00e9<\/a><\/li><li class='stoc-analyse-du-rapport-des-titres-dupliques'><a href='#stoc-analyse-du-rapport-des-titres-dupliques'>Analyse du rapport des titres dupliqu\u00e9s<\/a><\/li><\/ol><li class='stoc-analyse-des-anomalies'><a href='#stoc-analyse-des-anomalies'>Analyse des anomalies<\/a><\/li><li class='stoc-copie-des-notices-de-la-cz'><a href='#stoc-copie-des-notices-de-la-cz'>Copie des notices de la CZ<\/a><\/li><li class='stoc-fusionner-les-notices'><a href='#stoc-fusionner-les-notices'>Fusionner les notices :<\/a><\/li><li class='stoc-recharger-les-notices-sudoc'><a href='#stoc-recharger-les-notices-sudoc'>Recharger les notices SUDOC<\/a><\/li><\/ol><\/li><\/div><!-- END OF Table of Contents --><\/div><\/p>\n<p>\u00c0 cause de notre topologie r\u00e9seau, de nombreux doublons de notices  bibliographiques sont cr\u00e9\u00e9s dans le cadre du circuit de synchronisation SUDOC. En effet, lorsqu&rsquo;un \u00e9tablissement a synchronis\u00e9 un portfolio, la notice li\u00e9e est copi\u00e9e dans la zone r\u00e9seau. Si un autre \u00e9tablissement active le m\u00eame portfolio, celui-ci restera li\u00e9 \u00e0 une notice de la CZ. S&rsquo;il synchronise l&rsquo;inventaire, la notice SUDOC sera rejet\u00e9e pour cause de multimatch. <\/p>\n\n\n\n<figure class=\"wp-block-image size-full\"><img decoding=\"async\" loading=\"lazy\" width=\"960\" height=\"540\" src=\"https:\/\/rebub.u-bordeaux.fr\/wp-content\/uploads\/2023\/07\/Synchro-SUDOC-Presentation-2-juin-2023-Version-definitive.png\" alt=\"\" class=\"wp-image-16602\" srcset=\"https:\/\/rebub.u-bordeaux.fr\/wp-content\/uploads\/2023\/07\/Synchro-SUDOC-Presentation-2-juin-2023-Version-definitive.png 960w, https:\/\/rebub.u-bordeaux.fr\/wp-content\/uploads\/2023\/07\/Synchro-SUDOC-Presentation-2-juin-2023-Version-definitive-300x169.png 300w, https:\/\/rebub.u-bordeaux.fr\/wp-content\/uploads\/2023\/07\/Synchro-SUDOC-Presentation-2-juin-2023-Version-definitive-768x432.png 768w\" sizes=\"(max-width: 960px) 100vw, 960px\" \/><\/figure>\n\n\n\n<p>La fusion ne peut pas \u00eatre r\u00e9alis\u00e9e via l&rsquo;\u00e9cran de r\u00e9solution des probl\u00e8mes d&rsquo;import, car Alma ne peut pas fusionner une notice de la CZ. Il est donc n\u00e9cessaire de g\u00e9rer massivement ces doublons via la proc\u00e9dure d\u00e9crite ci-dessous<\/p>\n\n\n\n<h2 id=\"stoc-identifier-et-supprimer-les-notices-sans-inventaires\" class=\"wpig-heading\">Identifier et supprimer les notices sans inventaires<\/h2>\n\n\n\n<ol>\n<li>Lancer le job <strong>\u00ab\u00a0<mark>Identifier<\/mark> les notices qui ne sont pas utilis\u00e9es dans le R\u00e9seau<\/strong>\u00a0\u00bb  pour le jeu de r\u00e9sultats <strong>\u00ab\u00a0Notices avec PPN (marc 21 et unimarc)\u00a0\u00bb<\/strong> avec les param\u00e8tres suivants :\n<ul>\n<li>Notices sans inventaire (physique, \u00e9lectronique, num\u00e9rique) : vrai<\/li>\n\n\n\n<li>Notices qui ne sont pas associ\u00e9es \u00e0 des collections&nbsp; : vrai <\/li>\n\n\n\n<li>Notices qui ne sont pas associ\u00e9es \u00e0 des lignes de commande&nbsp;: vrai<\/li>\n\n\n\n<li>Notices sans demande de ressource&nbsp;: vrai<\/li>\n\n\n\n<li>Notices sans demande PEB entrante : vrai<\/li>\n\n\n\n<li>Notices sans r\u00e9f\u00e9rences \u00e0 des listes de lecture : vrai&nbsp;<\/li>\n\n\n\n<li>Notices qui font partie d&rsquo;une relation&nbsp;: faux<\/li>\n<\/ul>\n<\/li>\n\n\n\n<li>Lancer le job <strong>\u00ab\u00a0Supprimer les notices bibliographiques\u00a0\u00bb<\/strong> sur le jeu de r\u00e9sultat obtenu via le pr\u00e9c\u00e9dent traitement.<\/li>\n<\/ol>\n\n\n\n<h2 id=\"stoc-identifier-les-doublons\" class=\"wpig-heading\">Identifier les doublons<\/h2>\n\n\n\n<h3 id=\"stoc-analyse-de-titre-duplique\" class=\"wpig-heading\">Analyse de titre dupliqu\u00e9<\/h3>\n\n\n\n<p>Aller dans Ressources&gt;Outils avanc\u00e9s&gt;Analyse de titre dupliqu\u00e9 et renseigner les param\u00e8tres ainsi :<\/p>\n\n\n\n<figure class=\"wp-block-image size-large\"><img decoding=\"async\" loading=\"lazy\" width=\"1024\" height=\"241\" src=\"https:\/\/rebub.u-bordeaux.fr\/wp-content\/uploads\/2023\/07\/Screenshot-2023-07-11-at-10-14-17-Analyse-de-titre-duplique-1024x241.png\" alt=\"\" class=\"wp-image-16604\" srcset=\"https:\/\/rebub.u-bordeaux.fr\/wp-content\/uploads\/2023\/07\/Screenshot-2023-07-11-at-10-14-17-Analyse-de-titre-duplique-1024x241.png 1024w, https:\/\/rebub.u-bordeaux.fr\/wp-content\/uploads\/2023\/07\/Screenshot-2023-07-11-at-10-14-17-Analyse-de-titre-duplique-300x71.png 300w, https:\/\/rebub.u-bordeaux.fr\/wp-content\/uploads\/2023\/07\/Screenshot-2023-07-11-at-10-14-17-Analyse-de-titre-duplique-768x181.png 768w, https:\/\/rebub.u-bordeaux.fr\/wp-content\/uploads\/2023\/07\/Screenshot-2023-07-11-at-10-14-17-Analyse-de-titre-duplique.png 1249w\" sizes=\"(max-width: 1024px) 100vw, 1024px\" \/><\/figure>\n\n\n\n<h3 id=\"stoc-analyse-du-rapport-des-titres-dupliques\" class=\"wpig-heading\">Analyse du rapport des titres dupliqu\u00e9s<\/h3>\n\n\n\n<p>Passer le rapport du traitement <strong>Analyse de titre dupliqu\u00e9<\/strong> au programme maison <a href=\"https:\/\/github.com\/louxfaure\/Alma_Fusion_Notices_DocElec\/blob\/main\/README.md\" data-type=\"URL\" data-id=\"https:\/\/github.com\/louxfaure\/Alma_Fusion_Notices_DocElec\/blob\/main\/README.md\">Alma_Fusion_Notices_DocElec<\/a>.<\/p>\n\n\n\n<p>Ce programme prend en entr\u00e9e le rapport fourni par le traitement Alma <strong>Analyse de titre dupliqu\u00e9<\/strong> (Ressources&gt;Outils avanc\u00e9s&gt;Analyse de titre dupliqu\u00e9). Il analyse les groupes identifi\u00e9s dans Alma et :<\/p>\n\n\n\n<ul>\n<li>Exclut les groupes de notices qui ne sont pas des notices \u00e9lectroniques ou des notices marc21.<\/li>\n\n\n\n<li>Signale des groupes contenants :\n<ul>\n<li>\u00c0 la fois des notices de documents \u00e9lectroniques et de document sur un autre support (rapport <strong>liste_des_anomalies_sur_support<\/strong>)<\/li>\n\n\n\n<li>\u00e0 la fois des notices marc21 et des notices unimarc (rapport <strong>liste_des_anomalies_sur_format<\/strong>)<\/li>\n<\/ul>\n<\/li>\n\n\n\n<li>Identifie les notices de la CZ \u00e0 copier dans la NZ (<strong>liste_pour_reloc_NZ<\/strong>)<\/li>\n\n\n\n<li>Fournie la liste des PPN des notices \u00e0 recharger (<strong>liste_des_ppns<\/strong>)<\/li>\n\n\n\n<li>Pr\u00e9pare les fichiers pour le traitement Alma <strong>Fusionner les notices et combiner l&rsquo;inventaire<\/strong>\n<ul>\n<li>D\u00e9termine la notice pr\u00e9f\u00e9r\u00e9e : privil\u00e9gie la notice SUDOC<\/li>\n\n\n\n<li>Fait des lots de 100 groupes de doublons (le traitement de fusion est limit\u00e9 \u00e0 100 groupes de notices par fichier)<\/li>\n<\/ul>\n<\/li>\n<\/ul>\n\n\n\n<h2 id=\"stoc-analyse-des-anomalies\" class=\"wpig-heading\">Analyse des anomalies<\/h2>\n\n\n\n<p>Analyser et corriger les notices signal\u00e9es dans les rapports <strong>liste_des_anomalies_sur_support<\/strong>, <strong>liste_des_anomalies_sur_format<\/strong>.<\/p>\n\n\n\n<h2 id=\"stoc-copie-des-notices-de-la-cz\" class=\"wpig-heading\">Copie des notices de la CZ<\/h2>\n\n\n\n<ol>\n<li>Cr\u00e9er un jeu de r\u00e9sultat \u00e0 partir du rapport <strong>liste_pour_reloc_NZ<\/strong>.<\/li>\n\n\n\n<li>Exporter les notices en Marc21 via le traitement \u00ab\u00a0<strong>Exporter des notices bibliographiques<\/strong>\u00a0\u00bb <strong>:<\/strong>\n<ul>\n<li>Format physique : Binaire<\/li>\n\n\n\n<li>Format de sortie : Marc21 Bib<\/li>\n\n\n\n<li>Nombre de notices dans le fichier : 1 fichier<\/li>\n\n\n\n<li>Exporter dans le dossier : Priv\u00e9<\/li>\n<\/ul>\n<\/li>\n\n\n\n<li>Recharger les notices ainsi export\u00e9es  via le profil d&rsquo;import <strong>Copie local des Notices CZ<\/strong><\/li>\n<\/ol>\n\n\n\n<h2 id=\"stoc-fusionner-les-notices\" class=\"wpig-heading\">Fusionner les notices :<\/h2>\n\n\n\n<p>Passer tous les fichiers <strong>notices_a_fusionner <\/strong>au traitement <strong>Fusionner les notices et combiner l&rsquo;inventaire<\/strong> (Ressources&gt;Outils avanc\u00e9s) :<\/p>\n\n\n\n<ul>\n<li>Dans le nom de traitement, ajouter le num\u00e9ro du fichier trait\u00e9<\/li>\n\n\n\n<li>Choisir la routine de fusion&nbsp;:<strong> Importe seulement un champ 035<\/strong><\/li>\n<\/ul>\n\n\n\n<h2 id=\"stoc-recharger-les-notices-sudoc\" class=\"wpig-heading\">Recharger les notices SUDOC<\/h2>\n\n\n\n<ol>\n<li>Via Marc Edit et le client Z3950, utiliser le fichier <strong>liste_des_ppns<\/strong> pour r\u00e9cup\u00e9rer les notices du SUDOC<\/li>\n\n\n\n<li>Charger les notices dans Alma via le profil d&rsquo;import <strong>Import Notices Abes (Marc21) &#8211; Manuel<\/strong><\/li>\n<\/ol>\n\n\n\n<div class=\"is-layout-flex wp-container-6 wp-block-columns bord-bloc-reutilisable has-background\" style=\"background-color:#d9edf7\">\n<div class=\"is-layout-flow wp-block-column is-vertically-aligned-center\" style=\"font-size:15px;flex-basis:20%\">\n<p style=\"font-size:15px\"><strong>Date de publication<\/strong> <\/p>\n\n\n<div style=\"font-size:15px;\" class=\"wp-block-post-date\"><time datetime=\"2024-03-22T09:34:03+01:00\">22 mars 2024<\/time><\/div><\/div>\n\n\n\n<div class=\"is-layout-flow wp-block-column is-vertically-aligned-center\" style=\"font-size:15px;flex-basis:20%\">\n<p><strong>Mis \u00e0 jour le <\/strong><\/p>\n\n\n<div style=\"font-size:15px;\" class=\"wp-block-post-date\"><time datetime=\"2024-04-26T10:27:30+02:00\">26 avril 2024<\/time><\/div><\/div>\n\n\n\n<div class=\"is-layout-flow wp-block-column is-vertically-aligned-center\" style=\"font-size:15px;flex-basis:40%\">\n<p><\/p>\n\n\n\n<p><strong>Attention ! <\/strong>Certains \u00e9tablissements utilisent parfois de proc\u00e9dures compl\u00e9mentaires <\/p>\n<\/div>\n\n\n\n<div class=\"is-layout-flow wp-block-column is-vertically-aligned-center\" style=\"font-size:15px;flex-basis:25%\">\n<div class=\"is-horizontal is-content-justification-center is-layout-flex wp-container-4 wp-block-buttons alignfull has-custom-font-size\" style=\"font-size:16px\">\n<div class=\"wp-block-button has-custom-width wp-block-button__width-75 has-custom-font-size is-style-fill\" style=\"font-size:15px\"><a class=\"wp-block-button__link has-white-color has-text-color has-background wp-element-button\" href=\"mailto:scoop@u-bordeaux.fr\" style=\"border-radius:65px;background-color:#000000db\"><strong>Signaler une erreur<\/strong><\/a><\/div>\n<\/div>\n<\/div>\n<\/div>\n","protected":false},"excerpt":{"rendered":"<p>Table des mati\u00e8res[ Show ]Identifier et supprimer les notices sans inventairesIdentifier les doublonsAnalyse de titre dupliqu\u00e9Analyse du rapport des titres dupliqu\u00e9sAnalyse des anomaliesCopie des notices de la CZFusionner les notices :Recharger les notices SUDOC\u00c0 cause de notre topologie r\u00e9seau, de&#8230;<\/p>\n","protected":false},"author":2,"featured_media":0,"parent":18681,"menu_order":3,"comment_status":"closed","ping_status":"closed","template":"","meta":[],"post_mailing_queue_ids":[],"_links":{"self":[{"href":"https:\/\/rebub.u-bordeaux.fr\/index.php\/wp-json\/wp\/v2\/pages\/18653"}],"collection":[{"href":"https:\/\/rebub.u-bordeaux.fr\/index.php\/wp-json\/wp\/v2\/pages"}],"about":[{"href":"https:\/\/rebub.u-bordeaux.fr\/index.php\/wp-json\/wp\/v2\/types\/page"}],"author":[{"embeddable":true,"href":"https:\/\/rebub.u-bordeaux.fr\/index.php\/wp-json\/wp\/v2\/users\/2"}],"replies":[{"embeddable":true,"href":"https:\/\/rebub.u-bordeaux.fr\/index.php\/wp-json\/wp\/v2\/comments?post=18653"}],"version-history":[{"count":3,"href":"https:\/\/rebub.u-bordeaux.fr\/index.php\/wp-json\/wp\/v2\/pages\/18653\/revisions"}],"predecessor-version":[{"id":20509,"href":"https:\/\/rebub.u-bordeaux.fr\/index.php\/wp-json\/wp\/v2\/pages\/18653\/revisions\/20509"}],"up":[{"embeddable":true,"href":"https:\/\/rebub.u-bordeaux.fr\/index.php\/wp-json\/wp\/v2\/pages\/18681"}],"wp:attachment":[{"href":"https:\/\/rebub.u-bordeaux.fr\/index.php\/wp-json\/wp\/v2\/media?parent=18653"}],"curies":[{"name":"wp","href":"https:\/\/api.w.org\/{rel}","templated":true}]}}