	{"id":18655,"date":"2024-03-22T09:34:10","date_gmt":"2024-03-22T08:34:10","guid":{"rendered":"https:\/\/rebub.u-bordeaux.fr\/?page_id=18655"},"modified":"2024-04-26T12:06:13","modified_gmt":"2024-04-26T10:06:13","slug":"reconstitution-des-statuts-demandes","status":"publish","type":"page","link":"https:\/\/rebub.u-bordeaux.fr\/index.php\/alma\/procedures\/documentation-electronique\/acquisition-a-deplacer-vers-acquisiton\/reconstitution-des-statuts-demandes\/","title":{"rendered":"Reconstitution des statuts demand\u00e9s"},"content":{"rendered":"<div id='wpig-floatingbar' class='wpig-floatingbar'><div id='wpig-switch-wrapper' class='wpig-switch-wrapper'><span id='wpig-floating-switch' class='wpig-floating-switch'><img src='https:\/\/rebub.u-bordeaux.fr\/wp-content\/plugins\/sticky-toc-advance-table-of-contents\/\\assets\\menu.png'><\/span><\/div><div id='wpig-contents' class='wpig-contents  wpig-sidebar-widget wpig-style-3'><span class='wpig-headline'>Table des mati\u00e8res<span><a data-action='show' class='wpig-btn-toggledisplay'>[ Show ]<\/a><\/span><\/span><!-- Table of Contents --><div id='wpig-table-of-content' class='wpig-table-of-content'><ol><li class='ressources_en_test'><a href='#ressources_en_test'>Ressources en test<\/a><\/li><li class='ressources_souscrites'><a href='#ressources_souscrites'>Ressources souscrites<\/a><ol><li class='abonnement_arrete_-_acces_annees_souscrites'><a href='#abonnement_arrete_-_acces_annees_souscrites'>Abonnement arr\u00eat\u00e9 &#8211; acc\u00e8s ann\u00e9es souscrites<\/a><\/li><li class='achat_perenne'><a href='#achat_perenne'>Achat p\u00e9renne<\/a><\/li><\/ol><li class='ressources_desactivees'><a href='#ressources_desactivees'>Ressources d\u00e9sactiv\u00e9es<\/a><ol><li class='bouquet_annuel_inactif_-_poursuivi_par_un_autre_bouquet'><a href='#bouquet_annuel_inactif_-_poursuivi_par_un_autre_bouquet'>Bouquet annuel inactif &#8211; poursuivi par un autre bouquet<\/a><\/li><li class='abonnement_arrete_-_aucun_acces'><a href='#abonnement_arrete_-_aucun_acces'>Abonnement arr\u00eat\u00e9 &#8211; aucun acc\u00e8s<\/a><\/li><\/ol><li class='ressources_inactives'><a href='#ressources_inactives'>Ressources inactives<\/a><ol><li class='ressource_testee_mais_non-acquise'><a href='#ressource_testee_mais_non-acquise'>Ressource test\u00e9e mais non-acquise<\/a><\/li><li class='ressource_jamais_testee_ni_activee'><a href='#ressource_jamais_testee_ni_activee'>Ressource jamais test\u00e9e ni activ\u00e9e<\/a><\/li><\/ol><\/li><\/li><\/li><\/div><!-- END OF Table of Contents --><\/div><\/div><p><div id='wpig-contents' class='wpig-contents  wpig-sidebar-widget wpig-style-1'><span class='wpig-headline'>Table des mati\u00e8res<span><a data-action='show' class='wpig-btn-toggledisplay'>[ Show ]<\/a><\/span><\/span><!-- Table of Contents --><div id='wpig-table-of-content' class='wpig-table-of-content' ><ol><li class='ressources_en_test'><a href='#ressources_en_test'>Ressources en test<\/a><\/li><li class='ressources_souscrites'><a href='#ressources_souscrites'>Ressources souscrites<\/a><ol><li class='abonnement_arrete_-_acces_annees_souscrites'><a href='#abonnement_arrete_-_acces_annees_souscrites'>Abonnement arr\u00eat\u00e9 &#8211; acc\u00e8s ann\u00e9es souscrites<\/a><\/li><li class='achat_perenne'><a href='#achat_perenne'>Achat p\u00e9renne<\/a><\/li><\/ol><li class='ressources_desactivees'><a href='#ressources_desactivees'>Ressources d\u00e9sactiv\u00e9es<\/a><ol><li class='bouquet_annuel_inactif_-_poursuivi_par_un_autre_bouquet'><a href='#bouquet_annuel_inactif_-_poursuivi_par_un_autre_bouquet'>Bouquet annuel inactif &#8211; poursuivi par un autre bouquet<\/a><\/li><li class='abonnement_arrete_-_aucun_acces'><a href='#abonnement_arrete_-_aucun_acces'>Abonnement arr\u00eat\u00e9 &#8211; aucun acc\u00e8s<\/a><\/li><\/ol><li class='ressources_inactives'><a href='#ressources_inactives'>Ressources inactives<\/a><ol><li class='ressource_testee_mais_non-acquise'><a href='#ressource_testee_mais_non-acquise'>Ressource test\u00e9e mais non-acquise<\/a><\/li><li class='ressource_jamais_testee_ni_activee'><a href='#ressource_jamais_testee_ni_activee'>Ressource jamais test\u00e9e ni activ\u00e9e<\/a><\/li><\/ol><\/li><\/li><\/li><\/div><!-- END OF Table of Contents --><\/div><\/p>\n<h2 id=\"ressources_en_test\" id=\"ressources_en_test\" class=\"wpig-heading\">Ressources en test<\/h2>\n\n\n\n<p>Liste disponible dans <strong>&lsquo;Acquisitions &gt; Lignes de commande &gt; G\u00e9rer les tests&rsquo;<\/strong><\/p>\n\n\n\n<h2 id=\"ressources_souscrites\" id=\"ressources_souscrites\" class=\"wpig-heading\">Ressources souscrites<\/h2>\n\n\n\n<p>Recherche dans l&rsquo;institution des collections \u00e9lectroniques avec<\/p>\n\n\n\n<ul>\n<li>titre : *<\/li>\n\n\n\n<li>disponibilit\u00e9 : disponible<\/li>\n<\/ul>\n\n\n\n<h3 id=\"abonnement_arrete_-_acces_annees_souscrites\" id=\"abonnement_arrete_-_acces_annees_souscrites\" class=\"wpig-heading\">Abonnement arr\u00eat\u00e9 &#8211; acc\u00e8s ann\u00e9es souscrites<\/h3>\n\n\n\n<p>La recherche directe n&rsquo;est pas possible. En passant par l&rsquo;analytique, on peut obtenir la liste des ressources actives<\/p>\n\n\n\n<ul>\n<li>avec le type d&rsquo;acc\u00e8s : p\u00e9renne<\/li>\n\n\n\n<li>dont la ligne de commande est : closed<\/li>\n<\/ul>\n\n\n\n<p>Cette liste sera disponible dans les sets pr\u00e9par\u00e9s dans <strong>&lsquo;Admin &gt; G\u00e9rer les jeux de r\u00e9sultat&rsquo;<\/strong><\/p>\n\n\n\n<h3 id=\"achat_perenne\" id=\"achat_perenne\" class=\"wpig-heading\">Achat p\u00e9renne<\/h3>\n\n\n\n<p>Recherche avanc\u00e9e de collection : <strong>&lsquo;Type d&rsquo;acc\u00e8s \u00e0 la collection : \u00e9gale : p\u00e9renne&rsquo;<\/strong>.<\/p>\n\n\n\n<h2 id=\"ressources_desactivees\" id=\"ressources_desactivees\" class=\"wpig-heading\">Ressources d\u00e9sactiv\u00e9es<\/h2>\n\n\n\n<p>Recherche avanc\u00e9e des collections : disponibilit\u00e9 : \u00e9gale : indisponible<\/p>\n\n\n\n<h3 id=\"bouquet_annuel_inactif_-_poursuivi_par_un_autre_bouquet\" id=\"bouquet_annuel_inactif_-_poursuivi_par_un_autre_bouquet\" class=\"wpig-heading\">Bouquet annuel inactif &#8211; poursuivi par un autre bouquet<\/h3>\n\n\n\n<p>Recherche dans l&rsquo;institution des collections \u00e9lectroniques avec<\/p>\n\n\n\n<ul>\n<li>titre : *<\/li>\n\n\n\n<li>disponibilit\u00e9 : indisponible<\/li>\n\n\n\n<li>avec le type d&rsquo;acc\u00e8s : p\u00e9renne<\/li>\n<\/ul>\n\n\n\n<h3 id=\"abonnement_arrete_-_aucun_acces\" id=\"abonnement_arrete_-_aucun_acces\" class=\"wpig-heading\">Abonnement arr\u00eat\u00e9 &#8211; aucun acc\u00e8s<\/h3>\n\n\n\n<p>Recherche dans l&rsquo;institution des collections \u00e9lectroniques avec<\/p>\n\n\n\n<ul>\n<li>titre : *<\/li>\n\n\n\n<li>disponibilit\u00e9 : indisponible<\/li>\n\n\n\n<li>avec le type d&rsquo;acc\u00e8s : actuel<\/li>\n<\/ul>\n\n\n\n<h2 id=\"ressources_inactives\" id=\"ressources_inactives\" class=\"wpig-heading\">Ressources inactives<\/h2>\n\n\n\n<h3 id=\"ressource_testee_mais_non-acquise\" id=\"ressource_testee_mais_non-acquise\" class=\"wpig-heading\">Ressource test\u00e9e mais non-acquise<\/h3>\n\n\n\n<p>Test en cours. Dans <strong>&lsquo;Acquisitions &gt; Lignes de commande &gt; G\u00e9rer les tests&rsquo;<\/strong> il doit y avoir une facette &lsquo;ressource activ\u00e9e&rsquo;<\/p>\n\n\n\n<h3 id=\"ressource_jamais_testee_ni_activee\" id=\"ressource_jamais_testee_ni_activee\" class=\"wpig-heading\">Ressource jamais test\u00e9e ni activ\u00e9e<\/h3>\n\n\n\n<p>R\u00e9sultat de recherche dans la CZ sans aucune activation.<\/p>\n\n\n\n<div class=\"is-layout-flex wp-container-6 wp-block-columns bord-bloc-reutilisable has-background\" style=\"background-color:#d9edf7\">\n<div class=\"is-layout-flow wp-block-column is-vertically-aligned-center\" style=\"font-size:15px;flex-basis:20%\">\n<p style=\"font-size:15px\"><strong>Date de publication<\/strong> <\/p>\n\n\n<div style=\"font-size:15px;\" class=\"wp-block-post-date\"><time datetime=\"2024-03-22T09:34:10+01:00\">22 mars 2024<\/time><\/div><\/div>\n\n\n\n<div class=\"is-layout-flow wp-block-column is-vertically-aligned-center\" style=\"font-size:15px;flex-basis:20%\">\n<p><strong>Mis \u00e0 jour le <\/strong><\/p>\n\n\n<div style=\"font-size:15px;\" class=\"wp-block-post-date\"><time datetime=\"2024-04-26T12:06:13+02:00\">26 avril 2024<\/time><\/div><\/div>\n\n\n\n<div class=\"is-layout-flow wp-block-column is-vertically-aligned-center\" style=\"font-size:15px;flex-basis:40%\">\n<p><\/p>\n\n\n\n<p><strong>Attention ! <\/strong>Certains \u00e9tablissements utilisent parfois de proc\u00e9dures compl\u00e9mentaires <\/p>\n<\/div>\n\n\n\n<div class=\"is-layout-flow wp-block-column is-vertically-aligned-center\" style=\"font-size:15px;flex-basis:25%\">\n<div class=\"is-horizontal is-content-justification-center is-layout-flex wp-container-4 wp-block-buttons alignfull has-custom-font-size\" style=\"font-size:16px\">\n<div class=\"wp-block-button has-custom-width wp-block-button__width-75 has-custom-font-size is-style-fill\" style=\"font-size:15px\"><a class=\"wp-block-button__link has-white-color has-text-color has-background wp-element-button\" href=\"mailto:scoop@u-bordeaux.fr\" style=\"border-radius:65px;background-color:#000000db\"><strong>Signaler une erreur<\/strong><\/a><\/div>\n<\/div>\n<\/div>\n<\/div>\n","protected":false},"excerpt":{"rendered":"<p>Table des mati\u00e8res[ Show ]Ressources en testRessources souscritesAbonnement arr\u00eat\u00e9 &#8211; acc\u00e8s ann\u00e9es souscritesAchat p\u00e9renneRessources d\u00e9sactiv\u00e9esBouquet annuel inactif &#8211; poursuivi par un autre bouquetAbonnement arr\u00eat\u00e9 &#8211; aucun acc\u00e8sRessources inactivesRessource test\u00e9e mais non-acquiseRessource jamais test\u00e9e ni activ\u00e9eRessources en test Liste disponible dans&#8230;<\/p>\n","protected":false},"author":46,"featured_media":0,"parent":18612,"menu_order":5,"comment_status":"closed","ping_status":"closed","template":"","meta":[],"post_mailing_queue_ids":[],"_links":{"self":[{"href":"https:\/\/rebub.u-bordeaux.fr\/index.php\/wp-json\/wp\/v2\/pages\/18655"}],"collection":[{"href":"https:\/\/rebub.u-bordeaux.fr\/index.php\/wp-json\/wp\/v2\/pages"}],"about":[{"href":"https:\/\/rebub.u-bordeaux.fr\/index.php\/wp-json\/wp\/v2\/types\/page"}],"author":[{"embeddable":true,"href":"https:\/\/rebub.u-bordeaux.fr\/index.php\/wp-json\/wp\/v2\/users\/46"}],"replies":[{"embeddable":true,"href":"https:\/\/rebub.u-bordeaux.fr\/index.php\/wp-json\/wp\/v2\/comments?post=18655"}],"version-history":[{"count":3,"href":"https:\/\/rebub.u-bordeaux.fr\/index.php\/wp-json\/wp\/v2\/pages\/18655\/revisions"}],"predecessor-version":[{"id":20540,"href":"https:\/\/rebub.u-bordeaux.fr\/index.php\/wp-json\/wp\/v2\/pages\/18655\/revisions\/20540"}],"up":[{"embeddable":true,"href":"https:\/\/rebub.u-bordeaux.fr\/index.php\/wp-json\/wp\/v2\/pages\/18612"}],"wp:attachment":[{"href":"https:\/\/rebub.u-bordeaux.fr\/index.php\/wp-json\/wp\/v2\/media?parent=18655"}],"curies":[{"name":"wp","href":"https:\/\/api.w.org\/{rel}","templated":true}]}}