	{"id":18658,"date":"2024-03-22T09:34:25","date_gmt":"2024-03-22T08:34:25","guid":{"rendered":"https:\/\/rebub.u-bordeaux.fr\/?page_id=18658"},"modified":"2024-04-26T14:33:50","modified_gmt":"2024-04-26T12:33:50","slug":"connaitre-les-dates-de-mise-a-jour-des-bouquets","status":"publish","type":"page","link":"https:\/\/rebub.u-bordeaux.fr\/index.php\/alma\/procedures\/documentation-electronique\/controles\/connaitre-les-dates-de-mise-a-jour-des-bouquets\/","title":{"rendered":"Conna\u00eetre les dates de mise \u00e0 jour des bouquets"},"content":{"rendered":"<div id='wpig-floatingbar' class='wpig-floatingbar'><div id='wpig-switch-wrapper' class='wpig-switch-wrapper'><span id='wpig-floating-switch' class='wpig-floating-switch'><img src='https:\/\/rebub.u-bordeaux.fr\/wp-content\/plugins\/sticky-toc-advance-table-of-contents\/\\assets\\menu.png'><\/span><\/div><div id='wpig-contents' class='wpig-contents  wpig-sidebar-widget wpig-style-3'><span class='wpig-headline'>Table des mati\u00e8res<span><a data-action='show' class='wpig-btn-toggledisplay'>[ Show ]<\/a><\/span><\/span><!-- Table of Contents --><div id='wpig-table-of-content' class='wpig-table-of-content'><ol><li class='pour_un_bouquet_active_dans_l_institution'><a href='#pour_un_bouquet_active_dans_l_institution'>Pour un bouquet activ\u00e9 dans l&rsquo;institution<\/a><\/li><li class='pour_un_bouquet_non_active_dans_l_institution'><a href='#pour_un_bouquet_non_active_dans_l_institution'>Pour un bouquet non activ\u00e9 dans l&rsquo;institution<\/a><\/li><\/div><!-- END OF Table of Contents --><\/div><\/div><p><div id='wpig-contents' class='wpig-contents  wpig-sidebar-widget wpig-style-1'><span class='wpig-headline'>Table des mati\u00e8res<span><a data-action='show' class='wpig-btn-toggledisplay'>[ Show ]<\/a><\/span><\/span><!-- Table of Contents --><div id='wpig-table-of-content' class='wpig-table-of-content' ><ol><li class='pour_un_bouquet_active_dans_l_institution'><a href='#pour_un_bouquet_active_dans_l_institution'>Pour un bouquet activ\u00e9 dans l&rsquo;institution<\/a><\/li><li class='pour_un_bouquet_non_active_dans_l_institution'><a href='#pour_un_bouquet_non_active_dans_l_institution'>Pour un bouquet non activ\u00e9 dans l&rsquo;institution<\/a><\/li><\/div><!-- END OF Table of Contents --><\/div><\/p>\n<h2 id=\"pour_un_bouquet_active_dans_l_institution\" id=\"pour_un_bouquet_active_dans_l_institution\" class=\"wpig-heading\">Pour un bouquet activ\u00e9 dans l&rsquo;institution<\/h2>\n\n\n\n<p>Dans le menu &lsquo;Ressource&gt;G\u00e9rer l&rsquo;inventaire&gt;Liste des t\u00e2ches de mise \u00e0 jour de la zone de communat\u00e9&rsquo;. Il est possible de filtrer par nom de collection : on a alors la liste des modifications apport\u00e9es dans la base et dans les portefolios associ\u00e9s dans l&rsquo;intervalle de dates choisi.<\/p>\n\n\n\n<h2 id=\"pour_un_bouquet_non_active_dans_l_institution\" id=\"pour_un_bouquet_non_active_dans_l_institution\" class=\"wpig-heading\">Pour un bouquet non activ\u00e9 dans l&rsquo;institution<\/h2>\n\n\n\n<p>Pour le moment, je n&rsquo;ai pas trouv\u00e9 d&rsquo;autre solution que d&rsquo;extraire la liste des portefolios (export simple excel (vue actuelle)) et de trier par date de modification la liste obtenue.<\/p>\n\n\n\n<div class=\"is-layout-flex wp-container-6 wp-block-columns bord-bloc-reutilisable has-background\" style=\"background-color:#d9edf7\">\n<div class=\"is-layout-flow wp-block-column is-vertically-aligned-center\" style=\"font-size:15px;flex-basis:20%\">\n<p style=\"font-size:15px\"><strong>Date de publication<\/strong> <\/p>\n\n\n<div style=\"font-size:15px;\" class=\"wp-block-post-date\"><time datetime=\"2024-03-22T09:34:25+01:00\">22 mars 2024<\/time><\/div><\/div>\n\n\n\n<div class=\"is-layout-flow wp-block-column is-vertically-aligned-center\" style=\"font-size:15px;flex-basis:20%\">\n<p><strong>Mis \u00e0 jour le <\/strong><\/p>\n\n\n<div style=\"font-size:15px;\" class=\"wp-block-post-date\"><time datetime=\"2024-04-26T14:33:50+02:00\">26 avril 2024<\/time><\/div><\/div>\n\n\n\n<div class=\"is-layout-flow wp-block-column is-vertically-aligned-center\" style=\"font-size:15px;flex-basis:40%\">\n<p><\/p>\n\n\n\n<p><strong>Attention ! <\/strong>Certains \u00e9tablissements utilisent parfois de proc\u00e9dures compl\u00e9mentaires <\/p>\n<\/div>\n\n\n\n<div class=\"is-layout-flow wp-block-column is-vertically-aligned-center\" style=\"font-size:15px;flex-basis:25%\">\n<div class=\"is-horizontal is-content-justification-center is-layout-flex wp-container-4 wp-block-buttons alignfull has-custom-font-size\" style=\"font-size:16px\">\n<div class=\"wp-block-button has-custom-width wp-block-button__width-75 has-custom-font-size is-style-fill\" style=\"font-size:15px\"><a class=\"wp-block-button__link has-white-color has-text-color has-background wp-element-button\" href=\"mailto:scoop@u-bordeaux.fr\" style=\"border-radius:65px;background-color:#000000db\"><strong>Signaler une erreur<\/strong><\/a><\/div>\n<\/div>\n<\/div>\n<\/div>\n","protected":false},"excerpt":{"rendered":"<p>Table des mati\u00e8res[ Show ]Pour un bouquet activ\u00e9 dans l&rsquo;institutionPour un bouquet non activ\u00e9 dans l&rsquo;institutionPour un bouquet activ\u00e9 dans l&rsquo;institution Dans le menu &lsquo;Ressource&gt;G\u00e9rer l&rsquo;inventaire&gt;Liste des t\u00e2ches de mise \u00e0 jour de la zone de communat\u00e9&rsquo;. Il est possible&#8230;<\/p>\n","protected":false},"author":46,"featured_media":0,"parent":18670,"menu_order":2,"comment_status":"closed","ping_status":"closed","template":"","meta":[],"post_mailing_queue_ids":[],"_links":{"self":[{"href":"https:\/\/rebub.u-bordeaux.fr\/index.php\/wp-json\/wp\/v2\/pages\/18658"}],"collection":[{"href":"https:\/\/rebub.u-bordeaux.fr\/index.php\/wp-json\/wp\/v2\/pages"}],"about":[{"href":"https:\/\/rebub.u-bordeaux.fr\/index.php\/wp-json\/wp\/v2\/types\/page"}],"author":[{"embeddable":true,"href":"https:\/\/rebub.u-bordeaux.fr\/index.php\/wp-json\/wp\/v2\/users\/46"}],"replies":[{"embeddable":true,"href":"https:\/\/rebub.u-bordeaux.fr\/index.php\/wp-json\/wp\/v2\/comments?post=18658"}],"version-history":[{"count":3,"href":"https:\/\/rebub.u-bordeaux.fr\/index.php\/wp-json\/wp\/v2\/pages\/18658\/revisions"}],"predecessor-version":[{"id":20573,"href":"https:\/\/rebub.u-bordeaux.fr\/index.php\/wp-json\/wp\/v2\/pages\/18658\/revisions\/20573"}],"up":[{"embeddable":true,"href":"https:\/\/rebub.u-bordeaux.fr\/index.php\/wp-json\/wp\/v2\/pages\/18670"}],"wp:attachment":[{"href":"https:\/\/rebub.u-bordeaux.fr\/index.php\/wp-json\/wp\/v2\/media?parent=18658"}],"curies":[{"name":"wp","href":"https:\/\/api.w.org\/{rel}","templated":true}]}}