	{"id":18660,"date":"2024-03-22T09:34:08","date_gmt":"2024-03-22T08:34:08","guid":{"rendered":"https:\/\/rebub.u-bordeaux.fr\/?page_id=18660"},"modified":"2024-04-26T12:00:43","modified_gmt":"2024-04-26T10:00:43","slug":"les-types-de-ligne-de-commande","status":"publish","type":"page","link":"https:\/\/rebub.u-bordeaux.fr\/index.php\/alma\/procedures\/documentation-electronique\/acquisition-a-deplacer-vers-acquisiton\/les-types-de-ligne-de-commande\/","title":{"rendered":"Les types de ligne de commande"},"content":{"rendered":"<div id='wpig-floatingbar' class='wpig-floatingbar'><div id='wpig-switch-wrapper' class='wpig-switch-wrapper'><span id='wpig-floating-switch' class='wpig-floating-switch'><img src='https:\/\/rebub.u-bordeaux.fr\/wp-content\/plugins\/sticky-toc-advance-table-of-contents\/\\assets\\menu.png'><\/span><\/div><\/div><p><\/p>\n<h2 id=\"pour_la_documentation_electronique\" id=\"pour_la_documentation_electronique\" class=\"wpig-heading\">Pour la documentation \u00e9lectronique<\/h2>\n\n\n\n<figure class=\"wp-block-table\"><table><thead><tr><th>Activ\u00e9<\/th><th>Code<\/th><th>Description<\/th><th>Continuit\u00e9<\/th><th>Inventaire<\/th><th>Type acquisition<\/th><\/tr><\/thead><tbody><tr><td>Oui<\/td><td>ACCESS_SERVICE_CO<\/td><td>Service d&rsquo;acc\u00e8s &#8211; Abonnement<\/td><td>Continue<\/td><td>G\u00e9n\u00e9rique<\/td><td>Service<\/td><\/tr><tr><td>Oui<\/td><td>DB_SERVICE_OT<\/td><td>Service de base de donn\u00e9es &#8211; Achat ponctuel<\/td><td>Ponctuelle<\/td><td>G\u00e9n\u00e9rique<\/td><td>Service<\/td><\/tr><tr><td>Oui<\/td><td>E_BOOK_CO<\/td><td>Livre \u00e9lectronique &#8211; Abonnement<\/td><td>Continue<\/td><td>\u00c9lectronique<\/td><td>Livre<\/td><\/tr><tr><td>Oui<\/td><td>E_BOOK_OT<\/td><td>Livre \u00e9lectronique &#8211; Achat ponctuel<\/td><td>Ponctuelle<\/td><td>\u00c9lectronique<\/td><td>Livre<\/td><\/tr><tr><td>Oui<\/td><td>E_JOURNAL_CO<\/td><td>P\u00e9riodique \u00e9lectronique &#8211; Abonnement<\/td><td>Continue<\/td><td>\u00c9lectronique<\/td><td>P\u00e9riodique<\/td><\/tr><tr><td>Oui<\/td><td>E_JOURNAL_OT<\/td><td>P\u00e9riodique \u00e9lectronique &#8211; Achat ponctuel<\/td><td>Ponctuelle<\/td><td>\u00c9lectronique<\/td><td>P\u00e9riodique<\/td><\/tr><tr><td>Oui<\/td><td>ELECTRONIC_COLLECTION_CO<\/td><td>Collection \u00e9lectronique &#8211; Abonnement<\/td><td>Continue<\/td><td>\u00c9lectronique<\/td><td>Bouquet<\/td><\/tr><tr><td>Oui<\/td><td>ELECTRONIC_COLLECTION_OT<\/td><td>Collection \u00e9lectronique &#8211; Achat ponctuel<\/td><td>Ponctuelle<\/td><td>\u00c9lectronique<\/td><td>Bouquet<\/td><\/tr><tr><td>Oui<\/td><td>REMOTE_CF_CO<\/td><td>Fichier d&rsquo;ordinateur distant &#8211; Abonnement<\/td><td>Continue<\/td><td>\u00c9lectronique<\/td><td>Fichier d&rsquo;ordinateur<\/td><\/tr><tr><td>Oui<\/td><td>REMOTE_CF_OT<\/td><td>Fichier d&rsquo;ordinateur distant &#8211; Achat ponctuel<\/td><td>Ponctuelle<\/td><td>\u00c9lectronique<\/td><td>Fichier d&rsquo;ordinateur<\/td><\/tr><tr><td>Non<\/td><td>E_BOOK_SO<\/td><td>Livre \u00e9lectronique &#8211; Commande permanente<\/td><td>Commande permanente<\/td><td>\u00c9lectronique<\/td><td>Livre<\/td><\/tr><tr><td>Non<\/td><td>ELECTRONIC_SO<\/td><td>Ressource \u00e9lectronique &#8211; Commande permanente<\/td><td>Commande permanente<\/td><td>\u00c9lectronique<\/td><td>Livre<\/td><\/tr><tr><td>Non<\/td><td>ELECTRONIC_TITLE_CO<\/td><td>Titre \u00e9lectronique &#8211; Abonnement<\/td><td>Continue<\/td><td>\u00c9lectronique<\/td><td>P\u00e9riodique<\/td><\/tr><tr><td>Non<\/td><td>ELECTRONIC_TITLE_OT<\/td><td>Titre \u00e9lectronique &#8211; Achat ponctuel<\/td><td>Ponctuelle<\/td><td>\u00c9lectronique<\/td><td>Livre<\/td><\/tr><\/tbody><\/table><\/figure>\n\n\n\n<div class=\"is-layout-flex wp-container-6 wp-block-columns bord-bloc-reutilisable has-background\" style=\"background-color:#d9edf7\">\n<div class=\"is-layout-flow wp-block-column is-vertically-aligned-center\" style=\"font-size:15px;flex-basis:20%\">\n<p style=\"font-size:15px\"><strong>Date de publication<\/strong> <\/p>\n\n\n<div style=\"font-size:15px;\" class=\"wp-block-post-date\"><time datetime=\"2024-03-22T09:34:08+01:00\">22 mars 2024<\/time><\/div><\/div>\n\n\n\n<div class=\"is-layout-flow wp-block-column is-vertically-aligned-center\" style=\"font-size:15px;flex-basis:20%\">\n<p><strong>Mis \u00e0 jour le <\/strong><\/p>\n\n\n<div style=\"font-size:15px;\" class=\"wp-block-post-date\"><time datetime=\"2024-04-26T12:00:43+02:00\">26 avril 2024<\/time><\/div><\/div>\n\n\n\n<div class=\"is-layout-flow wp-block-column is-vertically-aligned-center\" style=\"font-size:15px;flex-basis:40%\">\n<p><\/p>\n\n\n\n<p><strong>Attention ! <\/strong>Certains \u00e9tablissements utilisent parfois de proc\u00e9dures compl\u00e9mentaires <\/p>\n<\/div>\n\n\n\n<div class=\"is-layout-flow wp-block-column is-vertically-aligned-center\" style=\"font-size:15px;flex-basis:25%\">\n<div class=\"is-horizontal is-content-justification-center is-layout-flex wp-container-4 wp-block-buttons alignfull has-custom-font-size\" style=\"font-size:16px\">\n<div class=\"wp-block-button has-custom-width wp-block-button__width-75 has-custom-font-size is-style-fill\" style=\"font-size:15px\"><a class=\"wp-block-button__link has-white-color has-text-color has-background wp-element-button\" href=\"mailto:scoop@u-bordeaux.fr\" style=\"border-radius:65px;background-color:#000000db\"><strong>Signaler une erreur<\/strong><\/a><\/div>\n<\/div>\n<\/div>\n<\/div>\n","protected":false},"excerpt":{"rendered":"<p>Pour la documentation \u00e9lectronique Activ\u00e9 Code Description Continuit\u00e9 Inventaire Type acquisition Oui ACCESS_SERVICE_CO Service d&rsquo;acc\u00e8s &#8211; Abonnement Continue G\u00e9n\u00e9rique Service Oui DB_SERVICE_OT Service de base de donn\u00e9es &#8211; Achat ponctuel Ponctuelle G\u00e9n\u00e9rique Service Oui E_BOOK_CO Livre \u00e9lectronique &#8211; Abonnement Continue&#8230;<\/p>\n","protected":false},"author":46,"featured_media":0,"parent":18612,"menu_order":3,"comment_status":"closed","ping_status":"closed","template":"","meta":[],"post_mailing_queue_ids":[],"_links":{"self":[{"href":"https:\/\/rebub.u-bordeaux.fr\/index.php\/wp-json\/wp\/v2\/pages\/18660"}],"collection":[{"href":"https:\/\/rebub.u-bordeaux.fr\/index.php\/wp-json\/wp\/v2\/pages"}],"about":[{"href":"https:\/\/rebub.u-bordeaux.fr\/index.php\/wp-json\/wp\/v2\/types\/page"}],"author":[{"embeddable":true,"href":"https:\/\/rebub.u-bordeaux.fr\/index.php\/wp-json\/wp\/v2\/users\/46"}],"replies":[{"embeddable":true,"href":"https:\/\/rebub.u-bordeaux.fr\/index.php\/wp-json\/wp\/v2\/comments?post=18660"}],"version-history":[{"count":3,"href":"https:\/\/rebub.u-bordeaux.fr\/index.php\/wp-json\/wp\/v2\/pages\/18660\/revisions"}],"predecessor-version":[{"id":20536,"href":"https:\/\/rebub.u-bordeaux.fr\/index.php\/wp-json\/wp\/v2\/pages\/18660\/revisions\/20536"}],"up":[{"embeddable":true,"href":"https:\/\/rebub.u-bordeaux.fr\/index.php\/wp-json\/wp\/v2\/pages\/18612"}],"wp:attachment":[{"href":"https:\/\/rebub.u-bordeaux.fr\/index.php\/wp-json\/wp\/v2\/media?parent=18660"}],"curies":[{"name":"wp","href":"https:\/\/api.w.org\/{rel}","templated":true}]}}