	{"id":18667,"date":"2024-03-22T09:33:53","date_gmt":"2024-03-22T08:33:53","guid":{"rendered":"https:\/\/rebub.u-bordeaux.fr\/?page_id=18667"},"modified":"2024-04-26T09:58:35","modified_gmt":"2024-04-26T07:58:35","slug":"activation-des-ressources-au-titre-a-titre","status":"publish","type":"page","link":"https:\/\/rebub.u-bordeaux.fr\/index.php\/alma\/procedures\/documentation-electronique\/portfolios-collections\/activation-des-ressources-au-titre-a-titre\/","title":{"rendered":"Activation des ressources au titre \u00e0 titre"},"content":{"rendered":"<div id='wpig-floatingbar' class='wpig-floatingbar'><div id='wpig-switch-wrapper' class='wpig-switch-wrapper'><span id='wpig-floating-switch' class='wpig-floating-switch'><img src='https:\/\/rebub.u-bordeaux.fr\/wp-content\/plugins\/sticky-toc-advance-table-of-contents\/\\assets\\menu.png'><\/span><\/div><div id='wpig-contents' class='wpig-contents  wpig-sidebar-widget wpig-style-3'><span class='wpig-headline'>Table des mati\u00e8res<span><a data-action='show' class='wpig-btn-toggledisplay'>[ Show ]<\/a><\/span><\/span><!-- Table of Contents --><div id='wpig-table-of-content' class='wpig-table-of-content'><ol><li class='rappel_des_objectifs'><a href='#rappel_des_objectifs'>Rappel des objectifs<\/a><\/li><li class='cas_particulierles_theses_et_memoires_electroniques_de_l_etablissement'><a href='#cas_particulierles_theses_et_memoires_electroniques_de_l_etablissement'>Cas particulier : les th\u00e8ses et m\u00e9moires \u00e9lectroniques de l&rsquo;\u00e9tablissement<\/a><\/li><li class='stoc-une-adresse-un-service'><a href='#stoc-une-adresse-un-service'>Une adresse = un service<\/a><\/li><\/ol><\/div><!-- END OF Table of Contents --><\/div><\/div><p><div id='wpig-contents' class='wpig-contents  wpig-sidebar-widget wpig-style-1'><span class='wpig-headline'>Table des mati\u00e8res<span><a data-action='show' class='wpig-btn-toggledisplay'>[ Show ]<\/a><\/span><\/span><!-- Table of Contents --><div id='wpig-table-of-content' class='wpig-table-of-content' ><ol><li class='rappel_des_objectifs'><a href='#rappel_des_objectifs'>Rappel des objectifs<\/a><\/li><li class='cas_particulierles_theses_et_memoires_electroniques_de_l_etablissement'><a href='#cas_particulierles_theses_et_memoires_electroniques_de_l_etablissement'>Cas particulier : les th\u00e8ses et m\u00e9moires \u00e9lectroniques de l&rsquo;\u00e9tablissement<\/a><\/li><li class='stoc-une-adresse-un-service'><a href='#stoc-une-adresse-un-service'>Une adresse = un service<\/a><\/li><\/ol><\/div><!-- END OF Table of Contents --><\/div><\/p>\n<p>La gestion des titres isol\u00e9es de ressources \u00e9lectroniques peut prendre diff\u00e9rentes formes selon les besoins de gestion.<\/p>\n\n\n\n<h2 id=\"rappel_des_objectifs\" id=\"rappel_des_objectifs\" class=\"wpig-heading\">Rappel des objectifs<\/h2>\n\n\n\n<ul>\n<li>Le titre doit pouvoir \u00eatre retrouv\u00e9 simplement<\/li>\n\n\n\n<li>Il doit \u00eatre possible d&rsquo;obtenir une liste des titres de ce type g\u00e9r\u00e9s individuellement<\/li>\n\n\n\n<li>Un chargement de donn\u00e9es statistiques \u00e9diteur doit rester possible<\/li>\n\n\n\n<li>L&rsquo;association de donn\u00e9es de co\u00fbt doit se faire au niveau du titre et non de la plateforme<\/li>\n\n\n\n<li>Il doit \u00eatre possible d&rsquo;associer \u00e0 ces titres des notices SUDOC compl\u00e8tes et mises \u00e0 jour<\/li>\n<\/ul>\n\n\n\n<h2 id=\"cas_particulierles_theses_et_memoires_electroniques_de_l_etablissement\" id=\"cas_particulierles_theses_et_memoires_electroniques_de_l_etablissement\" class=\"wpig-heading\">Cas particulier : les th\u00e8ses et m\u00e9moires \u00e9lectroniques de l&rsquo;\u00e9tablissement<\/h2>\n\n\n\n<div class=\"is-layout-flex wp-container-3 wp-block-columns bord-bloc-reutilisable has-background\" style=\"background-color:#ffeec2\">\n<div class=\"is-layout-flow wp-block-column is-vertically-aligned-center\" style=\"flex-basis:7%\">\n<figure class=\"wp-block-image alignfull size-full is-style-default\"><img decoding=\"async\" loading=\"lazy\" width=\"512\" height=\"512\" src=\"https:\/\/rebub.u-bordeaux.fr\/wp-content\/uploads\/2024\/04\/nouvelles-idees-en-cours.png\" alt=\"\" class=\"wp-image-19897\" srcset=\"https:\/\/rebub.u-bordeaux.fr\/wp-content\/uploads\/2024\/04\/nouvelles-idees-en-cours.png 512w, https:\/\/rebub.u-bordeaux.fr\/wp-content\/uploads\/2024\/04\/nouvelles-idees-en-cours-300x300.png 300w, https:\/\/rebub.u-bordeaux.fr\/wp-content\/uploads\/2024\/04\/nouvelles-idees-en-cours-150x150.png 150w\" sizes=\"(max-width: 512px) 100vw, 512px\" \/><\/figure>\n<\/div>\n\n\n\n<div class=\"is-layout-flow wp-block-column is-vertically-aligned-center\" style=\"flex-basis:85%\">\n<p><strong>Rappel sur la migration <\/strong>: ces titres ont \u00e9t\u00e9 migr\u00e9s depuis le SUDOC dans la network zone. Il a ensuite \u00e9t\u00e9 fourni \u00e0 Ex Libris une liste des notices concern\u00e9es. Ces notices ont \u00e9t\u00e9 transform\u00e9e pour activer un service de portefolio \u00e9lectronique ind\u00e9pendant \u00e0 chacun. Il a \u00e9t\u00e9 cr\u00e9\u00e9 un service par zone 856 pr\u00e9sente dans la notice.<\/p>\n<\/div>\n<\/div>\n\n\n\n<h2 id=\"stoc-une-adresse-un-service\" class=\"wpig-heading\">Une adresse = un service<\/h2>\n\n\n\n<p>A chaque notice de th\u00e8se \u00e9lectronique, il convient d&rsquo;associer les services n\u00e9cessaires pour permettre l&rsquo;acc\u00e8s \u00e0 la ressource. Lorsqu&rsquo;une notice est cr\u00e9\u00e9e dans le SUDOC, normalement depuis STAR, elle redescend automatiquement dans la network zone en tant que notice. Cette notice est \u00e0 ce moment sans inventaire : elle n&rsquo;a pas d&rsquo;exemplaires physiques ou \u00e9lectroniques associ\u00e9s. L&rsquo;objectif est donc de lui cr\u00e9er ses ressources d&rsquo;acc\u00e8s en retenant le principe suivant : une 856 = un service.<\/p>\n\n\n\n<div class=\"is-layout-flex wp-container-9 wp-block-columns bord-bloc-reutilisable has-background\" style=\"background-color:#d9edf7\">\n<div class=\"is-layout-flow wp-block-column is-vertically-aligned-center\" style=\"font-size:15px;flex-basis:20%\">\n<p style=\"font-size:15px\"><strong>Date de publication<\/strong> <\/p>\n\n\n<div style=\"font-size:15px;\" class=\"wp-block-post-date\"><time datetime=\"2024-03-22T09:33:53+01:00\">22 mars 2024<\/time><\/div><\/div>\n\n\n\n<div class=\"is-layout-flow wp-block-column is-vertically-aligned-center\" style=\"font-size:15px;flex-basis:20%\">\n<p><strong>Mis \u00e0 jour le <\/strong><\/p>\n\n\n<div style=\"font-size:15px;\" class=\"wp-block-post-date\"><time datetime=\"2024-04-26T09:58:35+02:00\">26 avril 2024<\/time><\/div><\/div>\n\n\n\n<div class=\"is-layout-flow wp-block-column is-vertically-aligned-center\" style=\"font-size:15px;flex-basis:40%\">\n<p><\/p>\n\n\n\n<p><strong>Attention ! <\/strong>Certains \u00e9tablissements utilisent parfois de proc\u00e9dures compl\u00e9mentaires <\/p>\n<\/div>\n\n\n\n<div class=\"is-layout-flow wp-block-column is-vertically-aligned-center\" style=\"font-size:15px;flex-basis:25%\">\n<div class=\"is-horizontal is-content-justification-center is-layout-flex wp-container-7 wp-block-buttons alignfull has-custom-font-size\" style=\"font-size:16px\">\n<div class=\"wp-block-button has-custom-width wp-block-button__width-75 has-custom-font-size is-style-fill\" style=\"font-size:15px\"><a class=\"wp-block-button__link has-white-color has-text-color has-background wp-element-button\" href=\"mailto:scoop@u-bordeaux.fr\" style=\"border-radius:65px;background-color:#000000db\"><strong>Signaler une erreur<\/strong><\/a><\/div>\n<\/div>\n<\/div>\n<\/div>\n","protected":false},"excerpt":{"rendered":"<p>Table des mati\u00e8res[ Show ]Rappel des objectifsCas particulier : les th\u00e8ses et m\u00e9moires \u00e9lectroniques de l&rsquo;\u00e9tablissementUne adresse = un serviceLa gestion des titres isol\u00e9es de ressources \u00e9lectroniques peut prendre diff\u00e9rentes formes selon les besoins de gestion. Rappel des objectifs Cas&#8230;<\/p>\n","protected":false},"author":46,"featured_media":0,"parent":18610,"menu_order":7,"comment_status":"closed","ping_status":"closed","template":"","meta":[],"post_mailing_queue_ids":[],"_links":{"self":[{"href":"https:\/\/rebub.u-bordeaux.fr\/index.php\/wp-json\/wp\/v2\/pages\/18667"}],"collection":[{"href":"https:\/\/rebub.u-bordeaux.fr\/index.php\/wp-json\/wp\/v2\/pages"}],"about":[{"href":"https:\/\/rebub.u-bordeaux.fr\/index.php\/wp-json\/wp\/v2\/types\/page"}],"author":[{"embeddable":true,"href":"https:\/\/rebub.u-bordeaux.fr\/index.php\/wp-json\/wp\/v2\/users\/46"}],"replies":[{"embeddable":true,"href":"https:\/\/rebub.u-bordeaux.fr\/index.php\/wp-json\/wp\/v2\/comments?post=18667"}],"version-history":[{"count":3,"href":"https:\/\/rebub.u-bordeaux.fr\/index.php\/wp-json\/wp\/v2\/pages\/18667\/revisions"}],"predecessor-version":[{"id":20492,"href":"https:\/\/rebub.u-bordeaux.fr\/index.php\/wp-json\/wp\/v2\/pages\/18667\/revisions\/20492"}],"up":[{"embeddable":true,"href":"https:\/\/rebub.u-bordeaux.fr\/index.php\/wp-json\/wp\/v2\/pages\/18610"}],"wp:attachment":[{"href":"https:\/\/rebub.u-bordeaux.fr\/index.php\/wp-json\/wp\/v2\/media?parent=18667"}],"curies":[{"name":"wp","href":"https:\/\/api.w.org\/{rel}","templated":true}]}}