	{"id":18703,"date":"2024-03-22T09:35:09","date_gmt":"2024-03-22T08:35:09","guid":{"rendered":"https:\/\/rebub.u-bordeaux.fr\/?page_id=18703"},"modified":"2024-04-26T16:07:38","modified_gmt":"2024-04-26T14:07:38","slug":"cloturer-une-ligne-de-commande","status":"publish","type":"page","link":"https:\/\/rebub.u-bordeaux.fr\/index.php\/alma\/procedures\/acquisitions\/facturation\/cloturer-une-ligne-de-commande\/","title":{"rendered":"Cl\u00f4turer une ligne de commande"},"content":{"rendered":"<div id='wpig-floatingbar' class='wpig-floatingbar'><div id='wpig-switch-wrapper' class='wpig-switch-wrapper'><span id='wpig-floating-switch' class='wpig-floating-switch'><img src='https:\/\/rebub.u-bordeaux.fr\/wp-content\/plugins\/sticky-toc-advance-table-of-contents\/\\assets\\menu.png'><\/span><\/div><\/div><p><\/p>\n<p>Apr\u00e8s la r\u00e9ception des documents, le statut de la LBC passe \u00e0 l\u2019\u00e9tat \u00ab en attente de facturation \u00bb. Apr\u00e8s facturation il devient \u00ab\u00a0Cl\u00f4tur\u00e9\u00a0\u00bb.<\/p>\n\n\n\n<p>Pour les biblioth\u00e8ques qui n\u2019ont pas proc\u00e9d\u00e9 \u00e0 la facturation et qui ont besoin de cl\u00f4turer des lignes de commande (passage de la ligne \u00e0 l&rsquo;\u00e9tat Cl\u00f4tur\u00e9\u00a0\u00bb ):<\/p>\n\n\n\n<p>&#8211; Si la raison est une erreur dans la LBC, dans ce cas annuler la ligne de commande : voir la proc\u00e9dure <a href=\"http:\/\/rebub.u-bordeaux.fr\/index.php\/alma\/procedures\/acquisitions\/commandes\/annuler-une-ligne-de-commande\/\" data-type=\"URL\" data-id=\"http:\/\/rebub.u-bordeaux.fr\/index.php\/alma\/procedures\/acquisitions\/commandes\/annuler-une-ligne-de-commande\/\">Annuler une ligne de commande<\/a><\/p>\n\n\n\n<p>&#8211;&nbsp; Si il ne s\u2019agit pas d\u2019une erreur et qu\u2019il y a une n\u00e9cessit\u00e9 de cl\u00f4turer la ligne,<strong><span style=\"color: #f60501;\"> ne pas fermer la ligne<\/span><\/strong>, voir avec le scoop (faire un ticket),<\/p>\n\n\n\n<p>&#8211; Si c&rsquo;est dans le cadre d\u2019une cl\u00f4ture en fin d&rsquo;exercice budg\u00e9taire, demander au scoop:<\/p>\n\n\n\n<ul>\n<li>d\u2019effectuer un traitement de cl\u00f4ture,<\/li>\n\n\n\n<li>ou de reporter des lignes de bon de commande sur l&rsquo;ann\u00e9e suivante si n\u00e9cessaire,<\/li>\n\n\n\n<li>ou d&rsquo;effectuer une facturation de masse.<\/li>\n<\/ul>\n\n\n\n<div class=\"is-layout-flex wp-container-6 wp-block-columns bord-bloc-reutilisable has-background\" style=\"background-color:#d9edf7\">\n<div class=\"is-layout-flow wp-block-column is-vertically-aligned-center\" style=\"font-size:15px;flex-basis:20%\">\n<p style=\"font-size:15px\"><strong>Date de publication<\/strong> <\/p>\n\n\n<div style=\"font-size:15px;\" class=\"wp-block-post-date\"><time datetime=\"2024-03-22T09:35:09+01:00\">22 mars 2024<\/time><\/div><\/div>\n\n\n\n<div class=\"is-layout-flow wp-block-column is-vertically-aligned-center\" style=\"font-size:15px;flex-basis:20%\">\n<p><strong>Mis \u00e0 jour le <\/strong><\/p>\n\n\n<div style=\"font-size:15px;\" class=\"wp-block-post-date\"><time datetime=\"2024-04-26T16:07:38+02:00\">26 avril 2024<\/time><\/div><\/div>\n\n\n\n<div class=\"is-layout-flow wp-block-column is-vertically-aligned-center\" style=\"font-size:15px;flex-basis:40%\">\n<p><\/p>\n\n\n\n<p><strong>Attention ! <\/strong>Certains \u00e9tablissements utilisent parfois de proc\u00e9dures compl\u00e9mentaires <\/p>\n<\/div>\n\n\n\n<div class=\"is-layout-flow wp-block-column is-vertically-aligned-center\" style=\"font-size:15px;flex-basis:25%\">\n<div class=\"is-horizontal is-content-justification-center is-layout-flex wp-container-4 wp-block-buttons alignfull has-custom-font-size\" style=\"font-size:16px\">\n<div class=\"wp-block-button has-custom-width wp-block-button__width-75 has-custom-font-size is-style-fill\" style=\"font-size:15px\"><a class=\"wp-block-button__link has-white-color has-text-color has-background wp-element-button\" href=\"mailto:scoop@u-bordeaux.fr\" style=\"border-radius:65px;background-color:#000000db\"><strong>Signaler une erreur<\/strong><\/a><\/div>\n<\/div>\n<\/div>\n<\/div>\n","protected":false},"excerpt":{"rendered":"<p>Apr\u00e8s la r\u00e9ception des documents, le statut de la LBC passe \u00e0 l\u2019\u00e9tat \u00ab en attente de facturation \u00bb. Apr\u00e8s facturation il devient \u00ab\u00a0Cl\u00f4tur\u00e9\u00a0\u00bb. Pour les biblioth\u00e8ques qui n\u2019ont pas proc\u00e9d\u00e9 \u00e0 la facturation et qui ont besoin de cl\u00f4turer&#8230;<\/p>\n","protected":false},"author":46,"featured_media":4793,"parent":18700,"menu_order":3,"comment_status":"closed","ping_status":"closed","template":"","meta":[],"post_mailing_queue_ids":[],"_links":{"self":[{"href":"https:\/\/rebub.u-bordeaux.fr\/index.php\/wp-json\/wp\/v2\/pages\/18703"}],"collection":[{"href":"https:\/\/rebub.u-bordeaux.fr\/index.php\/wp-json\/wp\/v2\/pages"}],"about":[{"href":"https:\/\/rebub.u-bordeaux.fr\/index.php\/wp-json\/wp\/v2\/types\/page"}],"author":[{"embeddable":true,"href":"https:\/\/rebub.u-bordeaux.fr\/index.php\/wp-json\/wp\/v2\/users\/46"}],"replies":[{"embeddable":true,"href":"https:\/\/rebub.u-bordeaux.fr\/index.php\/wp-json\/wp\/v2\/comments?post=18703"}],"version-history":[{"count":4,"href":"https:\/\/rebub.u-bordeaux.fr\/index.php\/wp-json\/wp\/v2\/pages\/18703\/revisions"}],"predecessor-version":[{"id":20635,"href":"https:\/\/rebub.u-bordeaux.fr\/index.php\/wp-json\/wp\/v2\/pages\/18703\/revisions\/20635"}],"up":[{"embeddable":true,"href":"https:\/\/rebub.u-bordeaux.fr\/index.php\/wp-json\/wp\/v2\/pages\/18700"}],"wp:featuredmedia":[{"embeddable":true,"href":"https:\/\/rebub.u-bordeaux.fr\/index.php\/wp-json\/wp\/v2\/media\/4793"}],"wp:attachment":[{"href":"https:\/\/rebub.u-bordeaux.fr\/index.php\/wp-json\/wp\/v2\/media?parent=18703"}],"curies":[{"name":"wp","href":"https:\/\/api.w.org\/{rel}","templated":true}]}}