	{"id":18715,"date":"2024-03-22T09:34:46","date_gmt":"2024-03-22T08:34:46","guid":{"rendered":"https:\/\/rebub.u-bordeaux.fr\/?page_id=18715"},"modified":"2025-06-03T12:15:12","modified_gmt":"2025-06-03T10:15:12","slug":"integrer-un-don","status":"publish","type":"page","link":"https:\/\/rebub.u-bordeaux.fr\/index.php\/alma\/procedures\/acquisitions\/circuit-des-entrees\/integrer-un-don\/","title":{"rendered":"Int\u00e9grer un don"},"content":{"rendered":"<div id='wpig-floatingbar' class='wpig-floatingbar'><div id='wpig-switch-wrapper' class='wpig-switch-wrapper'><span id='wpig-floating-switch' class='wpig-floating-switch'><img src='https:\/\/rebub.u-bordeaux.fr\/wp-content\/plugins\/sticky-toc-advance-table-of-contents\/\\assets\\menu.png'><\/span><\/div><div id='wpig-contents' class='wpig-contents  wpig-sidebar-widget wpig-style-3'><span class='wpig-headline'>Table des mati\u00e8res<span><a data-action='show' class='wpig-btn-toggledisplay'>[ Show ]<\/a><\/span><\/span><!-- Table of Contents --><div id='wpig-table-of-content' class='wpig-table-of-content'><ol><li class='stoc-utiliser-le-champ-provenance'><a href='#stoc-utiliser-le-champ-provenance'>Utiliser le champ \u00ab&nbsp;Provenance&nbsp;\u00bb<\/a><\/li><li class='stoc-utiliser-le-fournisseur-fictif-dons'><a href='#stoc-utiliser-le-fournisseur-fictif-dons'>Utiliser le fournisseur fictif \u00ab\u00a0Dons\u00a0\u00bb<\/a><\/li><\/div><!-- END OF Table of Contents --><\/div><\/div><p><div id='wpig-contents' class='wpig-contents  wpig-sidebar-widget wpig-style-1'><span class='wpig-headline'>Table des mati\u00e8res<span><a data-action='show' class='wpig-btn-toggledisplay'>[ Show ]<\/a><\/span><\/span><!-- Table of Contents --><div id='wpig-table-of-content' class='wpig-table-of-content' ><ol><li class='stoc-utiliser-le-champ-provenance'><a href='#stoc-utiliser-le-champ-provenance'>Utiliser le champ \u00ab&nbsp;Provenance&nbsp;\u00bb<\/a><\/li><li class='stoc-utiliser-le-fournisseur-fictif-dons'><a href='#stoc-utiliser-le-fournisseur-fictif-dons'>Utiliser le fournisseur fictif \u00ab\u00a0Dons\u00a0\u00bb<\/a><\/li><\/div><!-- END OF Table of Contents --><\/div><\/p>\n<p>Il y a deux m\u00e9thodes pour int\u00e9grer les dons dans Alma actuellement&nbsp;:<\/p>\n\n\n\n<ul>\n<li>En utilisant le champ provenance de la notice de l\u2019exemplaire<\/li>\n\n\n\n<li>En utilisant un fournisseur fictif \u00ab&nbsp;Dons&nbsp;\u00bb<\/li>\n<\/ul>\n\n\n\n<h2 id=\"stoc-utiliser-le-champ-provenance\" class=\"wpig-heading\"><strong>Utiliser le champ \u00ab&nbsp;Provenance&nbsp;\u00bb<\/strong><\/h2>\n\n\n\n<p>Signaler le document dans le Sudoc et dans Alma&nbsp;:<\/p>\n\n\n\n<ul>\n<li>Rechercher la notice en zone r\u00e9seau, l\u2019importer si n\u00e9cessaire<\/li>\n\n\n\n<li>Se localiser dans une notice de fonds existante, en cr\u00e9er une si n\u00e9cessaire<\/li>\n\n\n\n<li>Cr\u00e9er un exemplaire<\/li>\n<\/ul>\n\n\n\n<div class=\"is-layout-flex wp-container-3 wp-block-columns bord-bloc-reutilisable has-background\" style=\"background-color:#ffeec2\">\n<div class=\"is-layout-flow wp-block-column is-vertically-aligned-center\" style=\"flex-basis:7%\">\n<figure class=\"wp-block-image alignfull size-full is-style-default\"><img decoding=\"async\" loading=\"lazy\" width=\"512\" height=\"512\" src=\"https:\/\/rebub.u-bordeaux.fr\/wp-content\/uploads\/2024\/04\/nouvelles-idees-en-cours.png\" alt=\"\" class=\"wp-image-19897\" srcset=\"https:\/\/rebub.u-bordeaux.fr\/wp-content\/uploads\/2024\/04\/nouvelles-idees-en-cours.png 512w, https:\/\/rebub.u-bordeaux.fr\/wp-content\/uploads\/2024\/04\/nouvelles-idees-en-cours-300x300.png 300w, https:\/\/rebub.u-bordeaux.fr\/wp-content\/uploads\/2024\/04\/nouvelles-idees-en-cours-150x150.png 150w\" sizes=\"(max-width: 512px) 100vw, 512px\" \/><\/figure>\n<\/div>\n\n\n\n<div class=\"is-layout-flow wp-block-column is-vertically-aligned-center\" style=\"flex-basis:85%\">\n<p>Les proc\u00e9dures n\u00e9cessaires \u00e0 ces diff\u00e9rentes op\u00e9rations se trouvent sur <a href=\"https:\/\/rebub.u-bordeaux.fr\/index.php\/alma\/procedures\/gestion-des-ressources\/\" data-type=\"page\" data-id=\"18414\">cette page<\/a>.<\/p>\n<\/div>\n<\/div>\n\n\n\n<p>Dans la notice de l\u2019exemplaire, onglet \u00ab\u00a0Information g\u00e9n\u00e9rale\u00a0\u00bb, champ \u00ab\u00a0Provenance\u00a0\u00bb, dans le menu d\u00e9roulant, choisir \u00ab\u00a0Don\u00a0\u00bb.<\/p>\n\n\n\n<figure class=\"is-layout-flex wp-block-gallery-4 wp-block-gallery has-nested-images columns-default is-cropped\">\n<figure class=\"wp-block-image size-large\"><img decoding=\"async\" loading=\"lazy\" width=\"1024\" height=\"496\" data-id=\"23770\"  src=\"https:\/\/rebub.u-bordeaux.fr\/wp-content\/uploads\/2025\/06\/capture12-1024x496.png\" alt=\"\" class=\"wp-image-23770\" srcset=\"https:\/\/rebub.u-bordeaux.fr\/wp-content\/uploads\/2025\/06\/capture12-1024x496.png 1024w, https:\/\/rebub.u-bordeaux.fr\/wp-content\/uploads\/2025\/06\/capture12-300x145.png 300w, https:\/\/rebub.u-bordeaux.fr\/wp-content\/uploads\/2025\/06\/capture12-768x372.png 768w, https:\/\/rebub.u-bordeaux.fr\/wp-content\/uploads\/2025\/06\/capture12.png 1286w\" sizes=\"(max-width: 1024px) 100vw, 1024px\" \/><\/figure>\n<\/figure>\n\n\n\n<p>Si aucun libell\u00e9 ne convient dans le champ \u00ab&nbsp;Provenance&nbsp;\u00bb, vous pouvez en faire la demande au Scoop via un ticket&nbsp;: <a href=\"http:\/\/scoop@u-bordeaux.fr\"><u>scoop@u-bordeaux.fr<\/u><\/a>&nbsp;<\/p>\n\n\n\n<p>Ce champ est index\u00e9 et peut \u00eatre recherch\u00e9 par la recherche avanc\u00e9e&nbsp;:<\/p>\n\n\n\n<p>Utiliser l\u2019index \u00ab\u00a0Exemplaires physiques\u00a0\u00bb et le sous-index \u00ab\u00a0code de provenance\u00a0\u00bb = \u00ab\u00a0Don\u00a0\u00bb<\/p>\n\n\n<div class=\"wp-block-image\">\n<figure class=\"aligncenter size-large\"><img decoding=\"async\" loading=\"lazy\" width=\"1024\" height=\"157\" src=\"https:\/\/rebub.u-bordeaux.fr\/wp-content\/uploads\/2025\/06\/capture13-1024x157.png\" alt=\"\" class=\"wp-image-23771\" srcset=\"https:\/\/rebub.u-bordeaux.fr\/wp-content\/uploads\/2025\/06\/capture13-1024x157.png 1024w, https:\/\/rebub.u-bordeaux.fr\/wp-content\/uploads\/2025\/06\/capture13-300x46.png 300w, https:\/\/rebub.u-bordeaux.fr\/wp-content\/uploads\/2025\/06\/capture13-768x118.png 768w, https:\/\/rebub.u-bordeaux.fr\/wp-content\/uploads\/2025\/06\/capture13.png 1064w\" sizes=\"(max-width: 1024px) 100vw, 1024px\" \/><\/figure><\/div>\n\n\n<h2 id=\"stoc-utiliser-le-fournisseur-fictif-dons\" class=\"wpig-heading\"><strong>Utiliser le fournisseur fictif \u00ab\u00a0Dons\u00a0\u00bb<\/strong><\/h2>\n\n\n\n<p>Afin d\u2019int\u00e9grer les dons dans Alma, une fiche fournisseur DONS a \u00e9t\u00e9 cr\u00e9\u00e9e dans le r\u00e9seau (Nom : Dons \/ code : Dons).<\/p>\n\n\n\n<figure class=\"wp-block-image\"><a href=\"http:\/\/rebub.u-bordeaux.fr\/wp-content\/uploads\/2020\/02\/Integrer_Un_Don_Fournisseur_Dons.png\" target=\"_blank\" rel=\"noopener noreferrer\"><img decoding=\"async\" loading=\"lazy\" width=\"1146\" height=\"116\" src=\"http:\/\/rebub.u-bordeaux.fr\/wp-content\/uploads\/2020\/02\/Integrer_Un_Don_Fournisseur_Dons.png\" alt=\"\" class=\"wp-image-7401\" srcset=\"https:\/\/rebub.u-bordeaux.fr\/wp-content\/uploads\/2020\/02\/Integrer_Un_Don_Fournisseur_Dons.png 1146w, https:\/\/rebub.u-bordeaux.fr\/wp-content\/uploads\/2020\/02\/Integrer_Un_Don_Fournisseur_Dons-300x30.png 300w, https:\/\/rebub.u-bordeaux.fr\/wp-content\/uploads\/2020\/02\/Integrer_Un_Don_Fournisseur_Dons-1024x104.png 1024w, https:\/\/rebub.u-bordeaux.fr\/wp-content\/uploads\/2020\/02\/Integrer_Un_Don_Fournisseur_Dons-768x78.png 768w\" sizes=\"(max-width: 1146px) 100vw, 1146px\" \/><\/a><\/figure>\n\n\n\n<p>Signaler le document dans le Sudoc et dans Alma&nbsp;:<\/p>\n\n\n\n<ul>\n<li>Rechercher la notice en zone r\u00e9seau, l\u2019importer si n\u00e9cessaire<\/li>\n<\/ul>\n\n\n\n<p>Une fois la notice bibliographique trouv\u00e9e, import\u00e9e et\/ou cr\u00e9\u00e9e dans Alma, se positionner dessus et cliquer sur \u00ab <strong>Commande <\/strong>\u00bb :<\/p>\n\n\n\n<figure class=\"wp-block-image size-large\"><img decoding=\"async\" loading=\"lazy\" width=\"1024\" height=\"199\" src=\"https:\/\/rebub.u-bordeaux.fr\/wp-content\/uploads\/2025\/06\/capture14-1024x199.png\" alt=\"\" class=\"wp-image-23772\" srcset=\"https:\/\/rebub.u-bordeaux.fr\/wp-content\/uploads\/2025\/06\/capture14-1024x199.png 1024w, https:\/\/rebub.u-bordeaux.fr\/wp-content\/uploads\/2025\/06\/capture14-300x58.png 300w, https:\/\/rebub.u-bordeaux.fr\/wp-content\/uploads\/2025\/06\/capture14-768x149.png 768w, https:\/\/rebub.u-bordeaux.fr\/wp-content\/uploads\/2025\/06\/capture14.png 1064w\" sizes=\"(max-width: 1024px) 100vw, 1024px\" \/><\/figure>\n\n\n\n<p>Renseigner ensuite les zones \u00ab <strong>Type d\u2019achat <\/strong>\u00bb et \u00ab <strong>Propri\u00e9taire de la ligne de commande <\/strong>\u00bb puis \u00ab&nbsp;cr\u00e9er la ligne de commande&nbsp;\u00bb.<\/p>\n\n\n\n<p>Dans la ligne de commande, dans l\u2019onglet \u00ab\u00a0General information\u00a0\u00bb\u00a0: choisir le mode d\u2019acquisition \u00ab\u00a0Don\u00a0\u00bb et cocher la case \u00ab\u00a0regroupement manuel\u00a0\u00bb<\/p>\n\n\n\n<figure class=\"is-layout-flex wp-block-gallery-6 wp-block-gallery has-nested-images columns-default is-cropped\">\n<figure class=\"wp-block-image size-large\"><img decoding=\"async\" loading=\"lazy\" width=\"1024\" height=\"401\" data-id=\"23773\"  src=\"https:\/\/rebub.u-bordeaux.fr\/wp-content\/uploads\/2025\/06\/capture15-1024x401.png\" alt=\"\" class=\"wp-image-23773\" srcset=\"https:\/\/rebub.u-bordeaux.fr\/wp-content\/uploads\/2025\/06\/capture15-1024x401.png 1024w, https:\/\/rebub.u-bordeaux.fr\/wp-content\/uploads\/2025\/06\/capture15-300x117.png 300w, https:\/\/rebub.u-bordeaux.fr\/wp-content\/uploads\/2025\/06\/capture15-768x301.png 768w, https:\/\/rebub.u-bordeaux.fr\/wp-content\/uploads\/2025\/06\/capture15.png 1042w\" sizes=\"(max-width: 1024px) 100vw, 1024px\" \/><\/figure>\n<\/figure>\n\n\n\n<p>Dans l\u2019onglet \u00ab\u00a0Informations de fournisseur\u00a0\u00bb, utiliser le fournisseur \u00ab DONS \u00bb .<\/p>\n\n\n\n<p>Cliquer ensuite sur \u00ab <strong>Enregistrer et continuer <\/strong>\u00bb<\/p>\n\n\n\n<p>Les LBC ainsi cr\u00e9\u00e9es passent en regroupement manuel.<\/p>\n\n\n\n<p>Aller dans le menu \u00ab <strong>Acquisitions &gt; Lignes de commande &gt; Regrouper <\/strong>\u00bb (ou \u00ab <strong>T\u00e2ches n\u00e9cessitant votre attention <\/strong>\u00bb &gt; lignes de commande \u2013 regroupement).<\/p>\n\n\n\n<p>On visualise alors les lignes \u00e0 regrouper en commande.<\/p>\n\n\n\n<p>S\u00e9lectionner ses LBC et cliquer sur \u00ab <strong>Cr\u00e9er une nouvelle commande <\/strong>\u00bb .<\/p>\n\n\n\n<p>Il n\u2019est pas n\u00e9cessaire d\u2019indiquer le niveau (p\u00e9dagogie ou recherche).<\/p>\n\n\n\n<p>Cliquer sur \u00ab <strong>Enregistrer et continuer <\/strong>\u00bb : LBC et BC passent en statut \u00ab <strong>Envoy\u00e9 <\/strong>\u00bb, si ce n\u2019est pas le cas, il faudra penser \u00e0 cliquer en plus sur \u00ab&nbsp;commander maintenant&nbsp;\u00bb<\/p>\n\n\n\n<p>R\u00e9ceptionner ensuite ses documents via le menu \u00ab <strong>Acquisitions <\/strong>\u00bb > \u00ab <strong>R\u00e9ception et facturation <\/strong>\u00bb > \u00ab <strong>R\u00e9ceptionner \u00bb <\/strong>:<\/p>\n\n\n\n<figure class=\"wp-block-image\"><a href=\"http:\/\/rebub.u-bordeaux.fr\/wp-content\/uploads\/2020\/02\/Integrer_Un_Don_Receptionner.png\" target=\"_blank\" rel=\"noopener noreferrer\"><img decoding=\"async\" loading=\"lazy\" width=\"1492\" height=\"426\" src=\"http:\/\/rebub.u-bordeaux.fr\/wp-content\/uploads\/2020\/02\/Integrer_Un_Don_Receptionner.png\" alt=\"\" class=\"wp-image-7408\" srcset=\"https:\/\/rebub.u-bordeaux.fr\/wp-content\/uploads\/2020\/02\/Integrer_Un_Don_Receptionner.png 1492w, https:\/\/rebub.u-bordeaux.fr\/wp-content\/uploads\/2020\/02\/Integrer_Un_Don_Receptionner-300x86.png 300w, https:\/\/rebub.u-bordeaux.fr\/wp-content\/uploads\/2020\/02\/Integrer_Un_Don_Receptionner-1024x292.png 1024w, https:\/\/rebub.u-bordeaux.fr\/wp-content\/uploads\/2020\/02\/Integrer_Un_Don_Receptionner-768x219.png 768w\" sizes=\"(max-width: 1492px) 100vw, 1492px\" \/><\/a><\/figure>\n\n\n\n<p>LBC et BC passent aussit\u00f4t en statut \u00ab <strong>Cl\u00f4tur\u00e9 <\/strong>\u00bb<\/p>\n\n\n<div class=\"wp-block-image\">\n<figure class=\"aligncenter\"><a href=\"http:\/\/rebub.u-bordeaux.fr\/wp-content\/uploads\/2020\/02\/Integrer_Un_Don_Statut_LBC.png\" target=\"_blank\" rel=\"noopener noreferrer\"><img decoding=\"async\" loading=\"lazy\" width=\"364\" height=\"68\" src=\"http:\/\/rebub.u-bordeaux.fr\/wp-content\/uploads\/2020\/02\/Integrer_Un_Don_Statut_LBC.png\" alt=\"\" class=\"wp-image-7407\" srcset=\"https:\/\/rebub.u-bordeaux.fr\/wp-content\/uploads\/2020\/02\/Integrer_Un_Don_Statut_LBC.png 364w, https:\/\/rebub.u-bordeaux.fr\/wp-content\/uploads\/2020\/02\/Integrer_Un_Don_Statut_LBC-300x56.png 300w\" sizes=\"(max-width: 364px) 100vw, 364px\" \/><\/a><\/figure><\/div>\n\n\n<p>Poursuivre le traitement du document : Se reporter \u00e0 la proc\u00e9dure de signalement correspondante.<\/p>\n\n\n\n<div class=\"is-layout-flex wp-container-10 wp-block-columns bord-bloc-reutilisable has-background\" style=\"background-color:#ffeec2\">\n<div class=\"is-layout-flow wp-block-column is-vertically-aligned-center\" style=\"flex-basis:7%\">\n<figure class=\"wp-block-image alignfull size-full is-style-default\"><img decoding=\"async\" loading=\"lazy\" width=\"512\" height=\"512\" src=\"https:\/\/rebub.u-bordeaux.fr\/wp-content\/uploads\/2024\/04\/nouvelles-idees-en-cours.png\" alt=\"\" class=\"wp-image-19897\" srcset=\"https:\/\/rebub.u-bordeaux.fr\/wp-content\/uploads\/2024\/04\/nouvelles-idees-en-cours.png 512w, https:\/\/rebub.u-bordeaux.fr\/wp-content\/uploads\/2024\/04\/nouvelles-idees-en-cours-300x300.png 300w, https:\/\/rebub.u-bordeaux.fr\/wp-content\/uploads\/2024\/04\/nouvelles-idees-en-cours-150x150.png 150w\" sizes=\"(max-width: 512px) 100vw, 512px\" \/><\/figure>\n<\/div>\n\n\n\n<div class=\"is-layout-flow wp-block-column is-vertically-aligned-center\" style=\"flex-basis:85%\">\n<p>Les proc\u00e9dures n\u00e9cessaires \u00e0 ces diff\u00e9rentes op\u00e9rations se trouvent sur <a href=\"https:\/\/rebub.u-bordeaux.fr\/index.php\/alma\/procedures\/gestion-des-ressources\/\" data-type=\"page\" data-id=\"18414\">cette page.<\/a><\/p>\n<\/div>\n<\/div>\n\n\n\n<p>La consultation de la fiche fournisseur DONS renseigne sur les transactions (nombre de dons par biblioth\u00e8que, possibilit\u00e9 d\u2019extraction d\u2019un fichier excel).<\/p>\n\n\n\n<p>Ces deux m\u00e9thodes permettent une exploitation dans Analytique.<\/p>\n\n\n\n<div class=\"is-layout-flex wp-container-16 wp-block-columns bord-bloc-reutilisable has-background\" style=\"background-color:#d9edf7\">\n<div class=\"is-layout-flow wp-block-column is-vertically-aligned-center\" style=\"font-size:15px;flex-basis:20%\">\n<p style=\"font-size:15px\"><strong>Date de publication<\/strong> <\/p>\n\n\n<div style=\"font-size:15px;\" class=\"wp-block-post-date\"><time datetime=\"2024-03-22T09:34:46+01:00\">22 mars 2024<\/time><\/div><\/div>\n\n\n\n<div class=\"is-layout-flow wp-block-column is-vertically-aligned-center\" style=\"font-size:15px;flex-basis:20%\">\n<p><strong>Mis \u00e0 jour le <\/strong><\/p>\n\n\n<div style=\"font-size:15px;\" class=\"wp-block-post-date\"><time datetime=\"2025-06-03T12:15:12+02:00\">3 juin 2025<\/time><\/div><\/div>\n\n\n\n<div class=\"is-layout-flow wp-block-column is-vertically-aligned-center\" style=\"font-size:15px;flex-basis:40%\">\n<p><\/p>\n\n\n\n<p><strong>Attention ! <\/strong>Certains \u00e9tablissements utilisent parfois de proc\u00e9dures compl\u00e9mentaires <\/p>\n<\/div>\n\n\n\n<div class=\"is-layout-flow wp-block-column is-vertically-aligned-center\" style=\"font-size:15px;flex-basis:25%\">\n<div class=\"is-horizontal is-content-justification-center is-layout-flex wp-container-14 wp-block-buttons alignfull has-custom-font-size\" style=\"font-size:16px\">\n<div class=\"wp-block-button has-custom-width wp-block-button__width-75 has-custom-font-size is-style-fill\" style=\"font-size:15px\"><a class=\"wp-block-button__link has-white-color has-text-color has-background wp-element-button\" href=\"mailto:scoop@u-bordeaux.fr\" style=\"border-radius:65px;background-color:#000000db\"><strong>Signaler une erreur<\/strong><\/a><\/div>\n<\/div>\n<\/div>\n<\/div>\n","protected":false},"excerpt":{"rendered":"<p>Table des mati\u00e8res[ Show ]Utiliser le champ \u00ab&nbsp;Provenance&nbsp;\u00bbUtiliser le fournisseur fictif \u00ab\u00a0Dons\u00a0\u00bbIl y a deux m\u00e9thodes pour int\u00e9grer les dons dans Alma actuellement&nbsp;: Utiliser le champ \u00ab&nbsp;Provenance&nbsp;\u00bb Signaler le document dans le Sudoc et dans Alma&nbsp;: Les proc\u00e9dures n\u00e9cessaires \u00e0&#8230;<\/p>\n","protected":false},"author":46,"featured_media":4793,"parent":18696,"menu_order":4,"comment_status":"closed","ping_status":"closed","template":"","meta":[],"post_mailing_queue_ids":[],"_links":{"self":[{"href":"https:\/\/rebub.u-bordeaux.fr\/index.php\/wp-json\/wp\/v2\/pages\/18715"}],"collection":[{"href":"https:\/\/rebub.u-bordeaux.fr\/index.php\/wp-json\/wp\/v2\/pages"}],"about":[{"href":"https:\/\/rebub.u-bordeaux.fr\/index.php\/wp-json\/wp\/v2\/types\/page"}],"author":[{"embeddable":true,"href":"https:\/\/rebub.u-bordeaux.fr\/index.php\/wp-json\/wp\/v2\/users\/46"}],"replies":[{"embeddable":true,"href":"https:\/\/rebub.u-bordeaux.fr\/index.php\/wp-json\/wp\/v2\/comments?post=18715"}],"version-history":[{"count":4,"href":"https:\/\/rebub.u-bordeaux.fr\/index.php\/wp-json\/wp\/v2\/pages\/18715\/revisions"}],"predecessor-version":[{"id":23774,"href":"https:\/\/rebub.u-bordeaux.fr\/index.php\/wp-json\/wp\/v2\/pages\/18715\/revisions\/23774"}],"up":[{"embeddable":true,"href":"https:\/\/rebub.u-bordeaux.fr\/index.php\/wp-json\/wp\/v2\/pages\/18696"}],"wp:featuredmedia":[{"embeddable":true,"href":"https:\/\/rebub.u-bordeaux.fr\/index.php\/wp-json\/wp\/v2\/media\/4793"}],"wp:attachment":[{"href":"https:\/\/rebub.u-bordeaux.fr\/index.php\/wp-json\/wp\/v2\/media?parent=18715"}],"curies":[{"name":"wp","href":"https:\/\/api.w.org\/{rel}","templated":true}]}}