	{"id":18721,"date":"2024-03-22T09:34:50","date_gmt":"2024-03-22T08:34:50","guid":{"rendered":"https:\/\/rebub.u-bordeaux.fr\/?page_id=18721"},"modified":"2024-04-26T15:17:00","modified_gmt":"2024-04-26T13:17:00","slug":"creer-une-arborescence-budgetaire-dans-alma","status":"publish","type":"page","link":"https:\/\/rebub.u-bordeaux.fr\/index.php\/alma\/procedures\/acquisitions\/budgets\/creer-une-arborescence-budgetaire-dans-alma\/","title":{"rendered":"Cr\u00e9er une arborescence budg\u00e9taire dans Alma"},"content":{"rendered":"<div id='wpig-floatingbar' class='wpig-floatingbar'><div id='wpig-switch-wrapper' class='wpig-switch-wrapper'><span id='wpig-floating-switch' class='wpig-floating-switch'><img src='https:\/\/rebub.u-bordeaux.fr\/wp-content\/plugins\/sticky-toc-advance-table-of-contents\/\\assets\\menu.png'><\/span><\/div><div id='wpig-contents' class='wpig-contents  wpig-sidebar-widget wpig-style-3'><span class='wpig-headline'>Table des mati\u00e8res<span><a data-action='show' class='wpig-btn-toggledisplay'>[ Show ]<\/a><\/span><\/span><!-- Table of Contents --><div id='wpig-table-of-content' class='wpig-table-of-content'><ol><li class='stoc-generalites'><a href='#stoc-generalites'>G\u00e9n\u00e9ralit\u00e9s<\/a><\/li><li class='stoc-creer-un-registre-comptable'><a href='#stoc-creer-un-registre-comptable'>Cr\u00e9er un registre comptable<\/a><\/li><li class='stoc-creer-un-compte-de-synthese'><a href='#stoc-creer-un-compte-de-synthese'>Cr\u00e9er un compte de synth\u00e8se<\/a><\/li><li class='stoc-creer-un-compte-budgetaire'><a href='#stoc-creer-un-compte-budgetaire'>Cr\u00e9er un compte budg\u00e9taire<\/a><\/li><li class='stoc-rechercher-un-compte-budgetaire'><a href='#stoc-rechercher-un-compte-budgetaire'>Rechercher un compte budg\u00e9taire<\/a><\/li><\/ol><\/div><!-- END OF Table of Contents --><\/div><\/div><p><div id='wpig-contents' class='wpig-contents  wpig-sidebar-widget wpig-style-1'><span class='wpig-headline'>Table des mati\u00e8res<span><a data-action='show' class='wpig-btn-toggledisplay'>[ Show ]<\/a><\/span><\/span><!-- Table of Contents --><div id='wpig-table-of-content' class='wpig-table-of-content' ><ol><li class='stoc-generalites'><a href='#stoc-generalites'>G\u00e9n\u00e9ralit\u00e9s<\/a><\/li><li class='stoc-creer-un-registre-comptable'><a href='#stoc-creer-un-registre-comptable'>Cr\u00e9er un registre comptable<\/a><\/li><li class='stoc-creer-un-compte-de-synthese'><a href='#stoc-creer-un-compte-de-synthese'>Cr\u00e9er un compte de synth\u00e8se<\/a><\/li><li class='stoc-creer-un-compte-budgetaire'><a href='#stoc-creer-un-compte-budgetaire'>Cr\u00e9er un compte budg\u00e9taire<\/a><\/li><li class='stoc-rechercher-un-compte-budgetaire'><a href='#stoc-rechercher-un-compte-budgetaire'>Rechercher un compte budg\u00e9taire<\/a><\/li><\/ol><\/div><!-- END OF Table of Contents --><\/div><\/p>\n<h2 id=\"stoc-generalites\" class=\"wpig-heading\">G\u00e9n\u00e9ralit\u00e9s<\/h2>\n\n\n\n<p>L\u2019arborescence budg\u00e9taire dans Alma repose sur les notions suivantes :<\/p>\n\n\n\n<ol>\n<li><u>Le registre budg\u00e9taire<\/u> : c\u2019est le niveau le plus haut.<\/li>\n\n\n\n<li><u>Les comptes de synth\u00e8ses<\/u> : c\u2019est les niveaux interm\u00e9diaires (il est possible d\u2019imbriquer autant de comptes de synth\u00e8se que souhait\u00e9).<\/li>\n\n\n\n<li><u>Le compte budg\u00e9taire<\/u> : c\u2019est le niveau le plus fin, il est utilis\u00e9 pour les lignes de commandes.<\/li>\n<\/ol>\n\n\n\n<p>L\u2019allocation&nbsp;:<\/p>\n\n\n<div class=\"wp-block-image\">\n<figure class=\"aligncenter\"><a href=\"http:\/\/rebub.u-bordeaux.fr\/wp-content\/uploads\/2020\/02\/Arborescence-comptable.gif\" target=\"_blank\" rel=\"noopener noreferrer\"><img decoding=\"async\" loading=\"lazy\" width=\"621\" height=\"232\" src=\"http:\/\/rebub.u-bordeaux.fr\/wp-content\/uploads\/2020\/02\/Arborescence-comptable.gif\" alt=\"\" class=\"wp-image-7499\"\/><\/a><\/figure><\/div>\n\n\n<p>\u2022 L\u2019allocation des fonds se fait au niveau du compte budg\u00e9taire.<\/p>\n\n\n\n<p>\u2022 Les niveaux sup\u00e9rieurs sont des niveaux de synth\u00e8se qui font la somme des niveaux inf\u00e9rieurs.<\/p>\n\n\n\n<p>\u2022 Un compte budg\u00e9taire ne peut pas \u00eatre rattach\u00e9 \u00e0 plusieurs comptes de synth\u00e8se.<\/p>\n\n\n\n<p>\u2022 Dans les lignes de commande, on saisit le code du compte budg\u00e9taire.<\/p>\n\n\n\n<p>\u2022 Il est possible de tracer les modifications budg\u00e9taires (BI, BR) au niveau du compte budg\u00e9taire (allocation de fonds).<\/p>\n\n\n\n<p>\u2022 Il n\u2019y a pas d\u2019affichage sous forme d\u2019arborescence dans Alma : on dispose d\u2019une liste \u00e0 plat. Pour chaque compte, un chemin d\u2019acc\u00e8s d\u00e9taille les diff\u00e9rents niveaux sup\u00e9rieurs.<\/p>\n\n\n\n<p>\u2022 Chaque compte ou registre poss\u00e8de un NOM et un CODE, seul le code doit \u00eatre unique.<\/p>\n\n\n\n<div class=\"is-layout-constrained wp-block-group bord-bloc-reutilisable\"><div class=\"wp-block-group__inner-container\">\n<div class=\"is-layout-flex wp-container-3 wp-block-columns alignfull bord-bloc-reutilisable has-background\" style=\"background-color:#ff303047\">\n<div class=\"is-layout-flow wp-block-column is-vertically-aligned-center\" style=\"flex-basis:7%\">\n<figure class=\"wp-block-image alignfull size-full\"><img decoding=\"async\" loading=\"lazy\" width=\"512\" height=\"512\" src=\"https:\/\/rebub.u-bordeaux.fr\/wp-content\/uploads\/2024\/04\/point-dexclamation.png\" alt=\"\" class=\"wp-image-19898\" srcset=\"https:\/\/rebub.u-bordeaux.fr\/wp-content\/uploads\/2024\/04\/point-dexclamation.png 512w, https:\/\/rebub.u-bordeaux.fr\/wp-content\/uploads\/2024\/04\/point-dexclamation-300x300.png 300w, https:\/\/rebub.u-bordeaux.fr\/wp-content\/uploads\/2024\/04\/point-dexclamation-150x150.png 150w\" sizes=\"(max-width: 512px) 100vw, 512px\" \/><\/figure>\n<\/div>\n\n\n\n<div class=\"is-layout-flow wp-block-column is-vertically-aligned-center\" style=\"flex-basis:85%\">\n<p><strong>Attention !<\/strong> Une fois le registre ou le compte cr\u00e9\u00e9, il n\u2019est plus possible de modifier son code, y compris apr\u00e8s l\u2019avoir d\u00e9sactiv\u00e9.<\/p>\n<\/div>\n<\/div>\n<\/div><\/div>\n\n\n\n<div class=\"is-layout-flex wp-container-7 wp-block-columns bord-bloc-reutilisable has-background\" style=\"background-color:#ffeec2\">\n<div class=\"is-layout-flow wp-block-column is-vertically-aligned-center\" style=\"flex-basis:7%\">\n<figure class=\"wp-block-image alignfull size-full is-style-default\"><img decoding=\"async\" loading=\"lazy\" width=\"512\" height=\"512\" src=\"https:\/\/rebub.u-bordeaux.fr\/wp-content\/uploads\/2024\/04\/nouvelles-idees-en-cours.png\" alt=\"\" class=\"wp-image-19897\" srcset=\"https:\/\/rebub.u-bordeaux.fr\/wp-content\/uploads\/2024\/04\/nouvelles-idees-en-cours.png 512w, https:\/\/rebub.u-bordeaux.fr\/wp-content\/uploads\/2024\/04\/nouvelles-idees-en-cours-300x300.png 300w, https:\/\/rebub.u-bordeaux.fr\/wp-content\/uploads\/2024\/04\/nouvelles-idees-en-cours-150x150.png 150w\" sizes=\"(max-width: 512px) 100vw, 512px\" \/><\/figure>\n<\/div>\n\n\n\n<div class=\"is-layout-flow wp-block-column is-vertically-aligned-center\" style=\"flex-basis:85%\">\n<p><strong>Note<\/strong> : Pour cr\u00e9er une arborescence budg\u00e9taire, il faut cr\u00e9er les diff\u00e9rents comptes en partant du niveau le plus haut (registre comptable) vers le niveau le plus bas (comptes de synth\u00e8se puis compte budg\u00e9taire).<\/p>\n<\/div>\n<\/div>\n\n\n\n<h2 id=\"stoc-creer-un-registre-comptable\" class=\"wpig-heading\">Cr\u00e9er un registre comptable<\/h2>\n\n\n\n<figure class=\"wp-block-image\"><a href=\"http:\/\/rebub.u-bordeaux.fr\/wp-content\/uploads\/2020\/02\/Creer_Une_Arborescence_Registre_Comptable.png\" target=\"_blank\" rel=\"noopener noreferrer\"><img decoding=\"async\" loading=\"lazy\" width=\"1603\" height=\"700\" src=\"http:\/\/rebub.u-bordeaux.fr\/wp-content\/uploads\/2020\/02\/Creer_Une_Arborescence_Registre_Comptable.png\" alt=\"\" class=\"wp-image-7500\" srcset=\"https:\/\/rebub.u-bordeaux.fr\/wp-content\/uploads\/2020\/02\/Creer_Une_Arborescence_Registre_Comptable.png 1603w, https:\/\/rebub.u-bordeaux.fr\/wp-content\/uploads\/2020\/02\/Creer_Une_Arborescence_Registre_Comptable-300x131.png 300w, https:\/\/rebub.u-bordeaux.fr\/wp-content\/uploads\/2020\/02\/Creer_Une_Arborescence_Registre_Comptable-1024x447.png 1024w, https:\/\/rebub.u-bordeaux.fr\/wp-content\/uploads\/2020\/02\/Creer_Une_Arborescence_Registre_Comptable-768x335.png 768w, https:\/\/rebub.u-bordeaux.fr\/wp-content\/uploads\/2020\/02\/Creer_Une_Arborescence_Registre_Comptable-1536x671.png 1536w\" sizes=\"(max-width: 1603px) 100vw, 1603px\" \/><\/a><\/figure>\n\n\n\n<p>Dans le menu <em>Acquisitions<\/em> puis <em>Infrastructure des acquisitions : Registres comptable<\/em>, cliquer sur : \u00ab\u00a0Ajouter un registre\u00a0\u00bb.<\/p>\n\n\n\n<p>Renseigner les champs suivants :<\/p>\n\n\n\n<table id=\"tablepress-95\" class=\"tablepress tablepress-id-95\">\n<tbody class=\"row-hover\">\n<tr class=\"row-1\">\n\t<td class=\"column-1\">Nom<\/td><td class=\"column-2\">Nom explicite<\/td>\n<\/tr>\n<tr class=\"row-2\">\n\t<td class=\"column-1\">Code<\/td><td class=\"column-2\"><\/td>\n<\/tr>\n<tr class=\"row-3\">\n\t<td class=\"column-1\">D\u00e9tenu par<\/td><td class=\"column-2\">L\u2019institution<\/td>\n<\/tr>\n<tr class=\"row-4\">\n\t<td class=\"column-1\">Disponible pour<\/td><td class=\"column-2\">L\u2019institution<\/td>\n<\/tr>\n<tr class=\"row-5\">\n\t<td class=\"column-1\">P\u00e9riode fiscale<\/td><td class=\"column-2\">Ann\u00e9e civile souhait\u00e9e<br \/>\nVoir les modalit\u00e9s de cl\u00f4ture d\u2019exercice et la duplication de la structure budg\u00e9taire l\u2019ann\u00e9e suivante<\/td>\n<\/tr>\n<tr class=\"row-6\">\n\t<td class=\"column-1\">Devise<\/td><td class=\"column-2\">Euro<\/td>\n<\/tr>\n<\/tbody>\n<\/table>\n<!-- #tablepress-95 from cache -->\n\n\n<p>D\u00e9plier l\u2019onglet \u00ab R\u00e8gles \u00bbet renseigner les champs suivants :<\/p>\n\n\n\n<table id=\"tablepress-96\" class=\"tablepress tablepress-id-96\">\n<tbody class=\"row-hover\">\n<tr class=\"row-1\">\n\t<td class=\"column-1\">Exc\u00e9dent d\u2019engagement autoris\u00e9<\/td><td class=\"column-2\">\u00ab Non \u00bb si vous ne souhaitez pas que le montant des lignes de commande d\u00e9passe le montant pr\u00e9vu \/ \u00ab Oui \u00bb dans le cas contraire.<\/td>\n<\/tr>\n<tr class=\"row-2\">\n\t<td class=\"column-1\"><em>Si \u00ab Oui \u00bb, compl\u00e9ter les champs suivants <\/em>: <\/td><td class=\"column-2\"><\/td>\n<\/tr>\n<tr class=\"row-3\">\n\t<td class=\"column-1\">Pourcentage d\u2019alerte d\u2019exc\u00e9dent d\u2019engagement <\/td><td class=\"column-2\">Indiquer le % de d\u00e9passement du budget au-del\u00e0 duquel une alerte sera \u00e9mise. <\/td>\n<\/tr>\n<tr class=\"row-4\">\n\t<td class=\"column-1\">Pourcentage limite d\u2019exc\u00e9dent d\u2019engagement<\/td><td class=\"column-2\">Indiquer le % de d\u00e9passement du budget autoris\u00e9.<\/td>\n<\/tr>\n<tr class=\"row-5\">\n\t<td class=\"column-1\">Engagements avant la p\u00e9riode fiscale (en nb de jours)<\/td><td class=\"column-2\">Cette option permet de saisir des lignes de commande avant le d\u00e9but de l\u2019ann\u00e9e budg\u00e9taire.<\/td>\n<\/tr>\n<tr class=\"row-6\">\n\t<td class=\"column-1\">D\u00e9penses apr\u00e8s la fin de la p\u00e9riode fiscale<\/td><td class=\"column-2\">Cette option permet de saisir des lignes de commandes rattach\u00e9es au budget de l\u2019ann\u00e9e N apr\u00e8s la fin de l\u2019ann\u00e9e N.<\/td>\n<\/tr>\n<tr class=\"row-7\">\n\t<td class=\"column-1\">Exc\u00e9dent de d\u00e9penses autoris\u00e9 <\/td><td class=\"column-2\">\u00ab Non \u00bb si vous ne souhaitez pas que des lignes de facture puissent \u00eatre saisies si le montant pr\u00e9vu sur le budget est d\u00e9pass\u00e9.<\/td>\n<\/tr>\n<tr class=\"row-8\">\n\t<td class=\"column-1\">Seuil d&rsquo;alerte pour exc\u00e9dent de d\u00e9penses<\/td><td class=\"column-2\"><\/td>\n<\/tr>\n<\/tbody>\n<\/table>\n<!-- #tablepress-96 from cache -->\n\n\n<p>Cliquer sur <em>Enregistrer<\/em> (le registre sera enregistr\u00e9 avec un statut \u00ab inactif \u00bb ou bien cliquer sur \u00ab Activer \u00bb si le registre doit \u00eatre imm\u00e9diatement utilisable).<\/p>\n\n\n\n<h2 id=\"stoc-creer-un-compte-de-synthese\" class=\"wpig-heading\">Cr\u00e9er un compte de synth\u00e8se<\/h2>\n\n\n\n<p>Revenir sur la liste des registres, rechercher le registre cr\u00e9\u00e9 et l\u2019ouvrir.<\/p>\n\n\n\n<p>Cliquer sur l\u2019onglet \u00ab Comptes \u00bb.<\/p>\n\n\n\n<p>Cliquer sur \u00ab Ajouter un compte \u00bb, choisir \u00ab Compte de synth\u00e8se\u00bb.<\/p>\n\n\n\n<p>Compl\u00e9ter les champs : Nom, Code, D\u00e9tenu par (Institution), Type de compte (allocation), p\u00e9riode fiscale, Disponible pour (choisir la biblioth\u00e8que concern\u00e9e).<\/p>\n\n\n\n<p>Renseigner l\u2019onglet R\u00e8gles.<\/p>\n\n\n\n<p>Cliquer sur activer (ou enregistrer).<\/p>\n\n\n\n<p>Rouvrir le compte de synth\u00e8se qui vient d\u2019\u00eatre cr\u00e9\u00e9 pour cr\u00e9er un compte de synth\u00e8se d\u00e9pendant de ce dernier, cliquer sur l\u2019onglet comptes \/ ajouter un compte.<\/p>\n\n\n\n<p>\u2192 Op\u00e9rations \u00e0 renouveler jusqu\u2019au compte de synth\u00e8se de niveau bas.<\/p>\n\n\n\n<h2 id=\"stoc-creer-un-compte-budgetaire\" class=\"wpig-heading\">Cr\u00e9er un compte budg\u00e9taire<\/h2>\n\n\n\n<p>Se placer sur le compte de synth\u00e8se du niveau le plus bas et cr\u00e9er un compte associ\u00e9 de type \u00ab Compte budg\u00e9taire \u00bb.<\/p>\n\n\n\n<p>Activer le compte budg\u00e9taire.<\/p>\n\n\n\n<p>R\u00e9-ouvrir le compte budg\u00e9taire, cliquer sur l\u2019onglet \u00ab Transactions \u00bb.<\/p>\n\n\n\n<p>Cliquer sur \u00ab Allouer des fonds \u00bb et renseigner les champs suivants : Montant de l\u2019allocation \/ Note sur la transaction (il est possible ici de tracer les op\u00e9rations li\u00e9es au calendrier budg\u00e9taire (BI, BR, etc.).<\/p>\n\n\n\n<p>Cliquer sur \u00ab\u00a0Ajouter une transaction d\u2019allocation\u00a0\u00bb.<\/p>\n\n\n\n<p>Nota bene : Une allocation de fonds peut \u00eatre n\u00e9gative.<\/p>\n\n\n\n<p>Au fur et \u00e0 mesure des commandes, les montants engag\u00e9s et \u00e9ventuellement factur\u00e9s par lignes de commande apparaissent dans l\u2019onglet \u00ab Transactions \u00bb.<\/p>\n\n\n\n<h2 id=\"stoc-rechercher-un-compte-budgetaire\" class=\"wpig-heading\">Rechercher un compte budg\u00e9taire<\/h2>\n\n\n\n<p>A partir des comptes:<\/p>\n\n\n\n<figure class=\"wp-block-image\"><a href=\"http:\/\/rebub.u-bordeaux.fr\/wp-content\/uploads\/2020\/02\/Creer_Une_Arborescence_Rechercher_Compte.png\" target=\"_blank\" rel=\"noopener noreferrer\"><img decoding=\"async\" loading=\"lazy\" width=\"1588\" height=\"555\" src=\"http:\/\/rebub.u-bordeaux.fr\/wp-content\/uploads\/2020\/02\/Creer_Une_Arborescence_Rechercher_Compte.png\" alt=\"\" class=\"wp-image-7542\" srcset=\"https:\/\/rebub.u-bordeaux.fr\/wp-content\/uploads\/2020\/02\/Creer_Une_Arborescence_Rechercher_Compte.png 1588w, https:\/\/rebub.u-bordeaux.fr\/wp-content\/uploads\/2020\/02\/Creer_Une_Arborescence_Rechercher_Compte-300x105.png 300w, https:\/\/rebub.u-bordeaux.fr\/wp-content\/uploads\/2020\/02\/Creer_Une_Arborescence_Rechercher_Compte-1024x358.png 1024w, https:\/\/rebub.u-bordeaux.fr\/wp-content\/uploads\/2020\/02\/Creer_Une_Arborescence_Rechercher_Compte-768x268.png 768w, https:\/\/rebub.u-bordeaux.fr\/wp-content\/uploads\/2020\/02\/Creer_Une_Arborescence_Rechercher_Compte-1536x537.png 1536w\" sizes=\"(max-width: 1588px) 100vw, 1588px\" \/><\/a><\/figure>\n\n\n\n<div class=\"is-layout-flex wp-container-13 wp-block-columns bord-bloc-reutilisable has-background\" style=\"background-color:#d9edf7\">\n<div class=\"is-layout-flow wp-block-column is-vertically-aligned-center\" style=\"font-size:15px;flex-basis:20%\">\n<p style=\"font-size:15px\"><strong>Date de publication<\/strong> <\/p>\n\n\n<div style=\"font-size:15px;\" class=\"wp-block-post-date\"><time datetime=\"2024-03-22T09:34:50+01:00\">22 mars 2024<\/time><\/div><\/div>\n\n\n\n<div class=\"is-layout-flow wp-block-column is-vertically-aligned-center\" style=\"font-size:15px;flex-basis:20%\">\n<p><strong>Mis \u00e0 jour le <\/strong><\/p>\n\n\n<div style=\"font-size:15px;\" class=\"wp-block-post-date\"><time datetime=\"2024-04-26T15:17:00+02:00\">26 avril 2024<\/time><\/div><\/div>\n\n\n\n<div class=\"is-layout-flow wp-block-column is-vertically-aligned-center\" style=\"font-size:15px;flex-basis:40%\">\n<p><\/p>\n\n\n\n<p><strong>Attention ! <\/strong>Certains \u00e9tablissements utilisent parfois de proc\u00e9dures compl\u00e9mentaires <\/p>\n<\/div>\n\n\n\n<div class=\"is-layout-flow wp-block-column is-vertically-aligned-center\" style=\"font-size:15px;flex-basis:25%\">\n<div class=\"is-horizontal is-content-justification-center is-layout-flex wp-container-11 wp-block-buttons alignfull has-custom-font-size\" style=\"font-size:16px\">\n<div class=\"wp-block-button has-custom-width wp-block-button__width-75 has-custom-font-size is-style-fill\" style=\"font-size:15px\"><a class=\"wp-block-button__link has-white-color has-text-color has-background wp-element-button\" href=\"mailto:scoop@u-bordeaux.fr\" style=\"border-radius:65px;background-color:#000000db\"><strong>Signaler une erreur<\/strong><\/a><\/div>\n<\/div>\n<\/div>\n<\/div>\n","protected":false},"excerpt":{"rendered":"<p>Table des mati\u00e8res[ Show ]G\u00e9n\u00e9ralit\u00e9sCr\u00e9er un registre comptableCr\u00e9er un compte de synth\u00e8seCr\u00e9er un compte budg\u00e9taireRechercher un compte budg\u00e9taireG\u00e9n\u00e9ralit\u00e9s L\u2019arborescence budg\u00e9taire dans Alma repose sur les notions suivantes : L\u2019allocation&nbsp;: \u2022 L\u2019allocation des fonds se fait au niveau du compte budg\u00e9taire&#8230;.<\/p>\n","protected":false},"author":46,"featured_media":4793,"parent":18697,"menu_order":1,"comment_status":"closed","ping_status":"closed","template":"","meta":[],"post_mailing_queue_ids":[],"_links":{"self":[{"href":"https:\/\/rebub.u-bordeaux.fr\/index.php\/wp-json\/wp\/v2\/pages\/18721"}],"collection":[{"href":"https:\/\/rebub.u-bordeaux.fr\/index.php\/wp-json\/wp\/v2\/pages"}],"about":[{"href":"https:\/\/rebub.u-bordeaux.fr\/index.php\/wp-json\/wp\/v2\/types\/page"}],"author":[{"embeddable":true,"href":"https:\/\/rebub.u-bordeaux.fr\/index.php\/wp-json\/wp\/v2\/users\/46"}],"replies":[{"embeddable":true,"href":"https:\/\/rebub.u-bordeaux.fr\/index.php\/wp-json\/wp\/v2\/comments?post=18721"}],"version-history":[{"count":4,"href":"https:\/\/rebub.u-bordeaux.fr\/index.php\/wp-json\/wp\/v2\/pages\/18721\/revisions"}],"predecessor-version":[{"id":20598,"href":"https:\/\/rebub.u-bordeaux.fr\/index.php\/wp-json\/wp\/v2\/pages\/18721\/revisions\/20598"}],"up":[{"embeddable":true,"href":"https:\/\/rebub.u-bordeaux.fr\/index.php\/wp-json\/wp\/v2\/pages\/18697"}],"wp:featuredmedia":[{"embeddable":true,"href":"https:\/\/rebub.u-bordeaux.fr\/index.php\/wp-json\/wp\/v2\/media\/4793"}],"wp:attachment":[{"href":"https:\/\/rebub.u-bordeaux.fr\/index.php\/wp-json\/wp\/v2\/media?parent=18721"}],"curies":[{"name":"wp","href":"https:\/\/api.w.org\/{rel}","templated":true}]}}