	{"id":18735,"date":"2024-03-22T09:34:59","date_gmt":"2024-03-22T08:34:59","guid":{"rendered":"https:\/\/rebub.u-bordeaux.fr\/?page_id=18735"},"modified":"2024-04-26T15:49:08","modified_gmt":"2024-04-26T13:49:08","slug":"reassocier-des-fascicules-de-periodiques-a-une-ligne-de-commande","status":"publish","type":"page","link":"https:\/\/rebub.u-bordeaux.fr\/index.php\/alma\/procedures\/acquisitions\/commandes\/reassocier-des-fascicules-de-periodiques-a-une-ligne-de-commande\/","title":{"rendered":"R\u00e9associer des fascicules de p\u00e9riodiques \u00e0 une ligne de commande"},"content":{"rendered":"<div id='wpig-floatingbar' class='wpig-floatingbar'><div id='wpig-switch-wrapper' class='wpig-switch-wrapper'><span id='wpig-floating-switch' class='wpig-floating-switch'><img src='https:\/\/rebub.u-bordeaux.fr\/wp-content\/plugins\/sticky-toc-advance-table-of-contents\/\\assets\\menu.png'><\/span><\/div><div id='wpig-contents' class='wpig-contents  wpig-sidebar-widget wpig-style-3'><span class='wpig-headline'>Table des mati\u00e8res<span><a data-action='show' class='wpig-btn-toggledisplay'>[ Show ]<\/a><\/span><\/span><!-- Table of Contents --><div id='wpig-table-of-content' class='wpig-table-of-content'><ol><li class='stoc-identifier-la-ligne-de-commande-cible'><a href='#stoc-identifier-la-ligne-de-commande-cible'>Identifier la ligne de commande cible<\/a><\/li><li class='stoc-identifier-la-holding-qui-porte-les-fascicules-a-reassocier'><a href='#stoc-identifier-la-holding-qui-porte-les-fascicules-a-reassocier'>Identifier la holding qui porte les fascicules \u00e0 r\u00e9associer<\/a><\/li><li class='stoc-reassocier-les-fascicules-de-la-ligne-de-commande'><a href='#stoc-reassocier-les-fascicules-de-la-ligne-de-commande'>R\u00e9associer les fascicules de la ligne de commande<\/a><\/li><\/ol><\/div><!-- END OF Table of Contents --><\/div><\/div><p><div id='wpig-contents' class='wpig-contents  wpig-sidebar-widget wpig-style-1'><span class='wpig-headline'>Table des mati\u00e8res<span><a data-action='show' class='wpig-btn-toggledisplay'>[ Show ]<\/a><\/span><\/span><!-- Table of Contents --><div id='wpig-table-of-content' class='wpig-table-of-content' ><ol><li class='stoc-identifier-la-ligne-de-commande-cible'><a href='#stoc-identifier-la-ligne-de-commande-cible'>Identifier la ligne de commande cible<\/a><\/li><li class='stoc-identifier-la-holding-qui-porte-les-fascicules-a-reassocier'><a href='#stoc-identifier-la-holding-qui-porte-les-fascicules-a-reassocier'>Identifier la holding qui porte les fascicules \u00e0 r\u00e9associer<\/a><\/li><li class='stoc-reassocier-les-fascicules-de-la-ligne-de-commande'><a href='#stoc-reassocier-les-fascicules-de-la-ligne-de-commande'>R\u00e9associer les fascicules de la ligne de commande<\/a><\/li><\/ol><\/div><!-- END OF Table of Contents --><\/div><\/p>\n<h2 id=\"stoc-identifier-la-ligne-de-commande-cible\" class=\"wpig-heading\">Identifier la ligne de commande cible<\/h2>\n\n\n\n<p>Rechercher la ligne de commande du titre de p\u00e9riodique concern\u00e9 en effectuant une recherche par mots du titre sur l\u2019index \u00ab&nbsp;ligne de commande&nbsp;\u00bb&nbsp;:<\/p>\n\n\n\n<figure class=\"wp-block-image\"><a href=\"http:\/\/rebub.u-bordeaux.fr\/wp-content\/uploads\/2020\/02\/Reassocier_Des_Fascicules_Identifier_La_Ligne_Cible.png\" target=\"_blank\" rel=\"noopener noreferrer\"><img decoding=\"async\" loading=\"lazy\" width=\"1267\" height=\"536\" src=\"http:\/\/rebub.u-bordeaux.fr\/wp-content\/uploads\/2020\/02\/Reassocier_Des_Fascicules_Identifier_La_Ligne_Cible.png\" alt=\"\" class=\"wp-image-7477\" srcset=\"https:\/\/rebub.u-bordeaux.fr\/wp-content\/uploads\/2020\/02\/Reassocier_Des_Fascicules_Identifier_La_Ligne_Cible.png 1267w, https:\/\/rebub.u-bordeaux.fr\/wp-content\/uploads\/2020\/02\/Reassocier_Des_Fascicules_Identifier_La_Ligne_Cible-300x127.png 300w, https:\/\/rebub.u-bordeaux.fr\/wp-content\/uploads\/2020\/02\/Reassocier_Des_Fascicules_Identifier_La_Ligne_Cible-1024x433.png 1024w, https:\/\/rebub.u-bordeaux.fr\/wp-content\/uploads\/2020\/02\/Reassocier_Des_Fascicules_Identifier_La_Ligne_Cible-768x325.png 768w\" sizes=\"(max-width: 1267px) 100vw, 1267px\" \/><\/a><\/figure>\n\n\n\n<p>Noter le num\u00e9ro de la ligne de commande (ici&nbsp;: LBC-150)<\/p>\n\n\n\n<p>Ouvrir la ligne de commande&nbsp;:<\/p>\n\n\n\n<figure class=\"wp-block-image\"><a href=\"http:\/\/rebub.u-bordeaux.fr\/wp-content\/uploads\/2020\/02\/Reassocier_Des_Fascicules_Ouvrir_Ligne_De_Commande.png\" target=\"_blank\" rel=\"noopener noreferrer\"><img decoding=\"async\" loading=\"lazy\" width=\"1511\" height=\"549\" src=\"http:\/\/rebub.u-bordeaux.fr\/wp-content\/uploads\/2020\/02\/Reassocier_Des_Fascicules_Ouvrir_Ligne_De_Commande.png\" alt=\"\" class=\"wp-image-7478\" srcset=\"https:\/\/rebub.u-bordeaux.fr\/wp-content\/uploads\/2020\/02\/Reassocier_Des_Fascicules_Ouvrir_Ligne_De_Commande.png 1511w, https:\/\/rebub.u-bordeaux.fr\/wp-content\/uploads\/2020\/02\/Reassocier_Des_Fascicules_Ouvrir_Ligne_De_Commande-300x109.png 300w, https:\/\/rebub.u-bordeaux.fr\/wp-content\/uploads\/2020\/02\/Reassocier_Des_Fascicules_Ouvrir_Ligne_De_Commande-1024x372.png 1024w, https:\/\/rebub.u-bordeaux.fr\/wp-content\/uploads\/2020\/02\/Reassocier_Des_Fascicules_Ouvrir_Ligne_De_Commande-768x279.png 768w\" sizes=\"(max-width: 1511px) 100vw, 1511px\" \/><\/a><\/figure>\n\n\n\n<p>On constate que l\u2019onglet \u00ab&nbsp;Exemplaires command\u00e9s est vide&nbsp;\u00bb. Il s\u2019agit donc bien d\u2019une ligne de commande \u00e0 laquelle il faut r\u00e9attribuer des fascicules bulletin\u00e9s.<\/p>\n\n\n\n<h2 id=\"stoc-identifier-la-holding-qui-porte-les-fascicules-a-reassocier\" class=\"wpig-heading\">Identifier la holding qui porte les fascicules \u00e0 r\u00e9associer<\/h2>\n\n\n\n<p>Depuis la ligne de commande, copier-coller l\u2019identifiant MMS du titre&nbsp;:<\/p>\n\n\n\n<p>Effectuer une recherche sur \u00ab&nbsp;Tous les titres&nbsp;\u00bb par \u00ab&nbsp;mots-cl\u00e9s&nbsp;\u00bb en copiant-collant le MMS&nbsp;:<\/p>\n\n\n\n<figure class=\"wp-block-image\"><a href=\"http:\/\/rebub.u-bordeaux.fr\/wp-content\/uploads\/2020\/02\/Reassocier_Des_Fascicules_Recherche.png\" target=\"_blank\" rel=\"noopener noreferrer\"><img decoding=\"async\" loading=\"lazy\" width=\"1422\" height=\"459\" src=\"http:\/\/rebub.u-bordeaux.fr\/wp-content\/uploads\/2020\/02\/Reassocier_Des_Fascicules_Recherche.png\" alt=\"\" class=\"wp-image-7479\" srcset=\"https:\/\/rebub.u-bordeaux.fr\/wp-content\/uploads\/2020\/02\/Reassocier_Des_Fascicules_Recherche.png 1422w, https:\/\/rebub.u-bordeaux.fr\/wp-content\/uploads\/2020\/02\/Reassocier_Des_Fascicules_Recherche-300x97.png 300w, https:\/\/rebub.u-bordeaux.fr\/wp-content\/uploads\/2020\/02\/Reassocier_Des_Fascicules_Recherche-1024x331.png 1024w, https:\/\/rebub.u-bordeaux.fr\/wp-content\/uploads\/2020\/02\/Reassocier_Des_Fascicules_Recherche-768x248.png 768w\" sizes=\"(max-width: 1422px) 100vw, 1422px\" \/><\/a><\/figure>\n\n\n\n<h2 id=\"stoc-reassocier-les-fascicules-de-la-ligne-de-commande\" class=\"wpig-heading\">R\u00e9associer les fascicules de la ligne de commande<\/h2>\n\n\n\n<p>Depuis la notice bibliographique qui s\u2019affiche, cliquer sur \u2026 puis sur \u00ab&nbsp;Exemplaires&nbsp;\u00bb.<\/p>\n\n\n\n<figure class=\"wp-block-image\"><a href=\"http:\/\/rebub.u-bordeaux.fr\/wp-content\/uploads\/2020\/02\/Reassocier_Des_Fascicules_Exemplaires.png\" target=\"_blank\" rel=\"noopener noreferrer\"><img decoding=\"async\" loading=\"lazy\" width=\"1426\" height=\"392\" src=\"http:\/\/rebub.u-bordeaux.fr\/wp-content\/uploads\/2020\/02\/Reassocier_Des_Fascicules_Exemplaires.png\" alt=\"\" class=\"wp-image-7487\" srcset=\"https:\/\/rebub.u-bordeaux.fr\/wp-content\/uploads\/2020\/02\/Reassocier_Des_Fascicules_Exemplaires.png 1426w, https:\/\/rebub.u-bordeaux.fr\/wp-content\/uploads\/2020\/02\/Reassocier_Des_Fascicules_Exemplaires-300x82.png 300w, https:\/\/rebub.u-bordeaux.fr\/wp-content\/uploads\/2020\/02\/Reassocier_Des_Fascicules_Exemplaires-1024x281.png 1024w, https:\/\/rebub.u-bordeaux.fr\/wp-content\/uploads\/2020\/02\/Reassocier_Des_Fascicules_Exemplaires-768x211.png 768w\" sizes=\"(max-width: 1426px) 100vw, 1426px\" \/><\/a><\/figure>\n\n\n\n<p>Cliquer sur \u00ab\u00a0Voir toutes les donn\u00e9es de fonds\u00a0\u00bb<\/p>\n\n\n\n<figure class=\"wp-block-image\"><a href=\"http:\/\/rebub.u-bordeaux.fr\/wp-content\/uploads\/2020\/02\/Reassocier_Des_Fascicules_Voir_Toutes_Les_Donn%C3%A9es_De_Fonds.png\" target=\"_blank\" rel=\"noopener noreferrer\"><img decoding=\"async\" loading=\"lazy\" width=\"1341\" height=\"455\" src=\"http:\/\/rebub.u-bordeaux.fr\/wp-content\/uploads\/2020\/02\/Reassocier_Des_Fascicules_Voir_Toutes_Les_Donn\u00e9es_De_Fonds.png\" alt=\"\" class=\"wp-image-7485\" srcset=\"https:\/\/rebub.u-bordeaux.fr\/wp-content\/uploads\/2020\/02\/Reassocier_Des_Fascicules_Voir_Toutes_Les_Donn\u00e9es_De_Fonds.png 1341w, https:\/\/rebub.u-bordeaux.fr\/wp-content\/uploads\/2020\/02\/Reassocier_Des_Fascicules_Voir_Toutes_Les_Donn\u00e9es_De_Fonds-300x102.png 300w, https:\/\/rebub.u-bordeaux.fr\/wp-content\/uploads\/2020\/02\/Reassocier_Des_Fascicules_Voir_Toutes_Les_Donn\u00e9es_De_Fonds-1024x347.png 1024w, https:\/\/rebub.u-bordeaux.fr\/wp-content\/uploads\/2020\/02\/Reassocier_Des_Fascicules_Voir_Toutes_Les_Donn\u00e9es_De_Fonds-768x261.png 768w\" sizes=\"(max-width: 1341px) 100vw, 1341px\" \/><\/a><\/figure>\n\n\n\n<p>On voit bien s\u2019afficher la holding correspondant aux exemplaires relocalis\u00e9s.<\/p>\n\n\n\n<p>Cliquer sur les \u2026 puis sur \u00ab&nbsp;Associer une ligne de commande&nbsp;\u00bb<\/p>\n\n\n\n<figure class=\"wp-block-image\"><a href=\"http:\/\/rebub.u-bordeaux.fr\/wp-content\/uploads\/2020\/02\/Reassocier_Des_Fascicules_Associer_Une_Ligne_De_Commande.png\" target=\"_blank\" rel=\"noopener noreferrer\"><img decoding=\"async\" loading=\"lazy\" width=\"1388\" height=\"560\" src=\"http:\/\/rebub.u-bordeaux.fr\/wp-content\/uploads\/2020\/02\/Reassocier_Des_Fascicules_Associer_Une_Ligne_De_Commande.png\" alt=\"\" class=\"wp-image-7480\" srcset=\"https:\/\/rebub.u-bordeaux.fr\/wp-content\/uploads\/2020\/02\/Reassocier_Des_Fascicules_Associer_Une_Ligne_De_Commande.png 1388w, https:\/\/rebub.u-bordeaux.fr\/wp-content\/uploads\/2020\/02\/Reassocier_Des_Fascicules_Associer_Une_Ligne_De_Commande-300x121.png 300w, https:\/\/rebub.u-bordeaux.fr\/wp-content\/uploads\/2020\/02\/Reassocier_Des_Fascicules_Associer_Une_Ligne_De_Commande-1024x413.png 1024w, https:\/\/rebub.u-bordeaux.fr\/wp-content\/uploads\/2020\/02\/Reassocier_Des_Fascicules_Associer_Une_Ligne_De_Commande-768x310.png 768w\" sizes=\"(max-width: 1388px) 100vw, 1388px\" \/><\/a><\/figure>\n\n\n\n<p>Saisir le num\u00e9ro de la ligne de commande souhait\u00e9e puis cliquer sur \u00ab&nbsp;Mettre \u00e0 jour&nbsp;\u00bb.<\/p>\n\n\n\n<p>Patienter. Le traitement peut prendre plusieurs minutes si le nombre d\u2019exemplaires rattach\u00e9s est important.<\/p>\n\n\n\n<figure class=\"wp-block-image\"><a href=\"http:\/\/rebub.u-bordeaux.fr\/wp-content\/uploads\/2020\/02\/Reassocier_Des_Fascicules_Selectionner_Une_Ligne_De_Commande.png\" target=\"_blank\" rel=\"noopener noreferrer\"><img decoding=\"async\" loading=\"lazy\" width=\"1072\" height=\"246\" src=\"http:\/\/rebub.u-bordeaux.fr\/wp-content\/uploads\/2020\/02\/Reassocier_Des_Fascicules_Selectionner_Une_Ligne_De_Commande.png\" alt=\"\" class=\"wp-image-7481\" srcset=\"https:\/\/rebub.u-bordeaux.fr\/wp-content\/uploads\/2020\/02\/Reassocier_Des_Fascicules_Selectionner_Une_Ligne_De_Commande.png 1072w, https:\/\/rebub.u-bordeaux.fr\/wp-content\/uploads\/2020\/02\/Reassocier_Des_Fascicules_Selectionner_Une_Ligne_De_Commande-300x69.png 300w, https:\/\/rebub.u-bordeaux.fr\/wp-content\/uploads\/2020\/02\/Reassocier_Des_Fascicules_Selectionner_Une_Ligne_De_Commande-1024x235.png 1024w, https:\/\/rebub.u-bordeaux.fr\/wp-content\/uploads\/2020\/02\/Reassocier_Des_Fascicules_Selectionner_Une_Ligne_De_Commande-768x176.png 768w\" sizes=\"(max-width: 1072px) 100vw, 1072px\" \/><\/a><\/figure>\n\n\n\n<p>Rechercher la ligne de commande pour v\u00e9rifier que les exemplaires ont bien \u00e9t\u00e9 rapatri\u00e9s<\/p>\n\n\n\n<figure class=\"wp-block-image\"><a href=\"http:\/\/rebub.u-bordeaux.fr\/wp-content\/uploads\/2020\/02\/Reassocier_Des_Fascicules_Verifier_Les_Exemplaires.png\" target=\"_blank\" rel=\"noopener noreferrer\"><img decoding=\"async\" loading=\"lazy\" width=\"1503\" height=\"572\" src=\"http:\/\/rebub.u-bordeaux.fr\/wp-content\/uploads\/2020\/02\/Reassocier_Des_Fascicules_Verifier_Les_Exemplaires.png\" alt=\"\" class=\"wp-image-7483\" srcset=\"https:\/\/rebub.u-bordeaux.fr\/wp-content\/uploads\/2020\/02\/Reassocier_Des_Fascicules_Verifier_Les_Exemplaires.png 1503w, https:\/\/rebub.u-bordeaux.fr\/wp-content\/uploads\/2020\/02\/Reassocier_Des_Fascicules_Verifier_Les_Exemplaires-300x114.png 300w, https:\/\/rebub.u-bordeaux.fr\/wp-content\/uploads\/2020\/02\/Reassocier_Des_Fascicules_Verifier_Les_Exemplaires-1024x390.png 1024w, https:\/\/rebub.u-bordeaux.fr\/wp-content\/uploads\/2020\/02\/Reassocier_Des_Fascicules_Verifier_Les_Exemplaires-768x292.png 768w\" sizes=\"(max-width: 1503px) 100vw, 1503px\" \/><\/a><\/figure>\n\n\n\n<div class=\"is-layout-flex wp-container-6 wp-block-columns bord-bloc-reutilisable has-background\" style=\"background-color:#d9edf7\">\n<div class=\"is-layout-flow wp-block-column is-vertically-aligned-center\" style=\"font-size:15px;flex-basis:20%\">\n<p style=\"font-size:15px\"><strong>Date de publication<\/strong> <\/p>\n\n\n<div style=\"font-size:15px;\" class=\"wp-block-post-date\"><time datetime=\"2024-03-22T09:34:59+01:00\">22 mars 2024<\/time><\/div><\/div>\n\n\n\n<div class=\"is-layout-flow wp-block-column is-vertically-aligned-center\" style=\"font-size:15px;flex-basis:20%\">\n<p><strong>Mis \u00e0 jour le <\/strong><\/p>\n\n\n<div style=\"font-size:15px;\" class=\"wp-block-post-date\"><time datetime=\"2024-04-26T15:49:08+02:00\">26 avril 2024<\/time><\/div><\/div>\n\n\n\n<div class=\"is-layout-flow wp-block-column is-vertically-aligned-center\" style=\"font-size:15px;flex-basis:40%\">\n<p><\/p>\n\n\n\n<p><strong>Attention ! <\/strong>Certains \u00e9tablissements utilisent parfois de proc\u00e9dures compl\u00e9mentaires <\/p>\n<\/div>\n\n\n\n<div class=\"is-layout-flow wp-block-column is-vertically-aligned-center\" style=\"font-size:15px;flex-basis:25%\">\n<div class=\"is-horizontal is-content-justification-center is-layout-flex wp-container-4 wp-block-buttons alignfull has-custom-font-size\" style=\"font-size:16px\">\n<div class=\"wp-block-button has-custom-width wp-block-button__width-75 has-custom-font-size is-style-fill\" style=\"font-size:15px\"><a class=\"wp-block-button__link has-white-color has-text-color has-background wp-element-button\" href=\"mailto:scoop@u-bordeaux.fr\" style=\"border-radius:65px;background-color:#000000db\"><strong>Signaler une erreur<\/strong><\/a><\/div>\n<\/div>\n<\/div>\n<\/div>\n","protected":false},"excerpt":{"rendered":"<p>Table des mati\u00e8res[ Show ]Identifier la ligne de commande cibleIdentifier la holding qui porte les fascicules \u00e0 r\u00e9associerR\u00e9associer les fascicules de la ligne de commandeIdentifier la ligne de commande cible Rechercher la ligne de commande du titre de p\u00e9riodique concern\u00e9&#8230;<\/p>\n","protected":false},"author":46,"featured_media":4793,"parent":18698,"menu_order":5,"comment_status":"closed","ping_status":"closed","template":"","meta":[],"post_mailing_queue_ids":[],"_links":{"self":[{"href":"https:\/\/rebub.u-bordeaux.fr\/index.php\/wp-json\/wp\/v2\/pages\/18735"}],"collection":[{"href":"https:\/\/rebub.u-bordeaux.fr\/index.php\/wp-json\/wp\/v2\/pages"}],"about":[{"href":"https:\/\/rebub.u-bordeaux.fr\/index.php\/wp-json\/wp\/v2\/types\/page"}],"author":[{"embeddable":true,"href":"https:\/\/rebub.u-bordeaux.fr\/index.php\/wp-json\/wp\/v2\/users\/46"}],"replies":[{"embeddable":true,"href":"https:\/\/rebub.u-bordeaux.fr\/index.php\/wp-json\/wp\/v2\/comments?post=18735"}],"version-history":[{"count":3,"href":"https:\/\/rebub.u-bordeaux.fr\/index.php\/wp-json\/wp\/v2\/pages\/18735\/revisions"}],"predecessor-version":[{"id":20621,"href":"https:\/\/rebub.u-bordeaux.fr\/index.php\/wp-json\/wp\/v2\/pages\/18735\/revisions\/20621"}],"up":[{"embeddable":true,"href":"https:\/\/rebub.u-bordeaux.fr\/index.php\/wp-json\/wp\/v2\/pages\/18698"}],"wp:featuredmedia":[{"embeddable":true,"href":"https:\/\/rebub.u-bordeaux.fr\/index.php\/wp-json\/wp\/v2\/media\/4793"}],"wp:attachment":[{"href":"https:\/\/rebub.u-bordeaux.fr\/index.php\/wp-json\/wp\/v2\/media?parent=18735"}],"curies":[{"name":"wp","href":"https:\/\/api.w.org\/{rel}","templated":true}]}}