	{"id":18736,"date":"2024-03-22T09:35:00","date_gmt":"2024-03-22T08:35:00","guid":{"rendered":"https:\/\/rebub.u-bordeaux.fr\/?page_id=18736"},"modified":"2024-04-26T15:50:10","modified_gmt":"2024-04-26T13:50:10","slug":"annuler-une-ligne-de-commande","status":"publish","type":"page","link":"https:\/\/rebub.u-bordeaux.fr\/index.php\/alma\/procedures\/acquisitions\/commandes\/annuler-une-ligne-de-commande\/","title":{"rendered":"Annuler une ligne de commande"},"content":{"rendered":"<div id='wpig-floatingbar' class='wpig-floatingbar'><div id='wpig-switch-wrapper' class='wpig-switch-wrapper'><span id='wpig-floating-switch' class='wpig-floating-switch'><img src='https:\/\/rebub.u-bordeaux.fr\/wp-content\/plugins\/sticky-toc-advance-table-of-contents\/\\assets\\menu.png'><\/span><\/div><\/div><p><\/p>\n<p>Pour annuler une ligne de commande, par exemple dans le cas o\u00f9 un fournisseur ne pourrait pas honorer une commande :<\/p>\n\n\n\n<p>Rechercher la ligne de commande concern\u00e9e par l&rsquo;index Lignes de commande par exemple:<\/p>\n\n\n<div class=\"wp-block-image\">\n<figure class=\"aligncenter\"><a href=\"http:\/\/rebub.u-bordeaux.fr\/wp-content\/uploads\/2020\/03\/Rechercher_Lignes_De_Commande.png\" target=\"_blank\" rel=\"noopener noreferrer\"><img decoding=\"async\" loading=\"lazy\" width=\"488\" height=\"47\" src=\"http:\/\/rebub.u-bordeaux.fr\/wp-content\/uploads\/2020\/03\/Rechercher_Lignes_De_Commande.png\" alt=\"\" class=\"wp-image-8255\" srcset=\"https:\/\/rebub.u-bordeaux.fr\/wp-content\/uploads\/2020\/03\/Rechercher_Lignes_De_Commande.png 488w, https:\/\/rebub.u-bordeaux.fr\/wp-content\/uploads\/2020\/03\/Rechercher_Lignes_De_Commande-300x29.png 300w\" sizes=\"(max-width: 488px) 100vw, 488px\" \/><\/a><\/figure><\/div>\n\n\n<p>Cliquer sur le bouton \u00ab \u2026 \u00bb, puis \u00ab Annuler \u00bb.<\/p>\n\n\n\n<figure class=\"wp-block-image\"><a href=\"http:\/\/rebub.u-bordeaux.fr\/wp-content\/uploads\/2020\/02\/Annuler_Une_Ligne_De_Commande_Annuler.png\" target=\"_blank\" rel=\"noopener noreferrer\"><img decoding=\"async\" loading=\"lazy\" width=\"1324\" height=\"674\" src=\"http:\/\/rebub.u-bordeaux.fr\/wp-content\/uploads\/2020\/02\/Annuler_Une_Ligne_De_Commande_Annuler.png\" alt=\"\" class=\"wp-image-7375\" srcset=\"https:\/\/rebub.u-bordeaux.fr\/wp-content\/uploads\/2020\/02\/Annuler_Une_Ligne_De_Commande_Annuler.png 1324w, https:\/\/rebub.u-bordeaux.fr\/wp-content\/uploads\/2020\/02\/Annuler_Une_Ligne_De_Commande_Annuler-300x153.png 300w, https:\/\/rebub.u-bordeaux.fr\/wp-content\/uploads\/2020\/02\/Annuler_Une_Ligne_De_Commande_Annuler-1024x521.png 1024w, https:\/\/rebub.u-bordeaux.fr\/wp-content\/uploads\/2020\/02\/Annuler_Une_Ligne_De_Commande_Annuler-768x391.png 768w\" sizes=\"(max-width: 1324px) 100vw, 1324px\" \/><\/a><\/figure>\n\n\n\n<p>Saisir le motif d\u2019annulation. Le syst\u00e8me demande de choisir entre \u00ab Annulation par la biblioth\u00e8que \u00bb ou \u00ab Annulation par le fournisseur \u00bb.<\/p>\n\n\n\n<figure class=\"wp-block-image\"><a href=\"http:\/\/rebub.u-bordeaux.fr\/wp-content\/uploads\/2020\/02\/Annuler_Une_Ligne_De_Commande_Motif_Annulation.png\" target=\"_blank\" rel=\"noopener noreferrer\"><img decoding=\"async\" loading=\"lazy\" width=\"1336\" height=\"418\" src=\"http:\/\/rebub.u-bordeaux.fr\/wp-content\/uploads\/2020\/02\/Annuler_Une_Ligne_De_Commande_Motif_Annulation.png\" alt=\"\" class=\"wp-image-7376\" srcset=\"https:\/\/rebub.u-bordeaux.fr\/wp-content\/uploads\/2020\/02\/Annuler_Une_Ligne_De_Commande_Motif_Annulation.png 1336w, https:\/\/rebub.u-bordeaux.fr\/wp-content\/uploads\/2020\/02\/Annuler_Une_Ligne_De_Commande_Motif_Annulation-300x94.png 300w, https:\/\/rebub.u-bordeaux.fr\/wp-content\/uploads\/2020\/02\/Annuler_Une_Ligne_De_Commande_Motif_Annulation-1024x320.png 1024w, https:\/\/rebub.u-bordeaux.fr\/wp-content\/uploads\/2020\/02\/Annuler_Une_Ligne_De_Commande_Motif_Annulation-768x240.png 768w\" sizes=\"(max-width: 1336px) 100vw, 1336px\" \/><\/a><\/figure>\n\n\n\n<p>Saisir une note d\u2019annulation si n\u00e9cessaire.<\/p>\n\n\n\n<figure class=\"wp-block-image\"><a href=\"http:\/\/rebub.u-bordeaux.fr\/wp-content\/uploads\/2020\/02\/Annuler_Une_Ligne_De_Commande_Note_Annulation.png\" target=\"_blank\" rel=\"noopener noreferrer\"><img decoding=\"async\" loading=\"lazy\" width=\"1340\" height=\"426\" src=\"http:\/\/rebub.u-bordeaux.fr\/wp-content\/uploads\/2020\/02\/Annuler_Une_Ligne_De_Commande_Note_Annulation.png\" alt=\"\" class=\"wp-image-7377\" srcset=\"https:\/\/rebub.u-bordeaux.fr\/wp-content\/uploads\/2020\/02\/Annuler_Une_Ligne_De_Commande_Note_Annulation.png 1340w, https:\/\/rebub.u-bordeaux.fr\/wp-content\/uploads\/2020\/02\/Annuler_Une_Ligne_De_Commande_Note_Annulation-300x95.png 300w, https:\/\/rebub.u-bordeaux.fr\/wp-content\/uploads\/2020\/02\/Annuler_Une_Ligne_De_Commande_Note_Annulation-1024x326.png 1024w, https:\/\/rebub.u-bordeaux.fr\/wp-content\/uploads\/2020\/02\/Annuler_Une_Ligne_De_Commande_Note_Annulation-768x244.png 768w\" sizes=\"(max-width: 1340px) 100vw, 1340px\" \/><\/a><\/figure>\n\n\n\n<p>Confirmer.<\/p>\n\n\n\n<p>Un message de confirmation appara\u00eet.<\/p>\n\n\n<div class=\"wp-block-image\">\n<figure class=\"aligncenter\"><a href=\"http:\/\/rebub.u-bordeaux.fr\/wp-content\/uploads\/2020\/03\/Message_Annulation_LBC.png\" target=\"_blank\" rel=\"noopener noreferrer\"><img decoding=\"async\" loading=\"lazy\" width=\"274\" height=\"140\" src=\"http:\/\/rebub.u-bordeaux.fr\/wp-content\/uploads\/2020\/03\/Message_Annulation_LBC.png\" alt=\"\" class=\"wp-image-8254\"\/><\/a><\/figure><\/div>\n\n\n<p>La ligne de commande para\u00eet en statut \u00ab Annul\u00e9 \u00bb.<\/p>\n\n\n\n<figure class=\"wp-block-image\"><a href=\"http:\/\/rebub.u-bordeaux.fr\/wp-content\/uploads\/2020\/03\/Ligne_De_Commande_Statut_Annul%C3%A9.png\" target=\"_blank\" rel=\"noopener noreferrer\"><img decoding=\"async\" loading=\"lazy\" width=\"1108\" height=\"243\" src=\"http:\/\/rebub.u-bordeaux.fr\/wp-content\/uploads\/2020\/03\/Ligne_De_Commande_Statut_Annul\u00e9.png\" alt=\"\" class=\"wp-image-8256\" srcset=\"https:\/\/rebub.u-bordeaux.fr\/wp-content\/uploads\/2020\/03\/Ligne_De_Commande_Statut_Annul\u00e9.png 1108w, https:\/\/rebub.u-bordeaux.fr\/wp-content\/uploads\/2020\/03\/Ligne_De_Commande_Statut_Annul\u00e9-300x66.png 300w, https:\/\/rebub.u-bordeaux.fr\/wp-content\/uploads\/2020\/03\/Ligne_De_Commande_Statut_Annul\u00e9-1024x225.png 1024w, https:\/\/rebub.u-bordeaux.fr\/wp-content\/uploads\/2020\/03\/Ligne_De_Commande_Statut_Annul\u00e9-768x168.png 768w\" sizes=\"(max-width: 1108px) 100vw, 1108px\" \/><\/a><\/figure>\n\n\n\n<p>La somme engag\u00e9e va \u00eatre recr\u00e9dit\u00e9e sur le compte budg\u00e9taire correspondant.<\/p>\n\n\n\n<p>Si on consulte le compte budg\u00e9taire correspondant \u00e0 la LBC annul\u00e9e, on visualise l\u2019historique des actions via l\u2019onglet \u00ab <strong>Transactions <\/strong>\u00bb : les engagements et d\u00e9sengagements des LBC apparaissent.<\/p>\n\n\n<div class=\"wp-block-image\">\n<figure class=\"aligncenter\"><a href=\"http:\/\/rebub.u-bordeaux.fr\/wp-content\/uploads\/2020\/03\/Transactions_Annulations_LBC.png\" target=\"_blank\" rel=\"noopener noreferrer\"><img decoding=\"async\" loading=\"lazy\" width=\"568\" height=\"235\" src=\"http:\/\/rebub.u-bordeaux.fr\/wp-content\/uploads\/2020\/03\/Transactions_Annulations_LBC.png\" alt=\"\" class=\"wp-image-8257\" srcset=\"https:\/\/rebub.u-bordeaux.fr\/wp-content\/uploads\/2020\/03\/Transactions_Annulations_LBC.png 568w, https:\/\/rebub.u-bordeaux.fr\/wp-content\/uploads\/2020\/03\/Transactions_Annulations_LBC-300x124.png 300w\" sizes=\"(max-width: 568px) 100vw, 568px\" \/><\/a><\/figure><\/div>\n\n\n<p>Si aucune autre biblioth\u00e8que n\u2019est localis\u00e9e dans la zone r\u00e9seau, il faut alors supprimer la notice d\u2019acquisition via l\u2019\u00e9diteur de m\u00e9tadonn\u00e9es. Chercher la notice en zone R\u00e9seau et cliquer sur \u00ab <strong>Modifier la notice \u00bb.<\/strong><\/p>\n\n\n\n<figure class=\"wp-block-image\"><a href=\"http:\/\/rebub.u-bordeaux.fr\/wp-content\/uploads\/2020\/03\/Modifier_Notice.png\" target=\"_blank\" rel=\"noopener noreferrer\"><img decoding=\"async\" loading=\"lazy\" width=\"1464\" height=\"323\" src=\"http:\/\/rebub.u-bordeaux.fr\/wp-content\/uploads\/2020\/03\/Modifier_Notice.png\" alt=\"\" class=\"wp-image-8258\" srcset=\"https:\/\/rebub.u-bordeaux.fr\/wp-content\/uploads\/2020\/03\/Modifier_Notice.png 1464w, https:\/\/rebub.u-bordeaux.fr\/wp-content\/uploads\/2020\/03\/Modifier_Notice-300x66.png 300w, https:\/\/rebub.u-bordeaux.fr\/wp-content\/uploads\/2020\/03\/Modifier_Notice-1024x226.png 1024w, https:\/\/rebub.u-bordeaux.fr\/wp-content\/uploads\/2020\/03\/Modifier_Notice-768x169.png 768w\" sizes=\"(max-width: 1464px) 100vw, 1464px\" \/><\/a><\/figure>\n\n\n\n<p>La notice s\u2019ouvre dans l\u2019\u00e9diteur de m\u00e9tadonn\u00e9es, cliquer sur l\u2019ic\u00f4ne \u00ab Poubelle \u00bb pour supprimer la notice.<\/p>\n\n\n\n<figure class=\"wp-block-image\"><a href=\"http:\/\/rebub.u-bordeaux.fr\/wp-content\/uploads\/2020\/03\/Cliquer_Sur_Icone_Poubelle.png\" target=\"_blank\" rel=\"noopener noreferrer\"><img decoding=\"async\" loading=\"lazy\" width=\"1044\" height=\"443\" src=\"http:\/\/rebub.u-bordeaux.fr\/wp-content\/uploads\/2020\/03\/Cliquer_Sur_Icone_Poubelle.png\" alt=\"\" class=\"wp-image-8259\" srcset=\"https:\/\/rebub.u-bordeaux.fr\/wp-content\/uploads\/2020\/03\/Cliquer_Sur_Icone_Poubelle.png 1044w, https:\/\/rebub.u-bordeaux.fr\/wp-content\/uploads\/2020\/03\/Cliquer_Sur_Icone_Poubelle-300x127.png 300w, https:\/\/rebub.u-bordeaux.fr\/wp-content\/uploads\/2020\/03\/Cliquer_Sur_Icone_Poubelle-1024x435.png 1024w, https:\/\/rebub.u-bordeaux.fr\/wp-content\/uploads\/2020\/03\/Cliquer_Sur_Icone_Poubelle-768x326.png 768w\" sizes=\"(max-width: 1044px) 100vw, 1044px\" \/><\/a><\/figure>\n\n\n\n<p>Un message de confirmation s\u2019affiche, cliquer sur \u00ab <strong>Oui <\/strong>\u00bb pour confirmer la suppression.<\/p>\n\n\n\n<div class=\"is-layout-flex wp-container-6 wp-block-columns bord-bloc-reutilisable has-background\" style=\"background-color:#d9edf7\">\n<div class=\"is-layout-flow wp-block-column is-vertically-aligned-center\" style=\"font-size:15px;flex-basis:20%\">\n<p style=\"font-size:15px\"><strong>Date de publication<\/strong> <\/p>\n\n\n<div style=\"font-size:15px;\" class=\"wp-block-post-date\"><time datetime=\"2024-03-22T09:35:00+01:00\">22 mars 2024<\/time><\/div><\/div>\n\n\n\n<div class=\"is-layout-flow wp-block-column is-vertically-aligned-center\" style=\"font-size:15px;flex-basis:20%\">\n<p><strong>Mis \u00e0 jour le <\/strong><\/p>\n\n\n<div style=\"font-size:15px;\" class=\"wp-block-post-date\"><time datetime=\"2024-04-26T15:50:10+02:00\">26 avril 2024<\/time><\/div><\/div>\n\n\n\n<div class=\"is-layout-flow wp-block-column is-vertically-aligned-center\" style=\"font-size:15px;flex-basis:40%\">\n<p><\/p>\n\n\n\n<p><strong>Attention ! <\/strong>Certains \u00e9tablissements utilisent parfois de proc\u00e9dures compl\u00e9mentaires <\/p>\n<\/div>\n\n\n\n<div class=\"is-layout-flow wp-block-column is-vertically-aligned-center\" style=\"font-size:15px;flex-basis:25%\">\n<div class=\"is-horizontal is-content-justification-center is-layout-flex wp-container-4 wp-block-buttons alignfull has-custom-font-size\" style=\"font-size:16px\">\n<div class=\"wp-block-button has-custom-width wp-block-button__width-75 has-custom-font-size is-style-fill\" style=\"font-size:15px\"><a class=\"wp-block-button__link has-white-color has-text-color has-background wp-element-button\" href=\"mailto:scoop@u-bordeaux.fr\" style=\"border-radius:65px;background-color:#000000db\"><strong>Signaler une erreur<\/strong><\/a><\/div>\n<\/div>\n<\/div>\n<\/div>\n","protected":false},"excerpt":{"rendered":"<p>Pour annuler une ligne de commande, par exemple dans le cas o\u00f9 un fournisseur ne pourrait pas honorer une commande : Rechercher la ligne de commande concern\u00e9e par l&rsquo;index Lignes de commande par exemple: Cliquer sur le bouton \u00ab \u2026&#8230;<\/p>\n","protected":false},"author":46,"featured_media":4793,"parent":18698,"menu_order":6,"comment_status":"closed","ping_status":"closed","template":"","meta":[],"post_mailing_queue_ids":[],"_links":{"self":[{"href":"https:\/\/rebub.u-bordeaux.fr\/index.php\/wp-json\/wp\/v2\/pages\/18736"}],"collection":[{"href":"https:\/\/rebub.u-bordeaux.fr\/index.php\/wp-json\/wp\/v2\/pages"}],"about":[{"href":"https:\/\/rebub.u-bordeaux.fr\/index.php\/wp-json\/wp\/v2\/types\/page"}],"author":[{"embeddable":true,"href":"https:\/\/rebub.u-bordeaux.fr\/index.php\/wp-json\/wp\/v2\/users\/46"}],"replies":[{"embeddable":true,"href":"https:\/\/rebub.u-bordeaux.fr\/index.php\/wp-json\/wp\/v2\/comments?post=18736"}],"version-history":[{"count":3,"href":"https:\/\/rebub.u-bordeaux.fr\/index.php\/wp-json\/wp\/v2\/pages\/18736\/revisions"}],"predecessor-version":[{"id":20622,"href":"https:\/\/rebub.u-bordeaux.fr\/index.php\/wp-json\/wp\/v2\/pages\/18736\/revisions\/20622"}],"up":[{"embeddable":true,"href":"https:\/\/rebub.u-bordeaux.fr\/index.php\/wp-json\/wp\/v2\/pages\/18698"}],"wp:featuredmedia":[{"embeddable":true,"href":"https:\/\/rebub.u-bordeaux.fr\/index.php\/wp-json\/wp\/v2\/media\/4793"}],"wp:attachment":[{"href":"https:\/\/rebub.u-bordeaux.fr\/index.php\/wp-json\/wp\/v2\/media?parent=18736"}],"curies":[{"name":"wp","href":"https:\/\/api.w.org\/{rel}","templated":true}]}}