	{"id":18757,"date":"2024-03-22T09:36:22","date_gmt":"2024-03-22T08:36:22","guid":{"rendered":"https:\/\/rebub.u-bordeaux.fr\/?page_id=18757"},"modified":"2024-05-06T14:22:08","modified_gmt":"2024-05-06T12:22:08","slug":"creer-une-bibliotheque","status":"publish","type":"page","link":"https:\/\/rebub.u-bordeaux.fr\/index.php\/alma\/configuration-administration\/gestion-des-ressources\/bibliotheques-localisations\/creer-une-bibliotheque\/","title":{"rendered":"Cr\u00e9er une biblioth\u00e8que"},"content":{"rendered":"<div id='wpig-floatingbar' class='wpig-floatingbar'><div id='wpig-switch-wrapper' class='wpig-switch-wrapper'><span id='wpig-floating-switch' class='wpig-floating-switch'><img src='https:\/\/rebub.u-bordeaux.fr\/wp-content\/plugins\/sticky-toc-advance-table-of-contents\/\\assets\\menu.png'><\/span><\/div><div id='wpig-contents' class='wpig-contents  wpig-sidebar-widget wpig-style-3'><span class='wpig-headline'>Table des mati\u00e8res<span><a data-action='show' class='wpig-btn-toggledisplay'>[ Show ]<\/a><\/span><\/span><!-- Table of Contents --><div id='wpig-table-of-content' class='wpig-table-of-content'><ol><li class='stoc-recueillir-les-informations-pour-creer-la-bibliotheque'><a href='#stoc-recueillir-les-informations-pour-creer-la-bibliotheque'>Recueillir les informations pour cr\u00e9er la biblioth\u00e8que<\/a><\/li><li class='stoc-creer-la-bibliotheque-dans-alma'><a href='#stoc-creer-la-bibliotheque-dans-alma'>Cr\u00e9er la biblioth\u00e8que dans Alma<\/a><ol><li class='stoc-creer-la-bibliotheque-au-niveau-de-linstitution'><a href='#stoc-creer-la-bibliotheque-au-niveau-de-linstitution'>Cr\u00e9er la biblioth\u00e8que au niveau de l&rsquo;institution<\/a><\/li><li class='stoc-creer-la-structure-de-la-bibliotheque'><a href='#stoc-creer-la-structure-de-la-bibliotheque'>Cr\u00e9er la structure de la biblioth\u00e8que<\/a><\/li><\/ol><li class='https:\/\/rebub.u-bordeaux.fr\/index.php\/babord\/configuration-administration\/integration-alma-primo\/ajouter-une-bibliotheque\/'><a href='#https:\/\/rebub.u-bordeaux.fr\/index.php\/babord\/configuration-administration\/integration-alma-primo\/ajouter-une-bibliotheque\/'>Cr\u00e9er la biblioth\u00e8que dans Primo<\/a><\/li><\/ol><\/li><\/div><!-- END OF Table of Contents --><\/div><\/div><p><div id='wpig-contents' class='wpig-contents  wpig-sidebar-widget wpig-style-1'><span class='wpig-headline'>Table des mati\u00e8res<span><a data-action='show' class='wpig-btn-toggledisplay'>[ Show ]<\/a><\/span><\/span><!-- Table of Contents --><div id='wpig-table-of-content' class='wpig-table-of-content' ><ol><li class='stoc-recueillir-les-informations-pour-creer-la-bibliotheque'><a href='#stoc-recueillir-les-informations-pour-creer-la-bibliotheque'>Recueillir les informations pour cr\u00e9er la biblioth\u00e8que<\/a><\/li><li class='stoc-creer-la-bibliotheque-dans-alma'><a href='#stoc-creer-la-bibliotheque-dans-alma'>Cr\u00e9er la biblioth\u00e8que dans Alma<\/a><ol><li class='stoc-creer-la-bibliotheque-au-niveau-de-linstitution'><a href='#stoc-creer-la-bibliotheque-au-niveau-de-linstitution'>Cr\u00e9er la biblioth\u00e8que au niveau de l&rsquo;institution<\/a><\/li><li class='stoc-creer-la-structure-de-la-bibliotheque'><a href='#stoc-creer-la-structure-de-la-bibliotheque'>Cr\u00e9er la structure de la biblioth\u00e8que<\/a><\/li><\/ol><li class='https:\/\/rebub.u-bordeaux.fr\/index.php\/babord\/configuration-administration\/integration-alma-primo\/ajouter-une-bibliotheque\/'><a href='#https:\/\/rebub.u-bordeaux.fr\/index.php\/babord\/configuration-administration\/integration-alma-primo\/ajouter-une-bibliotheque\/'>Cr\u00e9er la biblioth\u00e8que dans Primo<\/a><\/li><\/ol><\/li><\/div><!-- END OF Table of Contents --><\/div><\/p>\n<h3 id=\"stoc-recueillir-les-informations-pour-creer-la-bibliotheque\" class=\"wpig-heading\">Recueillir les informations pour cr\u00e9er la biblioth\u00e8que<\/h3>\n\n\n\n<p>Au pr\u00e9alable, il faut recueillir toutes les informations n\u00e9cessaires \u00e0 la cr\u00e9ation de la biblioth\u00e8ques dans Alma.<\/p>\n\n\n\n<p>Voici le document \u00e0 utiliser pour le recueil : <a href=\"https:\/\/rebub.u-bordeaux.fr\/wp-content\/uploads\/2022\/04\/ALMA_Fichier-configuration-bibliotheque.xlsx\" target=\"_blank\" rel=\"noopener\">https:\/\/rebub.u-bordeaux.fr\/wp-content\/uploads\/2022\/04\/ALMA_Fichier-configuration-bibliotheque.xlsx<\/a><\/p>\n\n\n\n<h3 id=\"stoc-creer-la-bibliotheque-dans-alma\" class=\"wpig-heading\">Cr\u00e9er la biblioth\u00e8que dans Alma<\/h3>\n\n\n\n<h4 id=\"stoc-creer-la-bibliotheque-au-niveau-de-linstitution\" class=\"wpig-heading\">Cr\u00e9er la biblioth\u00e8que au niveau de l&rsquo;institution<\/h4>\n\n\n\n<p>Dans les pages de configuration d&rsquo;Alma, se positionner au niveau de l&rsquo;institution :<\/p>\n\n\n<div class=\"wp-block-image\">\n<figure class=\"aligncenter is-resized\"><a href=\"https:\/\/rebub.u-bordeaux.fr\/wp-content\/uploads\/2022\/04\/Creation-bibliotheque_Niveau-institution.png\" target=\"_blank\" rel=\"noopener\"><img decoding=\"async\" loading=\"lazy\" src=\"https:\/\/rebub.u-bordeaux.fr\/wp-content\/uploads\/2022\/04\/Creation-bibliotheque_Niveau-institution-967x1024.png\" alt=\"\" class=\"wp-image-13580\" width=\"473\" height=\"500\" srcset=\"https:\/\/rebub.u-bordeaux.fr\/wp-content\/uploads\/2022\/04\/Creation-bibliotheque_Niveau-institution-967x1024.png 967w, https:\/\/rebub.u-bordeaux.fr\/wp-content\/uploads\/2022\/04\/Creation-bibliotheque_Niveau-institution-283x300.png 283w, https:\/\/rebub.u-bordeaux.fr\/wp-content\/uploads\/2022\/04\/Creation-bibliotheque_Niveau-institution-768x813.png 768w, https:\/\/rebub.u-bordeaux.fr\/wp-content\/uploads\/2022\/04\/Creation-bibliotheque_Niveau-institution-1450x1536.png 1450w, https:\/\/rebub.u-bordeaux.fr\/wp-content\/uploads\/2022\/04\/Creation-bibliotheque_Niveau-institution.png 1660w\" sizes=\"(max-width: 473px) 100vw, 473px\" \/><\/a><\/figure><\/div>\n\n\n<div class=\"is-layout-flex wp-container-3 wp-block-columns bord-bloc-reutilisable has-background\" style=\"background-color:#ffeec2\">\n<div class=\"is-layout-flow wp-block-column is-vertically-aligned-center\" style=\"flex-basis:7%\">\n<figure class=\"wp-block-image alignfull size-full is-style-default\"><img decoding=\"async\" loading=\"lazy\" width=\"512\" height=\"512\" src=\"https:\/\/rebub.u-bordeaux.fr\/wp-content\/uploads\/2024\/04\/nouvelles-idees-en-cours.png\" alt=\"\" class=\"wp-image-19897\" srcset=\"https:\/\/rebub.u-bordeaux.fr\/wp-content\/uploads\/2024\/04\/nouvelles-idees-en-cours.png 512w, https:\/\/rebub.u-bordeaux.fr\/wp-content\/uploads\/2024\/04\/nouvelles-idees-en-cours-300x300.png 300w, https:\/\/rebub.u-bordeaux.fr\/wp-content\/uploads\/2024\/04\/nouvelles-idees-en-cours-150x150.png 150w\" sizes=\"(max-width: 512px) 100vw, 512px\" \/><\/figure>\n<\/div>\n\n\n\n<div class=\"is-layout-flow wp-block-column is-vertically-aligned-center\" style=\"flex-basis:85%\">\n<p><strong>Chemin d&rsquo;acc\u00e8s <\/strong>: Configuration\/G\u00e9n\u00e9ral\/Biblioth\u00e8ques\/Ajouter une biblioth\u00e8que ou modifier les informations de la biblioth\u00e8que<\/p>\n<\/div>\n<\/div>\n\n\n\n<p>Sur la page de configuration, se positionner sur l&rsquo;onglet \u00ab\u00a0Biblioth\u00e8ques\u00a0\u00bb puis cliquer sur \u00ab\u00a0Ajouter une biblioth\u00e8que\u00a0\u00bb :<\/p>\n\n\n\n<figure class=\"wp-block-image\"><a href=\"https:\/\/rebub.u-bordeaux.fr\/wp-content\/uploads\/2022\/04\/Creation-bibliotheque_Ajouter-une-bibliotheque.png\" target=\"_blank\" rel=\"noopener\"><img decoding=\"async\" loading=\"lazy\" width=\"4345\" height=\"1585\" src=\"https:\/\/rebub.u-bordeaux.fr\/wp-content\/uploads\/2022\/04\/Creation-bibliotheque_Ajouter-une-bibliotheque.png\" alt=\"\" class=\"wp-image-13581\" srcset=\"https:\/\/rebub.u-bordeaux.fr\/wp-content\/uploads\/2022\/04\/Creation-bibliotheque_Ajouter-une-bibliotheque.png 4345w, https:\/\/rebub.u-bordeaux.fr\/wp-content\/uploads\/2022\/04\/Creation-bibliotheque_Ajouter-une-bibliotheque-300x109.png 300w, https:\/\/rebub.u-bordeaux.fr\/wp-content\/uploads\/2022\/04\/Creation-bibliotheque_Ajouter-une-bibliotheque-1024x374.png 1024w, https:\/\/rebub.u-bordeaux.fr\/wp-content\/uploads\/2022\/04\/Creation-bibliotheque_Ajouter-une-bibliotheque-768x280.png 768w, https:\/\/rebub.u-bordeaux.fr\/wp-content\/uploads\/2022\/04\/Creation-bibliotheque_Ajouter-une-bibliotheque-1536x560.png 1536w, https:\/\/rebub.u-bordeaux.fr\/wp-content\/uploads\/2022\/04\/Creation-bibliotheque_Ajouter-une-bibliotheque-2048x747.png 2048w\" sizes=\"(max-width: 4345px) 100vw, 4345px\" \/><\/a><\/figure>\n\n\n\n<p><a href=\"https:\/\/knowledge.exlibrisgroup.com\/Alma\/Product_Documentation\/Alma_Online_Help_(Francais)\/090Administration\/050Configuration_des_fonctions_g\u00e9n\u00e9rales\/020Biblioth\u00e8ques#adm.structure.organization_units.form.add\" data-type=\"URL\" data-id=\"https:\/\/knowledge.exlibrisgroup.com\/Alma\/Product_Documentation\/Alma_Online_Help_(Francais)\/090Administration\/050Configuration_des_fonctions_g\u00e9n\u00e9rales\/020Biblioth\u00e8ques#adm.structure.organization_units.form.add\">Documentation Ex-Libris sur la cr\u00e9ation d&rsquo;une biblioth\u00e8que<\/a><\/p>\n\n\n\n<h4 id=\"stoc-creer-la-structure-de-la-bibliotheque\" class=\"wpig-heading\">Cr\u00e9er la structure de la biblioth\u00e8que<\/h4>\n\n\n\n<p>Se positionner au niveau de la biblioth\u00e8que nouvellement cr\u00e9\u00e9e :<\/p>\n\n\n\n<figure class=\"wp-block-image\"><a href=\"https:\/\/rebub.u-bordeaux.fr\/wp-content\/uploads\/2022\/04\/Creation-bibliotheque_Niveau-bibliotheque.png\" target=\"_blank\" rel=\"noopener\"><img decoding=\"async\" loading=\"lazy\" width=\"1692\" height=\"885\" src=\"https:\/\/rebub.u-bordeaux.fr\/wp-content\/uploads\/2022\/04\/Creation-bibliotheque_Niveau-bibliotheque.png\" alt=\"\" class=\"wp-image-13582\" srcset=\"https:\/\/rebub.u-bordeaux.fr\/wp-content\/uploads\/2022\/04\/Creation-bibliotheque_Niveau-bibliotheque.png 1692w, https:\/\/rebub.u-bordeaux.fr\/wp-content\/uploads\/2022\/04\/Creation-bibliotheque_Niveau-bibliotheque-300x157.png 300w, https:\/\/rebub.u-bordeaux.fr\/wp-content\/uploads\/2022\/04\/Creation-bibliotheque_Niveau-bibliotheque-1024x536.png 1024w, https:\/\/rebub.u-bordeaux.fr\/wp-content\/uploads\/2022\/04\/Creation-bibliotheque_Niveau-bibliotheque-768x402.png 768w, https:\/\/rebub.u-bordeaux.fr\/wp-content\/uploads\/2022\/04\/Creation-bibliotheque_Niveau-bibliotheque-1536x803.png 1536w\" sizes=\"(max-width: 1692px) 100vw, 1692px\" \/><\/a><\/figure>\n\n\n\n<p>Les \u00e9tapes \u00e0 respecter pour la cr\u00e9ation de la structure de la biblioth\u00e8que :<\/p>\n\n\n\n<ul>\n<li><a href=\"https:\/\/knowledge.exlibrisgroup.com\/Alma\/Product_Documentation\/Alma_Online_Help_(Francais)\/030Services_aux_usagers\/065Configuration_des_services_aux_utilisateurs\/080Configuration_g%C3%A9n%C3%A9rale\/020Configurer_des_traitements_de_services_aux_usagers#Configuring_Printers\" data-type=\"URL\" data-id=\"https:\/\/knowledge.exlibrisgroup.com\/Alma\/Product_Documentation\/Alma_Online_Help_(Francais)\/030Services_aux_usagers\/065Configuration_des_services_aux_utilisateurs\/080Configuration_g%C3%A9n%C3%A9rale\/020Configurer_des_traitements_de_services_aux_usagers#Configuring_Printers\">Cr\u00e9er la ou les imprimante(s)<\/a> <\/li>\n\n\n\n<li><a href=\"https:\/\/knowledge.exlibrisgroup.com\/Alma\/Product_Documentation\/Alma_Online_Help_(Francais)\/030Services_aux_usagers\/065Configuration_des_services_aux_utilisateurs\/060Infrastructure_de_services_aux_usagers\/010Biblioth\u00e8ques#circ_desk_add_general\" data-type=\"URL\" data-id=\"https:\/\/knowledge.exlibrisgroup.com\/Alma\/Product_Documentation\/Alma_Online_Help_(Francais)\/030Services_aux_usagers\/065Configuration_des_services_aux_utilisateurs\/060Infrastructure_de_services_aux_usagers\/010Biblioth\u00e8ques#circ_desk_add_general\">Cr\u00e9er le ou les bureaux de pr\u00eat<\/a><\/li>\n\n\n\n<li><a href=\"https:\/\/knowledge.exlibrisgroup.com\/Alma\/Product_Documentation\/Alma_Online_Help_(Francais)\/030Services_aux_usagers\/065Configuration_des_services_aux_utilisateurs\/060Infrastructure_de_services_aux_usagers\/030Configurer_des_localisations_physiques\" data-type=\"URL\" data-id=\"https:\/\/knowledge.exlibrisgroup.com\/Alma\/Product_Documentation\/Alma_Online_Help_(Francais)\/030Services_aux_usagers\/065Configuration_des_services_aux_utilisateurs\/060Infrastructure_de_services_aux_usagers\/030Configurer_des_localisations_physiques\">Cr\u00e9er la ou les localisations<\/a> <\/li>\n\n\n\n<li><a href=\"https:\/\/knowledge.exlibrisgroup.com\/Alma\/Product_Documentation\/Alma_Online_Help_(Francais)\/090Administration\/050Configuration_des_fonctions_g%C3%A9n%C3%A9rales\/020Biblioth%C3%A8ques#Managing_Institution.2FLibrary_Open_Hours\" data-type=\"URL\" data-id=\"https:\/\/knowledge.exlibrisgroup.com\/Alma\/Product_Documentation\/Alma_Online_Help_(Francais)\/090Administration\/050Configuration_des_fonctions_g%C3%A9n%C3%A9rales\/020Biblioth%C3%A8ques#Managing_Institution.2FLibrary_Open_Hours\">Cr\u00e9er le calendrier de la biblioth\u00e8que<\/a> <\/li>\n<\/ul>\n\n\n\n<h3 class=\"wpig-heading\"><a href=\"https:\/\/rebub.u-bordeaux.fr\/index.php\/babord\/configuration-administration\/integration-alma-primo\/ajouter-une-bibliotheque\/\" data-type=\"URL\" data-id=\"https:\/\/rebub.u-bordeaux.fr\/index.php\/babord\/configuration-administration\/integration-alma-primo\/ajouter-une-bibliotheque\/\">Cr\u00e9er la biblioth\u00e8que dans Primo<\/a><\/h3>\n\n\n\n<div class=\"is-layout-flex wp-container-9 wp-block-columns bord-bloc-reutilisable has-background\" style=\"background-color:#d9edf7\">\n<div class=\"is-layout-flow wp-block-column is-vertically-aligned-center\" style=\"font-size:15px;flex-basis:20%\">\n<p style=\"font-size:15px\"><strong>Date de publication<\/strong> <\/p>\n\n\n<div style=\"font-size:15px;\" class=\"wp-block-post-date\"><time datetime=\"2024-03-22T09:36:22+01:00\">22 mars 2024<\/time><\/div><\/div>\n\n\n\n<div class=\"is-layout-flow wp-block-column is-vertically-aligned-center\" style=\"font-size:15px;flex-basis:20%\">\n<p><strong>Mis \u00e0 jour le <\/strong><\/p>\n\n\n<div style=\"font-size:15px;\" class=\"wp-block-post-date\"><time datetime=\"2024-05-06T14:22:08+02:00\">6 mai 2024<\/time><\/div><\/div>\n\n\n\n<div class=\"is-layout-flow wp-block-column is-vertically-aligned-center\" style=\"font-size:15px;flex-basis:40%\">\n<p><\/p>\n\n\n\n<p><strong>Attention ! <\/strong>Certains \u00e9tablissements utilisent parfois de proc\u00e9dures compl\u00e9mentaires <\/p>\n<\/div>\n\n\n\n<div class=\"is-layout-flow wp-block-column is-vertically-aligned-center\" style=\"font-size:15px;flex-basis:25%\">\n<div class=\"is-horizontal is-content-justification-center is-layout-flex wp-container-7 wp-block-buttons alignfull has-custom-font-size\" style=\"font-size:16px\">\n<div class=\"wp-block-button has-custom-width wp-block-button__width-75 has-custom-font-size is-style-fill\" style=\"font-size:15px\"><a class=\"wp-block-button__link has-white-color has-text-color has-background wp-element-button\" href=\"mailto:scoop@u-bordeaux.fr\" style=\"border-radius:65px;background-color:#000000db\"><strong>Signaler une erreur<\/strong><\/a><\/div>\n<\/div>\n<\/div>\n<\/div>\n","protected":false},"excerpt":{"rendered":"<p>Table des mati\u00e8res[ Show ]Recueillir les informations pour cr\u00e9er la biblioth\u00e8queCr\u00e9er la biblioth\u00e8que dans AlmaCr\u00e9er la biblioth\u00e8que au niveau de l&rsquo;institutionCr\u00e9er la structure de la biblioth\u00e8queCr\u00e9er la biblioth\u00e8que dans PrimoRecueillir les informations pour cr\u00e9er la biblioth\u00e8que Au pr\u00e9alable, il faut&#8230;<\/p>\n","protected":false},"author":46,"featured_media":0,"parent":18756,"menu_order":0,"comment_status":"closed","ping_status":"closed","template":"","meta":[],"post_mailing_queue_ids":[],"_links":{"self":[{"href":"https:\/\/rebub.u-bordeaux.fr\/index.php\/wp-json\/wp\/v2\/pages\/18757"}],"collection":[{"href":"https:\/\/rebub.u-bordeaux.fr\/index.php\/wp-json\/wp\/v2\/pages"}],"about":[{"href":"https:\/\/rebub.u-bordeaux.fr\/index.php\/wp-json\/wp\/v2\/types\/page"}],"author":[{"embeddable":true,"href":"https:\/\/rebub.u-bordeaux.fr\/index.php\/wp-json\/wp\/v2\/users\/46"}],"replies":[{"embeddable":true,"href":"https:\/\/rebub.u-bordeaux.fr\/index.php\/wp-json\/wp\/v2\/comments?post=18757"}],"version-history":[{"count":4,"href":"https:\/\/rebub.u-bordeaux.fr\/index.php\/wp-json\/wp\/v2\/pages\/18757\/revisions"}],"predecessor-version":[{"id":21036,"href":"https:\/\/rebub.u-bordeaux.fr\/index.php\/wp-json\/wp\/v2\/pages\/18757\/revisions\/21036"}],"up":[{"embeddable":true,"href":"https:\/\/rebub.u-bordeaux.fr\/index.php\/wp-json\/wp\/v2\/pages\/18756"}],"wp:attachment":[{"href":"https:\/\/rebub.u-bordeaux.fr\/index.php\/wp-json\/wp\/v2\/media?parent=18757"}],"curies":[{"name":"wp","href":"https:\/\/api.w.org\/{rel}","templated":true}]}}