	{"id":18758,"date":"2024-03-22T09:36:23","date_gmt":"2024-03-22T08:36:23","guid":{"rendered":"https:\/\/rebub.u-bordeaux.fr\/?page_id=18758"},"modified":"2024-05-06T14:23:56","modified_gmt":"2024-05-06T12:23:56","slug":"creer-une-localisation","status":"publish","type":"page","link":"https:\/\/rebub.u-bordeaux.fr\/index.php\/alma\/configuration-administration\/gestion-des-ressources\/bibliotheques-localisations\/creer-une-localisation\/","title":{"rendered":"Cr\u00e9er une localisation"},"content":{"rendered":"<div id='wpig-floatingbar' class='wpig-floatingbar'><div id='wpig-switch-wrapper' class='wpig-switch-wrapper'><span id='wpig-floating-switch' class='wpig-floating-switch'><img src='https:\/\/rebub.u-bordeaux.fr\/wp-content\/plugins\/sticky-toc-advance-table-of-contents\/\\assets\\menu.png'><\/span><\/div><div id='wpig-contents' class='wpig-contents  wpig-sidebar-widget wpig-style-3'><span class='wpig-headline'>Table des mati\u00e8res<span><a data-action='show' class='wpig-btn-toggledisplay'>[ Show ]<\/a><\/span><\/span><!-- Table of Contents --><div id='wpig-table-of-content' class='wpig-table-of-content'><ol><li class='Recueillir_les_informations_pour_creer_la_bibliotheque'><a href='#Recueillir_les_informations_pour_creer_la_bibliotheque'>Recueillir les informations pour cr\u00e9er la localisation<\/a><\/li><li class='stoc-creer-la-localisation-dans-alma'><a href='#stoc-creer-la-localisation-dans-alma'>Cr\u00e9er la localisation dans Alma<\/a><\/li><\/div><!-- END OF Table of Contents --><\/div><\/div><p><div id='wpig-contents' class='wpig-contents  wpig-sidebar-widget wpig-style-1'><span class='wpig-headline'>Table des mati\u00e8res<span><a data-action='show' class='wpig-btn-toggledisplay'>[ Show ]<\/a><\/span><\/span><!-- Table of Contents --><div id='wpig-table-of-content' class='wpig-table-of-content' ><ol><li class='Recueillir_les_informations_pour_creer_la_bibliotheque'><a href='#Recueillir_les_informations_pour_creer_la_bibliotheque'>Recueillir les informations pour cr\u00e9er la localisation<\/a><\/li><li class='stoc-creer-la-localisation-dans-alma'><a href='#stoc-creer-la-localisation-dans-alma'>Cr\u00e9er la localisation dans Alma<\/a><\/li><\/div><!-- END OF Table of Contents --><\/div><\/p>\n<div class=\"is-layout-constrained wp-block-group bord-bloc-reutilisable\"><div class=\"wp-block-group__inner-container\">\n<div class=\"is-layout-flex wp-container-3 wp-block-columns alignfull bord-bloc-reutilisable has-background\" style=\"background-color:#ff303047\">\n<div class=\"is-layout-flow wp-block-column is-vertically-aligned-center\" style=\"flex-basis:7%\">\n<figure class=\"wp-block-image alignfull size-full\"><img decoding=\"async\" loading=\"lazy\" width=\"512\" height=\"512\" src=\"https:\/\/rebub.u-bordeaux.fr\/wp-content\/uploads\/2024\/04\/point-dexclamation.png\" alt=\"\" class=\"wp-image-19898\" srcset=\"https:\/\/rebub.u-bordeaux.fr\/wp-content\/uploads\/2024\/04\/point-dexclamation.png 512w, https:\/\/rebub.u-bordeaux.fr\/wp-content\/uploads\/2024\/04\/point-dexclamation-300x300.png 300w, https:\/\/rebub.u-bordeaux.fr\/wp-content\/uploads\/2024\/04\/point-dexclamation-150x150.png 150w\" sizes=\"(max-width: 512px) 100vw, 512px\" \/><\/figure>\n<\/div>\n\n\n\n<div class=\"is-layout-flow wp-block-column is-vertically-aligned-center\" style=\"flex-basis:85%\">\n<p><strong>Ne jamais supprimer une localisation m\u00eame si cette derni\u00e8re n&rsquo;est plus utilis\u00e9e<\/strong>. Analytics, quand il historise la transaction, ne conserve que le code de la localisation sans le libell\u00e9. Ainsi, les transactions sur des exemplaires localis\u00e9s dans une ancienne localisation ne peuvent plus \u00eatre ventil\u00e9es sur le nom de la localisation. D&rsquo;autre part, il y a un risque d&rsquo;attribuer \u00e0 une nouvelle localisation un identifiant d\u00e9j\u00e0 utilis\u00e9, cf ticket 2310020125<\/p>\n<\/div>\n<\/div>\n<\/div><\/div>\n\n\n\n<h3 class=\"wpig-heading\"><span id=\"Recueillir_les_informations_pour_creer_la_bibliotheque\">Recueillir les informations pour cr\u00e9er la localisation<\/span><\/h3>\n\n\n\n<p>Au pr\u00e9alable, il faut recueillir toutes les informations n\u00e9cessaires \u00e0 la cr\u00e9ation de la biblioth\u00e8ques dans Alma.<\/p>\n\n\n\n<p>Voici le document \u00e0 utiliser pour le recueil : <a href=\"https:\/\/rebub.u-bordeaux.fr\/wp-content\/uploads\/2022\/04\/ALMA_Fichier-configuration-localisations.xlsx\" target=\"_blank\" rel=\"noopener\">https:\/\/rebub.u-bordeaux.fr\/wp-content\/uploads\/2022\/04\/ALMA_Fichier-configuration-localisations.xlsx<\/a><\/p>\n\n\n\n<h3 id=\"stoc-creer-la-localisation-dans-alma\" class=\"wpig-heading\">Cr\u00e9er la localisation dans Alma<\/h3>\n\n\n\n<p>Dans les pages de configuration d&rsquo;Alma, se positionner sur la biblioth\u00e8que :<\/p>\n\n\n<div class=\"wp-block-image\">\n<figure class=\"aligncenter is-resized\"><a href=\"https:\/\/rebub.u-bordeaux.fr\/wp-content\/uploads\/2022\/04\/Creation-localisation_Niveau-bibliotheque.png\" target=\"_blank\" rel=\"noopener\"><img decoding=\"async\" loading=\"lazy\" src=\"https:\/\/rebub.u-bordeaux.fr\/wp-content\/uploads\/2022\/04\/Creation-localisation_Niveau-bibliotheque.png\" alt=\"\" class=\"wp-image-13602\" width=\"554\" height=\"340\" srcset=\"https:\/\/rebub.u-bordeaux.fr\/wp-content\/uploads\/2022\/04\/Creation-localisation_Niveau-bibliotheque.png 1413w, https:\/\/rebub.u-bordeaux.fr\/wp-content\/uploads\/2022\/04\/Creation-localisation_Niveau-bibliotheque-300x184.png 300w, https:\/\/rebub.u-bordeaux.fr\/wp-content\/uploads\/2022\/04\/Creation-localisation_Niveau-bibliotheque-1024x628.png 1024w, https:\/\/rebub.u-bordeaux.fr\/wp-content\/uploads\/2022\/04\/Creation-localisation_Niveau-bibliotheque-768x471.png 768w\" sizes=\"(max-width: 554px) 100vw, 554px\" \/><\/a><\/figure><\/div>\n\n\n<p>Chemin d&rsquo;acc\u00e8s : Configuration\/Services aux usagers\/Localisation\/Localisations physiques<\/p>\n\n\n\n<p>Sur la page de configuration, cliquer sur le bouton \u00ab\u00a0Ajouter une localisation\u00a0\u00bb :<\/p>\n\n\n\n<figure class=\"wp-block-image\"><a href=\"https:\/\/rebub.u-bordeaux.fr\/wp-content\/uploads\/2022\/04\/Creation-localisation_Bouton-ajouter-une-localisation.png\" target=\"_blank\" rel=\"noopener\"><img decoding=\"async\" loading=\"lazy\" width=\"4332\" height=\"1058\" src=\"https:\/\/rebub.u-bordeaux.fr\/wp-content\/uploads\/2022\/04\/Creation-localisation_Bouton-ajouter-une-localisation.png\" alt=\"\" class=\"wp-image-13603\" srcset=\"https:\/\/rebub.u-bordeaux.fr\/wp-content\/uploads\/2022\/04\/Creation-localisation_Bouton-ajouter-une-localisation.png 4332w, https:\/\/rebub.u-bordeaux.fr\/wp-content\/uploads\/2022\/04\/Creation-localisation_Bouton-ajouter-une-localisation-300x73.png 300w, https:\/\/rebub.u-bordeaux.fr\/wp-content\/uploads\/2022\/04\/Creation-localisation_Bouton-ajouter-une-localisation-1024x250.png 1024w, https:\/\/rebub.u-bordeaux.fr\/wp-content\/uploads\/2022\/04\/Creation-localisation_Bouton-ajouter-une-localisation-768x188.png 768w, https:\/\/rebub.u-bordeaux.fr\/wp-content\/uploads\/2022\/04\/Creation-localisation_Bouton-ajouter-une-localisation-1536x375.png 1536w, https:\/\/rebub.u-bordeaux.fr\/wp-content\/uploads\/2022\/04\/Creation-localisation_Bouton-ajouter-une-localisation-2048x500.png 2048w\" sizes=\"(max-width: 4332px) 100vw, 4332px\" \/><\/a><\/figure>\n\n\n\n<p>Une boite de dialogue s&rsquo;ouvre :<\/p>\n\n\n<div class=\"wp-block-image\">\n<figure class=\"aligncenter\"><a href=\"https:\/\/rebub.u-bordeaux.fr\/wp-content\/uploads\/2022\/04\/Creation-localisation_Boite-dialogue.png\" target=\"_blank\" rel=\"noopener\"><img decoding=\"async\" loading=\"lazy\" width=\"423\" height=\"747\" src=\"https:\/\/rebub.u-bordeaux.fr\/wp-content\/uploads\/2022\/04\/Creation-localisation_Boite-dialogue.png\" alt=\"\" class=\"wp-image-13604\" srcset=\"https:\/\/rebub.u-bordeaux.fr\/wp-content\/uploads\/2022\/04\/Creation-localisation_Boite-dialogue.png 423w, https:\/\/rebub.u-bordeaux.fr\/wp-content\/uploads\/2022\/04\/Creation-localisation_Boite-dialogue-170x300.png 170w\" sizes=\"(max-width: 423px) 100vw, 423px\" \/><\/a><\/figure><\/div>\n\n\n<p>Dans boite de dialogue, renseigner les champs suivants :<\/p>\n\n\n\n<ul>\n<li><strong>Code<\/strong> (obligatoire) : il correspond \u00e0 l&rsquo;identifiant de la localisation dans Alma. Incr\u00e9menter le code en fonction des localisations d\u00e9j\u00e0 existante. Si c&rsquo;est la premi\u00e8re localisation cr\u00e9\u00e9e, reprendre le code de la biblioth\u00e8que et lui ajouter +1.<\/li>\n\n\n\n<li><strong>Nom<\/strong> : c&rsquo;est le libell\u00e9 de la localisation tel qu&rsquo;il appara\u00eet dans Alma.<\/li>\n\n\n\n<li><strong>Nom externe<\/strong> : c&rsquo;est le libell\u00e9 de la localisation tel qu&rsquo;il appara\u00eet dans Babord+.<\/li>\n\n\n\n<li><strong>Type<\/strong> : c&rsquo;est le type de localisation. Il existe plusieurs valeurs disponibles. Les deux principales utilis\u00e9es sont \u00ab\u00a0ouverte\u00a0\u00bb (correspond aux localisations des salles de lecture, accessibles aux lecteurs) et \u00ab\u00a0ferm\u00e9\u00a0\u00bb (correspond aux localisations magasin, pas accessibles directement par les lecteurs)<\/li>\n\n\n\n<li><strong>Unit\u00e9 de services aux usagers<\/strong> : les unit\u00e9s de services portent les r\u00e8gles de circulation. Il s&rsquo;agit de choisir \u00e0 quelle unit\u00e9 associer la localisation qui suivra donc les r\u00e8gles de cette derni\u00e8re. Les unit\u00e9s de services aux usagers existantes sont : \n<table id=\"tablepress-131\" class=\"tablepress tablepress-id-131\">\n<thead>\n<tr class=\"row-1\">\n\t<th class=\"column-1\"><strong>Code Alma<\/strong><\/th><th class=\"column-2\"><strong>Nom de l'unit\u00e9 de services aux usagers<\/strong><\/th><th class=\"column-3\"><strong>R\u00e8gle principale de circulation<\/strong><\/th>\n<\/tr>\n<\/thead>\n<tbody>\n<tr class=\"row-2\">\n\t<td class=\"column-1\">DOCLIBRE-3<\/td><td class=\"column-2\">libre acc\u00e8s<\/td><td class=\"column-3\">Les documents sont empruntables sur une dur\u00e9e normale<\/td>\n<\/tr>\n<tr class=\"row-3\">\n\t<td class=\"column-1\">MAGASIN-3<\/td><td class=\"column-2\">magasin<\/td><td class=\"column-3\">Les documents sont empruntables sur une dur\u00e9e normale<\/td>\n<\/tr>\n<tr class=\"row-4\">\n\t<td class=\"column-1\">MAGASIN-1<\/td><td class=\"column-2\">r\u00e9serve<\/td><td class=\"column-3\">Les documents sont exclus du pr\u00eat<\/td>\n<\/tr>\n<tr class=\"row-5\">\n\t<td class=\"column-1\">DOCLIBRE-1<\/td><td class=\"column-2\">libre-acc\u00e8s de consultation<br \/>\n<\/td><td class=\"column-3\">Les documents sont exclus du pr\u00eat<\/td>\n<\/tr>\n<tr class=\"row-6\">\n\t<td class=\"column-1\">DOCLIBRE-2<\/td><td class=\"column-2\">libre-acc\u00e8s \u00e0 limitation<\/td><td class=\"column-3\">Les documents sont empruntables pour une dur\u00e9e limit\u00e9e<\/td>\n<\/tr>\n<tr class=\"row-7\">\n\t<td class=\"column-1\">INTERNE-1<\/td><td class=\"column-2\">service interne<\/td><td class=\"column-3\">Les documents sont exclus du pr\u00eat<\/td>\n<\/tr>\n<tr class=\"row-8\">\n\t<td class=\"column-1\">INTERNE-2<\/td><td class=\"column-2\">d\u00e9p\u00f4t enseignant<\/td><td class=\"column-3\">Les documents sont non consultables<\/td>\n<\/tr>\n<tr class=\"row-9\">\n\t<td class=\"column-1\">MAGASIN-2<\/td><td class=\"column-2\">magasin \u00e0 limitation<\/td><td class=\"column-3\">Les documents sont empruntables pour une dur\u00e9e limit\u00e9e<\/td>\n<\/tr>\n<tr class=\"row-10\">\n\t<td class=\"column-1\">MAGASIN-5<\/td><td class=\"column-2\">magasin exclus du pr\u00eat<\/td><td class=\"column-3\">Les documents sont exclus du pr\u00eat<\/td>\n<\/tr>\n<\/tbody>\n<\/table>\n<!-- #tablepress-131 from cache --><\/li>\n\n\n\n<li><strong>Type de cote<\/strong> : il s&rsquo;agit du type de cote que portent les exemplaires qui se trouvent dans la localisation. Le type de cote param\u00e9tr\u00e9 au niveau de la localisation sera automatiquement attribu\u00e9 aux notices de fonds cr\u00e9\u00e9s dans cette localisation.<\/li>\n<\/ul>\n\n\n\n<p>A savoir : concernant les libell\u00e9s, il est possible de mettre un libell\u00e9 par langue. Si on ne traduit pas le libell\u00e9, c&rsquo;est le libell\u00e9s par d\u00e9faut qui s&rsquo;affichera partout. Le libell\u00e9 par d\u00e9faut est le libell\u00e9 en langue anglaise.<\/p>\n\n\n\n<p>Apr\u00e8s avoir saisi toutes les informations dans la boite de dialogue, la localisation est cr\u00e9\u00e9e et s&rsquo;affiche parmi toutes les localisations :<\/p>\n\n\n\n<figure class=\"wp-block-image\"><a href=\"https:\/\/rebub.u-bordeaux.fr\/wp-content\/uploads\/2022\/04\/Creation-localisation_Localisation-creee.png\" target=\"_blank\" rel=\"noopener\"><img decoding=\"async\" loading=\"lazy\" width=\"5086\" height=\"2611\" src=\"https:\/\/rebub.u-bordeaux.fr\/wp-content\/uploads\/2022\/04\/Creation-localisation_Localisation-creee.png\" alt=\"\" class=\"wp-image-13611\" srcset=\"https:\/\/rebub.u-bordeaux.fr\/wp-content\/uploads\/2022\/04\/Creation-localisation_Localisation-creee.png 5086w, https:\/\/rebub.u-bordeaux.fr\/wp-content\/uploads\/2022\/04\/Creation-localisation_Localisation-creee-300x154.png 300w, https:\/\/rebub.u-bordeaux.fr\/wp-content\/uploads\/2022\/04\/Creation-localisation_Localisation-creee-1024x526.png 1024w, https:\/\/rebub.u-bordeaux.fr\/wp-content\/uploads\/2022\/04\/Creation-localisation_Localisation-creee-768x394.png 768w, https:\/\/rebub.u-bordeaux.fr\/wp-content\/uploads\/2022\/04\/Creation-localisation_Localisation-creee-1536x789.png 1536w, https:\/\/rebub.u-bordeaux.fr\/wp-content\/uploads\/2022\/04\/Creation-localisation_Localisation-creee-2048x1051.png 2048w\" sizes=\"(max-width: 5086px) 100vw, 5086px\" \/><\/a><\/figure>\n\n\n\n<p>Il reste \u00e0 associer les bureaux de pr\u00eats qui g\u00e9reront les pr\u00eats et les retours pour la localisation cr\u00e9\u00e9e.<\/p>\n\n\n\n<p>Cliquer sur le bouton <a href=\"https:\/\/rebub.u-bordeaux.fr\/wp-content\/uploads\/2018\/06\/bouton-actions-suppl\u00e9mentaires.jpg\"><img decoding=\"async\" loading=\"lazy\" class=\"alignnone size-full wp-image-3417\" src=\"https:\/\/rebub.u-bordeaux.fr\/wp-content\/uploads\/2018\/06\/bouton-actions-suppl\u00e9mentaires.jpg\" alt=\"\" width=\"52\" height=\"35\"><\/a> sur la ligne de la localisation et s\u00e9lectionner \u00ab\u00a0Modifier\u00a0\u00bb :<\/p>\n\n\n\n<figure class=\"wp-block-image\"><a href=\"https:\/\/rebub.u-bordeaux.fr\/wp-content\/uploads\/2022\/04\/Creation-localisation_Bouton-modifier-localisation.png\" target=\"_blank\" rel=\"noopener\"><img decoding=\"async\" loading=\"lazy\" width=\"4588\" height=\"817\" src=\"https:\/\/rebub.u-bordeaux.fr\/wp-content\/uploads\/2022\/04\/Creation-localisation_Bouton-modifier-localisation.png\" alt=\"\" class=\"wp-image-13612\" srcset=\"https:\/\/rebub.u-bordeaux.fr\/wp-content\/uploads\/2022\/04\/Creation-localisation_Bouton-modifier-localisation.png 4588w, https:\/\/rebub.u-bordeaux.fr\/wp-content\/uploads\/2022\/04\/Creation-localisation_Bouton-modifier-localisation-300x53.png 300w, https:\/\/rebub.u-bordeaux.fr\/wp-content\/uploads\/2022\/04\/Creation-localisation_Bouton-modifier-localisation-1024x182.png 1024w, https:\/\/rebub.u-bordeaux.fr\/wp-content\/uploads\/2022\/04\/Creation-localisation_Bouton-modifier-localisation-768x137.png 768w, https:\/\/rebub.u-bordeaux.fr\/wp-content\/uploads\/2022\/04\/Creation-localisation_Bouton-modifier-localisation-1536x274.png 1536w, https:\/\/rebub.u-bordeaux.fr\/wp-content\/uploads\/2022\/04\/Creation-localisation_Bouton-modifier-localisation-2048x365.png 2048w\" sizes=\"(max-width: 4588px) 100vw, 4588px\" \/><\/a><\/figure>\n\n\n\n<p>Cliquer sur le bouton \u00ab\u00a0Joindre un bureau de pr\u00eat existant\u00a0\u00bb pour associer un bureau de pr\u00eat de la biblioth\u00e8que \u00e0 la localisation :<\/p>\n\n\n\n<figure class=\"wp-block-image\"><a href=\"https:\/\/rebub.u-bordeaux.fr\/wp-content\/uploads\/2022\/04\/Creation-localisation_Boutoin-joindre-bureau-pret.png\" target=\"_blank\" rel=\"noopener\"><img decoding=\"async\" loading=\"lazy\" width=\"5088\" height=\"2482\" src=\"https:\/\/rebub.u-bordeaux.fr\/wp-content\/uploads\/2022\/04\/Creation-localisation_Boutoin-joindre-bureau-pret.png\" alt=\"\" class=\"wp-image-13613\" srcset=\"https:\/\/rebub.u-bordeaux.fr\/wp-content\/uploads\/2022\/04\/Creation-localisation_Boutoin-joindre-bureau-pret.png 5088w, https:\/\/rebub.u-bordeaux.fr\/wp-content\/uploads\/2022\/04\/Creation-localisation_Boutoin-joindre-bureau-pret-300x146.png 300w, https:\/\/rebub.u-bordeaux.fr\/wp-content\/uploads\/2022\/04\/Creation-localisation_Boutoin-joindre-bureau-pret-1024x500.png 1024w, https:\/\/rebub.u-bordeaux.fr\/wp-content\/uploads\/2022\/04\/Creation-localisation_Boutoin-joindre-bureau-pret-768x375.png 768w, https:\/\/rebub.u-bordeaux.fr\/wp-content\/uploads\/2022\/04\/Creation-localisation_Boutoin-joindre-bureau-pret-1536x749.png 1536w, https:\/\/rebub.u-bordeaux.fr\/wp-content\/uploads\/2022\/04\/Creation-localisation_Boutoin-joindre-bureau-pret-2048x999.png 2048w\" sizes=\"(max-width: 5088px) 100vw, 5088px\" \/><\/a><\/figure>\n\n\n\n<p>Une boite de dialogue s&rsquo;ouvre :<\/p>\n\n\n<div class=\"wp-block-image\">\n<figure class=\"aligncenter\"><a href=\"https:\/\/rebub.u-bordeaux.fr\/wp-content\/uploads\/2022\/04\/Creation-localisation_Boite-dialogue-bureau-pret.png\" target=\"_blank\" rel=\"noopener\"><img decoding=\"async\" loading=\"lazy\" width=\"371\" height=\"401\" src=\"https:\/\/rebub.u-bordeaux.fr\/wp-content\/uploads\/2022\/04\/Creation-localisation_Boite-dialogue-bureau-pret.png\" alt=\"\" class=\"wp-image-13615\" srcset=\"https:\/\/rebub.u-bordeaux.fr\/wp-content\/uploads\/2022\/04\/Creation-localisation_Boite-dialogue-bureau-pret.png 371w, https:\/\/rebub.u-bordeaux.fr\/wp-content\/uploads\/2022\/04\/Creation-localisation_Boite-dialogue-bureau-pret-278x300.png 278w\" sizes=\"(max-width: 371px) 100vw, 371px\" \/><\/a><\/figure><\/div>\n\n\n<p>Dans cette boite de dialogue :<\/p>\n\n\n\n<ul>\n<li>s\u00e9lectionner un bureau de pr\u00eat existant<\/li>\n\n\n\n<li>choisir les services que va pouvoir effectuer le bureau de pr\u00eat sur les documents de la localisation :\n<ul>\n<li>Check in : retour de documents<\/li>\n\n\n\n<li>Check out : pr\u00eat de documents<\/li>\n\n\n\n<li>Reshelve : remise en rayon de document<\/li>\n<\/ul>\n<\/li>\n<\/ul>\n\n\n\n<p>R\u00e9p\u00e9ter l&rsquo;op\u00e9ration si on souhaite associer plusieurs bureaux de pr\u00eat \u00e0 la localisation.<\/p>\n\n\n\n<p>Cette page sert \u00e9galement \u00e0 faire d&rsquo;autres modifications si n\u00e9cessaire. C&rsquo;est sur cette page que l&rsquo;on peut modifier les diff\u00e9rents libell\u00e9s de la localisation en fonction de la langue de l&rsquo;interface en cliquant sur l&rsquo;ic\u00f4ne <a href=\"https:\/\/rebub.u-bordeaux.fr\/wp-content\/uploads\/2022\/04\/Creation-localisation_Icone-planete.png\"><img decoding=\"async\" loading=\"lazy\" class=\"alignnone size-full wp-image-13617\" src=\"https:\/\/rebub.u-bordeaux.fr\/wp-content\/uploads\/2022\/04\/Creation-localisation_Icone-planete.png\" alt=\"\" width=\"26\" height=\"25\"><\/a><\/p>\n\n\n\n<p>Pour la cotation automatique, il faut ajouter la cote comme ci-dessous dans la partie \u00ab\u00a0configuration des donn\u00e9es sur les fonds\u00a0\u00bb<\/p>\n\n\n\n<figure class=\"wp-block-image size-large\"><img decoding=\"async\" loading=\"lazy\" width=\"1024\" height=\"94\" src=\"https:\/\/rebub.u-bordeaux.fr\/wp-content\/uploads\/2023\/01\/cotation_auto-1024x94.jpg\" alt=\"\" class=\"wp-image-14572\" srcset=\"https:\/\/rebub.u-bordeaux.fr\/wp-content\/uploads\/2023\/01\/cotation_auto-1024x94.jpg 1024w, https:\/\/rebub.u-bordeaux.fr\/wp-content\/uploads\/2023\/01\/cotation_auto-300x28.jpg 300w, https:\/\/rebub.u-bordeaux.fr\/wp-content\/uploads\/2023\/01\/cotation_auto-768x71.jpg 768w, https:\/\/rebub.u-bordeaux.fr\/wp-content\/uploads\/2023\/01\/cotation_auto.jpg 1468w\" sizes=\"(max-width: 1024px) 100vw, 1024px\" \/><\/figure>\n\n\n\n<div class=\"is-layout-flex wp-container-10 wp-block-columns bord-bloc-reutilisable has-background\" style=\"background-color:#d9edf7\">\n<div class=\"is-layout-flow wp-block-column is-vertically-aligned-center\" style=\"font-size:15px;flex-basis:20%\">\n<p style=\"font-size:15px\"><strong>Date de publication<\/strong> <\/p>\n\n\n<div style=\"font-size:15px;\" class=\"wp-block-post-date\"><time datetime=\"2024-03-22T09:36:23+01:00\">22 mars 2024<\/time><\/div><\/div>\n\n\n\n<div class=\"is-layout-flow wp-block-column is-vertically-aligned-center\" style=\"font-size:15px;flex-basis:20%\">\n<p><strong>Mis \u00e0 jour le <\/strong><\/p>\n\n\n<div style=\"font-size:15px;\" class=\"wp-block-post-date\"><time datetime=\"2024-05-06T14:23:56+02:00\">6 mai 2024<\/time><\/div><\/div>\n\n\n\n<div class=\"is-layout-flow wp-block-column is-vertically-aligned-center\" style=\"font-size:15px;flex-basis:40%\">\n<p><\/p>\n\n\n\n<p><strong>Attention ! <\/strong>Certains \u00e9tablissements utilisent parfois de proc\u00e9dures compl\u00e9mentaires <\/p>\n<\/div>\n\n\n\n<div class=\"is-layout-flow wp-block-column is-vertically-aligned-center\" style=\"font-size:15px;flex-basis:25%\">\n<div class=\"is-horizontal is-content-justification-center is-layout-flex wp-container-8 wp-block-buttons alignfull has-custom-font-size\" style=\"font-size:16px\">\n<div class=\"wp-block-button has-custom-width wp-block-button__width-75 has-custom-font-size is-style-fill\" style=\"font-size:15px\"><a class=\"wp-block-button__link has-white-color has-text-color has-background wp-element-button\" href=\"mailto:scoop@u-bordeaux.fr\" style=\"border-radius:65px;background-color:#000000db\"><strong>Signaler une erreur<\/strong><\/a><\/div>\n<\/div>\n<\/div>\n<\/div>\n","protected":false},"excerpt":{"rendered":"<p>Table des mati\u00e8res[ Show ]Recueillir les informations pour cr\u00e9er la localisationCr\u00e9er la localisation dans AlmaNe jamais supprimer une localisation m\u00eame si cette derni\u00e8re n&rsquo;est plus utilis\u00e9e. Analytics, quand il historise la transaction, ne conserve que le code de la localisation&#8230;<\/p>\n","protected":false},"author":46,"featured_media":0,"parent":18756,"menu_order":1,"comment_status":"closed","ping_status":"closed","template":"","meta":[],"post_mailing_queue_ids":[],"_links":{"self":[{"href":"https:\/\/rebub.u-bordeaux.fr\/index.php\/wp-json\/wp\/v2\/pages\/18758"}],"collection":[{"href":"https:\/\/rebub.u-bordeaux.fr\/index.php\/wp-json\/wp\/v2\/pages"}],"about":[{"href":"https:\/\/rebub.u-bordeaux.fr\/index.php\/wp-json\/wp\/v2\/types\/page"}],"author":[{"embeddable":true,"href":"https:\/\/rebub.u-bordeaux.fr\/index.php\/wp-json\/wp\/v2\/users\/46"}],"replies":[{"embeddable":true,"href":"https:\/\/rebub.u-bordeaux.fr\/index.php\/wp-json\/wp\/v2\/comments?post=18758"}],"version-history":[{"count":3,"href":"https:\/\/rebub.u-bordeaux.fr\/index.php\/wp-json\/wp\/v2\/pages\/18758\/revisions"}],"predecessor-version":[{"id":21039,"href":"https:\/\/rebub.u-bordeaux.fr\/index.php\/wp-json\/wp\/v2\/pages\/18758\/revisions\/21039"}],"up":[{"embeddable":true,"href":"https:\/\/rebub.u-bordeaux.fr\/index.php\/wp-json\/wp\/v2\/pages\/18756"}],"wp:attachment":[{"href":"https:\/\/rebub.u-bordeaux.fr\/index.php\/wp-json\/wp\/v2\/media?parent=18758"}],"curies":[{"name":"wp","href":"https:\/\/api.w.org\/{rel}","templated":true}]}}