	{"id":18759,"date":"2024-03-22T09:36:24","date_gmt":"2024-03-22T08:36:24","guid":{"rendered":"https:\/\/rebub.u-bordeaux.fr\/?page_id=18759"},"modified":"2026-03-19T16:03:20","modified_gmt":"2026-03-19T15:03:20","slug":"supprimer-une-bibliotheque","status":"publish","type":"page","link":"https:\/\/rebub.u-bordeaux.fr\/index.php\/alma\/configuration-administration\/gestion-des-ressources\/bibliotheques-localisations\/supprimer-une-bibliotheque\/","title":{"rendered":"Supprimer une biblioth\u00e8que"},"content":{"rendered":"<div id='wpig-floatingbar' class='wpig-floatingbar'><div id='wpig-switch-wrapper' class='wpig-switch-wrapper'><span id='wpig-floating-switch' class='wpig-floating-switch'><img src='https:\/\/rebub.u-bordeaux.fr\/wp-content\/plugins\/sticky-toc-advance-table-of-contents\/\\assets\\menu.png'><\/span><\/div><div id='wpig-contents' class='wpig-contents  wpig-sidebar-widget wpig-style-3'><span class='wpig-headline'>Table des mati\u00e8res<span><a data-action='show' class='wpig-btn-toggledisplay'>[ Show ]<\/a><\/span><\/span><!-- Table of Contents --><div id='wpig-table-of-content' class='wpig-table-of-content'><ol><li class='stoc-1-verifier-que-la-bibliotheque-est-vide-et-quaucune-demande-ne-soient-associee-aux-bureaux-de-pret'><a href='#stoc-1-verifier-que-la-bibliotheque-est-vide-et-quaucune-demande-ne-soient-associee-aux-bureaux-de-pret'>1. V\u00e9rifier que la biblioth\u00e8que est vide et qu&rsquo;aucune demande ne soient associ\u00e9e aux bureaux de pr\u00eat <\/a><\/li><li class='stoc-2-supprimer-les-bureaux-de-pret-pour-sassurer-que-la-bibliotheque-reste-vide'><a href='#stoc-2-supprimer-les-bureaux-de-pret-pour-sassurer-que-la-bibliotheque-reste-vide'>2. Supprimer les bureaux de pr\u00eat pour s\u2019assurer que la biblioth\u00e8que reste vide<\/a><\/li><li class='stoc-3-renommer-la-bibliotheque-en-la-prefixant-par-zsup'><a href='#stoc-3-renommer-la-bibliotheque-en-la-prefixant-par-zsup'>3. Renommer la biblioth\u00e8que en la pr\u00e9fixant par \u00ab\u00a0ZSUP-\u00bb<\/a><\/li><li class='stoc-nettoyages-supplementaires'><a href='#stoc-nettoyages-supplementaires'>Nettoyages suppl\u00e9mentaires<\/a><ol><li class='stoc-supprimer-les-profils-de-droits-specifiques-a-la-bibliotheque-supprimee'><a href='#stoc-supprimer-les-profils-de-droits-specifiques-a-la-bibliotheque-supprimee'>Supprimer les profils de droits sp\u00e9cifiques \u00e0 la biblioth\u00e8que supprim\u00e9e<\/a><\/li><\/ol><\/li><\/div><!-- END OF Table of Contents --><\/div><\/div><p><div id='wpig-contents' class='wpig-contents  wpig-sidebar-widget wpig-style-1'><span class='wpig-headline'>Table des mati\u00e8res<span><a data-action='show' class='wpig-btn-toggledisplay'>[ Show ]<\/a><\/span><\/span><!-- Table of Contents --><div id='wpig-table-of-content' class='wpig-table-of-content' ><ol><li class='stoc-1-verifier-que-la-bibliotheque-est-vide-et-quaucune-demande-ne-soient-associee-aux-bureaux-de-pret'><a href='#stoc-1-verifier-que-la-bibliotheque-est-vide-et-quaucune-demande-ne-soient-associee-aux-bureaux-de-pret'>1. V\u00e9rifier que la biblioth\u00e8que est vide et qu&rsquo;aucune demande ne soient associ\u00e9e aux bureaux de pr\u00eat <\/a><\/li><li class='stoc-2-supprimer-les-bureaux-de-pret-pour-sassurer-que-la-bibliotheque-reste-vide'><a href='#stoc-2-supprimer-les-bureaux-de-pret-pour-sassurer-que-la-bibliotheque-reste-vide'>2. Supprimer les bureaux de pr\u00eat pour s\u2019assurer que la biblioth\u00e8que reste vide<\/a><\/li><li class='stoc-3-renommer-la-bibliotheque-en-la-prefixant-par-zsup'><a href='#stoc-3-renommer-la-bibliotheque-en-la-prefixant-par-zsup'>3. Renommer la biblioth\u00e8que en la pr\u00e9fixant par \u00ab\u00a0ZSUP-\u00bb<\/a><\/li><li class='stoc-nettoyages-supplementaires'><a href='#stoc-nettoyages-supplementaires'>Nettoyages suppl\u00e9mentaires<\/a><ol><li class='stoc-supprimer-les-profils-de-droits-specifiques-a-la-bibliotheque-supprimee'><a href='#stoc-supprimer-les-profils-de-droits-specifiques-a-la-bibliotheque-supprimee'>Supprimer les profils de droits sp\u00e9cifiques \u00e0 la biblioth\u00e8que supprim\u00e9e<\/a><\/li><\/ol><\/li><\/div><!-- END OF Table of Contents --><\/div><\/p>\n<p>Depuis octobre 2023, les biblioth\u00e8ques <strong>ne sont plus supprim\u00e9es<\/strong> dans Alma. En effet, il a \u00e9t\u00e9 constat\u00e9 que lors de l&rsquo;historisation des transactions les noms des biblioth\u00e8ques ne sont pas conserv\u00e9s, seuls les codes le sont. Dans Analytics, l&rsquo;historique des transactions d&rsquo;exemplaires anciennement localis\u00e9s dans des biblioth\u00e8ques supprim\u00e9es ne peut plus \u00eatre ventil\u00e9 par noms de biblioth\u00e8ques. De plus, il y a un risque d\u2019attribuer \u00e0 une nouvelle biblioth\u00e8que un code anciennement attribu\u00e9 \u00e0 une biblioth\u00e8que supprim\u00e9e (cf ticket 2310020125). <\/p>\n\n\n\n<p>Ainsi, lorsqu&rsquo;une <strong>biblioth\u00e8que n&rsquo;est plus utilis\u00e9e<\/strong>, il faut <strong>suivre la proc\u00e9dure suivante<\/strong> pour la <strong>pr\u00e9fixer par \u00ab\u00a0ZSUP-\u00bb.<\/strong><\/p>\n\n\n\n<h2 id=\"stoc-1-verifier-que-la-bibliotheque-est-vide-et-quaucune-demande-ne-soient-associee-aux-bureaux-de-pret\" class=\"wpig-heading\">1. V\u00e9rifier que la biblioth\u00e8que est vide et qu&rsquo;aucune demande ne soient associ\u00e9e aux bureaux de pr\u00eat <\/h2>\n\n\n\n<ul>\n<li> Faire une recherche avanc\u00e9e dans l&rsquo;index \u00ab\u00a0Exemplaires physiques\u00a0\u00bb+\u00a0\u00bbBiblioth\u00e8que\u00a0\u00bb+\u00a0\u00bbEst \u00e9gal \u00e0\u00a0\u00bb+Nom de la biblioth\u00e8que. Il ne doit y avoir aucun r\u00e9sultat.<\/li>\n<\/ul>\n\n\n\n<figure class=\"wp-block-image size-large\"><img decoding=\"async\" loading=\"lazy\" width=\"1024\" height=\"226\" src=\"https:\/\/rebub.u-bordeaux.fr\/wp-content\/uploads\/2024\/01\/AlmaBibviderecherche-1024x226.png\" alt=\"\" class=\"wp-image-17941\" srcset=\"https:\/\/rebub.u-bordeaux.fr\/wp-content\/uploads\/2024\/01\/AlmaBibviderecherche-1024x226.png 1024w, https:\/\/rebub.u-bordeaux.fr\/wp-content\/uploads\/2024\/01\/AlmaBibviderecherche-300x66.png 300w, https:\/\/rebub.u-bordeaux.fr\/wp-content\/uploads\/2024\/01\/AlmaBibviderecherche-768x169.png 768w, https:\/\/rebub.u-bordeaux.fr\/wp-content\/uploads\/2024\/01\/AlmaBibviderecherche.png 1518w\" sizes=\"(max-width: 1024px) 100vw, 1024px\" \/><\/figure>\n\n\n\n<ul>\n<li>V\u00e9rifier qu&rsquo;il n&rsquo;y a plus de demandes en cours sur un exemplaire. Aller dans le menu <em>Service aux usagers\/Suivre les demandes et exemplaires en traitement<\/em>. Attention, il faut \u00eatre positionn\u00e9 sur le bureau de pr\u00eat\/retour de la biblioth\u00e8que pour voir toutes les demandes. Dans les facettes, s\u00e9lectionner la biblioth\u00e8que dans la facette \u00ab\u00a0Propri\u00e9taire\u00a0\u00bb en bas de l&rsquo;\u00e9cran. Analyser et r\u00e9gler les diff\u00e9rents cas s&rsquo;il y en a.  <\/li>\n<\/ul>\n\n\n\n<h2 id=\"stoc-2-supprimer-les-bureaux-de-pret-pour-sassurer-que-la-bibliotheque-reste-vide\" class=\"wpig-heading\">2. Supprimer les bureaux de pr\u00eat pour s\u2019assurer que la biblioth\u00e8que reste vide<\/h2>\n\n\n\n<p>Dans le menu de <em>Configuration<\/em>, s\u00e9lectionner la biblioth\u00e8que \u00e0 \u00ab\u00a0supprimer\u00a0\u00bb, puis, ouvrir le menu <em>Service aux usagers\/Gestion de la biblioth\u00e8que : Bureaux de pr\u00eat<\/em><\/p>\n\n\n<div class=\"wp-block-image\">\n<figure class=\"aligncenter size-full\"><img decoding=\"async\" loading=\"lazy\" width=\"411\" height=\"382\" src=\"https:\/\/rebub.u-bordeaux.fr\/wp-content\/uploads\/2024\/01\/Liste-des-bureaux-de-pret.png\" alt=\"\" class=\"wp-image-17660\" srcset=\"https:\/\/rebub.u-bordeaux.fr\/wp-content\/uploads\/2024\/01\/Liste-des-bureaux-de-pret.png 411w, https:\/\/rebub.u-bordeaux.fr\/wp-content\/uploads\/2024\/01\/Liste-des-bureaux-de-pret-300x279.png 300w\" sizes=\"(max-width: 411px) 100vw, 411px\" \/><\/figure><\/div>\n\n\n<p>Pour cela, sur chaque ligne de la liste des bureaux de pr\u00eats, cliquer sur \u00ab\u00a0&#8230;\u00a0\u00bb puis sur <em>Supprimer<\/em> :<\/p>\n\n\n\n<figure class=\"wp-block-image size-large\"><img decoding=\"async\" loading=\"lazy\" width=\"1024\" height=\"309\" src=\"https:\/\/rebub.u-bordeaux.fr\/wp-content\/uploads\/2024\/01\/supprimer-bureaux-de-pret-1024x309.png\" alt=\"\" class=\"wp-image-17661\" srcset=\"https:\/\/rebub.u-bordeaux.fr\/wp-content\/uploads\/2024\/01\/supprimer-bureaux-de-pret-1024x309.png 1024w, https:\/\/rebub.u-bordeaux.fr\/wp-content\/uploads\/2024\/01\/supprimer-bureaux-de-pret-300x90.png 300w, https:\/\/rebub.u-bordeaux.fr\/wp-content\/uploads\/2024\/01\/supprimer-bureaux-de-pret-768x232.png 768w, https:\/\/rebub.u-bordeaux.fr\/wp-content\/uploads\/2024\/01\/supprimer-bureaux-de-pret.png 1509w\" sizes=\"(max-width: 1024px) 100vw, 1024px\" \/><\/figure>\n\n\n\n<div class=\"is-layout-flex wp-container-3 wp-block-columns bord-bloc-reutilisable has-background\" style=\"background-color:#ffeec2\">\n<div class=\"is-layout-flow wp-block-column is-vertically-aligned-center\" style=\"flex-basis:7%\">\n<figure class=\"wp-block-image alignfull size-full is-style-default\"><img decoding=\"async\" loading=\"lazy\" width=\"512\" height=\"512\" src=\"https:\/\/rebub.u-bordeaux.fr\/wp-content\/uploads\/2024\/04\/nouvelles-idees-en-cours.png\" alt=\"\" class=\"wp-image-19897\" srcset=\"https:\/\/rebub.u-bordeaux.fr\/wp-content\/uploads\/2024\/04\/nouvelles-idees-en-cours.png 512w, https:\/\/rebub.u-bordeaux.fr\/wp-content\/uploads\/2024\/04\/nouvelles-idees-en-cours-300x300.png 300w, https:\/\/rebub.u-bordeaux.fr\/wp-content\/uploads\/2024\/04\/nouvelles-idees-en-cours-150x150.png 150w\" sizes=\"(max-width: 512px) 100vw, 512px\" \/><\/figure>\n<\/div>\n\n\n\n<div class=\"is-layout-flow wp-block-column is-vertically-aligned-center\" style=\"flex-basis:85%\">\n<p><strong>Note :<\/strong> Les bureaux de pr\u00eat ne peuvent pas \u00eatre supprim\u00e9s tant que des demandes y sont attach\u00e9es. Les supprimer permet donc aussi de v\u00e9rifier qu&rsquo;il n&rsquo;y a plus de demande en cours.<\/p>\n<\/div>\n<\/div>\n\n\n\n<h2 id=\"stoc-3-renommer-la-bibliotheque-en-la-prefixant-par-zsup\" class=\"wpig-heading\">3. Renommer la biblioth\u00e8que en la pr\u00e9fixant par \u00ab\u00a0ZSUP-\u00bb<\/h2>\n\n\n\n<p>Dans le menu de <em>Configuration<\/em>, s\u00e9lectionner l&rsquo;institution, ouvrir le menu <em>G\u00e9n\u00e9ral \/ Biblioth\u00e8ques : Ajouter une biblioth\u00e8que ou modifier les informations de la biblioth\u00e8que<\/em>, puis, sous l&rsquo;onglet <em>Biblioth\u00e8ques<\/em>, cliquer sur le nom de la biblioth\u00e8que \u00e0 modifier. <\/p>\n\n\n<div class=\"wp-block-image\">\n<figure class=\"aligncenter size-full is-resized\"><img decoding=\"async\" loading=\"lazy\" src=\"https:\/\/rebub.u-bordeaux.fr\/wp-content\/uploads\/2024\/01\/ajouter-ou-modifier-les-informations-de-la-bib.png\" alt=\"\" class=\"wp-image-17666\" width=\"369\" height=\"480\" srcset=\"https:\/\/rebub.u-bordeaux.fr\/wp-content\/uploads\/2024\/01\/ajouter-ou-modifier-les-informations-de-la-bib.png 438w, https:\/\/rebub.u-bordeaux.fr\/wp-content\/uploads\/2024\/01\/ajouter-ou-modifier-les-informations-de-la-bib-231x300.png 231w\" sizes=\"(max-width: 369px) 100vw, 369px\" \/><\/figure><\/div>\n\n\n<figure class=\"wp-block-image size-large\"><img decoding=\"async\" loading=\"lazy\" width=\"1024\" height=\"464\" src=\"https:\/\/rebub.u-bordeaux.fr\/wp-content\/uploads\/2024\/01\/bib-logo-globe-1-1024x464.png\" alt=\"\" class=\"wp-image-17676\" srcset=\"https:\/\/rebub.u-bordeaux.fr\/wp-content\/uploads\/2024\/01\/bib-logo-globe-1-1024x464.png 1024w, https:\/\/rebub.u-bordeaux.fr\/wp-content\/uploads\/2024\/01\/bib-logo-globe-1-300x136.png 300w, https:\/\/rebub.u-bordeaux.fr\/wp-content\/uploads\/2024\/01\/bib-logo-globe-1-768x348.png 768w, https:\/\/rebub.u-bordeaux.fr\/wp-content\/uploads\/2024\/01\/bib-logo-globe-1.png 1506w\" sizes=\"(max-width: 1024px) 100vw, 1024px\" \/><\/figure>\n\n\n\n<div class=\"is-layout-constrained wp-block-group bord-bloc-reutilisable\"><div class=\"wp-block-group__inner-container\">\n<div class=\"is-layout-flex wp-container-6 wp-block-columns alignfull bord-bloc-reutilisable has-background\" style=\"background-color:#ff303047\">\n<div class=\"is-layout-flow wp-block-column is-vertically-aligned-center\" style=\"flex-basis:7%\">\n<figure class=\"wp-block-image alignfull size-full\"><img decoding=\"async\" loading=\"lazy\" width=\"512\" height=\"512\" src=\"https:\/\/rebub.u-bordeaux.fr\/wp-content\/uploads\/2024\/04\/point-dexclamation.png\" alt=\"\" class=\"wp-image-19898\" srcset=\"https:\/\/rebub.u-bordeaux.fr\/wp-content\/uploads\/2024\/04\/point-dexclamation.png 512w, https:\/\/rebub.u-bordeaux.fr\/wp-content\/uploads\/2024\/04\/point-dexclamation-300x300.png 300w, https:\/\/rebub.u-bordeaux.fr\/wp-content\/uploads\/2024\/04\/point-dexclamation-150x150.png 150w\" sizes=\"(max-width: 512px) 100vw, 512px\" \/><\/figure>\n<\/div>\n\n\n\n<div class=\"is-layout-flow wp-block-column is-vertically-aligned-center\" style=\"flex-basis:85%\">\n<p><strong>Attention !<\/strong> La biblioth\u00e8que doit \u00e9galement \u00eatre <strong>renomm\u00e9e en anglais<\/strong>, pour cela il faut cliquer sur l&rsquo;ic\u00f4ne \u00ab\u00a0globe\u00a0\u00bb. Dans le cas contraire, la biblioth\u00e8que ne s&rsquo;affichera pas en dernier dans les listes d\u00e9roulantes car l&rsquo;ordre d&rsquo;affichage se base sur l&rsquo;ordre alphab\u00e9tique des libell\u00e9s anglais.<\/p>\n<\/div>\n<\/div>\n<\/div><\/div>\n\n\n\n<figure class=\"wp-block-image size-full\"><img decoding=\"async\" loading=\"lazy\" width=\"898\" height=\"309\" src=\"https:\/\/rebub.u-bordeaux.fr\/wp-content\/uploads\/2024\/01\/traduire-nom-bib-1.png\" alt=\"\" class=\"wp-image-17681\" srcset=\"https:\/\/rebub.u-bordeaux.fr\/wp-content\/uploads\/2024\/01\/traduire-nom-bib-1.png 898w, https:\/\/rebub.u-bordeaux.fr\/wp-content\/uploads\/2024\/01\/traduire-nom-bib-1-300x103.png 300w, https:\/\/rebub.u-bordeaux.fr\/wp-content\/uploads\/2024\/01\/traduire-nom-bib-1-768x264.png 768w\" sizes=\"(max-width: 898px) 100vw, 898px\" \/><\/figure>\n\n\n\n<p><\/p>\n\n\n\n<h2 id=\"stoc-nettoyages-supplementaires\" class=\"wpig-heading\">Nettoyages suppl\u00e9mentaires<\/h2>\n\n\n\n<h3 id=\"stoc-supprimer-les-profils-de-droits-specifiques-a-la-bibliotheque-supprimee\" class=\"wpig-heading\">Supprimer les profils de droits sp\u00e9cifiques \u00e0 la biblioth\u00e8que supprim\u00e9e<\/h3>\n\n\n\n<p><em>Configuration\/Gestion de l&rsquo;utilisateur\/R\u00f4les et enregistrement : Profils<\/em><\/p>\n\n\n\n<p>Attention, jusqu&rsquo;ici il fallait supprimer deux fois de suite le profil pour qu&rsquo;il soit r\u00e9ellement supprim\u00e9. La suppression du profil ne supprime pas la note du profil dans les d\u00e9tails utilisateurs. <\/p>\n\n\n\n<div class=\"is-layout-flex wp-container-13 wp-block-columns bord-bloc-reutilisable has-background\" style=\"background-color:#d9edf7\">\n<div class=\"is-layout-flow wp-block-column is-vertically-aligned-center\" style=\"font-size:15px;flex-basis:20%\">\n<p style=\"font-size:15px\"><strong>Date de publication<\/strong> <\/p>\n\n\n<div style=\"font-size:15px;\" class=\"wp-block-post-date\"><time datetime=\"2024-03-22T09:36:24+01:00\">22 mars 2024<\/time><\/div><\/div>\n\n\n\n<div class=\"is-layout-flow wp-block-column is-vertically-aligned-center\" style=\"font-size:15px;flex-basis:20%\">\n<p><strong>Mis \u00e0 jour le <\/strong><\/p>\n\n\n<div style=\"font-size:15px;\" class=\"wp-block-post-date\"><time datetime=\"2026-03-19T16:03:20+01:00\">19 mars 2026<\/time><\/div><\/div>\n\n\n\n<div class=\"is-layout-flow wp-block-column is-vertically-aligned-center\" style=\"font-size:15px;flex-basis:40%\">\n<p><\/p>\n\n\n\n<p><strong>Attention ! <\/strong>Certains \u00e9tablissements utilisent parfois de proc\u00e9dures compl\u00e9mentaires <\/p>\n<\/div>\n\n\n\n<div class=\"is-layout-flow wp-block-column is-vertically-aligned-center\" style=\"font-size:15px;flex-basis:25%\">\n<div class=\"is-horizontal is-content-justification-center is-layout-flex wp-container-11 wp-block-buttons alignfull has-custom-font-size\" style=\"font-size:16px\">\n<div class=\"wp-block-button has-custom-width wp-block-button__width-75 has-custom-font-size is-style-fill\" style=\"font-size:15px\"><a class=\"wp-block-button__link has-white-color has-text-color has-background wp-element-button\" href=\"mailto:scoop@u-bordeaux.fr\" style=\"border-radius:65px;background-color:#000000db\"><strong>Signaler une erreur<\/strong><\/a><\/div>\n<\/div>\n<\/div>\n<\/div>\n","protected":false},"excerpt":{"rendered":"<p>Table des mati\u00e8res[ Show ]1. V\u00e9rifier que la biblioth\u00e8que est vide et qu&rsquo;aucune demande ne soient associ\u00e9e aux bureaux de pr\u00eat 2. Supprimer les bureaux de pr\u00eat pour s\u2019assurer que la biblioth\u00e8que reste vide3. Renommer la biblioth\u00e8que en la pr\u00e9fixant&#8230;<\/p>\n","protected":false},"author":81,"featured_media":0,"parent":18756,"menu_order":2,"comment_status":"closed","ping_status":"closed","template":"","meta":[],"post_mailing_queue_ids":[],"_links":{"self":[{"href":"https:\/\/rebub.u-bordeaux.fr\/index.php\/wp-json\/wp\/v2\/pages\/18759"}],"collection":[{"href":"https:\/\/rebub.u-bordeaux.fr\/index.php\/wp-json\/wp\/v2\/pages"}],"about":[{"href":"https:\/\/rebub.u-bordeaux.fr\/index.php\/wp-json\/wp\/v2\/types\/page"}],"author":[{"embeddable":true,"href":"https:\/\/rebub.u-bordeaux.fr\/index.php\/wp-json\/wp\/v2\/users\/81"}],"replies":[{"embeddable":true,"href":"https:\/\/rebub.u-bordeaux.fr\/index.php\/wp-json\/wp\/v2\/comments?post=18759"}],"version-history":[{"count":9,"href":"https:\/\/rebub.u-bordeaux.fr\/index.php\/wp-json\/wp\/v2\/pages\/18759\/revisions"}],"predecessor-version":[{"id":24946,"href":"https:\/\/rebub.u-bordeaux.fr\/index.php\/wp-json\/wp\/v2\/pages\/18759\/revisions\/24946"}],"up":[{"embeddable":true,"href":"https:\/\/rebub.u-bordeaux.fr\/index.php\/wp-json\/wp\/v2\/pages\/18756"}],"wp:attachment":[{"href":"https:\/\/rebub.u-bordeaux.fr\/index.php\/wp-json\/wp\/v2\/media?parent=18759"}],"curies":[{"name":"wp","href":"https:\/\/api.w.org\/{rel}","templated":true}]}}