	{"id":18760,"date":"2024-03-22T09:36:24","date_gmt":"2024-03-22T08:36:24","guid":{"rendered":"https:\/\/rebub.u-bordeaux.fr\/?page_id=18760"},"modified":"2026-03-19T15:57:24","modified_gmt":"2026-03-19T14:57:24","slug":"supprimer-une-localisation","status":"publish","type":"page","link":"https:\/\/rebub.u-bordeaux.fr\/index.php\/alma\/configuration-administration\/gestion-des-ressources\/bibliotheques-localisations\/supprimer-une-localisation\/","title":{"rendered":"Supprimer une localisation"},"content":{"rendered":"<div id='wpig-floatingbar' class='wpig-floatingbar'><div id='wpig-switch-wrapper' class='wpig-switch-wrapper'><span id='wpig-floating-switch' class='wpig-floating-switch'><img src='https:\/\/rebub.u-bordeaux.fr\/wp-content\/plugins\/sticky-toc-advance-table-of-contents\/\\assets\\menu.png'><\/span><\/div><div id='wpig-contents' class='wpig-contents  wpig-sidebar-widget wpig-style-3'><span class='wpig-headline'>Table des mati\u00e8res<span><a data-action='show' class='wpig-btn-toggledisplay'>[ Show ]<\/a><\/span><\/span><!-- Table of Contents --><div id='wpig-table-of-content' class='wpig-table-of-content'><ol><li class='stoc-1-verifier-que-la-demande-de-suppression-a-ete-validee-par-une-coordinatrice-du-signalement-ou-autre-responsable-du-signalement'><a href='#stoc-1-verifier-que-la-demande-de-suppression-a-ete-validee-par-une-coordinatrice-du-signalement-ou-autre-responsable-du-signalement'>1. V\u00e9rifier que la demande de suppression a \u00e9t\u00e9 valid\u00e9e par une coordinatrice du signalement ou autre responsable du signalement<\/a><\/li><li class='stoc-2-verifier-que-la-localisation-est-vide'><a href='#stoc-2-verifier-que-la-localisation-est-vide'>2. V\u00e9rifier que la localisation est vide <\/a><\/li><li class='stoc-3-supprimer-les-bureaux-de-prets-attaches-a-la-localisation-pour-sassurer-que-la-localisation-reste-vide'><a href='#stoc-3-supprimer-les-bureaux-de-prets-attaches-a-la-localisation-pour-sassurer-que-la-localisation-reste-vide'>3. Supprimer les bureaux de pr\u00eats attach\u00e9s \u00e0 la localisation pour s\u2019assurer que la localisation reste vide<\/a><\/li><li class='stoc-4-supprimer-la-localisation-en-question'><a href='#stoc-4-supprimer-la-localisation-en-question'>4. Supprimer la localisation en question<\/a><\/li><\/ol><\/div><!-- END OF Table of Contents --><\/div><\/div><p><div id='wpig-contents' class='wpig-contents  wpig-sidebar-widget wpig-style-1'><span class='wpig-headline'>Table des mati\u00e8res<span><a data-action='show' class='wpig-btn-toggledisplay'>[ Show ]<\/a><\/span><\/span><!-- Table of Contents --><div id='wpig-table-of-content' class='wpig-table-of-content' ><ol><li class='stoc-1-verifier-que-la-demande-de-suppression-a-ete-validee-par-une-coordinatrice-du-signalement-ou-autre-responsable-du-signalement'><a href='#stoc-1-verifier-que-la-demande-de-suppression-a-ete-validee-par-une-coordinatrice-du-signalement-ou-autre-responsable-du-signalement'>1. V\u00e9rifier que la demande de suppression a \u00e9t\u00e9 valid\u00e9e par une coordinatrice du signalement ou autre responsable du signalement<\/a><\/li><li class='stoc-2-verifier-que-la-localisation-est-vide'><a href='#stoc-2-verifier-que-la-localisation-est-vide'>2. V\u00e9rifier que la localisation est vide <\/a><\/li><li class='stoc-3-supprimer-les-bureaux-de-prets-attaches-a-la-localisation-pour-sassurer-que-la-localisation-reste-vide'><a href='#stoc-3-supprimer-les-bureaux-de-prets-attaches-a-la-localisation-pour-sassurer-que-la-localisation-reste-vide'>3. Supprimer les bureaux de pr\u00eats attach\u00e9s \u00e0 la localisation pour s\u2019assurer que la localisation reste vide<\/a><\/li><li class='stoc-4-supprimer-la-localisation-en-question'><a href='#stoc-4-supprimer-la-localisation-en-question'>4. Supprimer la localisation en question<\/a><\/li><\/ol><\/div><!-- END OF Table of Contents --><\/div><\/p>\n<p>Depuis f\u00e9vrier 2026, les localisations <strong>sont \u00e0 nouveau supprim\u00e9es<\/strong> directement dans Alma. Il n&rsquo;est ainsi plus n\u00e9cessaire de les pr\u00e9fixer par \u00ab\u00a0ZSUP-\u00ab\u00a0. <\/p>\n\n\n\n<p>Les \u00e9tapes suivantes demeurent cependant indispensables :<\/p>\n\n\n\n<h2 id=\"stoc-1-verifier-que-la-demande-de-suppression-a-ete-validee-par-une-coordinatrice-du-signalement-ou-autre-responsable-du-signalement\" class=\"wpig-heading\">1. V\u00e9rifier que la demande de suppression a \u00e9t\u00e9 valid\u00e9e par une coordinatrice du signalement ou autre responsable du signalement<\/h2>\n\n\n\n<h2 id=\"stoc-2-verifier-que-la-localisation-est-vide\" class=\"wpig-heading\">2. V\u00e9rifier que la localisation est vide <\/h2>\n\n\n\n<h2 id=\"stoc-3-supprimer-les-bureaux-de-prets-attaches-a-la-localisation-pour-sassurer-que-la-localisation-reste-vide\" class=\"wpig-heading\">3. Supprimer les bureaux de pr\u00eats attach\u00e9s \u00e0 la localisation pour s\u2019assurer que la localisation reste vide<\/h2>\n\n\n\n<p>Pour cela, sur chaque ligne de la liste des bureaux de pr\u00eats, cliquer sur \u00ab\u00a0&#8230;\u00a0\u00bb puis sur <em>Supprimer<\/em> :<\/p>\n\n\n\n<figure class=\"wp-block-image size-large\"><img decoding=\"async\" loading=\"lazy\" width=\"1024\" height=\"234\" src=\"https:\/\/rebub.u-bordeaux.fr\/wp-content\/uploads\/2023\/12\/Supprimer-bureau-de-pret-1024x234.png\" alt=\"\" class=\"wp-image-17528\" srcset=\"https:\/\/rebub.u-bordeaux.fr\/wp-content\/uploads\/2023\/12\/Supprimer-bureau-de-pret-1024x234.png 1024w, https:\/\/rebub.u-bordeaux.fr\/wp-content\/uploads\/2023\/12\/Supprimer-bureau-de-pret-300x69.png 300w, https:\/\/rebub.u-bordeaux.fr\/wp-content\/uploads\/2023\/12\/Supprimer-bureau-de-pret-768x176.png 768w, https:\/\/rebub.u-bordeaux.fr\/wp-content\/uploads\/2023\/12\/Supprimer-bureau-de-pret.png 1479w\" sizes=\"(max-width: 1024px) 100vw, 1024px\" \/><\/figure>\n\n\n\n<h2 id=\"stoc-4-supprimer-la-localisation-en-question\" class=\"wpig-heading\">4. Supprimer la localisation en question<\/h2>\n\n\n\n<p>Pour cela, se rendre sur la ligne de la localisation \u00e0 supprimer, cliquer sur \u00ab\u00a0&#8230;\u00a0\u00bb puis sur <em>Supprimer<\/em> :<\/p>\n\n\n\n<figure class=\"wp-block-image size-large\"><img decoding=\"async\" loading=\"lazy\" width=\"1024\" height=\"311\" src=\"https:\/\/rebub.u-bordeaux.fr\/wp-content\/uploads\/2026\/03\/suppression-localisation-bibliotheque-1024x311.png\" alt=\"\" class=\"wp-image-24941\" srcset=\"https:\/\/rebub.u-bordeaux.fr\/wp-content\/uploads\/2026\/03\/suppression-localisation-bibliotheque-1024x311.png 1024w, https:\/\/rebub.u-bordeaux.fr\/wp-content\/uploads\/2026\/03\/suppression-localisation-bibliotheque-300x91.png 300w, https:\/\/rebub.u-bordeaux.fr\/wp-content\/uploads\/2026\/03\/suppression-localisation-bibliotheque-768x233.png 768w, https:\/\/rebub.u-bordeaux.fr\/wp-content\/uploads\/2026\/03\/suppression-localisation-bibliotheque.png 1497w\" sizes=\"(max-width: 1024px) 100vw, 1024px\" \/><\/figure>\n\n\n\n<p><\/p>\n\n\n\n<p><\/p>\n\n\n\n<div class=\"is-layout-flex wp-container-6 wp-block-columns bord-bloc-reutilisable has-background\" style=\"background-color:#d9edf7\">\n<div class=\"is-layout-flow wp-block-column is-vertically-aligned-center\" style=\"font-size:15px;flex-basis:20%\">\n<p style=\"font-size:15px\"><strong>Date de publication<\/strong> <\/p>\n\n\n<div style=\"font-size:15px;\" class=\"wp-block-post-date\"><time datetime=\"2024-03-22T09:36:24+01:00\">22 mars 2024<\/time><\/div><\/div>\n\n\n\n<div class=\"is-layout-flow wp-block-column is-vertically-aligned-center\" style=\"font-size:15px;flex-basis:20%\">\n<p><strong>Mis \u00e0 jour le <\/strong><\/p>\n\n\n<div style=\"font-size:15px;\" class=\"wp-block-post-date\"><time datetime=\"2026-03-19T15:57:24+01:00\">19 mars 2026<\/time><\/div><\/div>\n\n\n\n<div class=\"is-layout-flow wp-block-column is-vertically-aligned-center\" style=\"font-size:15px;flex-basis:40%\">\n<p><\/p>\n\n\n\n<p><strong>Attention ! <\/strong>Certains \u00e9tablissements utilisent parfois de proc\u00e9dures compl\u00e9mentaires <\/p>\n<\/div>\n\n\n\n<div class=\"is-layout-flow wp-block-column is-vertically-aligned-center\" style=\"font-size:15px;flex-basis:25%\">\n<div class=\"is-horizontal is-content-justification-center is-layout-flex wp-container-4 wp-block-buttons alignfull has-custom-font-size\" style=\"font-size:16px\">\n<div class=\"wp-block-button has-custom-width wp-block-button__width-75 has-custom-font-size is-style-fill\" style=\"font-size:15px\"><a class=\"wp-block-button__link has-white-color has-text-color has-background wp-element-button\" href=\"mailto:scoop@u-bordeaux.fr\" style=\"border-radius:65px;background-color:#000000db\"><strong>Signaler une erreur<\/strong><\/a><\/div>\n<\/div>\n<\/div>\n<\/div>\n","protected":false},"excerpt":{"rendered":"<p>Table des mati\u00e8res[ Show ]1. V\u00e9rifier que la demande de suppression a \u00e9t\u00e9 valid\u00e9e par une coordinatrice du signalement ou autre responsable du signalement2. V\u00e9rifier que la localisation est vide 3. Supprimer les bureaux de pr\u00eats attach\u00e9s \u00e0 la localisation&#8230;<\/p>\n","protected":false},"author":81,"featured_media":0,"parent":18756,"menu_order":3,"comment_status":"closed","ping_status":"closed","template":"","meta":[],"post_mailing_queue_ids":[],"_links":{"self":[{"href":"https:\/\/rebub.u-bordeaux.fr\/index.php\/wp-json\/wp\/v2\/pages\/18760"}],"collection":[{"href":"https:\/\/rebub.u-bordeaux.fr\/index.php\/wp-json\/wp\/v2\/pages"}],"about":[{"href":"https:\/\/rebub.u-bordeaux.fr\/index.php\/wp-json\/wp\/v2\/types\/page"}],"author":[{"embeddable":true,"href":"https:\/\/rebub.u-bordeaux.fr\/index.php\/wp-json\/wp\/v2\/users\/81"}],"replies":[{"embeddable":true,"href":"https:\/\/rebub.u-bordeaux.fr\/index.php\/wp-json\/wp\/v2\/comments?post=18760"}],"version-history":[{"count":9,"href":"https:\/\/rebub.u-bordeaux.fr\/index.php\/wp-json\/wp\/v2\/pages\/18760\/revisions"}],"predecessor-version":[{"id":24944,"href":"https:\/\/rebub.u-bordeaux.fr\/index.php\/wp-json\/wp\/v2\/pages\/18760\/revisions\/24944"}],"up":[{"embeddable":true,"href":"https:\/\/rebub.u-bordeaux.fr\/index.php\/wp-json\/wp\/v2\/pages\/18756"}],"wp:attachment":[{"href":"https:\/\/rebub.u-bordeaux.fr\/index.php\/wp-json\/wp\/v2\/media?parent=18760"}],"curies":[{"name":"wp","href":"https:\/\/api.w.org\/{rel}","templated":true}]}}