	{"id":18763,"date":"2024-03-22T09:35:56","date_gmt":"2024-03-22T08:35:56","guid":{"rendered":"https:\/\/rebub.u-bordeaux.fr\/?page_id=18763"},"modified":"2024-05-06T13:30:49","modified_gmt":"2024-05-06T11:30:49","slug":"parametrer-des-lieux-de-retrait","status":"publish","type":"page","link":"https:\/\/rebub.u-bordeaux.fr\/index.php\/alma\/configuration-administration\/services-aux-usagers\/coniguration-des-demandes\/parametrer-des-lieux-de-retrait\/","title":{"rendered":"Param\u00e9trer des lieux de retrait"},"content":{"rendered":"<div id='wpig-floatingbar' class='wpig-floatingbar'><div id='wpig-switch-wrapper' class='wpig-switch-wrapper'><span id='wpig-floating-switch' class='wpig-floating-switch'><img src='https:\/\/rebub.u-bordeaux.fr\/wp-content\/plugins\/sticky-toc-advance-table-of-contents\/\\assets\\menu.png'><\/span><\/div><\/div><p><\/p>\n<p>O\u00f9 se trouve le param\u00e8tre de lieu de retrait ?<\/p>\n\n\n\n<p>Le param\u00e8tre \u201cLieu de retrait\u201d se param\u00e8tre dans les \u201cR\u00e8gles et conditions d&rsquo;utilisation\u201d<\/p>\n\n\n\n<p><strong>Chemin Alma : Configuration\/Institution\/Services aux usagers\/Services aux usagers exemplaires physiques\/R\u00e8gles et conditions d&rsquo;utilisation<\/strong><\/p>\n\n\n\n<p>Dans les conditions que vous allez cr\u00e9er pour param\u00e9trer le service de r\u00e9servation, il y a diff\u00e9rents param\u00e8tres \u00e0 renseigner. Le lieu de retrait se trouve dans le deuxi\u00e8me param\u00e8tre qui s&rsquo;appelle \u201cPickup locations\u201d :<\/p>\n\n\n\n<p>Les valeurs disponibles sont les suivantes :<\/p>\n\n\n\n<div class=\"table-responsive\">\n<table class=\"inline table table-striped table-condensed\">\n<thead>\n<tr class=\"row0\">\n<th class=\"col0 leftalign\">Intitul\u00e9<\/th>\n<th class=\"col1 leftalign\">Description<\/th>\n<\/tr>\n<\/thead>\n<tbody>\n<tr class=\"row1\">\n<td class=\"col0 leftalign\">Anywhere<\/td>\n<td class=\"col1 leftalign\">Toutes les biblioth\u00e8ques de l&rsquo;institution seront propos\u00e9es en lieux de retrait<\/td>\n<\/tr>\n<tr class=\"row2\">\n<td class=\"col0 leftalign\">Pickup in any reading room<\/td>\n<td class=\"col1 leftalign\">&nbsp;<\/td>\n<\/tr>\n<tr class=\"row3\">\n<td class=\"col0 leftalign\">Pickup in campus<\/td>\n<td class=\"col1 leftalign\">Seules les biblioth\u00e8ques du campus auquel est associ\u00e9e la biblioth\u00e8que propri\u00e9taire du document seront propos\u00e9es en lieux de retrait<\/td>\n<\/tr>\n<tr class=\"row4\">\n<td class=\"col0 leftalign\">Pickup in patron affiliated campus<\/td>\n<td class=\"col1 leftalign\">&nbsp;<\/td>\n<\/tr>\n<tr class=\"row5\">\n<td class=\"col0 leftalign\">Pickup in owning library<\/td>\n<td class=\"col1 leftalign\">Seule la biblioth\u00e8que propri\u00e9taire du document demand\u00e9 sera propos\u00e9e en lieu de retrait<\/td>\n<\/tr>\n<tr class=\"row6\">\n<td class=\"col0 leftalign\">Pickup only in reading room<\/td>\n<td class=\"col1 leftalign\">&nbsp;<\/td>\n<\/tr>\n<\/tbody>\n<\/table>\n<\/div>\n\n\n\n<div class=\"is-layout-flex wp-container-6 wp-block-columns bord-bloc-reutilisable has-background\" style=\"background-color:#d9edf7\">\n<div class=\"is-layout-flow wp-block-column is-vertically-aligned-center\" style=\"font-size:15px;flex-basis:20%\">\n<p style=\"font-size:15px\"><strong>Date de publication<\/strong> <\/p>\n\n\n<div style=\"font-size:15px;\" class=\"wp-block-post-date\"><time datetime=\"2024-03-22T09:35:56+01:00\">22 mars 2024<\/time><\/div><\/div>\n\n\n\n<div class=\"is-layout-flow wp-block-column is-vertically-aligned-center\" style=\"font-size:15px;flex-basis:20%\">\n<p><strong>Mis \u00e0 jour le <\/strong><\/p>\n\n\n<div style=\"font-size:15px;\" class=\"wp-block-post-date\"><time datetime=\"2024-05-06T13:30:49+02:00\">6 mai 2024<\/time><\/div><\/div>\n\n\n\n<div class=\"is-layout-flow wp-block-column is-vertically-aligned-center\" style=\"font-size:15px;flex-basis:40%\">\n<p><\/p>\n\n\n\n<p><strong>Attention ! <\/strong>Certains \u00e9tablissements utilisent parfois de proc\u00e9dures compl\u00e9mentaires <\/p>\n<\/div>\n\n\n\n<div class=\"is-layout-flow wp-block-column is-vertically-aligned-center\" style=\"font-size:15px;flex-basis:25%\">\n<div class=\"is-horizontal is-content-justification-center is-layout-flex wp-container-4 wp-block-buttons alignfull has-custom-font-size\" style=\"font-size:16px\">\n<div class=\"wp-block-button has-custom-width wp-block-button__width-75 has-custom-font-size is-style-fill\" style=\"font-size:15px\"><a class=\"wp-block-button__link has-white-color has-text-color has-background wp-element-button\" href=\"mailto:scoop@u-bordeaux.fr\" style=\"border-radius:65px;background-color:#000000db\"><strong>Signaler une erreur<\/strong><\/a><\/div>\n<\/div>\n<\/div>\n<\/div>\n","protected":false},"excerpt":{"rendered":"<p>O\u00f9 se trouve le param\u00e8tre de lieu de retrait ? Le param\u00e8tre \u201cLieu de retrait\u201d se param\u00e8tre dans les \u201cR\u00e8gles et conditions d&rsquo;utilisation\u201d Chemin Alma : Configuration\/Institution\/Services aux usagers\/Services aux usagers exemplaires physiques\/R\u00e8gles et conditions d&rsquo;utilisation Dans les conditions que&#8230;<\/p>\n","protected":false},"author":46,"featured_media":0,"parent":18752,"menu_order":1,"comment_status":"closed","ping_status":"closed","template":"","meta":[],"post_mailing_queue_ids":[],"_links":{"self":[{"href":"https:\/\/rebub.u-bordeaux.fr\/index.php\/wp-json\/wp\/v2\/pages\/18763"}],"collection":[{"href":"https:\/\/rebub.u-bordeaux.fr\/index.php\/wp-json\/wp\/v2\/pages"}],"about":[{"href":"https:\/\/rebub.u-bordeaux.fr\/index.php\/wp-json\/wp\/v2\/types\/page"}],"author":[{"embeddable":true,"href":"https:\/\/rebub.u-bordeaux.fr\/index.php\/wp-json\/wp\/v2\/users\/46"}],"replies":[{"embeddable":true,"href":"https:\/\/rebub.u-bordeaux.fr\/index.php\/wp-json\/wp\/v2\/comments?post=18763"}],"version-history":[{"count":3,"href":"https:\/\/rebub.u-bordeaux.fr\/index.php\/wp-json\/wp\/v2\/pages\/18763\/revisions"}],"predecessor-version":[{"id":20983,"href":"https:\/\/rebub.u-bordeaux.fr\/index.php\/wp-json\/wp\/v2\/pages\/18763\/revisions\/20983"}],"up":[{"embeddable":true,"href":"https:\/\/rebub.u-bordeaux.fr\/index.php\/wp-json\/wp\/v2\/pages\/18752"}],"wp:attachment":[{"href":"https:\/\/rebub.u-bordeaux.fr\/index.php\/wp-json\/wp\/v2\/media?parent=18763"}],"curies":[{"name":"wp","href":"https:\/\/api.w.org\/{rel}","templated":true}]}}