	{"id":18766,"date":"2024-03-22T09:35:27","date_gmt":"2024-03-22T08:35:27","guid":{"rendered":"https:\/\/rebub.u-bordeaux.fr\/?page_id=18766"},"modified":"2024-05-06T11:54:03","modified_gmt":"2024-05-06T09:54:03","slug":"les-groupes-dutilisateurs","status":"publish","type":"page","link":"https:\/\/rebub.u-bordeaux.fr\/index.php\/alma\/configuration-administration\/services-aux-usagers\/gestion-des-lecteurs\/les-groupes-dutilisateurs\/","title":{"rendered":"Les groupes d\u2019utilisateurs"},"content":{"rendered":"<div id='wpig-floatingbar' class='wpig-floatingbar'><div id='wpig-switch-wrapper' class='wpig-switch-wrapper'><span id='wpig-floating-switch' class='wpig-floating-switch'><img src='https:\/\/rebub.u-bordeaux.fr\/wp-content\/plugins\/sticky-toc-advance-table-of-contents\/\\assets\\menu.png'><\/span><\/div><div id='wpig-contents' class='wpig-contents  wpig-sidebar-widget wpig-style-3'><span class='wpig-headline'>Table des mati\u00e8res<span><a data-action='show' class='wpig-btn-toggledisplay'>[ Show ]<\/a><\/span><\/span><!-- Table of Contents --><div id='wpig-table-of-content' class='wpig-table-of-content'><ol><li class='utilisation_dans_alma'><a href='#utilisation_dans_alma'>Utilisation dans Alma<\/a><\/li><li class='responsabilite_du_parametre'><a href='#responsabilite_du_parametre'>Responsabilit\u00e9 du param\u00e8tre<\/a><\/li><li class='liste_des_valeurs_dans_alma'><a href='#liste_des_valeurs_dans_alma'>Liste des valeurs dans Alma<\/a><\/li><\/ol><\/div><!-- END OF Table of Contents --><\/div><\/div><p><div id='wpig-contents' class='wpig-contents  wpig-sidebar-widget wpig-style-1'><span class='wpig-headline'>Table des mati\u00e8res<span><a data-action='show' class='wpig-btn-toggledisplay'>[ Show ]<\/a><\/span><\/span><!-- Table of Contents --><div id='wpig-table-of-content' class='wpig-table-of-content' ><ol><li class='utilisation_dans_alma'><a href='#utilisation_dans_alma'>Utilisation dans Alma<\/a><\/li><li class='responsabilite_du_parametre'><a href='#responsabilite_du_parametre'>Responsabilit\u00e9 du param\u00e8tre<\/a><\/li><li class='liste_des_valeurs_dans_alma'><a href='#liste_des_valeurs_dans_alma'>Liste des valeurs dans Alma<\/a><\/li><\/ol><\/div><!-- END OF Table of Contents --><\/div><\/p>\n<div class=\"is-layout-flex wp-container-3 wp-block-columns bord-bloc-reutilisable has-background\" style=\"background-color:#ffeec2\">\n<div class=\"is-layout-flow wp-block-column is-vertically-aligned-center\" style=\"flex-basis:7%\">\n<figure class=\"wp-block-image alignfull size-full is-style-default\"><img decoding=\"async\" loading=\"lazy\" width=\"512\" height=\"512\" src=\"https:\/\/rebub.u-bordeaux.fr\/wp-content\/uploads\/2024\/04\/nouvelles-idees-en-cours.png\" alt=\"\" class=\"wp-image-19897\" srcset=\"https:\/\/rebub.u-bordeaux.fr\/wp-content\/uploads\/2024\/04\/nouvelles-idees-en-cours.png 512w, https:\/\/rebub.u-bordeaux.fr\/wp-content\/uploads\/2024\/04\/nouvelles-idees-en-cours-300x300.png 300w, https:\/\/rebub.u-bordeaux.fr\/wp-content\/uploads\/2024\/04\/nouvelles-idees-en-cours-150x150.png 150w\" sizes=\"(max-width: 512px) 100vw, 512px\" \/><\/figure>\n<\/div>\n\n\n\n<div class=\"is-layout-flow wp-block-column is-vertically-aligned-center\" style=\"flex-basis:85%\">\n<p><strong>D\u00e9finition<\/strong> : les groupes d&rsquo;usagers sont les cat\u00e9gories permettant d&rsquo;affecter des r\u00e8gles de circulation distinctes aux usagers selon leur type.<\/p>\n<\/div>\n<\/div>\n\n\n\n<h2 id=\"utilisation_dans_alma\" id=\"utilisation_dans_alma\" class=\"wpig-heading\">Utilisation dans Alma<\/h2>\n\n\n\n<p>Les groupes d&rsquo;utilisateurs font partie des outils de configuration de la circulation. Ils sont la racine de d\u00e9finition des <a href=\"http:\/\/rebub.u-bordeaux.fr\/index.php\/alma\/configuration-administration\/services-aux-usagers\/pret-retour\/limites-de-pret\/\" target=\"_blank\" rel=\"noreferrer noopener\">Limites de pr\u00eat<\/a> de pr\u00eat dans le syst\u00e8me. Ces limites peuvent ensuite \u00eatre affin\u00e9es selon les localisations, les types d&rsquo;exemplaires par exemple. Par ailleurs, le groupe utilisateur est \u00e9galement un \u00e9l\u00e9ment utilisable dans le param\u00e9trage des r\u00e8gles de circulation contenues dans les localisations.<\/p>\n\n\n\n<p>Les groupes utilisateurs n&rsquo;ont pas vocation \u00e0 \u00eatre utilis\u00e9s \u00e0 des fins statistiques. La d\u00e9termination des populations peut se faire par ailleurs sur la base de codes statistiques propres \u00e0 la gestion des utilisateurs.<\/p>\n\n\n\n<h2 id=\"responsabilite_du_parametre\" id=\"responsabilite_du_parametre\" class=\"wpig-heading\">Responsabilit\u00e9 du param\u00e8tre<\/h2>\n\n\n\n<div class=\"level2\">\n<p>La liste des groupes utilisateurs a \u00e9t\u00e9 arr\u00eat\u00e9e par le groupe projet. Elle est commune \u00e0 l&rsquo;ensemble des \u00e9tablissements. Elle est g\u00e9r\u00e9e dans la zone r\u00e9seau et distribu\u00e9e \u00e0 l&rsquo;ensemble des institutions membres. Tous les \u00e9tablissements ne sont pas tenus d&rsquo;utiliser toutes les cat\u00e9gories pour leur propre population mais des r\u00e8gles doivent \u00eatre d\u00e9finies pour tous les groupes. Pour les groupes sp\u00e9cifiques \u00e0 un \u00e9tablissement, des correspondances ont \u00e9t\u00e9 adopt\u00e9es.<\/p>\n<\/div>\n\n\n\n<h2 id=\"liste_des_valeurs_dans_alma\" id=\"liste_des_valeurs_dans_alma\" class=\"wpig-heading\">Liste des valeurs dans Alma<\/h2>\n\n\n\n<p>Le type d&rsquo;usager a seulement une valeur de regroupement dans la configuration initiale Alma.<\/p>\n\n\n\n<p>Les \u00e9quivalences indiquent comment les types d&rsquo;usagers sp\u00e9cifiques seront pris en charge par les autres membres du r\u00e9seau. Pour retrouver le d\u00e9tail de l&rsquo;affectation de ces codes dans le cadre des imports lecteurs, vous pouvez consulter <a href=\"http:\/\/rebub.u-bordeaux.fr\/index.php\/alma\/configuration-administration\/services-aux-usagers\/gestion-des-lecteurs\/les-imports-de-lecteurs\/\" target=\"_blank\" rel=\"noreferrer noopener\">la page d&rsquo;int\u00e9gration des lecteurs<\/a>.<\/p>\n\n\n\n<figure class=\"wp-block-table\"><table><thead><tr><th>Code<\/th><th>Intitul\u00e9 Alma<\/th><th>Type d&rsquo;usager<\/th><th>Equivalence r\u00e9seau<\/th><th>Equivalence BxSA<\/th><th>Equivalence IEP<\/th><\/tr><\/thead><tbody><tr><td><code>RESO-INV-1<\/code><\/td><td>Lecteur non-inscrit<\/td><td>Lecteur ext\u00e9rieur<\/td><td>&nbsp;<\/td><td>&nbsp;<\/td><td>&nbsp;<\/td><\/tr><tr><td><code>RESO-EXT-1<\/code><\/td><td>Lecteur ext\u00e9rieur<\/td><td>Lecteur ext\u00e9rieur<\/td><td>&nbsp;<\/td><td>&nbsp;<\/td><td>&nbsp;<\/td><\/tr><tr><td><code>RESO-ETU-1<\/code><\/td><td>Etudiant en licence<\/td><td>Etudiant<\/td><td>&nbsp;<\/td><td>RESO-EXT-1<\/td><td>RESO-EXT-1<\/td><\/tr><tr><td><code>RESO-ETU-2<\/code><\/td><td>Etudiant de master<\/td><td>Etudiant avanc\u00e9<\/td><td>&nbsp;<\/td><td>RESO-EXT-1<\/td><td>RESO-EXT-1<\/td><\/tr><tr><td><code>RESO-ETU-3<\/code><\/td><td>Doctorant<\/td><td>Personnel et doctorant<\/td><td>&nbsp;<\/td><td>BXSA-ETU-1<\/td><td>SCPO-ETU-2<\/td><\/tr><tr><td><code>RESO-PRO-1<\/code><\/td><td>Personnel et enseignants<\/td><td>Personnel et doctorant<\/td><td>&nbsp;<\/td><td>&nbsp;<\/td><td>SCPO-ETU-1<\/td><\/tr><tr><td><code>RESO-SPE-1<\/code><\/td><td>Compte sp\u00e9cial<\/td><td>Personnel et doctorant<\/td><td>&nbsp;<\/td><td>&nbsp;<\/td><td>&nbsp;<\/td><\/tr><tr><td><code>SCPO-ETU-1<\/code><\/td><td>Sciences Po &#8211; Etudiant 1, 2, 3 ann\u00e9e<\/td><td>Etudiant<\/td><td>RESO-ETU-1<\/td><td>RESO-EXT-1<\/td><td>&nbsp;<\/td><\/tr><tr><td><code>SCPO-ETU-2<\/code><\/td><td>Sciences Po &#8211; Etudiant 4, 5 ann\u00e9e<\/td><td>Etudiant avanc\u00e9<\/td><td>RESO-ETU-2<\/td><td>RESO-EXT-1<\/td><td>&nbsp;<\/td><\/tr><tr><td><code>SCPO-PRO-1<\/code><\/td><td>Sciences Po &#8211; Personnel et enseignant<\/td><td>Personnel et doctorant<\/td><td>RESO-PRO-1<\/td><td>RESO-PRO-1<\/td><td>&nbsp;<\/td><\/tr><tr><td><code>BXSA-ETU-1<\/code><\/td><td>BxSA &#8211; El\u00e8ve<\/td><td>Etudiant<\/td><td>RESO-ETU-2<\/td><td>&nbsp;<\/td><td>RESO-EXT-1<\/td><\/tr><tr><td><code>BXSA-ETU-2<\/code><\/td><td>BxSA &#8211; El\u00e8ve en stage de 1e ann\u00e9e<\/td><td>Etudiant avanc\u00e9<\/td><td>RESO-ETU-3<\/td><td>&nbsp;<\/td><td>SCPO-ETU-2<\/td><\/tr><tr><td><code>BXSA-ETU-3<\/code><\/td><td>BxSA &#8211; El\u00e8ve en stage de 2-3e ann\u00e9e<\/td><td>Personnel et doctorant<\/td><td>RESO-ETU-3<\/td><td>&nbsp;<\/td><td>SCPO-ETU-2<\/td><\/tr><\/tbody><\/table><\/figure>\n\n\n\n<div class=\"is-layout-flex wp-container-9 wp-block-columns bord-bloc-reutilisable has-background\" style=\"background-color:#d9edf7\">\n<div class=\"is-layout-flow wp-block-column is-vertically-aligned-center\" style=\"font-size:15px;flex-basis:20%\">\n<p style=\"font-size:15px\"><strong>Date de publication<\/strong> <\/p>\n\n\n<div style=\"font-size:15px;\" class=\"wp-block-post-date\"><time datetime=\"2024-03-22T09:35:27+01:00\">22 mars 2024<\/time><\/div><\/div>\n\n\n\n<div class=\"is-layout-flow wp-block-column is-vertically-aligned-center\" style=\"font-size:15px;flex-basis:20%\">\n<p><strong>Mis \u00e0 jour le <\/strong><\/p>\n\n\n<div style=\"font-size:15px;\" class=\"wp-block-post-date\"><time datetime=\"2024-05-06T11:54:03+02:00\">6 mai 2024<\/time><\/div><\/div>\n\n\n\n<div class=\"is-layout-flow wp-block-column is-vertically-aligned-center\" style=\"font-size:15px;flex-basis:40%\">\n<p><\/p>\n\n\n\n<p><strong>Attention ! <\/strong>Certains \u00e9tablissements utilisent parfois de proc\u00e9dures compl\u00e9mentaires <\/p>\n<\/div>\n\n\n\n<div class=\"is-layout-flow wp-block-column is-vertically-aligned-center\" style=\"font-size:15px;flex-basis:25%\">\n<div class=\"is-horizontal is-content-justification-center is-layout-flex wp-container-7 wp-block-buttons alignfull has-custom-font-size\" style=\"font-size:16px\">\n<div class=\"wp-block-button has-custom-width wp-block-button__width-75 has-custom-font-size is-style-fill\" style=\"font-size:15px\"><a class=\"wp-block-button__link has-white-color has-text-color has-background wp-element-button\" href=\"mailto:scoop@u-bordeaux.fr\" style=\"border-radius:65px;background-color:#000000db\"><strong>Signaler une erreur<\/strong><\/a><\/div>\n<\/div>\n<\/div>\n<\/div>\n","protected":false},"excerpt":{"rendered":"<p>Table des mati\u00e8res[ Show ]Utilisation dans AlmaResponsabilit\u00e9 du param\u00e8treListe des valeurs dans AlmaD\u00e9finition : les groupes d&rsquo;usagers sont les cat\u00e9gories permettant d&rsquo;affecter des r\u00e8gles de circulation distinctes aux usagers selon leur type. Utilisation dans Alma Les groupes d&rsquo;utilisateurs font partie&#8230;<\/p>\n","protected":false},"author":46,"featured_media":0,"parent":18750,"menu_order":4,"comment_status":"closed","ping_status":"closed","template":"","meta":[],"post_mailing_queue_ids":[],"_links":{"self":[{"href":"https:\/\/rebub.u-bordeaux.fr\/index.php\/wp-json\/wp\/v2\/pages\/18766"}],"collection":[{"href":"https:\/\/rebub.u-bordeaux.fr\/index.php\/wp-json\/wp\/v2\/pages"}],"about":[{"href":"https:\/\/rebub.u-bordeaux.fr\/index.php\/wp-json\/wp\/v2\/types\/page"}],"author":[{"embeddable":true,"href":"https:\/\/rebub.u-bordeaux.fr\/index.php\/wp-json\/wp\/v2\/users\/46"}],"replies":[{"embeddable":true,"href":"https:\/\/rebub.u-bordeaux.fr\/index.php\/wp-json\/wp\/v2\/comments?post=18766"}],"version-history":[{"count":3,"href":"https:\/\/rebub.u-bordeaux.fr\/index.php\/wp-json\/wp\/v2\/pages\/18766\/revisions"}],"predecessor-version":[{"id":20930,"href":"https:\/\/rebub.u-bordeaux.fr\/index.php\/wp-json\/wp\/v2\/pages\/18766\/revisions\/20930"}],"up":[{"embeddable":true,"href":"https:\/\/rebub.u-bordeaux.fr\/index.php\/wp-json\/wp\/v2\/pages\/18750"}],"wp:attachment":[{"href":"https:\/\/rebub.u-bordeaux.fr\/index.php\/wp-json\/wp\/v2\/media?parent=18766"}],"curies":[{"name":"wp","href":"https:\/\/api.w.org\/{rel}","templated":true}]}}