	{"id":18769,"date":"2024-03-22T09:35:24","date_gmt":"2024-03-22T08:35:24","guid":{"rendered":"https:\/\/rebub.u-bordeaux.fr\/?page_id=18769"},"modified":"2024-05-06T11:46:28","modified_gmt":"2024-05-06T09:46:28","slug":"controler-les-chargements-lecteurs","status":"publish","type":"page","link":"https:\/\/rebub.u-bordeaux.fr\/index.php\/alma\/configuration-administration\/services-aux-usagers\/gestion-des-lecteurs\/controler-les-chargements-lecteurs\/","title":{"rendered":"Contr\u00f4ler les chargements lecteurs"},"content":{"rendered":"<div id='wpig-floatingbar' class='wpig-floatingbar'><div id='wpig-switch-wrapper' class='wpig-switch-wrapper'><span id='wpig-floating-switch' class='wpig-floating-switch'><img src='https:\/\/rebub.u-bordeaux.fr\/wp-content\/plugins\/sticky-toc-advance-table-of-contents\/\\assets\\menu.png'><\/span><\/div><div id='wpig-contents' class='wpig-contents  wpig-sidebar-widget wpig-style-3'><span class='wpig-headline'>Table des mati\u00e8res<span><a data-action='show' class='wpig-btn-toggledisplay'>[ Show ]<\/a><\/span><\/span><!-- Table of Contents --><div id='wpig-table-of-content' class='wpig-table-of-content'><ol><li class='stoc-acces'><a href='#stoc-acces'>Acc\u00e8s<\/a><\/li><li class='stoc-presentation-de-la-page-du-rapport'><a href='#stoc-presentation-de-la-page-du-rapport'>Pr\u00e9sentation de la page du \u00ab\u00a0Rapport\u00a0\u00bb<\/a><\/li><li class='stoc-les-donnees-a-controler'><a href='#stoc-les-donnees-a-controler'>Les donn\u00e9es \u00e0 contr\u00f4ler<\/a><ol><li class='stoc-le-nombre-de-comptes-proposes-au-chargement'><a href='#stoc-le-nombre-de-comptes-proposes-au-chargement'>Le nombre de comptes propos\u00e9s au chargement<\/a><\/li><li class='stoc-corriger-les-comptes-rejetes'><a href='#stoc-corriger-les-comptes-rejetes'>Corriger les comptes rejet\u00e9s<\/a><\/li><\/ol><li class='stoc-supprimer-ou-modifier-un-compte'><a href='#stoc-supprimer-ou-modifier-un-compte'>Supprimer ou modifier un compte<\/a><\/li><\/ol><\/li><\/div><!-- END OF Table of Contents --><\/div><\/div><p><div id='wpig-contents' class='wpig-contents  wpig-sidebar-widget wpig-style-1'><span class='wpig-headline'>Table des mati\u00e8res<span><a data-action='show' class='wpig-btn-toggledisplay'>[ Show ]<\/a><\/span><\/span><!-- Table of Contents --><div id='wpig-table-of-content' class='wpig-table-of-content' ><ol><li class='stoc-acces'><a href='#stoc-acces'>Acc\u00e8s<\/a><\/li><li class='stoc-presentation-de-la-page-du-rapport'><a href='#stoc-presentation-de-la-page-du-rapport'>Pr\u00e9sentation de la page du \u00ab\u00a0Rapport\u00a0\u00bb<\/a><\/li><li class='stoc-les-donnees-a-controler'><a href='#stoc-les-donnees-a-controler'>Les donn\u00e9es \u00e0 contr\u00f4ler<\/a><ol><li class='stoc-le-nombre-de-comptes-proposes-au-chargement'><a href='#stoc-le-nombre-de-comptes-proposes-au-chargement'>Le nombre de comptes propos\u00e9s au chargement<\/a><\/li><li class='stoc-corriger-les-comptes-rejetes'><a href='#stoc-corriger-les-comptes-rejetes'>Corriger les comptes rejet\u00e9s<\/a><\/li><\/ol><li class='stoc-supprimer-ou-modifier-un-compte'><a href='#stoc-supprimer-ou-modifier-un-compte'>Supprimer ou modifier un compte<\/a><\/li><\/ol><\/li><\/div><!-- END OF Table of Contents --><\/div><\/p>\n<h2 id=\"stoc-acces\" class=\"wpig-heading\">Acc\u00e8s<\/h2>\n\n\n\n<p>Dans Alma, depuis la Net-work zone, pour acc\u00e9der aux suivis des chargements de lecteurs, aller dans <strong>Admin\/G\u00e9rer les traitements et les ensembles\/Suivi des traitements<\/strong>. Se positionner sur l&rsquo;onglet \u00ab\u00a0Historique\u00a0\u00bb et filtrer sur le type de traitement \u00ab\u00a0Utilisateurs\u00a0\u00bb :<\/p>\n\n\n\n<figure class=\"wp-block-image\"><a href=\"https:\/\/rebub.u-bordeaux.fr\/wp-content\/uploads\/2022\/04\/Controle-chargement-lecteur_Acces-suivi.png\" target=\"_blank\" rel=\"noopener\"><img decoding=\"async\" loading=\"lazy\" width=\"1393\" height=\"592\" src=\"https:\/\/rebub.u-bordeaux.fr\/wp-content\/uploads\/2022\/04\/Controle-chargement-lecteur_Acces-suivi.png\" alt=\"\" class=\"wp-image-13593\" srcset=\"https:\/\/rebub.u-bordeaux.fr\/wp-content\/uploads\/2022\/04\/Controle-chargement-lecteur_Acces-suivi.png 1393w, https:\/\/rebub.u-bordeaux.fr\/wp-content\/uploads\/2022\/04\/Controle-chargement-lecteur_Acces-suivi-300x127.png 300w, https:\/\/rebub.u-bordeaux.fr\/wp-content\/uploads\/2022\/04\/Controle-chargement-lecteur_Acces-suivi-1024x435.png 1024w, https:\/\/rebub.u-bordeaux.fr\/wp-content\/uploads\/2022\/04\/Controle-chargement-lecteur_Acces-suivi-768x326.png 768w\" sizes=\"(max-width: 1393px) 100vw, 1393px\" \/><\/a><\/figure>\n\n\n\n<p>Le nom du traitement \u00e0 contr\u00f4ler est : <strong>Users SYNCHRONIZE using profile Student Information System.<\/strong> Cliquer sur le bouton <img decoding=\"async\" loading=\"lazy\" class=\"alignnone wp-image-3417 size-full\" src=\"https:\/\/rebub.u-bordeaux.fr\/wp-content\/uploads\/2018\/06\/bouton-actions-suppl\u00e9mentaires.jpg\" alt=\"\" width=\"52\" height=\"35\"> sur le dernier traitement effectu\u00e9 (date du jour) puis s\u00e9lectionner \u00ab\u00a0Rapport\u00a0\u00bb :<\/p>\n\n\n\n<figure class=\"wp-block-image\"><a href=\"https:\/\/rebub.u-bordeaux.fr\/wp-content\/uploads\/2022\/04\/Controle-chargement-lecteur_Bouton-rapport.png\"><img decoding=\"async\" loading=\"lazy\" width=\"1392\" height=\"603\" src=\"https:\/\/rebub.u-bordeaux.fr\/wp-content\/uploads\/2022\/04\/Controle-chargement-lecteur_Bouton-rapport.png\" alt=\"\" class=\"wp-image-13594\" srcset=\"https:\/\/rebub.u-bordeaux.fr\/wp-content\/uploads\/2022\/04\/Controle-chargement-lecteur_Bouton-rapport.png 1392w, https:\/\/rebub.u-bordeaux.fr\/wp-content\/uploads\/2022\/04\/Controle-chargement-lecteur_Bouton-rapport-300x130.png 300w, https:\/\/rebub.u-bordeaux.fr\/wp-content\/uploads\/2022\/04\/Controle-chargement-lecteur_Bouton-rapport-1024x444.png 1024w, https:\/\/rebub.u-bordeaux.fr\/wp-content\/uploads\/2022\/04\/Controle-chargement-lecteur_Bouton-rapport-768x333.png 768w\" sizes=\"(max-width: 1392px) 100vw, 1392px\" \/><\/a><\/figure>\n\n\n\n<div class=\"is-layout-flex wp-container-3 wp-block-columns bord-bloc-reutilisable has-background\" style=\"background-color:#ffeec2\">\n<div class=\"is-layout-flow wp-block-column is-vertically-aligned-center\" style=\"flex-basis:7%\">\n<figure class=\"wp-block-image alignfull size-full is-style-default\"><img decoding=\"async\" loading=\"lazy\" width=\"512\" height=\"512\" src=\"https:\/\/rebub.u-bordeaux.fr\/wp-content\/uploads\/2024\/04\/nouvelles-idees-en-cours.png\" alt=\"\" class=\"wp-image-19897\" srcset=\"https:\/\/rebub.u-bordeaux.fr\/wp-content\/uploads\/2024\/04\/nouvelles-idees-en-cours.png 512w, https:\/\/rebub.u-bordeaux.fr\/wp-content\/uploads\/2024\/04\/nouvelles-idees-en-cours-300x300.png 300w, https:\/\/rebub.u-bordeaux.fr\/wp-content\/uploads\/2024\/04\/nouvelles-idees-en-cours-150x150.png 150w\" sizes=\"(max-width: 512px) 100vw, 512px\" \/><\/figure>\n<\/div>\n\n\n\n<div class=\"is-layout-flow wp-block-column is-vertically-aligned-center\" style=\"flex-basis:85%\">\n<p><strong>\u00c0 savoir <\/strong>: il n&rsquo;y a pas de chargement des fichiers le dimanche et le lundi matin. Le lundi, on contr\u00f4le donc le dernier chargement, celui du samedi matin.<\/p>\n<\/div>\n<\/div>\n\n\n\n<p>Pour un acc\u00e8s plus rapide aux suivis des chargements de lecteurs, il est possible d&rsquo;ajouter \u00e0 sa page d\u2019accueil d\u2019Alma le Widget \u00ab\u00a0Statut traitement planifi\u00e9\u00a0\u00bb et de cliquer ensuite sur l\u2019onglet \u00ab\u00a0Utilisateurs\u00a0\u00bb :<\/p>\n\n\n<div class=\"wp-block-image\">\n<figure class=\"aligncenter\"><img decoding=\"async\" loading=\"lazy\" width=\"738\" height=\"651\" src=\"https:\/\/rebub.u-bordeaux.fr\/wp-content\/uploads\/2023\/02\/01-Widget-statut-traitement-planifie.png\" alt=\"\" class=\"wp-image-14819\" srcset=\"https:\/\/rebub.u-bordeaux.fr\/wp-content\/uploads\/2023\/02\/01-Widget-statut-traitement-planifie.png 738w, https:\/\/rebub.u-bordeaux.fr\/wp-content\/uploads\/2023\/02\/01-Widget-statut-traitement-planifie-300x265.png 300w\" sizes=\"(max-width: 738px) 100vw, 738px\" \/><\/figure><\/div>\n\n\n<h2 id=\"stoc-presentation-de-la-page-du-rapport\" class=\"wpig-heading\">Pr\u00e9sentation de la page du \u00ab\u00a0Rapport\u00a0\u00bb<\/h2>\n\n\n\n<p>La section \u00ab\u00a0R\u00e9sum\u00e9 des r\u00e9sultats du traitement\u00a0\u00bb donne les informations sur ce qui a \u00e9t\u00e9 effectu\u00e9 lors du traitement :<\/p>\n\n\n<div class=\"wp-block-image\">\n<figure class=\"aligncenter\"><a href=\"https:\/\/rebub.u-bordeaux.fr\/wp-content\/uploads\/2023\/02\/Rapport-de-traitement-francais1.png\"><img decoding=\"async\" loading=\"lazy\" width=\"1808\" height=\"742\" src=\"https:\/\/rebub.u-bordeaux.fr\/wp-content\/uploads\/2023\/02\/Rapport-de-traitement-francais1.png\" alt=\"\" class=\"wp-image-14822\" srcset=\"https:\/\/rebub.u-bordeaux.fr\/wp-content\/uploads\/2023\/02\/Rapport-de-traitement-francais1.png 1808w, https:\/\/rebub.u-bordeaux.fr\/wp-content\/uploads\/2023\/02\/Rapport-de-traitement-francais1-300x123.png 300w, https:\/\/rebub.u-bordeaux.fr\/wp-content\/uploads\/2023\/02\/Rapport-de-traitement-francais1-1024x420.png 1024w, https:\/\/rebub.u-bordeaux.fr\/wp-content\/uploads\/2023\/02\/Rapport-de-traitement-francais1-768x315.png 768w, https:\/\/rebub.u-bordeaux.fr\/wp-content\/uploads\/2023\/02\/Rapport-de-traitement-francais1-1536x630.png 1536w\" sizes=\"(max-width: 1808px) 100vw, 1808px\" \/><\/a><\/figure><\/div>\n\n\n<p><strong>Total d&rsquo;enregistrements trait\u00e9s<\/strong> : c&rsquo;est le nombre de comptes lecteurs qui ont \u00e9t\u00e9 r\u00e9ellement trait\u00e9s soit parce qu&rsquo;ils sont nouveaux soit parce qu&rsquo;ils ont subis une modification par rapport \u00e0 leur pr\u00e9c\u00e9dent chargement.<\/p>\n\n\n\n<p><strong>Total des utilisateurs trait\u00e9s<\/strong> : c&rsquo;est le nombre de comptes lecteurs qui ont \u00e9t\u00e9 propos\u00e9s au traitement (il correspond au nombre de lecteurs pr\u00e9sents dans les fichiers de chargement d\u00e9pos\u00e9s sur le serveur ftp tous les soirs \u00e0 23h).<\/p>\n\n\n\n<p><strong>Total des utilisateurs rejet\u00e9s :<\/strong> c&rsquo;est le nombre de comptes lecteurs qui ont \u00e9t\u00e9 rejet\u00e9s \u00e0 l&rsquo;import. Le rejet est li\u00e9 \u00e0 une erreur (voir plus bas les diff\u00e9rents cas de rejet).<\/p>\n\n\n\n<p><strong>Total des utilisateurs mis \u00e0 jour avec succ\u00e8s :<\/strong> c&rsquo;est le nombre de comptes lecteurs modifi\u00e9s. Les comptes existaient d\u00e9j\u00e0 dans Alma mais une ou des donn\u00e9es des comptes ont \u00e9t\u00e9 modifi\u00e9es.<\/p>\n\n\n\n<p><strong>Total des utilisateurs cr\u00e9\u00e9s avec succ\u00e8s<\/strong> : c&rsquo;est le nombre de comptes lecteurs cr\u00e9\u00e9s. Ce sont des nouveaux comptes qui n&rsquo;existaient pas dans Alma.<\/p>\n\n\n\n<p><strong>Nombre total d&rsquo;utilisateurs inchang\u00e9s :<\/strong> c&rsquo;est le nombre de comptes lecteurs qui n&rsquo;ont pas \u00e9t\u00e9 chang\u00e9s dans Alma. Ils \u00e9taient d\u00e9j\u00e0 pr\u00e9sents et n&rsquo;ont pas subis de modifications.<\/p>\n\n\n\n<h2 id=\"stoc-les-donnees-a-controler\" class=\"wpig-heading\">Les donn\u00e9es \u00e0 contr\u00f4ler<\/h2>\n\n\n\n<h3 id=\"stoc-le-nombre-de-comptes-proposes-au-chargement\" class=\"wpig-heading\">Le nombre de comptes propos\u00e9s au chargement<\/h3>\n\n\n\n<p>Cela correspond \u00e0 la ligne \u00ab\u00a0Total des utilisateurs trait\u00e9s\u00a0\u00bb. Pour rappel, 12 fichiers de lecteurs sont d\u00e9pos\u00e9s sur le serveur FTP, on peut v\u00e9rifier leur nombre dans l&rsquo;onglet \u00ab\u00a0Utilisateurs inchang\u00e9s \u2013 par fichier\u00a0\u00bb.<\/p>\n\n\n\n<p>En nombre de lecteurs, cela correspond \u00e0 environ 90 000 comptes. Si le chiffre est plus bas, il faut v\u00e9rifier :<\/p>\n\n\n\n<ul>\n<li>Le nombre de fichiers d\u00e9pos\u00e9s sur le serveur FTP.<\/li>\n\n\n\n<li>La taille des fichiers d\u00e9pos\u00e9s sur le serveur FTP : il peut manquer des fichiers lecteurs ou le fichier peut aussi \u00eatre vide.<\/li>\n<\/ul>\n\n\n\n<h3 id=\"stoc-corriger-les-comptes-rejetes\" class=\"wpig-heading\">Corriger les comptes rejet\u00e9s<\/h3>\n\n\n\n<p>Ces comptes correspondent \u00e0 la ligne \u00ab\u00a0Total des utilisateurs rejet\u00e9s\u00a0\u00bb sur la page du \u00ab\u00a0rapport\u00a0\u00bb. Sur cette page, les utilisateurs rejet\u00e9s sont class\u00e9s par fichier, pour les traiter tous ensemble cliquer sur \u00ab\u00a0<strong>View Alternative Report<\/strong>\u00a0\u00bb dans le bandeau de droite :<\/p>\n\n\n<div class=\"wp-block-image\">\n<figure class=\"aligncenter\"><a href=\"https:\/\/rebub.u-bordeaux.fr\/wp-content\/uploads\/2023\/02\/02-View-Alternative-Report.png\"><img decoding=\"async\" loading=\"lazy\" width=\"1810\" height=\"646\" src=\"https:\/\/rebub.u-bordeaux.fr\/wp-content\/uploads\/2023\/02\/02-View-Alternative-Report.png\" alt=\"\" class=\"wp-image-14830\" srcset=\"https:\/\/rebub.u-bordeaux.fr\/wp-content\/uploads\/2023\/02\/02-View-Alternative-Report.png 1810w, https:\/\/rebub.u-bordeaux.fr\/wp-content\/uploads\/2023\/02\/02-View-Alternative-Report-300x107.png 300w, https:\/\/rebub.u-bordeaux.fr\/wp-content\/uploads\/2023\/02\/02-View-Alternative-Report-1024x365.png 1024w, https:\/\/rebub.u-bordeaux.fr\/wp-content\/uploads\/2023\/02\/02-View-Alternative-Report-768x274.png 768w, https:\/\/rebub.u-bordeaux.fr\/wp-content\/uploads\/2023\/02\/02-View-Alternative-Report-1536x548.png 1536w\" sizes=\"(max-width: 1810px) 100vw, 1810px\" \/><\/a><\/figure><\/div>\n\n\n<p>Exporter un tableur Excel de la liste des utilisateurs rejet\u00e9s. Copier\/Coller les donn\u00e9es dans l\u2019onglet \u00ab\u00a0event\u00a0\u00bb du tableau de suivi \u00ab\u00a0<strong>Fichier de suivi des chargements-2<\/strong>\u00a0\u00bb disponible sur le commun du Scoop \u00e0 l\u2019adresse <em>L:\\DirDoc_Commun\\17_SCOOP\\SID\\Alma chargement lecteurs<\/em>.<\/p>\n\n\n\n<p>Les utilisateurs rejet\u00e9s d\u00e9j\u00e0 trait\u00e9s apparaissent en noirs tandis que ceux dont l\u2019erreur de chargement n\u2019a pas \u00e9t\u00e9 trait\u00e9e ni corrig\u00e9e apparaissent en rouge.<\/p>\n\n\n\n<p>Les colonnes \u00ab Error Message \u00bb et \u00ab Description \u00bb nous donnent un premier indice sur la cause du rejet, il existe 2 types principaux de rejets :<\/p>\n\n\n\n<p class=\"has-text-align-center\"><strong>L\u2019identifiant principal est d\u00e9j\u00e0 utilis\u00e9 par un autre compte<\/strong><\/p>\n\n\n\n<p>Un m\u00eame identifiant principal peut \u00eatre utilis\u00e9 pour deux comptes dans le cas o\u00f9 un lecteur serait, par exemple, en m\u00eame temps \u00e9tudiant et personnel dans une m\u00eame institution comme les charg\u00e9s de TD doctorants.<\/p>\n\n\n\n<p>Dans ce cas, privil\u00e9gier le compte ayant le plus de droits et\/ou la date d\u2019expiration la plus tardive. Si le compte privil\u00e9gi\u00e9 est d\u00e9j\u00e0 celui charg\u00e9 dans Alma, copier l\u2019identifiant principal du compte rejet\u00e9 dans le tableur \u00ab\u00a0<strong>Fichier de suivi des chargements-2<\/strong>\u00a0\u00bb dans l\u2019onglet \u00ab\u00a0Anomalies_Connues\u00a0\u00bb et expliquer dans la colonne \u00ab\u00a0Commentaire\u00a0\u00bb l\u2019origine du rejet et la solution choisie. Si le compte privil\u00e9gi\u00e9 n&rsquo;est pas celui d\u00e9j\u00e0 pr\u00e9sent dans Alma, supprimer le compte charg\u00e9 dans Alma (voir plus loin), le compte rejet\u00e9 le remplacera au prochain chargement des lecteurs.<\/p>\n\n\n\n<p class=\"has-text-align-center\"><strong>Le code-barre est d\u00e9j\u00e0 utilis\u00e9 par un autre compte<\/strong><\/p>\n\n\n\n<p>Un m\u00eame code-barre peut \u00eatre utilis\u00e9 dans le cas o\u00f9&nbsp;:<\/p>\n\n\n\n<ul>\n<li><strong>Un lecteur serait inscrit dans deux institutions diff\u00e9rentes<\/strong>, par exemple : un \u00e9tudiant en double cursus \u00e0 l\u2019IEP et \u00e0 l\u2019UB. Dans ce cas, privil\u00e9gier le compte ayant le plus de droits et\/ou la date d\u2019expiration la plus tardive. Si le compte privil\u00e9gi\u00e9 est d\u00e9j\u00e0 celui charg\u00e9 dans Alma, copier l\u2019identifiant principal du compte rejet\u00e9 dans le tableur \u00ab\u00a0<strong>Fichier de suivi des chargements-2<\/strong>\u00a0\u00bb dans l\u2019onglet \u00ab\u00a0Anomalies_Connues\u00a0\u00bb et expliquer dans la colonne \u00ab\u00a0Commentaire\u00a0\u00bb l\u2019origine du rejet et la solution choisie. Si le compte privil\u00e9gi\u00e9 n&rsquo;est pas celui d\u00e9j\u00e0 pr\u00e9sent dans Alma, supprimer le compte charg\u00e9 dans Alma (voir plus loin), le compte rejet\u00e9 le remplacera au prochain chargement des lecteurs.<\/li>\n\n\n\n<li><strong>Un lecteur \u00e9tait inscrit dans une institution et son ancien compte ne serait pas encore supprim\u00e9 et ce lecteur se serait inscrit dans une nouvelle institution<\/strong>. Dans ce cas supprimer l\u2019ancien compte dans Alma (voir plus loin), le compte rejet\u00e9 le remplacera au prochain chargement des lecteurs.<\/li>\n\n\n\n<li><strong>Un lecteur ayant demand\u00e9 \u00e0 changer son identifiant principal<\/strong> pour diff\u00e9rentes raisons : mariage, divorce, changement de genre, faute de frappe, etc. Dans ce cas modifier l\u2019identifiant principal (voir plus loin).<\/li>\n<\/ul>\n\n\n\n<p>Pour identifier le cas de figure dans lequel on se situe, il est n\u00e9cessaire de comparer les donn\u00e9es d\u00e9j\u00e0 pr\u00e9sentes sur Alma (en cherchant par l&rsquo;identifiant principal ou par le code-barre selon la situation) avec les donn\u00e9es des fichiers envoy\u00e9s par les DSI gr\u00e2ce \u00e0 FileZilla. Dans FileZilla, cliquer sur l\u2019onglet <em>\u00ab\u00a0Ouvrir le gestionnaire de sites\u00a0\u00bb <img decoding=\"async\" loading=\"lazy\" class=\"alignnone wp-image-14845 \" src=\"https:\/\/rebub.u-bordeaux.fr\/wp-content\/uploads\/2023\/02\/logo.png\" alt=\"\" width=\"78\" height=\"50\"> \/Dep\u00f4t UB\/CHARGEUR_LECTEURS<\/em> et choisir la destination du fichier sur le site local. Puis, double-cliquer sur le fichier que l\u2019on souhaite ouvrir. Dans la destination choisie renommer le fichier en supprimant les caract\u00e8res apr\u00e8s \u00ab\u00a0.zip\u00a0\u00bb, d\u00e9zipper et ouvrir les fichiers avec une application capable de lire de xml.<\/p>\n\n\n\n<h2 id=\"stoc-supprimer-ou-modifier-un-compte\" class=\"wpig-heading\">Supprimer ou modifier un compte<\/h2>\n\n\n\n<p>Aller sur les Outils du SCOOP<em>\/lecteurs\/recherche-lecteur<\/em>. L&rsquo;outil permet de ne pas avoir \u00e0 r\u00e9p\u00e9ter une op\u00e9ration pour chaque institution.<\/p>\n\n\n<div class=\"wp-block-image\">\n<figure class=\"aligncenter\"><a href=\"https:\/\/rebub.u-bordeaux.fr\/wp-content\/uploads\/2023\/02\/03-rechercher-un-lecteur.png\"><img decoding=\"async\" loading=\"lazy\" width=\"1896\" height=\"613\" src=\"https:\/\/rebub.u-bordeaux.fr\/wp-content\/uploads\/2023\/02\/03-rechercher-un-lecteur.png\" alt=\"\" class=\"wp-image-14849\" srcset=\"https:\/\/rebub.u-bordeaux.fr\/wp-content\/uploads\/2023\/02\/03-rechercher-un-lecteur.png 1896w, https:\/\/rebub.u-bordeaux.fr\/wp-content\/uploads\/2023\/02\/03-rechercher-un-lecteur-300x97.png 300w, https:\/\/rebub.u-bordeaux.fr\/wp-content\/uploads\/2023\/02\/03-rechercher-un-lecteur-1024x331.png 1024w, https:\/\/rebub.u-bordeaux.fr\/wp-content\/uploads\/2023\/02\/03-rechercher-un-lecteur-768x248.png 768w, https:\/\/rebub.u-bordeaux.fr\/wp-content\/uploads\/2023\/02\/03-rechercher-un-lecteur-1536x497.png 1536w\" sizes=\"(max-width: 1896px) 100vw, 1896px\" \/><\/a><\/figure><\/div>\n\n\n<div class=\"is-layout-flex wp-container-6 wp-block-columns bord-bloc-reutilisable has-background\" style=\"background-color:#ffeec2\">\n<div class=\"is-layout-flow wp-block-column is-vertically-aligned-center\" style=\"flex-basis:7%\">\n<figure class=\"wp-block-image alignfull size-full is-style-default\"><img decoding=\"async\" loading=\"lazy\" width=\"512\" height=\"512\" src=\"https:\/\/rebub.u-bordeaux.fr\/wp-content\/uploads\/2024\/04\/nouvelles-idees-en-cours.png\" alt=\"\" class=\"wp-image-19897\" srcset=\"https:\/\/rebub.u-bordeaux.fr\/wp-content\/uploads\/2024\/04\/nouvelles-idees-en-cours.png 512w, https:\/\/rebub.u-bordeaux.fr\/wp-content\/uploads\/2024\/04\/nouvelles-idees-en-cours-300x300.png 300w, https:\/\/rebub.u-bordeaux.fr\/wp-content\/uploads\/2024\/04\/nouvelles-idees-en-cours-150x150.png 150w\" sizes=\"(max-width: 512px) 100vw, 512px\" \/><\/figure>\n<\/div>\n\n\n\n<div class=\"is-layout-flow wp-block-column is-vertically-aligned-center\" style=\"flex-basis:85%\">\n<p><strong>\u00c0 savoir<\/strong> : aucune suppression ne doit \u00eatre effectu\u00e9e si le lecteur a un pr\u00eat en cours (en rouge) pour conserver les donn\u00e9es de pr\u00eats modifier alors l&rsquo;identifiant principal plut\u00f4t que de supprimer le compte.<\/p>\n<\/div>\n<\/div>\n\n\n<div class=\"wp-block-image\">\n<figure class=\"aligncenter\"><a href=\"https:\/\/rebub.u-bordeaux.fr\/wp-content\/uploads\/2023\/02\/il-04-floue.png\"><img decoding=\"async\" loading=\"lazy\" width=\"1903\" height=\"927\" src=\"https:\/\/rebub.u-bordeaux.fr\/wp-content\/uploads\/2023\/02\/il-04-floue.png\" alt=\"\" class=\"wp-image-14857\" srcset=\"https:\/\/rebub.u-bordeaux.fr\/wp-content\/uploads\/2023\/02\/il-04-floue.png 1903w, https:\/\/rebub.u-bordeaux.fr\/wp-content\/uploads\/2023\/02\/il-04-floue-300x146.png 300w, https:\/\/rebub.u-bordeaux.fr\/wp-content\/uploads\/2023\/02\/il-04-floue-1024x499.png 1024w, https:\/\/rebub.u-bordeaux.fr\/wp-content\/uploads\/2023\/02\/il-04-floue-768x374.png 768w, https:\/\/rebub.u-bordeaux.fr\/wp-content\/uploads\/2023\/02\/il-04-floue-1536x748.png 1536w\" sizes=\"(max-width: 1903px) 100vw, 1903px\" \/><\/a><\/figure><\/div>\n\n\n<div class=\"is-layout-flex wp-container-12 wp-block-columns bord-bloc-reutilisable has-background\" style=\"background-color:#d9edf7\">\n<div class=\"is-layout-flow wp-block-column is-vertically-aligned-center\" style=\"font-size:15px;flex-basis:20%\">\n<p style=\"font-size:15px\"><strong>Date de publication<\/strong> <\/p>\n\n\n<div style=\"font-size:15px;\" class=\"wp-block-post-date\"><time datetime=\"2024-03-22T09:35:24+01:00\">22 mars 2024<\/time><\/div><\/div>\n\n\n\n<div class=\"is-layout-flow wp-block-column is-vertically-aligned-center\" style=\"font-size:15px;flex-basis:20%\">\n<p><strong>Mis \u00e0 jour le <\/strong><\/p>\n\n\n<div style=\"font-size:15px;\" class=\"wp-block-post-date\"><time datetime=\"2024-05-06T11:46:28+02:00\">6 mai 2024<\/time><\/div><\/div>\n\n\n\n<div class=\"is-layout-flow wp-block-column is-vertically-aligned-center\" style=\"font-size:15px;flex-basis:40%\">\n<p><\/p>\n\n\n\n<p><strong>Attention ! <\/strong>Certains \u00e9tablissements utilisent parfois de proc\u00e9dures compl\u00e9mentaires <\/p>\n<\/div>\n\n\n\n<div class=\"is-layout-flow wp-block-column is-vertically-aligned-center\" style=\"font-size:15px;flex-basis:25%\">\n<div class=\"is-horizontal is-content-justification-center is-layout-flex wp-container-10 wp-block-buttons alignfull has-custom-font-size\" style=\"font-size:16px\">\n<div class=\"wp-block-button has-custom-width wp-block-button__width-75 has-custom-font-size is-style-fill\" style=\"font-size:15px\"><a class=\"wp-block-button__link has-white-color has-text-color has-background wp-element-button\" href=\"mailto:scoop@u-bordeaux.fr\" style=\"border-radius:65px;background-color:#000000db\"><strong>Signaler une erreur<\/strong><\/a><\/div>\n<\/div>\n<\/div>\n<\/div>\n","protected":false},"excerpt":{"rendered":"<p>Table des mati\u00e8res[ Show ]Acc\u00e8sPr\u00e9sentation de la page du \u00ab\u00a0Rapport\u00a0\u00bbLes donn\u00e9es \u00e0 contr\u00f4lerLe nombre de comptes propos\u00e9s au chargementCorriger les comptes rejet\u00e9sSupprimer ou modifier un compteAcc\u00e8s Dans Alma, depuis la Net-work zone, pour acc\u00e9der aux suivis des chargements de lecteurs,&#8230;<\/p>\n","protected":false},"author":46,"featured_media":0,"parent":18750,"menu_order":2,"comment_status":"closed","ping_status":"closed","template":"","meta":[],"post_mailing_queue_ids":[],"_links":{"self":[{"href":"https:\/\/rebub.u-bordeaux.fr\/index.php\/wp-json\/wp\/v2\/pages\/18769"}],"collection":[{"href":"https:\/\/rebub.u-bordeaux.fr\/index.php\/wp-json\/wp\/v2\/pages"}],"about":[{"href":"https:\/\/rebub.u-bordeaux.fr\/index.php\/wp-json\/wp\/v2\/types\/page"}],"author":[{"embeddable":true,"href":"https:\/\/rebub.u-bordeaux.fr\/index.php\/wp-json\/wp\/v2\/users\/46"}],"replies":[{"embeddable":true,"href":"https:\/\/rebub.u-bordeaux.fr\/index.php\/wp-json\/wp\/v2\/comments?post=18769"}],"version-history":[{"count":3,"href":"https:\/\/rebub.u-bordeaux.fr\/index.php\/wp-json\/wp\/v2\/pages\/18769\/revisions"}],"predecessor-version":[{"id":20924,"href":"https:\/\/rebub.u-bordeaux.fr\/index.php\/wp-json\/wp\/v2\/pages\/18769\/revisions\/20924"}],"up":[{"embeddable":true,"href":"https:\/\/rebub.u-bordeaux.fr\/index.php\/wp-json\/wp\/v2\/pages\/18750"}],"wp:attachment":[{"href":"https:\/\/rebub.u-bordeaux.fr\/index.php\/wp-json\/wp\/v2\/media?parent=18769"}],"curies":[{"name":"wp","href":"https:\/\/api.w.org\/{rel}","templated":true}]}}