	{"id":18770,"date":"2024-03-22T09:35:28","date_gmt":"2024-03-22T08:35:28","guid":{"rendered":"https:\/\/rebub.u-bordeaux.fr\/?page_id=18770"},"modified":"2025-08-29T11:08:59","modified_gmt":"2025-08-29T09:08:59","slug":"identifier-les-codes-statistiques-des-lecteurs-non-declares-dans-alma","status":"publish","type":"page","link":"https:\/\/rebub.u-bordeaux.fr\/index.php\/alma\/configuration-administration\/services-aux-usagers\/gestion-des-lecteurs\/identifier-les-codes-statistiques-des-lecteurs-non-declares-dans-alma\/","title":{"rendered":"Identifier les codes statistiques des lecteurs non d\u00e9clar\u00e9s dans Alma"},"content":{"rendered":"<div id='wpig-floatingbar' class='wpig-floatingbar'><div id='wpig-switch-wrapper' class='wpig-switch-wrapper'><span id='wpig-floating-switch' class='wpig-floating-switch'><img src='https:\/\/rebub.u-bordeaux.fr\/wp-content\/plugins\/sticky-toc-advance-table-of-contents\/\\assets\\menu.png'><\/span><\/div><\/div><p><\/p>\n<p>Pour que les codes statistiques usagers soient exploitables dans l&rsquo;analytique, il est n\u00e9cessaire que ceux-ci soient d\u00e9clar\u00e9es depuis la Net-work zone, dans la table <strong>User Statistical Categories<\/strong> (Configuration > Zone R\u00e9seau > Gestion des utilisateurs > Cat\u00e9gories statistiques). Chaque cat\u00e9gorie statistique doit ensuite \u00eatre mapp\u00e9e avec un type de cat\u00e9gorie statistique via la table<strong> Statistical Categories\/Types<\/strong> (Configuration > Zone R\u00e9seau > Gestion des utilisateurs > Cat\u00e9gories\/Types statistiques).<\/p>\n\n\n\n<p>Pour rep\u00e9rer les codes manquants, le script <a href=\"https:\/\/github.com\/louxfaure\/Alma_Lecteurs_Controle_Codes_Stat_Auto\">Alma Lecteurs Contr\u00f4le des codes statistiques_Auto<\/a> va analyser tous les codes statistiques attach\u00e9s aux comptes utilisateurs fournis par les DSI et les comparer \u00e0 la table  <strong>User Statistical Categories<\/strong>. Les codes manquants sont list\u00e9s dans un rapport avec :   <\/p>\n\n\n\n<ul>\n<li>L&rsquo;institution d&rsquo;origine : UB, UBM, INP, IEP , BXSA<\/li>\n\n\n\n<li>La population concern\u00e9e : Etudiants, Personnels ou heberg\u00e9s<\/li>\n\n\n\n<li>Le code statistique<\/li>\n\n\n\n<li>La description provisoire<\/li>\n\n\n\n<li>La cat\u00e9gorie statistique<\/li>\n<\/ul>\n\n\n\n<p>Le rapport est livr\u00e9<strong> chaque jeudi \u00e0 6h. <\/strong><\/p>\n\n\n\n<p>Les libell\u00e9s des codes \u00e9tapes et composantes manquants pour UB, UBM et IEP peuvent \u00eatre retrouv\u00e9s dans les fichiers <em>Versions_Etapes <\/em>d\u00e9pos\u00e9s sur le serveur FTP d\u00e9p\u00f4 UB dans le r\u00e9portoire \/DEPOT\/ETAPE.<\/p>\n\n\n\n<p>Pour les autres codes, il est n\u00e9cessaire de s&rsquo;adresser aux \u00e9tablissements. En attendant un retour de ces derniers, le code doit \u00eatre d\u00e9clar\u00e9 dans Alma avec le libell\u00e9 suivant : \u00ab\u00a0[CODE]. Description \u00e0 renseigner\u00a0\u00bb <\/p>\n\n\n\n<p>Les tables <strong>User Statistical Categories<\/strong> et  <strong>Statistical Categories\/Types<\/strong> peuvent \u00eatre mises \u00e0 jour manuellement ou par chargement du fichier. Pour ce faire :<\/p>\n\n\n\n<ol>\n<li>T\u00e9l\u00e9charger la table <strong>User Statistical Categories<\/strong><\/li>\n\n\n\n<li>Sous Excel, ajouter les codes manquants \u00e0 partir du rapport produit par le script de contr\u00f4le. Ne pas renseigner les champs \u00ab\u00a0Mis \u00e0 jour par\u00a0\u00bb et Derni\u00e8re mise \u00e0 jour\u00a0\u00bb<\/li>\n\n\n\n<li>Uploader le fichier modifi\u00e9 dans la table <strong>User Statistical Categories<\/strong><\/li>\n\n\n\n<li>Cliquer sur <strong>Enregistrer et distribuer<\/strong><\/li>\n\n\n\n<li>R\u00e9p\u00e9ter les \u00e9tapes 1 \u00e0 4 pour la table <strong>Statistical Categories\/Types<\/strong><\/li>\n<\/ol>\n\n\n\n<p><a href=\"https:\/\/knowledge.exlibrisgroup.com\/Alma\/Knowledge_Articles\/User_Statistical_Categories_-_how_to_upload_information_using_a_file%3F\">https:\/\/knowledge.exlibrisgroup.com\/Alma\/Knowledge_Articles\/User_Statistical_Categories_-_how_to_upload_information_using_a_file%3F<\/a><\/p>\n\n\n\n<div class=\"is-layout-flex wp-container-6 wp-block-columns bord-bloc-reutilisable has-background\" style=\"background-color:#d9edf7\">\n<div class=\"is-layout-flow wp-block-column is-vertically-aligned-center\" style=\"font-size:15px;flex-basis:20%\">\n<p style=\"font-size:15px\"><strong>Date de publication<\/strong> <\/p>\n\n\n<div style=\"font-size:15px;\" class=\"wp-block-post-date\"><time datetime=\"2024-03-22T09:35:28+01:00\">22 mars 2024<\/time><\/div><\/div>\n\n\n\n<div class=\"is-layout-flow wp-block-column is-vertically-aligned-center\" style=\"font-size:15px;flex-basis:20%\">\n<p><strong>Mis \u00e0 jour le <\/strong><\/p>\n\n\n<div style=\"font-size:15px;\" class=\"wp-block-post-date\"><time datetime=\"2025-08-29T11:08:59+02:00\">29 ao\u00fbt 2025<\/time><\/div><\/div>\n\n\n\n<div class=\"is-layout-flow wp-block-column is-vertically-aligned-center\" style=\"font-size:15px;flex-basis:40%\">\n<p><\/p>\n\n\n\n<p><strong>Attention ! <\/strong>Certains \u00e9tablissements utilisent parfois de proc\u00e9dures compl\u00e9mentaires <\/p>\n<\/div>\n\n\n\n<div class=\"is-layout-flow wp-block-column is-vertically-aligned-center\" style=\"font-size:15px;flex-basis:25%\">\n<div class=\"is-horizontal is-content-justification-center is-layout-flex wp-container-4 wp-block-buttons alignfull has-custom-font-size\" style=\"font-size:16px\">\n<div class=\"wp-block-button has-custom-width wp-block-button__width-75 has-custom-font-size is-style-fill\" style=\"font-size:15px\"><a class=\"wp-block-button__link has-white-color has-text-color has-background wp-element-button\" href=\"mailto:scoop@u-bordeaux.fr\" style=\"border-radius:65px;background-color:#000000db\"><strong>Signaler une erreur<\/strong><\/a><\/div>\n<\/div>\n<\/div>\n<\/div>\n","protected":false},"excerpt":{"rendered":"<p>Pour que les codes statistiques usagers soient exploitables dans l&rsquo;analytique, il est n\u00e9cessaire que ceux-ci soient d\u00e9clar\u00e9es depuis la Net-work zone, dans la table User Statistical Categories (Configuration > Zone R\u00e9seau > Gestion des utilisateurs > Cat\u00e9gories statistiques). Chaque cat\u00e9gorie&#8230;<\/p>\n","protected":false},"author":2,"featured_media":0,"parent":18750,"menu_order":5,"comment_status":"closed","ping_status":"closed","template":"","meta":[],"post_mailing_queue_ids":[],"_links":{"self":[{"href":"https:\/\/rebub.u-bordeaux.fr\/index.php\/wp-json\/wp\/v2\/pages\/18770"}],"collection":[{"href":"https:\/\/rebub.u-bordeaux.fr\/index.php\/wp-json\/wp\/v2\/pages"}],"about":[{"href":"https:\/\/rebub.u-bordeaux.fr\/index.php\/wp-json\/wp\/v2\/types\/page"}],"author":[{"embeddable":true,"href":"https:\/\/rebub.u-bordeaux.fr\/index.php\/wp-json\/wp\/v2\/users\/2"}],"replies":[{"embeddable":true,"href":"https:\/\/rebub.u-bordeaux.fr\/index.php\/wp-json\/wp\/v2\/comments?post=18770"}],"version-history":[{"count":8,"href":"https:\/\/rebub.u-bordeaux.fr\/index.php\/wp-json\/wp\/v2\/pages\/18770\/revisions"}],"predecessor-version":[{"id":24018,"href":"https:\/\/rebub.u-bordeaux.fr\/index.php\/wp-json\/wp\/v2\/pages\/18770\/revisions\/24018"}],"up":[{"embeddable":true,"href":"https:\/\/rebub.u-bordeaux.fr\/index.php\/wp-json\/wp\/v2\/pages\/18750"}],"wp:attachment":[{"href":"https:\/\/rebub.u-bordeaux.fr\/index.php\/wp-json\/wp\/v2\/media?parent=18770"}],"curies":[{"name":"wp","href":"https:\/\/api.w.org\/{rel}","templated":true}]}}