	{"id":18771,"date":"2024-03-22T09:35:29","date_gmt":"2024-03-22T08:35:29","guid":{"rendered":"https:\/\/rebub.u-bordeaux.fr\/?page_id=18771"},"modified":"2024-05-06T11:57:05","modified_gmt":"2024-05-06T09:57:05","slug":"tester-lauthentification","status":"publish","type":"page","link":"https:\/\/rebub.u-bordeaux.fr\/index.php\/alma\/configuration-administration\/services-aux-usagers\/gestion-des-lecteurs\/tester-lauthentification\/","title":{"rendered":"Tester l\u2019authentification"},"content":{"rendered":"<div id='wpig-floatingbar' class='wpig-floatingbar'><div id='wpig-switch-wrapper' class='wpig-switch-wrapper'><span id='wpig-floating-switch' class='wpig-floating-switch'><img src='https:\/\/rebub.u-bordeaux.fr\/wp-content\/plugins\/sticky-toc-advance-table-of-contents\/\\assets\\menu.png'><\/span><\/div><div id='wpig-contents' class='wpig-contents  wpig-sidebar-widget wpig-style-3'><span class='wpig-headline'>Table des mati\u00e8res<span><a data-action='show' class='wpig-btn-toggledisplay'>[ Show ]<\/a><\/span><\/span><!-- Table of Contents --><div id='wpig-table-of-content' class='wpig-table-of-content'><ol><li class='alma'><a href='#alma'>Alma<\/a><ol><li class='entity_id_a_autoriser'><a href='#entity_id_a_autoriser'>Entity ID \u00e0 autoriser<\/a><\/li><li class='url_de_connexion_pour_l_authentification_externe'><a href='#url_de_connexion_pour_l_authentification_externe'>URL de connexion pour l&rsquo;authentification externe<\/a><\/li><li class='modifier_son_compte_pour_utiliser_l_authentification_externe'><a href='#modifier_son_compte_pour_utiliser_l_authentification_externe'>Modifier son compte pour utiliser l&rsquo;authentification externe<\/a><\/li><\/ol><li class='primo'><a href='#primo'>Primo<\/a><ol><li class='entity_id_a_autoriser1'><a href='#entity_id_a_autoriser1'>Entity ID \u00e0 autoriser<\/a><\/li><li class='adresses_d_authentification'><a href='#adresses_d_authentification'>Adresses d&rsquo;authentification<\/a><\/li><\/ol><\/li><\/li><\/div><!-- END OF Table of Contents --><\/div><\/div><p><div id='wpig-contents' class='wpig-contents  wpig-sidebar-widget wpig-style-1'><span class='wpig-headline'>Table des mati\u00e8res<span><a data-action='show' class='wpig-btn-toggledisplay'>[ Show ]<\/a><\/span><\/span><!-- Table of Contents --><div id='wpig-table-of-content' class='wpig-table-of-content' ><ol><li class='alma'><a href='#alma'>Alma<\/a><ol><li class='entity_id_a_autoriser'><a href='#entity_id_a_autoriser'>Entity ID \u00e0 autoriser<\/a><\/li><li class='url_de_connexion_pour_l_authentification_externe'><a href='#url_de_connexion_pour_l_authentification_externe'>URL de connexion pour l&rsquo;authentification externe<\/a><\/li><li class='modifier_son_compte_pour_utiliser_l_authentification_externe'><a href='#modifier_son_compte_pour_utiliser_l_authentification_externe'>Modifier son compte pour utiliser l&rsquo;authentification externe<\/a><\/li><\/ol><li class='primo'><a href='#primo'>Primo<\/a><ol><li class='entity_id_a_autoriser1'><a href='#entity_id_a_autoriser1'>Entity ID \u00e0 autoriser<\/a><\/li><li class='adresses_d_authentification'><a href='#adresses_d_authentification'>Adresses d&rsquo;authentification<\/a><\/li><\/ol><\/li><\/li><\/div><!-- END OF Table of Contents --><\/div><\/p>\n<div class=\"level1\">\n<p>A l&rsquo;authentification, l&rsquo;IDP doit renvoyer l&rsquo;EPPN \u00e0 l&rsquo;application.<\/p>\n<\/div>\n\n\n\n<h2 id=\"alma\" id=\"alma\" class=\"wpig-heading\">Alma<\/h2>\n\n\n\n<h3 id=\"entity_id_a_autoriser\" id=\"entity_id_a_autoriser\" class=\"wpig-heading\">Entity ID \u00e0 autoriser<\/h3>\n\n\n\n<div class=\"level3\">\n<div class=\"table-responsive\">\n<table class=\"inline table table-striped table-condensed\">\n<thead>\n<tr class=\"row0\">\n<th class=\"col0\">IDP<\/th>\n<th class=\"col1\">Interfaces de production<\/th>\n<th class=\"col2\">Interfaces Bac \u00e0 sable<\/th>\n<\/tr>\n<\/thead>\n<tbody>\n<tr class=\"row1\">\n<th class=\"col0\">BXSA<\/th>\n<td class=\"col1\"><a class=\"urlextern\" title=\"https:\/\/pudb-network.alma.exlibrisgroup.com\/mng\/login\" href=\"https:\/\/pudb-network.alma.exlibrisgroup.com\/mng\/login\" target=\"_blank\" rel=\"nofollow noopener noreferrer\">https:\/\/pudb-network.alma.exlibrisgroup.com\/mng\/login<\/a>\n<p>&nbsp;<\/p>\n<p><a class=\"urlextern\" title=\"https:\/\/pudb-bxsa.alma.exlibrisgroup.com\/mng\/login\" href=\"https:\/\/pudb-bxsa.alma.exlibrisgroup.com\/mng\/login\" target=\"_blank\" rel=\"nofollow noopener noreferrer\">https:\/\/pudb-bxsa.alma.exlibrisgroup.com\/mng\/login<\/a><\/p>\n<\/td>\n<td class=\"col2\" rowspan=\"5\"><a class=\"urlextern\" title=\"https:\/\/sandbox02-eu.alma.exlibrisgroup.com\/mng\/login\" href=\"https:\/\/sandbox02-eu.alma.exlibrisgroup.com\/mng\/login\" target=\"_blank\" rel=\"nofollow noopener noreferrer\">https:\/\/sandbox02-eu.alma.exlibrisgroup.com\/mng\/login<\/a><\/td>\n<\/tr>\n<tr class=\"row2\">\n<th class=\"col0\">IEP<\/th>\n<td class=\"col1\"><a class=\"urlextern\" title=\"https:\/\/pudb-iep.alma.exlibrisgroup.com\/mng\/login\" href=\"https:\/\/pudb-iep.alma.exlibrisgroup.com\/mng\/login\" target=\"_blank\" rel=\"nofollow noopener noreferrer\">https:\/\/pudb-iep.alma.exlibrisgroup.com\/mng\/login<\/a>\n<p>&nbsp;<\/p>\n<p><a class=\"urlextern\" title=\"https:\/\/pudb-network.alma.exlibrisgroup.com\/mng\/login\" href=\"https:\/\/pudb-network.alma.exlibrisgroup.com\/mng\/login\" target=\"_blank\" rel=\"nofollow noopener noreferrer\">https:\/\/pudb-network.alma.exlibrisgroup.com\/mng\/login<\/a><\/p>\n<\/td>\n<\/tr>\n<tr class=\"row3\">\n<th class=\"col0\">INP<\/th>\n<td class=\"col1\"><a class=\"urlextern\" title=\"https:\/\/pudb-inp.alma.exlibrisgroup.com\/mng\/login\" href=\"https:\/\/pudb-inp.alma.exlibrisgroup.com\/mng\/login\" target=\"_blank\" rel=\"nofollow noopener noreferrer\">https:\/\/pudb-inp.alma.exlibrisgroup.com\/mng\/login<\/a>\n<p>&nbsp;<\/p>\n<p><a class=\"urlextern\" title=\"https:\/\/pudb-network.alma.exlibrisgroup.com\/mng\/login\" href=\"https:\/\/pudb-network.alma.exlibrisgroup.com\/mng\/login\" target=\"_blank\" rel=\"nofollow noopener noreferrer\">https:\/\/pudb-network.alma.exlibrisgroup.com\/mng\/login<\/a><\/p>\n<\/td>\n<\/tr>\n<tr class=\"row4\">\n<th class=\"col0\">UB<\/th>\n<td class=\"col1 leftalign\"><a class=\"urlextern\" title=\"https:\/\/pudb-ub.alma.exlibrisgroup.com\/mng\/login\" href=\"https:\/\/pudb-ub.alma.exlibrisgroup.com\/mng\/login\" target=\"_blank\" rel=\"nofollow noopener noreferrer\">https:\/\/pudb-ub.alma.exlibrisgroup.com\/mng\/login<\/a><br><a class=\"urlextern\" title=\"https:\/\/pudb-ubm.alma.exlibrisgroup.com\/mng\/login\" href=\"https:\/\/pudb-ubm.alma.exlibrisgroup.com\/mng\/login\" target=\"_blank\" rel=\"nofollow noopener noreferrer\">https:\/\/pudb-ubm.alma.exlibrisgroup.com\/mng\/login<\/a><br><a class=\"urlextern\" title=\"https:\/\/pudb-inp.alma.exlibrisgroup.com\/mng\/login\" href=\"https:\/\/pudb-inp.alma.exlibrisgroup.com\/mng\/login\" target=\"_blank\" rel=\"nofollow noopener noreferrer\">https:\/\/pudb-inp.alma.exlibrisgroup.com\/mng\/login<\/a><br><a class=\"urlextern\" title=\"https:\/\/pudb-iep.alma.exlibrisgroup.com\/mng\/login\" href=\"https:\/\/pudb-iep.alma.exlibrisgroup.com\/mng\/login\" target=\"_blank\" rel=\"nofollow noopener noreferrer\">https:\/\/pudb-iep.alma.exlibrisgroup.com\/mng\/login<\/a><br><a class=\"urlextern\" title=\"https:\/\/pudb-bxsa.alma.exlibrisgroup.com\/mng\/login\" href=\"https:\/\/pudb-bxsa.alma.exlibrisgroup.com\/mng\/login\" target=\"_blank\" rel=\"nofollow noopener noreferrer\">https:\/\/pudb-bxsa.alma.exlibrisgroup.com\/mng\/login<\/a><br><a class=\"urlextern\" title=\"https:\/\/pudb-network.alma.exlibrisgroup.com\/mng\/login\" href=\"https:\/\/pudb-network.alma.exlibrisgroup.com\/mng\/login\" target=\"_blank\" rel=\"nofollow noopener noreferrer\">https:\/\/pudb-network.alma.exlibrisgroup.com\/mng\/login<\/a><\/td>\n<\/tr>\n<tr class=\"row5\">\n<th class=\"col0\">UBM<\/th>\n<td class=\"col1\"><a class=\"urlextern\" title=\"https:\/\/pudb-ubm.alma.exlibrisgroup.com\/mng\/login\" href=\"https:\/\/pudb-ubm.alma.exlibrisgroup.com\/mng\/login\" target=\"_blank\" rel=\"nofollow noopener noreferrer\">https:\/\/pudb-ubm.alma.exlibrisgroup.com\/mng\/login<\/a>\n<p>&nbsp;<\/p>\n<p><a class=\"urlextern\" title=\"https:\/\/pudb-network.alma.exlibrisgroup.com\/mng\/login\" href=\"https:\/\/pudb-network.alma.exlibrisgroup.com\/mng\/login\" target=\"_blank\" rel=\"nofollow noopener noreferrer\">https:\/\/pudb-network.alma.exlibrisgroup.com\/mng\/login<\/a><\/p>\n<\/td>\n<\/tr>\n<\/tbody>\n<\/table>\n<\/div>\n<\/div>\n\n\n\n<h3 id=\"url_de_connexion_pour_l_authentification_externe\" id=\"url_de_connexion_pour_l_authentification_externe\" class=\"wpig-heading\">URL de connexion pour l&rsquo;authentification externe<\/h3>\n\n\n\n<div class=\"level3\">\n<div class=\"table-responsive\">\n<table class=\"inline table table-striped table-condensed\">\n<thead>\n<tr class=\"row0\">\n<th class=\"col0 leftalign\">&nbsp;<\/th>\n<th class=\"col1\">33PUDB_1<\/th>\n<th class=\"col2\">33PUDB_5<\/th>\n<th class=\"col3\">33PUDB_NETWORK<\/th>\n<\/tr>\n<\/thead>\n<tbody>\n<tr class=\"row1\">\n<td class=\"col0\">BXSA<\/td>\n<td class=\"col1\"><a class=\"urlextern\" title=\"https:\/\/sandbox02-eu.alma.exlibrisgroup.com\/institution\/33PUDB_1\/SAML\/idpCode\/BXSA_SAML\" href=\"https:\/\/sandbox02-eu.alma.exlibrisgroup.com\/institution\/33PUDB_1\/SAML\/idpCode\/BXSA_SAML\" rel=\"nofollow\">Institution 33PUDB_1 pour BXSA<\/a><\/td>\n<td class=\"col2\"><a class=\"urlextern\" title=\"https:\/\/sandbox02-eu.alma.exlibrisgroup.com\/institution\/33PUDB_5\/SAML\/idpCode\/BXSA_SAML\" href=\"https:\/\/sandbox02-eu.alma.exlibrisgroup.com\/institution\/33PUDB_5\/SAML\/idpCode\/BXSA_SAML\" rel=\"nofollow\">Institution 33PUDB_5 pour BXSA<\/a><\/td>\n<td class=\"col3\"><a class=\"urlextern\" title=\"https:\/\/sandbox02-eu.alma.exlibrisgroup.com\/institution\/33PUDB_NETWORK\/SAML\/idpCode\/BXSA_SAML\" href=\"https:\/\/sandbox02-eu.alma.exlibrisgroup.com\/institution\/33PUDB_NETWORK\/SAML\/idpCode\/BXSA_SAML\" rel=\"nofollow\">Institution 33PUDB_NETWORK pour BXSA<\/a><\/td>\n<\/tr>\n<tr class=\"row2\">\n<td class=\"col0\">IEP<\/td>\n<td class=\"col1\"><a class=\"urlextern\" title=\"https:\/\/sandbox02-eu.alma.exlibrisgroup.com\/institution\/33PUDB_1\/SAML\/idpCode\/IEP_SAML\" href=\"https:\/\/sandbox02-eu.alma.exlibrisgroup.com\/institution\/33PUDB_1\/SAML\/idpCode\/IEP_SAML\" rel=\"nofollow\">Institution 33PUDB_1 pour IEP<\/a><\/td>\n<td class=\"col2\"><a class=\"urlextern\" title=\"https:\/\/sandbox02-eu.alma.exlibrisgroup.com\/institution\/33PUDB_5\/SAML\/idpCode\/IEP_SAML\" href=\"https:\/\/sandbox02-eu.alma.exlibrisgroup.com\/institution\/33PUDB_5\/SAML\/idpCode\/IEP_SAML\" rel=\"nofollow\">Institution 33PUDB_5 pour IEP<\/a><\/td>\n<td class=\"col3\"><a class=\"urlextern\" title=\"https:\/\/sandbox02-eu.alma.exlibrisgroup.com\/institution\/33PUDB_NETWORK\/SAML\/idpCode\/IEP_SAML\" href=\"https:\/\/sandbox02-eu.alma.exlibrisgroup.com\/institution\/33PUDB_NETWORK\/SAML\/idpCode\/IEP_SAML\" rel=\"nofollow\">Institution 33PUDB_NETWORK pour IEP<\/a><\/td>\n<\/tr>\n<tr class=\"row3\">\n<td class=\"col0\">INP<\/td>\n<td class=\"col1\"><a class=\"urlextern\" title=\"https:\/\/sandbox02-eu.alma.exlibrisgroup.com\/institution\/33PUDB_1\/SAML\/idpCode\/INP_SAML\" href=\"https:\/\/sandbox02-eu.alma.exlibrisgroup.com\/institution\/33PUDB_1\/SAML\/idpCode\/INP_SAML\" rel=\"nofollow\">Institution 33PUDB_1 pour INP<\/a><\/td>\n<td class=\"col2\"><a class=\"urlextern\" title=\"https:\/\/sandbox02-eu.alma.exlibrisgroup.com\/institution\/33PUDB_5\/SAML\/idpCode\/INP_SAML\" href=\"https:\/\/sandbox02-eu.alma.exlibrisgroup.com\/institution\/33PUDB_5\/SAML\/idpCode\/INP_SAML\" rel=\"nofollow\">Institution 33PUDB_5 pour INP<\/a><\/td>\n<td class=\"col3\"><a class=\"urlextern\" title=\"https:\/\/sandbox02-eu.alma.exlibrisgroup.com\/institution\/33PUDB_NETWORK\/SAML\/idpCode\/INP_SAML\" href=\"https:\/\/sandbox02-eu.alma.exlibrisgroup.com\/institution\/33PUDB_NETWORK\/SAML\/idpCode\/INP_SAML\" rel=\"nofollow\">Institution 33PUDB_NETWORK pour INP<\/a><\/td>\n<\/tr>\n<tr class=\"row4\">\n<td class=\"col0\">UB<\/td>\n<td class=\"col1\"><a class=\"urlextern\" title=\"https:\/\/sandbox02-eu.alma.exlibrisgroup.com\/institution\/33PUDB_1\/SAML\/idpCode\/UB_SAML\" href=\"https:\/\/sandbox02-eu.alma.exlibrisgroup.com\/institution\/33PUDB_1\/SAML\/idpCode\/UB_SAML\" rel=\"nofollow\">Institution 33PUDB_1 pour UB<\/a><\/td>\n<td class=\"col2\"><a class=\"urlextern\" title=\"https:\/\/sandbox02-eu.alma.exlibrisgroup.com\/institution\/33PUDB_5\/SAML\/idpCode\/UB_SAML\" href=\"https:\/\/sandbox02-eu.alma.exlibrisgroup.com\/institution\/33PUDB_5\/SAML\/idpCode\/UB_SAML\" rel=\"nofollow\">Institution 33PUDB_5 pour UB<\/a><\/td>\n<td class=\"col3\"><a class=\"urlextern\" title=\"https:\/\/sandbox02-eu.alma.exlibrisgroup.com\/institution\/33PUDB_NETWORK\/SAML\/idpCode\/UB_SAML\" href=\"https:\/\/sandbox02-eu.alma.exlibrisgroup.com\/institution\/33PUDB_NETWORK\/SAML\/idpCode\/UB_SAML\" rel=\"nofollow\">Institution 33PUDB_NETWORK pour UB<\/a><\/td>\n<\/tr>\n<tr class=\"row5\">\n<td class=\"col0\">UBM<\/td>\n<td class=\"col1\"><a class=\"urlextern\" title=\"https:\/\/sandbox02-eu.alma.exlibrisgroup.com\/institution\/33PUDB_1\/SAML\/idpCode\/UBM_SAML\" href=\"https:\/\/sandbox02-eu.alma.exlibrisgroup.com\/institution\/33PUDB_1\/SAML\/idpCode\/UBM_SAML\" rel=\"nofollow\">Institution 33PUDB_1 pour UBM<\/a><\/td>\n<td class=\"col2\"><a class=\"urlextern\" title=\"https:\/\/sandbox02-eu.alma.exlibrisgroup.com\/institution\/33PUDB_5\/SAML\/idpCode\/UBM_SAML\" href=\"https:\/\/sandbox02-eu.alma.exlibrisgroup.com\/institution\/33PUDB_5\/SAML\/idpCode\/UBM_SAML\" rel=\"nofollow\">Institution 33PUDB_5 pour UBM<\/a><\/td>\n<td class=\"col3\"><a class=\"urlextern\" title=\"https:\/\/sandbox02-eu.alma.exlibrisgroup.com\/institution\/33PUDB_NETWORK\/SAML\/idpCode\/UBM_SAML\" href=\"https:\/\/sandbox02-eu.alma.exlibrisgroup.com\/institution\/33PUDB_NETWORK\/SAML\/idpCode\/UBM_SAML\" rel=\"nofollow\">Institution 33PUDB_NETWORK pour UBM<\/a><\/td>\n<\/tr>\n<\/tbody>\n<\/table>\n<\/div>\n<\/div>\n\n\n\n<h3 id=\"modifier_son_compte_pour_utiliser_l_authentification_externe\" id=\"modifier_son_compte_pour_utiliser_l_authentification_externe\" class=\"wpig-heading\">Modifier son compte pour utiliser l&rsquo;authentification externe<\/h3>\n\n\n\n<div class=\"level3\">\n<p>A partir de la zone r\u00e9seau, \u00e9diter le compte :<\/p>\n<figure><a href=\"http:\/\/rebub.u-bordeaux.fr\/wp-content\/uploads\/2021\/05\/authentification-1.png\" target=\"_blank\" rel=\"noopener noreferrer\"><img decoding=\"async\" loading=\"lazy\" class=\"aligncenter wp-image-11495 size-full\" src=\"http:\/\/rebub.u-bordeaux.fr\/wp-content\/uploads\/2021\/05\/authentification-1.png\" alt=\"\" width=\"1890\" height=\"950\" srcset=\"https:\/\/rebub.u-bordeaux.fr\/wp-content\/uploads\/2021\/05\/authentification-1.png 1890w, https:\/\/rebub.u-bordeaux.fr\/wp-content\/uploads\/2021\/05\/authentification-1-300x151.png 300w, https:\/\/rebub.u-bordeaux.fr\/wp-content\/uploads\/2021\/05\/authentification-1-1024x515.png 1024w, https:\/\/rebub.u-bordeaux.fr\/wp-content\/uploads\/2021\/05\/authentification-1-768x386.png 768w, https:\/\/rebub.u-bordeaux.fr\/wp-content\/uploads\/2021\/05\/authentification-1-1536x772.png 1536w\" sizes=\"(max-width: 1890px) 100vw, 1890px\" \/><\/a><\/figure><p><\/p>\n<ol>\n<li class=\"li\">Renseigner le champ \u201cIdentifiant principal\u201d avec votre login ENT suivi du nom de domaine de votre \u00e9tablissement<a href=\"#identifiant\"><sup>1)<\/sup><\/a>.<\/li>\n<li class=\"li\">Changer le type de compte de interne \u00e0 externe<\/li>\n<li class=\"li\">Enregistrer et distribuer le compte aux institutions<\/li>\n<\/ol>\n<\/div>\n\n\n\n<h2 id=\"primo\" id=\"primo\" class=\"wpig-heading\">Primo<\/h2>\n\n\n\n<h3 id=\"entity_id_a_autoriser1\" id=\"entity_id_a_autoriser1\" class=\"wpig-heading\">Entity ID \u00e0 autoriser<\/h3>\n\n\n\n<div class=\"level3\">\n<div class=\"table-responsive\">\n<table class=\"inline table table-striped table-condensed\">\n<thead>\n<tr class=\"row0\">\n<th class=\"col0\">IDP<\/th>\n<th class=\"col1\">Interfaces de production<\/th>\n<th class=\"col2\">Interfaces Bac \u00e0 sable<\/th>\n<\/tr>\n<\/thead>\n<tbody>\n<tr class=\"row1\">\n<th class=\"col0\">BXSA<\/th>\n<td class=\"col1\" rowspan=\"5\"><a class=\"urlextern\" title=\"https:\/\/babordplus.hosted.exlibrisgroup.com\/primo_library\/libweb\/33PUDB_BXSA\" href=\"https:\/\/babordplus.hosted.exlibrisgroup.com\/primo_library\/libweb\/33PUDB_BXSA\" target=\"_blank\" rel=\"nofollow noopener noreferrer\">https:\/\/babordplus.hosted.exlibrisgroup.com\/primo_library\/libweb\/33PUDB_BXSA<\/a><br><a class=\"urlextern\" title=\"https:\/\/babordplus.hosted.exlibrisgroup.com\/primo_library\/libweb\/33PUDB_INP\" href=\"https:\/\/babordplus.hosted.exlibrisgroup.com\/primo_library\/libweb\/33PUDB_INP\" target=\"_blank\" rel=\"nofollow noopener noreferrer\">https:\/\/babordplus.hosted.exlibrisgroup.com\/primo_library\/libweb\/33PUDB_INP<\/a><br><a class=\"urlextern\" title=\"https:\/\/babordplus.hosted.exlibrisgroup.com\/primo_library\/libweb\/33PUDB_NETWORK\" href=\"https:\/\/babordplus.hosted.exlibrisgroup.com\/primo_library\/libweb\/33PUDB_NETWORK\" target=\"_blank\" rel=\"nofollow noopener noreferrer\">https:\/\/babordplus.hosted.exlibrisgroup.com\/primo_library\/libweb\/33PUDB_NETWORK<\/a><br><a class=\"urlextern\" title=\"https:\/\/babordplus.hosted.exlibrisgroup.com\/primo_library\/libweb\/33PUDB_IEP\" href=\"https:\/\/babordplus.hosted.exlibrisgroup.com\/primo_library\/libweb\/33PUDB_IEP\" target=\"_blank\" rel=\"nofollow noopener noreferrer\">https:\/\/babordplus.hosted.exlibrisgroup.com\/primo_library\/libweb\/33PUDB_IEP<\/a><br><a class=\"urlextern\" title=\"https:\/\/babordplus.hosted.exlibrisgroup.com\/primo_library\/libweb\/33PUDB_UB\" href=\"https:\/\/babordplus.hosted.exlibrisgroup.com\/primo_library\/libweb\/33PUDB_UB\" target=\"_blank\" rel=\"nofollow noopener noreferrer\">https:\/\/babordplus.hosted.exlibrisgroup.com\/primo_library\/libweb\/33PUDB_UB<\/a><br><a class=\"urlextern\" title=\"https:\/\/babordplus.hosted.exlibrisgroup.com\/primo_library\/libweb\/33PUDB_UBM\" href=\"https:\/\/babordplus.hosted.exlibrisgroup.com\/primo_library\/libweb\/33PUDB_UBM\" target=\"_blank\" rel=\"nofollow noopener noreferrer\">https:\/\/babordplus.hosted.exlibrisgroup.com\/primo_library\/libweb\/33PUDB_UBM<\/a><\/td>\n<td class=\"col2\" rowspan=\"5\"><a class=\"urlextern\" title=\"https:\/\/primo-eu2.hosted.exlibrisgroup.com\/primo_library\/libweb\/33PUDB_1\" href=\"https:\/\/primo-eu2.hosted.exlibrisgroup.com\/primo_library\/libweb\/33PUDB_1\" target=\"_blank\" rel=\"nofollow noopener noreferrer\">https:\/\/primo-eu2.hosted.exlibrisgroup.com\/primo_library\/libweb\/33PUDB_1<\/a><br><a class=\"urlextern\" title=\"https:\/\/primo-eu2.hosted.exlibrisgroup.com\/primo_library\/libweb\/33PUDB_2\" href=\"https:\/\/primo-eu2.hosted.exlibrisgroup.com\/primo_library\/libweb\/33PUDB_2\" target=\"_blank\" rel=\"nofollow noopener noreferrer\">https:\/\/primo-eu2.hosted.exlibrisgroup.com\/primo_library\/libweb\/33PUDB_2<\/a><br><a class=\"urlextern\" title=\"https:\/\/primo-eu2.hosted.exlibrisgroup.com\/primo_library\/libweb\/33PUDB_NETWORK\" href=\"https:\/\/primo-eu2.hosted.exlibrisgroup.com\/primo_library\/libweb\/33PUDB_NETWORK\" target=\"_blank\" rel=\"nofollow noopener noreferrer\">https:\/\/primo-eu2.hosted.exlibrisgroup.com\/primo_library\/libweb\/33PUDB_NETWORK<\/a><\/td>\n<\/tr>\n<tr class=\"row2\">\n<th class=\"col0\">IEP<\/th>\n<\/tr>\n<tr class=\"row3\">\n<th class=\"col0\">INP<\/th>\n<\/tr>\n<tr class=\"row4\">\n<th class=\"col0\">UB<\/th>\n<\/tr>\n<tr class=\"row5\">\n<th class=\"col0\">UBM<\/th>\n<\/tr>\n<\/tbody>\n<\/table>\n<\/div>\n<\/div>\n\n\n\n<h3 id=\"adresses_d_authentification\" id=\"adresses_d_authentification\" class=\"wpig-heading\">Adresses d&rsquo;authentification<\/h3>\n\n\n\n<div class=\"level3\">\n<p>A partir des adresses suivantes, cliquer sur s&rsquo;identifier et s\u00e9lectionner l&rsquo;\u00e9tablissement.<\/p>\n<ul>\n<li class=\"li\"><a class=\"urlextern\" title=\"https:\/\/primo-eu2.hosted.exlibrisgroup.com\/primo-explore\/search?vid=33PUDB_1_VU1\" href=\"https:\/\/primo-eu2.hosted.exlibrisgroup.com\/primo-explore\/search?vid=33PUDB_1_VU1\" target=\"_blank\" rel=\"nofollow noopener noreferrer\">https:\/\/primo-eu2.hosted.exlibrisgroup.com\/primo-explore\/search?vid=33PUDB_1_VU1<\/a><\/li>\n<li class=\"li\"><a class=\"urlextern\" title=\"https:\/\/primo-eu2.hosted.exlibrisgroup.com\/primo-explore\/search?vid=33PUDB_2_VU1\" href=\"https:\/\/primo-eu2.hosted.exlibrisgroup.com\/primo-explore\/search?vid=33PUDB_2_VU1\" target=\"_blank\" rel=\"nofollow noopener noreferrer\">https:\/\/primo-eu2.hosted.exlibrisgroup.com\/primo-explore\/search?vid=33PUDB_2_VU1<\/a><\/li>\n<li class=\"li\"><a class=\"urlextern\" title=\"https:\/\/primo-eu2.hosted.exlibrisgroup.com\/primo-explore\/search?vid=33PUDB_NETWORK_VU1\" href=\"https:\/\/primo-eu2.hosted.exlibrisgroup.com\/primo-explore\/search?vid=33PUDB_NETWORK_VU1\" target=\"_blank\" rel=\"nofollow noopener noreferrer\">https:\/\/primo-eu2.hosted.exlibrisgroup.com\/primo-explore\/search?vid=33PUDB_NETWORK_VU1<\/a><\/li>\n<\/ul>\n<\/div>\n\n\n\n<hr class=\"wp-block-separator has-alpha-channel-opacity\"\/>\n\n\n\n<div class=\"footnotes\">\n<div id=\"identifiant\">&nbsp;<\/div>\n<div class=\"fn\"><sup>1) <\/sup>ex :fdahenne@u-bordeaux.fr<\/div>\n<\/div>\n\n\n\n<p><\/p>\n\n\n\n<div class=\"is-layout-flex wp-container-6 wp-block-columns bord-bloc-reutilisable has-background\" style=\"background-color:#d9edf7\">\n<div class=\"is-layout-flow wp-block-column is-vertically-aligned-center\" style=\"font-size:15px;flex-basis:20%\">\n<p style=\"font-size:15px\"><strong>Date de publication<\/strong> <\/p>\n\n\n<div style=\"font-size:15px;\" class=\"wp-block-post-date\"><time datetime=\"2024-03-22T09:35:29+01:00\">22 mars 2024<\/time><\/div><\/div>\n\n\n\n<div class=\"is-layout-flow wp-block-column is-vertically-aligned-center\" style=\"font-size:15px;flex-basis:20%\">\n<p><strong>Mis \u00e0 jour le <\/strong><\/p>\n\n\n<div style=\"font-size:15px;\" class=\"wp-block-post-date\"><time datetime=\"2024-05-06T11:57:05+02:00\">6 mai 2024<\/time><\/div><\/div>\n\n\n\n<div class=\"is-layout-flow wp-block-column is-vertically-aligned-center\" style=\"font-size:15px;flex-basis:40%\">\n<p><\/p>\n\n\n\n<p><strong>Attention ! <\/strong>Certains \u00e9tablissements utilisent parfois de proc\u00e9dures compl\u00e9mentaires <\/p>\n<\/div>\n\n\n\n<div class=\"is-layout-flow wp-block-column is-vertically-aligned-center\" style=\"font-size:15px;flex-basis:25%\">\n<div class=\"is-horizontal is-content-justification-center is-layout-flex wp-container-4 wp-block-buttons alignfull has-custom-font-size\" style=\"font-size:16px\">\n<div class=\"wp-block-button has-custom-width wp-block-button__width-75 has-custom-font-size is-style-fill\" style=\"font-size:15px\"><a class=\"wp-block-button__link has-white-color has-text-color has-background wp-element-button\" href=\"mailto:scoop@u-bordeaux.fr\" style=\"border-radius:65px;background-color:#000000db\"><strong>Signaler une erreur<\/strong><\/a><\/div>\n<\/div>\n<\/div>\n<\/div>\n","protected":false},"excerpt":{"rendered":"<p>Table des mati\u00e8res[ Show ]AlmaEntity ID \u00e0 autoriserURL de connexion pour l&rsquo;authentification externeModifier son compte pour utiliser l&rsquo;authentification externePrimoEntity ID \u00e0 autoriserAdresses d&rsquo;authentification A l&rsquo;authentification, l&rsquo;IDP doit renvoyer l&rsquo;EPPN \u00e0 l&rsquo;application. Alma Entity ID \u00e0 autoriser IDP Interfaces de production&#8230;<\/p>\n","protected":false},"author":46,"featured_media":0,"parent":18750,"menu_order":6,"comment_status":"closed","ping_status":"closed","template":"","meta":[],"post_mailing_queue_ids":[],"_links":{"self":[{"href":"https:\/\/rebub.u-bordeaux.fr\/index.php\/wp-json\/wp\/v2\/pages\/18771"}],"collection":[{"href":"https:\/\/rebub.u-bordeaux.fr\/index.php\/wp-json\/wp\/v2\/pages"}],"about":[{"href":"https:\/\/rebub.u-bordeaux.fr\/index.php\/wp-json\/wp\/v2\/types\/page"}],"author":[{"embeddable":true,"href":"https:\/\/rebub.u-bordeaux.fr\/index.php\/wp-json\/wp\/v2\/users\/46"}],"replies":[{"embeddable":true,"href":"https:\/\/rebub.u-bordeaux.fr\/index.php\/wp-json\/wp\/v2\/comments?post=18771"}],"version-history":[{"count":5,"href":"https:\/\/rebub.u-bordeaux.fr\/index.php\/wp-json\/wp\/v2\/pages\/18771\/revisions"}],"predecessor-version":[{"id":20937,"href":"https:\/\/rebub.u-bordeaux.fr\/index.php\/wp-json\/wp\/v2\/pages\/18771\/revisions\/20937"}],"up":[{"embeddable":true,"href":"https:\/\/rebub.u-bordeaux.fr\/index.php\/wp-json\/wp\/v2\/pages\/18750"}],"wp:attachment":[{"href":"https:\/\/rebub.u-bordeaux.fr\/index.php\/wp-json\/wp\/v2\/media?parent=18771"}],"curies":[{"name":"wp","href":"https:\/\/api.w.org\/{rel}","templated":true}]}}