	{"id":18772,"date":"2024-03-22T09:35:33","date_gmt":"2024-03-22T08:35:33","guid":{"rendered":"https:\/\/rebub.u-bordeaux.fr\/?page_id=18772"},"modified":"2025-02-11T17:13:07","modified_gmt":"2025-02-11T16:13:07","slug":"backup-des-comptes-professionnels-dubm-pour-la-mise-a-jour-du-bac-a-sable","status":"publish","type":"page","link":"https:\/\/rebub.u-bordeaux.fr\/index.php\/alma\/configuration-administration\/services-aux-usagers\/gestion-des-lecteurs\/backup-des-comptes-professionnels-dubm-pour-la-mise-a-jour-du-bac-a-sable\/","title":{"rendered":"Backup des comptes pros UBM, IEP et INP lors de l\u2019\u00e9crasement du bac \u00e0 sable de l&rsquo;UB"},"content":{"rendered":"<div id='wpig-floatingbar' class='wpig-floatingbar'><div id='wpig-switch-wrapper' class='wpig-switch-wrapper'><span id='wpig-floating-switch' class='wpig-floating-switch'><img src='https:\/\/rebub.u-bordeaux.fr\/wp-content\/plugins\/sticky-toc-advance-table-of-contents\/\\assets\\menu.png'><\/span><\/div><div id='wpig-contents' class='wpig-contents  wpig-sidebar-widget wpig-style-3'><span class='wpig-headline'>Table des mati\u00e8res<span><a data-action='show' class='wpig-btn-toggledisplay'>[ Show ]<\/a><\/span><\/span><!-- Table of Contents --><div id='wpig-table-of-content' class='wpig-table-of-content'><ol><li class='stoc-identifier-les-comptes-professionnels-ubm'><a href='#stoc-identifier-les-comptes-professionnels-ubm'>Identifier les comptes professionnels UBM <\/a><ol><li class='stoc-exporter-la-liste-danalytics'><a href='#stoc-exporter-la-liste-danalytics'>Exporter la liste d&rsquo;Analytics<\/a><\/li><li class='stoc-creer-un-ensemble'><a href='#stoc-creer-un-ensemble'>Cr\u00e9er un ensemble<\/a><\/li><\/ol><li class='stoc-exporter-donnees-des-comptes-du-bac-a-sable-en-utilisant-la-cloud-app-sandbox-backup-for-refresh'><a href='#stoc-exporter-donnees-des-comptes-du-bac-a-sable-en-utilisant-la-cloud-app-sandbox-backup-for-refresh'>Exporter donn\u00e9es des comptes du bac \u00e0 sable en utilisant la Cloud App \u00ab\u00a0Sandbox Backup for Refresh\u00a0\u00bb<\/a><\/li><li class='stoc-reinjecter-les-comptes-dans-la-base-de-test'><a href='#stoc-reinjecter-les-comptes-dans-la-base-de-test'>R\u00e9injecter les comptes dans la base de test<\/a><\/li><\/ol><\/li><\/div><!-- END OF Table of Contents --><\/div><\/div><p><div id='wpig-contents' class='wpig-contents  wpig-sidebar-widget wpig-style-1'><span class='wpig-headline'>Table des mati\u00e8res<span><a data-action='show' class='wpig-btn-toggledisplay'>[ Show ]<\/a><\/span><\/span><!-- Table of Contents --><div id='wpig-table-of-content' class='wpig-table-of-content' ><ol><li class='stoc-identifier-les-comptes-professionnels-ubm'><a href='#stoc-identifier-les-comptes-professionnels-ubm'>Identifier les comptes professionnels UBM <\/a><ol><li class='stoc-exporter-la-liste-danalytics'><a href='#stoc-exporter-la-liste-danalytics'>Exporter la liste d&rsquo;Analytics<\/a><\/li><li class='stoc-creer-un-ensemble'><a href='#stoc-creer-un-ensemble'>Cr\u00e9er un ensemble<\/a><\/li><\/ol><li class='stoc-exporter-donnees-des-comptes-du-bac-a-sable-en-utilisant-la-cloud-app-sandbox-backup-for-refresh'><a href='#stoc-exporter-donnees-des-comptes-du-bac-a-sable-en-utilisant-la-cloud-app-sandbox-backup-for-refresh'>Exporter donn\u00e9es des comptes du bac \u00e0 sable en utilisant la Cloud App \u00ab\u00a0Sandbox Backup for Refresh\u00a0\u00bb<\/a><\/li><li class='stoc-reinjecter-les-comptes-dans-la-base-de-test'><a href='#stoc-reinjecter-les-comptes-dans-la-base-de-test'>R\u00e9injecter les comptes dans la base de test<\/a><\/li><\/ol><\/li><\/div><!-- END OF Table of Contents --><\/div><\/p>\n<p>Dans le cadre du nettoyage du bac \u00e0 sable de f\u00e9vrier et d&rsquo;ao\u00fbt (voir le <a href=\"http:\/\/rebub.u-bordeaux.fr\/index.php\/alma\/configuration-administration\/exploitation\/generalites\/calendrier-dexploitation-des-donnees\/\">calendrier d&rsquo;exploitation<\/a>), il est n\u00e9cessaire sauvegarder les comptes professionnels UBM, IEP et INP. En effet, lors du rafraichissement de la base de test, les donn\u00e9es de leurs comptes sont \u00e9cras\u00e9es vu que les professionnels UBM, IEP et INP n&rsquo;existent pas dans l&rsquo;environnement de production UB. Il est n\u00e9cessaire de s&rsquo;assurer qu&rsquo;ils aient les droits n\u00e9cessaires pour effectuer leurs tests dans le bac \u00e0 sable une fois la base mis \u00e0 jour. <\/p>\n\n\n\n<h2 id=\"stoc-identifier-les-comptes-professionnels-ubm\" class=\"wpig-heading\">Identifier les comptes professionnels UBM <\/h2>\n\n\n\n<h3 id=\"stoc-exporter-la-liste-danalytics\" class=\"wpig-heading\">Exporter la liste d&rsquo;Analytics<\/h3>\n\n\n\n<p>La recherche avanc\u00e9e dans Alma ne permet pas d&rsquo;isoler les comptes professionnels UBM, IEP et INP dans Alma. La liste est donc \u00e0 extraire d&rsquo;Analytics. Dans Analytics (depuis la NZ), ouvrir l&rsquo;analyse <strong><em>Comptes pro UBM, IEP et INP pour Backup Sandbox<\/em><\/strong> (<em>Bordeaux NZ 33PUDB_NETWORK\/Prod\/SCOOP\/Utilisateurs\/Comptes professionnels\/Comptes professionnels avec droits<\/em>). <\/p>\n\n\n\n<p>Exporter les r\u00e9sultats de l&rsquo;analyse dans un fichier Excel <strong>format\u00e9<\/strong> pour que dans le fichier Excel, l&rsquo;ent\u00eate de la colonne des identifiants principaux soit intitul\u00e9e \u00ab\u00a0USERNAME\u00a0\u00bb :<\/p>\n\n\n\n<figure class=\"wp-block-image size-full\"><img decoding=\"async\" loading=\"lazy\" width=\"740\" height=\"428\" src=\"https:\/\/rebub.u-bordeaux.fr\/wp-content\/uploads\/2023\/07\/Analytics-1.png\" alt=\"\" class=\"wp-image-16806\" srcset=\"https:\/\/rebub.u-bordeaux.fr\/wp-content\/uploads\/2023\/07\/Analytics-1.png 740w, https:\/\/rebub.u-bordeaux.fr\/wp-content\/uploads\/2023\/07\/Analytics-1-300x174.png 300w\" sizes=\"(max-width: 740px) 100vw, 740px\" \/><\/figure>\n\n\n\n<p>Il est \u00e9galement possible d&rsquo;effectuer la modification de l&rsquo;ent\u00eate de la colonne des identifiants directement depuis le fichier Excel export\u00e9 (en renommant la colonne) :<\/p>\n\n\n\n<figure class=\"wp-block-image size-full\"><img decoding=\"async\" loading=\"lazy\" width=\"264\" height=\"142\" src=\"https:\/\/rebub.u-bordeaux.fr\/wp-content\/uploads\/2025\/01\/Capture_maj-procedure-Backup-Sandbox.png\" alt=\"\" class=\"wp-image-23024\"\/><\/figure>\n\n\n\n<h3 id=\"stoc-creer-un-ensemble\" class=\"wpig-heading\">Cr\u00e9er un ensemble<\/h3>\n\n\n\n<p>Dans le bac \u00e0 sable UB, ouvrir <em>G\u00e9rer les ensembles<\/em> <em>(Admin\/G\u00e9rer les traitements et les ensembles\/G\u00e9rer les ensembles<\/em>) et <em>Cr\u00e9er un ensemble exemplaris\u00e9<\/em>. Dans le formulaire, nommer votre jeu, mettre <em>Utilisateur<\/em> comme type de contenu, puis, sous <em>Ajouter exemplaires \u00e0 l&rsquo;ensemble<\/em>, s\u00e9lectionner <em>A partir du fichier<\/em> et t\u00e9l\u00e9charger le fichier Excel export\u00e9 depuis Analytics.<\/p>\n\n\n\n<p>Vous pouvez \u00e0 ce stade effectuer une analyse de recouvrement entre le fichier export\u00e9 d&rsquo;Analytics et les membres du jeu. Il faut effectuer un export<strong> \u00e9tendu<\/strong> du jeu pour obtenir la liste des identifiants principaux. Certains comptes peuvent ne pas \u00eatre pr\u00e9sents dans le bac \u00e0 sable, ce sont par exemple les professionnels arriv\u00e9s depuis le dernier \u00e9crasement de la base. A vous de les cr\u00e9er dans le bac \u00e0 sable et de les ajouter au jeu. <\/p>\n\n\n\n<h2 id=\"stoc-exporter-donnees-des-comptes-du-bac-a-sable-en-utilisant-la-cloud-app-sandbox-backup-for-refresh\" class=\"wpig-heading\">Exporter donn\u00e9es des comptes du bac \u00e0 sable en utilisant la Cloud App \u00ab\u00a0Sandbox Backup for Refresh\u00a0\u00bb<\/h2>\n\n\n\n<p>Dans le bac \u00e0 sable UB, ouvrir <em>G\u00e9rer les ensembles<\/em> <em>(Admin\/<em>G\u00e9rer les traitements et les ensembles\/<\/em>G\u00e9rer les ensembles<\/em>) et afficher la liste des membres du jeu cr\u00e9\u00e9e pr\u00e9c\u00e9demment en cliquant sur <em>Contenu<\/em> :<\/p>\n\n\n\n<figure class=\"wp-block-image size-full\"><img decoding=\"async\" loading=\"lazy\" width=\"880\" height=\"148\" src=\"https:\/\/rebub.u-bordeaux.fr\/wp-content\/uploads\/2025\/01\/Capture_maj-procedure-backup-sandbox-02-1.png\" alt=\"\" class=\"wp-image-23035\" srcset=\"https:\/\/rebub.u-bordeaux.fr\/wp-content\/uploads\/2025\/01\/Capture_maj-procedure-backup-sandbox-02-1.png 880w, https:\/\/rebub.u-bordeaux.fr\/wp-content\/uploads\/2025\/01\/Capture_maj-procedure-backup-sandbox-02-1-300x50.png 300w, https:\/\/rebub.u-bordeaux.fr\/wp-content\/uploads\/2025\/01\/Capture_maj-procedure-backup-sandbox-02-1-768x129.png 768w\" sizes=\"(max-width: 880px) 100vw, 880px\" \/><\/figure>\n\n\n\n<figure class=\"wp-block-image size-full is-resized\"><img decoding=\"async\" loading=\"lazy\" src=\"https:\/\/rebub.u-bordeaux.fr\/wp-content\/uploads\/2025\/01\/Capture_maj-procedure-Backup-Sandbox-02.png\" alt=\"\" class=\"wp-image-23030\" width=\"526\" height=\"215\" srcset=\"https:\/\/rebub.u-bordeaux.fr\/wp-content\/uploads\/2025\/01\/Capture_maj-procedure-Backup-Sandbox-02.png 549w, https:\/\/rebub.u-bordeaux.fr\/wp-content\/uploads\/2025\/01\/Capture_maj-procedure-Backup-Sandbox-02-300x122.png 300w\" sizes=\"(max-width: 526px) 100vw, 526px\" \/><\/figure>\n\n\n\n<p>Ouvrir la cloud app <em>Sandbox Backup for Refresh<\/em> (cliquer ici si vous n&rsquo;avez pas <a href=\"https:\/\/knowledge.exlibrisgroup.com\/Alma\/Product_Documentation\/Alma_Online_Help_(Francais)\/090Administration\/050Configuration_des_fonctions_g%C3%A9n%C3%A9rales\/210Configurer_Cloud_Apps\">activ\u00e9 les cloud apps<\/a>). La liste des personnels UBM, IEP et INP doit s&rsquo;afficher dans la colonne de droite. Cliquer sur <em>Check\/Uncheck All<\/em> pour tout s\u00e9lectionner :<\/p>\n\n\n\n<figure class=\"wp-block-image size-large is-resized\"><img decoding=\"async\" loading=\"lazy\" src=\"https:\/\/rebub.u-bordeaux.fr\/wp-content\/uploads\/2023\/07\/Cloud-App-1024x324.png\" alt=\"\" class=\"wp-image-16797\" width=\"840\" height=\"265\" srcset=\"https:\/\/rebub.u-bordeaux.fr\/wp-content\/uploads\/2023\/07\/Cloud-App-1024x324.png 1024w, https:\/\/rebub.u-bordeaux.fr\/wp-content\/uploads\/2023\/07\/Cloud-App-300x95.png 300w, https:\/\/rebub.u-bordeaux.fr\/wp-content\/uploads\/2023\/07\/Cloud-App-768x243.png 768w, https:\/\/rebub.u-bordeaux.fr\/wp-content\/uploads\/2023\/07\/Cloud-App-1536x486.png 1536w, https:\/\/rebub.u-bordeaux.fr\/wp-content\/uploads\/2023\/07\/Cloud-App.png 1564w\" sizes=\"(max-width: 840px) 100vw, 840px\" \/><\/figure>\n\n\n\n<p><strong>Attention ! Pensez \u00e0 exporter les utilisateurs pour chaque page (r\u00e9it\u00e9rer l&rsquo;op\u00e9ration \u00e0 chaque changement de page). Pour v\u00e9rifier que le fichier final contient bien l&rsquo;ensemble des utilisateurs, se r\u00e9f\u00e9rer \u00e0 la fen\u00eatre qui s&rsquo;affiche en bas de la section ( regarder \u00ab\u00a0users\u00a0\u00bb : voir capture ci-dessous).<\/strong><\/p>\n\n\n\n<p>Enfin, descendre tout en bas de la fen\u00eatre et cliquer sur <em>Save to file<\/em>. Le fichier .txt cr\u00e9\u00e9 est \u00e0 conserver :<\/p>\n\n\n<div class=\"wp-block-image\">\n<figure class=\"aligncenter size-full\"><img decoding=\"async\" loading=\"lazy\" width=\"380\" height=\"187\" src=\"https:\/\/rebub.u-bordeaux.fr\/wp-content\/uploads\/2025\/02\/Capture_maj-procedure-backup-sandbox-05.png\" alt=\"\" class=\"wp-image-23292\" srcset=\"https:\/\/rebub.u-bordeaux.fr\/wp-content\/uploads\/2025\/02\/Capture_maj-procedure-backup-sandbox-05.png 380w, https:\/\/rebub.u-bordeaux.fr\/wp-content\/uploads\/2025\/02\/Capture_maj-procedure-backup-sandbox-05-300x148.png 300w\" sizes=\"(max-width: 380px) 100vw, 380px\" \/><\/figure><\/div>\n\n\n<div class=\"is-layout-constrained wp-block-group bord-bloc-reutilisable\"><div class=\"wp-block-group__inner-container\">\n<div class=\"is-layout-flex wp-container-3 wp-block-columns alignfull bord-bloc-reutilisable has-background\" style=\"background-color:#ff303047\">\n<div class=\"is-layout-flow wp-block-column is-vertically-aligned-center\" style=\"flex-basis:7%\">\n<figure class=\"wp-block-image alignfull size-full\"><img decoding=\"async\" loading=\"lazy\" width=\"512\" height=\"512\" src=\"https:\/\/rebub.u-bordeaux.fr\/wp-content\/uploads\/2024\/04\/point-dexclamation.png\" alt=\"\" class=\"wp-image-19898\" srcset=\"https:\/\/rebub.u-bordeaux.fr\/wp-content\/uploads\/2024\/04\/point-dexclamation.png 512w, https:\/\/rebub.u-bordeaux.fr\/wp-content\/uploads\/2024\/04\/point-dexclamation-300x300.png 300w, https:\/\/rebub.u-bordeaux.fr\/wp-content\/uploads\/2024\/04\/point-dexclamation-150x150.png 150w\" sizes=\"(max-width: 512px) 100vw, 512px\" \/><\/figure>\n<\/div>\n\n\n\n<div class=\"is-layout-flow wp-block-column is-vertically-aligned-center\" style=\"flex-basis:85%\">\n<p><strong>Attention !<\/strong> il se peut que certains professionnels ne disposent pas d\u00e9j\u00e0 de droits particuliers dans le bac \u00e0 sable. Il est possible de leur injecter des droits directement dans le fichier .txt. Les lignes du fichier JSON suivant peuvent \u00eatre copi\u00e9es \u00e0 la place des lignes dessous \u00ab\u00a0user_role\u00a0\u00bb :<\/p>\n<\/div>\n<\/div>\n<\/div><\/div>\n\n\n\n<div class=\"wp-block-file\"><a id=\"wp-block-file--media-b9070a90-9dbd-4bcc-a372-e20a3064bf8b\" href=\"https:\/\/rebub.u-bordeaux.fr\/wp-content\/uploads\/2023\/08\/Droits-types-utilisateurs-BAC-pour-enregistrer-sur-le-blog.txt\">Droits-types-utilisateurs-BAC-pour-enregistrer-sur-le-blog<\/a><a href=\"https:\/\/rebub.u-bordeaux.fr\/wp-content\/uploads\/2023\/08\/Droits-types-utilisateurs-BAC-pour-enregistrer-sur-le-blog.txt\" class=\"wp-block-file__button wp-element-button\" download aria-describedby=\"wp-block-file--media-b9070a90-9dbd-4bcc-a372-e20a3064bf8b\">T\u00e9l\u00e9charger<\/a><\/div>\n\n\n\n<h2 id=\"stoc-reinjecter-les-comptes-dans-la-base-de-test\" class=\"wpig-heading\">R\u00e9injecter les comptes dans la base de test<\/h2>\n\n\n\n<p>Une fois le rafraichissement effectu\u00e9 pour r\u00e9injecter les comptes dans le syst\u00e8me, il suffit d&rsquo;ouvrir la cloud app <em>Sandbox Backup for Refresh<\/em>, de cliquer sur <em>Upload<\/em> et de charger le fichier .txt export\u00e9 pr\u00e9c\u00e9demment :<\/p>\n\n\n<div class=\"wp-block-image\">\n<figure class=\"aligncenter size-full\"><img decoding=\"async\" loading=\"lazy\" width=\"417\" height=\"196\" src=\"https:\/\/rebub.u-bordeaux.fr\/wp-content\/uploads\/2025\/01\/Capture_maj-procedure-backup-sandbox-04.png\" alt=\"\" class=\"wp-image-23040\" srcset=\"https:\/\/rebub.u-bordeaux.fr\/wp-content\/uploads\/2025\/01\/Capture_maj-procedure-backup-sandbox-04.png 417w, https:\/\/rebub.u-bordeaux.fr\/wp-content\/uploads\/2025\/01\/Capture_maj-procedure-backup-sandbox-04-300x141.png 300w\" sizes=\"(max-width: 417px) 100vw, 417px\" \/><\/figure><\/div>\n\n\n<div class=\"is-layout-flex wp-container-10 wp-block-columns bord-bloc-reutilisable has-background\" style=\"background-color:#d9edf7\">\n<div class=\"is-layout-flow wp-block-column is-vertically-aligned-center\" style=\"font-size:15px;flex-basis:20%\">\n<p style=\"font-size:15px\"><strong>Date de publication<\/strong> <\/p>\n\n\n<div style=\"font-size:15px;\" class=\"wp-block-post-date\"><time datetime=\"2024-03-22T09:35:33+01:00\">22 mars 2024<\/time><\/div><\/div>\n\n\n\n<div class=\"is-layout-flow wp-block-column is-vertically-aligned-center\" style=\"font-size:15px;flex-basis:20%\">\n<p><strong>Mis \u00e0 jour le <\/strong><\/p>\n\n\n<div style=\"font-size:15px;\" class=\"wp-block-post-date\"><time datetime=\"2025-02-11T17:13:07+01:00\">11 f\u00e9vrier 2025<\/time><\/div><\/div>\n\n\n\n<div class=\"is-layout-flow wp-block-column is-vertically-aligned-center\" style=\"font-size:15px;flex-basis:40%\">\n<p><\/p>\n\n\n\n<p><strong>Attention ! <\/strong>Certains \u00e9tablissements utilisent parfois de proc\u00e9dures compl\u00e9mentaires <\/p>\n<\/div>\n\n\n\n<div class=\"is-layout-flow wp-block-column is-vertically-aligned-center\" style=\"font-size:15px;flex-basis:25%\">\n<div class=\"is-horizontal is-content-justification-center is-layout-flex wp-container-8 wp-block-buttons alignfull has-custom-font-size\" style=\"font-size:16px\">\n<div class=\"wp-block-button has-custom-width wp-block-button__width-75 has-custom-font-size is-style-fill\" style=\"font-size:15px\"><a class=\"wp-block-button__link has-white-color has-text-color has-background wp-element-button\" href=\"mailto:scoop@u-bordeaux.fr\" style=\"border-radius:65px;background-color:#000000db\"><strong>Signaler une erreur<\/strong><\/a><\/div>\n<\/div>\n<\/div>\n<\/div>\n","protected":false},"excerpt":{"rendered":"<p>Table des mati\u00e8res[ Show ]Identifier les comptes professionnels UBM Exporter la liste d&rsquo;AnalyticsCr\u00e9er un ensembleExporter donn\u00e9es des comptes du bac \u00e0 sable en utilisant la Cloud App \u00ab\u00a0Sandbox Backup for Refresh\u00a0\u00bbR\u00e9injecter les comptes dans la base de testDans le cadre&#8230;<\/p>\n","protected":false},"author":81,"featured_media":0,"parent":18750,"menu_order":9,"comment_status":"closed","ping_status":"closed","template":"","meta":[],"post_mailing_queue_ids":[],"_links":{"self":[{"href":"https:\/\/rebub.u-bordeaux.fr\/index.php\/wp-json\/wp\/v2\/pages\/18772"}],"collection":[{"href":"https:\/\/rebub.u-bordeaux.fr\/index.php\/wp-json\/wp\/v2\/pages"}],"about":[{"href":"https:\/\/rebub.u-bordeaux.fr\/index.php\/wp-json\/wp\/v2\/types\/page"}],"author":[{"embeddable":true,"href":"https:\/\/rebub.u-bordeaux.fr\/index.php\/wp-json\/wp\/v2\/users\/81"}],"replies":[{"embeddable":true,"href":"https:\/\/rebub.u-bordeaux.fr\/index.php\/wp-json\/wp\/v2\/comments?post=18772"}],"version-history":[{"count":15,"href":"https:\/\/rebub.u-bordeaux.fr\/index.php\/wp-json\/wp\/v2\/pages\/18772\/revisions"}],"predecessor-version":[{"id":23295,"href":"https:\/\/rebub.u-bordeaux.fr\/index.php\/wp-json\/wp\/v2\/pages\/18772\/revisions\/23295"}],"up":[{"embeddable":true,"href":"https:\/\/rebub.u-bordeaux.fr\/index.php\/wp-json\/wp\/v2\/pages\/18750"}],"wp:attachment":[{"href":"https:\/\/rebub.u-bordeaux.fr\/index.php\/wp-json\/wp\/v2\/media?parent=18772"}],"curies":[{"name":"wp","href":"https:\/\/api.w.org\/{rel}","templated":true}]}}