	{"id":18787,"date":"2024-03-22T09:36:04","date_gmt":"2024-03-22T08:36:04","guid":{"rendered":"https:\/\/rebub.u-bordeaux.fr\/?page_id=18787"},"modified":"2024-05-06T13:44:08","modified_gmt":"2024-05-06T11:44:08","slug":"lettres","status":"publish","type":"page","link":"https:\/\/rebub.u-bordeaux.fr\/index.php\/alma\/configuration-administration\/services-aux-usagers\/mails-et-courriers\/lettres\/","title":{"rendered":"Pr\u00e9sentation des \u201clettres\u201d"},"content":{"rendered":"<div id='wpig-floatingbar' class='wpig-floatingbar'><div id='wpig-switch-wrapper' class='wpig-switch-wrapper'><span id='wpig-floating-switch' class='wpig-floating-switch'><img src='https:\/\/rebub.u-bordeaux.fr\/wp-content\/plugins\/sticky-toc-advance-table-of-contents\/\\assets\\menu.png'><\/span><\/div><\/div><p><\/p>\n<p>Les \u201clettres\u201d dans Alma d\u00e9signent toutes les <strong>communications<\/strong> possibles <strong>depuis Alma vers l&rsquo;ext\u00e9rieur<\/strong>. Dans cet article nous parlerons<strong> <\/strong>essentiellement des communications <strong>\u00e0 destination des usager<\/strong>s, n\u00e9anmoins, certaines lettres sont con\u00e7ues pour d&rsquo;autres destinataires. Par exemple, certaines sont destin\u00e9es aux fournisseurs, d&rsquo;<strong>autres pour le travail interne<\/strong> aux biblioth\u00e8ques, la plus connue \u00e9tant l&rsquo; \u00ab\u00a0Avis de demande de ressource\u00a0\u00bb. Ces communications prennent, la plupart du temps, la <strong>forme de mails<\/strong>, mais d&rsquo;autres sont <strong>envoy\u00e9s aux imprimantes<\/strong> des biblioth\u00e8ques pour \u00eatres envoy\u00e9s aux lecteurs <strong>par la poste<\/strong>. <\/p>\n\n\n\n<div class=\"is-layout-flex wp-container-3 wp-block-columns bord-bloc-reutilisable has-background\" style=\"background-color:#ffeec2\">\n<div class=\"is-layout-flow wp-block-column is-vertically-aligned-center\" style=\"flex-basis:7%\">\n<figure class=\"wp-block-image alignfull size-full is-style-default\"><img decoding=\"async\" loading=\"lazy\" width=\"512\" height=\"512\" src=\"https:\/\/rebub.u-bordeaux.fr\/wp-content\/uploads\/2024\/04\/nouvelles-idees-en-cours.png\" alt=\"\" class=\"wp-image-19897\" srcset=\"https:\/\/rebub.u-bordeaux.fr\/wp-content\/uploads\/2024\/04\/nouvelles-idees-en-cours.png 512w, https:\/\/rebub.u-bordeaux.fr\/wp-content\/uploads\/2024\/04\/nouvelles-idees-en-cours-300x300.png 300w, https:\/\/rebub.u-bordeaux.fr\/wp-content\/uploads\/2024\/04\/nouvelles-idees-en-cours-150x150.png 150w\" sizes=\"(max-width: 512px) 100vw, 512px\" \/><\/figure>\n<\/div>\n\n\n\n<div class=\"is-layout-flow wp-block-column is-vertically-aligned-center\" style=\"flex-basis:85%\">\n<p><strong>Notes<\/strong> : Pour les lettres imprim\u00e9es comme l&rsquo; \u00ab\u00a0Avis de demande de ressource\u00a0\u00bb, en cas de probl\u00e8me d&rsquo;envoi de messages sur les boites mail des biblioth\u00e8ques, v\u00e9rifier l&rsquo;adresse mail indiqu\u00e9e pour l&rsquo;imprimante de la biblioth\u00e8que. Voir <a href=\"http:\/\/rebub.u-bordeaux.fr\/index.php\/alma\/configuration-administration\/services-aux-usagers\/mails-et-courriers\/les-relances-et-rappels\/\">Configuration des imprimantes<\/a><\/p>\n<\/div>\n<\/div>\n\n\n\n<p>L&rsquo;envoi de ces lettres peut \u00eatre programm\u00e9 via un <strong>traitement quotidien<\/strong> ou bien <strong>d\u00e9clench\u00e9 par certaines op\u00e9rations<\/strong> de services aux usagers dans Alma.<\/p>\n\n\n\n<p>La plupart des traitements d&rsquo;envoi de lettres sont param\u00e9tr\u00e9s dans le menu suivant <em>Configuration \/ Services aux usagers \/ G\u00e9n\u00e9ral : Configuration des traitements pour les services aux usagers<\/em>. Des <a href=\"http:\/\/rebub.u-bordeaux.fr\/index.php\/alma\/configuration-administration\/services-aux-usagers\/mails-et-courriers\/les-relances-et-rappels\/\" data-type=\"URL\">configurations avanc\u00e9es<\/a> sont parfois \u00e0 r\u00e9aliser. <\/p>\n\n\n\n<p>Certains param\u00e8tres peuvent \u00eatre choisis. Dans l&rsquo;exemple suivant, le \u00ab\u00a0rapport de l&rsquo;activit\u00e9 de pr\u00eat\u00a0\u00bb (qui liste aux lecteurs l&rsquo;ensemble des ses pr\u00eats en cours) est <strong>d\u00e9sactiv\u00e9<\/strong> et n&rsquo;est pas envoy\u00e9 r\u00e9guli\u00e8rement. Par contre, la \u00ab\u00a0lettre de courtoisie\u00a0\u00bb (qui est envoy\u00e9e au lecteur avant que ses emprunts n&rsquo;arrivent \u00e0 \u00e9ch\u00e9ance) est <strong>activ\u00e9e<\/strong> et envoy\u00e9 <strong>tous les jours \u00e0 03h<\/strong> aux lecteurs qui ont des emprunts dont la date de retour est exactement dans <strong>3 jours<\/strong>. <\/p>\n\n\n\n<figure class=\"wp-block-image size-large\"><img decoding=\"async\" loading=\"lazy\" width=\"1024\" height=\"252\" src=\"https:\/\/rebub.u-bordeaux.fr\/wp-content\/uploads\/2024\/01\/Planification-1024x252.png\" alt=\"\" class=\"wp-image-18069\" srcset=\"https:\/\/rebub.u-bordeaux.fr\/wp-content\/uploads\/2024\/01\/Planification-1024x252.png 1024w, https:\/\/rebub.u-bordeaux.fr\/wp-content\/uploads\/2024\/01\/Planification-300x74.png 300w, https:\/\/rebub.u-bordeaux.fr\/wp-content\/uploads\/2024\/01\/Planification-768x189.png 768w, https:\/\/rebub.u-bordeaux.fr\/wp-content\/uploads\/2024\/01\/Planification.png 1511w\" sizes=\"(max-width: 1024px) 100vw, 1024px\" \/><\/figure>\n\n\n\n<p>Dans Alma, il existe deux menus <em>Configuration de lettre<\/em> et <em>Configuration des composants<\/em> (<em>Configuration \/ G\u00e9n\u00e9ral \/ Lettres<\/em>) qui permettent d&rsquo;activer ou d\u00e9sactiver ces lettres et de les modifier. Except\u00e9 quelques personnalisations, les configurations se font la NZ et elles sont distribu\u00e9es aux autres institutions. Voir les <a href=\"http:\/\/rebub.u-bordeaux.fr\/index.php\/alma\/configuration-administration\/services-aux-usagers\/mails-et-courriers\/construction-des-nouveaux-courriers-2023\/\" data-type=\"URL\" data-id=\"http:\/\/rebub.u-bordeaux.fr\/index.php\/alma\/configuration-administration\/services-aux-usagers\/mails-et-courriers\/construction-des-nouveaux-courriers-2023\/\">configurations actuelles<\/a>. <\/p>\n\n\n\n<h2 id=\"stoc-les-lettres-a-destination-des-lecteurs-utilisees\" class=\"wpig-heading\">Les lettres \u00e0 destination des lecteurs utilis\u00e9es<\/h2>\n\n\n\n<p>Voici la liste des lettres que le r\u00e9seau a choisi d&rsquo;utiliser pour ses communications <strong>aux lecteurs<\/strong> ainsi que quelques informations sur leur fonctionnement. A cette liste, s&rsquo;ajoute deux mails li\u00e9s \u00e0 l&rsquo;utilisation de <strong>Leganto<\/strong>, pour en savoir plus, lire cet <a href=\"http:\/\/rebub.u-bordeaux.fr\/index.php\/biblios\/configuration-administration\/parametrages-emails\/\" data-type=\"URL\">article<\/a>. <\/p>\n\n\n\n<table id=\"tablepress-149\" class=\"tablepress tablepress-id-149\">\n<thead>\n<tr class=\"row-1 odd\">\n\t<th class=\"column-1\">Nom dans Alma<\/th><th class=\"column-2\">Objet du mail<\/th><th class=\"column-3\">Utilis\u00e9 par<\/th><th class=\"column-4\">Modalit\u00e9 d&rsquo;envoi<\/th>\n<\/tr>\n<\/thead>\n<tbody class=\"row-hover\">\n<tr class=\"row-2 even\">\n\t<td class=\"column-1\">Lettre de courtoisie<\/td><td class=\"column-2\">Biblioth\u00e8ques &#8211; Vos emprunts arrivent \u00e0 \u00e9ch\u00e9ance<\/td><td class=\"column-3\">Tous<\/td><td class=\"column-4\"><strong>Traitement <\/strong>quotidien \u00e0 03h<br \/>\n3 jours <strong>avant<\/strong> l&rsquo;\u00e9ch\u00e9ance des emprunts<\/td>\n<\/tr>\n<tr class=\"row-3 odd\">\n\t<td class=\"column-1\">Lettre de notification des pr\u00eats en retard<\/td><td class=\"column-2\">Biblioth\u00e8ques &#8211; Vous avez des emprunts en retard<\/td><td class=\"column-3\">Tous<\/td><td class=\"column-4\"><strong>Traitement<\/strong> quotidien \u00e0 19h<br \/>\n7 jours et 21 jours <strong>apr\u00e8s<\/strong> l&rsquo;\u00e9ch\u00e9ance des emprunts<\/td>\n<\/tr>\n<tr class=\"row-4 even\">\n\t<td class=\"column-1\">Lettre Pr\u00eat perdu et en retard<\/td><td class=\"column-2\">Dernier rappel avant contentieux<\/td><td class=\"column-3\">Tous<\/td><td class=\"column-4\"><strong>Traitement<\/strong> quotidien \u00e0 19h<br \/>\n35 jours <strong>apr\u00e8s<\/strong> l&rsquo;\u00e9ch\u00e9ance des emprunts<br \/>\n<strong>Impression<\/strong> automatique, envoi au lecteur par voie postale<\/td>\n<\/tr>\n<tr class=\"row-5 odd\">\n\t<td class=\"column-1\">Lettre R\u00e9initialisation de mot de passe \u00a0<\/td><td class=\"column-2\">Biblioth\u00e8ques &#8211; R\u00e9initialiser votre mot de passe<\/td><td class=\"column-3\">Tous<\/td><td class=\"column-4\">Lors qu&rsquo;un lecteur clique sur \u00ab\u00a0Cr\u00e9er ou modifiez votre mot de passe\u00a0\u00bb sur Babord+<br \/>\nLors qu&rsquo;un biblioth\u00e9caire envoie un \u00ab\u00a0Message Service d&rsquo;identit\u00e9\u00a0\u00bb depuis la page<em> D\u00e9tails utilisateur<\/em> dans Alma<\/td>\n<\/tr>\n<tr class=\"row-6 even\">\n\t<td class=\"column-1\">Lettre d&rsquo;activit\u00e9 du lecteur<\/td><td class=\"column-2\">Biblioth\u00e8ques &#8211; Emprunts en cours<\/td><td class=\"column-3\">Tous<\/td><td class=\"column-4\">Lorsqu&rsquo;un biblioth\u00e9caire clique sur \u00ab\u00a0<a href=\"http:\/\/rebub.u-bordeaux.fr\/index.php\/nouveaux-mails-pour-une-nouvelle-annee\/\">Envoyer le rapport d&rsquo;activit\u00e9\u00a0\u00bb<\/a> sur la page \u00ab\u00a0<em>Services aux lecteurs\u00a0\u00bb <\/em><\/td>\n<\/tr>\n<tr class=\"row-7 odd\">\n\t<td class=\"column-1\">Lettre de re\u00e7u de pr\u00eat<\/td><td class=\"column-2\">Biblioth\u00e8ques &#8211; Confirmation de vos emprunts<\/td><td class=\"column-3\">Tous<\/td><td class=\"column-4\">Lorsqu&rsquo;un biblioth\u00e9caire clique sur \u00a0\u00bb\u00a0<a href=\"http:\/\/rebub.u-bordeaux.fr\/index.php\/nouveaux-mails-pour-une-nouvelle-annee\/\">Envoyer le re\u00e7u de pr\u00eat<\/a>\u00a0\u00bb sur la page \u00ab\u00a0<em>Services aux lecteurs\u00a0\u00bb <\/em><\/td>\n<\/tr>\n<tr class=\"row-8 even\">\n\t<td class=\"column-1\">Lettre Re\u00e7u de retour<\/td><td class=\"column-2\">Biblioth\u00e8ques &#8211; Confirmation de vos retours<\/td><td class=\"column-3\">Tous<\/td><td class=\"column-4\">Lorsqu&rsquo;un biblioth\u00e9caire clique sur \u00ab\u00a0<a href=\"http:\/\/rebub.u-bordeaux.fr\/index.php\/nouveaux-mails-pour-une-nouvelle-annee\/\">Envoyer le re\u00e7u de retour<\/a>\u00a0\u00bb sur la page \u00ab\u00a0<em>Services aux lecteurs\u00a0\u00bb <\/em><\/td>\n<\/tr>\n<tr class=\"row-9 odd\">\n\t<td class=\"column-1\">Lettre Rapport sur les demandes<\/td><td class=\"column-2\">Biblioth\u00e8ques &#8211; Demandes en cours<\/td><td class=\"column-3\">Tous <\/td><td class=\"column-4\">Lorsqu&rsquo;un biblioth\u00e9caire clique sur \u00ab\u00a0<a href=\"http:\/\/rebub.u-bordeaux.fr\/index.php\/nouveaux-mails-pour-une-nouvelle-annee\/\">Envoyer un rapport sur les demandes <\/a>\u00a0\u00bb sur la page \u00ab\u00a0<em>Services aux lecteurs\u00a0\u00bb <\/em><\/td>\n<\/tr>\n<tr class=\"row-10 even\">\n\t<td class=\"column-1\">R\u00e9servation \u00e0 disposition<\/td><td class=\"column-2\">Biblioth\u00e8ques &#8211; Votre r\u00e9servation est disponible<\/td><td class=\"column-3\">Tous sauf INP<\/td><td class=\"column-4\">Lorsqu&rsquo;un document r\u00e9serv\u00e9 a \u00e9t\u00e9 \u00ab\u00a0pris en rayon\u00a0\u00bb puis \u00ab\u00a0scann\u00e9\u00a0\u00bb par un biblioth\u00e9caire<br \/>\n<\/td>\n<\/tr>\n<tr class=\"row-11 odd\">\n\t<td class=\"column-1\">Lettre Annulation de demande<\/td><td class=\"column-2\">Biblioth\u00e8ques &#8211; Votre r\u00e9servation est annul\u00e9e<\/td><td class=\"column-3\">Tous sauf INP<\/td><td class=\"column-4\">Lorsqu&rsquo;une demande de r\u00e9servation (tous sauf INP) ou de num\u00e9risation (UB et UBM) a \u00e9t\u00e9 annul\u00e9e par un lecteur ou un biblioth\u00e9caire<\/td>\n<\/tr>\n<tr class=\"row-12 even\">\n\t<td class=\"column-1\">Lettre Notification de fourniture du document\u00a0<\/td><td class=\"column-2\">Biblioth\u00e8ques &#8211; Votre num\u00e9risation est pr\u00eate<\/td><td class=\"column-3\">UB et UBM <\/td><td class=\"column-4\">La num\u00e9risation a \u00e9t\u00e9 effectu\u00e9e, le lien de t\u00e9l\u00e9chargement a \u00e9t\u00e9 coll\u00e9 dans Alma pour finaliser la demande de num\u00e9risation<br \/>\n<\/td>\n<\/tr>\n<tr class=\"row-13 odd\">\n\t<td class=\"column-1\">Lettre Emprunt\u00e9 par<\/td><td class=\"column-2\">Biblioth\u00e8ques &#8211; Emprunt par procuration<\/td><td class=\"column-3\">UB <\/td><td class=\"column-4\">Indique au lecteur qu&rsquo;un <a href=\"https:\/\/rebub.u-bordeaux.fr\/index.php\/alma\/procedures\/services-aux-usagers\/gestion-des-lecteurs\/creer-un-mandataire\/\">utilisateur mandataire<\/a> a emprunt\u00e9 un exemplaire en leur nom<\/td>\n<\/tr>\n<tr class=\"row-14 even\">\n\t<td class=\"column-1\">Lettre Notifications aux utilisateurs\u00a0<\/td><td class=\"column-2\">Divers<\/td><td class=\"column-3\">Tous<\/td><td class=\"column-4\">Voir <a href=\"https:\/\/rebub.u-bordeaux.fr\/index.php\/alma\/configuration-administration\/services-aux-usagers\/mails-et-courriers\/courriers-personnalises\/\">courriers personnalis\u00e9s<\/a> <\/td>\n<\/tr>\n<\/tbody>\n<\/table>\n<!-- #tablepress-149 from cache -->\n\n\n<div class=\"is-layout-flex wp-container-9 wp-block-columns bord-bloc-reutilisable has-background\" style=\"background-color:#d9edf7\">\n<div class=\"is-layout-flow wp-block-column is-vertically-aligned-center\" style=\"font-size:15px;flex-basis:20%\">\n<p style=\"font-size:15px\"><strong>Date de publication<\/strong> <\/p>\n\n\n<div style=\"font-size:15px;\" class=\"wp-block-post-date\"><time datetime=\"2024-03-22T09:36:04+01:00\">22 mars 2024<\/time><\/div><\/div>\n\n\n\n<div class=\"is-layout-flow wp-block-column is-vertically-aligned-center\" style=\"font-size:15px;flex-basis:20%\">\n<p><strong>Mis \u00e0 jour le <\/strong><\/p>\n\n\n<div style=\"font-size:15px;\" class=\"wp-block-post-date\"><time datetime=\"2024-05-06T13:44:08+02:00\">6 mai 2024<\/time><\/div><\/div>\n\n\n\n<div class=\"is-layout-flow wp-block-column is-vertically-aligned-center\" style=\"font-size:15px;flex-basis:40%\">\n<p><\/p>\n\n\n\n<p><strong>Attention ! <\/strong>Certains \u00e9tablissements utilisent parfois de proc\u00e9dures compl\u00e9mentaires <\/p>\n<\/div>\n\n\n\n<div class=\"is-layout-flow wp-block-column is-vertically-aligned-center\" style=\"font-size:15px;flex-basis:25%\">\n<div class=\"is-horizontal is-content-justification-center is-layout-flex wp-container-7 wp-block-buttons alignfull has-custom-font-size\" style=\"font-size:16px\">\n<div class=\"wp-block-button has-custom-width wp-block-button__width-75 has-custom-font-size is-style-fill\" style=\"font-size:15px\"><a class=\"wp-block-button__link has-white-color has-text-color has-background wp-element-button\" href=\"mailto:scoop@u-bordeaux.fr\" style=\"border-radius:65px;background-color:#000000db\"><strong>Signaler une erreur<\/strong><\/a><\/div>\n<\/div>\n<\/div>\n<\/div>\n","protected":false},"excerpt":{"rendered":"<p>Les \u201clettres\u201d dans Alma d\u00e9signent toutes les communications possibles depuis Alma vers l&rsquo;ext\u00e9rieur. Dans cet article nous parlerons essentiellement des communications \u00e0 destination des usagers, n\u00e9anmoins, certaines lettres sont con\u00e7ues pour d&rsquo;autres destinataires. Par exemple, certaines sont destin\u00e9es aux fournisseurs,&#8230;<\/p>\n","protected":false},"author":46,"featured_media":0,"parent":18753,"menu_order":0,"comment_status":"closed","ping_status":"closed","template":"","meta":[],"post_mailing_queue_ids":[],"_links":{"self":[{"href":"https:\/\/rebub.u-bordeaux.fr\/index.php\/wp-json\/wp\/v2\/pages\/18787"}],"collection":[{"href":"https:\/\/rebub.u-bordeaux.fr\/index.php\/wp-json\/wp\/v2\/pages"}],"about":[{"href":"https:\/\/rebub.u-bordeaux.fr\/index.php\/wp-json\/wp\/v2\/types\/page"}],"author":[{"embeddable":true,"href":"https:\/\/rebub.u-bordeaux.fr\/index.php\/wp-json\/wp\/v2\/users\/46"}],"replies":[{"embeddable":true,"href":"https:\/\/rebub.u-bordeaux.fr\/index.php\/wp-json\/wp\/v2\/comments?post=18787"}],"version-history":[{"count":3,"href":"https:\/\/rebub.u-bordeaux.fr\/index.php\/wp-json\/wp\/v2\/pages\/18787\/revisions"}],"predecessor-version":[{"id":20992,"href":"https:\/\/rebub.u-bordeaux.fr\/index.php\/wp-json\/wp\/v2\/pages\/18787\/revisions\/20992"}],"up":[{"embeddable":true,"href":"https:\/\/rebub.u-bordeaux.fr\/index.php\/wp-json\/wp\/v2\/pages\/18753"}],"wp:attachment":[{"href":"https:\/\/rebub.u-bordeaux.fr\/index.php\/wp-json\/wp\/v2\/media?parent=18787"}],"curies":[{"name":"wp","href":"https:\/\/api.w.org\/{rel}","templated":true}]}}