	{"id":18788,"date":"2024-03-22T09:36:05","date_gmt":"2024-03-22T08:36:05","guid":{"rendered":"https:\/\/rebub.u-bordeaux.fr\/?page_id=18788"},"modified":"2024-05-06T13:51:16","modified_gmt":"2024-05-06T11:51:16","slug":"construction-des-nouveaux-courriers-2023","status":"publish","type":"page","link":"https:\/\/rebub.u-bordeaux.fr\/index.php\/alma\/configuration-administration\/services-aux-usagers\/mails-et-courriers\/construction-des-nouveaux-courriers-2023\/","title":{"rendered":"Construction des mails"},"content":{"rendered":"<div id='wpig-floatingbar' class='wpig-floatingbar'><div id='wpig-switch-wrapper' class='wpig-switch-wrapper'><span id='wpig-floating-switch' class='wpig-floating-switch'><img src='https:\/\/rebub.u-bordeaux.fr\/wp-content\/plugins\/sticky-toc-advance-table-of-contents\/\\assets\\menu.png'><\/span><\/div><div id='wpig-contents' class='wpig-contents  wpig-sidebar-widget wpig-style-3'><span class='wpig-headline'>Table des mati\u00e8res<span><a data-action='show' class='wpig-btn-toggledisplay'>[ Show ]<\/a><\/span><\/span><!-- Table of Contents --><div id='wpig-table-of-content' class='wpig-table-of-content'><ol><li class='stoc-elements-communs'><a href='#stoc-elements-communs'>\u00c9l\u00e9ments communs<\/a><ol><li class='stoc-structure-des-courriers'><a href='#stoc-structure-des-courriers'>Structure des courriers<\/a><\/li><li class='stoc-objets'><a href='#stoc-objets'>Objets<\/a><\/li><li class='stoc-courriers-particuliers'><a href='#stoc-courriers-particuliers'>Courriers particuliers<\/a><\/li><\/ol><li class='stoc-personnalisations-des-institutions'><a href='#stoc-personnalisations-des-institutions'>Personnalisations des institutions<\/a><ol><li class='stoc-adresses-dexpediteur'><a href='#stoc-adresses-dexpediteur'>Adresses d&rsquo;exp\u00e9diteur<\/a><\/li><li class='stoc-liens-dans-le-footer'><a href='#stoc-liens-dans-le-footer'>Liens dans le footer<\/a><\/li><\/ol><\/li><\/li><\/div><!-- END OF Table of Contents --><\/div><\/div><p><div id='wpig-contents' class='wpig-contents  wpig-sidebar-widget wpig-style-1'><span class='wpig-headline'>Table des mati\u00e8res<span><a data-action='show' class='wpig-btn-toggledisplay'>[ Show ]<\/a><\/span><\/span><!-- Table of Contents --><div id='wpig-table-of-content' class='wpig-table-of-content' ><ol><li class='stoc-elements-communs'><a href='#stoc-elements-communs'>\u00c9l\u00e9ments communs<\/a><ol><li class='stoc-structure-des-courriers'><a href='#stoc-structure-des-courriers'>Structure des courriers<\/a><\/li><li class='stoc-objets'><a href='#stoc-objets'>Objets<\/a><\/li><li class='stoc-courriers-particuliers'><a href='#stoc-courriers-particuliers'>Courriers particuliers<\/a><\/li><\/ol><li class='stoc-personnalisations-des-institutions'><a href='#stoc-personnalisations-des-institutions'>Personnalisations des institutions<\/a><ol><li class='stoc-adresses-dexpediteur'><a href='#stoc-adresses-dexpediteur'>Adresses d&rsquo;exp\u00e9diteur<\/a><\/li><li class='stoc-liens-dans-le-footer'><a href='#stoc-liens-dans-le-footer'>Liens dans le footer<\/a><\/li><\/ol><\/li><\/li><\/div><!-- END OF Table of Contents --><\/div><\/p>\n<p>Les nouveaux mails (ceux list\u00e9s dans le <a href=\"http:\/\/rebub.u-bordeaux.fr\/index.php\/alma\/configuration-administration\/services-aux-usagers\/mails-et-courriers\/lettres\/\" data-type=\"URL\" data-id=\"http:\/\/rebub.u-bordeaux.fr\/index.php\/alma\/configuration-administration\/services-aux-usagers\/mails-et-courriers\/lettres\/\">tableau<\/a>) ont \u00e9t\u00e9 <strong>con\u00e7us en collaboration<\/strong> avec des coll\u00e8gues de l\u2019ensemble du r\u00e9seau. L&rsquo;objectif \u00e9tait de les <strong>moderniser <\/strong>et de les <strong>simplifier<\/strong> afin de mettre en avant les informations importantes pour les lecteurs. Aussi, dans leur conception, il a \u00e9t\u00e9 question de simplifier leur maintenance. Pour cela, un maximum d&rsquo;\u00e9l\u00e9ments (blocs et textes) sont communs aux diff\u00e9rents courriers, ils sont g\u00e9r\u00e9s dans la NZ depuis le menu <em>Configuration \/ G\u00e9n\u00e9ral \/ Lettres : Configuration des composants<\/em>. De plus, un maximum d&rsquo;\u00e9l\u00e9ments sont communs aux diff\u00e9rentes institutions et sont g\u00e9r\u00e9s depuis la NZ puis distribu\u00e9s.<\/p>\n\n\n\n<h2 id=\"stoc-elements-communs\" class=\"wpig-heading\">\u00c9l\u00e9ments communs<\/h2>\n\n\n\n<h3 id=\"stoc-structure-des-courriers\" class=\"wpig-heading\">Structure des courriers<\/h3>\n\n\n\n<p>Ci-dessous, voici la structure commune \u00e0 la plupart des mails, modifiable dans l\u2019\u00e9diteur xsl depuis le menu <em>Configuration \/ G\u00e9n\u00e9ral \/ Lettres : Configuration de lettres<\/em><\/p>\n\n\n\n<figure class=\"wp-block-image size-large is-resized\"><img decoding=\"async\" loading=\"lazy\" src=\"https:\/\/rebub.u-bordeaux.fr\/wp-content\/uploads\/2024\/01\/Presentation-structure-724x1024.png\" alt=\"\" class=\"wp-image-18114\" width=\"832\" height=\"1177\" srcset=\"https:\/\/rebub.u-bordeaux.fr\/wp-content\/uploads\/2024\/01\/Presentation-structure-724x1024.png 724w, https:\/\/rebub.u-bordeaux.fr\/wp-content\/uploads\/2024\/01\/Presentation-structure-212x300.png 212w, https:\/\/rebub.u-bordeaux.fr\/wp-content\/uploads\/2024\/01\/Presentation-structure-768x1086.png 768w, https:\/\/rebub.u-bordeaux.fr\/wp-content\/uploads\/2024\/01\/Presentation-structure-1086x1536.png 1086w, https:\/\/rebub.u-bordeaux.fr\/wp-content\/uploads\/2024\/01\/Presentation-structure.png 1414w\" sizes=\"(max-width: 832px) 100vw, 832px\" \/><\/figure>\n\n\n\n<p class=\"has-background\" style=\"background-color:#ccffd791\">Permet l&rsquo;<strong>appel aux fichiers x<\/strong>sl du<strong> menu <em>Configuration des composants<\/em><\/strong>. Par exemple, le template \u00ab\u00a0Bonjour2024\u00a0\u00bb est dans le fichier xsl \u00ab\u00a0mailReason\u00a0\u00bb. <\/p>\n\n\n\n<p class=\"has-background\" style=\"background-color:#d9d9d9a3\">Permet, \u00e0 priori, une meilleures <strong>adaptation aux diff\u00e9rentes tailles d&rsquo;\u00e9cran<\/strong><\/p>\n\n\n\n<p class=\"has-background\" style=\"background-color:#ff914d36\">Appel aux <strong>personnalisations CSS <\/strong>d\u00e9finies sous le template \u00ab\u00a0Style2024\u00a0\u00bb d\u00e9crit dans le fichier style.xsl du menu <em>Configuration des composants<\/em>. Toutes les indications de styles sont r\u00e9unies \u00e0 cet endroit : textes centr\u00e9s et justifi\u00e9s, couleurs, polices etc. Les \u00ab\u00a0class\u00a0\u00bb permettent de cibler des \u00e9l\u00e9ments pour leur donner un style particulier. Par exemple, c&rsquo;est la class \u00ab\u00a0bib\u00a0\u00bb qui fait que le nom des biblioth\u00e8ques apparaissent en gras.<\/p>\n\n\n\n<p class=\"has-background\" style=\"background-color:#38b6ff5c\">Les paragraphes<strong> varient selon chaque courrier<\/strong>. Les textes sont personnalis\u00e9s gr\u00e2ce aux <strong>tables de libell\u00e9s<\/strong>. Les codes des tables de libell\u00e9s sont appel\u00e9s via les @@. <\/p>\n\n\n\n<p class=\"has-background\" style=\"background-color:#8b52ff30\">La construction des <strong>titres <\/strong>est l&rsquo;\u00e9l\u00e9ment le plus complexe des courriers, le template est situ\u00e9 dans le fichier recordtitle.xsl. Pour r\u00e9sumer, il existe trois constructions des titres diff\u00e9rentes, une premi\u00e8re mentionne la date de retour des documents emprunt\u00e9s, la seconde est celle de l&rsquo;exemple ci-dessus, la troisi\u00e8me ne mentionne pas le nom de la biblioth\u00e8que. Dans le template, au dessus chaque bloc qui conditionne un type de construction des titres, le nom de la lettre concern\u00e9e est mentionn\u00e9e comme ceci &lt;!&#8211; Nom de la lettre &#8211;&gt;. C&rsquo;est aussi dans le template \u00ab\u00a0Titres2024\u00a0\u00bb que sont construits les<strong> liens hypertextes vers le catalogue Babord+<\/strong>, ces liens sont construits \u00e0 partir des <strong>identifiant MMS <\/strong>et des <strong>codes des institutions <\/strong>issues des donn\u00e9es XML.  <\/p>\n\n\n\n<h3 id=\"stoc-objets\" class=\"wpig-heading\">Objets<\/h3>\n\n\n\n<p>Voir le <a href=\"http:\/\/rebub.u-bordeaux.fr\/index.php\/alma\/configuration-administration\/services-aux-usagers\/mails-et-courriers\/lettres\/\" data-type=\"URL\">tableau<\/a>.<\/p>\n\n\n\n<h3 id=\"stoc-courriers-particuliers\" class=\"wpig-heading\">Courriers particuliers<\/h3>\n\n\n\n<ul>\n<li>La<em><strong> Lettre Notifications aux utilisateurs<\/strong><\/em> voir <a href=\"http:\/\/rebub.u-bordeaux.fr\/index.php\/alma\/configuration-administration\/services-aux-usagers\/mails-et-courriers\/courriers-personnalises\/\" data-type=\"URL\">Courriers personnalis\u00e9s<\/a><\/li>\n<\/ul>\n\n\n\n<ul>\n<li>La<em> <\/em><strong><em>Lettre Pr\u00eat perdu et en retard<\/em> <\/strong><\/li>\n<\/ul>\n\n\n\n<p>Cette lettre est imprim\u00e9e et envoy\u00e9e par voie postale, elle est construite diff\u00e9remment (construction proche de celle des lettres \u00ab\u00a0out of the box\u00a0\u00bb).<\/p>\n\n\n\n<p>Trois \u00e9l\u00e9ments sont issus des fichiers du menu<em> Configuration des composants<\/em><\/p>\n\n\n\n<p>Le style de ces courriers est d\u00e9fini par le template \u00ab\u00a0Stylepostal2024\u00a0\u00bb. <\/p>\n\n\n\n<p class=\"has-vivid-red-color has-text-color\">Le logo est appel\u00e9 \u00e0 partir du fichier header.xsl <\/p>\n\n\n\n<p class=\"has-background\" style=\"background-color:#ff303047\">Le bloc d&rsquo;adresse est appel\u00e9 \u00e0 partir du fichier senderReceiver.xsl<\/p>\n\n\n\n<figure class=\"wp-block-image size-large is-resized\"><img decoding=\"async\" loading=\"lazy\" src=\"https:\/\/rebub.u-bordeaux.fr\/wp-content\/uploads\/2024\/01\/Courrier-postal-1-724x1024.png\" alt=\"\" class=\"wp-image-18119\" width=\"842\" height=\"1132\"\/><\/figure>\n\n\n\n<h2 id=\"stoc-personnalisations-des-institutions\" class=\"wpig-heading\">Personnalisations des institutions<\/h2>\n\n\n\n<h3 id=\"stoc-adresses-dexpediteur\" class=\"wpig-heading\">Adresses d&rsquo;exp\u00e9diteur<\/h3>\n\n\n\n<p>Attention, le nom de domaine qui doit correspondre au serveur d\u2019envoi. <\/p>\n\n\n\n<figure class=\"wp-block-table\"><table><tbody><tr><td>UB<\/td><td>UBM<\/td><td>IEP<\/td><td>INP<\/td><td>BSA<\/td><\/tr><tr><td><a href=\"http:\/\/doc-pret@u-bordeaux.fr\/\">doc-pret@u-bordeaux.fr<\/a> sauf pour la \u00ab\u00a0Lettre Notification de fourniture du document\u00a0\u00bb <a href=\"http:\/\/patrimoine-documentaire@u-bordeaux.fr\/\">patrimoine-documentaire@u-bordeaux.fr<\/a><\/td><td><a href=\"http:\/\/pretbibliotheque@u-bordeaux-montaigne.fr\">pretbibliotheque@u-bordeaux-montaigne.fr<\/a><\/td><td><a href=\"http:\/\/infopret@sciencespobordeaux.fr\">infopret@sciencespobordeaux.fr<\/a><\/td><td><a href=\"http:\/\/Bibliotheques_Inp@exlibrisgroup.com\">Bibliotheques_Inp@exlibrisgroup.com<\/a><\/td><td><a href=\"http:\/\/Bibliotheque_BSA@exlibrisgroup.com\">Bibliotheque_BSA@exlibrisgroup.com<\/a><\/td><\/tr><\/tbody><\/table><\/figure>\n\n\n\n<h3 id=\"stoc-liens-dans-le-footer\" class=\"wpig-heading\">Liens dans le footer<\/h3>\n\n\n\n<p>Les liens se configurent dans la table <em>Configuration \/ G\u00e9n\u00e9ral \/ Configurations g\u00e9n\u00e9rales \/ Autres param\u00e8tres,<\/em> au niveau des lignes de param\u00e8tre <em>email_contact_us <\/em>et <em>email_my_account<\/em>. <\/p>\n\n\n\n<p class=\"has-background\" style=\"background-color:#ffde596b\">Les libell\u00e9s se modifient dans la tables de libell\u00e9s du fichier footer.xsl<\/p>\n\n\n\n<figure class=\"wp-block-table\"><table><tbody><tr><td>Libell\u00e9<\/td><td>UB<\/td><td>UBM<\/td><td>IEP<\/td><td>INP<\/td><td>BSA<\/td><\/tr><tr><td>Nous contacter<\/td><td><a href=\"http:\/\/doc-pret@u-bordeaux.fr\">doc-pret@u-bordeaux.fr<\/a><\/td><td><a href=\"http:\/\/pretbibliotheque@u-bordeaux-montaigne.fr\">pretbibliotheque@u-bordeaux-montaigne.fr<\/a><\/td><td><a href=\"http:\/\/infodoc@sciencespobordeaux.fr\">infodoc@sciencespobordeaux.fr<\/a><\/td><td><a href=\"http:\/\/bibliosplus@bordeaux-inp.fr\">bibliosplus@bordeaux-inp.fr<\/a><\/td><td>accueil-cdi@agro-bordeaux.fr<\/td><\/tr><tr><td>Mon compte Babord+<\/td><td>&nbsp;https:\/\/babordplus.hosted.exlibrisgroup.com\/primo-explore\/account?vid=33PUDB_UB_VU1&amp;section=overview&amp;lang=fr_FR<\/td><td>&nbsp;https:\/\/babordplus.hosted.exlibrisgroup.com\/primo-explore\/account?vid=33PUDB_UBM_VU1&amp;section=overview&amp;lang=fr_FR<\/td><td><a href=\"https:\/\/babordplus.hosted.exlibrisgroup.com\/primo-explore\/account?vid=33PUDB_IEP_VU1&amp;section=overview&amp;lang=fr_FR\">https:\/\/babordplus.hosted.exlibrisgroup.com\/primo-explore\/account?vid=33PUDB_IEP_VU1&amp;section=overview&amp;lang=fr_FR<\/a><\/td><td><a href=\"https:\/\/babordplus.hosted.exlibrisgroup.com\/primo-explore\/account?vid=33PUDB_INP_VU1&amp;section=overview&amp;lang=fr_FR\">https:\/\/babordplus.hosted.exlibrisgroup.com\/primo-explore\/account?vid=33PUDB_INP_VU1&amp;section=overview&amp;lang=fr_FR<\/a><\/td><td><a href=\"https:\/\/babordplus.hosted.exlibrisgroup.com\/primo-explore\/account?vid=33PUDB_BXSA_VU1&amp;section=overview&amp;lang=fr_FR\">https:\/\/babordplus.hosted.exlibrisgroup.com\/primo-explore\/account?vid=33PUDB_BXSA_VU1&amp;section=overview&amp;lang=fr_FR<\/a><\/td><\/tr><\/tbody><\/table><\/figure>\n\n\n\n<p><\/p>\n\n\n\n<div class=\"is-layout-flex wp-container-6 wp-block-columns bord-bloc-reutilisable has-background\" style=\"background-color:#d9edf7\">\n<div class=\"is-layout-flow wp-block-column is-vertically-aligned-center\" style=\"font-size:15px;flex-basis:20%\">\n<p style=\"font-size:15px\"><strong>Date de publication<\/strong> <\/p>\n\n\n<div style=\"font-size:15px;\" class=\"wp-block-post-date\"><time datetime=\"2024-03-22T09:36:05+01:00\">22 mars 2024<\/time><\/div><\/div>\n\n\n\n<div class=\"is-layout-flow wp-block-column is-vertically-aligned-center\" style=\"font-size:15px;flex-basis:20%\">\n<p><strong>Mis \u00e0 jour le <\/strong><\/p>\n\n\n<div style=\"font-size:15px;\" class=\"wp-block-post-date\"><time datetime=\"2024-05-06T13:51:16+02:00\">6 mai 2024<\/time><\/div><\/div>\n\n\n\n<div class=\"is-layout-flow wp-block-column is-vertically-aligned-center\" style=\"font-size:15px;flex-basis:40%\">\n<p><\/p>\n\n\n\n<p><strong>Attention ! <\/strong>Certains \u00e9tablissements utilisent parfois de proc\u00e9dures compl\u00e9mentaires <\/p>\n<\/div>\n\n\n\n<div class=\"is-layout-flow wp-block-column is-vertically-aligned-center\" style=\"font-size:15px;flex-basis:25%\">\n<div class=\"is-horizontal is-content-justification-center is-layout-flex wp-container-4 wp-block-buttons alignfull has-custom-font-size\" style=\"font-size:16px\">\n<div class=\"wp-block-button has-custom-width wp-block-button__width-75 has-custom-font-size is-style-fill\" style=\"font-size:15px\"><a class=\"wp-block-button__link has-white-color has-text-color has-background wp-element-button\" href=\"mailto:scoop@u-bordeaux.fr\" style=\"border-radius:65px;background-color:#000000db\"><strong>Signaler une erreur<\/strong><\/a><\/div>\n<\/div>\n<\/div>\n<\/div>\n","protected":false},"excerpt":{"rendered":"<p>Table des mati\u00e8res[ Show ]\u00c9l\u00e9ments communsStructure des courriersObjetsCourriers particuliersPersonnalisations des institutionsAdresses d&rsquo;exp\u00e9diteurLiens dans le footerLes nouveaux mails (ceux list\u00e9s dans le tableau) ont \u00e9t\u00e9 con\u00e7us en collaboration avec des coll\u00e8gues de l\u2019ensemble du r\u00e9seau. L&rsquo;objectif \u00e9tait de les moderniser et&#8230;<\/p>\n","protected":false},"author":81,"featured_media":0,"parent":18753,"menu_order":1,"comment_status":"closed","ping_status":"closed","template":"","meta":[],"post_mailing_queue_ids":[],"_links":{"self":[{"href":"https:\/\/rebub.u-bordeaux.fr\/index.php\/wp-json\/wp\/v2\/pages\/18788"}],"collection":[{"href":"https:\/\/rebub.u-bordeaux.fr\/index.php\/wp-json\/wp\/v2\/pages"}],"about":[{"href":"https:\/\/rebub.u-bordeaux.fr\/index.php\/wp-json\/wp\/v2\/types\/page"}],"author":[{"embeddable":true,"href":"https:\/\/rebub.u-bordeaux.fr\/index.php\/wp-json\/wp\/v2\/users\/81"}],"replies":[{"embeddable":true,"href":"https:\/\/rebub.u-bordeaux.fr\/index.php\/wp-json\/wp\/v2\/comments?post=18788"}],"version-history":[{"count":6,"href":"https:\/\/rebub.u-bordeaux.fr\/index.php\/wp-json\/wp\/v2\/pages\/18788\/revisions"}],"predecessor-version":[{"id":21000,"href":"https:\/\/rebub.u-bordeaux.fr\/index.php\/wp-json\/wp\/v2\/pages\/18788\/revisions\/21000"}],"up":[{"embeddable":true,"href":"https:\/\/rebub.u-bordeaux.fr\/index.php\/wp-json\/wp\/v2\/pages\/18753"}],"wp:attachment":[{"href":"https:\/\/rebub.u-bordeaux.fr\/index.php\/wp-json\/wp\/v2\/media?parent=18788"}],"curies":[{"name":"wp","href":"https:\/\/api.w.org\/{rel}","templated":true}]}}