	{"id":18789,"date":"2024-03-22T09:36:06","date_gmt":"2024-03-22T08:36:06","guid":{"rendered":"https:\/\/rebub.u-bordeaux.fr\/?page_id=18789"},"modified":"2024-05-06T13:50:48","modified_gmt":"2024-05-06T11:50:48","slug":"courriers-personnalises","status":"publish","type":"page","link":"https:\/\/rebub.u-bordeaux.fr\/index.php\/alma\/configuration-administration\/services-aux-usagers\/mails-et-courriers\/courriers-personnalises\/","title":{"rendered":"Courriers personnalis\u00e9s"},"content":{"rendered":"<div id='wpig-floatingbar' class='wpig-floatingbar'><div id='wpig-switch-wrapper' class='wpig-switch-wrapper'><span id='wpig-floating-switch' class='wpig-floating-switch'><img src='https:\/\/rebub.u-bordeaux.fr\/wp-content\/plugins\/sticky-toc-advance-table-of-contents\/\\assets\\menu.png'><\/span><\/div><div id='wpig-contents' class='wpig-contents  wpig-sidebar-widget wpig-style-3'><span class='wpig-headline'>Table des mati\u00e8res<span><a data-action='show' class='wpig-btn-toggledisplay'>[ Show ]<\/a><\/span><\/span><!-- Table of Contents --><div id='wpig-table-of-content' class='wpig-table-of-content'><ol><li class='stoc-comment-creer-une-lettre-personnalisee-a-envoyer-a-un-jeu-de-lecteurs'><a href='#stoc-comment-creer-une-lettre-personnalisee-a-envoyer-a-un-jeu-de-lecteurs'>Comment cr\u00e9er une lettre personnalis\u00e9e \u00e0 envoyer \u00e0 un jeu de lecteurs ?<\/a><\/li><li class='stoc-configurer-les-modeles-de-lettres'><a href='#stoc-configurer-les-modeles-de-lettres'>Configurer les mod\u00e8les de lettres<\/a><\/li><li class='stoc-rediger-les-lettres'><a href='#stoc-rediger-les-lettres'>R\u00e9diger les lettres<\/a><\/li><li class='stoc-creer-un-jeu-dutilisateurs'><a href='#stoc-creer-un-jeu-dutilisateurs'>Cr\u00e9er un jeu d&rsquo;utilisateurs<\/a><\/li><li class='stoc-executer-le-traitement'><a href='#stoc-executer-le-traitement'>Ex\u00e9cuter le traitement<\/a><\/li><li class='stoc-documentation'><a href='#stoc-documentation'>Documentation<\/a><\/li><\/ol><\/div><!-- END OF Table of Contents --><\/div><\/div><p><div id='wpig-contents' class='wpig-contents  wpig-sidebar-widget wpig-style-1'><span class='wpig-headline'>Table des mati\u00e8res<span><a data-action='show' class='wpig-btn-toggledisplay'>[ Show ]<\/a><\/span><\/span><!-- Table of Contents --><div id='wpig-table-of-content' class='wpig-table-of-content' ><ol><li class='stoc-comment-creer-une-lettre-personnalisee-a-envoyer-a-un-jeu-de-lecteurs'><a href='#stoc-comment-creer-une-lettre-personnalisee-a-envoyer-a-un-jeu-de-lecteurs'>Comment cr\u00e9er une lettre personnalis\u00e9e \u00e0 envoyer \u00e0 un jeu de lecteurs ?<\/a><\/li><li class='stoc-configurer-les-modeles-de-lettres'><a href='#stoc-configurer-les-modeles-de-lettres'>Configurer les mod\u00e8les de lettres<\/a><\/li><li class='stoc-rediger-les-lettres'><a href='#stoc-rediger-les-lettres'>R\u00e9diger les lettres<\/a><\/li><li class='stoc-creer-un-jeu-dutilisateurs'><a href='#stoc-creer-un-jeu-dutilisateurs'>Cr\u00e9er un jeu d&rsquo;utilisateurs<\/a><\/li><li class='stoc-executer-le-traitement'><a href='#stoc-executer-le-traitement'>Ex\u00e9cuter le traitement<\/a><\/li><li class='stoc-documentation'><a href='#stoc-documentation'>Documentation<\/a><\/li><\/ol><\/div><!-- END OF Table of Contents --><\/div><\/p>\n<h3 id=\"stoc-comment-creer-une-lettre-personnalisee-a-envoyer-a-un-jeu-de-lecteurs\" class=\"wpig-heading\">Comment cr\u00e9er une lettre personnalis\u00e9e \u00e0 envoyer \u00e0 un jeu de lecteurs ?<\/h3>\n\n\n\n<p>Il est possible de cr\u00e9er des courriers personnalis\u00e9s, en utilisant le mod\u00e8le de lettre <em>Lettre Notifications aux utilisateurs<\/em> et de les envoyer \u00e0 un jeu d&rsquo;utilisateurs pr\u00e9\u00e9tabli en utilisant le traitement <em>Mettre \u00e0 jour\/Notifier Utilisateurs<\/em>.<\/p>\n\n\n\n<p>Il est possible de donner acc\u00e8s aux configurations des lettres aux biblioth\u00e9caires pour que ces derniers rentrent leurs textes dans la table de libell\u00e9s sans avoir besoin de toucher au mod\u00e8le XSL. <\/p>\n\n\n\n<p>Le nombre de paragraphes inclus dans chaque mod\u00e8le de lettre peut-\u00eatre configur\u00e9. <\/p>\n\n\n\n<p>Pour ex\u00e9cuter le traitement <em>Mettre \u00e0 jour\/Notifier Utilisateurs<\/em>, il faut avoir les droits suivants [Administrateur des utilisateurs, Gestionnaire des utilisateurs].<\/p>\n\n\n\n<h3 id=\"stoc-configurer-les-modeles-de-lettres\" class=\"wpig-heading\">Configurer les mod\u00e8les de lettres<\/h3>\n\n\n\n<p>Aller dans le menu de <em>Configuration\/Gestion de l&rsquo;utilisateur\/G\u00e9n\u00e9ral : Types de notification aux utilisateurs<\/em>. <\/p>\n\n\n\n<p>Ajouter une ligne et rentrer un code et une description. La description est le texte qui apparaitra dans le menu d\u00e9roulant lors du choix du type de lettre lors de l&rsquo;ex\u00e9cution du traitement <em>Mettre \u00e0 jour\/Notifier Utilisateurs<\/em>. Le code sert \u00e0 faire le lien avec la table dans le mod\u00e8le XSL. <\/p>\n\n\n\n<figure class=\"wp-block-image size-large\"><img decoding=\"async\" loading=\"lazy\" width=\"1024\" height=\"442\" src=\"https:\/\/rebub.u-bordeaux.fr\/wp-content\/uploads\/2023\/05\/Table-code-lettre1-1024x442.png\" alt=\"\" class=\"wp-image-16069\" srcset=\"https:\/\/rebub.u-bordeaux.fr\/wp-content\/uploads\/2023\/05\/Table-code-lettre1-1024x442.png 1024w, https:\/\/rebub.u-bordeaux.fr\/wp-content\/uploads\/2023\/05\/Table-code-lettre1-300x129.png 300w, https:\/\/rebub.u-bordeaux.fr\/wp-content\/uploads\/2023\/05\/Table-code-lettre1-768x331.png 768w, https:\/\/rebub.u-bordeaux.fr\/wp-content\/uploads\/2023\/05\/Table-code-lettre1.png 1268w\" sizes=\"(max-width: 1024px) 100vw, 1024px\" \/><\/figure>\n\n\n\n<p>Aller dans le menu de <em>Configuration\/G\u00e9n\u00e9ral\/Lettres : Configuration de lettre<\/em> et ouvrir le mod\u00e8le <em>Lettre Notifications aux utilisateurs<\/em>. <\/p>\n\n\n\n<p>Sous l&rsquo;onglet <em>Mod\u00e8le<\/em>, choisir le nombre de paragraphes et leur organisation en fonction des diff\u00e9rents codes de la table ci-dessus. <\/p>\n\n\n\n<figure class=\"wp-block-image size-full\"><img decoding=\"async\" loading=\"lazy\" width=\"1000\" height=\"894\" src=\"https:\/\/rebub.u-bordeaux.fr\/wp-content\/uploads\/2023\/05\/XSL.png\" alt=\"\" class=\"wp-image-16074\" srcset=\"https:\/\/rebub.u-bordeaux.fr\/wp-content\/uploads\/2023\/05\/XSL.png 1000w, https:\/\/rebub.u-bordeaux.fr\/wp-content\/uploads\/2023\/05\/XSL-300x268.png 300w, https:\/\/rebub.u-bordeaux.fr\/wp-content\/uploads\/2023\/05\/XSL-768x687.png 768w\" sizes=\"(max-width: 1000px) 100vw, 1000px\" \/><\/figure>\n\n\n\n<h3 id=\"stoc-rediger-les-lettres\" class=\"wpig-heading\">R\u00e9diger les lettres<\/h3>\n\n\n\n<p>Aller dans <em>Configuration\/G\u00e9n\u00e9ral\/Lettres : Configuration de lettre<\/em> et ouvrir le mod\u00e8le <em>Lettre Notifications aux utilisateurs<\/em>. <\/p>\n\n\n\n<p>Dans la table des libell\u00e9s, le<em> letterName<\/em> et le <em>subject<\/em>, sont communs \u00e0 tous les mod\u00e8les, il faut donc penser \u00e0 les changer syst\u00e9matiquement. <\/p>\n\n\n\n<p>Rentrer votre texte au niveau des diff\u00e9rentes lignes d\u00e9di\u00e9es pour le mod\u00e8le. Attention les lignes ne sont pas dans l&rsquo;ordre num\u00e9rique. <\/p>\n\n\n\n<p>Dans l&rsquo;exemple ci-dessus, les lignes 1 \u00e0 3 sont d\u00e9di\u00e9es \u00e0 la premi\u00e8re lettre \u00ab\u00a0Fermeture spot &#8211; Demande de retours des documents\u00a0\u00bb, les lignes 4 et 5 sont d\u00e9di\u00e9es au mail \u00ab\u00a0Notify password change\u00a0\u00bb. <\/p>\n\n\n\n<p>Penser \u00e0 enregistrer.<\/p>\n\n\n\n<figure class=\"wp-block-image size-large\"><img decoding=\"async\" loading=\"lazy\" width=\"1024\" height=\"663\" src=\"https:\/\/rebub.u-bordeaux.fr\/wp-content\/uploads\/2023\/05\/Table-libelles-1024x663.png\" alt=\"\" class=\"wp-image-16077\" srcset=\"https:\/\/rebub.u-bordeaux.fr\/wp-content\/uploads\/2023\/05\/Table-libelles-1024x663.png 1024w, https:\/\/rebub.u-bordeaux.fr\/wp-content\/uploads\/2023\/05\/Table-libelles-300x194.png 300w, https:\/\/rebub.u-bordeaux.fr\/wp-content\/uploads\/2023\/05\/Table-libelles-768x497.png 768w, https:\/\/rebub.u-bordeaux.fr\/wp-content\/uploads\/2023\/05\/Table-libelles.png 1269w\" sizes=\"(max-width: 1024px) 100vw, 1024px\" \/><\/figure>\n\n\n\n<h3 id=\"stoc-creer-un-jeu-dutilisateurs\" class=\"wpig-heading\">Cr\u00e9er un jeu d&rsquo;utilisateurs<\/h3>\n\n\n\n<p>A partir d&rsquo;une recherche, ou du menu <em>Admin\/G\u00e9rer les jeux<\/em>, cr\u00e9er un jeu d&rsquo;utilisateur exemplaris\u00e9 ou logique. Le jeu d&rsquo;utilisateurs peut aussi \u00eatre import\u00e9 depuis Analytics. <\/p>\n\n\n\n<p>Pour tester le mail, il est possible de cr\u00e9er un jeu avec seulement son propre compte. <\/p>\n\n\n\n<h3 id=\"stoc-executer-le-traitement\" class=\"wpig-heading\">Ex\u00e9cuter le traitement<\/h3>\n\n\n\n<p>Aller dans <em>Admin\/Ex\u00e9cuter un traitement<\/em>. Le traitement est de type Utilisateurs et s&rsquo;appelle <em>Mettre \u00e0 jour\/Notifier Utilisateurs<\/em>. <\/p>\n\n\n\n<figure class=\"wp-block-image size-large\"><img decoding=\"async\" loading=\"lazy\" width=\"1024\" height=\"196\" src=\"https:\/\/rebub.u-bordeaux.fr\/wp-content\/uploads\/2023\/05\/Executer-un-traitement-Selectionner-un-traitement-a-executer1-1024x196.png\" alt=\"\" class=\"wp-image-16080\" srcset=\"https:\/\/rebub.u-bordeaux.fr\/wp-content\/uploads\/2023\/05\/Executer-un-traitement-Selectionner-un-traitement-a-executer1-1024x196.png 1024w, https:\/\/rebub.u-bordeaux.fr\/wp-content\/uploads\/2023\/05\/Executer-un-traitement-Selectionner-un-traitement-a-executer1-300x57.png 300w, https:\/\/rebub.u-bordeaux.fr\/wp-content\/uploads\/2023\/05\/Executer-un-traitement-Selectionner-un-traitement-a-executer1-768x147.png 768w, https:\/\/rebub.u-bordeaux.fr\/wp-content\/uploads\/2023\/05\/Executer-un-traitement-Selectionner-un-traitement-a-executer1.png 1262w\" sizes=\"(max-width: 1024px) 100vw, 1024px\" \/><\/figure>\n\n\n\n<p>S\u00e9lectionner un jeu d&rsquo;utilisateurs<\/p>\n\n\n\n<figure class=\"wp-block-image size-large\"><img decoding=\"async\" loading=\"lazy\" width=\"1024\" height=\"215\" src=\"https:\/\/rebub.u-bordeaux.fr\/wp-content\/uploads\/2023\/05\/Executer-un-traitement-Selectionner-un-jeu1-1024x215.png\" alt=\"\" class=\"wp-image-16081\" srcset=\"https:\/\/rebub.u-bordeaux.fr\/wp-content\/uploads\/2023\/05\/Executer-un-traitement-Selectionner-un-jeu1-1024x215.png 1024w, https:\/\/rebub.u-bordeaux.fr\/wp-content\/uploads\/2023\/05\/Executer-un-traitement-Selectionner-un-jeu1-300x63.png 300w, https:\/\/rebub.u-bordeaux.fr\/wp-content\/uploads\/2023\/05\/Executer-un-traitement-Selectionner-un-jeu1-768x161.png 768w, https:\/\/rebub.u-bordeaux.fr\/wp-content\/uploads\/2023\/05\/Executer-un-traitement-Selectionner-un-jeu1.png 1262w\" sizes=\"(max-width: 1024px) 100vw, 1024px\" \/><\/figure>\n\n\n\n<p>Cocher la case <em>Envoyer la notification \u00e0 l&rsquo;utilisateur<\/em> et s\u00e9lectionner dans le menu d\u00e9roulant le type de lettre<\/p>\n\n\n\n<figure class=\"wp-block-image size-large\"><img decoding=\"async\" loading=\"lazy\" width=\"1024\" height=\"391\" src=\"https:\/\/rebub.u-bordeaux.fr\/wp-content\/uploads\/2023\/05\/Executer-un-traitement-Entrer-les-parametres-de-la-tache-1024x391.png\" alt=\"\" class=\"wp-image-16082\" srcset=\"https:\/\/rebub.u-bordeaux.fr\/wp-content\/uploads\/2023\/05\/Executer-un-traitement-Entrer-les-parametres-de-la-tache-1024x391.png 1024w, https:\/\/rebub.u-bordeaux.fr\/wp-content\/uploads\/2023\/05\/Executer-un-traitement-Entrer-les-parametres-de-la-tache-300x115.png 300w, https:\/\/rebub.u-bordeaux.fr\/wp-content\/uploads\/2023\/05\/Executer-un-traitement-Entrer-les-parametres-de-la-tache-768x293.png 768w, https:\/\/rebub.u-bordeaux.fr\/wp-content\/uploads\/2023\/05\/Executer-un-traitement-Entrer-les-parametres-de-la-tache.png 1260w\" sizes=\"(max-width: 1024px) 100vw, 1024px\" \/><\/figure>\n\n\n\n<p>V\u00e9rifier les informations et cliquer sur <em>Soumettre<\/em><\/p>\n\n\n\n<h3 id=\"stoc-documentation\" class=\"wpig-heading\">Documentation<\/h3>\n\n\n\n<p><a href=\"https:\/\/answers.library.losrios.edu\/lrcq\/faq\/338222\">https:\/\/answers.library.losrios.edu\/lrcq\/faq\/338222<\/a><\/p>\n\n\n\n<p><a href=\"https:\/\/knowledge.exlibrisgroup.com\/Alma\/Product_Documentation\/010Alma_Online_Help_(English)\/050Administration\/040Configuring_User_Management\/070Configuring_User_Notification_Types\">https:\/\/knowledge.exlibrisgroup.com\/Alma\/Product_Documentation\/010Alma_Online_Help_(English)\/050Administration\/040Configuring_User_Management\/070Configuring_User_Notification_Types<\/a><\/p>\n\n\n\n<div class=\"is-layout-flex wp-container-6 wp-block-columns bord-bloc-reutilisable has-background\" style=\"background-color:#d9edf7\">\n<div class=\"is-layout-flow wp-block-column is-vertically-aligned-center\" style=\"font-size:15px;flex-basis:20%\">\n<p style=\"font-size:15px\"><strong>Date de publication<\/strong> <\/p>\n\n\n<div style=\"font-size:15px;\" class=\"wp-block-post-date\"><time datetime=\"2024-03-22T09:36:06+01:00\">22 mars 2024<\/time><\/div><\/div>\n\n\n\n<div class=\"is-layout-flow wp-block-column is-vertically-aligned-center\" style=\"font-size:15px;flex-basis:20%\">\n<p><strong>Mis \u00e0 jour le <\/strong><\/p>\n\n\n<div style=\"font-size:15px;\" class=\"wp-block-post-date\"><time datetime=\"2024-05-06T13:50:48+02:00\">6 mai 2024<\/time><\/div><\/div>\n\n\n\n<div class=\"is-layout-flow wp-block-column is-vertically-aligned-center\" style=\"font-size:15px;flex-basis:40%\">\n<p><\/p>\n\n\n\n<p><strong>Attention ! <\/strong>Certains \u00e9tablissements utilisent parfois de proc\u00e9dures compl\u00e9mentaires <\/p>\n<\/div>\n\n\n\n<div class=\"is-layout-flow wp-block-column is-vertically-aligned-center\" style=\"font-size:15px;flex-basis:25%\">\n<div class=\"is-horizontal is-content-justification-center is-layout-flex wp-container-4 wp-block-buttons alignfull has-custom-font-size\" style=\"font-size:16px\">\n<div class=\"wp-block-button has-custom-width wp-block-button__width-75 has-custom-font-size is-style-fill\" style=\"font-size:15px\"><a class=\"wp-block-button__link has-white-color has-text-color has-background wp-element-button\" href=\"mailto:scoop@u-bordeaux.fr\" style=\"border-radius:65px;background-color:#000000db\"><strong>Signaler une erreur<\/strong><\/a><\/div>\n<\/div>\n<\/div>\n<\/div>\n","protected":false},"excerpt":{"rendered":"<p>Table des mati\u00e8res[ Show ]Comment cr\u00e9er une lettre personnalis\u00e9e \u00e0 envoyer \u00e0 un jeu de lecteurs ?Configurer les mod\u00e8les de lettresR\u00e9diger les lettresCr\u00e9er un jeu d&rsquo;utilisateursEx\u00e9cuter le traitementDocumentationComment cr\u00e9er une lettre personnalis\u00e9e \u00e0 envoyer \u00e0 un jeu de lecteurs ?&#8230;<\/p>\n","protected":false},"author":81,"featured_media":0,"parent":18753,"menu_order":2,"comment_status":"closed","ping_status":"closed","template":"","meta":[],"post_mailing_queue_ids":[],"_links":{"self":[{"href":"https:\/\/rebub.u-bordeaux.fr\/index.php\/wp-json\/wp\/v2\/pages\/18789"}],"collection":[{"href":"https:\/\/rebub.u-bordeaux.fr\/index.php\/wp-json\/wp\/v2\/pages"}],"about":[{"href":"https:\/\/rebub.u-bordeaux.fr\/index.php\/wp-json\/wp\/v2\/types\/page"}],"author":[{"embeddable":true,"href":"https:\/\/rebub.u-bordeaux.fr\/index.php\/wp-json\/wp\/v2\/users\/81"}],"replies":[{"embeddable":true,"href":"https:\/\/rebub.u-bordeaux.fr\/index.php\/wp-json\/wp\/v2\/comments?post=18789"}],"version-history":[{"count":4,"href":"https:\/\/rebub.u-bordeaux.fr\/index.php\/wp-json\/wp\/v2\/pages\/18789\/revisions"}],"predecessor-version":[{"id":21003,"href":"https:\/\/rebub.u-bordeaux.fr\/index.php\/wp-json\/wp\/v2\/pages\/18789\/revisions\/21003"}],"up":[{"embeddable":true,"href":"https:\/\/rebub.u-bordeaux.fr\/index.php\/wp-json\/wp\/v2\/pages\/18753"}],"wp:attachment":[{"href":"https:\/\/rebub.u-bordeaux.fr\/index.php\/wp-json\/wp\/v2\/media?parent=18789"}],"curies":[{"name":"wp","href":"https:\/\/api.w.org\/{rel}","templated":true}]}}