	{"id":18791,"date":"2024-03-22T09:36:17","date_gmt":"2024-03-22T08:36:17","guid":{"rendered":"https:\/\/rebub.u-bordeaux.fr\/?page_id=18791"},"modified":"2024-05-06T13:58:00","modified_gmt":"2024-05-06T11:58:00","slug":"les-files-dimpressions","status":"publish","type":"page","link":"https:\/\/rebub.u-bordeaux.fr\/index.php\/alma\/configuration-administration\/services-aux-usagers\/mails-et-courriers\/les-files-dimpressions\/","title":{"rendered":"Les files d\u2019impressions"},"content":{"rendered":"<div id='wpig-floatingbar' class='wpig-floatingbar'><div id='wpig-switch-wrapper' class='wpig-switch-wrapper'><span id='wpig-floating-switch' class='wpig-floating-switch'><img src='https:\/\/rebub.u-bordeaux.fr\/wp-content\/plugins\/sticky-toc-advance-table-of-contents\/\\assets\\menu.png'><\/span><\/div><div id='wpig-contents' class='wpig-contents  wpig-sidebar-widget wpig-style-3'><span class='wpig-headline'>Table des mati\u00e8res<span><a data-action='show' class='wpig-btn-toggledisplay'>[ Show ]<\/a><\/span><\/span><!-- Table of Contents --><div id='wpig-table-of-content' class='wpig-table-of-content'><ol><li class='fonctionnement'><a href='#fonctionnement'>Fonctionnement<\/a><\/li><li class='configuration'><a href='#configuration'>Configuration<\/a><\/li><li class='automatisation'><a href='#automatisation'>Automatisation<\/a><\/li><\/ol><\/div><!-- END OF Table of Contents --><\/div><\/div><p><div id='wpig-contents' class='wpig-contents  wpig-sidebar-widget wpig-style-1'><span class='wpig-headline'>Table des mati\u00e8res<span><a data-action='show' class='wpig-btn-toggledisplay'>[ Show ]<\/a><\/span><\/span><!-- Table of Contents --><div id='wpig-table-of-content' class='wpig-table-of-content' ><ol><li class='fonctionnement'><a href='#fonctionnement'>Fonctionnement<\/a><\/li><li class='configuration'><a href='#configuration'>Configuration<\/a><\/li><li class='automatisation'><a href='#automatisation'>Automatisation<\/a><\/li><\/ol><\/div><!-- END OF Table of Contents --><\/div><\/p>\n<div class=\"level1\">\n<p>Il est possible de configurer une imprimante pour que les impressions ne soient pas directement envoy\u00e9e \u00e0 une adresse mail mais dirig\u00e9e vers une file d&rsquo;impression o\u00f9 l&rsquo;op\u00e9rateur pourra d\u00e9clencher l&rsquo;impression des courriers depuis son navigateur sur l&rsquo;imprimante configur\u00e9e pour son poste informatique.<\/p>\n<\/div>\n\n\n\n<h1 id=\"fonctionnement\" id=\"fonctionnement\" class=\"wpig-heading\">Fonctionnement<\/h1>\n\n\n\n<p><a rel=\"noreferrer noopener\" href=\"https:\/\/www.loom.com\/share\/55c6c528a0e14f039f754c5c804189c8\" target=\"_blank\">Voir la rapide d\u00e9mo vid\u00e9o<\/a><\/p>\n\n\n\n<p>Dans Admin&gt;Impressions&gt;Liste d&rsquo;attente des impressions, l&rsquo;utilisateur peut filtrer la liste des documents \u00e0 imprimer selon :<\/p>\n\n\n\n<ul>\n<li>l&rsquo;imprimante de destination (facette)<\/li>\n\n\n\n<li>la source de l&rsquo;impression (facette)<\/li>\n\n\n\n<li>le type de document \u00e0 imprimer<\/li>\n\n\n\n<li>le statut de l&rsquo;impression<\/li>\n<\/ul>\n\n\n\n<p>Il peut ensuite choisir d&rsquo;imprimer individuellement ou par lot les courriers.<\/p>\n\n\n\n<p>Il peut consulter le courrier avant son impression.<\/p>\n\n\n\n<h1 id=\"configuration\" id=\"configuration\" class=\"wpig-heading\">Configuration<\/h1>\n\n\n\n<div class=\"level1\">\n<figure><a href=\"http:\/\/rebub.u-bordeaux.fr\/wp-content\/uploads\/2021\/05\/conf_imprimante-1.png\" target=\"_blank\" rel=\"noopener noreferrer\"><img decoding=\"async\" loading=\"lazy\" class=\"aligncenter wp-image-11497 size-full\" src=\"http:\/\/rebub.u-bordeaux.fr\/wp-content\/uploads\/2021\/05\/conf_imprimante-1.png\" alt=\"\" width=\"1680\" height=\"925\" srcset=\"https:\/\/rebub.u-bordeaux.fr\/wp-content\/uploads\/2021\/05\/conf_imprimante-1.png 1680w, https:\/\/rebub.u-bordeaux.fr\/wp-content\/uploads\/2021\/05\/conf_imprimante-1-300x165.png 300w, https:\/\/rebub.u-bordeaux.fr\/wp-content\/uploads\/2021\/05\/conf_imprimante-1-1024x564.png 1024w, https:\/\/rebub.u-bordeaux.fr\/wp-content\/uploads\/2021\/05\/conf_imprimante-1-768x423.png 768w, https:\/\/rebub.u-bordeaux.fr\/wp-content\/uploads\/2021\/05\/conf_imprimante-1-1536x846.png 1536w\" sizes=\"(max-width: 1680px) 100vw, 1680px\" \/><\/a><\/figure><p><\/p>\n<p>Il suffit de cocher l&rsquo;option \u201cListe d&rsquo;attente d&rsquo;impression\u201d. Si le champ adresse email reste renseign\u00e9. Le syst\u00e8me enverra le document \u00e0 l&rsquo;adresse renseign\u00e9e et stockera une copie dans le gestionnaire d&rsquo;impression.<\/p>\n<\/div>\n\n\n\n<h1 id=\"automatisation\" id=\"automatisation\" class=\"wpig-heading\">Automatisation<\/h1>\n\n\n\n<p>Il est possible d&rsquo;automatiser l&rsquo;impression en installant un daemon d&rsquo;impression sur un poste connect\u00e9 \u00e0 l&rsquo;imprimante.<\/p>\n\n\n\n<p><a href=\"https:\/\/developers.exlibrisgroup.com\/appcenter\/alma-print-daemon\/\" target=\"_blank\" rel=\"noreferrer noopener\">T\u00e9l\u00e9charger le daemon d&rsquo;impression pour Windows ou Mac<\/a>.<\/p>\n\n\n\n<p>Cette application demande en param\u00e8tre un clef d&rsquo;API ayant acc\u00e8s en lecture \u00e0 la configuration et en \u00e9criture \u00e0 la liste des t\u00e2ches. Une fois la clef enregistr\u00e9e, il suffira de s\u00e9lectionner l&rsquo;imrimante Alma pour laquelle on souhaite \u00e9couter la file d&rsquo;impression, s\u00e9lectionner une imprimante locale et d\u00e9finir une fr\u00e9quence de rafraichissement. Sur ce dernier point nous avons tester la valeur 0.3 pour toutes les 30 secondes cela semblait fonctionner.<\/p>\n\n\n<div class=\"wp-block-image\">\n<figure class=\"aligncenter\"><a href=\"http:\/\/rebub.u-bordeaux.fr\/wp-content\/uploads\/2021\/05\/apdconfig-1.png\" target=\"_blank\" rel=\"noreferrer noopener\"><img decoding=\"async\" loading=\"lazy\" width=\"794\" height=\"601\" src=\"http:\/\/rebub.u-bordeaux.fr\/wp-content\/uploads\/2021\/05\/apdconfig-1.png\" alt=\"\" class=\"wp-image-11499\" srcset=\"https:\/\/rebub.u-bordeaux.fr\/wp-content\/uploads\/2021\/05\/apdconfig-1.png 794w, https:\/\/rebub.u-bordeaux.fr\/wp-content\/uploads\/2021\/05\/apdconfig-1-300x227.png 300w, https:\/\/rebub.u-bordeaux.fr\/wp-content\/uploads\/2021\/05\/apdconfig-1-768x581.png 768w\" sizes=\"(max-width: 794px) 100vw, 794px\" \/><\/a><\/figure><\/div>\n\n\n<div class=\"is-layout-flex wp-container-6 wp-block-columns bord-bloc-reutilisable has-background\" style=\"background-color:#d9edf7\">\n<div class=\"is-layout-flow wp-block-column is-vertically-aligned-center\" style=\"font-size:15px;flex-basis:20%\">\n<p style=\"font-size:15px\"><strong>Date de publication<\/strong> <\/p>\n\n\n<div style=\"font-size:15px;\" class=\"wp-block-post-date\"><time datetime=\"2024-03-22T09:36:17+01:00\">22 mars 2024<\/time><\/div><\/div>\n\n\n\n<div class=\"is-layout-flow wp-block-column is-vertically-aligned-center\" style=\"font-size:15px;flex-basis:20%\">\n<p><strong>Mis \u00e0 jour le <\/strong><\/p>\n\n\n<div style=\"font-size:15px;\" class=\"wp-block-post-date\"><time datetime=\"2024-05-06T13:58:00+02:00\">6 mai 2024<\/time><\/div><\/div>\n\n\n\n<div class=\"is-layout-flow wp-block-column is-vertically-aligned-center\" style=\"font-size:15px;flex-basis:40%\">\n<p><\/p>\n\n\n\n<p><strong>Attention ! <\/strong>Certains \u00e9tablissements utilisent parfois de proc\u00e9dures compl\u00e9mentaires <\/p>\n<\/div>\n\n\n\n<div class=\"is-layout-flow wp-block-column is-vertically-aligned-center\" style=\"font-size:15px;flex-basis:25%\">\n<div class=\"is-horizontal is-content-justification-center is-layout-flex wp-container-4 wp-block-buttons alignfull has-custom-font-size\" style=\"font-size:16px\">\n<div class=\"wp-block-button has-custom-width wp-block-button__width-75 has-custom-font-size is-style-fill\" style=\"font-size:15px\"><a class=\"wp-block-button__link has-white-color has-text-color has-background wp-element-button\" href=\"mailto:scoop@u-bordeaux.fr\" style=\"border-radius:65px;background-color:#000000db\"><strong>Signaler une erreur<\/strong><\/a><\/div>\n<\/div>\n<\/div>\n<\/div>\n","protected":false},"excerpt":{"rendered":"<p>Table des mati\u00e8res[ Show ]FonctionnementConfigurationAutomatisation Il est possible de configurer une imprimante pour que les impressions ne soient pas directement envoy\u00e9e \u00e0 une adresse mail mais dirig\u00e9e vers une file d&rsquo;impression o\u00f9 l&rsquo;op\u00e9rateur pourra d\u00e9clencher l&rsquo;impression des courriers depuis son&#8230;<\/p>\n","protected":false},"author":46,"featured_media":0,"parent":18753,"menu_order":4,"comment_status":"closed","ping_status":"closed","template":"","meta":[],"post_mailing_queue_ids":[],"_links":{"self":[{"href":"https:\/\/rebub.u-bordeaux.fr\/index.php\/wp-json\/wp\/v2\/pages\/18791"}],"collection":[{"href":"https:\/\/rebub.u-bordeaux.fr\/index.php\/wp-json\/wp\/v2\/pages"}],"about":[{"href":"https:\/\/rebub.u-bordeaux.fr\/index.php\/wp-json\/wp\/v2\/types\/page"}],"author":[{"embeddable":true,"href":"https:\/\/rebub.u-bordeaux.fr\/index.php\/wp-json\/wp\/v2\/users\/46"}],"replies":[{"embeddable":true,"href":"https:\/\/rebub.u-bordeaux.fr\/index.php\/wp-json\/wp\/v2\/comments?post=18791"}],"version-history":[{"count":3,"href":"https:\/\/rebub.u-bordeaux.fr\/index.php\/wp-json\/wp\/v2\/pages\/18791\/revisions"}],"predecessor-version":[{"id":21007,"href":"https:\/\/rebub.u-bordeaux.fr\/index.php\/wp-json\/wp\/v2\/pages\/18791\/revisions\/21007"}],"up":[{"embeddable":true,"href":"https:\/\/rebub.u-bordeaux.fr\/index.php\/wp-json\/wp\/v2\/pages\/18753"}],"wp:attachment":[{"href":"https:\/\/rebub.u-bordeaux.fr\/index.php\/wp-json\/wp\/v2\/media?parent=18791"}],"curies":[{"name":"wp","href":"https:\/\/api.w.org\/{rel}","templated":true}]}}