	{"id":18811,"date":"2024-03-22T09:35:39","date_gmt":"2024-03-22T08:35:39","guid":{"rendered":"https:\/\/rebub.u-bordeaux.fr\/?page_id=18811"},"modified":"2024-05-06T13:08:13","modified_gmt":"2024-05-06T11:08:13","slug":"conditions-dutilisation","status":"publish","type":"page","link":"https:\/\/rebub.u-bordeaux.fr\/index.php\/alma\/configuration-administration\/services-aux-usagers\/pret-retour\/conditions-dutilisation\/","title":{"rendered":"Conditions d\u2019utilisation"},"content":{"rendered":"<div id='wpig-floatingbar' class='wpig-floatingbar'><div id='wpig-switch-wrapper' class='wpig-switch-wrapper'><span id='wpig-floating-switch' class='wpig-floating-switch'><img src='https:\/\/rebub.u-bordeaux.fr\/wp-content\/plugins\/sticky-toc-advance-table-of-contents\/\\assets\\menu.png'><\/span><\/div><div id='wpig-contents' class='wpig-contents  wpig-sidebar-widget wpig-style-3'><span class='wpig-headline'>Table des mati\u00e8res<span><a data-action='show' class='wpig-btn-toggledisplay'>[ Show ]<\/a><\/span><\/span><!-- Table of Contents --><div id='wpig-table-of-content' class='wpig-table-of-content'><ol><li class='configuration_avancee_des_regles'><a href='#configuration_avancee_des_regles'>Configuration avanc\u00e9e des r\u00e8gles<\/a><\/li><li class='configuration_des_conditions_d_utilisation'><a href='#configuration_des_conditions_d_utilisation'>Configuration des conditions d&rsquo;utilisation<\/a><\/li><li class='definition_des_regles_des_unites_de_services_aux_usagers'><a href='#definition_des_regles_des_unites_de_services_aux_usagers'>D\u00e9finition des r\u00e8gles des unit\u00e9s de services aux usagers<\/a><ol><li class='configuration_des_regles_de_pret'><a href='#configuration_des_regles_de_pret'>Configuration des r\u00e8gles de pr\u00eat<\/a><\/li><\/ol><\/li><\/div><!-- END OF Table of Contents --><\/div><\/div><p><div id='wpig-contents' class='wpig-contents  wpig-sidebar-widget wpig-style-1'><span class='wpig-headline'>Table des mati\u00e8res<span><a data-action='show' class='wpig-btn-toggledisplay'>[ Show ]<\/a><\/span><\/span><!-- Table of Contents --><div id='wpig-table-of-content' class='wpig-table-of-content' ><ol><li class='configuration_avancee_des_regles'><a href='#configuration_avancee_des_regles'>Configuration avanc\u00e9e des r\u00e8gles<\/a><\/li><li class='configuration_des_conditions_d_utilisation'><a href='#configuration_des_conditions_d_utilisation'>Configuration des conditions d&rsquo;utilisation<\/a><\/li><li class='definition_des_regles_des_unites_de_services_aux_usagers'><a href='#definition_des_regles_des_unites_de_services_aux_usagers'>D\u00e9finition des r\u00e8gles des unit\u00e9s de services aux usagers<\/a><ol><li class='configuration_des_regles_de_pret'><a href='#configuration_des_regles_de_pret'>Configuration des r\u00e8gles de pr\u00eat<\/a><\/li><\/ol><\/li><\/div><!-- END OF Table of Contents --><\/div><\/p>\n<div class=\"is-layout-flex wp-container-3 wp-block-columns bord-bloc-reutilisable has-background\" style=\"background-color:#ffeec2\">\n<div class=\"is-layout-flow wp-block-column is-vertically-aligned-center\" style=\"flex-basis:7%\">\n<figure class=\"wp-block-image alignfull size-full is-style-default\"><img decoding=\"async\" loading=\"lazy\" width=\"512\" height=\"512\" src=\"https:\/\/rebub.u-bordeaux.fr\/wp-content\/uploads\/2024\/04\/nouvelles-idees-en-cours.png\" alt=\"\" class=\"wp-image-19897\" srcset=\"https:\/\/rebub.u-bordeaux.fr\/wp-content\/uploads\/2024\/04\/nouvelles-idees-en-cours.png 512w, https:\/\/rebub.u-bordeaux.fr\/wp-content\/uploads\/2024\/04\/nouvelles-idees-en-cours-300x300.png 300w, https:\/\/rebub.u-bordeaux.fr\/wp-content\/uploads\/2024\/04\/nouvelles-idees-en-cours-150x150.png 150w\" sizes=\"(max-width: 512px) 100vw, 512px\" \/><\/figure>\n<\/div>\n\n\n\n<div class=\"is-layout-flow wp-block-column is-vertically-aligned-center\" style=\"flex-basis:85%\">\n<p><strong>D\u00e9finition :<\/strong> les conditions d&rsquo;utilisation concernent les diff\u00e9rents services rendus aux publics ; il existe des conditions pour les pr\u00eat, les demandes, la num\u00e9risation. Ce sont ces r\u00e8gles qui sont attribu\u00e9es aux <a rel=\"noreferrer noopener\" href=\"http:\/\/rebub.u-bordeaux.fr\/?page_id=11065\" target=\"_blank\">Unit\u00e9s de service aux usagers<\/a>, avec toutes les exceptions n\u00e9cessaires par biblioth\u00e8que, <a rel=\"noreferrer noopener\" href=\"http:\/\/rebub.u-bordeaux.fr\/?page_id=11085\" target=\"_blank\">groupe d&rsquo;utilisateurs<\/a>, <a rel=\"noreferrer noopener\" href=\"http:\/\/rebub.u-bordeaux.fr\/?page_id=11051\" target=\"_blank\">types d&rsquo;exemplaires<\/a>.<\/p>\n<\/div>\n<\/div>\n\n\n\n<p>En conformit\u00e9 avec la d\u00e9finition d&rsquo;un p\u00e9rim\u00e8tre commun de d\u00e9finition des r\u00e8gles de pr\u00eat et de communication, une liste des conditions d&rsquo;utilisation est d\u00e9finie.<\/p>\n\n\n\n<div class=\"is-layout-constrained wp-block-group bord-bloc-reutilisable\"><div class=\"wp-block-group__inner-container\">\n<div class=\"is-layout-flex wp-container-6 wp-block-columns alignfull bord-bloc-reutilisable has-background\" style=\"background-color:#ff303047\">\n<div class=\"is-layout-flow wp-block-column is-vertically-aligned-center\" style=\"flex-basis:7%\">\n<figure class=\"wp-block-image alignfull size-full\"><img decoding=\"async\" loading=\"lazy\" width=\"512\" height=\"512\" src=\"https:\/\/rebub.u-bordeaux.fr\/wp-content\/uploads\/2024\/04\/point-dexclamation.png\" alt=\"\" class=\"wp-image-19898\" srcset=\"https:\/\/rebub.u-bordeaux.fr\/wp-content\/uploads\/2024\/04\/point-dexclamation.png 512w, https:\/\/rebub.u-bordeaux.fr\/wp-content\/uploads\/2024\/04\/point-dexclamation-300x300.png 300w, https:\/\/rebub.u-bordeaux.fr\/wp-content\/uploads\/2024\/04\/point-dexclamation-150x150.png 150w\" sizes=\"(max-width: 512px) 100vw, 512px\" \/><\/figure>\n<\/div>\n\n\n\n<div class=\"is-layout-flow wp-block-column is-vertically-aligned-center\" style=\"flex-basis:85%\">\n<p><strong>Attention !<\/strong> Attention, les limites en volume de pr\u00eat ne sont pas d\u00e9finies par les conditions d&rsquo;utilisation, mais par les <a rel=\"noreferrer noopener\" href=\"http:\/\/rebub.u-bordeaux.fr\/?page_id=11053\" target=\"_blank\">Limites de pr\u00eat<\/a> des groupes usagers.<\/p>\n<\/div>\n<\/div>\n<\/div><\/div>\n\n\n\n<h2 id=\"configuration_avancee_des_regles\" id=\"configuration_avancee_des_regles\" class=\"wpig-heading\">Configuration avanc\u00e9e des r\u00e8gles<\/h2>\n\n\n\n<div class=\"level2\">\n<p><strong>Cette configuration est faite dans l&rsquo;institution R\u00e9seau et distribu\u00e9e dans les autres.<\/strong><\/p>\n<p>Les \u00e9l\u00e9ments \u201cavanc\u00e9s\u201d n\u00e9cessaires sont d&rsquo;abord d\u00e9finis afin de pouvoir cr\u00e9er des conditions d&rsquo;utilisation.<\/p>\n<p>Entre autres, les \u00e9l\u00e9ments suivants sont utilis\u00e9s:<\/p>\n<ul>\n<li class=\"li\">Est pr\u00eatable : empruntable \/ non empruntable \/ en salle de lecture uniquement<\/li>\n<li class=\"li\">Date de retour : dur\u00e9e de pr\u00eat en jours \/ semaines \/ mois <strong>NB : c&rsquo;est le champ \u201cDescription\u201d de ce param\u00e8tre, qui est affich\u00e9 dans Primo pour indiquer la r\u00e8gle de pr\u00eat du document<\/strong><\/li>\n<li class=\"li\">P\u00e9riode au rayon de r\u00e9servations : dur\u00e9e de conservation d&rsquo;un document ayant fait l&rsquo;objet d&rsquo;une demande et en attente de retrait par le demandeur (\u00e0 utiliser dans les conditions d&rsquo;utilisations de demande)<\/li>\n<li class=\"li\">P\u00e9riode de gr\u00e2ce : le d\u00e9lai de gr\u00e2ce est de 1 jour.<\/li>\n<li class=\"li\">Blocage en cas de retard : la suspension de pr\u00eat appliqu\u00e9e est d&rsquo;un jour calendaire par jour de retard ouvr\u00e9; avec application de la dur\u00e9e la plus longue en cas de retard pour plusieurs documents.<\/li>\n<li class=\"li\">Est renouvelable : le renouvellement n&rsquo;est pas autoris\u00e9 pour les pr\u00eats soir et we, ni pour les pr\u00eats limit\u00e9s. (Il n&rsquo;est pas non plus possible de renouveler un document r\u00e9serv\u00e9 par un autre usager mais ce blocage n&rsquo;est pas d\u00e9fini via les conditions d&rsquo;utilisation).<\/li>\n<li class=\"li\">P\u00e9riode de renouvellement de pr\u00eat maximum : dur\u00e9e de pr\u00eat maximum apr\u00e8s renouvellement (appliqu\u00e9e apr\u00e8s recalcul de la date de retour). Le dur\u00e9e de pr\u00eat suppl\u00e9mentaire est de 1 semaine. NB : cette p\u00e9riode maximum est calcul\u00e9e en jours pour les dur\u00e9es initiales calcul\u00e9es en mois ( 38 jours maximum pour le pr\u00eat de 1 mois renouvel\u00e9 &#8211; 69 jours maximum pour le pr\u00eat de 2 mois renouvel\u00e9)<\/li>\n<\/ul>\n<\/div>\n\n\n\n<h2 id=\"configuration_des_conditions_d_utilisation\" id=\"configuration_des_conditions_d_utilisation\" class=\"wpig-heading\">Configuration des conditions d&rsquo;utilisation<\/h2>\n\n\n\n<div class=\"level2\">\n<p>Une fois les r\u00e8gles avanc\u00e9es configur\u00e9es, les conditions d&rsquo;utilisation sont cr\u00e9\u00e9es. Les conditions d&rsquo;utilisation sont \u00e9galement configur\u00e9es dans l&rsquo;institution R\u00e9seau et distribu\u00e9es dans les autres.<\/p>\n<div class=\"table-responsive\">\n<table class=\"inline table table-striped table-condensed\">\n<thead>\n<tr class=\"row0\">\n<th class=\"col0 leftalign\">Nom de la condition d&rsquo;utilisation<\/th>\n<th class=\"col1 leftalign\">Date de retour<\/th>\n<th class=\"col2 leftalign\">Est pr\u00eatable<\/th>\n<th class=\"col3 leftalign\">Renouvelable<\/th>\n<th class=\"col4 leftalign\">P\u00e9riode de renouvellement de pr\u00eat maximum<\/th>\n<\/tr>\n<\/thead>\n<tbody>\n<tr class=\"row1\">\n<td class=\"col0 leftalign\">Default loan rule<\/td>\n<td class=\"col1 leftalign\">Pr\u00eat 2 semaines<\/td>\n<td class=\"col2 leftalign\">Empruntable<\/td>\n<td class=\"col3 leftalign\">OUI<\/td>\n<td class=\"col4 leftalign\">Renouvelable 1 semaine pour 2 semaines de pr\u00eat<\/td>\n<\/tr>\n<tr class=\"row2\">\n<td class=\"col0 leftalign\">Non consultable<\/td>\n<td class=\"col1 leftalign\">NA<\/td>\n<td class=\"col2 leftalign\">Non empruntable<\/td>\n<td class=\"col3 leftalign\">NA<\/td>\n<td class=\"col4 leftalign\">NA<\/td>\n<\/tr>\n<tr class=\"row3\">\n<td class=\"col0 leftalign\">Exclus du pr\u00eat<\/td>\n<td class=\"col1 leftalign\">Consultation sur place uniquement<\/td>\n<td class=\"col2 centeralign\">Pr\u00eat en salle de lecture uniquement<\/td>\n<td class=\"col3 leftalign\">NON<\/td>\n<td class=\"col4 leftalign\">NA<\/td>\n<\/tr>\n<tr class=\"row4\">\n<td class=\"col0 leftalign\">Exclus du pr\u00eat &#8211; soir et week-end<\/td>\n<td class=\"col1 leftalign\">Pr\u00eat soir et week-end<\/td>\n<td class=\"col2 leftalign\">Empruntable<\/td>\n<td class=\"col3 leftalign\">NON<\/td>\n<td class=\"col4 leftalign\">NA<\/td>\n<\/tr>\n<tr class=\"row5\">\n<td class=\"col0 leftalign\">Pr\u00eat 1 semaine<\/td>\n<td class=\"col1 leftalign\">Pr\u00eat 1 semaine<\/td>\n<td class=\"col2 leftalign\">Empruntable<\/td>\n<td class=\"col3 leftalign\">OUI<\/td>\n<td class=\"col4 leftalign\">Renouvelable 1 semaine pour 1 semaine de pr\u00eat*<\/td>\n<\/tr>\n<tr class=\"row6\">\n<td class=\"col0 leftalign\">Pr\u00eat 2 semaines non renouvelable<\/td>\n<td class=\"col1 leftalign\">Pr\u00eat 2 semaines<\/td>\n<td class=\"col2 leftalign\">Empruntable<\/td>\n<td class=\"col3 leftalign\">NON<\/td>\n<td class=\"col4 leftalign\">NA<\/td>\n<\/tr>\n<tr class=\"row7\">\n<td class=\"col0 leftalign\">Pr\u00eat 3 semaines<\/td>\n<td class=\"col1 leftalign\">Pr\u00eat 3 semaines<\/td>\n<td class=\"col2 leftalign\">Empruntable<\/td>\n<td class=\"col3 leftalign\">OUI<\/td>\n<td class=\"col4 leftalign\">Renouvelable 1 semaine pour 3 semaines de pr\u00eat*<\/td>\n<\/tr>\n<tr class=\"row8\">\n<td class=\"col0 leftalign\">Pr\u00eat 1 mois<\/td>\n<td class=\"col1 leftalign\">Pr\u00eat 1 mois<\/td>\n<td class=\"col2 leftalign\">Empruntable<\/td>\n<td class=\"col3 leftalign\">OUI<\/td>\n<td class=\"col4 leftalign\">Renouvelable 1 semaine pour 1 mois de pr\u00eat*<\/td>\n<\/tr>\n<tr class=\"row9\">\n<td class=\"col0 leftalign\">Pr\u00eat 2 mois<\/td>\n<td class=\"col1 leftalign\">Pr\u00eat 2 mois<\/td>\n<td class=\"col2 leftalign\">Empruntable<\/td>\n<td class=\"col3 leftalign\">OUI<\/td>\n<td class=\"col4 leftalign\">Renouvelable 1 semaine pour 2 mois de pr\u00eat*<\/td>\n<\/tr>\n<tr class=\"row10\">\n<td class=\"col0 leftalign\">Pr\u00eat 1 an<\/td>\n<td class=\"col1 leftalign\">Pr\u00eat 1 an<\/td>\n<td class=\"col2 leftalign\">Empruntable<\/td>\n<td class=\"col3 leftalign\">OUI<\/td>\n<td class=\"col4 leftalign\">&nbsp;<\/td>\n<\/tr>\n<tr class=\"row11\">\n<td class=\"col0 leftalign\">Pr\u00eat soumis \u00e0 conditions<\/td>\n<td class=\"col1 leftalign\">Sous conditions<\/td>\n<td class=\"col2 leftalign\">Empruntable<\/td>\n<td class=\"col3 leftalign\">OUI<\/td>\n<td class=\"col4 leftalign\">&nbsp;<\/td>\n<\/tr>\n<\/tbody>\n<\/table>\n<\/div>\n<p>* Pour l&rsquo;UB: Renouvelable 2 semaines<\/p>\n<\/div>\n\n\n\n<h2 id=\"definition_des_regles_des_unites_de_services_aux_usagers\" id=\"definition_des_regles_des_unites_de_services_aux_usagers\" class=\"wpig-heading\">D\u00e9finition des r\u00e8gles des unit\u00e9s de services aux usagers<\/h2>\n\n\n\n<div class=\"level2\">\n<p><strong>Toutes les unit\u00e9s de services font d&rsquo;abord appel aux r\u00e8gles de l&rsquo;unit\u00e9 de service COMMUN d\u00e9finie dans l&rsquo;institution R\u00e9seau, ce qui permet d&rsquo;appliquer des conditions d&rsquo;utilisations identiques dans toutes les institutions pour certains cas.<\/strong><\/p>\n<p>Pour chaque unit\u00e9 de service, 3 types de r\u00e8gles existent : pr\u00eat, demande et r\u00e9servation planifi\u00e9e.<\/p>\n<p>Dans l&rsquo;unit\u00e9 de service, pour chaque type de r\u00e8gle, est \u00e9tablie une liste d\u00e9crivant les diff\u00e9rentes conditions d&rsquo;utilisation possibles en fonction des crit\u00e8res tels que groupe de l&rsquo;usager, exception de circulation, localisation, type de mat\u00e9riel \u2026 Afin de d\u00e9terminer la condition d&rsquo;utilisation d&rsquo;un exemplaire pour un usager donn\u00e9, la liste est lue de haut en bas : c&rsquo;est la premi\u00e8re r\u00e8gle correspondante qui est appliqu\u00e9e.<\/p>\n<\/div>\n\n\n\n<h3 id=\"configuration_des_regles_de_pret\" id=\"configuration_des_regles_de_pret\" class=\"wpig-heading\">Configuration des r\u00e8gles de pr\u00eat<\/h3>\n\n\n\n<div class=\"level3\">\n<p>Dans l&rsquo;unit\u00e9 de service <strong>COMMUN<\/strong> qui est d\u00e9finie dans l&rsquo;institution R\u00e9seau, les cas communs \u00e0 toutes les institutions sont d\u00e9finis :<\/p>\n<ul>\n<li class=\"li\">pour les groupes d&rsquo;usagers suivants :\n<ul>\n<li class=\"li\"><em>lecteurs non-inscrits<\/em> : condition d&rsquo;utilisation \u201cExclus du pr\u00eat\u201d<\/li>\n<li class=\"li\"><em>comptes sp\u00e9ciaux<\/em> : condition d&rsquo;utilisation \u201cPr\u00eat 1 an\u201d<\/li>\n<\/ul>\n<\/li>\n<li class=\"li\">pour les exceptions de circulation suivantes :\n<ul>\n<li class=\"li\"><em>sp\u00e9cial &#8211; cas particulier \u00e0 ajuster<\/em> : condition d&rsquo;utilisation \u201cPr\u00eat soumis \u00e0 conditions\u201d<\/li>\n<li class=\"li\"><em>non consultable<\/em> : condition d&rsquo;utilisation \u201cNon consultable\u201d<\/li>\n<li class=\"li\"><em>consultation sur place uniquement<\/em> : condition d&rsquo;utilisation \u201cExclus du pr\u00eat\u201d<\/li>\n<li class=\"li\"><em>empruntable soir et week-end <\/em>: condition d&rsquo;utilisation \u201cExclus du pr\u00eat &#8211; soir et week-end\u201d<\/li>\n<li class=\"li\"><em>consultation soumise \u00e0 condition<\/em>: condition d&rsquo;utilisation \u201cExclus du pr\u00eat\u201d<\/li>\n<\/ul>\n<\/li>\n<li class=\"li\">les pr\u00eats soir et week-end des \u00e9l\u00e8ves de 2e et 3e ann\u00e9e de BXSA (ils sont bloqu\u00e9s) : condition d&rsquo;utilisation \u201cExclus du pr\u00eat\u201d<\/li>\n<\/ul>\n<p>Les r\u00e8gles de l&rsquo;unit\u00e9 COMMUN sont appliqu\u00e9es avant les r\u00e8gles sp\u00e9cifiques aux unit\u00e9s de service dans chaque institution.<\/p>\n<p>Dans les unit\u00e9s de services au niveau de chaque institution, les r\u00e8gles de pr\u00eat tiennent compte des exceptions de circulation \u201cEmpruntable\u201d ou \u201cEmpruntable limit\u00e9\u201d port\u00e9es par les documents:<\/p>\n<div class=\"table-responsive\">\n<table class=\"inline table table-striped table-condensed\">\n<tbody>\n<tr class=\"row0\">\n<td class=\"col0 leftalign\"><strong>Unit\u00e9 de service<\/strong><\/td>\n<td class=\"col1 leftalign\"><strong>R\u00e8gle de pr\u00eat<\/strong><\/td>\n<td class=\"col2 leftalign\"><strong>Exception de circulation correspondante<\/strong><\/td>\n<td class=\"col3\">&nbsp;<\/td>\n<\/tr>\n<tr class=\"row1\">\n<td class=\"col0 leftalign\">DOCLIBRE-3 \/ libre-acc\u00e8s<\/td>\n<td class=\"col1 leftalign\">Pr\u00eat<\/td>\n<td class=\"col2 leftalign\">Empruntable<\/td>\n<td class=\"col3\">&nbsp;<\/td>\n<\/tr>\n<tr class=\"row2\">\n<td class=\"col0 leftalign\">MAGASIN-3\/ magasin<\/td>\n<td class=\"col1 leftalign\">Pr\u00eat<\/td>\n<td class=\"col2 leftalign\">Empruntable<\/td>\n<td class=\"col3\">&nbsp;<\/td>\n<\/tr>\n<tr class=\"row3\">\n<td class=\"col0 leftalign\">DOCLIBRE-2 \/ libre-acc\u00e8s \u00e0 limitation<\/td>\n<td class=\"col1 leftalign\">Pr\u00eat limit\u00e9<\/td>\n<td class=\"col2 leftalign\">Empruntable limit\u00e9<\/td>\n<td class=\"col3\">&nbsp;<\/td>\n<\/tr>\n<tr class=\"row4\">\n<td class=\"col0 leftalign\">MAGASIN-2 \/ magasin \u00e0 limitation<\/td>\n<td class=\"col1 leftalign\">Pr\u00eat limit\u00e9<\/td>\n<td class=\"col2 leftalign\">Empruntable limit\u00e9<\/td>\n<td class=\"col3\">&nbsp;<\/td>\n<\/tr>\n<tr class=\"row5\">\n<td class=\"col0 leftalign\">DOCLIBRE-1 \/ libre-acc\u00e8s de consultation<\/td>\n<td class=\"col1 leftalign\">\u201cPr\u00eat sur place uniquement\u201d<\/td>\n<td class=\"col2 leftalign\">Consultation sur place uniquement<\/td>\n<td class=\"col3\">&nbsp;<\/td>\n<\/tr>\n<tr class=\"row6\">\n<td class=\"col0 leftalign\">MAGASIN-5 \/ magasin exclus du pr\u00eat<\/td>\n<td class=\"col1 leftalign\">\u201cPr\u00eat sur place uniquement\u201d<\/td>\n<td class=\"col2 leftalign\">Consultation sur place uniquement<\/td>\n<td class=\"col3\">&nbsp;<\/td>\n<\/tr>\n<tr class=\"row7\">\n<td class=\"col0 leftalign\">MAGASIN-1 \/ r\u00e9serve<\/td>\n<td class=\"col1 leftalign\">\u201cPr\u00eat sur place uniquement\u201d<\/td>\n<td class=\"col2 leftalign\">Consultation sur place uniquement<\/td>\n<td class=\"col3\">&nbsp;<\/td>\n<\/tr>\n<tr class=\"row8\">\n<td class=\"col0 leftalign\">INTERNE-1 \/ service interne<\/td>\n<td class=\"col1 leftalign\">\u201cExclus du pr\u00eat\u201d aux \u00e9tudiants et lecteurs ext\u00e9rieurs<\/td>\n<td class=\"col2 leftalign\">Empruntable<br>Empruntable limit\u00e9 par les enseignants et personnel<\/td>\n<td class=\"col3 leftalign\">&nbsp;<\/td>\n<\/tr>\n<tr class=\"row9\">\n<td class=\"col0 leftalign\">INTERNE-2 \/ d\u00e9p\u00f4t enseignant<\/td>\n<td class=\"col1 leftalign\">\u201cExclus du pr\u00eat\u201d<\/td>\n<\/tr>\n<\/tbody>\n<\/table>\n<\/div>\n<\/div>\n\n\n\n<div class=\"is-layout-flex wp-container-13 wp-block-columns bord-bloc-reutilisable has-background\" style=\"background-color:#d9edf7\">\n<div class=\"is-layout-flow wp-block-column is-vertically-aligned-center\" style=\"font-size:15px;flex-basis:20%\">\n<p style=\"font-size:15px\"><strong>Date de publication<\/strong> <\/p>\n\n\n<div style=\"font-size:15px;\" class=\"wp-block-post-date\"><time datetime=\"2024-03-22T09:35:39+01:00\">22 mars 2024<\/time><\/div><\/div>\n\n\n\n<div class=\"is-layout-flow wp-block-column is-vertically-aligned-center\" style=\"font-size:15px;flex-basis:20%\">\n<p><strong>Mis \u00e0 jour le <\/strong><\/p>\n\n\n<div style=\"font-size:15px;\" class=\"wp-block-post-date\"><time datetime=\"2024-05-06T13:08:13+02:00\">6 mai 2024<\/time><\/div><\/div>\n\n\n\n<div class=\"is-layout-flow wp-block-column is-vertically-aligned-center\" style=\"font-size:15px;flex-basis:40%\">\n<p><\/p>\n\n\n\n<p><strong>Attention ! <\/strong>Certains \u00e9tablissements utilisent parfois de proc\u00e9dures compl\u00e9mentaires <\/p>\n<\/div>\n\n\n\n<div class=\"is-layout-flow wp-block-column is-vertically-aligned-center\" style=\"font-size:15px;flex-basis:25%\">\n<div class=\"is-horizontal is-content-justification-center is-layout-flex wp-container-11 wp-block-buttons alignfull has-custom-font-size\" style=\"font-size:16px\">\n<div class=\"wp-block-button has-custom-width wp-block-button__width-75 has-custom-font-size is-style-fill\" style=\"font-size:15px\"><a class=\"wp-block-button__link has-white-color has-text-color has-background wp-element-button\" href=\"mailto:scoop@u-bordeaux.fr\" style=\"border-radius:65px;background-color:#000000db\"><strong>Signaler une erreur<\/strong><\/a><\/div>\n<\/div>\n<\/div>\n<\/div>\n","protected":false},"excerpt":{"rendered":"<p>Table des mati\u00e8res[ Show ]Configuration avanc\u00e9e des r\u00e8glesConfiguration des conditions d&rsquo;utilisationD\u00e9finition des r\u00e8gles des unit\u00e9s de services aux usagersConfiguration des r\u00e8gles de pr\u00eatD\u00e9finition : les conditions d&rsquo;utilisation concernent les diff\u00e9rents services rendus aux publics ; il existe des conditions pour&#8230;<\/p>\n","protected":false},"author":46,"featured_media":0,"parent":18751,"menu_order":2,"comment_status":"closed","ping_status":"closed","template":"","meta":[],"post_mailing_queue_ids":[],"_links":{"self":[{"href":"https:\/\/rebub.u-bordeaux.fr\/index.php\/wp-json\/wp\/v2\/pages\/18811"}],"collection":[{"href":"https:\/\/rebub.u-bordeaux.fr\/index.php\/wp-json\/wp\/v2\/pages"}],"about":[{"href":"https:\/\/rebub.u-bordeaux.fr\/index.php\/wp-json\/wp\/v2\/types\/page"}],"author":[{"embeddable":true,"href":"https:\/\/rebub.u-bordeaux.fr\/index.php\/wp-json\/wp\/v2\/users\/46"}],"replies":[{"embeddable":true,"href":"https:\/\/rebub.u-bordeaux.fr\/index.php\/wp-json\/wp\/v2\/comments?post=18811"}],"version-history":[{"count":3,"href":"https:\/\/rebub.u-bordeaux.fr\/index.php\/wp-json\/wp\/v2\/pages\/18811\/revisions"}],"predecessor-version":[{"id":20951,"href":"https:\/\/rebub.u-bordeaux.fr\/index.php\/wp-json\/wp\/v2\/pages\/18811\/revisions\/20951"}],"up":[{"embeddable":true,"href":"https:\/\/rebub.u-bordeaux.fr\/index.php\/wp-json\/wp\/v2\/pages\/18751"}],"wp:attachment":[{"href":"https:\/\/rebub.u-bordeaux.fr\/index.php\/wp-json\/wp\/v2\/media?parent=18811"}],"curies":[{"name":"wp","href":"https:\/\/api.w.org\/{rel}","templated":true}]}}