	{"id":18812,"date":"2024-03-22T09:35:38","date_gmt":"2024-03-22T08:35:38","guid":{"rendered":"https:\/\/rebub.u-bordeaux.fr\/?page_id=18812"},"modified":"2024-05-06T12:11:03","modified_gmt":"2024-05-06T10:11:03","slug":"unites-de-service-aux-usagers","status":"publish","type":"page","link":"https:\/\/rebub.u-bordeaux.fr\/index.php\/alma\/configuration-administration\/services-aux-usagers\/pret-retour\/unites-de-service-aux-usagers\/","title":{"rendered":"Unit\u00e9s de service aux usagers"},"content":{"rendered":"<div id='wpig-floatingbar' class='wpig-floatingbar'><div id='wpig-switch-wrapper' class='wpig-switch-wrapper'><span id='wpig-floating-switch' class='wpig-floating-switch'><img src='https:\/\/rebub.u-bordeaux.fr\/wp-content\/plugins\/sticky-toc-advance-table-of-contents\/\\assets\\menu.png'><\/span><\/div><div id='wpig-contents' class='wpig-contents  wpig-sidebar-widget wpig-style-3'><span class='wpig-headline'>Table des mati\u00e8res<span><a data-action='show' class='wpig-btn-toggledisplay'>[ Show ]<\/a><\/span><\/span><!-- Table of Contents --><div id='wpig-table-of-content' class='wpig-table-of-content'><ol><li class='utilisation_dans_alma'><a href='#utilisation_dans_alma'>Utilisation dans Alma<\/a><\/li><li class='responsabilite_du_parametre'><a href='#responsabilite_du_parametre'>Responsabilit\u00e9 du param\u00e8tre<\/a><\/li><li class='liste_des_unites_de_service_creees_dans_alma'><a href='#liste_des_unites_de_service_creees_dans_alma'>Liste des unit\u00e9s de service cr\u00e9\u00e9es dans Alma<\/a><\/li><\/ol><\/div><!-- END OF Table of Contents --><\/div><\/div><p><div id='wpig-contents' class='wpig-contents  wpig-sidebar-widget wpig-style-1'><span class='wpig-headline'>Table des mati\u00e8res<span><a data-action='show' class='wpig-btn-toggledisplay'>[ Show ]<\/a><\/span><\/span><!-- Table of Contents --><div id='wpig-table-of-content' class='wpig-table-of-content' ><ol><li class='utilisation_dans_alma'><a href='#utilisation_dans_alma'>Utilisation dans Alma<\/a><\/li><li class='responsabilite_du_parametre'><a href='#responsabilite_du_parametre'>Responsabilit\u00e9 du param\u00e8tre<\/a><\/li><li class='liste_des_unites_de_service_creees_dans_alma'><a href='#liste_des_unites_de_service_creees_dans_alma'>Liste des unit\u00e9s de service cr\u00e9\u00e9es dans Alma<\/a><\/li><\/ol><\/div><!-- END OF Table of Contents --><\/div><\/p>\n<div class=\"is-layout-flex wp-container-3 wp-block-columns bord-bloc-reutilisable has-background\" style=\"background-color:#ffeec2\">\n<div class=\"is-layout-flow wp-block-column is-vertically-aligned-center\" style=\"flex-basis:7%\">\n<figure class=\"wp-block-image alignfull size-full is-style-default\"><img decoding=\"async\" loading=\"lazy\" width=\"512\" height=\"512\" src=\"https:\/\/rebub.u-bordeaux.fr\/wp-content\/uploads\/2024\/04\/nouvelles-idees-en-cours.png\" alt=\"\" class=\"wp-image-19897\" srcset=\"https:\/\/rebub.u-bordeaux.fr\/wp-content\/uploads\/2024\/04\/nouvelles-idees-en-cours.png 512w, https:\/\/rebub.u-bordeaux.fr\/wp-content\/uploads\/2024\/04\/nouvelles-idees-en-cours-300x300.png 300w, https:\/\/rebub.u-bordeaux.fr\/wp-content\/uploads\/2024\/04\/nouvelles-idees-en-cours-150x150.png 150w\" sizes=\"(max-width: 512px) 100vw, 512px\" \/><\/figure>\n<\/div>\n\n\n\n<div class=\"is-layout-flow wp-block-column is-vertically-aligned-center\" style=\"flex-basis:85%\">\n<p><strong>D\u00e9finition<\/strong> : l&rsquo;unit\u00e9 de service aux usagers regroupe dans Alma les localisations de m\u00eame type qui appliquent des <a rel=\"noreferrer noopener\" href=\"http:\/\/rebub.u-bordeaux.fr\/?page_id=11058\" target=\"_blank\">r\u00e8gles de circulation<\/a> communes. C&rsquo;est l&rsquo;unit\u00e9 qui porte l&rsquo;ensemble des r\u00e8gles de circulation et des exceptions possibles. Il peut arriver que la mention &lsquo;type de localisation&rsquo; remplace l&rsquo;expression unit\u00e9 de service aux usagers.<\/p>\n<\/div>\n<\/div>\n\n\n\n<h2 id=\"utilisation_dans_alma\" id=\"utilisation_dans_alma\" class=\"wpig-heading\">Utilisation dans Alma<\/h2>\n\n\n\n<div class=\"level2\">\n<p>L&rsquo;unit\u00e9 de service aux usagers est un regroupement de localisations dans Alma. On y d\u00e9finit les <a class=\"wikilink1\" title=\"new:administration_configuration:alma:services_aux_usagers:prets:tou\" href=\"http:\/\/rebub.u-bordeaux.fr\/?page_id=11058\" target=\"_blank\" rel=\"noopener noreferrer\">r\u00e8gles de circulation<\/a> de l&rsquo;institution. Une r\u00e8gle par d\u00e9faut permet de d\u00e9finir le mode de circulation de tous les documents de l&rsquo;ensemble des localisations concern\u00e9es. Il est cependant ensuite possible d&rsquo;affiner par biblioth\u00e8que, par localisation et\/ou par <a class=\"wikilink1\" title=\"new:administration_configuration:alma:services_aux_usagers:prets:item_policy\" href=\"http:\/\/rebub.u-bordeaux.fr\/?page_id=11051\" target=\"_blank\" rel=\"noopener noreferrer\">type d&rsquo;exemplaire<\/a> les <a class=\"wikilink1\" title=\"new:administration_configuration:alma:services_aux_usagers:prets:tou\" href=\"http:\/\/rebub.u-bordeaux.fr\/?page_id=11058\" target=\"_blank\" rel=\"noopener noreferrer\">r\u00e8gles de circulation<\/a>.<\/p>\n<\/div>\n\n\n\n<h2 id=\"responsabilite_du_parametre\" id=\"responsabilite_du_parametre\" class=\"wpig-heading\">Responsabilit\u00e9 du param\u00e8tre<\/h2>\n\n\n\n<div class=\"level2\">\n<p>Les unit\u00e9s de service aux usagers sont d\u00e9finies au niveau de l&rsquo;institution r\u00e9seau par le SCOOP et sont h\u00e9rit\u00e9es par les institutions du r\u00e9seau. Tout le r\u00e9seau dispose des m\u00eames unit\u00e9s de service.<\/p>\n<p>Toutes les biblioth\u00e8ques ne sont pas tenues d&rsquo;utiliser tous les types d&rsquo;unit\u00e9s de service.<\/p>\n<\/div>\n\n\n\n<h2 id=\"liste_des_unites_de_service_creees_dans_alma\" id=\"liste_des_unites_de_service_creees_dans_alma\" class=\"wpig-heading\">Liste des unit\u00e9s de service cr\u00e9\u00e9es dans Alma<\/h2>\n\n\n\n<div class=\"level2\">\n<div class=\"plugin_note notewarning\">Seules les unit\u00e9s d\u00e9crites en bleu sont pr\u00e9sentes \u00e0 la configuration initiale. Les autres devront \u00eatre cr\u00e9\u00e9es ensuite.<\/div>\n<div>&nbsp;<\/div>\n<div class=\"table-responsive\">\n<table class=\"inline table table-striped table-condensed\">\n<thead>\n<tr class=\"row0\">\n<th class=\"col0 leftalign\">Code<\/th>\n<th class=\"col1 leftalign\">Nom de l&rsquo;unit\u00e9 de service<\/th>\n<th class=\"col2 leftalign\">Caract\u00e9ristiques<\/th>\n<th class=\"col3 leftalign\">Demandes possibles<\/th>\n<td class=\"col4\">&nbsp;<\/td>\n<\/tr>\n<\/thead>\n<tbody>\n<tr class=\"row1\">\n<td class=\"col0 leftalign\"><code>MAGASIN-1<\/code><\/td>\n<td class=\"col1 leftalign\">r\u00e9serve<\/td>\n<td class=\"col2 leftalign\">Permet de regrouper les localisations des documents les moins directement accessibles : ils sont en acc\u00e8s indirect et n\u00e9cessitent une autorisation sp\u00e9cifique pour \u00eatre mis \u00e0 disposition du lecteur.<\/td>\n<td class=\"col3 leftalign\"><em><strong>Demande de retrait n&rsquo;importe o\u00f9 quelle que soit la disponibilit\u00e9<\/strong><\/em><br>Ces documents peuvent faire l&rsquo;objet d&rsquo;une demande depuis Primo car ils sont en magasin. La biblioth\u00e8que de retrait est limit\u00e9 \u00e0 la biblioth\u00e8que d&rsquo;appartenance du document dans les r\u00e8gles de circulation de l&rsquo;unit\u00e9 de service.<\/td>\n<td class=\"col4\">&nbsp;<\/td>\n<\/tr>\n<tr class=\"row2\">\n<td class=\"col0 leftalign\"><code>MAGASIN-2<\/code><\/td>\n<td class=\"col1 leftalign\">magasin \u00e0 limitation<\/td>\n<td class=\"col2 leftalign\">Permet de regrouper les localisation des documents en acc\u00e8s indirect dont les r\u00e8gles de circulation sont globalement plus restrictives (exemple : magasin des p\u00e9riodiques).<\/td>\n<td class=\"col3 leftalign\"><em><strong>Demande de retrait n&rsquo;importe o\u00f9 quelle que soit la disponibilit\u00e9<\/strong><\/em><br>Ces documents peuvent faire l&rsquo;objet d&rsquo;une demande depuis Primo car ils sont en magasin. La biblioth\u00e8que de retrait est limit\u00e9 \u00e0 la biblioth\u00e8que d&rsquo;appartenance du document dans les r\u00e8gles de circulation de l&rsquo;unit\u00e9 de service.<\/td>\n<td class=\"col4\">&nbsp;<\/td>\n<\/tr>\n<tr class=\"row3\">\n<td class=\"col0 leftalign\"><code>MAGASIN-3<\/code><\/td>\n<td class=\"col1 leftalign\">magasin<\/td>\n<td class=\"col2 leftalign\">Permet de regrouper les localisations des documents en acc\u00e8s indirect qui n&rsquo;ont pas de particularit\u00e9s de circulation. Ces magasins peuvent m\u00ealer documents pr\u00eatables, exclus, \u00e0 restriction de circulation\u2026<\/td>\n<td class=\"col3 leftalign\"><em><strong>Demande de retrait n&rsquo;importe o\u00f9 quelle que soit la disponibilit\u00e9<\/strong><\/em><br>Ces documents peuvent faire l&rsquo;objet d&rsquo;une demande depuis Primo car ils sont en magasin. La biblioth\u00e8que de retrait est limit\u00e9 \u00e0 la biblioth\u00e8que d&rsquo;appartenance du document dans les r\u00e8gles de circulation de l&rsquo;unit\u00e9 de service.<\/td>\n<td class=\"col4 leftalign\">&nbsp;<\/td>\n<\/tr>\n<tr class=\"row4\">\n<td class=\"col0 leftalign\"><code>MAGASIN-5<\/code><\/td>\n<td class=\"col1 leftalign\">magasin exclus du pr\u00eat<\/td>\n<td class=\"col2 leftalign\">Regroupe les localisations de magasin o\u00f9 l&rsquo;essentiel des documents sont consultables sur place mais exclus du pr\u00eat.<\/td>\n<td class=\"col3 leftalign\">&nbsp;<\/td>\n<td class=\"col4\">&nbsp;<\/td>\n<\/tr>\n<tr class=\"row5\">\n<td class=\"col0 leftalign\"><code>INTERNE-1<\/code><\/td>\n<td class=\"col1 leftalign\">service Interne<\/td>\n<td class=\"col2 leftalign\">Les localisations internes sont des espaces en acc\u00e8s indirect pour le public mais accessible directement aux professionnels. En fonction des biblioth\u00e8ques et des \u00e9tablissements, ces documents peuvent ou non \u00eatre visibles ou demand\u00e9s par le public.<\/td>\n<td class=\"col3 leftalign\"><em><strong>Demande de retrait n&rsquo;importe o\u00f9 quelle que soit la disponibilit\u00e9<\/strong><\/em><br>Ces documents peuvent faire l&rsquo;objet d&rsquo;une demande depuis Primo car ils sont en magasin. La biblioth\u00e8que de retrait est limit\u00e9 \u00e0 la biblioth\u00e8que d&rsquo;appartenance du document dans les r\u00e8gles de circulation de l&rsquo;unit\u00e9 de service. Pour ceux qui le souhaitent les demandes peuvent \u00eatre emp\u00each\u00e9es.<\/td>\n<td class=\"col4\">&nbsp;<\/td>\n<\/tr>\n<tr class=\"row6\">\n<td class=\"col0 leftalign\"><code>INTERNE-2<\/code><\/td>\n<td class=\"col1 leftalign\">d\u00e9p\u00f4t enseignant<\/td>\n<td class=\"col2 leftalign\">Localisations externes \u00e0 la biblioth\u00e8que dans laquelle des documents qui lui appartiennent sont rang\u00e9s. Ces documents ne sont disponibles que pour les occupants des lieux en question.<\/td>\n<td class=\"col3 leftalign\"><em><strong>Pas de demande possible<\/strong><\/em><\/td>\n<td class=\"col4\">&nbsp;<\/td>\n<\/tr>\n<tr class=\"row7\">\n<td class=\"col0 leftalign\"><code>DOCLIBRE-1<\/code><\/td>\n<td class=\"col1 leftalign\">libre-acc\u00e8s de consultation<\/td>\n<td class=\"col2 leftalign\">Localisations en libre-acc\u00e8s compos\u00e9s de documents exclus du pr\u00eat essentiellement.<\/td>\n<td class=\"col3 leftalign\"><em><strong>Pas de demande possible<\/strong><\/em><br>Ces documents sont en libre-acc\u00e8s et ne font donc pas l&rsquo;objet de communication indirecte. Comme ils sont exclus du pr\u00eat, il ne peuvent pas faire l&rsquo;objet de r\u00e9servations sur ouvrage emprunt\u00e9.<\/td>\n<td class=\"col4\">&nbsp;<\/td>\n<\/tr>\n<tr class=\"row8\">\n<td class=\"col0 leftalign\"><code>DOCLIBRE-2<\/code><\/td>\n<td class=\"col1 leftalign\">libre-acc\u00e8s \u00e0 limitation<\/td>\n<td class=\"col2 leftalign\">Localisations de libre-acc\u00e8s comportant essentiellement des documents dont la dur\u00e9e ou le volume de pr\u00eat est restreint.<\/td>\n<td class=\"col3 leftalign\"><em><strong>Pas de demande possible pour les donn\u00e9es disponibles<\/strong><\/em><br>Ces documents ne peuvent \u00eatre demand\u00e9s que s&rsquo;ils sont emprunt\u00e9s : on autorise les r\u00e9servations.<\/td>\n<td class=\"col4\">&nbsp;<\/td>\n<\/tr>\n<tr class=\"row9\">\n<td class=\"col0 leftalign\"><code>DOCLIBRE-3<\/code><\/td>\n<td class=\"col1 leftalign\">libre-acc\u00e8s<\/td>\n<td class=\"col2 leftalign\">Localisation de libre-acc\u00e8s sans caract\u00e9ristique particuli\u00e8re.<\/td>\n<td class=\"col3 leftalign\"><em><strong>Pas de demande possible pour les donn\u00e9es disponibles<\/strong><\/em><br>Ces documents ne peuvent \u00eatre demand\u00e9s que s&rsquo;ils sont emprunt\u00e9s : on autorise les r\u00e9servations.<\/td>\n<td class=\"col4\">&nbsp;<\/td>\n<\/tr>\n<\/tbody>\n<\/table>\n<\/div>\n<p>Il existe une unit\u00e9 de services COMMUN, h\u00e9rit\u00e9e du r\u00e9seau, elle n&rsquo;est actuellement pas utilis\u00e9e.<\/p>\n<\/div>\n\n\n\n<div class=\"is-layout-flex wp-container-9 wp-block-columns bord-bloc-reutilisable has-background\" style=\"background-color:#d9edf7\">\n<div class=\"is-layout-flow wp-block-column is-vertically-aligned-center\" style=\"font-size:15px;flex-basis:20%\">\n<p style=\"font-size:15px\"><strong>Date de publication<\/strong> <\/p>\n\n\n<div style=\"font-size:15px;\" class=\"wp-block-post-date\"><time datetime=\"2024-03-22T09:35:38+01:00\">22 mars 2024<\/time><\/div><\/div>\n\n\n\n<div class=\"is-layout-flow wp-block-column is-vertically-aligned-center\" style=\"font-size:15px;flex-basis:20%\">\n<p><strong>Mis \u00e0 jour le <\/strong><\/p>\n\n\n<div style=\"font-size:15px;\" class=\"wp-block-post-date\"><time datetime=\"2024-05-06T12:11:03+02:00\">6 mai 2024<\/time><\/div><\/div>\n\n\n\n<div class=\"is-layout-flow wp-block-column is-vertically-aligned-center\" style=\"font-size:15px;flex-basis:40%\">\n<p><\/p>\n\n\n\n<p><strong>Attention ! <\/strong>Certains \u00e9tablissements utilisent parfois de proc\u00e9dures compl\u00e9mentaires <\/p>\n<\/div>\n\n\n\n<div class=\"is-layout-flow wp-block-column is-vertically-aligned-center\" style=\"font-size:15px;flex-basis:25%\">\n<div class=\"is-horizontal is-content-justification-center is-layout-flex wp-container-7 wp-block-buttons alignfull has-custom-font-size\" style=\"font-size:16px\">\n<div class=\"wp-block-button has-custom-width wp-block-button__width-75 has-custom-font-size is-style-fill\" style=\"font-size:15px\"><a class=\"wp-block-button__link has-white-color has-text-color has-background wp-element-button\" href=\"mailto:scoop@u-bordeaux.fr\" style=\"border-radius:65px;background-color:#000000db\"><strong>Signaler une erreur<\/strong><\/a><\/div>\n<\/div>\n<\/div>\n<\/div>\n","protected":false},"excerpt":{"rendered":"<p>Table des mati\u00e8res[ Show ]Utilisation dans AlmaResponsabilit\u00e9 du param\u00e8treListe des unit\u00e9s de service cr\u00e9\u00e9es dans AlmaD\u00e9finition : l&rsquo;unit\u00e9 de service aux usagers regroupe dans Alma les localisations de m\u00eame type qui appliquent des r\u00e8gles de circulation communes. C&rsquo;est l&rsquo;unit\u00e9 qui&#8230;<\/p>\n","protected":false},"author":46,"featured_media":0,"parent":18751,"menu_order":1,"comment_status":"closed","ping_status":"closed","template":"","meta":[],"post_mailing_queue_ids":[],"_links":{"self":[{"href":"https:\/\/rebub.u-bordeaux.fr\/index.php\/wp-json\/wp\/v2\/pages\/18812"}],"collection":[{"href":"https:\/\/rebub.u-bordeaux.fr\/index.php\/wp-json\/wp\/v2\/pages"}],"about":[{"href":"https:\/\/rebub.u-bordeaux.fr\/index.php\/wp-json\/wp\/v2\/types\/page"}],"author":[{"embeddable":true,"href":"https:\/\/rebub.u-bordeaux.fr\/index.php\/wp-json\/wp\/v2\/users\/46"}],"replies":[{"embeddable":true,"href":"https:\/\/rebub.u-bordeaux.fr\/index.php\/wp-json\/wp\/v2\/comments?post=18812"}],"version-history":[{"count":4,"href":"https:\/\/rebub.u-bordeaux.fr\/index.php\/wp-json\/wp\/v2\/pages\/18812\/revisions"}],"predecessor-version":[{"id":20949,"href":"https:\/\/rebub.u-bordeaux.fr\/index.php\/wp-json\/wp\/v2\/pages\/18812\/revisions\/20949"}],"up":[{"embeddable":true,"href":"https:\/\/rebub.u-bordeaux.fr\/index.php\/wp-json\/wp\/v2\/pages\/18751"}],"wp:attachment":[{"href":"https:\/\/rebub.u-bordeaux.fr\/index.php\/wp-json\/wp\/v2\/media?parent=18812"}],"curies":[{"name":"wp","href":"https:\/\/api.w.org\/{rel}","templated":true}]}}