	{"id":18816,"date":"2024-03-22T09:35:46","date_gmt":"2024-03-22T08:35:46","guid":{"rendered":"https:\/\/rebub.u-bordeaux.fr\/?page_id=18816"},"modified":"2024-05-06T13:18:24","modified_gmt":"2024-05-06T11:18:24","slug":"rfid-dans-alma-configuration-des-automates","status":"publish","type":"page","link":"https:\/\/rebub.u-bordeaux.fr\/index.php\/alma\/configuration-administration\/services-aux-usagers\/pret-retour\/rfid-dans-alma-configuration-des-automates\/","title":{"rendered":"RFID dans Alma \u2013 Configuration des automates"},"content":{"rendered":"<div id='wpig-floatingbar' class='wpig-floatingbar'><div id='wpig-switch-wrapper' class='wpig-switch-wrapper'><span id='wpig-floating-switch' class='wpig-floating-switch'><img src='https:\/\/rebub.u-bordeaux.fr\/wp-content\/plugins\/sticky-toc-advance-table-of-contents\/\\assets\\menu.png'><\/span><\/div><div id='wpig-contents' class='wpig-contents  wpig-sidebar-widget wpig-style-3'><span class='wpig-headline'>Table des mati\u00e8res<span><a data-action='show' class='wpig-btn-toggledisplay'>[ Show ]<\/a><\/span><\/span><!-- Table of Contents --><div id='wpig-table-of-content' class='wpig-table-of-content'><ol><li class='documentation'><a href='#documentation'>Documentation<\/a><ol><li class='overview'><a href='#overview'>Overview<\/a><\/li><li class='configurer_une_borne_automatique_de_pret_dans_alma'><a href='#configurer_une_borne_automatique_de_pret_dans_alma'>Configurer une borne automatique de pr\u00eat dans Alma<\/a><\/li><li class='associer_la_machine_a_un_bureau_de_pret'><a href='#associer_la_machine_a_un_bureau_de_pret'>Associer la machine \u00e0 un bureau de pr\u00eat<\/a><\/li><li class='installer_un_stunnel'><a href='#installer_un_stunnel'>Installer un stunnel<\/a><ol><li class='exemple_de_fichier_de_configuration_stunnel'><a href='#exemple_de_fichier_de_configuration_stunnel'>Exemple de fichier de configuration stunnel.<\/a><\/li><\/ol><li class='realiser_des_tests'><a href='#realiser_des_tests'>R\u00e9aliser des tests<\/a><\/li><\/ol><\/li><\/li><\/div><!-- END OF Table of Contents --><\/div><\/div><p><div id='wpig-contents' class='wpig-contents  wpig-sidebar-widget wpig-style-1'><span class='wpig-headline'>Table des mati\u00e8res<span><a data-action='show' class='wpig-btn-toggledisplay'>[ Show ]<\/a><\/span><\/span><!-- Table of Contents --><div id='wpig-table-of-content' class='wpig-table-of-content' ><ol><li class='documentation'><a href='#documentation'>Documentation<\/a><ol><li class='overview'><a href='#overview'>Overview<\/a><\/li><li class='configurer_une_borne_automatique_de_pret_dans_alma'><a href='#configurer_une_borne_automatique_de_pret_dans_alma'>Configurer une borne automatique de pr\u00eat dans Alma<\/a><\/li><li class='associer_la_machine_a_un_bureau_de_pret'><a href='#associer_la_machine_a_un_bureau_de_pret'>Associer la machine \u00e0 un bureau de pr\u00eat<\/a><\/li><li class='installer_un_stunnel'><a href='#installer_un_stunnel'>Installer un stunnel<\/a><ol><li class='exemple_de_fichier_de_configuration_stunnel'><a href='#exemple_de_fichier_de_configuration_stunnel'>Exemple de fichier de configuration stunnel.<\/a><\/li><\/ol><li class='realiser_des_tests'><a href='#realiser_des_tests'>R\u00e9aliser des tests<\/a><\/li><\/ol><\/li><\/li><\/div><!-- END OF Table of Contents --><\/div><\/p>\n<h2 id=\"documentation\" id=\"documentation\" class=\"wpig-heading\">Documentation<\/h2>\n\n\n\n<h3 id=\"overview\" id=\"overview\" class=\"wpig-heading\">Overview<\/h3>\n\n\n\n<div class=\"level3\"><iframe loading=\"lazy\" class=\"vshare__none\" src=\"https:\/\/www.youtube-nocookie.com\/embed\/kH8SPTvgJMY\" scrolling=\"no\" allowfullscreen=\"allowfullscreen\" data-mce-fragment=\"1\" width=\"700\" height=\"514\" frameborder=\"0\"><\/iframe><\/div>\n\n\n\n<div class=\"level3\">\n<p><a class=\"urlextern\" title=\"https:\/\/developers.exlibrisgroup.com\/alma\/integrations\/selfcheck\" href=\"https:\/\/developers.exlibrisgroup.com\/alma\/integrations\/selfcheck\" target=\"_blank\" rel=\"nofollow noopener noreferrer\">https:\/\/developers.exlibrisgroup.com\/alma\/integrations\/selfcheck<\/a><\/p>\n<\/div>\n\n\n\n<h3 id=\"configurer_une_borne_automatique_de_pret_dans_alma\" id=\"configurer_une_borne_automatique_de_pret_dans_alma\" class=\"wpig-heading\">Configurer une borne automatique de pr\u00eat dans Alma<\/h3>\n\n\n\n<div class=\"level3\">\n<p><a class=\"urlextern\" title=\"https:\/\/knowledge.exlibrisgroup.com\/Alma\/Product_Documentation\/010Alma_Online_Help_(English)\/090Integrations_with_External_Systems\/040Fulfillment\/060Self-Check_Machines\" href=\"https:\/\/knowledge.exlibrisgroup.com\/Alma\/Product_Documentation\/010Alma_Online_Help_(English)\/090Integrations_with_External_Systems\/040Fulfillment\/060Self-Check_Machines\" target=\"_blank\" rel=\"nofollow noopener noreferrer\">https:\/\/knowledge.exlibrisgroup.com\/Alma\/Product_Documentation\/010Alma_Online_Help_(English)\/090Integrations_with_External_Systems\/040Fulfillment\/060Self-Check_Machines<\/a><\/p>\n<\/div>\n\n\n\n<h3 id=\"associer_la_machine_a_un_bureau_de_pret\" id=\"associer_la_machine_a_un_bureau_de_pret\" class=\"wpig-heading\">Associer la machine \u00e0 un bureau de pr\u00eat<\/h3>\n\n\n\n<div class=\"level3\">\n<p><a class=\"urlextern\" title=\"https:\/\/knowledge.exlibrisgroup.com\/Alma\/Product_Documentation\/Alma_Online_Help_(Francais)\/030Services_aux_usagers\/Configuration_des_services_aux_utilisateurs\/020Biblioth%C3%A8que\" href=\"https:\/\/knowledge.exlibrisgroup.com\/Alma\/Product_Documentation\/Alma_Online_Help_(Francais)\/030Services_aux_usagers\/Configuration_des_services_aux_utilisateurs\/020Biblioth%C3%A8que\" target=\"_blank\" rel=\"nofollow noopener noreferrer\">https:\/\/knowledge.exlibrisgroup.com\/Alma\/Product_Documentation\/Alma_Online_Help_(Francais)\/030Services_aux_usagers\/Configuration_des_services_aux_utilisateurs\/020Biblioth%C3%A8que<\/a><\/p>\n<\/div>\n\n\n\n<h3 id=\"installer_un_stunnel\" id=\"installer_un_stunnel\" class=\"wpig-heading\">Installer un stunnel<\/h3>\n\n\n\n<div class=\"level3\">\n<ul>\n<li class=\"li\"><a class=\"urlextern\" title=\"https:\/\/developers.exlibrisgroup.com\/alma\/integrations\/selfcheck\/stunnel\" href=\"https:\/\/developers.exlibrisgroup.com\/alma\/integrations\/selfcheck\/stunnel\" target=\"_blank\" rel=\"nofollow noopener noreferrer\">https:\/\/developers.exlibrisgroup.com\/alma\/integrations\/selfcheck\/stunnel<\/a><\/li>\n<li class=\"li\"><a class=\"urlextern\" title=\"https:\/\/developers.exlibrisgroup.com\/alma\/integrations\/stunnel\" href=\"https:\/\/developers.exlibrisgroup.com\/alma\/integrations\/stunnel\" target=\"_blank\" rel=\"nofollow noopener noreferrer\">https:\/\/developers.exlibrisgroup.com\/alma\/integrations\/stunnel<\/a><\/li>\n<\/ul>\n<\/div>\n\n\n\n<h4 id=\"exemple_de_fichier_de_configuration_stunnel\" id=\"exemple_de_fichier_de_configuration_stunnel\" class=\"wpig-heading\">Exemple de fichier de configuration stunnel.<\/h4>\n\n\n\n<div class=\"level4\">\n<pre class=\"code\">; **************************************************************************\n\n; * Global options *\n\n; ************************************************************************** ;\n\n; Debugging stuff (may useful for troubleshooting)\ndebug = 7\noutput = stunnel.log ;\n\n;Disable FIPS mode to allow non-approved protocols and algorithms\nfips = no\n\n;**************************************************************************\n\n; * Service defaults may also be specified in individual service sections *\n\n; **************************************************************************\n\n; Disable support for insecure SSLv2 protocol\noptions = NO_SSLv2\n\n[Integration Profile 1]\nkey = 33PUBD_BXSA.pem\ncert = 33PUBD_BXSA.pem\nclient = yes\naccept = 5001\nconnect = pudb-ub.alma.exlibrisgroup.com:6443\nTIMEOUTclose = 0\nTIMEOUTconnect = 200\nTIMEOUTidle = 86400<\/pre>\n<p>Il est possible valeur CKGE_TMP_i connect CKGE_TMP_i change, nous devons attendre votre environnement de production.<\/p>\n<p>connect = eu02.alma.exlibrisgroup.com:6443<\/p>\n<p>Au niveau de l\u2019automate, vous devez modifier l\u2019adresse du serveur (actuellement l\u2019adresse d\u2019Horizon sur le port XXXX) par 127.0.0.1 et le port doit \u00eatre le 5001 .<\/p>\n<p>HostAddress = 127.0.0.1<\/p>\n<p>Port = 5001<\/p>\n<p>&lt;font 11pt\/11pt;;initial;;yellow&gt;5001&lt;\/font&gt; si dans la configuration stunnel la variable accept = &lt;font inherit\/inherit;;inherit;;yellow&gt;5001&lt;\/font&gt;<\/p>\n<\/div>\n\n\n\n<div class=\"is-layout-constrained wp-block-group bord-bloc-reutilisable\"><div class=\"wp-block-group__inner-container\">\n<div class=\"is-layout-flex wp-container-3 wp-block-columns alignfull bord-bloc-reutilisable has-background\" style=\"background-color:#ff303047\">\n<div class=\"is-layout-flow wp-block-column is-vertically-aligned-center\" style=\"flex-basis:7%\">\n<figure class=\"wp-block-image alignfull size-full\"><img decoding=\"async\" loading=\"lazy\" width=\"512\" height=\"512\" src=\"https:\/\/rebub.u-bordeaux.fr\/wp-content\/uploads\/2024\/04\/point-dexclamation.png\" alt=\"\" class=\"wp-image-19898\" srcset=\"https:\/\/rebub.u-bordeaux.fr\/wp-content\/uploads\/2024\/04\/point-dexclamation.png 512w, https:\/\/rebub.u-bordeaux.fr\/wp-content\/uploads\/2024\/04\/point-dexclamation-300x300.png 300w, https:\/\/rebub.u-bordeaux.fr\/wp-content\/uploads\/2024\/04\/point-dexclamation-150x150.png 150w\" sizes=\"(max-width: 512px) 100vw, 512px\" \/><\/figure>\n<\/div>\n\n\n\n<div class=\"is-layout-flow wp-block-column is-vertically-aligned-center\" style=\"flex-basis:85%\">\n<p><strong>Attention !<\/strong> D\u00e9sactiver les rapports d&rsquo;erreur !<\/p>\n<\/div>\n<\/div>\n<\/div><\/div>\n\n\n\n<h3 id=\"realiser_des_tests\" id=\"realiser_des_tests\" class=\"wpig-heading\">R\u00e9aliser des tests<\/h3>\n\n\n\n<div class=\"level3\">\n<p>Exlibris propose un \u00e9mulateur SIP2 : <a class=\"urlextern\" title=\"https:\/\/developers.exlibrisgroup.com\/alma\/integrations\/stunnel\/troubleshooting\/\" href=\"https:\/\/developers.exlibrisgroup.com\/alma\/integrations\/stunnel\/troubleshooting\/\" target=\"_blank\" rel=\"nofollow noopener noreferrer\">TestTcp.jar<\/a>.<br>Pour tester la borne :<\/p>\n<pre class=\"code\">java -jar TestTcp.jar 127.0.0.1 5001 \"9900002.00\"<\/pre>\n<\/div>\n\n\n\n<div class=\"is-layout-flex wp-container-10 wp-block-columns bord-bloc-reutilisable has-background\" style=\"background-color:#d9edf7\">\n<div class=\"is-layout-flow wp-block-column is-vertically-aligned-center\" style=\"font-size:15px;flex-basis:20%\">\n<p style=\"font-size:15px\"><strong>Date de publication<\/strong> <\/p>\n\n\n<div style=\"font-size:15px;\" class=\"wp-block-post-date\"><time datetime=\"2024-03-22T09:35:46+01:00\">22 mars 2024<\/time><\/div><\/div>\n\n\n\n<div class=\"is-layout-flow wp-block-column is-vertically-aligned-center\" style=\"font-size:15px;flex-basis:20%\">\n<p><strong>Mis \u00e0 jour le <\/strong><\/p>\n\n\n<div style=\"font-size:15px;\" class=\"wp-block-post-date\"><time datetime=\"2024-05-06T13:18:24+02:00\">6 mai 2024<\/time><\/div><\/div>\n\n\n\n<div class=\"is-layout-flow wp-block-column is-vertically-aligned-center\" style=\"font-size:15px;flex-basis:40%\">\n<p><\/p>\n\n\n\n<p><strong>Attention ! <\/strong>Certains \u00e9tablissements utilisent parfois de proc\u00e9dures compl\u00e9mentaires <\/p>\n<\/div>\n\n\n\n<div class=\"is-layout-flow wp-block-column is-vertically-aligned-center\" style=\"font-size:15px;flex-basis:25%\">\n<div class=\"is-horizontal is-content-justification-center is-layout-flex wp-container-8 wp-block-buttons alignfull has-custom-font-size\" style=\"font-size:16px\">\n<div class=\"wp-block-button has-custom-width wp-block-button__width-75 has-custom-font-size is-style-fill\" style=\"font-size:15px\"><a class=\"wp-block-button__link has-white-color has-text-color has-background wp-element-button\" href=\"mailto:scoop@u-bordeaux.fr\" style=\"border-radius:65px;background-color:#000000db\"><strong>Signaler une erreur<\/strong><\/a><\/div>\n<\/div>\n<\/div>\n<\/div>\n","protected":false},"excerpt":{"rendered":"<p>Table des mati\u00e8res[ Show ]DocumentationOverviewConfigurer une borne automatique de pr\u00eat dans AlmaAssocier la machine \u00e0 un bureau de pr\u00eatInstaller un stunnelExemple de fichier de configuration stunnel.R\u00e9aliser des testsDocumentation Overview https:\/\/developers.exlibrisgroup.com\/alma\/integrations\/selfcheck Configurer une borne automatique de pr\u00eat dans Alma https:\/\/knowledge.exlibrisgroup.com\/Alma\/Product_Documentation\/010Alma_Online_Help_(English)\/090Integrations_with_External_Systems\/040Fulfillment\/060Self-Check_Machines Associer&#8230;<\/p>\n","protected":false},"author":46,"featured_media":0,"parent":18751,"menu_order":6,"comment_status":"closed","ping_status":"closed","template":"","meta":[],"post_mailing_queue_ids":[],"_links":{"self":[{"href":"https:\/\/rebub.u-bordeaux.fr\/index.php\/wp-json\/wp\/v2\/pages\/18816"}],"collection":[{"href":"https:\/\/rebub.u-bordeaux.fr\/index.php\/wp-json\/wp\/v2\/pages"}],"about":[{"href":"https:\/\/rebub.u-bordeaux.fr\/index.php\/wp-json\/wp\/v2\/types\/page"}],"author":[{"embeddable":true,"href":"https:\/\/rebub.u-bordeaux.fr\/index.php\/wp-json\/wp\/v2\/users\/46"}],"replies":[{"embeddable":true,"href":"https:\/\/rebub.u-bordeaux.fr\/index.php\/wp-json\/wp\/v2\/comments?post=18816"}],"version-history":[{"count":3,"href":"https:\/\/rebub.u-bordeaux.fr\/index.php\/wp-json\/wp\/v2\/pages\/18816\/revisions"}],"predecessor-version":[{"id":20964,"href":"https:\/\/rebub.u-bordeaux.fr\/index.php\/wp-json\/wp\/v2\/pages\/18816\/revisions\/20964"}],"up":[{"embeddable":true,"href":"https:\/\/rebub.u-bordeaux.fr\/index.php\/wp-json\/wp\/v2\/pages\/18751"}],"wp:attachment":[{"href":"https:\/\/rebub.u-bordeaux.fr\/index.php\/wp-json\/wp\/v2\/media?parent=18816"}],"curies":[{"name":"wp","href":"https:\/\/api.w.org\/{rel}","templated":true}]}}