	{"id":18833,"date":"2024-03-22T09:36:43","date_gmt":"2024-03-22T08:36:43","guid":{"rendered":"https:\/\/rebub.u-bordeaux.fr\/?page_id=18833"},"modified":"2024-05-06T14:38:38","modified_gmt":"2024-05-06T12:38:38","slug":"traitement-interne","status":"publish","type":"page","link":"https:\/\/rebub.u-bordeaux.fr\/index.php\/alma\/configuration-administration\/gestion-des-ressources\/traitements-internes\/traitement-interne\/","title":{"rendered":"Traitement interne"},"content":{"rendered":"<div id='wpig-floatingbar' class='wpig-floatingbar'><div id='wpig-switch-wrapper' class='wpig-switch-wrapper'><span id='wpig-floating-switch' class='wpig-floating-switch'><img src='https:\/\/rebub.u-bordeaux.fr\/wp-content\/plugins\/sticky-toc-advance-table-of-contents\/\\assets\\menu.png'><\/span><\/div><\/div><p><\/p>\n<p>Afin de sortir un document de la circulation pour un traitement (r\u00e9pararation, recotation \u2026), il doit faire l&rsquo;objet d&rsquo;une cr\u00e9ation de traitement interne de type correspondant avec envoi vers le d\u00e9partement \u201cBureau de pr\u00eat\u201d.<\/p>\n\n\n\n<p>Configuration des types de traitement :<\/p>\n\n\n\n<p>&#8211; Dans Configuration \/ G\u00e9n\u00e9ral, cr\u00e9er les types de traitement interne d\u00e9finis par l&rsquo;\u00e9tablissement.<\/p>\n\n\n\n<p>&#8211; Pour chaque biblioth\u00e8que, configurer le bureau Pr\u00eat-Retour en y associant les types de traitement interne.<\/p>\n\n\n\n<div class=\"is-layout-flex wp-container-3 wp-block-columns bord-bloc-reutilisable has-background\" style=\"background-color:#ffeec2\">\n<div class=\"is-layout-flow wp-block-column is-vertically-aligned-center\" style=\"flex-basis:7%\">\n<figure class=\"wp-block-image alignfull size-full is-style-default\"><img decoding=\"async\" loading=\"lazy\" width=\"512\" height=\"512\" src=\"https:\/\/rebub.u-bordeaux.fr\/wp-content\/uploads\/2024\/04\/nouvelles-idees-en-cours.png\" alt=\"\" class=\"wp-image-19897\" srcset=\"https:\/\/rebub.u-bordeaux.fr\/wp-content\/uploads\/2024\/04\/nouvelles-idees-en-cours.png 512w, https:\/\/rebub.u-bordeaux.fr\/wp-content\/uploads\/2024\/04\/nouvelles-idees-en-cours-300x300.png 300w, https:\/\/rebub.u-bordeaux.fr\/wp-content\/uploads\/2024\/04\/nouvelles-idees-en-cours-150x150.png 150w\" sizes=\"(max-width: 512px) 100vw, 512px\" \/><\/figure>\n<\/div>\n\n\n\n<div class=\"is-layout-flow wp-block-column is-vertically-aligned-center\" style=\"flex-basis:85%\">\n<p><strong>Configurer une r\u00e8gle de remise en rayon sans transfert par biblioth\u00e8que !<\/strong><\/p>\n<\/div>\n<\/div>\n\n\n\n<p>Ainsi une fois le traitement effectu\u00e9, le document sera remis en rayon sans passer par l&rsquo;\u00e9tat \u201cEn transit\u201d (qui requiert de scanner l&rsquo;exemplaire pour qu&rsquo;il soit remis en rayon).<\/p>\n\n\n\n<p>La configuration de cette r\u00e8gle se fait au niveau de l&rsquo;institution, onglet Services aux usagers :<\/p>\n\n\n\n<p>Param\u00e8tres d&rsquo;entr\u00e9e : <em>De la biblioth\u00e8que [BU DSPE], Du bureau [Pr\u00eat-Retour] <\/em><em>Vers la biblioth\u00e8que [BU DSPE]<\/em><\/p>\n\n\n\n<p>Param\u00e8tres de sortie : <em>Remettre en rayon sans les r\u00e8gles de transfert : Vrai<\/em><\/p>\n\n\n\n<p><strong>Bordeaux Sciences Agro<\/strong>, table de configuration des types de traitement interne :<\/p>\n\n\n\n<div class=\"table-responsive\">\n<table class=\"inline table table-striped table-condensed\" style=\"height: 90px;\" width=\"574\">\n<thead>\n<tr class=\"row0\">\n<th class=\"col0\">Code<\/th>\n<th class=\"col1\">Nom<\/th>\n<th class=\"col2\">D\u00e9partement<\/th>\n<\/tr>\n<\/thead>\n<tbody>\n<tr class=\"row1\">\n<td class=\"col0\">ARC<\/td>\n<td class=\"col1\">Archivage<\/td>\n<td class=\"col2\">Pr\u00eat-Retour<\/td>\n<\/tr>\n<tr class=\"row2\">\n<td class=\"col0\">CAT<\/td>\n<td class=\"col1\">Catalogage-Recotation<\/td>\n<td class=\"col2\">Pr\u00eat-Retour<\/td>\n<\/tr>\n<tr class=\"row3\">\n<td class=\"col0\">REP<\/td>\n<td class=\"col1\">R\u00e9paration<\/td>\n<td class=\"col2\">Pr\u00eat-Retour<\/td>\n<\/tr>\n<\/tbody>\n<\/table>\n<\/div>\n\n\n\n<div class=\"is-layout-flex wp-container-9 wp-block-columns bord-bloc-reutilisable has-background\" style=\"background-color:#d9edf7\">\n<div class=\"is-layout-flow wp-block-column is-vertically-aligned-center\" style=\"font-size:15px;flex-basis:20%\">\n<p style=\"font-size:15px\"><strong>Date de publication<\/strong> <\/p>\n\n\n<div style=\"font-size:15px;\" class=\"wp-block-post-date\"><time datetime=\"2024-03-22T09:36:43+01:00\">22 mars 2024<\/time><\/div><\/div>\n\n\n\n<div class=\"is-layout-flow wp-block-column is-vertically-aligned-center\" style=\"font-size:15px;flex-basis:20%\">\n<p><strong>Mis \u00e0 jour le <\/strong><\/p>\n\n\n<div style=\"font-size:15px;\" class=\"wp-block-post-date\"><time datetime=\"2024-05-06T14:38:38+02:00\">6 mai 2024<\/time><\/div><\/div>\n\n\n\n<div class=\"is-layout-flow wp-block-column is-vertically-aligned-center\" style=\"font-size:15px;flex-basis:40%\">\n<p><\/p>\n\n\n\n<p><strong>Attention ! <\/strong>Certains \u00e9tablissements utilisent parfois de proc\u00e9dures compl\u00e9mentaires <\/p>\n<\/div>\n\n\n\n<div class=\"is-layout-flow wp-block-column is-vertically-aligned-center\" style=\"font-size:15px;flex-basis:25%\">\n<div class=\"is-horizontal is-content-justification-center is-layout-flex wp-container-7 wp-block-buttons alignfull has-custom-font-size\" style=\"font-size:16px\">\n<div class=\"wp-block-button has-custom-width wp-block-button__width-75 has-custom-font-size is-style-fill\" style=\"font-size:15px\"><a class=\"wp-block-button__link has-white-color has-text-color has-background wp-element-button\" href=\"mailto:scoop@u-bordeaux.fr\" style=\"border-radius:65px;background-color:#000000db\"><strong>Signaler une erreur<\/strong><\/a><\/div>\n<\/div>\n<\/div>\n<\/div>\n","protected":false},"excerpt":{"rendered":"<p>Afin de sortir un document de la circulation pour un traitement (r\u00e9pararation, recotation \u2026), il doit faire l&rsquo;objet d&rsquo;une cr\u00e9ation de traitement interne de type correspondant avec envoi vers le d\u00e9partement \u201cBureau de pr\u00eat\u201d. Configuration des types de traitement :&#8230;<\/p>\n","protected":false},"author":46,"featured_media":0,"parent":18832,"menu_order":1,"comment_status":"closed","ping_status":"closed","template":"","meta":[],"post_mailing_queue_ids":[],"_links":{"self":[{"href":"https:\/\/rebub.u-bordeaux.fr\/index.php\/wp-json\/wp\/v2\/pages\/18833"}],"collection":[{"href":"https:\/\/rebub.u-bordeaux.fr\/index.php\/wp-json\/wp\/v2\/pages"}],"about":[{"href":"https:\/\/rebub.u-bordeaux.fr\/index.php\/wp-json\/wp\/v2\/types\/page"}],"author":[{"embeddable":true,"href":"https:\/\/rebub.u-bordeaux.fr\/index.php\/wp-json\/wp\/v2\/users\/46"}],"replies":[{"embeddable":true,"href":"https:\/\/rebub.u-bordeaux.fr\/index.php\/wp-json\/wp\/v2\/comments?post=18833"}],"version-history":[{"count":3,"href":"https:\/\/rebub.u-bordeaux.fr\/index.php\/wp-json\/wp\/v2\/pages\/18833\/revisions"}],"predecessor-version":[{"id":21056,"href":"https:\/\/rebub.u-bordeaux.fr\/index.php\/wp-json\/wp\/v2\/pages\/18833\/revisions\/21056"}],"up":[{"embeddable":true,"href":"https:\/\/rebub.u-bordeaux.fr\/index.php\/wp-json\/wp\/v2\/pages\/18832"}],"wp:attachment":[{"href":"https:\/\/rebub.u-bordeaux.fr\/index.php\/wp-json\/wp\/v2\/media?parent=18833"}],"curies":[{"name":"wp","href":"https:\/\/api.w.org\/{rel}","templated":true}]}}