	{"id":18834,"date":"2024-03-22T09:36:32","date_gmt":"2024-03-22T08:36:32","guid":{"rendered":"https:\/\/rebub.u-bordeaux.fr\/?page_id=18834"},"modified":"2024-05-06T14:06:17","modified_gmt":"2024-05-06T12:06:17","slug":"chargement-des-notices-du-sudoc","status":"publish","type":"page","link":"https:\/\/rebub.u-bordeaux.fr\/index.php\/alma\/configuration-administration\/gestion-des-ressources\/circuits-et-architecture-des-donnees\/chargement-des-notices-du-sudoc\/","title":{"rendered":"Chargement des notices du SUDOC"},"content":{"rendered":"<div id='wpig-floatingbar' class='wpig-floatingbar'><div id='wpig-switch-wrapper' class='wpig-switch-wrapper'><span id='wpig-floating-switch' class='wpig-floating-switch'><img src='https:\/\/rebub.u-bordeaux.fr\/wp-content\/plugins\/sticky-toc-advance-table-of-contents\/\\assets\\menu.png'><\/span><\/div><div id='wpig-contents' class='wpig-contents  wpig-sidebar-widget wpig-style-3'><span class='wpig-headline'>Table des mati\u00e8res<span><a data-action='show' class='wpig-btn-toggledisplay'>[ Show ]<\/a><\/span><\/span><!-- Table of Contents --><div id='wpig-table-of-content' class='wpig-table-of-content'><ol><li class='presentation_generale'><a href='#presentation_generale'>Pr\u00e9sentation g\u00e9n\u00e9rale<\/a><ol><li class='du_cote_du_sudoc'><a href='#du_cote_du_sudoc'>Du c\u00f4t\u00e9 du SUDOC<\/a><\/li><li class='du_cote_d_alma'><a href='#du_cote_d_alma'>Du c\u00f4t\u00e9 d&rsquo;Alma<\/a><\/li><\/ol><li class='configurations'><a href='#configurations'>Configurations<\/a><ol><li class='le_profil_d_integration_sudoc_email'><a href='#le_profil_d_integration_sudoc_email'>Le profil d&rsquo;int\u00e9gration SUDOC Email<\/a><\/li><li class='declaration_du_ftp_de_l_abes'><a href='#declaration_du_ftp_de_l_abes'>D\u00e9claration du FTP de l&rsquo;ABES<\/a><\/li><li class='import_sudoc_fusion_ignoree'><a href='#import_sudoc_fusion_ignoree'>Import_sudoc_fusion_ignor\u00e9e<\/a><\/li><li class='import_sudoc'><a href='#import_sudoc'>Import_sudoc<\/a><\/li><\/ol><li class='stoc-resolution-de-problemes'><a href='#stoc-resolution-de-problemes'>R\u00e9solution de probl\u00e8mes<\/a><\/li><\/ol><\/li><\/li><\/div><!-- END OF Table of Contents --><\/div><\/div><p><div id='wpig-contents' class='wpig-contents  wpig-sidebar-widget wpig-style-1'><span class='wpig-headline'>Table des mati\u00e8res<span><a data-action='show' class='wpig-btn-toggledisplay'>[ Show ]<\/a><\/span><\/span><!-- Table of Contents --><div id='wpig-table-of-content' class='wpig-table-of-content' ><ol><li class='presentation_generale'><a href='#presentation_generale'>Pr\u00e9sentation g\u00e9n\u00e9rale<\/a><ol><li class='du_cote_du_sudoc'><a href='#du_cote_du_sudoc'>Du c\u00f4t\u00e9 du SUDOC<\/a><\/li><li class='du_cote_d_alma'><a href='#du_cote_d_alma'>Du c\u00f4t\u00e9 d&rsquo;Alma<\/a><\/li><\/ol><li class='configurations'><a href='#configurations'>Configurations<\/a><ol><li class='le_profil_d_integration_sudoc_email'><a href='#le_profil_d_integration_sudoc_email'>Le profil d&rsquo;int\u00e9gration SUDOC Email<\/a><\/li><li class='declaration_du_ftp_de_l_abes'><a href='#declaration_du_ftp_de_l_abes'>D\u00e9claration du FTP de l&rsquo;ABES<\/a><\/li><li class='import_sudoc_fusion_ignoree'><a href='#import_sudoc_fusion_ignoree'>Import_sudoc_fusion_ignor\u00e9e<\/a><\/li><li class='import_sudoc'><a href='#import_sudoc'>Import_sudoc<\/a><\/li><\/ol><li class='stoc-resolution-de-problemes'><a href='#stoc-resolution-de-problemes'>R\u00e9solution de probl\u00e8mes<\/a><\/li><\/ol><\/li><\/li><\/div><!-- END OF Table of Contents --><\/div><\/p>\n<h2 id=\"presentation_generale\" id=\"presentation_generale\" class=\"wpig-heading\">Pr\u00e9sentation g\u00e9n\u00e9rale<\/h2>\n\n\n\n<div class=\"level2\">\n<figure><a href=\"http:\/\/rebub.u-bordeaux.fr\/wp-content\/uploads\/2021\/05\/flux_chargeur_sudoc.png\" target=\"_blank\" rel=\"noopener noreferrer\"><img decoding=\"async\" loading=\"lazy\" class=\"aligncenter wp-image-11445 size-full\" src=\"http:\/\/rebub.u-bordeaux.fr\/wp-content\/uploads\/2021\/05\/flux_chargeur_sudoc.png\" alt=\"\" width=\"717\" height=\"293\" srcset=\"https:\/\/rebub.u-bordeaux.fr\/wp-content\/uploads\/2021\/05\/flux_chargeur_sudoc.png 717w, https:\/\/rebub.u-bordeaux.fr\/wp-content\/uploads\/2021\/05\/flux_chargeur_sudoc-300x123.png 300w\" sizes=\"(max-width: 717px) 100vw, 717px\" \/><\/a><\/figure><p><\/p>\n<\/div>\n\n\n\n<h3 id=\"du_cote_du_sudoc\" id=\"du_cote_du_sudoc\" class=\"wpig-heading\">Du c\u00f4t\u00e9 du SUDOC<\/h3>\n\n\n\n<div class=\"level3\">\n<p>Chaque nuit, les \u00ab demandes d\u2019extraction \u00bb(jobs) sont ex\u00e9cut\u00e9es sur le syst\u00e8me central. Ces demandes g\u00e9n\u00e8rent les fichiers de mise \u00e0 jour pour chaque ILN. Lorsqu\u2019un programme d\u2019extraction est termin\u00e9,le syst\u00e8me envoie un message (dit \u00abmessage status 9\u00bb) \u00e0 une ou plusieurs adresses enregistr\u00e9es<a href=\"#un\"><sup>1)<\/sup><\/a>. Ce message d\u00e9taille le ou les fichiers qui seront transf\u00e9r\u00e9s en pr\u00e9cisant le nombre de notices extraites, le format utilis\u00e9\u2026<\/p>\n<\/div>\n\n\n\n<h3 id=\"du_cote_d_alma\" id=\"du_cote_d_alma\" class=\"wpig-heading\">Du c\u00f4t\u00e9 d&rsquo;Alma<\/h3>\n\n\n\n<p>\u00c0 trois heures du matin, le service <a href=\"#sudoc\"><strong>Central catalog integration job ou SUDOC_EMAIL dans la liste des profils d&rsquo;int\u00e9gration<\/strong><\/a> va voir si le <strong>message Status 9<\/strong> a bien \u00e9t\u00e9 re\u00e7u. Il envoie \u00e0 son tour un message \u00e0 l&rsquo;ABES pour demander la mise \u00e0 disposition des fichiers sur le <a href=\"#abes\">serveur Vermeil de l&rsquo;ABES<\/a> (FTP GET).<br>\u00c0 quatre heures du matin, le profil d&rsquo;Import <strong>Import_sudoc_fusion_ignor\u00e9e<\/strong> va effectuer un premier chargement. En cas de multimatch <a href=\"#un\"><sup>2)<\/sup><\/a> il va ignorer la notice concern\u00e9e et passer \u00e0 la notice suivante.<br>\u00c0 midi, le profil d&rsquo;import <strong>Import_Sudoc<\/strong> va rejouer le chargement. En cas de multimatch il va cette fois-ci interrompre le chargement du fichier <a href=\"#un\"><sup>3)<\/sup><\/a> et g\u00e9n\u00e9r\u00e9 une alerte.<\/p>\n\n\n<div class=\"wp-block-image\">\n<figure class=\"aligncenter\"><a href=\"http:\/\/rebub.u-bordeaux.fr\/wp-content\/uploads\/2021\/05\/suivi_des_imports.png\" target=\"_blank\" rel=\"noreferrer noopener\"><img decoding=\"async\" loading=\"lazy\" width=\"1548\" height=\"695\" src=\"http:\/\/rebub.u-bordeaux.fr\/wp-content\/uploads\/2021\/05\/suivi_des_imports.png\" alt=\"\" class=\"wp-image-11447\" srcset=\"https:\/\/rebub.u-bordeaux.fr\/wp-content\/uploads\/2021\/05\/suivi_des_imports.png 1548w, https:\/\/rebub.u-bordeaux.fr\/wp-content\/uploads\/2021\/05\/suivi_des_imports-300x135.png 300w, https:\/\/rebub.u-bordeaux.fr\/wp-content\/uploads\/2021\/05\/suivi_des_imports-1024x460.png 1024w, https:\/\/rebub.u-bordeaux.fr\/wp-content\/uploads\/2021\/05\/suivi_des_imports-768x345.png 768w, https:\/\/rebub.u-bordeaux.fr\/wp-content\/uploads\/2021\/05\/suivi_des_imports-1536x690.png 1536w\" sizes=\"(max-width: 1548px) 100vw, 1548px\" \/><\/a><\/figure><\/div>\n\n\n<div class=\"is-layout-flex wp-container-3 wp-block-columns bord-bloc-reutilisable has-background\" style=\"background-color:#ffeec2\">\n<div class=\"is-layout-flow wp-block-column is-vertically-aligned-center\" style=\"flex-basis:7%\">\n<figure class=\"wp-block-image alignfull size-full is-style-default\"><img decoding=\"async\" loading=\"lazy\" width=\"512\" height=\"512\" src=\"https:\/\/rebub.u-bordeaux.fr\/wp-content\/uploads\/2024\/04\/nouvelles-idees-en-cours.png\" alt=\"\" class=\"wp-image-19897\" srcset=\"https:\/\/rebub.u-bordeaux.fr\/wp-content\/uploads\/2024\/04\/nouvelles-idees-en-cours.png 512w, https:\/\/rebub.u-bordeaux.fr\/wp-content\/uploads\/2024\/04\/nouvelles-idees-en-cours-300x300.png 300w, https:\/\/rebub.u-bordeaux.fr\/wp-content\/uploads\/2024\/04\/nouvelles-idees-en-cours-150x150.png 150w\" sizes=\"(max-width: 512px) 100vw, 512px\" \/><\/figure>\n<\/div>\n\n\n\n<div class=\"is-layout-flow wp-block-column is-vertically-aligned-center\" style=\"flex-basis:85%\">\n<p><strong>Note<\/strong> : L&rsquo;usage de deux profils d&rsquo;import nous permet d&rsquo;\u00eatre alert\u00e9 de la pr\u00e9sence multimatch tout en ne bloquant pas les notices non probl\u00e9matiques pr\u00e9sentes dans le m\u00eame lot de chargement.<\/p>\n<\/div>\n<\/div>\n\n\n\n<h2 id=\"configurations\" id=\"configurations\" class=\"wpig-heading\">Configurations<\/h2>\n\n\n\n<div class=\"is-layout-flex wp-container-6 wp-block-columns bord-bloc-reutilisable has-background\" style=\"background-color:#ffeec2\">\n<div class=\"is-layout-flow wp-block-column is-vertically-aligned-center\" style=\"flex-basis:7%\">\n<figure class=\"wp-block-image alignfull size-full is-style-default\"><img decoding=\"async\" loading=\"lazy\" width=\"512\" height=\"512\" src=\"https:\/\/rebub.u-bordeaux.fr\/wp-content\/uploads\/2024\/04\/nouvelles-idees-en-cours.png\" alt=\"\" class=\"wp-image-19897\" srcset=\"https:\/\/rebub.u-bordeaux.fr\/wp-content\/uploads\/2024\/04\/nouvelles-idees-en-cours.png 512w, https:\/\/rebub.u-bordeaux.fr\/wp-content\/uploads\/2024\/04\/nouvelles-idees-en-cours-300x300.png 300w, https:\/\/rebub.u-bordeaux.fr\/wp-content\/uploads\/2024\/04\/nouvelles-idees-en-cours-150x150.png 150w\" sizes=\"(max-width: 512px) 100vw, 512px\" \/><\/figure>\n<\/div>\n\n\n\n<div class=\"is-layout-flow wp-block-column is-vertically-aligned-center\" style=\"flex-basis:85%\">\n<p><strong>Note<\/strong> : Les chargements SUDOC sont g\u00e9r\u00e9s depuis la zone r\u00e9seau.<\/p>\n<\/div>\n<\/div>\n\n\n\n<h3 id=\"le_profil_d_integration_sudoc_email\" id=\"le_profil_d_integration_sudoc_email\" class=\"wpig-heading\">Le profil d&rsquo;int\u00e9gration SUDOC Email<\/h3>\n\n\n\n<div class=\"is-layout-flex wp-container-9 wp-block-columns bord-bloc-reutilisable has-background\" style=\"background-color:#ffeec2\">\n<div class=\"is-layout-flow wp-block-column is-vertically-aligned-center\" style=\"flex-basis:7%\">\n<figure class=\"wp-block-image alignfull size-full is-style-default\"><img decoding=\"async\" loading=\"lazy\" width=\"512\" height=\"512\" src=\"https:\/\/rebub.u-bordeaux.fr\/wp-content\/uploads\/2024\/04\/nouvelles-idees-en-cours.png\" alt=\"\" class=\"wp-image-19897\" srcset=\"https:\/\/rebub.u-bordeaux.fr\/wp-content\/uploads\/2024\/04\/nouvelles-idees-en-cours.png 512w, https:\/\/rebub.u-bordeaux.fr\/wp-content\/uploads\/2024\/04\/nouvelles-idees-en-cours-300x300.png 300w, https:\/\/rebub.u-bordeaux.fr\/wp-content\/uploads\/2024\/04\/nouvelles-idees-en-cours-150x150.png 150w\" sizes=\"(max-width: 512px) 100vw, 512px\" \/><\/figure>\n<\/div>\n\n\n\n<div class=\"is-layout-flow wp-block-column is-vertically-aligned-center\" style=\"flex-basis:85%\">\n<p><strong>Configuration Alma &gt; G\u00e9n\u00e9ral &gt; Profils d&rsquo;int\u00e9gration &gt; SUDOC_EMAIL<\/strong><\/p>\n<\/div>\n<\/div>\n\n\n\n<div class=\"level3\">\n<p>Configuration :<\/p>\n<ul>\n<li class=\"li\"><strong>Email Abes :<\/strong> email vers lequel demand\u00e9 le transfert des fichiers<\/li>\n<li class=\"li\"><strong>ILN de la biblioth\u00e8que<\/strong><\/li>\n<li class=\"li\"><strong>Email de la biblioth\u00e8que :<\/strong> Adresse qui re\u00e7oit le message \u201cstatus 9\u201d<\/li>\n<li class=\"li\"><strong>Serveur de messagerie h\u00f4te, Port du serveur de messagerie, Nom d&rsquo;utilisateur, Mot de passe :<\/strong> Param\u00e8tre du serveur de messagerie \u00e0 utiliser dans les \u00e9changes avec l&rsquo;ABES<\/li>\n<li class=\"li\"><strong>Serveur <abbr title=\"\" data-original-title=\"File Transfer Protocol\">FTP<\/abbr><\/strong> :<\/li>\n<li class=\"li\"><strong>Sous-r\u00e9pertoire <abbr title=\"\" data-original-title=\"File Transfer Protocol\">FTP<\/abbr><\/strong><\/li>\n<li class=\"li\">Num\u00e9ro de commande : Il se trouve dans les noms des fichiers transmis lors des TR. Il s&rsquo;agit des 6 premiers caract\u00e8res TR####<\/li>\n<\/ul>\n<\/div>\n\n\n\n<h3 id=\"declaration_du_ftp_de_l_abes\" id=\"declaration_du_ftp_de_l_abes\" class=\"wpig-heading\">D\u00e9claration du FTP de l&rsquo;ABES<\/h3>\n\n\n\n<div class=\"is-layout-flex wp-container-12 wp-block-columns bord-bloc-reutilisable has-background\" style=\"background-color:#ffeec2\">\n<div class=\"is-layout-flow wp-block-column is-vertically-aligned-center\" style=\"flex-basis:7%\">\n<figure class=\"wp-block-image alignfull size-full is-style-default\"><img decoding=\"async\" loading=\"lazy\" width=\"512\" height=\"512\" src=\"https:\/\/rebub.u-bordeaux.fr\/wp-content\/uploads\/2024\/04\/nouvelles-idees-en-cours.png\" alt=\"\" class=\"wp-image-19897\" srcset=\"https:\/\/rebub.u-bordeaux.fr\/wp-content\/uploads\/2024\/04\/nouvelles-idees-en-cours.png 512w, https:\/\/rebub.u-bordeaux.fr\/wp-content\/uploads\/2024\/04\/nouvelles-idees-en-cours-300x300.png 300w, https:\/\/rebub.u-bordeaux.fr\/wp-content\/uploads\/2024\/04\/nouvelles-idees-en-cours-150x150.png 150w\" sizes=\"(max-width: 512px) 100vw, 512px\" \/><\/figure>\n<\/div>\n\n\n\n<div class=\"is-layout-flow wp-block-column is-vertically-aligned-center\" style=\"flex-basis:85%\">\n<p><strong>Configuration Alma > G\u00e9n\u00e9ral > D\u00e9finitions S\/<abbr title=\"\">FTP<\/abbr> > vermeil.sudoc.abes.fr<\/strong><\/p>\n<\/div>\n<\/div>\n\n\n\n<h3 id=\"import_sudoc_fusion_ignoree\" id=\"import_sudoc_fusion_ignoree\" class=\"wpig-heading\">Import_sudoc_fusion_ignor\u00e9e<\/h3>\n\n\n\n<div class=\"is-layout-flex wp-container-15 wp-block-columns bord-bloc-reutilisable has-background\" style=\"background-color:#ffeec2\">\n<div class=\"is-layout-flow wp-block-column is-vertically-aligned-center\" style=\"flex-basis:7%\">\n<figure class=\"wp-block-image alignfull size-full is-style-default\"><img decoding=\"async\" loading=\"lazy\" width=\"512\" height=\"512\" src=\"https:\/\/rebub.u-bordeaux.fr\/wp-content\/uploads\/2024\/04\/nouvelles-idees-en-cours.png\" alt=\"\" class=\"wp-image-19897\" srcset=\"https:\/\/rebub.u-bordeaux.fr\/wp-content\/uploads\/2024\/04\/nouvelles-idees-en-cours.png 512w, https:\/\/rebub.u-bordeaux.fr\/wp-content\/uploads\/2024\/04\/nouvelles-idees-en-cours-300x300.png 300w, https:\/\/rebub.u-bordeaux.fr\/wp-content\/uploads\/2024\/04\/nouvelles-idees-en-cours-150x150.png 150w\" sizes=\"(max-width: 512px) 100vw, 512px\" \/><\/figure>\n<\/div>\n\n\n\n<div class=\"is-layout-flow wp-block-column is-vertically-aligned-center\" style=\"flex-basis:85%\">\n<p><strong>Ressources > G\u00e9rer les profils d&rsquo;import > Import_sudoc_fusion_ignor\u00e9e<\/strong><\/p>\n<\/div>\n<\/div>\n\n\n\n<div class=\"level3\">\n<ul>\n<li class=\"li\"><strong>R\u00e8gle de normalisation utilis\u00e9e pour le formatage des donn\u00e9es<\/strong> : <a class=\"urlextern\" title=\"https:\/\/github.com\/louxfaure\/regles-de-normalisation-Alma-REBUB\/blob\/master\/R%C3%A8gles%20de%20normalisation\/Passerelle%20Sudoc.drl\" href=\"https:\/\/github.com\/louxfaure\/regles-de-normalisation-Alma-REBUB\/blob\/master\/R%C3%A8gles%20de%20normalisation\/Passerelle%20Sudoc.drl\" target=\"_blank\" rel=\"nofollow noopener noreferrer\">Passerelle SUDOC<\/a><\/li>\n<li class=\"li\"><strong>Profil de correspondance :<\/strong>\n<ul>\n<li class=\"li\">Mode de correspondance : 035 (other system identifier)<\/li>\n<li class=\"li\">Pr\u00e9fixe d&rsquo;identifiant du syst\u00e8me : (PPN)<\/li>\n<\/ul>\n<\/li>\n<li class=\"li\"><strong>D\u00e9doublonnage :<\/strong>\n<ul>\n<li class=\"li\">En cas de correspondance : Fusionner<\/li>\n<li class=\"li\">M\u00e9thode de fusion : <a class=\"urlextern\" title=\"https:\/\/github.com\/louxfaure\/regles-de-normalisation-Alma-REBUB\/blob\/master\/R%C3%A8gles%20de%20fusion\/Fusion%20Passerelle%20SUDOC.drl\" href=\"https:\/\/github.com\/louxfaure\/regles-de-normalisation-Alma-REBUB\/blob\/master\/R%C3%A8gles%20de%20fusion\/Fusion%20Passerelle%20SUDOC.drl\" target=\"_blank\" rel=\"nofollow noopener noreferrer\">Fusion Passerelle SUDOC<\/a><\/li>\n<\/ul>\n<\/li>\n<li class=\"li\"><strong>Traitement automatique des correspondances multiples :<\/strong> Ignorer et ne pas importer les notices non r\u00e9solues<\/li>\n<\/ul>\n<\/div>\n\n\n\n<h3 id=\"import_sudoc\" id=\"import_sudoc\" class=\"wpig-heading\">Import_sudoc<\/h3>\n\n\n\n<div class=\"is-layout-flex wp-container-18 wp-block-columns bord-bloc-reutilisable has-background\" style=\"background-color:#ffeec2\">\n<div class=\"is-layout-flow wp-block-column is-vertically-aligned-center\" style=\"flex-basis:7%\">\n<figure class=\"wp-block-image alignfull size-full is-style-default\"><img decoding=\"async\" loading=\"lazy\" width=\"512\" height=\"512\" src=\"https:\/\/rebub.u-bordeaux.fr\/wp-content\/uploads\/2024\/04\/nouvelles-idees-en-cours.png\" alt=\"\" class=\"wp-image-19897\" srcset=\"https:\/\/rebub.u-bordeaux.fr\/wp-content\/uploads\/2024\/04\/nouvelles-idees-en-cours.png 512w, https:\/\/rebub.u-bordeaux.fr\/wp-content\/uploads\/2024\/04\/nouvelles-idees-en-cours-300x300.png 300w, https:\/\/rebub.u-bordeaux.fr\/wp-content\/uploads\/2024\/04\/nouvelles-idees-en-cours-150x150.png 150w\" sizes=\"(max-width: 512px) 100vw, 512px\" \/><\/figure>\n<\/div>\n\n\n\n<div class=\"is-layout-flow wp-block-column is-vertically-aligned-center\" style=\"flex-basis:85%\">\n<p><strong>Ressources > G\u00e9rer les profils d&rsquo;import > Import_sudoc<\/strong><\/p>\n<\/div>\n<\/div>\n\n\n\n<div class=\"level3\">\n\n<ul>\n<li class=\"li\"><strong>R\u00e8gle de normalisation utilis\u00e9e pour le formatage des donn\u00e9es<\/strong> : <a class=\"urlextern\" title=\"https:\/\/github.com\/louxfaure\/regles-de-normalisation-Alma-REBUB\/blob\/master\/R%C3%A8gles%20de%20normalisation\/Passerelle%20Sudoc.drl\" href=\"https:\/\/github.com\/louxfaure\/regles-de-normalisation-Alma-REBUB\/blob\/master\/R%C3%A8gles%20de%20normalisation\/Passerelle%20Sudoc.drl\" target=\"_blank\" rel=\"nofollow noopener noreferrer\">Passerelle SUDOC<\/a><\/li>\n<li class=\"li\"><strong>Profil de correspondance :<\/strong>\n<ul>\n<li class=\"li\">Mode de correspondance : 035 (other system identifier)<\/li>\n<li class=\"li\">Pr\u00e9fixe d&rsquo;identifiant du syst\u00e8me : (PPN)<\/li>\n<\/ul>\n<\/li>\n<li class=\"li\"><strong><strong>D\u00e9doublonnage :<\/strong><\/strong>\n<ul>\n<li class=\"li\">En cas de correspondance : Fusionner<\/li>\n<li class=\"li\">M\u00e9thode de fusion : <a class=\"urlextern\" title=\"https:\/\/github.com\/louxfaure\/regles-de-normalisation-Alma-REBUB\/blob\/master\/R%C3%A8gles%20de%20fusion\/Fusion%20Passerelle%20SUDOC.drl\" href=\"https:\/\/github.com\/louxfaure\/regles-de-normalisation-Alma-REBUB\/blob\/master\/R%C3%A8gles%20de%20fusion\/Fusion%20Passerelle%20SUDOC.drl\" target=\"_blank\" rel=\"nofollow noopener noreferrer\">Fusion Passerelle SUDOC<\/a><\/li>\n<\/ul>\n<\/li>\n<li class=\"li\"><strong>Fusionner les notices et combiner l&rsquo;inventaire pour des correspondances multiples : <\/strong>\n<ul>\n<li class=\"li\">Fusionner et combiner : Manuellement<\/li>\n<li class=\"li\">Notice pr\u00e9f\u00e9r\u00e9e : Notice comprenant le plus d&rsquo;exemplaires<\/li>\n<li class=\"li\">Notice non favorite : supprim\u00e9<\/li>\n<li class=\"li\">M\u00e9thode de fusion : <a class=\"urlextern\" title=\"https:\/\/github.com\/louxfaure\/regles-de-normalisation-Alma-REBUB\/blob\/master\/R%C3%A8gles%20de%20fusion\/Fusion%20Passerelle%20SUDOC.drl\" href=\"https:\/\/github.com\/louxfaure\/regles-de-normalisation-Alma-REBUB\/blob\/master\/R%C3%A8gles%20de%20fusion\/Fusion%20Passerelle%20SUDOC.drl\" target=\"_blank\" rel=\"nofollow noopener noreferrer\">Fusion Passerelle SUDOC<\/a><\/li>\n<\/ul>\n<\/li>\n<\/ul>\n<h2 id=\"stoc-resolution-de-problemes\" class=\"wpig-heading\">R\u00e9solution de probl\u00e8mes<\/h2>\n<p>En cas de non r\u00e9ception des fichiers de Transferts r\u00e9guliers, points \u00e0 v\u00e9rifier :<\/p>\n<ul>\n<li>Sur l&rsquo;adresse [scoop technique] : <strong>r\u00e9ception du mail \u00ab\u00a0statut 9\u00a0\u00bb<\/strong> ?\n<ul>\n<li>S&rsquo;il n&rsquo;y a pas trace de ce mail, contacter l&rsquo;Abes rubrique Transferts r\u00e9guliers.<\/li>\n<\/ul>\n<\/li>\n<li>Sur le serveur FTP de l&rsquo;ABES : <strong>d\u00e9p\u00f4t des fichiers<\/strong> ?\n<ul>\n<li>S&rsquo;il n&rsquo;y a pas les fichiers, relancer la recherche de ces fichiers depuis Alma : Alma r\u00e9seau &gt; Configuration &gt; onglet G\u00e9n\u00e9ral &gt; Syst\u00e8me externe &gt; profil d&rsquo;int\u00e9gration &gt; SUDOC_EMAIL &gt; Ex\u00e9cuter<\/li>\n<\/ul>\n<\/li>\n<\/ul>\n<ul>\n<li>Une fois les fichiers disponibles sur le serveur, <strong>relancer les imports<\/strong>.<\/li>\n<li>Dans Alma r\u00e9seau : relancer les imports suivants :\n<ul>\n<li>Import_sudoc<\/li>\n<li>Import Notices Abes (Marc21)<\/li>\n<\/ul>\n<\/li>\n<li>Dans Alma UB : relancer les imports suivants :\n<ul>\n<li>Import Notices Babord Num<\/li>\n<li>Import Th\u00e8ses d&rsquo;\u00e9tat num\u00e9riques UB SUDOC<\/li>\n<li>Import Th\u00e8ses d&rsquo;exercice UB SUDOC&nbsp;<\/li>\n<\/ul>\n<\/li>\n<li>Dans Alma UBM : relancer les imports suivants :\n<ul>\n<li>Import M\u00e9moires UBM SUDOC<\/li>\n<li>Import Notices 1886 avec cr\u00e9ation des portfolios<\/li>\n<li>Import Th\u00e8ses num\u00e9riques UBM SUDOC<\/li>\n<\/ul>\n<\/li>\n<\/ul>\n<\/div>\n\n\n\n<hr class=\"wp-block-separator has-alpha-channel-opacity\"\/>\n\n\n\n<div class=\"footnotes\">\n<div id=\"un\">&nbsp;<\/div>\n<div class=\"fn\"><sup>1)<\/sup> alexandre.faure@u-bordeaux.fr,admsigb.doc@univ-bordeaux.fr<\/div>\n<div class=\"fn\"><sup>2)<\/sup> i.e. Le syst\u00e8me trouve deux notices correspondantes dans Alma pour la m\u00eame notice SUDOC<\/div>\n<div class=\"fn\"><sup>3)<\/sup> les TR sont d\u00e9coup\u00e9s en fichier de 50 notices<\/div>\n<div>&nbsp;<\/div>\n<\/div>\n\n\n\n<div class=\"is-layout-flex wp-container-24 wp-block-columns bord-bloc-reutilisable has-background\" style=\"background-color:#d9edf7\">\n<div class=\"is-layout-flow wp-block-column is-vertically-aligned-center\" style=\"font-size:15px;flex-basis:20%\">\n<p style=\"font-size:15px\"><strong>Date de publication<\/strong> <\/p>\n\n\n<div style=\"font-size:15px;\" class=\"wp-block-post-date\"><time datetime=\"2024-03-22T09:36:32+01:00\">22 mars 2024<\/time><\/div><\/div>\n\n\n\n<div class=\"is-layout-flow wp-block-column is-vertically-aligned-center\" style=\"font-size:15px;flex-basis:20%\">\n<p><strong>Mis \u00e0 jour le <\/strong><\/p>\n\n\n<div style=\"font-size:15px;\" class=\"wp-block-post-date\"><time datetime=\"2024-05-06T14:06:17+02:00\">6 mai 2024<\/time><\/div><\/div>\n\n\n\n<div class=\"is-layout-flow wp-block-column is-vertically-aligned-center\" style=\"font-size:15px;flex-basis:40%\">\n<p><\/p>\n\n\n\n<p><strong>Attention ! <\/strong>Certains \u00e9tablissements utilisent parfois de proc\u00e9dures compl\u00e9mentaires <\/p>\n<\/div>\n\n\n\n<div class=\"is-layout-flow wp-block-column is-vertically-aligned-center\" style=\"font-size:15px;flex-basis:25%\">\n<div class=\"is-horizontal is-content-justification-center is-layout-flex wp-container-22 wp-block-buttons alignfull has-custom-font-size\" style=\"font-size:16px\">\n<div class=\"wp-block-button has-custom-width wp-block-button__width-75 has-custom-font-size is-style-fill\" style=\"font-size:15px\"><a class=\"wp-block-button__link has-white-color has-text-color has-background wp-element-button\" href=\"mailto:scoop@u-bordeaux.fr\" style=\"border-radius:65px;background-color:#000000db\"><strong>Signaler une erreur<\/strong><\/a><\/div>\n<\/div>\n<\/div>\n<\/div>\n","protected":false},"excerpt":{"rendered":"<p>Table des mati\u00e8res[ Show ]Pr\u00e9sentation g\u00e9n\u00e9raleDu c\u00f4t\u00e9 du SUDOCDu c\u00f4t\u00e9 d&rsquo;AlmaConfigurationsLe profil d&rsquo;int\u00e9gration SUDOC EmailD\u00e9claration du FTP de l&rsquo;ABESImport_sudoc_fusion_ignor\u00e9eImport_sudocR\u00e9solution de probl\u00e8mesPr\u00e9sentation g\u00e9n\u00e9rale Du c\u00f4t\u00e9 du SUDOC Chaque nuit, les \u00ab demandes d\u2019extraction \u00bb(jobs) sont ex\u00e9cut\u00e9es sur le syst\u00e8me central. Ces&#8230;<\/p>\n","protected":false},"author":46,"featured_media":0,"parent":18830,"menu_order":1,"comment_status":"closed","ping_status":"closed","template":"","meta":[],"post_mailing_queue_ids":[],"_links":{"self":[{"href":"https:\/\/rebub.u-bordeaux.fr\/index.php\/wp-json\/wp\/v2\/pages\/18834"}],"collection":[{"href":"https:\/\/rebub.u-bordeaux.fr\/index.php\/wp-json\/wp\/v2\/pages"}],"about":[{"href":"https:\/\/rebub.u-bordeaux.fr\/index.php\/wp-json\/wp\/v2\/types\/page"}],"author":[{"embeddable":true,"href":"https:\/\/rebub.u-bordeaux.fr\/index.php\/wp-json\/wp\/v2\/users\/46"}],"replies":[{"embeddable":true,"href":"https:\/\/rebub.u-bordeaux.fr\/index.php\/wp-json\/wp\/v2\/comments?post=18834"}],"version-history":[{"count":9,"href":"https:\/\/rebub.u-bordeaux.fr\/index.php\/wp-json\/wp\/v2\/pages\/18834\/revisions"}],"predecessor-version":[{"id":21017,"href":"https:\/\/rebub.u-bordeaux.fr\/index.php\/wp-json\/wp\/v2\/pages\/18834\/revisions\/21017"}],"up":[{"embeddable":true,"href":"https:\/\/rebub.u-bordeaux.fr\/index.php\/wp-json\/wp\/v2\/pages\/18830"}],"wp:attachment":[{"href":"https:\/\/rebub.u-bordeaux.fr\/index.php\/wp-json\/wp\/v2\/media?parent=18834"}],"curies":[{"name":"wp","href":"https:\/\/api.w.org\/{rel}","templated":true}]}}