	{"id":18835,"date":"2024-03-22T09:36:33","date_gmt":"2024-03-22T08:36:33","guid":{"rendered":"https:\/\/rebub.u-bordeaux.fr\/?page_id=18835"},"modified":"2024-05-06T14:07:28","modified_gmt":"2024-05-06T12:07:28","slug":"regle-de-constructions-des-facettes-dans-alma","status":"publish","type":"page","link":"https:\/\/rebub.u-bordeaux.fr\/index.php\/alma\/configuration-administration\/gestion-des-ressources\/circuits-et-architecture-des-donnees\/regle-de-constructions-des-facettes-dans-alma\/","title":{"rendered":"R\u00e8gle de construction des facettes dans Alma"},"content":{"rendered":"<div id='wpig-floatingbar' class='wpig-floatingbar'><div id='wpig-switch-wrapper' class='wpig-switch-wrapper'><span id='wpig-floating-switch' class='wpig-floating-switch'><img src='https:\/\/rebub.u-bordeaux.fr\/wp-content\/plugins\/sticky-toc-advance-table-of-contents\/\\assets\\menu.png'><\/span><\/div><div id='wpig-contents' class='wpig-contents  wpig-sidebar-widget wpig-style-3'><span class='wpig-headline'>Table des mati\u00e8res<span><a data-action='show' class='wpig-btn-toggledisplay'>[ Show ]<\/a><\/span><\/span><!-- Table of Contents --><div id='wpig-table-of-content' class='wpig-table-of-content'><ol><li class='recherche_tous_les_titres_et_titres_physiques'><a href='#recherche_tous_les_titres_et_titres_physiques'>Recherche \u00ab\u00a0Tous les titres\u00a0\u00bb et \u00ab\u00a0Titres physiques\u00a0\u00bb<\/a><\/li><li class='recherche_exemplaires_physiques'><a href='#recherche_exemplaires_physiques'>Recherche \u00ab\u00a0Exemplaires physiques\u00a0\u00bb<\/a><\/li><\/div><!-- END OF Table of Contents --><\/div><\/div><p><div id='wpig-contents' class='wpig-contents  wpig-sidebar-widget wpig-style-1'><span class='wpig-headline'>Table des mati\u00e8res<span><a data-action='show' class='wpig-btn-toggledisplay'>[ Show ]<\/a><\/span><\/span><!-- Table of Contents --><div id='wpig-table-of-content' class='wpig-table-of-content' ><ol><li class='recherche_tous_les_titres_et_titres_physiques'><a href='#recherche_tous_les_titres_et_titres_physiques'>Recherche \u00ab\u00a0Tous les titres\u00a0\u00bb et \u00ab\u00a0Titres physiques\u00a0\u00bb<\/a><\/li><li class='recherche_exemplaires_physiques'><a href='#recherche_exemplaires_physiques'>Recherche \u00ab\u00a0Exemplaires physiques\u00a0\u00bb<\/a><\/li><\/div><!-- END OF Table of Contents --><\/div><\/p>\n<h2 id=\"recherche_tous_les_titres_et_titres_physiques\" id=\"recherche_tous_les_titres_et_titres_physiques\" class=\"wpig-heading\">Recherche \u00ab\u00a0Tous les titres\u00a0\u00bb et \u00ab\u00a0Titres physiques\u00a0\u00bb<\/h2>\n\n\n\n<figure class=\"wp-block-table\"><table><thead><tr><th>Facette<\/th><th>Champs UNIMARC<\/th><\/tr><\/thead><tbody><tr><td>Type de mat\u00e9riel<\/td><td>Position 6 du label de la notice<\/td><\/tr><tr><td>Type de ressource<\/td><td>&nbsp;<\/td><\/tr><tr><td>Langue<\/td><td>101 a,d,e,f,g,h,i,j<\/td><\/tr><tr><td>Date de publication<\/td><td>100 a,09-12<br>207 a<br>210 d<\/td><\/tr><\/tbody><\/table><\/figure>\n\n\n\n<h2 id=\"recherche_exemplaires_physiques\" id=\"recherche_exemplaires_physiques\" class=\"wpig-heading\">Recherche \u00ab\u00a0Exemplaires physiques\u00a0\u00bb<\/h2>\n\n\n\n<figure class=\"wp-block-table\"><table><thead><tr><th>Facette<\/th><th>Champs UNIMARC<\/th><\/tr><\/thead><tbody><tr><td>Type de mat\u00e9riel de l&rsquo;exemplaire<\/td><td>A<\/td><\/tr><tr><td>Biblioth\u00e8que<\/td><td>B<\/td><\/tr><\/tbody><\/table><\/figure>\n\n\n<div class=\"wp-block-image\">\n<figure class=\"aligncenter\"><a href=\"http:\/\/rebub.u-bordeaux.fr\/wp-content\/uploads\/2021\/05\/editeur_d_exemplaire_physique.png\" target=\"_blank\" rel=\"noreferrer noopener\"><img decoding=\"async\" loading=\"lazy\" width=\"1903\" height=\"921\" src=\"http:\/\/rebub.u-bordeaux.fr\/wp-content\/uploads\/2021\/05\/editeur_d_exemplaire_physique.png\" alt=\"\" class=\"wp-image-11449\" srcset=\"https:\/\/rebub.u-bordeaux.fr\/wp-content\/uploads\/2021\/05\/editeur_d_exemplaire_physique.png 1903w, https:\/\/rebub.u-bordeaux.fr\/wp-content\/uploads\/2021\/05\/editeur_d_exemplaire_physique-300x145.png 300w, https:\/\/rebub.u-bordeaux.fr\/wp-content\/uploads\/2021\/05\/editeur_d_exemplaire_physique-1024x496.png 1024w, https:\/\/rebub.u-bordeaux.fr\/wp-content\/uploads\/2021\/05\/editeur_d_exemplaire_physique-768x372.png 768w, https:\/\/rebub.u-bordeaux.fr\/wp-content\/uploads\/2021\/05\/editeur_d_exemplaire_physique-1536x743.png 1536w\" sizes=\"(max-width: 1903px) 100vw, 1903px\" \/><\/a><\/figure><\/div>\n\n\n<div class=\"is-layout-flex wp-container-6 wp-block-columns bord-bloc-reutilisable has-background\" style=\"background-color:#d9edf7\">\n<div class=\"is-layout-flow wp-block-column is-vertically-aligned-center\" style=\"font-size:15px;flex-basis:20%\">\n<p style=\"font-size:15px\"><strong>Date de publication<\/strong> <\/p>\n\n\n<div style=\"font-size:15px;\" class=\"wp-block-post-date\"><time datetime=\"2024-03-22T09:36:33+01:00\">22 mars 2024<\/time><\/div><\/div>\n\n\n\n<div class=\"is-layout-flow wp-block-column is-vertically-aligned-center\" style=\"font-size:15px;flex-basis:20%\">\n<p><strong>Mis \u00e0 jour le <\/strong><\/p>\n\n\n<div style=\"font-size:15px;\" class=\"wp-block-post-date\"><time datetime=\"2024-05-06T14:07:28+02:00\">6 mai 2024<\/time><\/div><\/div>\n\n\n\n<div class=\"is-layout-flow wp-block-column is-vertically-aligned-center\" style=\"font-size:15px;flex-basis:40%\">\n<p><\/p>\n\n\n\n<p><strong>Attention ! <\/strong>Certains \u00e9tablissements utilisent parfois de proc\u00e9dures compl\u00e9mentaires <\/p>\n<\/div>\n\n\n\n<div class=\"is-layout-flow wp-block-column is-vertically-aligned-center\" style=\"font-size:15px;flex-basis:25%\">\n<div class=\"is-horizontal is-content-justification-center is-layout-flex wp-container-4 wp-block-buttons alignfull has-custom-font-size\" style=\"font-size:16px\">\n<div class=\"wp-block-button has-custom-width wp-block-button__width-75 has-custom-font-size is-style-fill\" style=\"font-size:15px\"><a class=\"wp-block-button__link has-white-color has-text-color has-background wp-element-button\" href=\"mailto:scoop@u-bordeaux.fr\" style=\"border-radius:65px;background-color:#000000db\"><strong>Signaler une erreur<\/strong><\/a><\/div>\n<\/div>\n<\/div>\n<\/div>\n","protected":false},"excerpt":{"rendered":"<p>Table des mati\u00e8res[ Show ]Recherche \u00ab\u00a0Tous les titres\u00a0\u00bb et \u00ab\u00a0Titres physiques\u00a0\u00bbRecherche \u00ab\u00a0Exemplaires physiques\u00a0\u00bbRecherche \u00ab\u00a0Tous les titres\u00a0\u00bb et \u00ab\u00a0Titres physiques\u00a0\u00bb Facette Champs UNIMARC Type de mat\u00e9riel Position 6 du label de la notice Type de ressource &nbsp; Langue 101 a,d,e,f,g,h,i,j Date&#8230;<\/p>\n","protected":false},"author":46,"featured_media":0,"parent":18830,"menu_order":3,"comment_status":"closed","ping_status":"closed","template":"","meta":[],"post_mailing_queue_ids":[],"_links":{"self":[{"href":"https:\/\/rebub.u-bordeaux.fr\/index.php\/wp-json\/wp\/v2\/pages\/18835"}],"collection":[{"href":"https:\/\/rebub.u-bordeaux.fr\/index.php\/wp-json\/wp\/v2\/pages"}],"about":[{"href":"https:\/\/rebub.u-bordeaux.fr\/index.php\/wp-json\/wp\/v2\/types\/page"}],"author":[{"embeddable":true,"href":"https:\/\/rebub.u-bordeaux.fr\/index.php\/wp-json\/wp\/v2\/users\/46"}],"replies":[{"embeddable":true,"href":"https:\/\/rebub.u-bordeaux.fr\/index.php\/wp-json\/wp\/v2\/comments?post=18835"}],"version-history":[{"count":3,"href":"https:\/\/rebub.u-bordeaux.fr\/index.php\/wp-json\/wp\/v2\/pages\/18835\/revisions"}],"predecessor-version":[{"id":21019,"href":"https:\/\/rebub.u-bordeaux.fr\/index.php\/wp-json\/wp\/v2\/pages\/18835\/revisions\/21019"}],"up":[{"embeddable":true,"href":"https:\/\/rebub.u-bordeaux.fr\/index.php\/wp-json\/wp\/v2\/pages\/18830"}],"wp:attachment":[{"href":"https:\/\/rebub.u-bordeaux.fr\/index.php\/wp-json\/wp\/v2\/media?parent=18835"}],"curies":[{"name":"wp","href":"https:\/\/api.w.org\/{rel}","templated":true}]}}