	{"id":18836,"date":"2024-03-22T09:36:36","date_gmt":"2024-03-22T08:36:36","guid":{"rendered":"https:\/\/rebub.u-bordeaux.fr\/?page_id=18836"},"modified":"2025-03-06T13:19:20","modified_gmt":"2025-03-06T12:19:20","slug":"mettre-a-jour-les-exemplaires-candidats-a-la-numerisation","status":"publish","type":"page","link":"https:\/\/rebub.u-bordeaux.fr\/index.php\/alma\/configuration-administration\/gestion-des-ressources\/exemplaires-holding\/mettre-a-jour-les-exemplaires-candidats-a-la-numerisation\/","title":{"rendered":"Mettre \u00e0 jour les exemplaires candidats \u00e0 la num\u00e9risation"},"content":{"rendered":"<div id='wpig-floatingbar' class='wpig-floatingbar'><div id='wpig-switch-wrapper' class='wpig-switch-wrapper'><span id='wpig-floating-switch' class='wpig-floating-switch'><img src='https:\/\/rebub.u-bordeaux.fr\/wp-content\/plugins\/sticky-toc-advance-table-of-contents\/\\assets\\menu.png'><\/span><\/div><div id='wpig-contents' class='wpig-contents  wpig-sidebar-widget wpig-style-3'><span class='wpig-headline'>Table des mati\u00e8res<span><a data-action='show' class='wpig-btn-toggledisplay'>[ Show ]<\/a><\/span><\/span><!-- Table of Contents --><div id='wpig-table-of-content' class='wpig-table-of-content'><ol><li class='stoc-1-reperer-les-exemplaires-candidats-a-la-numerisation'><a href='#stoc-1-reperer-les-exemplaires-candidats-a-la-numerisation'>1. Rep\u00e9rer les exemplaires candidats \u00e0 la num\u00e9risation<\/a><\/li><li class='stoc-2-identifier-et-modifier-les-exceptions-de-circulation-existantes'><a href='#stoc-2-identifier-et-modifier-les-exceptions-de-circulation-existantes'>2. Identifier et modifier les exceptions de circulation existantes<\/a><\/li><li class='stoc-3-ajouter-les-exceptions-de-circulation-sur-les-exemplaires-concernes'><a href='#stoc-3-ajouter-les-exceptions-de-circulation-sur-les-exemplaires-concernes'>3. Ajouter les exceptions de circulation sur les exemplaires concern\u00e9s<\/a><\/li><li class='stoc-4-integrer-les-nouvelles-exceptions-de-circulation-dans-alma'><a href='#stoc-4-integrer-les-nouvelles-exceptions-de-circulation-dans-alma'>4. Int\u00e9grer les nouvelles exceptions de circulation dans Alma<\/a><\/li><\/ol><\/div><!-- END OF Table of Contents --><\/div><\/div><p><div id='wpig-contents' class='wpig-contents  wpig-sidebar-widget wpig-style-1'><span class='wpig-headline'>Table des mati\u00e8res<span><a data-action='show' class='wpig-btn-toggledisplay'>[ Show ]<\/a><\/span><\/span><!-- Table of Contents --><div id='wpig-table-of-content' class='wpig-table-of-content' ><ol><li class='stoc-1-reperer-les-exemplaires-candidats-a-la-numerisation'><a href='#stoc-1-reperer-les-exemplaires-candidats-a-la-numerisation'>1. Rep\u00e9rer les exemplaires candidats \u00e0 la num\u00e9risation<\/a><\/li><li class='stoc-2-identifier-et-modifier-les-exceptions-de-circulation-existantes'><a href='#stoc-2-identifier-et-modifier-les-exceptions-de-circulation-existantes'>2. Identifier et modifier les exceptions de circulation existantes<\/a><\/li><li class='stoc-3-ajouter-les-exceptions-de-circulation-sur-les-exemplaires-concernes'><a href='#stoc-3-ajouter-les-exceptions-de-circulation-sur-les-exemplaires-concernes'>3. Ajouter les exceptions de circulation sur les exemplaires concern\u00e9s<\/a><\/li><li class='stoc-4-integrer-les-nouvelles-exceptions-de-circulation-dans-alma'><a href='#stoc-4-integrer-les-nouvelles-exceptions-de-circulation-dans-alma'>4. Int\u00e9grer les nouvelles exceptions de circulation dans Alma<\/a><\/li><\/ol><\/div><!-- END OF Table of Contents --><\/div><\/p>\n<div class=\"is-layout-flex wp-container-3 wp-block-columns bord-bloc-reutilisable has-background\" style=\"background-color:#ffeec2\">\n<div class=\"is-layout-flow wp-block-column is-vertically-aligned-center\" style=\"flex-basis:7%\">\n<figure class=\"wp-block-image alignfull size-full is-style-default\"><img decoding=\"async\" loading=\"lazy\" width=\"512\" height=\"512\" src=\"https:\/\/rebub.u-bordeaux.fr\/wp-content\/uploads\/2024\/04\/nouvelles-idees-en-cours.png\" alt=\"\" class=\"wp-image-19897\" srcset=\"https:\/\/rebub.u-bordeaux.fr\/wp-content\/uploads\/2024\/04\/nouvelles-idees-en-cours.png 512w, https:\/\/rebub.u-bordeaux.fr\/wp-content\/uploads\/2024\/04\/nouvelles-idees-en-cours-300x300.png 300w, https:\/\/rebub.u-bordeaux.fr\/wp-content\/uploads\/2024\/04\/nouvelles-idees-en-cours-150x150.png 150w\" sizes=\"(max-width: 512px) 100vw, 512px\" \/><\/figure>\n<\/div>\n\n\n\n<div class=\"is-layout-flow wp-block-column is-vertically-aligned-center\" style=\"flex-basis:85%\">\n<p><strong>Rappel<\/strong> : le service de num\u00e9risation \u00e0 la demande permet aux lecteurs de faire une demande de num\u00e9risation directement depuis Babord+. Ces demandes concernent uniquement les documents tomb\u00e9s dans le domaine public \u00e0 l&rsquo;exception des p\u00e9riodiques qui ne sont pas inclus dans le service de num\u00e9risation. Pour faciliter le calcul \u00ab\u00a070 ans apr\u00e8s la mort de l&rsquo;auteur\u00a0\u00bb, nous avons choisi de s\u00e9lectionner les exemplaires physiques dont l\u2019ann\u00e9e de publication est ant\u00e9rieure de 100 ans. Une v\u00e9rification des droits sera faite syst\u00e9matiquement pour chaque demande de num\u00e9risation. \u00c0 ce jour, seuls UB et UBM proposent ce service, la proc\u00e9dure sera \u00e0 r\u00e9p\u00e9ter pour ces deux institutions uniquement.<\/p>\n<\/div>\n<\/div>\n\n\n\n<p>La mise \u00e0 jour est \u00e0 effectuer annuellement en janvier (elle est inscrite dans <a href=\"http:\/\/rebub.u-bordeaux.fr\/index.php\/alma\/configuration-administration\/exploitation\/generalites\/calendrier-dexploitation-des-donnees\/\" data-type=\"URL\">le calendrier d&rsquo;exploitation du syst\u00e8me<\/a>). Cette proc\u00e9dure consiste \u00e0 ajouter et\/ou modifier l&rsquo;exception de circulation qui se trouve au niveau de la notice d&rsquo;exemplaire. L&rsquo;exception de circulation est le crit\u00e8re qui permet ensuite de cr\u00e9er des r\u00e8gles de demande de num\u00e9risation dans Alma.  Les exemplaires concern\u00e9s sont ceux publi\u00e9s il y a au moins 100 ans. Chaque ann\u00e9e, on int\u00e8gre donc les exemplaires publi\u00e9s au cours de l\u2019ann\u00e9e N-101 ans et on v\u00e9rifie \u00e9galement que tous les documents publi\u00e9s avant cette date soient d\u00e9j\u00e0 modifi\u00e9s. Ce qui pourrait ne pas \u00eatre le cas pour des documents entr\u00e9s dans les collections au cours de l&rsquo;ann\u00e9e.<\/p>\n\n\n\n<p>Cette proc\u00e9dure comprend 4 \u00e9tapes :<\/p>\n\n\n\n<ol type=\"1\">\n<li>Rep\u00e9rer les exemplaires candidats \u00e0 la num\u00e9risation<\/li>\n\n\n\n<li>Identifier et modifier les exceptions de circulation existantes<\/li>\n\n\n\n<li>Ajouter les exceptions de circulation sur les exemplaires concern\u00e9s<\/li>\n\n\n\n<li>Int\u00e9grer les nouvelles exceptions de circulation dans Alma<\/li>\n<\/ol>\n\n\n\n<h2 id=\"stoc-1-reperer-les-exemplaires-candidats-a-la-numerisation\" class=\"wpig-heading\">1. Rep\u00e9rer les exemplaires candidats \u00e0 la num\u00e9risation<\/h2>\n\n\n\n<p>Dans Alma, au niveau de l\u2019institution, se positionner sur l&rsquo;environnement de recherche \u00ab\u00a0Exemplaires physiques\u00a0\u00bb. Aller dans la recherche avanc\u00e9e, la requ\u00eate \u00e0 formuler est la suivante :<\/p>\n\n\n\n<ul>\n<li>Index \u00ab\u00a0Ann\u00e9e de publication\u00a0\u00bb au niveau de la notice bibliographique et filtrer sur \u00ab\u00a0&lt;\u00a0\u00bb \u00e0 l&rsquo;ann\u00e9e \u00e0 contr\u00f4ler (Actuelle-100).<\/li>\n\n\n\n<li>ET Index \u00ab\u00a0Type de mat\u00e9riel\u00a0\u00bb au niveau de la notice d&rsquo;exemplaire et filtrer sur \u00ab\u00a0n&rsquo;est pas \u00e9gal \u00e0\u00a0\u00bb la valeur \u00ab\u00a0Fascicule\u00a0\u00bb (pour exclure les p\u00e9riodiques).<\/li>\n\n\n\n<li>ET Index \u00ab&nbsp;Exception de circulation&nbsp;\u00bb au niveau de la notice d&rsquo;exemplaire et filtrer sur \u00ab\u00a0n&rsquo;est pas \u00e9gal \u00e0 \u00a0\u00bb pour les 7 valeurs d\u2019exception de circulation relatives \u00e0 la num\u00e9risation.<\/li>\n\n\n\n<li>ET exclure les localisations \u00e9tant syst\u00e9matiquement ouvert \u00e0 la num\u00e9risation (\u00e0 ce jour les &nbsp;\u00ab\u00a0R\u00e9serve A&nbsp;\u00bb et \u00ab R\u00e9serve B&nbsp;\u00bb de la BUDSPE) <\/li>\n<\/ul>\n\n\n\n<p>Rechercher et extraire la liste des exemplaires au format excel.<\/p>\n\n\n\n<div class=\"is-layout-flex wp-container-6 wp-block-columns bord-bloc-reutilisable has-background\" style=\"background-color:#ffeec2\">\n<div class=\"is-layout-flow wp-block-column is-vertically-aligned-center\" style=\"flex-basis:7%\">\n<figure class=\"wp-block-image alignfull size-full is-style-default\"><img decoding=\"async\" loading=\"lazy\" width=\"512\" height=\"512\" src=\"https:\/\/rebub.u-bordeaux.fr\/wp-content\/uploads\/2024\/04\/nouvelles-idees-en-cours.png\" alt=\"\" class=\"wp-image-19897\" srcset=\"https:\/\/rebub.u-bordeaux.fr\/wp-content\/uploads\/2024\/04\/nouvelles-idees-en-cours.png 512w, https:\/\/rebub.u-bordeaux.fr\/wp-content\/uploads\/2024\/04\/nouvelles-idees-en-cours-300x300.png 300w, https:\/\/rebub.u-bordeaux.fr\/wp-content\/uploads\/2024\/04\/nouvelles-idees-en-cours-150x150.png 150w\" sizes=\"(max-width: 512px) 100vw, 512px\" \/><\/figure>\n<\/div>\n\n\n\n<div class=\"is-layout-flow wp-block-column is-vertically-aligned-center\" style=\"flex-basis:85%\">\n<p><strong>Astuce<\/strong> : La requ\u00eate \u00e9tant un peu complexe, il est \u00e9galement possible de faire une recherche \u00e0 partir des deux premi\u00e8res lignes, puis d\u2019exporter tous les r\u00e9sultats (cependant, le chargement est un peu long) puis de filtrer sur les exceptions de circulation se terminant par \u00ab&nbsp;num\u00e9risable&nbsp;\u00bb directement dans Excel.<\/p>\n<\/div>\n<\/div>\n\n\n\n<p>Ouvrir le tableur et ne conserver que les colonnes&nbsp;suivantes<\/p>\n\n\n\n<figure class=\"wp-block-table\"><table><tbody><tr><td><strong>Code-barres<\/strong><\/td><td><strong>Biblioth\u00e8que<\/strong><\/td><td><strong>Emplacement permanent<\/strong><\/td><td><strong>Exception de circulation<\/strong><\/td><\/tr><\/tbody><\/table><\/figure>\n\n\n\n<p>Rajouter les colonnes&nbsp;:<\/p>\n\n\n\n<figure class=\"wp-block-table\"><table><tbody><tr><td><strong>Clef_recouv<\/strong><\/td><td><strong>Code exception \u00ab\u00a0num\u00e9risation\u00a0\u00bb<\/strong><\/td><\/tr><\/tbody><\/table><\/figure>\n\n\n\n<p>Int\u00e9grer dans la colonne Clef_recouv la formule :<\/p>\n\n\n\n<pre class=\"wp-block-code\"><code> =Biblioth\u00e8que&amp;\u00a0\"_\u00a0\"&amp;Emplacement permanent<\/code><\/pre>\n\n\n\n<h2 id=\"stoc-2-identifier-et-modifier-les-exceptions-de-circulation-existantes\" class=\"wpig-heading\">2. Identifier et modifier les exceptions de circulation existantes<\/h2>\n\n\n\n<p>Sur Excel, dans le tableau export\u00e9 en 1., utiliser un filtre pour isoler les exemplaires ayant d\u00e9j\u00e0 une exception de circulation. Utiliser la table de correspondance <a href=\"https:\/\/rebub.u-bordeaux.fr\/wp-content\/uploads\/2023\/03\/Table_exception-de-circulation_code-numerisable.xlsx\">suivante<\/a> pour remplir la colonne<strong> Code exception \u00ab\u00a0num\u00e9risation\u00a0\u00bb<\/strong>. Utiliser pour cela la formule dans la premi\u00e8re cellule vide de la colonne <strong>Code exception \u00ab\u00a0num\u00e9risation\u00a0\u00bb<\/strong> :<\/p>\n\n\n\n<pre class=\"wp-block-code\"><code> =RECHERCHEV(&#91;S\u00e9lectionnez la Table de correspondance ci dessous];&#91;Cellule de la colonne <strong>Exception de circulation<\/strong> sur la m\u00eame ligne que la cellule o\u00f9 vous tapez la formule];4;FAUX)<\/code><\/pre>\n\n\n\n<figure class=\"wp-block-table\"><table><tbody><tr><td>Exceptions de circulation \u00ab\u00a0normales\u00a0\u00bb<\/td><td>Code \u00ab\u00a0normal\u00a0\u00bb<\/td><td>Exceptions de circulation \u00ab\u00a0num\u00e9risables\u00a0\u00bb<\/td><td>Code \u00ab\u00a0num\u00e9risable\u00a0\u00bb<\/td><\/tr><tr><td>consultation soumise \u00e0 condition<\/td><td>p1<\/td><td>consultation soumise \u00e0 condition &#8211; num\u00e9risable<\/td><td>p1n1<\/td><\/tr><tr><td>consultation sur place uniquement<\/td><td>p2<\/td><td>consultation sur place uniquement &#8211; num\u00e9risable<\/td><td>p2n1<\/td><\/tr><tr><td>empruntable<\/td><td>p5<\/td><td>empruntable &#8211; num\u00e9risable<\/td><td>p5n1<\/td><\/tr><tr><td>empruntable limit\u00e9<\/td><td>p4<\/td><td>empruntable limit\u00e9 &#8211; num\u00e9risable<\/td><td>p4n1<\/td><\/tr><tr><td>empruntable soir et week-end<\/td><td>p3<\/td><td>empruntable soir et week-end &#8211; num\u00e9risable<\/td><td>p3n1<\/td><\/tr><tr><td>non consultable<\/td><td>p0<\/td><td>non consultable &#8211; num\u00e9risable<\/td><td>p0n1<\/td><\/tr><tr><td>sp\u00e9cial &#8211; cas particulier \u00e0 ajuster<\/td><td>p6<\/td><td>sp\u00e9cial &#8211; cas particulier \u00e0 ajuster &#8211; num\u00e9risable<\/td><td>p6n1<\/td><\/tr><\/tbody><\/table><\/figure>\n\n\n\n<p class=\"has-text-align-center\"><em>Table_exception de circulation_code num\u00e9risable<\/em><\/p>\n\n\n\n<h2 id=\"stoc-3-ajouter-les-exceptions-de-circulation-sur-les-exemplaires-concernes\" class=\"wpig-heading\">3. Ajouter les exceptions de circulation sur les exemplaires concern\u00e9s<\/h2>\n\n\n\n<p>Afin d\u2019attribuer la bonne exception de circulation aux exemplaires n\u2019ayant pas d\u00e9j\u00e0 une exception de circulation, il est n\u00e9cessaire d\u2019utiliser la liste de toutes les localisations ouvertes dans Alma pour chaque biblioth\u00e8que du r\u00e9seau. Le programme d&rsquo;extraction des localisations est d\u00e9pos\u00e9 et <a rel=\"noreferrer noopener\" href=\"https:\/\/github.com\/louxfaure\/Alma_Infos_Localisations\" target=\"_blank\">document\u00e9 ici<\/a>.<\/p>\n\n\n\n<div class=\"is-layout-flex wp-container-9 wp-block-columns bord-bloc-reutilisable has-background\" style=\"background-color:#ffeec2\">\n<div class=\"is-layout-flow wp-block-column is-vertically-aligned-center\" style=\"flex-basis:7%\">\n<figure class=\"wp-block-image alignfull size-full is-style-default\"><img decoding=\"async\" loading=\"lazy\" width=\"512\" height=\"512\" src=\"https:\/\/rebub.u-bordeaux.fr\/wp-content\/uploads\/2024\/04\/nouvelles-idees-en-cours.png\" alt=\"\" class=\"wp-image-19897\" srcset=\"https:\/\/rebub.u-bordeaux.fr\/wp-content\/uploads\/2024\/04\/nouvelles-idees-en-cours.png 512w, https:\/\/rebub.u-bordeaux.fr\/wp-content\/uploads\/2024\/04\/nouvelles-idees-en-cours-300x300.png 300w, https:\/\/rebub.u-bordeaux.fr\/wp-content\/uploads\/2024\/04\/nouvelles-idees-en-cours-150x150.png 150w\" sizes=\"(max-width: 512px) 100vw, 512px\" \/><\/figure>\n<\/div>\n\n\n\n<div class=\"is-layout-flow wp-block-column is-vertically-aligned-center\" style=\"flex-basis:85%\">\n<p><strong>Note<\/strong> : Le document export\u00e9 est en CSV, il faut donc l\u2019importer dans Excel en pr\u00e9cisant qu\u2019il s\u2019agit d\u2019Unicode (UTF-8).<\/p>\n<\/div>\n<\/div>\n\n\n\n<p>Conserver les colonnes suivantes :<\/p>\n\n\n\n<figure class=\"wp-block-table\"><table><tbody><tr><td><strong>Nom_Bliblioth\u00e8que<\/strong><\/td><td><strong>Type_de_Localisation<\/strong><\/td><td><strong>Un<\/strong>i<strong>t\u00e9 de service aux usager<\/strong><\/td><\/tr><\/tbody><\/table><\/figure>\n\n\n\n<p>Rajouter les colonnes :<\/p>\n\n\n\n<figure class=\"wp-block-table\"><table><tbody><tr><td><strong>Clef_recouv<\/strong><\/td><td><strong>Code exception \u00ab\u00a0num\u00e9risation\u00a0\u00bb<\/strong><\/td><\/tr><\/tbody><\/table><\/figure>\n\n\n\n<p>Int\u00e9grer dans la colonne Clef_recouv la formule : =Nom_Bliblioth\u00e8que &amp;&nbsp;\u00bb_&nbsp;\u00bb&amp; Type_de_Localisation<\/p>\n\n\n\n<p>Utiliser la table de correspondance <a href=\"https:\/\/rebub.u-bordeaux.fr\/wp-content\/uploads\/2023\/03\/Table_Unite-de-service_code-numerisation.xlsx\">suivante<\/a> afin de remplir dans la colonne <strong>Code exception \u00ab\u00a0num\u00e9risation\u00a0\u00bb<\/strong> par le code correspondant. Utiliser pour cela la formule =RECHERCHEV.<\/p>\n\n\n\n<figure class=\"wp-block-table\"><table><tbody><tr><td>&nbsp;<\/td><td><strong><span style=\"color: #2362ba;\">Universit\u00e9 de Bordeaux<\/span><\/strong><\/td><td>&nbsp;<\/td><td>&nbsp;<\/td><td><strong><span style=\"color: #5811ad;\">Universit\u00e9 Bordeaux Montaigne<\/span><\/strong><\/td><td>&nbsp;<\/td><\/tr><tr><td><strong>Unit\u00e9s de services aux usagers<\/strong><\/td><td><strong>R\u00e8gle de circulation principale<\/strong><\/td><td><strong>Exception de circulation correspondante pour la num\u00e9risation<\/strong><\/td><td><strong>Code \u00ab\u00a0num\u00e9risation\u00a0\u00bb<\/strong><\/td><td><strong>R\u00e8gle de circulation principale<\/strong><\/td><td><strong>Exception de circulation correspondante pour la num\u00e9risation<\/strong><\/td><td><strong>Code \u00ab\u00a0num\u00e9risation\u00a0\u00bb<\/strong><\/td><\/tr><tr><td>Libre-acc\u00e8s<\/td><td>Pr\u00eat normal<\/td><td>empruntable &#8211; num\u00e9risable<\/td><td>p5n1<\/td><td>Pr\u00eat normal<\/td><td>empruntable &#8211; num\u00e9risable<\/td><td>p5n1<\/td><\/tr><tr><td>Libre-acc\u00e8s de consultation<\/td><td>Consultation sur place uniquement<\/td><td>consultation sur place uniquement &#8211; num\u00e9risable<\/td><td>p2n1<\/td><td>Consultation sur place uniquement<\/td><td>consultation sur place uniquement &#8211; num\u00e9risable<\/td><td>p2n1<\/td><\/tr><tr><td>Libre-acc\u00e8s \u00e0 limitation<\/td><td>Pr\u00eat 2 semaines<\/td><td>empruntable limit\u00e9 &#8211; num\u00e9risable<\/td><td>p4n1<\/td><td>Pr\u00eat 2 semaines<\/td><td>empruntable limit\u00e9 &#8211; num\u00e9risable<\/td><td>p4n1<\/td><\/tr><tr><td>Magasin<\/td><td>Pr\u00eat normal<\/td><td>empruntable &#8211; num\u00e9risable<\/td><td>p5n1<\/td><td>Pr\u00eat normal<\/td><td>empruntable &#8211; num\u00e9risable<\/td><td>p5n1<\/td><\/tr><tr><td>Magasin exclus du pr\u00eat<\/td><td>Consultation sur place uniquement<\/td><td>consultation sur place uniquement &#8211; num\u00e9risable<\/td><td>p2n1<\/td><td>Consultation sur place uniquement<\/td><td>consultation sur place uniquement &#8211; num\u00e9risable<\/td><td>p2n1<\/td><\/tr><tr><td>Magasin \u00e0 limitation<\/td><td>Pr\u00eat 2 semaines<\/td><td>empruntable limit\u00e9 &#8211; num\u00e9risable<\/td><td>p4n1<\/td><td>Pr\u00eat 2 semaines<\/td><td>empruntable limit\u00e9 &#8211; num\u00e9risable<\/td><td>p4n1<\/td><\/tr><tr><td>R\u00e9serve<\/td><td>Consultation sur place uniquement<\/td><td>consultation sur place uniquement &#8211; num\u00e9risable<\/td><td>p2n1<\/td><td>Consultation sur place uniquement<\/td><td>consultation sur place uniquement &#8211; num\u00e9risable<\/td><td>p2n1<\/td><\/tr><tr><td>D\u00e9p\u00f4t enseignant<\/td><td>Non consultable<\/td><td>non consultable &#8211; num\u00e9risable<\/td><td>p0n1<\/td><td>Non consultable<\/td><td>non consultable &#8211; num\u00e9risable<\/td><td>p0n1<\/td><\/tr><tr><td>Service interne<\/td><td>Consultation sur place uniquement<\/td><td>consultation sur place uniquement &#8211; num\u00e9risable<\/td><td>p2n1<\/td><td>Consultation sur place uniquement<\/td><td>consultation sur place uniquement &#8211; num\u00e9risable<\/td><td>p2n1<\/td><\/tr><\/tbody><\/table><\/figure>\n\n\n\n<p class=\"has-text-align-center\"><em>Table_Unit\u00e9 de service_code num\u00e9risation<\/em><\/p>\n\n\n\n<p>Sur Excel, dans le tableau export\u00e9 en 1., utiliser un filtre pour isoler les exemplaires n&rsquo;ayant pas d\u00e9j\u00e0 une exception de circulation. Et, \u00e0 partir de cette nouvelle table cr\u00e9\u00e9e en 3., remplir la colonne<strong> Code exception \u00ab\u00a0num\u00e9risation\u00a0\u00bb<\/strong>. Utiliser pour cela la formule =RECHERCHEV et les deux colonnes Clef_recouv.<\/p>\n\n\n\n<h2 id=\"stoc-4-integrer-les-nouvelles-exceptions-de-circulation-dans-alma\" class=\"wpig-heading\">4. Int\u00e9grer les nouvelles exceptions de circulation dans Alma<\/h2>\n\n\n\n<p>Exporter un fichier CSV \u00e0 partir des colonnes <strong>Code-barres<\/strong> et <strong>Code exception num\u00e9risation<\/strong>, apr\u00e8s avoir renomm\u00e9 leur ent\u00eate respective \u00ab<strong>barcode<\/strong>\u00bb et \u00ab<strong>policy<\/strong>\u00bb. <\/p>\n\n\n\n<p>Sur les Outils du Scoop\/admin, aller dans <em>Utilitaires Alma\/Traitements de modification en masse des exemplaires<\/em>. Cliquer sur <em>+ Ajouter Traitement de modification en masse des exemplaires<\/em>, choisir l\u2019institution et le p\u00e9rim\u00e8tre, importer le fichier CSV et enfin, cliquer sur <em>Enregistrer<\/em>.<\/p>\n\n\n\n<div class=\"is-layout-flex wp-container-15 wp-block-columns bord-bloc-reutilisable has-background\" style=\"background-color:#d9edf7\">\n<div class=\"is-layout-flow wp-block-column is-vertically-aligned-center\" style=\"font-size:15px;flex-basis:20%\">\n<p style=\"font-size:15px\"><strong>Date de publication<\/strong> <\/p>\n\n\n<div style=\"font-size:15px;\" class=\"wp-block-post-date\"><time datetime=\"2024-03-22T09:36:36+01:00\">22 mars 2024<\/time><\/div><\/div>\n\n\n\n<div class=\"is-layout-flow wp-block-column is-vertically-aligned-center\" style=\"font-size:15px;flex-basis:20%\">\n<p><strong>Mis \u00e0 jour le <\/strong><\/p>\n\n\n<div style=\"font-size:15px;\" class=\"wp-block-post-date\"><time datetime=\"2025-03-06T13:19:20+01:00\">6 mars 2025<\/time><\/div><\/div>\n\n\n\n<div class=\"is-layout-flow wp-block-column is-vertically-aligned-center\" style=\"font-size:15px;flex-basis:40%\">\n<p><\/p>\n\n\n\n<p><strong>Attention ! <\/strong>Certains \u00e9tablissements utilisent parfois de proc\u00e9dures compl\u00e9mentaires <\/p>\n<\/div>\n\n\n\n<div class=\"is-layout-flow wp-block-column is-vertically-aligned-center\" style=\"font-size:15px;flex-basis:25%\">\n<div class=\"is-horizontal is-content-justification-center is-layout-flex wp-container-13 wp-block-buttons alignfull has-custom-font-size\" style=\"font-size:16px\">\n<div class=\"wp-block-button has-custom-width wp-block-button__width-75 has-custom-font-size is-style-fill\" style=\"font-size:15px\"><a class=\"wp-block-button__link has-white-color has-text-color has-background wp-element-button\" href=\"mailto:scoop@u-bordeaux.fr\" style=\"border-radius:65px;background-color:#000000db\"><strong>Signaler une erreur<\/strong><\/a><\/div>\n<\/div>\n<\/div>\n<\/div>\n","protected":false},"excerpt":{"rendered":"<p>Table des mati\u00e8res[ Show ]1. Rep\u00e9rer les exemplaires candidats \u00e0 la num\u00e9risation2. Identifier et modifier les exceptions de circulation existantes3. Ajouter les exceptions de circulation sur les exemplaires concern\u00e9s4. Int\u00e9grer les nouvelles exceptions de circulation dans AlmaRappel : le service&#8230;<\/p>\n","protected":false},"author":46,"featured_media":0,"parent":18831,"menu_order":0,"comment_status":"closed","ping_status":"closed","template":"","meta":[],"post_mailing_queue_ids":[],"_links":{"self":[{"href":"https:\/\/rebub.u-bordeaux.fr\/index.php\/wp-json\/wp\/v2\/pages\/18836"}],"collection":[{"href":"https:\/\/rebub.u-bordeaux.fr\/index.php\/wp-json\/wp\/v2\/pages"}],"about":[{"href":"https:\/\/rebub.u-bordeaux.fr\/index.php\/wp-json\/wp\/v2\/types\/page"}],"author":[{"embeddable":true,"href":"https:\/\/rebub.u-bordeaux.fr\/index.php\/wp-json\/wp\/v2\/users\/46"}],"replies":[{"embeddable":true,"href":"https:\/\/rebub.u-bordeaux.fr\/index.php\/wp-json\/wp\/v2\/comments?post=18836"}],"version-history":[{"count":8,"href":"https:\/\/rebub.u-bordeaux.fr\/index.php\/wp-json\/wp\/v2\/pages\/18836\/revisions"}],"predecessor-version":[{"id":23404,"href":"https:\/\/rebub.u-bordeaux.fr\/index.php\/wp-json\/wp\/v2\/pages\/18836\/revisions\/23404"}],"up":[{"embeddable":true,"href":"https:\/\/rebub.u-bordeaux.fr\/index.php\/wp-json\/wp\/v2\/pages\/18831"}],"wp:attachment":[{"href":"https:\/\/rebub.u-bordeaux.fr\/index.php\/wp-json\/wp\/v2\/media?parent=18836"}],"curies":[{"name":"wp","href":"https:\/\/api.w.org\/{rel}","templated":true}]}}