	{"id":18837,"date":"2024-03-22T09:36:41","date_gmt":"2024-03-22T08:36:41","guid":{"rendered":"https:\/\/rebub.u-bordeaux.fr\/?page_id=18837"},"modified":"2024-05-06T14:37:39","modified_gmt":"2024-05-06T12:37:39","slug":"creer-un-traitement-interne","status":"publish","type":"page","link":"https:\/\/rebub.u-bordeaux.fr\/index.php\/alma\/configuration-administration\/gestion-des-ressources\/traitements-internes\/creer-un-traitement-interne\/","title":{"rendered":"Cr\u00e9er un traitement interne"},"content":{"rendered":"<div id='wpig-floatingbar' class='wpig-floatingbar'><div id='wpig-switch-wrapper' class='wpig-switch-wrapper'><span id='wpig-floating-switch' class='wpig-floating-switch'><img src='https:\/\/rebub.u-bordeaux.fr\/wp-content\/plugins\/sticky-toc-advance-table-of-contents\/\\assets\\menu.png'><\/span><\/div><div id='wpig-contents' class='wpig-contents  wpig-sidebar-widget wpig-style-3'><span class='wpig-headline'>Table des mati\u00e8res<span><a data-action='show' class='wpig-btn-toggledisplay'>[ Show ]<\/a><\/span><\/span><!-- Table of Contents --><div id='wpig-table-of-content' class='wpig-table-of-content'><ol><li class='stoc-a-savoir-avant-de-creer-un-traitement-interne'><a href='#stoc-a-savoir-avant-de-creer-un-traitement-interne'>A savoir avant de cr\u00e9er un traitement interne<\/a><\/li><li class='stoc-creer-un-traitement-interne'><a href='#stoc-creer-un-traitement-interne'>Cr\u00e9er un traitement interne<\/a><\/li><li class='stoc-associer-un-traitement-interne-a-un-bureau-de-pret'><a href='#stoc-associer-un-traitement-interne-a-un-bureau-de-pret'>Associer un traitement interne \u00e0 un bureau de pr\u00eat<\/a><\/li><li class='https:\/\/knowledge.exlibrisgroup.com\/Alma\/Product_Documentation\/Alma_Online_Help_(Francais)\/090Administration\/050Configuration_des_fonctions_g%C3%A9n%C3%A9rales\/040Traitements_internes_et_d%C3%A9partements'><a href='#https:\/\/knowledge.exlibrisgroup.com\/Alma\/Product_Documentation\/Alma_Online_Help_(Francais)\/090Administration\/050Configuration_des_fonctions_g%C3%A9n%C3%A9rales\/040Traitements_internes_et_d%C3%A9partements'>Documentation Ex Libris<\/a><\/li><\/ol><\/div><!-- END OF Table of Contents --><\/div><\/div><p><div id='wpig-contents' class='wpig-contents  wpig-sidebar-widget wpig-style-1'><span class='wpig-headline'>Table des mati\u00e8res<span><a data-action='show' class='wpig-btn-toggledisplay'>[ Show ]<\/a><\/span><\/span><!-- Table of Contents --><div id='wpig-table-of-content' class='wpig-table-of-content' ><ol><li class='stoc-a-savoir-avant-de-creer-un-traitement-interne'><a href='#stoc-a-savoir-avant-de-creer-un-traitement-interne'>A savoir avant de cr\u00e9er un traitement interne<\/a><\/li><li class='stoc-creer-un-traitement-interne'><a href='#stoc-creer-un-traitement-interne'>Cr\u00e9er un traitement interne<\/a><\/li><li class='stoc-associer-un-traitement-interne-a-un-bureau-de-pret'><a href='#stoc-associer-un-traitement-interne-a-un-bureau-de-pret'>Associer un traitement interne \u00e0 un bureau de pr\u00eat<\/a><\/li><li class='https:\/\/knowledge.exlibrisgroup.com\/Alma\/Product_Documentation\/Alma_Online_Help_(Francais)\/090Administration\/050Configuration_des_fonctions_g%C3%A9n%C3%A9rales\/040Traitements_internes_et_d%C3%A9partements'><a href='#https:\/\/knowledge.exlibrisgroup.com\/Alma\/Product_Documentation\/Alma_Online_Help_(Francais)\/090Administration\/050Configuration_des_fonctions_g%C3%A9n%C3%A9rales\/040Traitements_internes_et_d%C3%A9partements'>Documentation Ex Libris<\/a><\/li><\/ol><\/div><!-- END OF Table of Contents --><\/div><\/p>\n<div class=\"is-layout-flex wp-container-3 wp-block-columns bord-bloc-reutilisable has-background\" style=\"background-color:#ffeec2\">\n<div class=\"is-layout-flow wp-block-column is-vertically-aligned-center\" style=\"flex-basis:7%\">\n<figure class=\"wp-block-image alignfull size-full is-style-default\"><img decoding=\"async\" loading=\"lazy\" width=\"512\" height=\"512\" src=\"https:\/\/rebub.u-bordeaux.fr\/wp-content\/uploads\/2024\/04\/nouvelles-idees-en-cours.png\" alt=\"\" class=\"wp-image-19897\" srcset=\"https:\/\/rebub.u-bordeaux.fr\/wp-content\/uploads\/2024\/04\/nouvelles-idees-en-cours.png 512w, https:\/\/rebub.u-bordeaux.fr\/wp-content\/uploads\/2024\/04\/nouvelles-idees-en-cours-300x300.png 300w, https:\/\/rebub.u-bordeaux.fr\/wp-content\/uploads\/2024\/04\/nouvelles-idees-en-cours-150x150.png 150w\" sizes=\"(max-width: 512px) 100vw, 512px\" \/><\/figure>\n<\/div>\n\n\n\n<div class=\"is-layout-flow wp-block-column is-vertically-aligned-center\" style=\"flex-basis:85%\">\n<p><strong>Dans quel(s) cas cr\u00e9er des traitements internes<\/strong> <\/p>\n\n\n\n<ul>\n<li>pour la gestion des ressources au quotidien : permet de suivre de mani\u00e8re fine les documents en traitement et de les rendre indisponibles \u00e0 l&rsquo;affichage dans Babord+<\/li>\n\n\n\n<li>pour la gestion des ressources dans le cadre d&rsquo;un chantier<\/li>\n<\/ul>\n<\/div>\n<\/div>\n\n\n\n<h3 id=\"stoc-a-savoir-avant-de-creer-un-traitement-interne\" class=\"wpig-heading\">A savoir avant de cr\u00e9er un traitement interne<\/h3>\n\n\n\n<p><strong>Les traitements peuvent \u00eatre cr\u00e9\u00e9s \u00e0 deux niveaux :<\/strong><\/p>\n\n\n\n<ul>\n<li>au niveau de l&rsquo;institution : lorsqu&rsquo;ils sont cr\u00e9\u00e9s \u00e0 ce niveau, toutes les biblioth\u00e8ques peuvent en b\u00e9n\u00e9ficier<\/li>\n\n\n\n<li>au niveau de la biblioth\u00e8que : le traitement n&rsquo;est visible et utilisable que dans la biblioth\u00e8que dans laquelle il est cr\u00e9\u00e9<\/li>\n<\/ul>\n\n\n\n<p><strong>Type de traitement et d\u00e9partement de traitement :<\/strong><\/p>\n\n\n\n<p>Il est possible d&rsquo;associer un traitement \u00e0 un d\u00e9partement de traitement. Cela implique donc de se localiser au d\u00e9partement pour g\u00e9rer le circuit de traitement du document.<\/p>\n\n\n\n<p>Ce n&rsquo;est pas le choix qui a \u00e9t\u00e9 fait. On ne cr\u00e9e pas de d\u00e9partement lorsque l&rsquo;on cr\u00e9e un traitement. Ce sont les bureaux de pr\u00eat qui g\u00e8rent les traitements cr\u00e9\u00e9s.<\/p>\n\n\n\n<h3 id=\"stoc-creer-un-traitement-interne\" class=\"wpig-heading\">Cr\u00e9er un traitement interne<\/h3>\n\n\n\n<div class=\"is-layout-flex wp-container-6 wp-block-columns bord-bloc-reutilisable has-background\" style=\"background-color:#ffeec2\">\n<div class=\"is-layout-flow wp-block-column is-vertically-aligned-center\" style=\"flex-basis:7%\">\n<figure class=\"wp-block-image alignfull size-full is-style-default\"><img decoding=\"async\" loading=\"lazy\" width=\"512\" height=\"512\" src=\"https:\/\/rebub.u-bordeaux.fr\/wp-content\/uploads\/2024\/04\/nouvelles-idees-en-cours.png\" alt=\"\" class=\"wp-image-19897\" srcset=\"https:\/\/rebub.u-bordeaux.fr\/wp-content\/uploads\/2024\/04\/nouvelles-idees-en-cours.png 512w, https:\/\/rebub.u-bordeaux.fr\/wp-content\/uploads\/2024\/04\/nouvelles-idees-en-cours-300x300.png 300w, https:\/\/rebub.u-bordeaux.fr\/wp-content\/uploads\/2024\/04\/nouvelles-idees-en-cours-150x150.png 150w\" sizes=\"(max-width: 512px) 100vw, 512px\" \/><\/figure>\n<\/div>\n\n\n\n<div class=\"is-layout-flow wp-block-column is-vertically-aligned-center\" style=\"flex-basis:85%\">\n<p><strong>Chemin d&rsquo;acc\u00e8s \u00e0 la configuration :<\/strong> Alma>Configuration>Institution>G\u00e9n\u00e9ral>Traitements internes et d\u00e9partements>Types de traitement interne<\/p>\n<\/div>\n<\/div>\n\n\n\n<p>Cliquer sur \u00ab\u00a0Ajouter un type de traitement interne\u00a0\u00bb :<\/p>\n\n\n\n<figure class=\"wp-block-image\"><a href=\"https:\/\/rebub.u-bordeaux.fr\/wp-content\/uploads\/2022\/05\/Traitement-interne_Bouton-ajouter-un-traitement.png\" target=\"_blank\" rel=\"noopener\"><img decoding=\"async\" loading=\"lazy\" width=\"4310\" height=\"1904\" src=\"https:\/\/rebub.u-bordeaux.fr\/wp-content\/uploads\/2022\/05\/Traitement-interne_Bouton-ajouter-un-traitement.png\" alt=\"\" class=\"wp-image-13892\" srcset=\"https:\/\/rebub.u-bordeaux.fr\/wp-content\/uploads\/2022\/05\/Traitement-interne_Bouton-ajouter-un-traitement.png 4310w, https:\/\/rebub.u-bordeaux.fr\/wp-content\/uploads\/2022\/05\/Traitement-interne_Bouton-ajouter-un-traitement-300x133.png 300w, https:\/\/rebub.u-bordeaux.fr\/wp-content\/uploads\/2022\/05\/Traitement-interne_Bouton-ajouter-un-traitement-1024x452.png 1024w, https:\/\/rebub.u-bordeaux.fr\/wp-content\/uploads\/2022\/05\/Traitement-interne_Bouton-ajouter-un-traitement-768x339.png 768w, https:\/\/rebub.u-bordeaux.fr\/wp-content\/uploads\/2022\/05\/Traitement-interne_Bouton-ajouter-un-traitement-1536x679.png 1536w, https:\/\/rebub.u-bordeaux.fr\/wp-content\/uploads\/2022\/05\/Traitement-interne_Bouton-ajouter-un-traitement-2048x905.png 2048w\" sizes=\"(max-width: 4310px) 100vw, 4310px\" \/><\/a><\/figure>\n\n\n\n<p>Une boite de dialogue pour cr\u00e9er le traitement s&rsquo;ouvre :<\/p>\n\n\n<div class=\"wp-block-image\">\n<figure class=\"aligncenter\"><a href=\"https:\/\/rebub.u-bordeaux.fr\/wp-content\/uploads\/2022\/05\/Traitement-interne_Boite-dialogue.png\" target=\"_blank\" rel=\"noopener\"><img decoding=\"async\" loading=\"lazy\" width=\"485\" height=\"529\" src=\"https:\/\/rebub.u-bordeaux.fr\/wp-content\/uploads\/2022\/05\/Traitement-interne_Boite-dialogue.png\" alt=\"\" class=\"wp-image-13893\" srcset=\"https:\/\/rebub.u-bordeaux.fr\/wp-content\/uploads\/2022\/05\/Traitement-interne_Boite-dialogue.png 485w, https:\/\/rebub.u-bordeaux.fr\/wp-content\/uploads\/2022\/05\/Traitement-interne_Boite-dialogue-275x300.png 275w\" sizes=\"(max-width: 485px) 100vw, 485px\" \/><\/a><\/figure><\/div>\n\n\n<p>Dans cette boite de dialogue, renseigner :<\/p>\n\n\n\n<ul>\n<li>le code du traitement : c&rsquo;est l&rsquo;identifiant du traitement dans Alma. Utile lors de la cr\u00e9ation de rapports analytique<\/li>\n\n\n\n<li>le nom du traitement : c&rsquo;est le libell\u00e9 du traitement. Attention au nommage car le nom peut \u00eatre affich\u00e9 dans Babord+ (c&rsquo;est le cas dans les param\u00e8tres actuels)<\/li>\n\n\n\n<li>la description du traitement (facultative) : permet de donner des pr\u00e9cisions sur le traitement<\/li>\n\n\n\n<li>rappel de pr\u00eat : cocher cette case si on souhaite qu&rsquo;un document en pr\u00eat ne soit pas renouvelable ou r\u00e9servable par un autre lecteur car un traitement lui a \u00e9t\u00e9 appliqu\u00e9 en cours.<\/li>\n<\/ul>\n\n\n\n<p>Cliquer sur \u00ab\u00a0Ajouter un type de traitement interne\u00a0\u00bb :<\/p>\n\n\n<div class=\"wp-block-image\">\n<figure class=\"aligncenter\"><a href=\"https:\/\/rebub.u-bordeaux.fr\/wp-content\/uploads\/2022\/05\/Traitement-interne_Boite-dialogue_Bouton-ajouter-type-traitement-interne.png\" target=\"_blank\" rel=\"noopener\"><img decoding=\"async\" loading=\"lazy\" width=\"939\" height=\"1024\" src=\"https:\/\/rebub.u-bordeaux.fr\/wp-content\/uploads\/2022\/05\/Traitement-interne_Boite-dialogue_Bouton-ajouter-type-traitement-interne-939x1024.png\" alt=\"\" class=\"wp-image-13894\" srcset=\"https:\/\/rebub.u-bordeaux.fr\/wp-content\/uploads\/2022\/05\/Traitement-interne_Boite-dialogue_Bouton-ajouter-type-traitement-interne-939x1024.png 939w, https:\/\/rebub.u-bordeaux.fr\/wp-content\/uploads\/2022\/05\/Traitement-interne_Boite-dialogue_Bouton-ajouter-type-traitement-interne-275x300.png 275w, https:\/\/rebub.u-bordeaux.fr\/wp-content\/uploads\/2022\/05\/Traitement-interne_Boite-dialogue_Bouton-ajouter-type-traitement-interne-768x838.png 768w, https:\/\/rebub.u-bordeaux.fr\/wp-content\/uploads\/2022\/05\/Traitement-interne_Boite-dialogue_Bouton-ajouter-type-traitement-interne-1408x1536.png 1408w, https:\/\/rebub.u-bordeaux.fr\/wp-content\/uploads\/2022\/05\/Traitement-interne_Boite-dialogue_Bouton-ajouter-type-traitement-interne.png 1516w\" sizes=\"(max-width: 939px) 100vw, 939px\" \/><\/a><\/figure><\/div>\n\n\n<h3 id=\"stoc-associer-un-traitement-interne-a-un-bureau-de-pret\" class=\"wpig-heading\">Associer un traitement interne \u00e0 un bureau de pr\u00eat<\/h3>\n\n\n\n<p>Apr\u00e8s avoir cr\u00e9\u00e9 un traitement interne, il faut ensuite l&rsquo;associer au bureau de pr\u00eat de la biblioth\u00e8que qui l&rsquo;utilisera.<\/p>\n\n\n\n<p><strong>Chemin d&rsquo;acc\u00e8s \u00e0 la configuration :<\/strong> Alma&gt;Configuration&gt;Biblioth\u00e8que&gt;Services aux usagers&gt;Gestion de la biblioth\u00e8que&gt;Bureaux de pr\u00eat<\/p>\n\n\n\n<p>Cliquer sur le code ou le bouton \u00ab\u00a0Modifier\u00a0\u00bb du bureau de pr\u00eat auquel associer le traitement :<\/p>\n\n\n\n<figure class=\"wp-block-image\"><a href=\"https:\/\/rebub.u-bordeaux.fr\/wp-content\/uploads\/2022\/05\/Traitement-interne_Bureau-de-pret.png\" target=\"_blank\" rel=\"noopener\"><img decoding=\"async\" loading=\"lazy\" width=\"4323\" height=\"2038\" src=\"https:\/\/rebub.u-bordeaux.fr\/wp-content\/uploads\/2022\/05\/Traitement-interne_Bureau-de-pret.png\" alt=\"\" class=\"wp-image-13895\" srcset=\"https:\/\/rebub.u-bordeaux.fr\/wp-content\/uploads\/2022\/05\/Traitement-interne_Bureau-de-pret.png 4323w, https:\/\/rebub.u-bordeaux.fr\/wp-content\/uploads\/2022\/05\/Traitement-interne_Bureau-de-pret-300x141.png 300w, https:\/\/rebub.u-bordeaux.fr\/wp-content\/uploads\/2022\/05\/Traitement-interne_Bureau-de-pret-1024x483.png 1024w, https:\/\/rebub.u-bordeaux.fr\/wp-content\/uploads\/2022\/05\/Traitement-interne_Bureau-de-pret-768x362.png 768w, https:\/\/rebub.u-bordeaux.fr\/wp-content\/uploads\/2022\/05\/Traitement-interne_Bureau-de-pret-1536x724.png 1536w, https:\/\/rebub.u-bordeaux.fr\/wp-content\/uploads\/2022\/05\/Traitement-interne_Bureau-de-pret-2048x965.png 2048w\" sizes=\"(max-width: 4323px) 100vw, 4323px\" \/><\/a><\/figure>\n\n\n\n<p>Se positionner sur l&rsquo;onglet \u00ab\u00a0Type de traitement interne\u00a0\u00bb :<\/p>\n\n\n\n<figure class=\"wp-block-image\"><a href=\"https:\/\/rebub.u-bordeaux.fr\/wp-content\/uploads\/2022\/05\/Traitement-interne_Onglet-traitement-interne.png\" target=\"_blank\" rel=\"noopener\"><img decoding=\"async\" loading=\"lazy\" width=\"4332\" height=\"1395\" src=\"https:\/\/rebub.u-bordeaux.fr\/wp-content\/uploads\/2022\/05\/Traitement-interne_Onglet-traitement-interne.png\" alt=\"\" class=\"wp-image-13896\" srcset=\"https:\/\/rebub.u-bordeaux.fr\/wp-content\/uploads\/2022\/05\/Traitement-interne_Onglet-traitement-interne.png 4332w, https:\/\/rebub.u-bordeaux.fr\/wp-content\/uploads\/2022\/05\/Traitement-interne_Onglet-traitement-interne-300x97.png 300w, https:\/\/rebub.u-bordeaux.fr\/wp-content\/uploads\/2022\/05\/Traitement-interne_Onglet-traitement-interne-1024x330.png 1024w, https:\/\/rebub.u-bordeaux.fr\/wp-content\/uploads\/2022\/05\/Traitement-interne_Onglet-traitement-interne-768x247.png 768w, https:\/\/rebub.u-bordeaux.fr\/wp-content\/uploads\/2022\/05\/Traitement-interne_Onglet-traitement-interne-1536x495.png 1536w, https:\/\/rebub.u-bordeaux.fr\/wp-content\/uploads\/2022\/05\/Traitement-interne_Onglet-traitement-interne-2048x660.png 2048w\" sizes=\"(max-width: 4332px) 100vw, 4332px\" \/><\/a><\/figure>\n\n\n\n<p>Cliquer sur le bouton \u00ab\u00a0Ajouter un type de traitement interne\u00a0\u00bb :<\/p>\n\n\n\n<figure class=\"wp-block-image\"><a href=\"https:\/\/rebub.u-bordeaux.fr\/wp-content\/uploads\/2022\/05\/Traitement-interne_Onglet-traitement-interne_Bouton-ajouter-un-traitement.png\" target=\"_blank\" rel=\"noopener\"><img decoding=\"async\" loading=\"lazy\" width=\"4329\" height=\"1535\" src=\"https:\/\/rebub.u-bordeaux.fr\/wp-content\/uploads\/2022\/05\/Traitement-interne_Onglet-traitement-interne_Bouton-ajouter-un-traitement.png\" alt=\"\" class=\"wp-image-13897\" srcset=\"https:\/\/rebub.u-bordeaux.fr\/wp-content\/uploads\/2022\/05\/Traitement-interne_Onglet-traitement-interne_Bouton-ajouter-un-traitement.png 4329w, https:\/\/rebub.u-bordeaux.fr\/wp-content\/uploads\/2022\/05\/Traitement-interne_Onglet-traitement-interne_Bouton-ajouter-un-traitement-300x106.png 300w, https:\/\/rebub.u-bordeaux.fr\/wp-content\/uploads\/2022\/05\/Traitement-interne_Onglet-traitement-interne_Bouton-ajouter-un-traitement-1024x363.png 1024w, https:\/\/rebub.u-bordeaux.fr\/wp-content\/uploads\/2022\/05\/Traitement-interne_Onglet-traitement-interne_Bouton-ajouter-un-traitement-768x272.png 768w, https:\/\/rebub.u-bordeaux.fr\/wp-content\/uploads\/2022\/05\/Traitement-interne_Onglet-traitement-interne_Bouton-ajouter-un-traitement-1536x545.png 1536w, https:\/\/rebub.u-bordeaux.fr\/wp-content\/uploads\/2022\/05\/Traitement-interne_Onglet-traitement-interne_Bouton-ajouter-un-traitement-2048x726.png 2048w\" sizes=\"(max-width: 4329px) 100vw, 4329px\" \/><\/a><\/figure>\n\n\n\n<p>Un boite de dialogue pour configurer le type de traitement s&rsquo;ouvre :<\/p>\n\n\n<div class=\"wp-block-image\">\n<figure class=\"aligncenter\"><a href=\"https:\/\/rebub.u-bordeaux.fr\/wp-content\/uploads\/2022\/05\/Traitement-interne_Onglet-traitement-interne_Boite-dialogue.png\" target=\"_blank\" rel=\"noopener\"><img decoding=\"async\" loading=\"lazy\" width=\"569\" height=\"423\" src=\"https:\/\/rebub.u-bordeaux.fr\/wp-content\/uploads\/2022\/05\/Traitement-interne_Onglet-traitement-interne_Boite-dialogue.png\" alt=\"\" class=\"wp-image-13898\" srcset=\"https:\/\/rebub.u-bordeaux.fr\/wp-content\/uploads\/2022\/05\/Traitement-interne_Onglet-traitement-interne_Boite-dialogue.png 569w, https:\/\/rebub.u-bordeaux.fr\/wp-content\/uploads\/2022\/05\/Traitement-interne_Onglet-traitement-interne_Boite-dialogue-300x223.png 300w\" sizes=\"(max-width: 569px) 100vw, 569px\" \/><\/a><\/figure><\/div>\n\n\n<p>Dans cette boite de dialogue :<\/p>\n\n\n\n<ul>\n<li>aller chercher le type de traitement dans la liste de valeur<\/li>\n\n\n\n<li>renseigner le nombre de jours de dur\u00e9e du traitement : cette valeur est \u00e0 titre informative et permet seulement de filtrer les documents en traitement. Il n&rsquo;y a pas de fin de traitement automatique dans Alma.<\/li>\n<\/ul>\n\n\n\n<p>Cliquer sur \u00ab\u00a0Ajouter un traitement interne\u00a0\u00bb :<\/p>\n\n\n<div class=\"wp-block-image\">\n<figure class=\"aligncenter\"><a href=\"https:\/\/rebub.u-bordeaux.fr\/wp-content\/uploads\/2022\/05\/Traitement-interne_Onglet-traitement-interne_ajouter-un-traitement-interne.png\" target=\"_blank\" rel=\"noopener\"><img decoding=\"async\" loading=\"lazy\" width=\"1024\" height=\"708\" src=\"https:\/\/rebub.u-bordeaux.fr\/wp-content\/uploads\/2022\/05\/Traitement-interne_Onglet-traitement-interne_ajouter-un-traitement-interne-1024x708.png\" alt=\"\" class=\"wp-image-13899\" srcset=\"https:\/\/rebub.u-bordeaux.fr\/wp-content\/uploads\/2022\/05\/Traitement-interne_Onglet-traitement-interne_ajouter-un-traitement-interne-1024x708.png 1024w, https:\/\/rebub.u-bordeaux.fr\/wp-content\/uploads\/2022\/05\/Traitement-interne_Onglet-traitement-interne_ajouter-un-traitement-interne-300x207.png 300w, https:\/\/rebub.u-bordeaux.fr\/wp-content\/uploads\/2022\/05\/Traitement-interne_Onglet-traitement-interne_ajouter-un-traitement-interne-768x531.png 768w, https:\/\/rebub.u-bordeaux.fr\/wp-content\/uploads\/2022\/05\/Traitement-interne_Onglet-traitement-interne_ajouter-un-traitement-interne-1536x1062.png 1536w, https:\/\/rebub.u-bordeaux.fr\/wp-content\/uploads\/2022\/05\/Traitement-interne_Onglet-traitement-interne_ajouter-un-traitement-interne.png 1742w\" sizes=\"(max-width: 1024px) 100vw, 1024px\" \/><\/a><\/figure><\/div>\n\n\n<p>Cliquer sur \u00ab\u00a0Enregistrer\u00a0\u00bb pour terminer :<\/p>\n\n\n\n<figure class=\"wp-block-image\"><a href=\"https:\/\/rebub.u-bordeaux.fr\/wp-content\/uploads\/2022\/05\/Traitement-interne_Onglet-traitement-interne_Bouton-enregistrer.png\" target=\"_blank\" rel=\"noopener\"><img decoding=\"async\" loading=\"lazy\" width=\"4342\" height=\"1554\" src=\"https:\/\/rebub.u-bordeaux.fr\/wp-content\/uploads\/2022\/05\/Traitement-interne_Onglet-traitement-interne_Bouton-enregistrer.png\" alt=\"\" class=\"wp-image-13900\" srcset=\"https:\/\/rebub.u-bordeaux.fr\/wp-content\/uploads\/2022\/05\/Traitement-interne_Onglet-traitement-interne_Bouton-enregistrer.png 4342w, https:\/\/rebub.u-bordeaux.fr\/wp-content\/uploads\/2022\/05\/Traitement-interne_Onglet-traitement-interne_Bouton-enregistrer-300x107.png 300w, https:\/\/rebub.u-bordeaux.fr\/wp-content\/uploads\/2022\/05\/Traitement-interne_Onglet-traitement-interne_Bouton-enregistrer-1024x366.png 1024w, https:\/\/rebub.u-bordeaux.fr\/wp-content\/uploads\/2022\/05\/Traitement-interne_Onglet-traitement-interne_Bouton-enregistrer-768x275.png 768w, https:\/\/rebub.u-bordeaux.fr\/wp-content\/uploads\/2022\/05\/Traitement-interne_Onglet-traitement-interne_Bouton-enregistrer-1536x550.png 1536w, https:\/\/rebub.u-bordeaux.fr\/wp-content\/uploads\/2022\/05\/Traitement-interne_Onglet-traitement-interne_Bouton-enregistrer-2048x733.png 2048w\" sizes=\"(max-width: 4342px) 100vw, 4342px\" \/><\/a><\/figure>\n\n\n\n<h3 class=\"wpig-heading\"><a href=\"https:\/\/knowledge.exlibrisgroup.com\/Alma\/Product_Documentation\/Alma_Online_Help_(Francais)\/090Administration\/050Configuration_des_fonctions_g%C3%A9n%C3%A9rales\/040Traitements_internes_et_d%C3%A9partements\" data-type=\"URL\" data-id=\"https:\/\/knowledge.exlibrisgroup.com\/Alma\/Product_Documentation\/Alma_Online_Help_(Francais)\/090Administration\/050Configuration_des_fonctions_g%C3%A9n%C3%A9rales\/040Traitements_internes_et_d%C3%A9partements\">Documentation Ex Libris<\/a><\/h3>\n\n\n\n<div class=\"is-layout-flex wp-container-12 wp-block-columns bord-bloc-reutilisable has-background\" style=\"background-color:#d9edf7\">\n<div class=\"is-layout-flow wp-block-column is-vertically-aligned-center\" style=\"font-size:15px;flex-basis:20%\">\n<p style=\"font-size:15px\"><strong>Date de publication<\/strong> <\/p>\n\n\n<div style=\"font-size:15px;\" class=\"wp-block-post-date\"><time datetime=\"2024-03-22T09:36:41+01:00\">22 mars 2024<\/time><\/div><\/div>\n\n\n\n<div class=\"is-layout-flow wp-block-column is-vertically-aligned-center\" style=\"font-size:15px;flex-basis:20%\">\n<p><strong>Mis \u00e0 jour le <\/strong><\/p>\n\n\n<div style=\"font-size:15px;\" class=\"wp-block-post-date\"><time datetime=\"2024-05-06T14:37:39+02:00\">6 mai 2024<\/time><\/div><\/div>\n\n\n\n<div class=\"is-layout-flow wp-block-column is-vertically-aligned-center\" style=\"font-size:15px;flex-basis:40%\">\n<p><\/p>\n\n\n\n<p><strong>Attention ! <\/strong>Certains \u00e9tablissements utilisent parfois de proc\u00e9dures compl\u00e9mentaires <\/p>\n<\/div>\n\n\n\n<div class=\"is-layout-flow wp-block-column is-vertically-aligned-center\" style=\"font-size:15px;flex-basis:25%\">\n<div class=\"is-horizontal is-content-justification-center is-layout-flex wp-container-10 wp-block-buttons alignfull has-custom-font-size\" style=\"font-size:16px\">\n<div class=\"wp-block-button has-custom-width wp-block-button__width-75 has-custom-font-size is-style-fill\" style=\"font-size:15px\"><a class=\"wp-block-button__link has-white-color has-text-color has-background wp-element-button\" href=\"mailto:scoop@u-bordeaux.fr\" style=\"border-radius:65px;background-color:#000000db\"><strong>Signaler une erreur<\/strong><\/a><\/div>\n<\/div>\n<\/div>\n<\/div>\n","protected":false},"excerpt":{"rendered":"<p>Table des mati\u00e8res[ Show ]A savoir avant de cr\u00e9er un traitement interneCr\u00e9er un traitement interneAssocier un traitement interne \u00e0 un bureau de pr\u00eatDocumentation Ex LibrisDans quel(s) cas cr\u00e9er des traitements internes A savoir avant de cr\u00e9er un traitement interne Les&#8230;<\/p>\n","protected":false},"author":46,"featured_media":0,"parent":18832,"menu_order":0,"comment_status":"closed","ping_status":"closed","template":"","meta":[],"post_mailing_queue_ids":[],"_links":{"self":[{"href":"https:\/\/rebub.u-bordeaux.fr\/index.php\/wp-json\/wp\/v2\/pages\/18837"}],"collection":[{"href":"https:\/\/rebub.u-bordeaux.fr\/index.php\/wp-json\/wp\/v2\/pages"}],"about":[{"href":"https:\/\/rebub.u-bordeaux.fr\/index.php\/wp-json\/wp\/v2\/types\/page"}],"author":[{"embeddable":true,"href":"https:\/\/rebub.u-bordeaux.fr\/index.php\/wp-json\/wp\/v2\/users\/46"}],"replies":[{"embeddable":true,"href":"https:\/\/rebub.u-bordeaux.fr\/index.php\/wp-json\/wp\/v2\/comments?post=18837"}],"version-history":[{"count":3,"href":"https:\/\/rebub.u-bordeaux.fr\/index.php\/wp-json\/wp\/v2\/pages\/18837\/revisions"}],"predecessor-version":[{"id":21054,"href":"https:\/\/rebub.u-bordeaux.fr\/index.php\/wp-json\/wp\/v2\/pages\/18837\/revisions\/21054"}],"up":[{"embeddable":true,"href":"https:\/\/rebub.u-bordeaux.fr\/index.php\/wp-json\/wp\/v2\/pages\/18832"}],"wp:attachment":[{"href":"https:\/\/rebub.u-bordeaux.fr\/index.php\/wp-json\/wp\/v2\/media?parent=18837"}],"curies":[{"name":"wp","href":"https:\/\/api.w.org\/{rel}","templated":true}]}}