	{"id":18838,"date":"2024-03-22T09:36:37","date_gmt":"2024-03-22T08:36:37","guid":{"rendered":"https:\/\/rebub.u-bordeaux.fr\/?page_id=18838"},"modified":"2024-05-06T14:15:51","modified_gmt":"2024-05-06T12:15:51","slug":"operations-de-recotation-methodes-utilisees","status":"publish","type":"page","link":"https:\/\/rebub.u-bordeaux.fr\/index.php\/alma\/configuration-administration\/gestion-des-ressources\/exemplaires-holding\/operations-de-recotation-methodes-utilisees\/","title":{"rendered":"Op\u00e9rations de recotation \u2013 m\u00e9thodes utilis\u00e9es"},"content":{"rendered":"<div id='wpig-floatingbar' class='wpig-floatingbar'><div id='wpig-switch-wrapper' class='wpig-switch-wrapper'><span id='wpig-floating-switch' class='wpig-floating-switch'><img src='https:\/\/rebub.u-bordeaux.fr\/wp-content\/plugins\/sticky-toc-advance-table-of-contents\/\\assets\\menu.png'><\/span><\/div><div id='wpig-contents' class='wpig-contents  wpig-sidebar-widget wpig-style-3'><span class='wpig-headline'>Table des mati\u00e8res<span><a data-action='show' class='wpig-btn-toggledisplay'>[ Show ]<\/a><\/span><\/span><!-- Table of Contents --><div id='wpig-table-of-content' class='wpig-table-of-content'><ol><li class='recotation_infotheque_-_aout_2019'><a href='#recotation_infotheque_-_aout_2019'>Recotation Infoth\u00e8que &#8211; ao\u00fbt 2019<\/a><\/li><li class='https:\/\/github.com\/louxfaure\/Alma_Recotation_En_Masse'><a href='#https:\/\/github.com\/louxfaure\/Alma_Recotation_En_Masse'>Programme de traitement<\/a><\/li><\/div><!-- END OF Table of Contents --><\/div><\/div><p><div id='wpig-contents' class='wpig-contents  wpig-sidebar-widget wpig-style-1'><span class='wpig-headline'>Table des mati\u00e8res<span><a data-action='show' class='wpig-btn-toggledisplay'>[ Show ]<\/a><\/span><\/span><!-- Table of Contents --><div id='wpig-table-of-content' class='wpig-table-of-content' ><ol><li class='recotation_infotheque_-_aout_2019'><a href='#recotation_infotheque_-_aout_2019'>Recotation Infoth\u00e8que &#8211; ao\u00fbt 2019<\/a><\/li><li class='https:\/\/github.com\/louxfaure\/Alma_Recotation_En_Masse'><a href='#https:\/\/github.com\/louxfaure\/Alma_Recotation_En_Masse'>Programme de traitement<\/a><\/li><\/div><!-- END OF Table of Contents --><\/div><\/p>\n<h2 id=\"recotation_infotheque_-_aout_2019\" id=\"recotation_infotheque_-_aout_2019\" class=\"wpig-heading\">Recotation Infoth\u00e8que &#8211; ao\u00fbt 2019<\/h2>\n\n\n\n<p>Fichiers \u00e0 fournir par l&rsquo;Infoth\u00e8que (format csv s\u00e9par\u00e9 par ; si possible)<\/p>\n\n\n\n<ul>\n<li>barcode \u21d2 le code-barre de l&rsquo;exemplaire \u00e0 fournir<\/li>\n\n\n\n<li>cote \u21d2 la cote souhait\u00e9e, si un exemplaire est seulement d\u00e9plac\u00e9 mais garde sa cote, il faut remettre la cote quand m\u00eame<\/li>\n\n\n\n<li>mms_id \u21d2 l&rsquo;identifiant mms du document dans Alma<\/li>\n\n\n\n<li>localisation \u21d2 le nom de la localisation souhait\u00e9 (privil\u00e9gier l&rsquo;utilisation de liste d\u00e9roulantes dans Excel pour s&rsquo;assurer que ce sont les bonne valeurs)<\/li>\n<\/ul>\n\n\n\n<div class=\"is-layout-flex wp-container-3 wp-block-columns bord-bloc-reutilisable has-background\" style=\"background-color:#ffeec2\">\n<div class=\"is-layout-flow wp-block-column is-vertically-aligned-center\" style=\"flex-basis:7%\">\n<figure class=\"wp-block-image alignfull size-full is-style-default\"><img decoding=\"async\" loading=\"lazy\" width=\"512\" height=\"512\" src=\"https:\/\/rebub.u-bordeaux.fr\/wp-content\/uploads\/2024\/04\/nouvelles-idees-en-cours.png\" alt=\"\" class=\"wp-image-19897\" srcset=\"https:\/\/rebub.u-bordeaux.fr\/wp-content\/uploads\/2024\/04\/nouvelles-idees-en-cours.png 512w, https:\/\/rebub.u-bordeaux.fr\/wp-content\/uploads\/2024\/04\/nouvelles-idees-en-cours-300x300.png 300w, https:\/\/rebub.u-bordeaux.fr\/wp-content\/uploads\/2024\/04\/nouvelles-idees-en-cours-150x150.png 150w\" sizes=\"(max-width: 512px) 100vw, 512px\" \/><\/figure>\n<\/div>\n\n\n\n<div class=\"is-layout-flow wp-block-column is-vertically-aligned-center\" style=\"flex-basis:85%\">\n<p><strong>Remarque sur le nommage des fichiers<\/strong> : \u00e9viter les espaces et les caract\u00e8res accentu\u00e9s dans les noms de fichier.<\/p>\n<\/div>\n<\/div>\n\n\n\n<p>Cas particuliers identifi\u00e9s pour le traitement :<\/p>\n\n\n\n<ul>\n<li>nous effectuerons un contr\u00f4le pour s&rsquo;assurer que l&rsquo;ensemble des exemplaires indiqu\u00e9s dans la liste \u00e0 traiter va bien vers la m\u00eame holding, si ce n&rsquo;est pas le cas, l&rsquo;ensemble des exemplaires \u00e0 ventiler sera rejet\u00e9 \u21d2 le traitement de relocalisation des exemplaires est \u00e0 faire avant le traitement de recotation<\/li>\n\n\n\n<li>le type de cote de la holding sera automatiquement mis \u00e0 jour pour refl\u00e9ter ce que contient le param\u00e9trage de la localisation de destination<\/li>\n<\/ul>\n\n\n\n<h2 class=\"wpig-heading\"><a href=\"https:\/\/github.com\/louxfaure\/Alma_Recotation_En_Masse\" data-type=\"URL\" data-id=\"https:\/\/github.com\/louxfaure\/Alma_Recotation_En_Masse\">Programme de traitement<\/a><\/h2>\n\n\n\n<div class=\"is-layout-flex wp-container-9 wp-block-columns bord-bloc-reutilisable has-background\" style=\"background-color:#d9edf7\">\n<div class=\"is-layout-flow wp-block-column is-vertically-aligned-center\" style=\"font-size:15px;flex-basis:20%\">\n<p style=\"font-size:15px\"><strong>Date de publication<\/strong> <\/p>\n\n\n<div style=\"font-size:15px;\" class=\"wp-block-post-date\"><time datetime=\"2024-03-22T09:36:37+01:00\">22 mars 2024<\/time><\/div><\/div>\n\n\n\n<div class=\"is-layout-flow wp-block-column is-vertically-aligned-center\" style=\"font-size:15px;flex-basis:20%\">\n<p><strong>Mis \u00e0 jour le <\/strong><\/p>\n\n\n<div style=\"font-size:15px;\" class=\"wp-block-post-date\"><time datetime=\"2024-05-06T14:15:51+02:00\">6 mai 2024<\/time><\/div><\/div>\n\n\n\n<div class=\"is-layout-flow wp-block-column is-vertically-aligned-center\" style=\"font-size:15px;flex-basis:40%\">\n<p><\/p>\n\n\n\n<p><strong>Attention ! <\/strong>Certains \u00e9tablissements utilisent parfois de proc\u00e9dures compl\u00e9mentaires <\/p>\n<\/div>\n\n\n\n<div class=\"is-layout-flow wp-block-column is-vertically-aligned-center\" style=\"font-size:15px;flex-basis:25%\">\n<div class=\"is-horizontal is-content-justification-center is-layout-flex wp-container-7 wp-block-buttons alignfull has-custom-font-size\" style=\"font-size:16px\">\n<div class=\"wp-block-button has-custom-width wp-block-button__width-75 has-custom-font-size is-style-fill\" style=\"font-size:15px\"><a class=\"wp-block-button__link has-white-color has-text-color has-background wp-element-button\" href=\"mailto:scoop@u-bordeaux.fr\" style=\"border-radius:65px;background-color:#000000db\"><strong>Signaler une erreur<\/strong><\/a><\/div>\n<\/div>\n<\/div>\n<\/div>\n","protected":false},"excerpt":{"rendered":"<p>Table des mati\u00e8res[ Show ]Recotation Infoth\u00e8que &#8211; ao\u00fbt 2019Programme de traitementRecotation Infoth\u00e8que &#8211; ao\u00fbt 2019 Fichiers \u00e0 fournir par l&rsquo;Infoth\u00e8que (format csv s\u00e9par\u00e9 par ; si possible) Remarque sur le nommage des fichiers : \u00e9viter les espaces et les caract\u00e8res&#8230;<\/p>\n","protected":false},"author":46,"featured_media":0,"parent":18831,"menu_order":1,"comment_status":"closed","ping_status":"closed","template":"","meta":[],"post_mailing_queue_ids":[],"_links":{"self":[{"href":"https:\/\/rebub.u-bordeaux.fr\/index.php\/wp-json\/wp\/v2\/pages\/18838"}],"collection":[{"href":"https:\/\/rebub.u-bordeaux.fr\/index.php\/wp-json\/wp\/v2\/pages"}],"about":[{"href":"https:\/\/rebub.u-bordeaux.fr\/index.php\/wp-json\/wp\/v2\/types\/page"}],"author":[{"embeddable":true,"href":"https:\/\/rebub.u-bordeaux.fr\/index.php\/wp-json\/wp\/v2\/users\/46"}],"replies":[{"embeddable":true,"href":"https:\/\/rebub.u-bordeaux.fr\/index.php\/wp-json\/wp\/v2\/comments?post=18838"}],"version-history":[{"count":3,"href":"https:\/\/rebub.u-bordeaux.fr\/index.php\/wp-json\/wp\/v2\/pages\/18838\/revisions"}],"predecessor-version":[{"id":21029,"href":"https:\/\/rebub.u-bordeaux.fr\/index.php\/wp-json\/wp\/v2\/pages\/18838\/revisions\/21029"}],"up":[{"embeddable":true,"href":"https:\/\/rebub.u-bordeaux.fr\/index.php\/wp-json\/wp\/v2\/pages\/18831"}],"wp:attachment":[{"href":"https:\/\/rebub.u-bordeaux.fr\/index.php\/wp-json\/wp\/v2\/media?parent=18838"}],"curies":[{"name":"wp","href":"https:\/\/api.w.org\/{rel}","templated":true}]}}