	{"id":18840,"date":"2024-03-22T09:36:38","date_gmt":"2024-03-22T08:36:38","guid":{"rendered":"https:\/\/rebub.u-bordeaux.fr\/?page_id=18840"},"modified":"2024-05-06T14:16:32","modified_gmt":"2024-05-06T12:16:32","slug":"listes-de-valeurs","status":"publish","type":"page","link":"https:\/\/rebub.u-bordeaux.fr\/index.php\/alma\/configuration-administration\/gestion-des-ressources\/exemplaires-holding\/listes-de-valeurs\/","title":{"rendered":"Listes de valeurs"},"content":{"rendered":"<div id='wpig-floatingbar' class='wpig-floatingbar'><div id='wpig-switch-wrapper' class='wpig-switch-wrapper'><span id='wpig-floating-switch' class='wpig-floating-switch'><img src='https:\/\/rebub.u-bordeaux.fr\/wp-content\/plugins\/sticky-toc-advance-table-of-contents\/\\assets\\menu.png'><\/span><\/div><\/div><p><\/p>\n<h2 id=\"donnees_d_exemplaireslistes_valeurs_types_de_materiels\" id=\"donnees_d_exemplaireslistes_valeurs_types_de_materiels\" class=\"wpig-heading\">Donn\u00e9es d&rsquo;exemplaires : listes valeurs types de mat\u00e9riels<\/h2>\n\n\n\n<div class=\"level2\">\n<ul>\n<li class=\"li\">Le contenu de cette liste de valeurs a \u00e9t\u00e9 arr\u00eat\u00e9 en GT.<\/li>\n<li class=\"li\">Pour acc\u00e9der \u00e0 cette liste : dans la configuration d&rsquo;Alma : Ressources \/ description de type de mat\u00e9riels physique<\/li>\n<li class=\"li\">Le contenu de cette liste est le suivant (fichier excel):<\/li>\n<\/ul>\n<p><a class=\"media mediafile mf_xlsx\" title=\"new:architecture_donnees_referentielles:donnees_exemplaires_listes_valeurs_types_de_traitements.xlsx (9.5&nbsp;KB)\" href=\"http:\/\/rebub.u-bordeaux.fr\/wp-content\/uploads\/2021\/05\/donnees_exemplaires_listes_valeurs_types_de_traitements.xlsx\" target=\"_blank\" rel=\"noopener noreferrer\">donnees_exemplaires_listes_valeurs_types_de_traitements.xlsx<\/a><\/p>\n<\/div>\n\n\n\n<div class=\"is-layout-flex wp-container-6 wp-block-columns bord-bloc-reutilisable has-background\" style=\"background-color:#d9edf7\">\n<div class=\"is-layout-flow wp-block-column is-vertically-aligned-center\" style=\"font-size:15px;flex-basis:20%\">\n<p style=\"font-size:15px\"><strong>Date de publication<\/strong> <\/p>\n\n\n<div style=\"font-size:15px;\" class=\"wp-block-post-date\"><time datetime=\"2024-03-22T09:36:38+01:00\">22 mars 2024<\/time><\/div><\/div>\n\n\n\n<div class=\"is-layout-flow wp-block-column is-vertically-aligned-center\" style=\"font-size:15px;flex-basis:20%\">\n<p><strong>Mis \u00e0 jour le <\/strong><\/p>\n\n\n<div style=\"font-size:15px;\" class=\"wp-block-post-date\"><time datetime=\"2024-05-06T14:16:32+02:00\">6 mai 2024<\/time><\/div><\/div>\n\n\n\n<div class=\"is-layout-flow wp-block-column is-vertically-aligned-center\" style=\"font-size:15px;flex-basis:40%\">\n<p><\/p>\n\n\n\n<p><strong>Attention ! <\/strong>Certains \u00e9tablissements utilisent parfois de proc\u00e9dures compl\u00e9mentaires <\/p>\n<\/div>\n\n\n\n<div class=\"is-layout-flow wp-block-column is-vertically-aligned-center\" style=\"font-size:15px;flex-basis:25%\">\n<div class=\"is-horizontal is-content-justification-center is-layout-flex wp-container-4 wp-block-buttons alignfull has-custom-font-size\" style=\"font-size:16px\">\n<div class=\"wp-block-button has-custom-width wp-block-button__width-75 has-custom-font-size is-style-fill\" style=\"font-size:15px\"><a class=\"wp-block-button__link has-white-color has-text-color has-background wp-element-button\" href=\"mailto:scoop@u-bordeaux.fr\" style=\"border-radius:65px;background-color:#000000db\"><strong>Signaler une erreur<\/strong><\/a><\/div>\n<\/div>\n<\/div>\n<\/div>\n","protected":false},"excerpt":{"rendered":"<p>Donn\u00e9es d&rsquo;exemplaires : listes valeurs types de mat\u00e9riels Le contenu de cette liste de valeurs a \u00e9t\u00e9 arr\u00eat\u00e9 en GT. Pour acc\u00e9der \u00e0 cette liste : dans la configuration d&rsquo;Alma : Ressources \/ description de type de mat\u00e9riels physique Le&#8230;<\/p>\n","protected":false},"author":46,"featured_media":0,"parent":18831,"menu_order":2,"comment_status":"closed","ping_status":"closed","template":"","meta":[],"post_mailing_queue_ids":[],"_links":{"self":[{"href":"https:\/\/rebub.u-bordeaux.fr\/index.php\/wp-json\/wp\/v2\/pages\/18840"}],"collection":[{"href":"https:\/\/rebub.u-bordeaux.fr\/index.php\/wp-json\/wp\/v2\/pages"}],"about":[{"href":"https:\/\/rebub.u-bordeaux.fr\/index.php\/wp-json\/wp\/v2\/types\/page"}],"author":[{"embeddable":true,"href":"https:\/\/rebub.u-bordeaux.fr\/index.php\/wp-json\/wp\/v2\/users\/46"}],"replies":[{"embeddable":true,"href":"https:\/\/rebub.u-bordeaux.fr\/index.php\/wp-json\/wp\/v2\/comments?post=18840"}],"version-history":[{"count":3,"href":"https:\/\/rebub.u-bordeaux.fr\/index.php\/wp-json\/wp\/v2\/pages\/18840\/revisions"}],"predecessor-version":[{"id":21031,"href":"https:\/\/rebub.u-bordeaux.fr\/index.php\/wp-json\/wp\/v2\/pages\/18840\/revisions\/21031"}],"up":[{"embeddable":true,"href":"https:\/\/rebub.u-bordeaux.fr\/index.php\/wp-json\/wp\/v2\/pages\/18831"}],"wp:attachment":[{"href":"https:\/\/rebub.u-bordeaux.fr\/index.php\/wp-json\/wp\/v2\/media?parent=18840"}],"curies":[{"name":"wp","href":"https:\/\/api.w.org\/{rel}","templated":true}]}}