	{"id":18850,"date":"2024-03-22T09:36:47","date_gmt":"2024-03-22T08:36:47","guid":{"rendered":"https:\/\/rebub.u-bordeaux.fr\/?page_id=18850"},"modified":"2024-10-17T11:33:30","modified_gmt":"2024-10-17T09:33:30","slug":"profils-dimport-lies-aux-acquisitions","status":"publish","type":"page","link":"https:\/\/rebub.u-bordeaux.fr\/index.php\/alma\/configuration-administration\/acquisitions\/profils-dimport-lies-aux-acquisitions\/","title":{"rendered":"Profils d\u2019import li\u00e9s aux acquisitions"},"content":{"rendered":"<div id='wpig-floatingbar' class='wpig-floatingbar'><div id='wpig-switch-wrapper' class='wpig-switch-wrapper'><span id='wpig-floating-switch' class='wpig-floating-switch'><img src='https:\/\/rebub.u-bordeaux.fr\/wp-content\/plugins\/sticky-toc-advance-table-of-contents\/\\assets\\menu.png'><\/span><\/div><div id='wpig-contents' class='wpig-contents  wpig-sidebar-widget wpig-style-3'><span class='wpig-headline'>Table des mati\u00e8res<span><a data-action='show' class='wpig-btn-toggledisplay'>[ Show ]<\/a><\/span><\/span><!-- Table of Contents --><div id='wpig-table-of-content' class='wpig-table-of-content'><ol><li class='stoc-profils-dimport-classiques-import-unimarc-electre-ht-ttc-et-excel'><a href='#stoc-profils-dimport-classiques-import-unimarc-electre-ht-ttc-et-excel'>Profils d&rsquo;import classiques : import UNIMARC Electre HT, TTC et Excel<\/a><\/li><li class='stoc-profils-dimport-etendus-import-unimarc-par-fournisseur-et-excel-pour-integration-des-codes-stats-1-et-2'><a href='#stoc-profils-dimport-etendus-import-unimarc-par-fournisseur-et-excel-pour-integration-des-codes-stats-1-et-2'>Profils d&rsquo;import \u00e9tendus : import UNIMARC par fournisseur et Excel pour int\u00e9gration des codes stats 1 et 2<\/a><\/li><li class='stoc-profils-dimport-electre-ng-import-unimarc-electre-ht-ttc-et-excel-avec-integration-des-codes-stats-1-et-2'><a href='#stoc-profils-dimport-electre-ng-import-unimarc-electre-ht-ttc-et-excel-avec-integration-des-codes-stats-1-et-2'>Profils d&rsquo;import Electre NG : import UNIMARC Electre HT, TTC et Excel, avec int\u00e9gration des codes stats 1 et 2<\/a><\/li><li class='cas_particulierimporter_en_marc21_pour_convertir_vers_unimarc'><a href='#cas_particulierimporter_en_marc21_pour_convertir_vers_unimarc'>Cas particulier : importer en MARC21 pour convertir vers UNIMARC<\/a><\/li><\/ol><\/div><!-- END OF Table of Contents --><\/div><\/div><p><div id='wpig-contents' class='wpig-contents  wpig-sidebar-widget wpig-style-1'><span class='wpig-headline'>Table des mati\u00e8res<span><a data-action='show' class='wpig-btn-toggledisplay'>[ Show ]<\/a><\/span><\/span><!-- Table of Contents --><div id='wpig-table-of-content' class='wpig-table-of-content' ><ol><li class='stoc-profils-dimport-classiques-import-unimarc-electre-ht-ttc-et-excel'><a href='#stoc-profils-dimport-classiques-import-unimarc-electre-ht-ttc-et-excel'>Profils d&rsquo;import classiques : import UNIMARC Electre HT, TTC et Excel<\/a><\/li><li class='stoc-profils-dimport-etendus-import-unimarc-par-fournisseur-et-excel-pour-integration-des-codes-stats-1-et-2'><a href='#stoc-profils-dimport-etendus-import-unimarc-par-fournisseur-et-excel-pour-integration-des-codes-stats-1-et-2'>Profils d&rsquo;import \u00e9tendus : import UNIMARC par fournisseur et Excel pour int\u00e9gration des codes stats 1 et 2<\/a><\/li><li class='stoc-profils-dimport-electre-ng-import-unimarc-electre-ht-ttc-et-excel-avec-integration-des-codes-stats-1-et-2'><a href='#stoc-profils-dimport-electre-ng-import-unimarc-electre-ht-ttc-et-excel-avec-integration-des-codes-stats-1-et-2'>Profils d&rsquo;import Electre NG : import UNIMARC Electre HT, TTC et Excel, avec int\u00e9gration des codes stats 1 et 2<\/a><\/li><li class='cas_particulierimporter_en_marc21_pour_convertir_vers_unimarc'><a href='#cas_particulierimporter_en_marc21_pour_convertir_vers_unimarc'>Cas particulier : importer en MARC21 pour convertir vers UNIMARC<\/a><\/li><\/ol><\/div><!-- END OF Table of Contents --><\/div><\/p>\n<h2 id=\"stoc-profils-dimport-classiques-import-unimarc-electre-ht-ttc-et-excel\" class=\"wpig-heading\">Profils d&rsquo;import classiques : import UNIMARC Electre HT, TTC et Excel<\/h2>\n\n\n\n<p>Ces profils d&rsquo;import ont \u00e9t\u00e9 mis en place  2018 lors du param\u00e9trage initial du module Acquisitions.<\/p>\n\n\n\n<p>Deux profils d&rsquo;import ont \u00e9t\u00e9 cr\u00e9\u00e9s pour permettre l&rsquo;import de paniers Electre au format binaire UTF8.<\/p>\n\n\n\n<p>Ils permettent de g\u00e9n\u00e9rer les LBC et les exemplaires en fonction des informations renseign\u00e9es dans Electre. 6 champs libres sont utilis\u00e9s :<\/p>\n\n\n\n<p>_ le code budget en 970$f, qui alimente le champ \u00ab\u00a0distribution de fonds\u00a0\u00bb (onglet \u00ab\u00a0informations sur la ligne de commande\u00a0\u00bb)<\/p>\n\n\n\n<p>_ le code biblioth\u00e8que en 970$a, qui alimente les champs \u00ab\u00a0Champ de propri\u00e9taire de la ligne de commande\u00a0\u00bb (onglet \u00ab\u00a0informations sur la ligne de commande\u00a0\u00bb) et \u00ab\u00a0Biblioth\u00e8que\u00a0\u00bb (onglet \u00ab\u00a0Informations d&rsquo;inventaire\u00a0\u00bb)<\/p>\n\n\n\n<p>_ la note de r\u00e9ception en 970$c, qui alimente le champ \u00ab\u00a0note de r\u00e9ception\u00a0\u00bb (onglet \u00ab\u00a0informations sur la ligne de commande\u00a0\u00bb)<\/p>\n\n\n\n<p>_ le num\u00e9ro de bon de commande en 969$i, qui alimente le champ \u00ab\u00a0num\u00e9ro de commande\u00a0\u00bb (onglet \u00ab\u00a0informations sur la ligne de commande\u00a0\u00bb)<\/p>\n\n\n\n<p>_ le code fournisseur en 970$e, qui alimente le champ \u00ab\u00a0fournisseur\u00a0\u00bb (onglet \u00ab\u00a0informations sur la ligne de commande\u00a0\u00bb)<\/p>\n\n\n\n<p>_ le code \u00ab\u00a0compte fournisseur\u00a0\u00bb en 970$d, qui alimente le champ \u00ab\u00a0compte fournisseur\u00a0\u00bb (onglet \u00ab\u00a0informations sur la ligne de commande\u00a0\u00bb)<\/p>\n\n\n\n<p>En fonction du profil d&rsquo;import, le champ du prix liste (onglet \u00ab\u00a0informations sur la ligne de commande\u00a0\u00bb) est renseign\u00e9 par le champ 969$c (prix HTVA dans Electre) ou 947$a (Prix TTC dans Electre).<\/p>\n\n\n\n<p>Pour la cr\u00e9ation de notices d&rsquo;acquisition \u00e9trang\u00e8res ou absentes d&rsquo;Electre, un profil d&rsquo;import excel est utilis\u00e9. Il est aliment\u00e9 par un tableur excel, qui doit reprendre en en-t\u00eate les informations \u00e0 ins\u00e9rer. Pour plus de pr\u00e9cisions, voir la proc\u00e9dure \u00ab\u00a0<a href=\"https:\/\/rebub.u-bordeaux.fr\/index.php\/alma\/procedures\/acquisitions\/commandes\/creer-des-lbc-a-partir-dun-fichier-excel-notices-non-disponibles-sous-electre\/\" target=\"_blank\" rel=\"noreferrer noopener\">cr\u00e9er des LBC \u00e0 partir d&rsquo;un fichier excel<\/a>\u00ab\u00a0<\/p>\n\n\n\n<p>Ces profils d&rsquo;import, qui sont adoss\u00e9s \u00e0 la version d&rsquo;Electre classique, sont encore utilis\u00e9s \u00e0 UBM.<\/p>\n\n\n\n<h2 id=\"stoc-profils-dimport-etendus-import-unimarc-par-fournisseur-et-excel-pour-integration-des-codes-stats-1-et-2\" class=\"wpig-heading\">Profils d&rsquo;import \u00e9tendus : import UNIMARC par fournisseur et Excel pour int\u00e9gration des codes stats 1 et 2<\/h2>\n\n\n\n<p>A la demande d&rsquo;UB, des profils d&rsquo;import sp\u00e9cifiques ont \u00e9t\u00e9 mis en place en 2022 pour permettre la cr\u00e9ation des notes stat 1 et 2 depuis la commande. Comme l&rsquo;int\u00e9gration de champs libres dans Electre est limit\u00e9e \u00e0 6 champs libres, les champs \u00ab\u00a0code fournisseur\u00a0\u00bb et \u00ab\u00a0compte fournisseur\u00a0\u00bb ont \u00e9t\u00e9 remplac\u00e9s par deux nouveaux champs libres :<\/p>\n\n\n\n<p>_ le code stat 1 en 970$g, qui alimente les champs \u00ab\u00a01er code statistique\u00a0\u00bb (onglet \u00ab\u00a0informations sur la ligne de commande\u00a0\u00bb) et \u00ab\u00a0Notes statistiques 1\u00a0\u00bb (onglet \u00ab\u00a0Informations d&rsquo;inventaire\u00a0\u00bb)<\/p>\n\n\n\n<p>_ le code stat 2 en 970$h, qui alimente les champs \u00ab\u00a02e code statistique\u00a0\u00bb (onglet \u00ab\u00a0informations sur la ligne de commande\u00a0\u00bb) et \u00ab\u00a0Notes statistiques 2\u00a0\u00bb (onglet \u00ab\u00a0Informations d&rsquo;inventaire\u00a0\u00bb)<\/p>\n\n\n\n<p>Comme le fournisseur et le compte fournisseur ne sont plus renseign\u00e9s dans Electre, il a fallu cr\u00e9er un profil d&rsquo;import par fournisseur et par lot du march\u00e9 d&rsquo;ouvrages (soit 5 lots, HT et TTC pour UB).<\/p>\n\n\n\n<div class=\"is-layout-constrained wp-block-group bord-bloc-reutilisable\"><div class=\"wp-block-group__inner-container\">\n<div class=\"is-layout-flex wp-container-3 wp-block-columns alignfull bord-bloc-reutilisable has-background\" style=\"background-color:#ff303047\">\n<div class=\"is-layout-flow wp-block-column is-vertically-aligned-center\" style=\"flex-basis:7%\">\n<figure class=\"wp-block-image alignfull size-full\"><img decoding=\"async\" loading=\"lazy\" width=\"512\" height=\"512\" src=\"https:\/\/rebub.u-bordeaux.fr\/wp-content\/uploads\/2024\/04\/point-dexclamation.png\" alt=\"\" class=\"wp-image-19898\" srcset=\"https:\/\/rebub.u-bordeaux.fr\/wp-content\/uploads\/2024\/04\/point-dexclamation.png 512w, https:\/\/rebub.u-bordeaux.fr\/wp-content\/uploads\/2024\/04\/point-dexclamation-300x300.png 300w, https:\/\/rebub.u-bordeaux.fr\/wp-content\/uploads\/2024\/04\/point-dexclamation-150x150.png 150w\" sizes=\"(max-width: 512px) 100vw, 512px\" \/><\/figure>\n<\/div>\n\n\n\n<div class=\"is-layout-flow wp-block-column is-vertically-aligned-center\" style=\"flex-basis:85%\">\n<p><strong>Attention !<\/strong> Pour que le m\u00eame sous champ Electre puisse alimenter deux champs diff\u00e9rents dans Alma, il faut que les sous champs libres concern\u00e9s soient regroup\u00e9s sous le m\u00eame champ (\u00e0 savoir le champ 970).<\/p>\n<\/div>\n<\/div>\n<\/div><\/div>\n\n\n\n<p>Ces profils sont utilis\u00e9s exclusivement \u00e0 UB.<\/p>\n\n\n\n<h2 id=\"stoc-profils-dimport-electre-ng-import-unimarc-electre-ht-ttc-et-excel-avec-integration-des-codes-stats-1-et-2\" class=\"wpig-heading\">Profils d&rsquo;import Electre NG : import UNIMARC Electre HT, TTC et Excel, avec int\u00e9gration des codes stats 1 et 2<\/h2>\n\n\n\n<p>Suite au d\u00e9ploiement d&rsquo;Electre NG entam\u00e9 en octobre 2024, 6 champs libres suppl\u00e9mentaires peuvent \u00eatre utilis\u00e9s. Cela permet de combiner les deux types de profils pr\u00e9c\u00e9dents et donc de combiner leurs avantages.<\/p>\n\n\n\n<p>Deux profils Electre peuvent donc \u00eatre utilis\u00e9s (HT et TTC), avec 8 sous champs libres configur\u00e9s :<\/p>\n\n\n\n<p>_ le code budget en 970$f, qui alimente le champ \u00ab\u00a0distribution de fonds\u00a0\u00bb (onglet \u00ab\u00a0informations sur la ligne de commande\u00a0\u00bb)<\/p>\n\n\n\n<p>_ le code biblioth\u00e8que en 970$a, qui alimente les champs \u00ab\u00a0Champ de propri\u00e9taire de la ligne de commande\u00a0\u00bb (onglet \u00ab\u00a0informations sur la ligne de commande\u00a0\u00bb) et \u00ab\u00a0Biblioth\u00e8que\u00a0\u00bb (onglet \u00ab\u00a0Informations d&rsquo;inventaire\u00a0\u00bb)<\/p>\n\n\n\n<p>_ la note de r\u00e9ception en 970$c, qui alimente le champ \u00ab\u00a0note de r\u00e9ception\u00a0\u00bb (onglet \u00ab\u00a0informations sur la ligne de commande\u00a0\u00bb)<\/p>\n\n\n\n<p>_ le num\u00e9ro de bon de commande en 969$i, qui alimente le champ \u00ab\u00a0num\u00e9ro de commande\u00a0\u00bb (onglet \u00ab\u00a0informations sur la ligne de commande\u00a0\u00bb)<\/p>\n\n\n\n<p>_ le code fournisseur en 970$e, qui alimente le champ \u00ab\u00a0fournisseur\u00a0\u00bb (onglet \u00ab\u00a0informations sur la ligne de commande\u00a0\u00bb)<\/p>\n\n\n\n<p>_ le code \u00ab\u00a0compte fournisseur\u00a0\u00bb en 970$d, qui alimente le champ \u00ab\u00a0compte fournisseur\u00a0\u00bb (onglet \u00ab\u00a0informations sur la ligne de commande\u00a0\u00bb)<\/p>\n\n\n\n<p>_ le code stat 1 en 970$g, qui alimente les champs \u00ab\u00a01er code statistique\u00a0\u00bb (onglet \u00ab\u00a0informations sur la ligne de commande\u00a0\u00bb) et \u00ab\u00a0Notes statistiques 1\u00a0\u00bb (onglet \u00ab\u00a0Informations d&rsquo;inventaire\u00a0\u00bb)<\/p>\n\n\n\n<p>_ le code stat 2 en 970$h, qui alimente les champs \u00ab\u00a02e code statistique\u00a0\u00bb (onglet \u00ab\u00a0informations sur la ligne de commande\u00a0\u00bb) et \u00ab\u00a0Notes statistiques 2\u00a0\u00bb (onglet \u00ab\u00a0Informations d&rsquo;inventaire\u00a0\u00bb)<\/p>\n\n\n\n<p>Ces nouveaux profils sont pour l&rsquo;instant utilis\u00e9s par Sciences Po Bordeaux.<\/p>\n\n\n\n<h2 id=\"cas_particulierimporter_en_marc21_pour_convertir_vers_unimarc\" id=\"cas_particulierimporter_en_marc21_pour_convertir_vers_unimarc\" class=\"wpig-heading\">Cas particulier : importer en MARC21 pour convertir vers UNIMARC<\/h2>\n\n\n\n<div class=\"is-layout-flex wp-container-7 wp-block-columns bord-bloc-reutilisable has-background\" style=\"background-color:#ffeec2\">\n<div class=\"is-layout-flow wp-block-column is-vertically-aligned-center\" style=\"flex-basis:7%\">\n<figure class=\"wp-block-image alignfull size-full is-style-default\"><img decoding=\"async\" loading=\"lazy\" width=\"512\" height=\"512\" src=\"https:\/\/rebub.u-bordeaux.fr\/wp-content\/uploads\/2024\/04\/nouvelles-idees-en-cours.png\" alt=\"\" class=\"wp-image-19897\" srcset=\"https:\/\/rebub.u-bordeaux.fr\/wp-content\/uploads\/2024\/04\/nouvelles-idees-en-cours.png 512w, https:\/\/rebub.u-bordeaux.fr\/wp-content\/uploads\/2024\/04\/nouvelles-idees-en-cours-300x300.png 300w, https:\/\/rebub.u-bordeaux.fr\/wp-content\/uploads\/2024\/04\/nouvelles-idees-en-cours-150x150.png 150w\" sizes=\"(max-width: 512px) 100vw, 512px\" \/><\/figure>\n<\/div>\n\n\n\n<div class=\"is-layout-flow wp-block-column is-vertically-aligned-center\" style=\"flex-basis:85%\">\n<p><strong>Date de l&rsquo;information <\/strong>: 16 mai 2019<\/p>\n<\/div>\n<\/div>\n\n\n\n<p>En l&rsquo;\u00e9tat actuel, il n&rsquo;est pas possible au moment de la cr\u00e9ation des paniers de commandes de proc\u00e9der \u00e0 la fois \u00e0 un import en MARC21 qui convertirait vers UNIMARC et \u00e0 la cr\u00e9ation des lignes de commandes. En effet, la conversion est la premi\u00e8re op\u00e9ration qui a lieu et elle supprime l&rsquo;ensemble des donn\u00e9es 9XX qui ne sont pas converties d&rsquo;un format vers l&rsquo;autre. Par cons\u00e9quent, les traitement de normalisation ainsi que l&rsquo;affectation des champs 9XX pour la construction d&rsquo;une ligne de commande deviennent inop\u00e9rant.<\/p>\n\n\n\n<p>Ticket 00657889 <a rel=\"noreferrer noopener\" href=\"https:\/\/knowledge.exlibrisgroup.com\/Alma\/Product_Documentation\/010Alma_Online_Help_(English)\/040Resource_Management\/060Record_Import\/020Managing_Import_Profiles#Creating.2FEditing_an_Import_Profile:_Normalization_and_Validation\" target=\"_blank\">Documentation Ex Libris<\/a><\/p>\n\n\n\n<div class=\"is-layout-flex wp-container-13 wp-block-columns bord-bloc-reutilisable has-background\" style=\"background-color:#d9edf7\">\n<div class=\"is-layout-flow wp-block-column is-vertically-aligned-center\" style=\"font-size:15px;flex-basis:20%\">\n<p style=\"font-size:15px\"><strong>Date de publication<\/strong> <\/p>\n\n\n<div style=\"font-size:15px;\" class=\"wp-block-post-date\"><time datetime=\"2024-03-22T09:36:47+01:00\">22 mars 2024<\/time><\/div><\/div>\n\n\n\n<div class=\"is-layout-flow wp-block-column is-vertically-aligned-center\" style=\"font-size:15px;flex-basis:20%\">\n<p><strong>Mis \u00e0 jour le <\/strong><\/p>\n\n\n<div style=\"font-size:15px;\" class=\"wp-block-post-date\"><time datetime=\"2024-10-17T11:33:30+02:00\">17 octobre 2024<\/time><\/div><\/div>\n\n\n\n<div class=\"is-layout-flow wp-block-column is-vertically-aligned-center\" style=\"font-size:15px;flex-basis:40%\">\n<p><\/p>\n\n\n\n<p><strong>Attention ! <\/strong>Certains \u00e9tablissements utilisent parfois de proc\u00e9dures compl\u00e9mentaires <\/p>\n<\/div>\n\n\n\n<div class=\"is-layout-flow wp-block-column is-vertically-aligned-center\" style=\"font-size:15px;flex-basis:25%\">\n<div class=\"is-horizontal is-content-justification-center is-layout-flex wp-container-11 wp-block-buttons alignfull has-custom-font-size\" style=\"font-size:16px\">\n<div class=\"wp-block-button has-custom-width wp-block-button__width-75 has-custom-font-size is-style-fill\" style=\"font-size:15px\"><a class=\"wp-block-button__link has-white-color has-text-color has-background wp-element-button\" href=\"mailto:scoop@u-bordeaux.fr\" style=\"border-radius:65px;background-color:#000000db\"><strong>Signaler une erreur<\/strong><\/a><\/div>\n<\/div>\n<\/div>\n<\/div>\n","protected":false},"excerpt":{"rendered":"<p>Table des mati\u00e8res[ Show ]Profils d&rsquo;import classiques : import UNIMARC Electre HT, TTC et ExcelProfils d&rsquo;import \u00e9tendus : import UNIMARC par fournisseur et Excel pour int\u00e9gration des codes stats 1 et 2Profils d&rsquo;import Electre NG : import UNIMARC Electre HT,&#8230;<\/p>\n","protected":false},"author":46,"featured_media":0,"parent":18420,"menu_order":0,"comment_status":"closed","ping_status":"closed","template":"","meta":[],"post_mailing_queue_ids":[],"_links":{"self":[{"href":"https:\/\/rebub.u-bordeaux.fr\/index.php\/wp-json\/wp\/v2\/pages\/18850"}],"collection":[{"href":"https:\/\/rebub.u-bordeaux.fr\/index.php\/wp-json\/wp\/v2\/pages"}],"about":[{"href":"https:\/\/rebub.u-bordeaux.fr\/index.php\/wp-json\/wp\/v2\/types\/page"}],"author":[{"embeddable":true,"href":"https:\/\/rebub.u-bordeaux.fr\/index.php\/wp-json\/wp\/v2\/users\/46"}],"replies":[{"embeddable":true,"href":"https:\/\/rebub.u-bordeaux.fr\/index.php\/wp-json\/wp\/v2\/comments?post=18850"}],"version-history":[{"count":4,"href":"https:\/\/rebub.u-bordeaux.fr\/index.php\/wp-json\/wp\/v2\/pages\/18850\/revisions"}],"predecessor-version":[{"id":22617,"href":"https:\/\/rebub.u-bordeaux.fr\/index.php\/wp-json\/wp\/v2\/pages\/18850\/revisions\/22617"}],"up":[{"embeddable":true,"href":"https:\/\/rebub.u-bordeaux.fr\/index.php\/wp-json\/wp\/v2\/pages\/18420"}],"wp:attachment":[{"href":"https:\/\/rebub.u-bordeaux.fr\/index.php\/wp-json\/wp\/v2\/media?parent=18850"}],"curies":[{"name":"wp","href":"https:\/\/api.w.org\/{rel}","templated":true}]}}