	{"id":18856,"date":"2024-03-22T09:36:54","date_gmt":"2024-03-22T08:36:54","guid":{"rendered":"https:\/\/rebub.u-bordeaux.fr\/?page_id=18856"},"modified":"2025-08-29T11:12:53","modified_gmt":"2025-08-29T09:12:53","slug":"calendrier-dexploitation-des-donnees","status":"publish","type":"page","link":"https:\/\/rebub.u-bordeaux.fr\/index.php\/alma\/configuration-administration\/exploitation\/generalites\/calendrier-dexploitation-des-donnees\/","title":{"rendered":"Calendrier d\u2019exploitation des donn\u00e9es syst\u00e8mes"},"content":{"rendered":"<div id='wpig-floatingbar' class='wpig-floatingbar'><div id='wpig-switch-wrapper' class='wpig-switch-wrapper'><span id='wpig-floating-switch' class='wpig-floating-switch'><img src='https:\/\/rebub.u-bordeaux.fr\/wp-content\/plugins\/sticky-toc-advance-table-of-contents\/\\assets\\menu.png'><\/span><\/div><\/div><p><\/p>\n<p>Le tableau ci-dessous r\u00e9capitule les diff\u00e9rentes \u00e9tapes annuelles en termes d&rsquo;exploitation des donn\u00e9es syst\u00e8mes :<\/p>\n\n\n\n<table id=\"tablepress-124\" class=\"tablepress tablepress-id-124\">\n<thead>\n<tr class=\"row-1 odd\">\n\t<th class=\"column-1\">Mois<\/th><th class=\"column-2\">Environnement<\/th><th class=\"column-3\">Types de donn\u00e9es<\/th><th class=\"column-4\">Type d&rsquo;exploitation<\/th>\n<\/tr>\n<\/thead>\n<tbody>\n<tr class=\"row-2 even\">\n\t<td class=\"column-1\">Chaque jour <\/td><td class=\"column-2\">ALMA Production<\/td><td class=\"column-3\">Lecteurs<\/td><td class=\"column-4\"><a href='https:\/\/rebub.u-bordeaux.fr\/index.php\/alma\/configuration-administration\/services-aux-usagers\/gestion-des-lecteurs\/controler-les-chargements-lecteurs\/'>Contr\u00f4le des chargements lecteurs<\/a><\/td>\n<\/tr>\n<tr class=\"row-3 odd\">\n\t<td class=\"column-1\">Chaque Jeudi<\/td><td class=\"column-2\">ALMA Production<\/td><td class=\"column-3\">Lecteurs<\/td><td class=\"column-4\">Mise \u00e0 jour des tables de donn\u00e9es statistiques. <a href=\"https:\/\/rebub.u-bordeaux.fr\/index.php\/alma\/configuration-administration\/services-aux-usagers\/gestion-des-lecteurs\/identifier-les-codes-statistiques-des-lecteurs-non-declares-dans-alma\/\">Identifier les codes statistiques des lecteurs non d\u00e9clar\u00e9s dans Alma<\/a><\/td>\n<\/tr>\n<tr class=\"row-4 even\">\n\t<td class=\"column-1\">JANVIER<\/td><td class=\"column-2\">ALMA Sandbox<\/td><td class=\"column-3\">Comptes professionnels<\/td><td class=\"column-4\">V\u00e9rifier les dates d&rsquo;expiration des comptes pro UB et les modifier si n\u00e9cessaire (au 31\/12 de l&rsquo;ann\u00e9e en cours)<\/td>\n<\/tr>\n<tr class=\"row-5 odd\">\n\t<td class=\"column-1\">JANVIER<\/td><td class=\"column-2\">ALMA Production<\/td><td class=\"column-3\">Exemplaires physiques<\/td><td class=\"column-4\"><a href=\"https:\/\/rebub.u-bordeaux.fr\/index.php\/alma\/configuration-administration\/gestion-des-ressources\/exemplaires-holding\/mettre-a-jour-les-exemplaires-candidats-a-la-numerisation\/\">Mettre \u00e0 jour les exemplaires physiques qui rentrent dans les crit\u00e8res de la num\u00e9risation \u00e0 la demande<\/a> (ann\u00e9e de publication N-1an) avec les exceptions de circulation correspondantes<\/td>\n<\/tr>\n<tr class=\"row-6 even\">\n\t<td class=\"column-1\">FEVRIER<\/td><td class=\"column-2\">ALMA Production<\/td><td class=\"column-3\">Lecteurs<\/td><td class=\"column-4\">Extraire la liste des contentieux et la transmettre aux \u00e9tablissements<\/td>\n<\/tr>\n<tr class=\"row-7 odd\">\n\t<td class=\"column-1\">FEVRIER<\/td><td class=\"column-2\">ALMA Production<\/td><td class=\"column-3\">Lecteurs<\/td><td class=\"column-4\"><a href=https:\/\/rebub.u-bordeaux.fr\/index.php\/alma\/configuration-administration\/services-aux-usagers\/gestion-des-lecteurs\/purge-des-personnels-sans-date-dexpiration\/\">Purge des comptes lecteurs expir\u00e9s<\/a> (date d&rsquo;expiration = N &#8211; 1an)<\/td>\n<\/tr>\n<tr class=\"row-8 even\">\n\t<td class=\"column-1\">FEVRIER<\/td><td class=\"column-2\">ALMA Sandbox<\/td><td class=\"column-3\">Toutes les donn\u00e9es<\/td><td class=\"column-4\">R\u00e9plication de l&rsquo;environnement de production dans les sandbox. Avant : <a href=\"http:\/\/rebub.u-bordeaux.fr\/index.php\/alma\/configuration-administration\/services-aux-usagers\/gestion-des-lecteurs\/backup-des-comptes-professionnels-dubm-pour-la-mise-a-jour-du-bac-a-sable\/\">backup des comptes professionnels non UB<\/a>. Apr\u00e8s : changements de logos et de couleurs des interfaces + <a href=\"http:\/\/rebub.u-bordeaux.fr\/index.php\/alma\/configuration-administration\/services-aux-usagers\/gestion-des-lecteurs\/backup-des-comptes-professionnels-dubm-pour-la-mise-a-jour-du-bac-a-sable\/\">chargement des comptes professionnels non UB<\/a><\/td>\n<\/tr>\n<tr class=\"row-9 odd\">\n\t<td class=\"column-1\">JUIN<\/td><td class=\"column-2\">ALMA Production<\/td><td class=\"column-3\">Lecteurs<\/td><td class=\"column-4\"><a href=\"http:\/\/rebub.u-bordeaux.fr\/index.php\/alma\/configuration-administration\/services-aux-usagers\/gestion-des-lecteurs\/suppression-des-comptes-en-attente\/\">Suppression des comptes en attente<\/a><\/td>\n<\/tr>\n<tr class=\"row-10 even\">\n\t<td class=\"column-1\">JUILLET<\/td><td class=\"column-2\">ALMA Production<\/td><td class=\"column-3\">Lecteurs<\/td><td class=\"column-4\"><a href=\"https:\/\/rebub.u-bordeaux.fr\/index.php\/alma\/configuration-administration\/services-aux-usagers\/gestion-des-lecteurs\/identifier-les-codes-statistiques-des-lecteurs-non-declares-dans-alma\/\">Mise \u00e0 jour des tables de donn\u00e9es statistiques<a\/><\/td>\n<\/tr>\n<tr class=\"row-11 odd\">\n\t<td class=\"column-1\">FIN JUILLET (avant l&rsquo;ouverture des inscriptions)<\/td><td class=\"column-2\">Chargeur lecteurs<\/td><td class=\"column-3\">Lecteurs<\/td><td class=\"column-4\">Sauvegarde des fichiers lecteurs d\u00e9pos\u00e9s sur le FTP dans le Commun : \u00ab\u00a0SID\/Alma chargement lecteurs\/Sauvegardes fichiers lecteurs\/[Ann\u00e9e]\/Backup fichiers de chgt\u00a0\u00bb<\/td>\n<\/tr>\n<tr class=\"row-12 even\">\n\t<td class=\"column-1\">FIN JUILLET (avant l&rsquo;ouverture des inscriptions)<\/td><td class=\"column-2\">Donn\u00e9es sur lecteurs actifs de l&rsquo;ann\u00e9e \u00e9coul\u00e9e<\/td><td class=\"column-3\">Lecteurs<\/td><td class=\"column-4\">Lancer le Tableau de bord \u00a0\u00bb\t\/shared\/Bordeaux NZ 33PUDB_NETWORK\/prod\/Services aux publics\/Utilisateurs actifs\/Lecteurs inscrits &#8211; Ann\u00e9e universitaire\u00a0\u00bb depuis la zone r\u00e9seau pour chaque institution. Exporter et transmettre les donn\u00e9es \u00e0 chaque \u00e9tablissement. Sauvegarder une copie des fichiers dans le Commun : \u00ab\u00a0SID\/Alma chargement lecteurs\/Sauvegardes fichiers lecteurs\/[Ann\u00e9e]\/Requetes Analytiques\u00a0\u00bb<\/td>\n<\/tr>\n<tr class=\"row-13 odd\">\n\t<td class=\"column-1\">FIN JUILLET (avant l&rsquo;ouverture des inscriptions)<\/td><td class=\"column-2\">ALMA Production<\/td><td class=\"column-3\">Lecteurs<\/td><td class=\"column-4\">S&rsquo;assurer que la DSI effectue bien le changement d&rsquo;ann\u00e9e universitaire pour la constitution du fichier lecteur<\/td>\n<\/tr>\n<tr class=\"row-14 even\">\n\t<td class=\"column-1\">AOUT<\/td><td class=\"column-2\">ALMA Sandbox<\/td><td class=\"column-3\">Toutes les donn\u00e9es<\/td><td class=\"column-4\">R\u00e9plication de l&rsquo;environnement de production dans les sandbox. Avant : <a href=\"http:\/\/rebub.u-bordeaux.fr\/index.php\/alma\/configuration-administration\/services-aux-usagers\/gestion-des-lecteurs\/backup-des-comptes-professionnels-dubm-pour-la-mise-a-jour-du-bac-a-sable\/\">backup des comptes professionnels non UB<\/a>. Apr\u00e8s : changements de logos et de couleurs des interfaces + <a href=\"http:\/\/rebub.u-bordeaux.fr\/index.php\/alma\/configuration-administration\/services-aux-usagers\/gestion-des-lecteurs\/backup-des-comptes-professionnels-dubm-pour-la-mise-a-jour-du-bac-a-sable\/\">chargement des comptes professionnels non UB<\/a><\/td>\n<\/tr>\n<tr class=\"row-15 odd\">\n\t<td class=\"column-1\">SEPTEMBRE<\/td><td class=\"column-2\">ALMA Production<\/td><td class=\"column-3\">Comptes professionnels<\/td><td class=\"column-4\">Attribution des profils et r\u00f4les professionnels<\/td>\n<\/tr>\n<tr class=\"row-16 even\">\n\t<td class=\"column-1\">NOVEMBRE\/DECEMBRE<\/td><td class=\"column-2\">ALMA Production<\/td><td class=\"column-3\">Comptes budg\u00e9taires<\/td><td class=\"column-4\">Cl\u00f4ture budg\u00e9taire + ouverture de l&rsquo;exercice budg\u00e9taire n+1<\/td>\n<\/tr>\n<\/tbody>\n<\/table>\n<!-- #tablepress-124 from cache -->\n\n\n<p>Tous les 3 ans : revalider les horaires d&rsquo;ouverture des biblioth\u00e8ques. Date de derni\u00e8re mise \u00e0 jour : mars 2025.<\/p>\n\n\n\n<div class=\"is-layout-flex wp-container-6 wp-block-columns bord-bloc-reutilisable has-background\" style=\"background-color:#d9edf7\">\n<div class=\"is-layout-flow wp-block-column is-vertically-aligned-center\" style=\"font-size:15px;flex-basis:20%\">\n<p style=\"font-size:15px\"><strong>Date de publication<\/strong> <\/p>\n\n\n<div style=\"font-size:15px;\" class=\"wp-block-post-date\"><time datetime=\"2024-03-22T09:36:54+01:00\">22 mars 2024<\/time><\/div><\/div>\n\n\n\n<div class=\"is-layout-flow wp-block-column is-vertically-aligned-center\" style=\"font-size:15px;flex-basis:20%\">\n<p><strong>Mis \u00e0 jour le <\/strong><\/p>\n\n\n<div style=\"font-size:15px;\" class=\"wp-block-post-date\"><time datetime=\"2025-08-29T11:12:53+02:00\">29 ao\u00fbt 2025<\/time><\/div><\/div>\n\n\n\n<div class=\"is-layout-flow wp-block-column is-vertically-aligned-center\" style=\"font-size:15px;flex-basis:40%\">\n<p><\/p>\n\n\n\n<p><strong>Attention ! <\/strong>Certains \u00e9tablissements utilisent parfois de proc\u00e9dures compl\u00e9mentaires <\/p>\n<\/div>\n\n\n\n<div class=\"is-layout-flow wp-block-column is-vertically-aligned-center\" style=\"font-size:15px;flex-basis:25%\">\n<div class=\"is-horizontal is-content-justification-center is-layout-flex wp-container-4 wp-block-buttons alignfull has-custom-font-size\" style=\"font-size:16px\">\n<div class=\"wp-block-button has-custom-width wp-block-button__width-75 has-custom-font-size is-style-fill\" style=\"font-size:15px\"><a class=\"wp-block-button__link has-white-color has-text-color has-background wp-element-button\" href=\"mailto:scoop@u-bordeaux.fr\" style=\"border-radius:65px;background-color:#000000db\"><strong>Signaler une erreur<\/strong><\/a><\/div>\n<\/div>\n<\/div>\n<\/div>\n","protected":false},"excerpt":{"rendered":"<p>Le tableau ci-dessous r\u00e9capitule les diff\u00e9rentes \u00e9tapes annuelles en termes d&rsquo;exploitation des donn\u00e9es syst\u00e8mes : Tous les 3 ans : revalider les horaires d&rsquo;ouverture des biblioth\u00e8ques. Date de derni\u00e8re mise \u00e0 jour : mars 2025.<\/p>\n","protected":false},"author":46,"featured_media":0,"parent":18853,"menu_order":0,"comment_status":"closed","ping_status":"closed","template":"","meta":[],"post_mailing_queue_ids":[],"_links":{"self":[{"href":"https:\/\/rebub.u-bordeaux.fr\/index.php\/wp-json\/wp\/v2\/pages\/18856"}],"collection":[{"href":"https:\/\/rebub.u-bordeaux.fr\/index.php\/wp-json\/wp\/v2\/pages"}],"about":[{"href":"https:\/\/rebub.u-bordeaux.fr\/index.php\/wp-json\/wp\/v2\/types\/page"}],"author":[{"embeddable":true,"href":"https:\/\/rebub.u-bordeaux.fr\/index.php\/wp-json\/wp\/v2\/users\/46"}],"replies":[{"embeddable":true,"href":"https:\/\/rebub.u-bordeaux.fr\/index.php\/wp-json\/wp\/v2\/comments?post=18856"}],"version-history":[{"count":4,"href":"https:\/\/rebub.u-bordeaux.fr\/index.php\/wp-json\/wp\/v2\/pages\/18856\/revisions"}],"predecessor-version":[{"id":23493,"href":"https:\/\/rebub.u-bordeaux.fr\/index.php\/wp-json\/wp\/v2\/pages\/18856\/revisions\/23493"}],"up":[{"embeddable":true,"href":"https:\/\/rebub.u-bordeaux.fr\/index.php\/wp-json\/wp\/v2\/pages\/18853"}],"wp:attachment":[{"href":"https:\/\/rebub.u-bordeaux.fr\/index.php\/wp-json\/wp\/v2\/media?parent=18856"}],"curies":[{"name":"wp","href":"https:\/\/api.w.org\/{rel}","templated":true}]}}