	{"id":18858,"date":"2024-03-22T09:37:00","date_gmt":"2024-03-22T08:37:00","guid":{"rendered":"https:\/\/rebub.u-bordeaux.fr\/?page_id=18858"},"modified":"2024-05-06T15:11:02","modified_gmt":"2024-05-06T13:11:02","slug":"controles-de-qualite","status":"publish","type":"page","link":"https:\/\/rebub.u-bordeaux.fr\/index.php\/alma\/configuration-administration\/exploitation\/controles\/controles-de-qualite\/","title":{"rendered":"Contr\u00f4les de qualit\u00e9"},"content":{"rendered":"<div id='wpig-floatingbar' class='wpig-floatingbar'><div id='wpig-switch-wrapper' class='wpig-switch-wrapper'><span id='wpig-floating-switch' class='wpig-floating-switch'><img src='https:\/\/rebub.u-bordeaux.fr\/wp-content\/plugins\/sticky-toc-advance-table-of-contents\/\\assets\\menu.png'><\/span><\/div><div id='wpig-contents' class='wpig-contents  wpig-sidebar-widget wpig-style-3'><span class='wpig-headline'>Table des mati\u00e8res<span><a data-action='show' class='wpig-btn-toggledisplay'>[ Show ]<\/a><\/span><\/span><!-- Table of Contents --><div id='wpig-table-of-content' class='wpig-table-of-content'><ol><li class='stoc-qualite-des-lecteurs-controle-et-nettoyage-des-lecteurs'><a href='#stoc-qualite-des-lecteurs-controle-et-nettoyage-des-lecteurs'>Qualit\u00e9 des lecteurs : Contr\u00f4le et nettoyage des lecteurs<\/a><\/li><li class='qualite_des_noticesverification_des_notices_creees_dans_alma_a_partir_du_sudoc'><a href='#qualite_des_noticesverification_des_notices_creees_dans_alma_a_partir_du_sudoc'>Qualit\u00e9 des notices : V\u00e9rification des notices cr\u00e9\u00e9es dans Alma \u00e0 partir du SUDOC<\/a><\/li><li class='controle_des_donnees_d_acquisition'><a href='#controle_des_donnees_d_acquisition'>Contr\u00f4le des donn\u00e9es d&rsquo;acquisition<\/a><\/li><\/ol><\/div><!-- END OF Table of Contents --><\/div><\/div><p><div id='wpig-contents' class='wpig-contents  wpig-sidebar-widget wpig-style-1'><span class='wpig-headline'>Table des mati\u00e8res<span><a data-action='show' class='wpig-btn-toggledisplay'>[ Show ]<\/a><\/span><\/span><!-- Table of Contents --><div id='wpig-table-of-content' class='wpig-table-of-content' ><ol><li class='stoc-qualite-des-lecteurs-controle-et-nettoyage-des-lecteurs'><a href='#stoc-qualite-des-lecteurs-controle-et-nettoyage-des-lecteurs'>Qualit\u00e9 des lecteurs : Contr\u00f4le et nettoyage des lecteurs<\/a><\/li><li class='qualite_des_noticesverification_des_notices_creees_dans_alma_a_partir_du_sudoc'><a href='#qualite_des_noticesverification_des_notices_creees_dans_alma_a_partir_du_sudoc'>Qualit\u00e9 des notices : V\u00e9rification des notices cr\u00e9\u00e9es dans Alma \u00e0 partir du SUDOC<\/a><\/li><li class='controle_des_donnees_d_acquisition'><a href='#controle_des_donnees_d_acquisition'>Contr\u00f4le des donn\u00e9es d&rsquo;acquisition<\/a><\/li><\/ol><\/div><!-- END OF Table of Contents --><\/div><\/p>\n<h2 id=\"stoc-qualite-des-lecteurs-controle-et-nettoyage-des-lecteurs\" class=\"wpig-heading\">Qualit\u00e9 des lecteurs : Contr\u00f4le et nettoyage des lecteurs<\/h2>\n\n\n\n<div class=\"level2\">\n<ul>\n<li class=\"li\">Pour l&rsquo;UB (INSPE)<\/li>\n<\/ul>\n<p>Nettoyage des comptes des lecteurs ext\u00e9rieurs: r\u00e9alis\u00e9 \u00e0 partir d&rsquo;un fichier envoy\u00e9 par les INSPE chaque semaine (vendredi). En g\u00e9n\u00e9ral, il s&rsquo;agit de comptes temporaires. Si il existe des pr\u00eats, ils sont bascul\u00e9s sur le compte institutionnel du lecteur. Le compte temporaire est supprim\u00e9.<\/p>\n<ul>\n<li>Pour toutes les institutions\n<ul>\n<li><em>V\u00e9rification quotidienne des rapports du chargeur des comptes externes et analyse des comptes rejet\u00e9s.<\/em><\/li>\n<li>V\u00e9rification des comptes internes dans Alma : on ne doit avoir que des comptes internes pour les PEB et les lecteurs ext\u00e9rieurs \u21d2 fait par un rapport analytique.<\/li>\n<li>V\u00e9rification que les comptes sont bien pr\u00e9sents dans toutes les institutions \u21d2 fait par un rapport analytique.<\/li>\n<\/ul>\n<\/li>\n\n<li>Purge des comptes plus valides (A faire).<\/li>\n<\/ul>\n\n<\/div>\n\n\n\n<h2 id=\"qualite_des_noticesverification_des_notices_creees_dans_alma_a_partir_du_sudoc\" id=\"qualite_des_noticesverification_des_notices_creees_dans_alma_a_partir_du_sudoc\" class=\"wpig-heading\">Qualit\u00e9 des notices : V\u00e9rification des notices cr\u00e9\u00e9es dans Alma \u00e0 partir du SUDOC<\/h2>\n\n\n\n<div class=\"level2\">\n<ul>\n<li class=\"li\"><em>Analyse et fusion des notices doublon signal\u00e9es par le chargeur SUDOC<\/em><\/li>\n<li class=\"li\">V\u00e9rification que les champs unimarc sont bien format\u00e9s et bien remplis.<\/li>\n<\/ul>\n<p>V\u00e9rification faite en fonction du type de notice (exemple de v\u00e9rification : le PPN est mis au bon endroit).<\/p>\n<p><strong>Objectif :<\/strong><\/p>\n<ul>\n<li>Envoyer un compte rendu (nombre de notices cr\u00e9\u00e9es, modifi\u00e9es, exemplaris\u00e9es, \u2026).<\/li>\n<li>Envoyer un tableau de notices en erreur en vue de corriger les notices bibliographiques dans le SUDOC.<\/li>\n<\/ul>\n<p><a class=\"media mediafile mf_docx\" title=\"new:amelioration_continue_et_rgpd:controle_qualite_sudoc.docx (15.1&nbsp;KB)\" href=\"http:\/\/rebub.u-bordeaux.fr\/wp-content\/uploads\/2021\/05\/controle_qualite_sudoc.docx\" target=\"_blank\" rel=\"noopener noreferrer\">controle_qualite_sudoc.docx<\/a><\/p>\n<\/div>\n\n\n\n<h2 id=\"controle_des_donnees_d_acquisition\" id=\"controle_des_donnees_d_acquisition\" class=\"wpig-heading\">Contr\u00f4le des donn\u00e9es d&rsquo;acquisition<\/h2>\n\n\n\n<div class=\"level2\">\n<p>Extraction des donn\u00e9es \u00e0 partir d&rsquo;un rapport analytique une fois par an.<\/p>\n<p>Exemple de donn\u00e9es remont\u00e9es dans le rapport :<\/p>\n<ul>\n<li class=\"li\">bons de commandes pas factur\u00e9s,<\/li>\n<li class=\"li\">commandes en attentes (en g\u00e9n\u00e9ral en r\u00e9vision),<\/li>\n<li class=\"li\">commandes sans montant,<\/li>\n<li class=\"li\">commandes sans fournisseurs \u2026<\/li>\n<\/ul>\n<p>\u21d2 Objectif cl\u00f4turer correctement les commandes de l&rsquo;ann\u00e9e. En fonction des cas : les commandes sont annul\u00e9es, report\u00e9es, factur\u00e9es, renouvel\u00e9es l&rsquo;ann\u00e9e d&rsquo;apr\u00e8s (dans le cas p\u00e9riodiques) \u2026<\/p>\n<p>\u21d2 Les commandes non corrig\u00e9es par les coll\u00e8gues sont par exemple bascul\u00e9es en commande technique.<\/p>\n<\/div>\n\n\n\n<div class=\"is-layout-flex wp-container-6 wp-block-columns bord-bloc-reutilisable has-background\" style=\"background-color:#d9edf7\">\n<div class=\"is-layout-flow wp-block-column is-vertically-aligned-center\" style=\"font-size:15px;flex-basis:20%\">\n<p style=\"font-size:15px\"><strong>Date de publication<\/strong> <\/p>\n\n\n<div style=\"font-size:15px;\" class=\"wp-block-post-date\"><time datetime=\"2024-03-22T09:37:00+01:00\">22 mars 2024<\/time><\/div><\/div>\n\n\n\n<div class=\"is-layout-flow wp-block-column is-vertically-aligned-center\" style=\"font-size:15px;flex-basis:20%\">\n<p><strong>Mis \u00e0 jour le <\/strong><\/p>\n\n\n<div style=\"font-size:15px;\" class=\"wp-block-post-date\"><time datetime=\"2024-05-06T15:11:02+02:00\">6 mai 2024<\/time><\/div><\/div>\n\n\n\n<div class=\"is-layout-flow wp-block-column is-vertically-aligned-center\" style=\"font-size:15px;flex-basis:40%\">\n<p><\/p>\n\n\n\n<p><strong>Attention ! <\/strong>Certains \u00e9tablissements utilisent parfois de proc\u00e9dures compl\u00e9mentaires <\/p>\n<\/div>\n\n\n\n<div class=\"is-layout-flow wp-block-column is-vertically-aligned-center\" style=\"font-size:15px;flex-basis:25%\">\n<div class=\"is-horizontal is-content-justification-center is-layout-flex wp-container-4 wp-block-buttons alignfull has-custom-font-size\" style=\"font-size:16px\">\n<div class=\"wp-block-button has-custom-width wp-block-button__width-75 has-custom-font-size is-style-fill\" style=\"font-size:15px\"><a class=\"wp-block-button__link has-white-color has-text-color has-background wp-element-button\" href=\"mailto:scoop@u-bordeaux.fr\" style=\"border-radius:65px;background-color:#000000db\"><strong>Signaler une erreur<\/strong><\/a><\/div>\n<\/div>\n<\/div>\n<\/div>\n","protected":false},"excerpt":{"rendered":"<p>Table des mati\u00e8res[ Show ]Qualit\u00e9 des lecteurs : Contr\u00f4le et nettoyage des lecteursQualit\u00e9 des notices : V\u00e9rification des notices cr\u00e9\u00e9es dans Alma \u00e0 partir du SUDOCContr\u00f4le des donn\u00e9es d&rsquo;acquisitionQualit\u00e9 des lecteurs : Contr\u00f4le et nettoyage des lecteurs Pour l&rsquo;UB (INSPE)&#8230;<\/p>\n","protected":false},"author":46,"featured_media":0,"parent":18854,"menu_order":2,"comment_status":"closed","ping_status":"closed","template":"","meta":[],"post_mailing_queue_ids":[],"_links":{"self":[{"href":"https:\/\/rebub.u-bordeaux.fr\/index.php\/wp-json\/wp\/v2\/pages\/18858"}],"collection":[{"href":"https:\/\/rebub.u-bordeaux.fr\/index.php\/wp-json\/wp\/v2\/pages"}],"about":[{"href":"https:\/\/rebub.u-bordeaux.fr\/index.php\/wp-json\/wp\/v2\/types\/page"}],"author":[{"embeddable":true,"href":"https:\/\/rebub.u-bordeaux.fr\/index.php\/wp-json\/wp\/v2\/users\/46"}],"replies":[{"embeddable":true,"href":"https:\/\/rebub.u-bordeaux.fr\/index.php\/wp-json\/wp\/v2\/comments?post=18858"}],"version-history":[{"count":4,"href":"https:\/\/rebub.u-bordeaux.fr\/index.php\/wp-json\/wp\/v2\/pages\/18858\/revisions"}],"predecessor-version":[{"id":22557,"href":"https:\/\/rebub.u-bordeaux.fr\/index.php\/wp-json\/wp\/v2\/pages\/18858\/revisions\/22557"}],"up":[{"embeddable":true,"href":"https:\/\/rebub.u-bordeaux.fr\/index.php\/wp-json\/wp\/v2\/pages\/18854"}],"wp:attachment":[{"href":"https:\/\/rebub.u-bordeaux.fr\/index.php\/wp-json\/wp\/v2\/media?parent=18858"}],"curies":[{"name":"wp","href":"https:\/\/api.w.org\/{rel}","templated":true}]}}