	{"id":18870,"date":"2024-03-22T09:37:36","date_gmt":"2024-03-22T08:37:36","guid":{"rendered":"https:\/\/rebub.u-bordeaux.fr\/?page_id=18870"},"modified":"2025-06-30T11:09:44","modified_gmt":"2025-06-30T09:09:44","slug":"babord","status":"publish","type":"page","link":"https:\/\/rebub.u-bordeaux.fr\/index.php\/babord\/procedures\/generalites\/babord\/","title":{"rendered":"Acc\u00e9der \u00e0 Babord +"},"content":{"rendered":"<div id='wpig-floatingbar' class='wpig-floatingbar'><div id='wpig-switch-wrapper' class='wpig-switch-wrapper'><span id='wpig-floating-switch' class='wpig-floating-switch'><img src='https:\/\/rebub.u-bordeaux.fr\/wp-content\/plugins\/sticky-toc-advance-table-of-contents\/\\assets\\menu.png'><\/span><\/div><div id='wpig-contents' class='wpig-contents  wpig-sidebar-widget wpig-style-3'><span class='wpig-headline'>Table des mati\u00e8res<span><a data-action='show' class='wpig-btn-toggledisplay'>[ Show ]<\/a><\/span><\/span><!-- Table of Contents --><div id='wpig-table-of-content' class='wpig-table-of-content'><ol><li class='stoc-se-rendre-sur-babord'><a href='#stoc-se-rendre-sur-babord'>Se rendre sur Babord +<\/a><\/li><li class='stoc-bac-a-sable'><a href='#stoc-bac-a-sable'>Bac \u00e0 sable <\/a><\/li><li class='stoc-mettre-babord-en-favori'><a href='#stoc-mettre-babord-en-favori'>Mettre Babord + en favori<\/a><\/li><li class='stoc-acceder-a-son-compte-lecteur'><a href='#stoc-acceder-a-son-compte-lecteur'>Acc\u00e9der \u00e0 son compte lecteur<\/a><\/li><\/ol><\/div><!-- END OF Table of Contents --><\/div><\/div><p><div id='wpig-contents' class='wpig-contents  wpig-sidebar-widget wpig-style-1'><span class='wpig-headline'>Table des mati\u00e8res<span><a data-action='show' class='wpig-btn-toggledisplay'>[ Show ]<\/a><\/span><\/span><!-- Table of Contents --><div id='wpig-table-of-content' class='wpig-table-of-content' ><ol><li class='stoc-se-rendre-sur-babord'><a href='#stoc-se-rendre-sur-babord'>Se rendre sur Babord +<\/a><\/li><li class='stoc-bac-a-sable'><a href='#stoc-bac-a-sable'>Bac \u00e0 sable <\/a><\/li><li class='stoc-mettre-babord-en-favori'><a href='#stoc-mettre-babord-en-favori'>Mettre Babord + en favori<\/a><\/li><li class='stoc-acceder-a-son-compte-lecteur'><a href='#stoc-acceder-a-son-compte-lecteur'>Acc\u00e9der \u00e0 son compte lecteur<\/a><\/li><\/ol><\/div><!-- END OF Table of Contents --><\/div><\/p><div class=\"wp-block-image\">\n<figure class=\"aligncenter\"><img decoding=\"async\" loading=\"lazy\" width=\"300\" height=\"225\" src=\"http:\/\/rebub.u-bordeaux.fr\/wp-content\/uploads\/2018\/10\/Visuel-outil-Babord-300x225.png\" alt=\"\" class=\"wp-image-4485\" srcset=\"https:\/\/rebub.u-bordeaux.fr\/wp-content\/uploads\/2018\/10\/Visuel-outil-Babord-300x225.png 300w, https:\/\/rebub.u-bordeaux.fr\/wp-content\/uploads\/2018\/10\/Visuel-outil-Babord-768x576.png 768w, https:\/\/rebub.u-bordeaux.fr\/wp-content\/uploads\/2018\/10\/Visuel-outil-Babord.png 800w\" sizes=\"(max-width: 300px) 100vw, 300px\" \/><\/figure><\/div>\n\n\n<p>Retrouvez sur cette page les liens vers toutes les interfaces du catalogue Babord + :<\/p>\n\n\n\n<h2 id=\"stoc-se-rendre-sur-babord\" class=\"wpig-heading\">Se rendre sur Babord +<\/h2>\n\n\n\n<p><strong>Babord + R\u00e9seau :<\/strong> <a rel=\"noreferrer noopener\" href=\"https:\/\/babordplus-bordeaux.fr\/\" target=\"_blank\">https:\/\/babordplus-bordeaux.fr<a href=\"https:\/\/pudb-network.primo.exlibrisgroup.com\/discovery\/search?vid=33PUDB_NETWORK:33PUDB_NETWORK_VU1\">\/discovery\/search?vid=33PUDB_NETWORK:33PUDB_NETWORK_VU1<\/a><\/a><\/p>\n\n\n\n<p><strong><span style=\"color: #009de0;\">Babord + Universit\u00e9 de Bordeaux :<\/span><\/strong> <a href=\"https:\/\/pudb-ub.primo.exlibrisgroup.com\/discovery\/search?vid=33PUDB_UB:33PUDB_UB_VU1&amp;sortby=rank&amp;lang=fr\" target=\"_blank\" rel=\"noreferrer noopener\">https:\/\/pudb-ub.primo.exlibrisgroup.com\/discovery\/search?vid=33PUDB_UB:33PUDB_UB_VU1&amp;sortby=rank&amp;lang=fr<\/a><\/p>\n\n\n\n<p><strong><span style=\"color: #8B1F5A;\">Babord + Universit\u00e9 Bordeaux Montaigne :<\/span><\/strong> <a href=\"https:\/\/pudb-ubm.primo.exlibrisgroup.com\/discovery\/search?vid=33PUDB_UBM:33PUDB_UBM_VU1&amp;sortby=rank&amp;lang=fr\" target=\"_blank\" rel=\"noreferrer noopener\">https:\/\/pudb-ubm.primo.exlibrisgroup.com\/discovery\/search?vid=33PUDB_UBM:33PUDB_UBM_VU1&amp;sortby=rank&amp;lang=fr<\/a><\/p>\n\n\n\n<p><strong><span style=\"color: #f60501;\">Babord + Sciences Po Bordeaux :<\/span><\/strong> <a rel=\"noreferrer noopener\" href=\"https:\/\/pudb-iep.primo.exlibrisgroup.com\/discovery\/search?vid=33PUDB_IEP:33PUDB_IEP_VU1&amp;sortby=rank&amp;lang=fr\" target=\"_blank\">https:\/\/pudb-iep.primo.exlibrisgroup.com\/discovery\/search?vid=33PUDB_IEP:33PUDB_IEP_VU1<\/a><\/p>\n\n\n\n<p><strong><span style=\"color: #81b129;\">Babord + Bordeaux Sciences Agro :<\/span><\/strong> <a href=\"https:\/\/pudb-bxsa.primo.exlibrisgroup.com\/discovery\/search?vid=33PUDB_BXSA:33PUDB_BXSA_VU1\">https:\/\/pudb-bxsa.primo.exlibrisgroup.com\/discovery\/search?vid=33PUDB_BXSA:33PUDB_BXSA_VU1<\/a><\/p>\n\n\n\n<p><strong><span style=\"color: #ff7800;\">Babord + Bordeaux INP :<\/span><\/strong> <a rel=\"noreferrer noopener\" href=\"https:\/\/pudb-inp.primo.exlibrisgroup.com\/discovery\/search?vid=33PUDB_INP:33PUDB_INP_VU1&amp;sortby=rank&amp;lang=fr\" target=\"_blank\"><\/a><a href=\"https:\/\/pudb-inp.primo.exlibrisgroup.com\/discovery\/search?vid=33PUDB_INP:33PUDB_INP_VU1\">https:\/\/pudb-inp.primo.exlibrisgroup.com\/discovery\/search?vid=33PUDB_INP:33PUDB_INP_VU1<\/a><\/p>\n\n\n\n<h2 id=\"stoc-bac-a-sable\" class=\"wpig-heading\">Bac \u00e0 sable <\/h2>\n\n\n\n<p><\/p>\n\n\n\n<p><strong>Babord + R\u00e9seau :<\/strong><a href=\"https:\/\/pudb-network-psb.alma.exlibrisgroup.com\/discovery\/search?vid=33PUDB_NETWORK:33PUDB_NETWORK_VU1\" target=\"_blank\" rel=\"noreferrer noopener\"> https:\/\/pudb-network-psb.alma.exlibrisgroup.com\/discovery\/search?vid=33PUDB_NETWORK:33PUDB_NETWORK_VU1<\/a><\/p>\n\n\n\n<p><strong><span style=\"color: #009de0;\">Babord + Universit\u00e9 de Bordeaux :<\/span><\/strong> <a href=\"https:\/\/pudb-ub-psb.primo.exlibrisgroup.com\/discovery\/search?vid=33PUDB_UB:33PUDB_UB_VU1&amp;sortby=rank&amp;lang=fr\" target=\"_blank\" rel=\"noreferrer noopener\">https:\/\/pudb-ub-psb.primo.exlibrisgroup.com\/discovery\/search?vid=33PUDB_UB:33PUDB_UB_VU1&amp;sortby=rank&amp;lang=fr<\/a><\/p>\n\n\n\n<p><strong><strong><span style=\"color: #81b129;\">Babord + Bordeaux Sciences Agro<\/span><\/strong> :<\/strong> <a href=\"https:\/\/pudb-bxsa-psb.primo.exlibrisgroup.com\/discovery\/search?vid=33PUDB_BXSA:33PUDB_BXSA_VU1\" target=\"_blank\" rel=\"noreferrer noopener\">https:\/\/pudb-bxsa-psb.primo.exlibrisgroup.com\/discovery\/search?vid=33PUDB_BXSA:33PUDB_BXSA_VU1 <\/a><\/p>\n\n\n\n<h2 id=\"stoc-mettre-babord-en-favori\" class=\"wpig-heading\">Mettre Babord + en favori<\/h2>\n\n\n\n<p>Pas de proc\u00e9dure particuli\u00e8re pour mettre le catalogue en favori, faites comme vous avez l&rsquo;habitude et vous aurez toujours acc\u00e8s \u00e0 la page d&rsquo;accueil authentifi\u00e9 ou non.<\/p>\n\n\n\n<h2 id=\"stoc-acceder-a-son-compte-lecteur\" class=\"wpig-heading\">Acc\u00e9der \u00e0 son compte lecteur<\/h2>\n\n\n\n<p>Si vous \u00eates d\u00e9j\u00e0 authentifi\u00e9 \u00e0 votre ENT, vous acc\u00e9dez directement \u00e0 votre compte.<\/p>\n\n\n\n<p>Dans le cas contraire, il suffit de cliquer sur \u00ab\u00a0S&rsquo;identifier\u00a0\u00bb depuis la page d&rsquo;accueil de Babord + :<\/p>\n\n\n<div class=\"wp-block-image\">\n<figure class=\"aligncenter\"><img decoding=\"async\" loading=\"lazy\" width=\"1024\" height=\"333\" src=\"http:\/\/rebub.u-bordeaux.fr\/wp-content\/uploads\/2018\/10\/Bouton-identifier-1024x333.png\" alt=\"\" class=\"wp-image-4483\" srcset=\"https:\/\/rebub.u-bordeaux.fr\/wp-content\/uploads\/2018\/10\/Bouton-identifier-1024x333.png 1024w, https:\/\/rebub.u-bordeaux.fr\/wp-content\/uploads\/2018\/10\/Bouton-identifier-300x98.png 300w, https:\/\/rebub.u-bordeaux.fr\/wp-content\/uploads\/2018\/10\/Bouton-identifier-768x250.png 768w, https:\/\/rebub.u-bordeaux.fr\/wp-content\/uploads\/2018\/10\/Bouton-identifier.png 1909w\" sizes=\"(max-width: 1024px) 100vw, 1024px\" \/><\/figure><\/div>\n\n\n<p>Une fen\u00eatre s&rsquo;ouvre, choisir son \u00e9tablissement :<\/p>\n\n\n<div class=\"wp-block-image\">\n<figure class=\"aligncenter\"><img decoding=\"async\" loading=\"lazy\" width=\"245\" height=\"300\" src=\"http:\/\/rebub.u-bordeaux.fr\/wp-content\/uploads\/2018\/10\/Fen\u00eatre-authentification-245x300.png\" alt=\"\" class=\"wp-image-4484\" srcset=\"https:\/\/rebub.u-bordeaux.fr\/wp-content\/uploads\/2018\/10\/Fen\u00eatre-authentification-245x300.png 245w, https:\/\/rebub.u-bordeaux.fr\/wp-content\/uploads\/2018\/10\/Fen\u00eatre-authentification.png 705w\" sizes=\"(max-width: 245px) 100vw, 245px\" \/><\/figure><\/div>\n\n\n<p>On bascule alors sur la fen\u00eatre d&rsquo;authentification de son \u00e9tablissement.<\/p>\n\n\n\n<p>Pour continuer avec Babord +, les proc\u00e9dures sont \u00e0 votre disposition sur <a href=\"http:\/\/rebub.u-bordeaux.fr\/index.php\/babord\/procedures\/\" data-type=\"URL\" data-id=\"http:\/\/rebub.u-bordeaux.fr\/index.php\/babord\/procedures\/\">cette page<\/a>.<\/p>\n\n\n\n<div class=\"is-layout-flex wp-container-6 wp-block-columns bord-bloc-reutilisable has-background\" style=\"background-color:#d9edf7\">\n<div class=\"is-layout-flow wp-block-column is-vertically-aligned-center\" style=\"font-size:15px;flex-basis:20%\">\n<p style=\"font-size:15px\"><strong>Date de publication<\/strong> <\/p>\n\n\n<div style=\"font-size:15px;\" class=\"wp-block-post-date\"><time datetime=\"2024-03-22T09:37:36+01:00\">22 mars 2024<\/time><\/div><\/div>\n\n\n\n<div class=\"is-layout-flow wp-block-column is-vertically-aligned-center\" style=\"font-size:15px;flex-basis:20%\">\n<p><strong>Mis \u00e0 jour le <\/strong><\/p>\n\n\n<div style=\"font-size:15px;\" class=\"wp-block-post-date\"><time datetime=\"2025-06-30T11:09:44+02:00\">30 juin 2025<\/time><\/div><\/div>\n\n\n\n<div class=\"is-layout-flow wp-block-column is-vertically-aligned-center\" style=\"font-size:15px;flex-basis:40%\">\n<p><\/p>\n\n\n\n<p><strong>Attention ! <\/strong>Certains \u00e9tablissements utilisent parfois de proc\u00e9dures compl\u00e9mentaires <\/p>\n<\/div>\n\n\n\n<div class=\"is-layout-flow wp-block-column is-vertically-aligned-center\" style=\"font-size:15px;flex-basis:25%\">\n<div class=\"is-horizontal is-content-justification-center is-layout-flex wp-container-4 wp-block-buttons alignfull has-custom-font-size\" style=\"font-size:16px\">\n<div class=\"wp-block-button has-custom-width wp-block-button__width-75 has-custom-font-size is-style-fill\" style=\"font-size:15px\"><a class=\"wp-block-button__link has-white-color has-text-color has-background wp-element-button\" href=\"mailto:scoop@u-bordeaux.fr\" style=\"border-radius:65px;background-color:#000000db\"><strong>Signaler une erreur<\/strong><\/a><\/div>\n<\/div>\n<\/div>\n<\/div>\n","protected":false},"excerpt":{"rendered":"<p>Table des mati\u00e8res[ Show ]Se rendre sur Babord +Bac \u00e0 sable Mettre Babord + en favoriAcc\u00e9der \u00e0 son compte lecteurRetrouvez sur cette page les liens vers toutes les interfaces du catalogue Babord + : Se rendre sur Babord + Babord&#8230;<\/p>\n","protected":false},"author":46,"featured_media":4796,"parent":18422,"menu_order":0,"comment_status":"closed","ping_status":"closed","template":"","meta":[],"post_mailing_queue_ids":[],"_links":{"self":[{"href":"https:\/\/rebub.u-bordeaux.fr\/index.php\/wp-json\/wp\/v2\/pages\/18870"}],"collection":[{"href":"https:\/\/rebub.u-bordeaux.fr\/index.php\/wp-json\/wp\/v2\/pages"}],"about":[{"href":"https:\/\/rebub.u-bordeaux.fr\/index.php\/wp-json\/wp\/v2\/types\/page"}],"author":[{"embeddable":true,"href":"https:\/\/rebub.u-bordeaux.fr\/index.php\/wp-json\/wp\/v2\/users\/46"}],"replies":[{"embeddable":true,"href":"https:\/\/rebub.u-bordeaux.fr\/index.php\/wp-json\/wp\/v2\/comments?post=18870"}],"version-history":[{"count":11,"href":"https:\/\/rebub.u-bordeaux.fr\/index.php\/wp-json\/wp\/v2\/pages\/18870\/revisions"}],"predecessor-version":[{"id":23839,"href":"https:\/\/rebub.u-bordeaux.fr\/index.php\/wp-json\/wp\/v2\/pages\/18870\/revisions\/23839"}],"up":[{"embeddable":true,"href":"https:\/\/rebub.u-bordeaux.fr\/index.php\/wp-json\/wp\/v2\/pages\/18422"}],"wp:featuredmedia":[{"embeddable":true,"href":"https:\/\/rebub.u-bordeaux.fr\/index.php\/wp-json\/wp\/v2\/media\/4796"}],"wp:attachment":[{"href":"https:\/\/rebub.u-bordeaux.fr\/index.php\/wp-json\/wp\/v2\/media?parent=18870"}],"curies":[{"name":"wp","href":"https:\/\/api.w.org\/{rel}","templated":true}]}}