	{"id":18882,"date":"2024-03-22T09:37:46","date_gmt":"2024-03-22T08:37:46","guid":{"rendered":"https:\/\/rebub.u-bordeaux.fr\/?page_id=18882"},"modified":"2024-05-02T12:10:31","modified_gmt":"2024-05-02T10:10:31","slug":"reserver-un-document-2","status":"publish","type":"page","link":"https:\/\/rebub.u-bordeaux.fr\/index.php\/babord\/procedures\/services-aux-usagers\/reserver-un-document-2\/","title":{"rendered":"R\u00e9server un document dans Babord +"},"content":{"rendered":"<div id='wpig-floatingbar' class='wpig-floatingbar'><div id='wpig-switch-wrapper' class='wpig-switch-wrapper'><span id='wpig-floating-switch' class='wpig-floating-switch'><img src='https:\/\/rebub.u-bordeaux.fr\/wp-content\/plugins\/sticky-toc-advance-table-of-contents\/\\assets\\menu.png'><\/span><\/div><div id='wpig-contents' class='wpig-contents  wpig-sidebar-widget wpig-style-3'><span class='wpig-headline'>Table des mati\u00e8res<span><a data-action='show' class='wpig-btn-toggledisplay'>[ Show ]<\/a><\/span><\/span><!-- Table of Contents --><div id='wpig-table-of-content' class='wpig-table-of-content'><ol><li class='stoc-suivre-lavancement-dune-reservation'><a href='#stoc-suivre-lavancement-dune-reservation'>Suivre l&rsquo;avancement d&rsquo;une r\u00e9servation<\/a><\/li><li class='stoc-annuler-une-reservation'><a href='#stoc-annuler-une-reservation'>Annuler une r\u00e9servation<\/a><\/li><\/div><!-- END OF Table of Contents --><\/div><\/div><p><div id='wpig-contents' class='wpig-contents  wpig-sidebar-widget wpig-style-1'><span class='wpig-headline'>Table des mati\u00e8res<span><a data-action='show' class='wpig-btn-toggledisplay'>[ Show ]<\/a><\/span><\/span><!-- Table of Contents --><div id='wpig-table-of-content' class='wpig-table-of-content' ><ol><li class='stoc-suivre-lavancement-dune-reservation'><a href='#stoc-suivre-lavancement-dune-reservation'>Suivre l&rsquo;avancement d&rsquo;une r\u00e9servation<\/a><\/li><li class='stoc-annuler-une-reservation'><a href='#stoc-annuler-une-reservation'>Annuler une r\u00e9servation<\/a><\/li><\/div><!-- END OF Table of Contents --><\/div><\/p>\n<p>Des \u00e9tablissements du r\u00e9seau offrent la possibilit\u00e9 au lecteur de r\u00e9server des documents.<br>Il y a deux types de r\u00e9servation :<\/p>\n\n\n\n<ul>\n<li>la r\u00e9servation sur document en rayon<\/li>\n\n\n\n<li>la r\u00e9servation sur document en pr\u00eat<\/li>\n<\/ul>\n\n\n\n<p>Pour le lecteur, le fonctionnement est le m\u00eame. Une fois authentifi\u00e9, pour r\u00e9server un document qui peut l\u2019\u00eatre, le lecteur devra cliquer sur le bouton \u201cDemander\/R\u00e9server\u201d qui se trouve au niveau des informations d\u2019acc\u00e8s et de disponibilit\u00e9s ou au niveau des informations des exemplaires.<\/p>\n\n\n\n<figure class=\"wp-block-image size-large\"><img decoding=\"async\" loading=\"lazy\" width=\"1024\" height=\"310\" src=\"https:\/\/rebub.u-bordeaux.fr\/wp-content\/uploads\/2024\/01\/Notes-sur-le-S-E-des-Basses-Alpes-XIV-XXVII-Universite-de-Bordeaux-1024x310.png\" alt=\"\" class=\"wp-image-17873\" srcset=\"https:\/\/rebub.u-bordeaux.fr\/wp-content\/uploads\/2024\/01\/Notes-sur-le-S-E-des-Basses-Alpes-XIV-XXVII-Universite-de-Bordeaux-1024x310.png 1024w, https:\/\/rebub.u-bordeaux.fr\/wp-content\/uploads\/2024\/01\/Notes-sur-le-S-E-des-Basses-Alpes-XIV-XXVII-Universite-de-Bordeaux-300x91.png 300w, https:\/\/rebub.u-bordeaux.fr\/wp-content\/uploads\/2024\/01\/Notes-sur-le-S-E-des-Basses-Alpes-XIV-XXVII-Universite-de-Bordeaux-768x232.png 768w, https:\/\/rebub.u-bordeaux.fr\/wp-content\/uploads\/2024\/01\/Notes-sur-le-S-E-des-Basses-Alpes-XIV-XXVII-Universite-de-Bordeaux.png 1333w\" sizes=\"(max-width: 1024px) 100vw, 1024px\" \/><\/figure>\n\n\n\n<p>Il renseignera dans un formulaire le lieu de retrait souhait\u00e9 (fonction \u00e9galement des biblioth\u00e8ques qui proposent la r\u00e9servation en ligne).<\/p>\n\n\n\n<figure class=\"wp-block-image size-large\"><img decoding=\"async\" loading=\"lazy\" width=\"1024\" height=\"303\" src=\"https:\/\/rebub.u-bordeaux.fr\/wp-content\/uploads\/2024\/01\/image-20-1024x303.png\" alt=\"\" class=\"wp-image-17843\" srcset=\"https:\/\/rebub.u-bordeaux.fr\/wp-content\/uploads\/2024\/01\/image-20-1024x303.png 1024w, https:\/\/rebub.u-bordeaux.fr\/wp-content\/uploads\/2024\/01\/image-20-300x89.png 300w, https:\/\/rebub.u-bordeaux.fr\/wp-content\/uploads\/2024\/01\/image-20-768x227.png 768w, https:\/\/rebub.u-bordeaux.fr\/wp-content\/uploads\/2024\/01\/image-20.png 1311w\" sizes=\"(max-width: 1024px) 100vw, 1024px\" \/><\/figure>\n\n\n\n<p>Le bouton \u00ab\u00a0Place dans la file d&rsquo;attente\u00a0\u00bb permet au lecteur de conna\u00eetre le rang de sa demande parmi les autres demandes qui auront \u00e9t\u00e9 effectu\u00e9es sur ce document :<\/p>\n\n\n<div class=\"wp-block-image\">\n<figure class=\"aligncenter\"><a href=\"http:\/\/rebub.u-bordeaux.fr\/wp-content\/uploads\/2018\/07\/R\u00e9server_place-file-dattente.png\" target=\"_blank\" rel=\"noreferrer noopener\"><img decoding=\"async\" loading=\"lazy\" width=\"1073\" height=\"368\" src=\"http:\/\/rebub.u-bordeaux.fr\/wp-content\/uploads\/2018\/07\/R\u00e9server_place-file-dattente.png\" alt=\"\" class=\"wp-image-3965\" srcset=\"https:\/\/rebub.u-bordeaux.fr\/wp-content\/uploads\/2018\/07\/R\u00e9server_place-file-dattente.png 1073w, https:\/\/rebub.u-bordeaux.fr\/wp-content\/uploads\/2018\/07\/R\u00e9server_place-file-dattente-300x103.png 300w, https:\/\/rebub.u-bordeaux.fr\/wp-content\/uploads\/2018\/07\/R\u00e9server_place-file-dattente-768x263.png 768w, https:\/\/rebub.u-bordeaux.fr\/wp-content\/uploads\/2018\/07\/R\u00e9server_place-file-dattente-1024x351.png 1024w\" sizes=\"(max-width: 1073px) 100vw, 1073px\" \/><\/a><\/figure><\/div>\n\n\n<p>Cliquer sur le bouton \u00ab\u00a0R\u00e9server\u00a0\u00bb pour finaliser la demande.<\/p>\n\n\n\n<h2 id=\"stoc-suivre-lavancement-dune-reservation\" class=\"wpig-heading\">Suivre l&rsquo;avancement d&rsquo;une r\u00e9servation<\/h2>\n\n\n\n<p>Penser \u00e0 v\u00e9rifier que le lecteur est bien localis\u00e9 sur l&rsquo;\u00e9tablissement concern\u00e9 par la demande :<\/p>\n\n\n<div class=\"wp-block-image\">\n<figure class=\"aligncenter\"><a href=\"http:\/\/rebub.u-bordeaux.fr\/wp-content\/uploads\/2018\/07\/Primo_localisation-\u00e9tablissement-compte-lecteur.png\" target=\"_blank\" rel=\"noreferrer noopener\"><img decoding=\"async\" loading=\"lazy\" width=\"1910\" height=\"245\" src=\"http:\/\/rebub.u-bordeaux.fr\/wp-content\/uploads\/2018\/07\/Primo_localisation-\u00e9tablissement-compte-lecteur.png\" alt=\"\" class=\"wp-image-3973\" srcset=\"https:\/\/rebub.u-bordeaux.fr\/wp-content\/uploads\/2018\/07\/Primo_localisation-\u00e9tablissement-compte-lecteur.png 1910w, https:\/\/rebub.u-bordeaux.fr\/wp-content\/uploads\/2018\/07\/Primo_localisation-\u00e9tablissement-compte-lecteur-300x38.png 300w, https:\/\/rebub.u-bordeaux.fr\/wp-content\/uploads\/2018\/07\/Primo_localisation-\u00e9tablissement-compte-lecteur-768x99.png 768w, https:\/\/rebub.u-bordeaux.fr\/wp-content\/uploads\/2018\/07\/Primo_localisation-\u00e9tablissement-compte-lecteur-1024x131.png 1024w\" sizes=\"(max-width: 1910px) 100vw, 1910px\" \/><\/a><\/figure><\/div>\n\n\n<p>Dans son compte, depuis l&rsquo;onglet \u00ab\u00a0Demande en cours\u00a0\u00bb, le lecteur peut suivre l&rsquo;\u00e9tat d&rsquo;avancement de la r\u00e9servation :<\/p>\n\n\n<div class=\"wp-block-image\">\n<figure class=\"aligncenter\"><a href=\"http:\/\/rebub.u-bordeaux.fr\/wp-content\/uploads\/2018\/07\/R\u00e9server_onglet-demande-en-cours.png\" target=\"_blank\" rel=\"noreferrer noopener\"><img decoding=\"async\" loading=\"lazy\" width=\"1891\" height=\"601\" src=\"http:\/\/rebub.u-bordeaux.fr\/wp-content\/uploads\/2018\/07\/R\u00e9server_onglet-demande-en-cours.png\" alt=\"\" class=\"wp-image-3967\" srcset=\"https:\/\/rebub.u-bordeaux.fr\/wp-content\/uploads\/2018\/07\/R\u00e9server_onglet-demande-en-cours.png 1891w, https:\/\/rebub.u-bordeaux.fr\/wp-content\/uploads\/2018\/07\/R\u00e9server_onglet-demande-en-cours-300x95.png 300w, https:\/\/rebub.u-bordeaux.fr\/wp-content\/uploads\/2018\/07\/R\u00e9server_onglet-demande-en-cours-768x244.png 768w, https:\/\/rebub.u-bordeaux.fr\/wp-content\/uploads\/2018\/07\/R\u00e9server_onglet-demande-en-cours-1024x325.png 1024w\" sizes=\"(max-width: 1891px) 100vw, 1891px\" \/><\/a><\/figure><\/div>\n\n\n<h2 id=\"stoc-annuler-une-reservation\" class=\"wpig-heading\">Annuler une r\u00e9servation<\/h2>\n\n\n\n<p>Le lecteur peut \u00e0 tout moment annuler la r\u00e9servation d&rsquo;un document.<\/p>\n\n\n\n<p>Penser \u00e0 v\u00e9rifier que le lecteur est bien localis\u00e9 sur l&rsquo;\u00e9tablissement concern\u00e9 par la demande :<\/p>\n\n\n<div class=\"wp-block-image\">\n<figure class=\"aligncenter\"><a href=\"http:\/\/rebub.u-bordeaux.fr\/wp-content\/uploads\/2018\/07\/Primo_localisation-\u00e9tablissement-compte-lecteur.png\" target=\"_blank\" rel=\"noreferrer noopener\"><img decoding=\"async\" loading=\"lazy\" width=\"1910\" height=\"245\" src=\"http:\/\/rebub.u-bordeaux.fr\/wp-content\/uploads\/2018\/07\/Primo_localisation-\u00e9tablissement-compte-lecteur.png\" alt=\"\" class=\"wp-image-3973\" srcset=\"https:\/\/rebub.u-bordeaux.fr\/wp-content\/uploads\/2018\/07\/Primo_localisation-\u00e9tablissement-compte-lecteur.png 1910w, https:\/\/rebub.u-bordeaux.fr\/wp-content\/uploads\/2018\/07\/Primo_localisation-\u00e9tablissement-compte-lecteur-300x38.png 300w, https:\/\/rebub.u-bordeaux.fr\/wp-content\/uploads\/2018\/07\/Primo_localisation-\u00e9tablissement-compte-lecteur-768x99.png 768w, https:\/\/rebub.u-bordeaux.fr\/wp-content\/uploads\/2018\/07\/Primo_localisation-\u00e9tablissement-compte-lecteur-1024x131.png 1024w\" sizes=\"(max-width: 1910px) 100vw, 1910px\" \/><\/a><\/figure><\/div>\n\n\n<p>Depuis son compte lecteur et l&rsquo;onglet \u00ab\u00a0Demande en cours\u00a0\u00bb, cliquer sur le bouton \u00ab\u00a0Annuler\u00a0\u00bb :<\/p>\n\n\n<div class=\"wp-block-image\">\n<figure class=\"aligncenter\"><a href=\"http:\/\/rebub.u-bordeaux.fr\/wp-content\/uploads\/2018\/07\/R\u00e9server_bouton-annuler.png\" target=\"_blank\" rel=\"noreferrer noopener\"><img decoding=\"async\" loading=\"lazy\" width=\"1904\" height=\"508\" src=\"http:\/\/rebub.u-bordeaux.fr\/wp-content\/uploads\/2018\/07\/R\u00e9server_bouton-annuler.png\" alt=\"\" class=\"wp-image-3969\" srcset=\"https:\/\/rebub.u-bordeaux.fr\/wp-content\/uploads\/2018\/07\/R\u00e9server_bouton-annuler.png 1904w, https:\/\/rebub.u-bordeaux.fr\/wp-content\/uploads\/2018\/07\/R\u00e9server_bouton-annuler-300x80.png 300w, https:\/\/rebub.u-bordeaux.fr\/wp-content\/uploads\/2018\/07\/R\u00e9server_bouton-annuler-768x205.png 768w, https:\/\/rebub.u-bordeaux.fr\/wp-content\/uploads\/2018\/07\/R\u00e9server_bouton-annuler-1024x273.png 1024w\" sizes=\"(max-width: 1904px) 100vw, 1904px\" \/><\/a><\/figure><\/div>\n\n\n<p>Un bandeau de confirmation appara\u00eet, cliquer de nouveau sur le bouton \u00ab\u00a0Annuler\u00a0\u00bb :<\/p>\n\n\n<div class=\"wp-block-image\">\n<figure class=\"aligncenter\"><a href=\"http:\/\/rebub.u-bordeaux.fr\/wp-content\/uploads\/2018\/07\/R\u00e9server_bandeau-confirmation-annulation.png\" target=\"_blank\" rel=\"noreferrer noopener\"><img decoding=\"async\" loading=\"lazy\" width=\"1221\" height=\"153\" src=\"http:\/\/rebub.u-bordeaux.fr\/wp-content\/uploads\/2018\/07\/R\u00e9server_bandeau-confirmation-annulation.png\" alt=\"\" class=\"wp-image-3970\" srcset=\"https:\/\/rebub.u-bordeaux.fr\/wp-content\/uploads\/2018\/07\/R\u00e9server_bandeau-confirmation-annulation.png 1221w, https:\/\/rebub.u-bordeaux.fr\/wp-content\/uploads\/2018\/07\/R\u00e9server_bandeau-confirmation-annulation-300x38.png 300w, https:\/\/rebub.u-bordeaux.fr\/wp-content\/uploads\/2018\/07\/R\u00e9server_bandeau-confirmation-annulation-768x96.png 768w, https:\/\/rebub.u-bordeaux.fr\/wp-content\/uploads\/2018\/07\/R\u00e9server_bandeau-confirmation-annulation-1024x128.png 1024w\" sizes=\"(max-width: 1221px) 100vw, 1221px\" \/><\/a><\/figure><\/div>\n\n\n<p>Un message confirme l&rsquo;annulation de la r\u00e9servation :<\/p>\n\n\n<div class=\"wp-block-image\">\n<figure class=\"aligncenter\"><a href=\"http:\/\/rebub.u-bordeaux.fr\/wp-content\/uploads\/2018\/07\/R\u00e9server_confirmation-annulation-r\u00e9servation.png\" target=\"_blank\" rel=\"noreferrer noopener\"><img decoding=\"async\" loading=\"lazy\" width=\"1901\" height=\"681\" src=\"http:\/\/rebub.u-bordeaux.fr\/wp-content\/uploads\/2018\/07\/R\u00e9server_confirmation-annulation-r\u00e9servation.png\" alt=\"\" class=\"wp-image-3971\" srcset=\"https:\/\/rebub.u-bordeaux.fr\/wp-content\/uploads\/2018\/07\/R\u00e9server_confirmation-annulation-r\u00e9servation.png 1901w, https:\/\/rebub.u-bordeaux.fr\/wp-content\/uploads\/2018\/07\/R\u00e9server_confirmation-annulation-r\u00e9servation-300x107.png 300w, https:\/\/rebub.u-bordeaux.fr\/wp-content\/uploads\/2018\/07\/R\u00e9server_confirmation-annulation-r\u00e9servation-768x275.png 768w, https:\/\/rebub.u-bordeaux.fr\/wp-content\/uploads\/2018\/07\/R\u00e9server_confirmation-annulation-r\u00e9servation-1024x367.png 1024w\" sizes=\"(max-width: 1901px) 100vw, 1901px\" \/><\/a><\/figure><\/div>\n\n\n<div class=\"is-layout-flex wp-container-6 wp-block-columns bord-bloc-reutilisable has-background\" style=\"background-color:#d9edf7\">\n<div class=\"is-layout-flow wp-block-column is-vertically-aligned-center\" style=\"font-size:15px;flex-basis:20%\">\n<p style=\"font-size:15px\"><strong>Date de publication<\/strong> <\/p>\n\n\n<div style=\"font-size:15px;\" class=\"wp-block-post-date\"><time datetime=\"2024-03-22T09:37:46+01:00\">22 mars 2024<\/time><\/div><\/div>\n\n\n\n<div class=\"is-layout-flow wp-block-column is-vertically-aligned-center\" style=\"font-size:15px;flex-basis:20%\">\n<p><strong>Mis \u00e0 jour le <\/strong><\/p>\n\n\n<div style=\"font-size:15px;\" class=\"wp-block-post-date\"><time datetime=\"2024-05-02T12:10:31+02:00\">2 mai 2024<\/time><\/div><\/div>\n\n\n\n<div class=\"is-layout-flow wp-block-column is-vertically-aligned-center\" style=\"font-size:15px;flex-basis:40%\">\n<p><\/p>\n\n\n\n<p><strong>Attention ! <\/strong>Certains \u00e9tablissements utilisent parfois de proc\u00e9dures compl\u00e9mentaires <\/p>\n<\/div>\n\n\n\n<div class=\"is-layout-flow wp-block-column is-vertically-aligned-center\" style=\"font-size:15px;flex-basis:25%\">\n<div class=\"is-horizontal is-content-justification-center is-layout-flex wp-container-4 wp-block-buttons alignfull has-custom-font-size\" style=\"font-size:16px\">\n<div class=\"wp-block-button has-custom-width wp-block-button__width-75 has-custom-font-size is-style-fill\" style=\"font-size:15px\"><a class=\"wp-block-button__link has-white-color has-text-color has-background wp-element-button\" href=\"mailto:scoop@u-bordeaux.fr\" style=\"border-radius:65px;background-color:#000000db\"><strong>Signaler une erreur<\/strong><\/a><\/div>\n<\/div>\n<\/div>\n<\/div>\n","protected":false},"excerpt":{"rendered":"<p>Table des mati\u00e8res[ Show ]Suivre l&rsquo;avancement d&rsquo;une r\u00e9servationAnnuler une r\u00e9servationDes \u00e9tablissements du r\u00e9seau offrent la possibilit\u00e9 au lecteur de r\u00e9server des documents.Il y a deux types de r\u00e9servation : Pour le lecteur, le fonctionnement est le m\u00eame. Une fois authentifi\u00e9,&#8230;<\/p>\n","protected":false},"author":81,"featured_media":0,"parent":18426,"menu_order":2,"comment_status":"closed","ping_status":"closed","template":"","meta":[],"post_mailing_queue_ids":[],"_links":{"self":[{"href":"https:\/\/rebub.u-bordeaux.fr\/index.php\/wp-json\/wp\/v2\/pages\/18882"}],"collection":[{"href":"https:\/\/rebub.u-bordeaux.fr\/index.php\/wp-json\/wp\/v2\/pages"}],"about":[{"href":"https:\/\/rebub.u-bordeaux.fr\/index.php\/wp-json\/wp\/v2\/types\/page"}],"author":[{"embeddable":true,"href":"https:\/\/rebub.u-bordeaux.fr\/index.php\/wp-json\/wp\/v2\/users\/81"}],"replies":[{"embeddable":true,"href":"https:\/\/rebub.u-bordeaux.fr\/index.php\/wp-json\/wp\/v2\/comments?post=18882"}],"version-history":[{"count":4,"href":"https:\/\/rebub.u-bordeaux.fr\/index.php\/wp-json\/wp\/v2\/pages\/18882\/revisions"}],"predecessor-version":[{"id":20752,"href":"https:\/\/rebub.u-bordeaux.fr\/index.php\/wp-json\/wp\/v2\/pages\/18882\/revisions\/20752"}],"up":[{"embeddable":true,"href":"https:\/\/rebub.u-bordeaux.fr\/index.php\/wp-json\/wp\/v2\/pages\/18426"}],"wp:attachment":[{"href":"https:\/\/rebub.u-bordeaux.fr\/index.php\/wp-json\/wp\/v2\/media?parent=18882"}],"curies":[{"name":"wp","href":"https:\/\/api.w.org\/{rel}","templated":true}]}}