	{"id":18894,"date":"2024-03-22T09:38:04","date_gmt":"2024-03-22T08:38:04","guid":{"rendered":"https:\/\/rebub.u-bordeaux.fr\/?page_id=18894"},"modified":"2024-05-02T13:17:28","modified_gmt":"2024-05-02T11:17:28","slug":"gerer-ses-blibliographies","status":"publish","type":"page","link":"https:\/\/rebub.u-bordeaux.fr\/index.php\/babord\/procedures\/signalement\/gerer-ses-blibliographies\/","title":{"rendered":"Cr\u00e9er et g\u00e9rer les s\u00e9lections"},"content":{"rendered":"<div id='wpig-floatingbar' class='wpig-floatingbar'><div id='wpig-switch-wrapper' class='wpig-switch-wrapper'><span id='wpig-floating-switch' class='wpig-floating-switch'><img src='https:\/\/rebub.u-bordeaux.fr\/wp-content\/plugins\/sticky-toc-advance-table-of-contents\/\\assets\\menu.png'><\/span><\/div><div id='wpig-contents' class='wpig-contents  wpig-sidebar-widget wpig-style-3'><span class='wpig-headline'>Table des mati\u00e8res<span><a data-action='show' class='wpig-btn-toggledisplay'>[ Show ]<\/a><\/span><\/span><!-- Table of Contents --><div id='wpig-table-of-content' class='wpig-table-of-content'><ol><li class='stoc-configurer-sa-selection'><a href='#stoc-configurer-sa-selection'>Configurer sa s\u00e9lection<\/a><\/li><li class='stoc-ajouter-des-titres'><a href='#stoc-ajouter-des-titres'>Ajouter des titres<\/a><\/li><li class='stoc-ajouter-des-illustrations-dans-primo'><a href='#stoc-ajouter-des-illustrations-dans-primo'>Ajouter des illustrations dans Primo<\/a><\/li><li class='stoc-supprimer-une-selection'><a href='#stoc-supprimer-une-selection'>Supprimer une s\u00e9lection<\/a><\/li><li class='stoc-alimenter-une-selection-via-un-jeu-de-resultat-logique'><a href='#stoc-alimenter-une-selection-via-un-jeu-de-resultat-logique'>Alimenter une s\u00e9lection via un jeu de r\u00e9sultat logique<\/a><ol><li class='stoc-avant-de-commencer'><a href='#stoc-avant-de-commencer'>Avant de commencer<\/a><\/li><li class='stoc-creer-la-selection-logique'><a href='#stoc-creer-la-selection-logique'>Cr\u00e9er la s\u00e9lection logique<\/a><\/li><li class='stoc-mise-a-jour-des-selections-logiques'><a href='#stoc-mise-a-jour-des-selections-logiques'>Mise \u00e0 jour des s\u00e9lections logiques<\/a><\/li><\/ol><\/li><\/div><!-- END OF Table of Contents --><\/div><\/div><p><div id='wpig-contents' class='wpig-contents  wpig-sidebar-widget wpig-style-1'><span class='wpig-headline'>Table des mati\u00e8res<span><a data-action='show' class='wpig-btn-toggledisplay'>[ Show ]<\/a><\/span><\/span><!-- Table of Contents --><div id='wpig-table-of-content' class='wpig-table-of-content' ><ol><li class='stoc-configurer-sa-selection'><a href='#stoc-configurer-sa-selection'>Configurer sa s\u00e9lection<\/a><\/li><li class='stoc-ajouter-des-titres'><a href='#stoc-ajouter-des-titres'>Ajouter des titres<\/a><\/li><li class='stoc-ajouter-des-illustrations-dans-primo'><a href='#stoc-ajouter-des-illustrations-dans-primo'>Ajouter des illustrations dans Primo<\/a><\/li><li class='stoc-supprimer-une-selection'><a href='#stoc-supprimer-une-selection'>Supprimer une s\u00e9lection<\/a><\/li><li class='stoc-alimenter-une-selection-via-un-jeu-de-resultat-logique'><a href='#stoc-alimenter-une-selection-via-un-jeu-de-resultat-logique'>Alimenter une s\u00e9lection via un jeu de r\u00e9sultat logique<\/a><ol><li class='stoc-avant-de-commencer'><a href='#stoc-avant-de-commencer'>Avant de commencer<\/a><\/li><li class='stoc-creer-la-selection-logique'><a href='#stoc-creer-la-selection-logique'>Cr\u00e9er la s\u00e9lection logique<\/a><\/li><li class='stoc-mise-a-jour-des-selections-logiques'><a href='#stoc-mise-a-jour-des-selections-logiques'>Mise \u00e0 jour des s\u00e9lections logiques<\/a><\/li><\/ol><\/li><\/div><!-- END OF Table of Contents --><\/div><\/p>\n<p>Le service de <strong>s\u00e9lection<\/strong> permet de cr\u00e9er des s\u00e9lections de documents locaux qui sont expos\u00e9s depuis le catalogue Babord +. La terminologie Ex Libris de ce service dans Alma est \u00ab\u00a0<strong>collection<\/strong>\u00ab\u00a0.<\/p>\n\n\n\n<p>On peut ainsi cr\u00e9er des s\u00e9lections th\u00e9matiques, des s\u00e9lections de nouveaut\u00e9s, des s\u00e9lections de documents pr\u00e9sent\u00e9s dans le cadre d&rsquo;\u00e9v\u00e9nements&#8230;<\/p>\n\n\n\n<h2 id=\"stoc-configurer-sa-selection\" class=\"wpig-heading\">Configurer sa s\u00e9lection<\/h2>\n\n\n\n<p>Dans Alma, se rendre dans le menu\u00a0\u00ab\u00a0Ressources\u00a0\u00bb >\u00a0\u00ab\u00a0G\u00e9rer l\u2019inventaire\u00a0\u00bb > \u00ab\u00a0G\u00e9rer les collections\u00a0\u00bb.<\/p>\n\n\n\n<p>Cliquer sur \u00ab&nbsp;Ajouter une collection de niveau sup\u00e9rieur&nbsp;\u00bb.<\/p>\n\n\n\n<figure class=\"wp-block-image\"><a href=\"http:\/\/rebub.u-bordeaux.fr\/wp-content\/uploads\/2020\/02\/Gerer_Ses_Bibliographies.png\" target=\"_blank\" rel=\"noopener noreferrer\"><img decoding=\"async\" loading=\"lazy\" width=\"1519\" height=\"343\" src=\"http:\/\/rebub.u-bordeaux.fr\/wp-content\/uploads\/2020\/02\/Gerer_Ses_Bibliographies.png\" alt=\"\" class=\"wp-image-7802\" srcset=\"https:\/\/rebub.u-bordeaux.fr\/wp-content\/uploads\/2020\/02\/Gerer_Ses_Bibliographies.png 1519w, https:\/\/rebub.u-bordeaux.fr\/wp-content\/uploads\/2020\/02\/Gerer_Ses_Bibliographies-300x68.png 300w, https:\/\/rebub.u-bordeaux.fr\/wp-content\/uploads\/2020\/02\/Gerer_Ses_Bibliographies-1024x231.png 1024w, https:\/\/rebub.u-bordeaux.fr\/wp-content\/uploads\/2020\/02\/Gerer_Ses_Bibliographies-768x173.png 768w\" sizes=\"(max-width: 1519px) 100vw, 1519px\" \/><\/a><\/figure>\n\n\n\n<p>Dans le formulaire, remplir les champs suivants (les champs marqu\u00e9s d\u2019un ast\u00e9risque rouge sont obligatoires&nbsp;; les champs non mentionn\u00e9s ci-dessous ne doivent pas \u00eatre modifi\u00e9s ou remplis)&nbsp;:<\/p>\n\n\n\n<ul>\n<li><strong>Titre&nbsp;:<\/strong> libell\u00e9 de la s\u00e9lection dans Alma.<\/li>\n\n\n\n<li><strong>Supprimer de la d\u00e9couverte&nbsp;:<\/strong> cocher cette case si vous ne souhaitez pas encore publier la s\u00e9lection dans Primo. Lorsque la case est coch\u00e9e, le symbole&nbsp; <img decoding=\"async\" loading=\"lazy\" class=\"alignnone size-medium wp-image-7803\" src=\"http:\/\/rebub.u-bordeaux.fr\/wp-content\/uploads\/2020\/02\/Symbole.png\" alt=\"\" width=\"27\" height=\"28\"> apparait ensuite associ\u00e9 \u00e0 la collection.<\/li>\n\n\n\n<li><strong>Nom&nbsp;:<\/strong> libell\u00e9 de la s\u00e9lection dans Primo. Indiquer de pr\u00e9f\u00e9rence un libell\u00e9 identique dans Alma et Primo.<\/li>\n\n\n\n<li><strong>Description&nbsp;:<\/strong> apporter une pr\u00e9cision sur le contenu de votre s\u00e9lection (cette mention est affich\u00e9e dans Primo).<\/li>\n\n\n\n<li><strong>Biblioth\u00e8que&nbsp;:<\/strong> choisir votre biblioth\u00e8que de rattachement (ce choix n\u2019a pas d\u2019influence sur les notices que vous pourrez s\u00e9lectionner).<\/li>\n\n\n\n<li><strong>T\u00e9l\u00e9charger la vignette&nbsp;:<\/strong> ne pas charger de vignettes ici (voir le paragraphe \u00ab&nbsp;Ajouter des illustrations dans Primo&nbsp;\u00bb plus bas).<\/li>\n<\/ul>\n\n\n\n<p>Cliquer sur \u00ab&nbsp;Enregistrer et continuer&nbsp;\u00bb.<\/p>\n\n\n\n<p>Dans l\u2019onglet \u00ab&nbsp;Sous-collections&nbsp;\u00bb, il est possible de cr\u00e9er une arborescence de fichiers (le principe de cr\u00e9ation est le m\u00eame que pour une collection de niveau sup\u00e9rieur).<\/p>\n\n\n\n<h2 id=\"stoc-ajouter-des-titres\" class=\"wpig-heading\">Ajouter des titres<\/h2>\n\n\n\n<p>Pour ajouter des titres, se rendre dans l\u2019onglet \u00ab&nbsp;Liste de titres&nbsp;\u00bb. Deux possibilit\u00e9s s\u2019offrent \u00e0 vous&nbsp;:<\/p>\n\n\n\n<ul>\n<li>Cliquer sur \u00ab&nbsp;Ajouter un titre&nbsp;\u00bb&nbsp;: permet d\u2019effectuer une recherche \u00e0 partir de l\u2019index de son choix pour s\u00e9lectionner un ou plusieurs titres parmi les r\u00e9sultats.<\/li>\n\n\n\n<li>Cliquer sur \u00ab&nbsp;Ajouter des titres par ensemble&nbsp;\u00bb&nbsp;: permet de r\u00e9cup\u00e9rer les r\u00e9sultats de requ\u00eates enregistr\u00e9es au pr\u00e9alable dans Alma.<\/li>\n\n\n\n<li>Pour supprimer des titres, cocher les titres puis cliquer sur supprimer la s\u00e9lection.<\/li>\n<\/ul>\n\n\n\n<p>Cliquer sur l\u2019hyperlien de la notice, faire \u00ab\u00a0Modifier\u00a0\u00bb, \u00ab\u00a0Partager avec le zone r\u00e9seau\u00a0\u00bb, la notice sera visible le lendemain sur Primo.<\/p>\n\n\n\n<figure class=\"wp-block-image\"><a href=\"http:\/\/rebub.u-bordeaux.fr\/wp-content\/uploads\/2020\/02\/Bouton_Modifier.png\" target=\"_blank\" rel=\"noopener noreferrer\"><img decoding=\"async\" loading=\"lazy\" width=\"1505\" height=\"170\" src=\"http:\/\/rebub.u-bordeaux.fr\/wp-content\/uploads\/2020\/02\/Bouton_Modifier.png\" alt=\"\" class=\"wp-image-7810\" srcset=\"https:\/\/rebub.u-bordeaux.fr\/wp-content\/uploads\/2020\/02\/Bouton_Modifier.png 1505w, https:\/\/rebub.u-bordeaux.fr\/wp-content\/uploads\/2020\/02\/Bouton_Modifier-300x34.png 300w, https:\/\/rebub.u-bordeaux.fr\/wp-content\/uploads\/2020\/02\/Bouton_Modifier-1024x116.png 1024w, https:\/\/rebub.u-bordeaux.fr\/wp-content\/uploads\/2020\/02\/Bouton_Modifier-768x87.png 768w\" sizes=\"(max-width: 1505px) 100vw, 1505px\" \/><\/a><\/figure>\n\n\n<div class=\"wp-block-image\">\n<figure class=\"aligncenter\"><a href=\"http:\/\/rebub.u-bordeaux.fr\/wp-content\/uploads\/2020\/02\/Partager_Avec_Le_Reseau-300x270.png\" target=\"_blank\" rel=\"noopener noreferrer\"><img decoding=\"async\" loading=\"lazy\" width=\"504\" height=\"454\" src=\"http:\/\/rebub.u-bordeaux.fr\/wp-content\/uploads\/2020\/02\/Partager_Avec_Le_Reseau.png\" alt=\"\" class=\"wp-image-7809\" srcset=\"https:\/\/rebub.u-bordeaux.fr\/wp-content\/uploads\/2020\/02\/Partager_Avec_Le_Reseau.png 504w, https:\/\/rebub.u-bordeaux.fr\/wp-content\/uploads\/2020\/02\/Partager_Avec_Le_Reseau-300x270.png 300w\" sizes=\"(max-width: 504px) 100vw, 504px\" \/><\/a><\/figure><\/div>\n\n\n<figure class=\"wp-block-image\"><a href=\"http:\/\/rebub.u-bordeaux.fr\/wp-content\/uploads\/2020\/02\/Bouton_Modifier-300x34.png\" target=\"_blank\" rel=\"noopener noreferrer\"><img decoding=\"async\" loading=\"lazy\" width=\"1505\" height=\"170\" src=\"http:\/\/rebub.u-bordeaux.fr\/wp-content\/uploads\/2020\/02\/Bouton_Modifier.png\" alt=\"\" class=\"wp-image-7810\" srcset=\"https:\/\/rebub.u-bordeaux.fr\/wp-content\/uploads\/2020\/02\/Bouton_Modifier.png 1505w, https:\/\/rebub.u-bordeaux.fr\/wp-content\/uploads\/2020\/02\/Bouton_Modifier-300x34.png 300w, https:\/\/rebub.u-bordeaux.fr\/wp-content\/uploads\/2020\/02\/Bouton_Modifier-1024x116.png 1024w, https:\/\/rebub.u-bordeaux.fr\/wp-content\/uploads\/2020\/02\/Bouton_Modifier-768x87.png 768w\" sizes=\"(max-width: 1505px) 100vw, 1505px\" \/><\/a><\/figure>\n\n\n\n<h2 id=\"stoc-ajouter-des-illustrations-dans-primo\" class=\"wpig-heading\">Ajouter des illustrations dans Primo<\/h2>\n\n\n\n<p>Dans l\u2019onglet \u00ab D\u00e9couverte \u00bb, cliquer sur \u00ab T\u00e9l\u00e9charger \u00bb et r\u00e9cup\u00e9rer l\u2019image que vous souhaitez faire appara\u00eetre dans la pr\u00e9sentation de la bibliographie dans Primo (jusqu\u2019\u00e0 4 images par collection ou sous-collection). Utiliser des images libres de droit, au format jpg, png et gif, elles ne doivent pas d\u00e9passer 500 ko.<\/p>\n\n\n\n<p>Si vous avez choisi de publier les s\u00e9lections dans Primo, elles appara\u00eetront dans l\u2019interface publique le lendemain de leur cr\u00e9ation\/modification, \u00e0 la fois dans le menu d\u00e9di\u00e9 et dans les r\u00e9sultats de vos requ\u00eates.<\/p>\n\n\n\n<h2 id=\"stoc-supprimer-une-selection\" class=\"wpig-heading\">Supprimer une s\u00e9lection<\/h2>\n\n\n\n<p>A partir de la liste des s\u00e9lections obtenue en cliquant sur \u00ab G\u00e9rer mes collections \u00bb dans le menu \u00ab Ressources \u00bb, cliquez sur les points de suspension \u00e0 droite de la collection que vous souhaitez d\u00e9publier et cliquez sur \u00ab Supprimer \u00bb. Elle sera supprim\u00e9e le lendemain dans Primo.<\/p>\n\n\n\n<p>Il n\u2019est pas possible de supprimer un niveau de collection associ\u00e9 \u00e0 des titres (onglet Liste de titres). Supprimer pr\u00e9alablement les titres de la liste des titres en utilisant \u00ab Tout supprimer\u00bb, puis \u00ab Supprimer \u00bb la collection.<\/p>\n\n\n\n<h2 id=\"stoc-alimenter-une-selection-via-un-jeu-de-resultat-logique\" class=\"wpig-heading\">Alimenter une s\u00e9lection via un jeu de r\u00e9sultat logique<\/h2>\n\n\n\n<p>Cette option va vous permettre de cr\u00e9er une s\u00e9lection \u00e0 partir d&rsquo;une requ\u00eate pr\u00e9-enregistr\u00e9e. Chaque nouveau titre entrant dans le p\u00e9rim\u00e8tre des r\u00e9sultats de recherche sera automatiquement ajout\u00e9 \u00e0 la s\u00e9lection.<\/p>\n\n\n\n<h3 id=\"stoc-avant-de-commencer\" class=\"wpig-heading\">Avant de commencer<\/h3>\n\n\n\n<p>Demander au SCOOP de configurer le job de synchronisation des collections (<span class=\"AlmaMainMenu\">Configuration &gt; General &gt; Resource Management Jobs Configuration<\/span>). Ce traitement va assurer la mise \u00e0 jour de la s\u00e9lection. Il tourne <strong>chaque nuit \u00e0 4h.<\/strong><\/p>\n\n\n\n<h3 id=\"stoc-creer-la-selection-logique\" class=\"wpig-heading\">Cr\u00e9er la s\u00e9lection logique<\/h3>\n\n\n\n<p>Lorsque vous cr\u00e9ez votre s\u00e9lection, cochez la case <strong>Collection logique<\/strong><\/p>\n\n\n<div class=\"wp-block-image\">\n<figure class=\"aligncenter\"><img decoding=\"async\" loading=\"lazy\" width=\"1663\" height=\"869\" src=\"https:\/\/rebub.u-bordeaux.fr\/wp-content\/uploads\/2023\/07\/Ajouter-une-nouvelle-collection.png\" alt=\"\" class=\"wp-image-16750\" srcset=\"https:\/\/rebub.u-bordeaux.fr\/wp-content\/uploads\/2023\/07\/Ajouter-une-nouvelle-collection.png 1663w, https:\/\/rebub.u-bordeaux.fr\/wp-content\/uploads\/2023\/07\/Ajouter-une-nouvelle-collection-300x157.png 300w, https:\/\/rebub.u-bordeaux.fr\/wp-content\/uploads\/2023\/07\/Ajouter-une-nouvelle-collection-1024x535.png 1024w, https:\/\/rebub.u-bordeaux.fr\/wp-content\/uploads\/2023\/07\/Ajouter-une-nouvelle-collection-768x401.png 768w, https:\/\/rebub.u-bordeaux.fr\/wp-content\/uploads\/2023\/07\/Ajouter-une-nouvelle-collection-1536x803.png 1536w\" sizes=\"(max-width: 1663px) 100vw, 1663px\" \/><\/figure><\/div>\n\n\n<p>Allez ensuite dans l&rsquo;onglet <strong>Liste des titres <\/strong> et cliquez sur l&rsquo;option <strong>Attribuer ensemble de titres.<\/strong><\/p>\n\n\n<div class=\"wp-block-image\">\n<figure class=\"aligncenter\"><img decoding=\"async\" loading=\"lazy\" width=\"1663\" height=\"869\" src=\"https:\/\/rebub.u-bordeaux.fr\/wp-content\/uploads\/2023\/07\/Editeur-de-ressource-de-collection.png\" alt=\"\" class=\"wp-image-16751\" srcset=\"https:\/\/rebub.u-bordeaux.fr\/wp-content\/uploads\/2023\/07\/Editeur-de-ressource-de-collection.png 1663w, https:\/\/rebub.u-bordeaux.fr\/wp-content\/uploads\/2023\/07\/Editeur-de-ressource-de-collection-300x157.png 300w, https:\/\/rebub.u-bordeaux.fr\/wp-content\/uploads\/2023\/07\/Editeur-de-ressource-de-collection-1024x535.png 1024w, https:\/\/rebub.u-bordeaux.fr\/wp-content\/uploads\/2023\/07\/Editeur-de-ressource-de-collection-768x401.png 768w, https:\/\/rebub.u-bordeaux.fr\/wp-content\/uploads\/2023\/07\/Editeur-de-ressource-de-collection-1536x803.png 1536w\" sizes=\"(max-width: 1663px) 100vw, 1663px\" \/><\/figure><\/div>\n\n\n<p>S\u00e9lectionnez votre jeu de r\u00e9sultat logique et validez (bouton <strong>S\u00e9lectionner)<\/strong>.<\/p>\n\n\n\n<p>Cliquez ensuite sur <strong>Mettre \u00e0 jour la collection \u00e0 partir de l&rsquo;ensemble<\/strong> pour importer la totalit\u00e9 des titres pr\u00e9sents dans votre jeu de r\u00e9sultat.<\/p>\n\n\n\n<figure class=\"wp-block-image\"><img decoding=\"async\" loading=\"lazy\" width=\"1663\" height=\"869\" src=\"https:\/\/rebub.u-bordeaux.fr\/wp-content\/uploads\/2023\/07\/Editeur-de-ressource-de-collection1.png\" alt=\"\" class=\"wp-image-16752\" srcset=\"https:\/\/rebub.u-bordeaux.fr\/wp-content\/uploads\/2023\/07\/Editeur-de-ressource-de-collection1.png 1663w, https:\/\/rebub.u-bordeaux.fr\/wp-content\/uploads\/2023\/07\/Editeur-de-ressource-de-collection1-300x157.png 300w, https:\/\/rebub.u-bordeaux.fr\/wp-content\/uploads\/2023\/07\/Editeur-de-ressource-de-collection1-1024x535.png 1024w, https:\/\/rebub.u-bordeaux.fr\/wp-content\/uploads\/2023\/07\/Editeur-de-ressource-de-collection1-768x401.png 768w, https:\/\/rebub.u-bordeaux.fr\/wp-content\/uploads\/2023\/07\/Editeur-de-ressource-de-collection1-1536x803.png 1536w\" sizes=\"(max-width: 1663px) 100vw, 1663px\" \/><\/figure>\n\n\n\n<h3 id=\"stoc-mise-a-jour-des-selections-logiques\" class=\"wpig-heading\">Mise \u00e0 jour des s\u00e9lections logiques<\/h3>\n\n\n\n<p>Les s\u00e9lections sont mises \u00e0 jour via un traitement qui s&rsquo;ex\u00e9cute chaque nuit. Vous pouvez mettre \u00e0 jour manuellement une liste :<\/p>\n\n\n\n<ol>\n<li>en \u00e9ditant cette derni\u00e8re<\/li>\n\n\n\n<li>en allant sur l&rsquo;onglet <strong>Liste des titres<\/strong><\/li>\n\n\n\n<li>en cliquant <strong>Mettre \u00e0 jour la collection \u00e0 partir de l&rsquo;ensemble<\/strong> (cf. capture d&rsquo;\u00e9cran pr\u00e9c\u00e9dente)<\/li>\n<\/ol>\n\n\n\n<div class=\"is-layout-flex wp-container-6 wp-block-columns bord-bloc-reutilisable has-background\" style=\"background-color:#d9edf7\">\n<div class=\"is-layout-flow wp-block-column is-vertically-aligned-center\" style=\"font-size:15px;flex-basis:20%\">\n<p style=\"font-size:15px\"><strong>Date de publication<\/strong> <\/p>\n\n\n<div style=\"font-size:15px;\" class=\"wp-block-post-date\"><time datetime=\"2024-03-22T09:38:04+01:00\">22 mars 2024<\/time><\/div><\/div>\n\n\n\n<div class=\"is-layout-flow wp-block-column is-vertically-aligned-center\" style=\"font-size:15px;flex-basis:20%\">\n<p><strong>Mis \u00e0 jour le <\/strong><\/p>\n\n\n<div style=\"font-size:15px;\" class=\"wp-block-post-date\"><time datetime=\"2024-05-02T13:17:28+02:00\">2 mai 2024<\/time><\/div><\/div>\n\n\n\n<div class=\"is-layout-flow wp-block-column is-vertically-aligned-center\" style=\"font-size:15px;flex-basis:40%\">\n<p><\/p>\n\n\n\n<p><strong>Attention ! <\/strong>Certains \u00e9tablissements utilisent parfois de proc\u00e9dures compl\u00e9mentaires <\/p>\n<\/div>\n\n\n\n<div class=\"is-layout-flow wp-block-column is-vertically-aligned-center\" style=\"font-size:15px;flex-basis:25%\">\n<div class=\"is-horizontal is-content-justification-center is-layout-flex wp-container-4 wp-block-buttons alignfull has-custom-font-size\" style=\"font-size:16px\">\n<div class=\"wp-block-button has-custom-width wp-block-button__width-75 has-custom-font-size is-style-fill\" style=\"font-size:15px\"><a class=\"wp-block-button__link has-white-color has-text-color has-background wp-element-button\" href=\"mailto:scoop@u-bordeaux.fr\" style=\"border-radius:65px;background-color:#000000db\"><strong>Signaler une erreur<\/strong><\/a><\/div>\n<\/div>\n<\/div>\n<\/div>\n","protected":false},"excerpt":{"rendered":"<p>Table des mati\u00e8res[ Show ]Configurer sa s\u00e9lectionAjouter des titresAjouter des illustrations dans PrimoSupprimer une s\u00e9lectionAlimenter une s\u00e9lection via un jeu de r\u00e9sultat logiqueAvant de commencerCr\u00e9er la s\u00e9lection logiqueMise \u00e0 jour des s\u00e9lections logiquesLe service de s\u00e9lection permet de cr\u00e9er des&#8230;<\/p>\n","protected":false},"author":46,"featured_media":4793,"parent":18428,"menu_order":6,"comment_status":"closed","ping_status":"closed","template":"","meta":[],"post_mailing_queue_ids":[],"_links":{"self":[{"href":"https:\/\/rebub.u-bordeaux.fr\/index.php\/wp-json\/wp\/v2\/pages\/18894"}],"collection":[{"href":"https:\/\/rebub.u-bordeaux.fr\/index.php\/wp-json\/wp\/v2\/pages"}],"about":[{"href":"https:\/\/rebub.u-bordeaux.fr\/index.php\/wp-json\/wp\/v2\/types\/page"}],"author":[{"embeddable":true,"href":"https:\/\/rebub.u-bordeaux.fr\/index.php\/wp-json\/wp\/v2\/users\/46"}],"replies":[{"embeddable":true,"href":"https:\/\/rebub.u-bordeaux.fr\/index.php\/wp-json\/wp\/v2\/comments?post=18894"}],"version-history":[{"count":4,"href":"https:\/\/rebub.u-bordeaux.fr\/index.php\/wp-json\/wp\/v2\/pages\/18894\/revisions"}],"predecessor-version":[{"id":20801,"href":"https:\/\/rebub.u-bordeaux.fr\/index.php\/wp-json\/wp\/v2\/pages\/18894\/revisions\/20801"}],"up":[{"embeddable":true,"href":"https:\/\/rebub.u-bordeaux.fr\/index.php\/wp-json\/wp\/v2\/pages\/18428"}],"wp:featuredmedia":[{"embeddable":true,"href":"https:\/\/rebub.u-bordeaux.fr\/index.php\/wp-json\/wp\/v2\/media\/4793"}],"wp:attachment":[{"href":"https:\/\/rebub.u-bordeaux.fr\/index.php\/wp-json\/wp\/v2\/media?parent=18894"}],"curies":[{"name":"wp","href":"https:\/\/api.w.org\/{rel}","templated":true}]}}