	{"id":18905,"date":"2024-03-22T09:38:02","date_gmt":"2024-03-22T08:38:02","guid":{"rendered":"https:\/\/rebub.u-bordeaux.fr\/?page_id=18905"},"modified":"2024-05-02T13:08:23","modified_gmt":"2024-05-02T11:08:23","slug":"affichage-des-notices-dans-la-liste-des-resultats","status":"publish","type":"page","link":"https:\/\/rebub.u-bordeaux.fr\/index.php\/babord\/procedures\/signalement\/affichage-des-notices-dans-la-liste-des-resultats\/","title":{"rendered":"Affichage des notices dans la liste des r\u00e9sultats"},"content":{"rendered":"<div id='wpig-floatingbar' class='wpig-floatingbar'><div id='wpig-switch-wrapper' class='wpig-switch-wrapper'><span id='wpig-floating-switch' class='wpig-floating-switch'><img src='https:\/\/rebub.u-bordeaux.fr\/wp-content\/plugins\/sticky-toc-advance-table-of-contents\/\\assets\\menu.png'><\/span><\/div><\/div><p><\/p>\n<figure class=\"wp-block-image size-large\"><img decoding=\"async\" loading=\"lazy\" width=\"1024\" height=\"232\" src=\"https:\/\/rebub.u-bordeaux.fr\/wp-content\/uploads\/2024\/01\/Affichage-de-la-notice-1024x232.png\" alt=\"\" class=\"wp-image-18153\" srcset=\"https:\/\/rebub.u-bordeaux.fr\/wp-content\/uploads\/2024\/01\/Affichage-de-la-notice-1024x232.png 1024w, https:\/\/rebub.u-bordeaux.fr\/wp-content\/uploads\/2024\/01\/Affichage-de-la-notice-300x68.png 300w, https:\/\/rebub.u-bordeaux.fr\/wp-content\/uploads\/2024\/01\/Affichage-de-la-notice-768x174.png 768w, https:\/\/rebub.u-bordeaux.fr\/wp-content\/uploads\/2024\/01\/Affichage-de-la-notice.png 1520w\" sizes=\"(max-width: 1024px) 100vw, 1024px\" \/><\/figure>\n\n\n\n<figure class=\"wp-block-table\"><table><tbody><tr><td>Source<\/td><td>Type de document<\/td><td>Ligne 1<br>display\/title<\/td><td>Ligne 2<br>display\/lds02<\/td><td>Ligne 3 <br>display\/lds01<\/td><\/tr><tr><td>33PUDB_Alma_Unimarc<\/td><td>Livre<\/td><td>Titre<\/td><td>Auteurs s\u00e9par\u00e9s par des ;<\/td><td>\u00c9diteur : Ann\u00e9e de publication [Mention d\u2019\u00e9dition]<\/td><\/tr><tr><td>33PUDB_Alma_Unimarc<\/td><td>P\u00e9riodique<\/td><td>Titre<\/td><td>Auteurs s\u00e9par\u00e9s par des ;<\/td><td>\u00c9diteur : Depuis [date de d\u00e9but de la publication] jusqu\u2019\u00e0 [date de fin ou \u2026]<\/td><\/tr><tr><td>33PUDB_Alma_Unimarc<\/td><td>Th\u00e8ses et m\u00e9moires<\/td><td>Titre<\/td><td>Auteurs s\u00e9par\u00e9s par des ;<\/td><td>\u00c9tablissement &#8211; discipline &#8211; ann\u00e9e soutenance<\/td><\/tr><tr><td>33PUDB_Alma_Unimarc<\/td><td>Video<\/td><td>Titre<\/td><td>R\u00e9alisateur<\/td><td>Producteur : Ann\u00e9e<\/td><\/tr><tr><td>33PUDB_Alma_Unimarc<\/td><td>Cartes<\/td><td>Titre<\/td><td>Auteurs s\u00e9par\u00e9s par des ;<\/td><td>\u00c9diteur : Ann\u00e9e de publication [\u00c9chelle ou Donn\u00e9es math\u00e9matiques]<\/td><\/tr><tr><td>33PUDB_Alma_Marc<\/td><td>Livre<\/td><td>Titre<\/td><td>Auteurs s\u00e9par\u00e9s par des ;<\/td><td>\u00c9diteur : Ann\u00e9e de publication<\/td><\/tr><tr><td>33PUDB_Alma_Marc<\/td><td>P\u00e9riodique<\/td><td>Titre<\/td><td>Auteurs s\u00e9par\u00e9s par des ;<\/td><td>\u00c9diteur : Depuis [date de d\u00e9but de la publication] jusqu\u2019\u00e0 [date de fin ou \u2026]<\/td><\/tr><tr><td>33PUDB_Alma_Marc<\/td><td>P\u00e9riodique (avec date de r\u00e9impression ou de r\u00e9\u00e9dition et<br>date de l\u2019original)<\/td><td>Titre<\/td><td>Auteurs s\u00e9par\u00e9s par des ;<\/td><td>\u00c9diteur (num\u00e9ris\u00e9 depuis l&rsquo;\u00e9dition de [date de d\u00e9but de publication])<\/td><\/tr><\/tbody><\/table><\/figure>\n\n\n\n<div class=\"is-layout-flex wp-container-6 wp-block-columns bord-bloc-reutilisable has-background\" style=\"background-color:#d9edf7\">\n<div class=\"is-layout-flow wp-block-column is-vertically-aligned-center\" style=\"font-size:15px;flex-basis:20%\">\n<p style=\"font-size:15px\"><strong>Date de publication<\/strong> <\/p>\n\n\n<div style=\"font-size:15px;\" class=\"wp-block-post-date\"><time datetime=\"2024-03-22T09:38:02+01:00\">22 mars 2024<\/time><\/div><\/div>\n\n\n\n<div class=\"is-layout-flow wp-block-column is-vertically-aligned-center\" style=\"font-size:15px;flex-basis:20%\">\n<p><strong>Mis \u00e0 jour le <\/strong><\/p>\n\n\n<div style=\"font-size:15px;\" class=\"wp-block-post-date\"><time datetime=\"2024-05-02T13:08:23+02:00\">2 mai 2024<\/time><\/div><\/div>\n\n\n\n<div class=\"is-layout-flow wp-block-column is-vertically-aligned-center\" style=\"font-size:15px;flex-basis:40%\">\n<p><\/p>\n\n\n\n<p><strong>Attention ! <\/strong>Certains \u00e9tablissements utilisent parfois de proc\u00e9dures compl\u00e9mentaires <\/p>\n<\/div>\n\n\n\n<div class=\"is-layout-flow wp-block-column is-vertically-aligned-center\" style=\"font-size:15px;flex-basis:25%\">\n<div class=\"is-horizontal is-content-justification-center is-layout-flex wp-container-4 wp-block-buttons alignfull has-custom-font-size\" style=\"font-size:16px\">\n<div class=\"wp-block-button has-custom-width wp-block-button__width-75 has-custom-font-size is-style-fill\" style=\"font-size:15px\"><a class=\"wp-block-button__link has-white-color has-text-color has-background wp-element-button\" href=\"mailto:scoop@u-bordeaux.fr\" style=\"border-radius:65px;background-color:#000000db\"><strong>Signaler une erreur<\/strong><\/a><\/div>\n<\/div>\n<\/div>\n<\/div>\n","protected":false},"excerpt":{"rendered":"<p>Source Type de document Ligne 1display\/title Ligne 2display\/lds02 Ligne 3 display\/lds01 33PUDB_Alma_Unimarc Livre Titre Auteurs s\u00e9par\u00e9s par des ; \u00c9diteur : Ann\u00e9e de publication [Mention d\u2019\u00e9dition] 33PUDB_Alma_Unimarc P\u00e9riodique Titre Auteurs s\u00e9par\u00e9s par des ; \u00c9diteur : Depuis [date de d\u00e9but&#8230;<\/p>\n","protected":false},"author":81,"featured_media":0,"parent":18428,"menu_order":3,"comment_status":"closed","ping_status":"closed","template":"","meta":[],"post_mailing_queue_ids":[],"_links":{"self":[{"href":"https:\/\/rebub.u-bordeaux.fr\/index.php\/wp-json\/wp\/v2\/pages\/18905"}],"collection":[{"href":"https:\/\/rebub.u-bordeaux.fr\/index.php\/wp-json\/wp\/v2\/pages"}],"about":[{"href":"https:\/\/rebub.u-bordeaux.fr\/index.php\/wp-json\/wp\/v2\/types\/page"}],"author":[{"embeddable":true,"href":"https:\/\/rebub.u-bordeaux.fr\/index.php\/wp-json\/wp\/v2\/users\/81"}],"replies":[{"embeddable":true,"href":"https:\/\/rebub.u-bordeaux.fr\/index.php\/wp-json\/wp\/v2\/comments?post=18905"}],"version-history":[{"count":4,"href":"https:\/\/rebub.u-bordeaux.fr\/index.php\/wp-json\/wp\/v2\/pages\/18905\/revisions"}],"predecessor-version":[{"id":20793,"href":"https:\/\/rebub.u-bordeaux.fr\/index.php\/wp-json\/wp\/v2\/pages\/18905\/revisions\/20793"}],"up":[{"embeddable":true,"href":"https:\/\/rebub.u-bordeaux.fr\/index.php\/wp-json\/wp\/v2\/pages\/18428"}],"wp:attachment":[{"href":"https:\/\/rebub.u-bordeaux.fr\/index.php\/wp-json\/wp\/v2\/media?parent=18905"}],"curies":[{"name":"wp","href":"https:\/\/api.w.org\/{rel}","templated":true}]}}