	{"id":18943,"date":"2024-03-22T09:38:29","date_gmt":"2024-03-22T08:38:29","guid":{"rendered":"https:\/\/rebub.u-bordeaux.fr\/?page_id=18943"},"modified":"2024-05-06T15:37:02","modified_gmt":"2024-05-06T13:37:02","slug":"empecher-babord-dafficher-le-lien-de-prolongation","status":"publish","type":"page","link":"https:\/\/rebub.u-bordeaux.fr\/index.php\/babord\/configuration-administration\/personnalisations-des-services-aux-usagers\/empecher-babord-dafficher-le-lien-de-prolongation\/","title":{"rendered":"Emp\u00eacher Babord+ d\u2019afficher le lien de prolongation"},"content":{"rendered":"<div id='wpig-floatingbar' class='wpig-floatingbar'><div id='wpig-switch-wrapper' class='wpig-switch-wrapper'><span id='wpig-floating-switch' class='wpig-floating-switch'><img src='https:\/\/rebub.u-bordeaux.fr\/wp-content\/plugins\/sticky-toc-advance-table-of-contents\/\\assets\\menu.png'><\/span><\/div><\/div><p><\/p>\n<p>Alma a une gestion particuli\u00e8re de la prolongation des documents. Concr\u00e8tement, si le lecteur renouvelle son pr\u00eat alors que le nombre de jours \u00e9coul\u00e9s depuis la date de l&#8217;emprunt est inf\u00e9rieure \u00e0 la dur\u00e9e de la prolongation, il ne profitera pas de cette dur\u00e9e maximale de prolongation. Pour une explication d\u00e9taill\u00e9e, suivez <a rel=\"noreferrer noopener\" href=\"http:\/\/rebub.u-bordeaux.fr\/index.php\/alma\/procedures\/services-aux-usagers\/pret-retour\/renouveler-un-pret\/\" target=\"_blank\">ce lien<\/a>. Pour pallier ce probl\u00e8me nous avons \u00e9crit un module Angular qui emp\u00eache la r\u00e9servation sur les documents prolongeables :<\/p>\n\n\n\n<ul>\n<li>lorsque la dur\u00e9e du pr\u00eat est sup\u00e9rieure \u00e0 la dur\u00e9e de prolongation autoris\u00e9e par l&rsquo;\u00e9tablissement et que le nombre de jours entre la date du pr\u00eat et la date o\u00f9 l&rsquo;usager demande la prolongation<\/li>\n\n\n\n<li>lorsque la dur\u00e9e du pr\u00eat est inf\u00e9rieure ou \u00e9gale \u00e0 la dur\u00e9e de prolongation autoris\u00e9e par l&rsquo;\u00e9tablissement la prolongation n&rsquo;est possible que 2 jours avant al date de retour du document.<\/li>\n<\/ul>\n\n\n\n<h1 id=\"configuration\" id=\"configuration\" class=\"wpig-heading\">Configuration<\/h1>\n\n\n\n<p>Chaque \u00e9tablissement peut avoir sa propre dur\u00e9e de prolongation dans Alma. Il est n\u00e9cessaire de renseigner cette dur\u00e9e dans Primo. Pour se faire il suffit d&rsquo;aller dans le Back Office et de modifier la table \u201c Library card Labels\u201d (General &gt; Code Tables &gt; Sub system \u201cOPAC via Primo\u201d). Il existe un code par \u00e9tablissement :<\/p>\n\n\n\n<ul>\n<li>default.nui.loans.33PUDB_BXSA_duree_prolongation<\/li>\n\n\n\n<li>default.nui.loans.33PUDB_IEP_duree_prolongation<\/li>\n\n\n\n<li>default.nui.loans.33PUDB_INP_duree_prolongation<\/li>\n\n\n\n<li>default.nui.loans.33PUDB_NETWORK_duree_prolongation<\/li>\n\n\n\n<li>default.nui.loans.33PUDB_UB_duree_prolongation<\/li>\n\n\n\n<li>default.nui.loans.33PUDB_UBM_duree_prolongation<\/li>\n<\/ul>\n\n\n\n<div class=\"is-layout-flex wp-container-6 wp-block-columns bord-bloc-reutilisable has-background\" style=\"background-color:#d9edf7\">\n<div class=\"is-layout-flow wp-block-column is-vertically-aligned-center\" style=\"font-size:15px;flex-basis:20%\">\n<p style=\"font-size:15px\"><strong>Date de publication<\/strong> <\/p>\n\n\n<div style=\"font-size:15px;\" class=\"wp-block-post-date\"><time datetime=\"2024-03-22T09:38:29+01:00\">22 mars 2024<\/time><\/div><\/div>\n\n\n\n<div class=\"is-layout-flow wp-block-column is-vertically-aligned-center\" style=\"font-size:15px;flex-basis:20%\">\n<p><strong>Mis \u00e0 jour le <\/strong><\/p>\n\n\n<div style=\"font-size:15px;\" class=\"wp-block-post-date\"><time datetime=\"2024-05-06T15:37:02+02:00\">6 mai 2024<\/time><\/div><\/div>\n\n\n\n<div class=\"is-layout-flow wp-block-column is-vertically-aligned-center\" style=\"font-size:15px;flex-basis:40%\">\n<p><\/p>\n\n\n\n<p><strong>Attention ! <\/strong>Certains \u00e9tablissements utilisent parfois de proc\u00e9dures compl\u00e9mentaires <\/p>\n<\/div>\n\n\n\n<div class=\"is-layout-flow wp-block-column is-vertically-aligned-center\" style=\"font-size:15px;flex-basis:25%\">\n<div class=\"is-horizontal is-content-justification-center is-layout-flex wp-container-4 wp-block-buttons alignfull has-custom-font-size\" style=\"font-size:16px\">\n<div class=\"wp-block-button has-custom-width wp-block-button__width-75 has-custom-font-size is-style-fill\" style=\"font-size:15px\"><a class=\"wp-block-button__link has-white-color has-text-color has-background wp-element-button\" href=\"mailto:scoop@u-bordeaux.fr\" style=\"border-radius:65px;background-color:#000000db\"><strong>Signaler une erreur<\/strong><\/a><\/div>\n<\/div>\n<\/div>\n<\/div>\n","protected":false},"excerpt":{"rendered":"<p>Alma a une gestion particuli\u00e8re de la prolongation des documents. Concr\u00e8tement, si le lecteur renouvelle son pr\u00eat alors que le nombre de jours \u00e9coul\u00e9s depuis la date de l&#8217;emprunt est inf\u00e9rieure \u00e0 la dur\u00e9e de la prolongation, il ne profitera&#8230;<\/p>\n","protected":false},"author":81,"featured_media":0,"parent":18431,"menu_order":0,"comment_status":"closed","ping_status":"closed","template":"","meta":[],"post_mailing_queue_ids":[],"_links":{"self":[{"href":"https:\/\/rebub.u-bordeaux.fr\/index.php\/wp-json\/wp\/v2\/pages\/18943"}],"collection":[{"href":"https:\/\/rebub.u-bordeaux.fr\/index.php\/wp-json\/wp\/v2\/pages"}],"about":[{"href":"https:\/\/rebub.u-bordeaux.fr\/index.php\/wp-json\/wp\/v2\/types\/page"}],"author":[{"embeddable":true,"href":"https:\/\/rebub.u-bordeaux.fr\/index.php\/wp-json\/wp\/v2\/users\/81"}],"replies":[{"embeddable":true,"href":"https:\/\/rebub.u-bordeaux.fr\/index.php\/wp-json\/wp\/v2\/comments?post=18943"}],"version-history":[{"count":4,"href":"https:\/\/rebub.u-bordeaux.fr\/index.php\/wp-json\/wp\/v2\/pages\/18943\/revisions"}],"predecessor-version":[{"id":21126,"href":"https:\/\/rebub.u-bordeaux.fr\/index.php\/wp-json\/wp\/v2\/pages\/18943\/revisions\/21126"}],"up":[{"embeddable":true,"href":"https:\/\/rebub.u-bordeaux.fr\/index.php\/wp-json\/wp\/v2\/pages\/18431"}],"wp:attachment":[{"href":"https:\/\/rebub.u-bordeaux.fr\/index.php\/wp-json\/wp\/v2\/media?parent=18943"}],"curies":[{"name":"wp","href":"https:\/\/api.w.org\/{rel}","templated":true}]}}