	{"id":18944,"date":"2024-03-22T09:38:30","date_gmt":"2024-03-22T08:38:30","guid":{"rendered":"https:\/\/rebub.u-bordeaux.fr\/?page_id=18944"},"modified":"2024-05-06T15:38:57","modified_gmt":"2024-05-06T13:38:57","slug":"creer-des-services-electroniques-additionnels","status":"publish","type":"page","link":"https:\/\/rebub.u-bordeaux.fr\/index.php\/babord\/configuration-administration\/personnalisations-des-services-aux-usagers\/creer-des-services-electroniques-additionnels\/","title":{"rendered":"Cr\u00e9er des services \u00e9lectroniques additionnels"},"content":{"rendered":"<div id='wpig-floatingbar' class='wpig-floatingbar'><div id='wpig-switch-wrapper' class='wpig-switch-wrapper'><span id='wpig-floating-switch' class='wpig-floating-switch'><img src='https:\/\/rebub.u-bordeaux.fr\/wp-content\/plugins\/sticky-toc-advance-table-of-contents\/\\assets\\menu.png'><\/span><\/div><\/div><p><\/p>\n<figure class=\"wp-block-image size-full\"><img decoding=\"async\" loading=\"lazy\" width=\"800\" height=\"536\" src=\"https:\/\/rebub.u-bordeaux.fr\/wp-content\/uploads\/2024\/01\/image-33.png\" alt=\"\" class=\"wp-image-18019\" srcset=\"https:\/\/rebub.u-bordeaux.fr\/wp-content\/uploads\/2024\/01\/image-33.png 800w, https:\/\/rebub.u-bordeaux.fr\/wp-content\/uploads\/2024\/01\/image-33-300x201.png 300w, https:\/\/rebub.u-bordeaux.fr\/wp-content\/uploads\/2024\/01\/image-33-768x515.png 768w\" sizes=\"(max-width: 800px) 100vw, 800px\" \/><\/figure>\n\n\n\n<ul>\n<li><a rel=\"noreferrer noopener\" href=\"https:\/\/knowledge.exlibrisgroup.com\/Alma\/Product_Documentation\/010Alma_Online_Help_(English)\/060Alma-Primo_Integration\/060Configuring_Alma_Delivery_System\/120Adding_a_General_Electronic_Service\" target=\"_blank\">Configurer le service<\/a> <\/li>\n\n\n\n<li><a href=\"https:\/\/knowledge.exlibrisgroup.com\/Alma\/Product_Documentation\/010Alma_Online_Help_(English)\/060Alma-Primo_Integration\/060Configuring_Alma_Delivery_System\/120Adding_a_General_Electronic_Service#Commonly_Used_OpenURL_Attributes_for_the_URL_Template\" target=\"_blank\" rel=\"noreferrer noopener\">Attributs \u00e0 utilisable<\/a><\/li>\n\n\n\n<li><a href=\"https:\/\/knowledge.exlibrisgroup.com\/Alma\/Product_Documentation\/010Alma_Online_Help_(English)\/040Resource_Management\/050Inventory\/020Managing_Electronic_Resources#Using_the_OpenURL_Link_Resolver_Debugger_Tool\" target=\"_blank\" rel=\"noreferrer noopener\">Voir les m\u00e9tadonn\u00e9es attaquables en open url pour un ressource donn\u00e9e<\/a> <strong>Pensez \u00e0 d\u00e9sactiver le Direct Link !<\/strong><\/li>\n<\/ul>\n\n\n\n<div class=\"is-layout-flex wp-container-6 wp-block-columns bord-bloc-reutilisable has-background\" style=\"background-color:#d9edf7\">\n<div class=\"is-layout-flow wp-block-column is-vertically-aligned-center\" style=\"font-size:15px;flex-basis:20%\">\n<p style=\"font-size:15px\"><strong>Date de publication<\/strong> <\/p>\n\n\n<div style=\"font-size:15px;\" class=\"wp-block-post-date\"><time datetime=\"2024-03-22T09:38:30+01:00\">22 mars 2024<\/time><\/div><\/div>\n\n\n\n<div class=\"is-layout-flow wp-block-column is-vertically-aligned-center\" style=\"font-size:15px;flex-basis:20%\">\n<p><strong>Mis \u00e0 jour le <\/strong><\/p>\n\n\n<div style=\"font-size:15px;\" class=\"wp-block-post-date\"><time datetime=\"2024-05-06T15:38:57+02:00\">6 mai 2024<\/time><\/div><\/div>\n\n\n\n<div class=\"is-layout-flow wp-block-column is-vertically-aligned-center\" style=\"font-size:15px;flex-basis:40%\">\n<p><\/p>\n\n\n\n<p><strong>Attention ! <\/strong>Certains \u00e9tablissements utilisent parfois de proc\u00e9dures compl\u00e9mentaires <\/p>\n<\/div>\n\n\n\n<div class=\"is-layout-flow wp-block-column is-vertically-aligned-center\" style=\"font-size:15px;flex-basis:25%\">\n<div class=\"is-horizontal is-content-justification-center is-layout-flex wp-container-4 wp-block-buttons alignfull has-custom-font-size\" style=\"font-size:16px\">\n<div class=\"wp-block-button has-custom-width wp-block-button__width-75 has-custom-font-size is-style-fill\" style=\"font-size:15px\"><a class=\"wp-block-button__link has-white-color has-text-color has-background wp-element-button\" href=\"mailto:scoop@u-bordeaux.fr\" style=\"border-radius:65px;background-color:#000000db\"><strong>Signaler une erreur<\/strong><\/a><\/div>\n<\/div>\n<\/div>\n<\/div>\n","protected":false},"excerpt":{"rendered":"","protected":false},"author":81,"featured_media":0,"parent":18431,"menu_order":1,"comment_status":"closed","ping_status":"closed","template":"","meta":[],"post_mailing_queue_ids":[],"_links":{"self":[{"href":"https:\/\/rebub.u-bordeaux.fr\/index.php\/wp-json\/wp\/v2\/pages\/18944"}],"collection":[{"href":"https:\/\/rebub.u-bordeaux.fr\/index.php\/wp-json\/wp\/v2\/pages"}],"about":[{"href":"https:\/\/rebub.u-bordeaux.fr\/index.php\/wp-json\/wp\/v2\/types\/page"}],"author":[{"embeddable":true,"href":"https:\/\/rebub.u-bordeaux.fr\/index.php\/wp-json\/wp\/v2\/users\/81"}],"replies":[{"embeddable":true,"href":"https:\/\/rebub.u-bordeaux.fr\/index.php\/wp-json\/wp\/v2\/comments?post=18944"}],"version-history":[{"count":3,"href":"https:\/\/rebub.u-bordeaux.fr\/index.php\/wp-json\/wp\/v2\/pages\/18944\/revisions"}],"predecessor-version":[{"id":21128,"href":"https:\/\/rebub.u-bordeaux.fr\/index.php\/wp-json\/wp\/v2\/pages\/18944\/revisions\/21128"}],"up":[{"embeddable":true,"href":"https:\/\/rebub.u-bordeaux.fr\/index.php\/wp-json\/wp\/v2\/pages\/18431"}],"wp:attachment":[{"href":"https:\/\/rebub.u-bordeaux.fr\/index.php\/wp-json\/wp\/v2\/media?parent=18944"}],"curies":[{"name":"wp","href":"https:\/\/api.w.org\/{rel}","templated":true}]}}