	{"id":18952,"date":"2024-03-22T09:38:41","date_gmt":"2024-03-22T08:38:41","guid":{"rendered":"https:\/\/rebub.u-bordeaux.fr\/?page_id=18952"},"modified":"2024-05-06T09:48:18","modified_gmt":"2024-05-06T07:48:18","slug":"acces","status":"publish","type":"page","link":"https:\/\/rebub.u-bordeaux.fr\/index.php\/biblios\/procedures\/generalites\/acces\/","title":{"rendered":"Les 3 niveaux de gestion de Leganto dans Alma"},"content":{"rendered":"<div id='wpig-floatingbar' class='wpig-floatingbar'><div id='wpig-switch-wrapper' class='wpig-switch-wrapper'><span id='wpig-floating-switch' class='wpig-floating-switch'><img src='https:\/\/rebub.u-bordeaux.fr\/wp-content\/plugins\/sticky-toc-advance-table-of-contents\/\\assets\\menu.png'><\/span><\/div><div id='wpig-contents' class='wpig-contents  wpig-sidebar-widget wpig-style-3'><span class='wpig-headline'>Table des mati\u00e8res<span><a data-action='show' class='wpig-btn-toggledisplay'>[ Show ]<\/a><\/span><\/span><!-- Table of Contents --><div id='wpig-table-of-content' class='wpig-table-of-content'><ol><li class='stoc-acceder-aux-cours-aux-listes-de-lecture-et-aux-references'><a href='#stoc-acceder-aux-cours-aux-listes-de-lecture-et-aux-references'>Acc\u00e9der aux cours, aux listes de lecture et aux r\u00e9f\u00e9rences<\/a><\/li><li class='stoc-passer-dun-niveau-de-gestion-a-lautre'><a href='#stoc-passer-dun-niveau-de-gestion-a-lautre'>Passer d&rsquo;un niveau de gestion \u00e0 l&rsquo;autre<\/a><\/li><li class='stoc-gerer-dans-biblios'><a href='#stoc-gerer-dans-biblios'>G\u00e9rer dans Biblio(s)+<\/a><\/li><\/ol><\/div><!-- END OF Table of Contents --><\/div><\/div><p><div id='wpig-contents' class='wpig-contents  wpig-sidebar-widget wpig-style-1'><span class='wpig-headline'>Table des mati\u00e8res<span><a data-action='show' class='wpig-btn-toggledisplay'>[ Show ]<\/a><\/span><\/span><!-- Table of Contents --><div id='wpig-table-of-content' class='wpig-table-of-content' ><ol><li class='stoc-acceder-aux-cours-aux-listes-de-lecture-et-aux-references'><a href='#stoc-acceder-aux-cours-aux-listes-de-lecture-et-aux-references'>Acc\u00e9der aux cours, aux listes de lecture et aux r\u00e9f\u00e9rences<\/a><\/li><li class='stoc-passer-dun-niveau-de-gestion-a-lautre'><a href='#stoc-passer-dun-niveau-de-gestion-a-lautre'>Passer d&rsquo;un niveau de gestion \u00e0 l&rsquo;autre<\/a><\/li><li class='stoc-gerer-dans-biblios'><a href='#stoc-gerer-dans-biblios'>G\u00e9rer dans Biblio(s)+<\/a><\/li><\/ol><\/div><!-- END OF Table of Contents --><\/div><\/p>\n<h2 id=\"stoc-acceder-aux-cours-aux-listes-de-lecture-et-aux-references\" class=\"wpig-heading\">Acc\u00e9der aux cours, aux listes de lecture et aux r\u00e9f\u00e9rences<\/h2>\n\n\n\n<p>Il y a 3 niveaux de gestion de Leganto dans Alma : la gestion des <strong>cours<\/strong>, la gestion des<strong> listes de lecture<\/strong> et la gestion des <strong>r\u00e9f\u00e9rences<\/strong>. Il y a plusieurs chemins pour y acc\u00e9der :<\/p>\n\n\n\n<ul>\n<li>Il est possible d&rsquo;interroger directement les diff\u00e9rents niveaux en utilisant la <strong>barre de recherche<\/strong> ou en cliquant sur la loupe pour une recherche avanc\u00e9e :<\/li>\n<\/ul>\n\n\n<div class=\"wp-block-image\">\n<figure class=\"aligncenter size-full\"><img decoding=\"async\" loading=\"lazy\" width=\"1172\" height=\"866\" src=\"https:\/\/rebub.u-bordeaux.fr\/wp-content\/uploads\/2023\/03\/Acces-barre-de-recherche.png\" alt=\"\" class=\"wp-image-14997\" srcset=\"https:\/\/rebub.u-bordeaux.fr\/wp-content\/uploads\/2023\/03\/Acces-barre-de-recherche.png 1172w, https:\/\/rebub.u-bordeaux.fr\/wp-content\/uploads\/2023\/03\/Acces-barre-de-recherche-300x222.png 300w, https:\/\/rebub.u-bordeaux.fr\/wp-content\/uploads\/2023\/03\/Acces-barre-de-recherche-1024x757.png 1024w, https:\/\/rebub.u-bordeaux.fr\/wp-content\/uploads\/2023\/03\/Acces-barre-de-recherche-768x567.png 768w\" sizes=\"(max-width: 1172px) 100vw, 1172px\" \/><\/figure><\/div>\n\n\n<ul>\n<li>On peut \u00e9galement y acc\u00e9der par le chemin <em><strong>Services aux usagers<\/strong>\/R\u00e9serve de cours<\/em> :<\/li>\n<\/ul>\n\n\n\n<figure class=\"wp-block-image size-large\"><img decoding=\"async\" loading=\"lazy\" width=\"1024\" height=\"779\" src=\"https:\/\/rebub.u-bordeaux.fr\/wp-content\/uploads\/2023\/03\/Acces-service-aux-usagers-1024x779.png\" alt=\"\" class=\"wp-image-14999\" srcset=\"https:\/\/rebub.u-bordeaux.fr\/wp-content\/uploads\/2023\/03\/Acces-service-aux-usagers-1024x779.png 1024w, https:\/\/rebub.u-bordeaux.fr\/wp-content\/uploads\/2023\/03\/Acces-service-aux-usagers-300x228.png 300w, https:\/\/rebub.u-bordeaux.fr\/wp-content\/uploads\/2023\/03\/Acces-service-aux-usagers-768x584.png 768w, https:\/\/rebub.u-bordeaux.fr\/wp-content\/uploads\/2023\/03\/Acces-service-aux-usagers.png 1143w\" sizes=\"(max-width: 1024px) 100vw, 1024px\" \/><\/figure>\n\n\n\n<ul>\n<li>Enfin, il est possible d&rsquo;acc\u00e9der aux listes de lecture et aux r\u00e9f\u00e9rences en passant par l&rsquo;ic\u00f4ne <em><strong>T\u00e2ches n\u00e9cessitant votre attention<\/strong><\/em>. Ici, les listes de lecture et les r\u00e9f\u00e9rences sont organis\u00e9es par <a href=\"https:\/\/rebub.u-bordeaux.fr\/index.php\/biblios\/procedures\/generalites\/gestion-et-suivi-des-listes-de-lecture\/\">cat\u00e9gories<\/a>, les cours n&rsquo;y sont pas visibles : <\/li>\n<\/ul>\n\n\n<div class=\"wp-block-image\">\n<figure class=\"aligncenter size-full is-resized\"><img decoding=\"async\" loading=\"lazy\" src=\"https:\/\/rebub.u-bordeaux.fr\/wp-content\/uploads\/2023\/03\/aCC7S-TACHES1.png\" alt=\"\" class=\"wp-image-15000\" width=\"506\" height=\"710\" srcset=\"https:\/\/rebub.u-bordeaux.fr\/wp-content\/uploads\/2023\/03\/aCC7S-TACHES1.png 615w, https:\/\/rebub.u-bordeaux.fr\/wp-content\/uploads\/2023\/03\/aCC7S-TACHES1-214x300.png 214w\" sizes=\"(max-width: 506px) 100vw, 506px\" \/><\/figure><\/div>\n\n\n<h2 id=\"stoc-passer-dun-niveau-de-gestion-a-lautre\" class=\"wpig-heading\">Passer d&rsquo;un niveau de gestion \u00e0 l&rsquo;autre<\/h2>\n\n\n\n<p>Il est assez facile de naviguer d&rsquo;un niveau \u00e0 l&rsquo;autre :<\/p>\n\n\n\n<ul>\n<li>Au niveau des <strong>cours<\/strong> pour acc\u00e9der \u00e0 la <strong>liste de lecture<\/strong> li\u00e9e au cours, cliquer sur \u00ab\u00a0&#8230;\u00a0\u00bb puis sur <em>Liste de lecture<\/em> :<\/li>\n<\/ul>\n\n\n<div class=\"wp-block-image\">\n<figure class=\"aligncenter size-full\"><img decoding=\"async\" loading=\"lazy\" width=\"1671\" height=\"553\" src=\"https:\/\/rebub.u-bordeaux.fr\/wp-content\/uploads\/2023\/03\/Passer-de-cours-a-liste1.png\" alt=\"\" class=\"wp-image-15001\" srcset=\"https:\/\/rebub.u-bordeaux.fr\/wp-content\/uploads\/2023\/03\/Passer-de-cours-a-liste1.png 1671w, https:\/\/rebub.u-bordeaux.fr\/wp-content\/uploads\/2023\/03\/Passer-de-cours-a-liste1-300x99.png 300w, https:\/\/rebub.u-bordeaux.fr\/wp-content\/uploads\/2023\/03\/Passer-de-cours-a-liste1-1024x339.png 1024w, https:\/\/rebub.u-bordeaux.fr\/wp-content\/uploads\/2023\/03\/Passer-de-cours-a-liste1-768x254.png 768w, https:\/\/rebub.u-bordeaux.fr\/wp-content\/uploads\/2023\/03\/Passer-de-cours-a-liste1-1536x508.png 1536w\" sizes=\"(max-width: 1671px) 100vw, 1671px\" \/><\/figure><\/div>\n\n\n<ul>\n<li>Au niveau de la <strong>liste de lecture<\/strong>, pour acc\u00e9der aux <strong>r\u00e9f\u00e9rences<\/strong> li\u00e9es \u00e0 la liste de lecture, cliquer sur \u00ab\u00a0&#8230;\u00a0\u00bb puis sur <em>Voir<\/em> ou alors, cliquer sur le code de la liste :<\/li>\n<\/ul>\n\n\n<div class=\"wp-block-image\">\n<figure class=\"aligncenter size-full\"><img decoding=\"async\" loading=\"lazy\" width=\"1547\" height=\"707\" src=\"https:\/\/rebub.u-bordeaux.fr\/wp-content\/uploads\/2023\/03\/passer-liste-de-lecture-aux-references1.png\" alt=\"\" class=\"wp-image-15003\" srcset=\"https:\/\/rebub.u-bordeaux.fr\/wp-content\/uploads\/2023\/03\/passer-liste-de-lecture-aux-references1.png 1547w, https:\/\/rebub.u-bordeaux.fr\/wp-content\/uploads\/2023\/03\/passer-liste-de-lecture-aux-references1-300x137.png 300w, https:\/\/rebub.u-bordeaux.fr\/wp-content\/uploads\/2023\/03\/passer-liste-de-lecture-aux-references1-1024x468.png 1024w, https:\/\/rebub.u-bordeaux.fr\/wp-content\/uploads\/2023\/03\/passer-liste-de-lecture-aux-references1-768x351.png 768w, https:\/\/rebub.u-bordeaux.fr\/wp-content\/uploads\/2023\/03\/passer-liste-de-lecture-aux-references1-1536x702.png 1536w\" sizes=\"(max-width: 1547px) 100vw, 1547px\" \/><\/figure><\/div>\n\n\n<ul>\n<li>Au niveau d&rsquo;une <strong>r\u00e9f\u00e9rence<\/strong> pour acc\u00e9der \u00e0 la <strong>liste de lecture<\/strong> \u00e0 laquelle elle est rattach\u00e9e, cliquer sur le nom de la liste : <\/li>\n<\/ul>\n\n\n<div class=\"wp-block-image\">\n<figure class=\"aligncenter size-full\"><img decoding=\"async\" loading=\"lazy\" width=\"1900\" height=\"782\" src=\"https:\/\/rebub.u-bordeaux.fr\/wp-content\/uploads\/2023\/03\/Passer-reference-au-liste.png\" alt=\"\" class=\"wp-image-15004\" srcset=\"https:\/\/rebub.u-bordeaux.fr\/wp-content\/uploads\/2023\/03\/Passer-reference-au-liste.png 1900w, https:\/\/rebub.u-bordeaux.fr\/wp-content\/uploads\/2023\/03\/Passer-reference-au-liste-300x123.png 300w, https:\/\/rebub.u-bordeaux.fr\/wp-content\/uploads\/2023\/03\/Passer-reference-au-liste-1024x421.png 1024w, https:\/\/rebub.u-bordeaux.fr\/wp-content\/uploads\/2023\/03\/Passer-reference-au-liste-768x316.png 768w, https:\/\/rebub.u-bordeaux.fr\/wp-content\/uploads\/2023\/03\/Passer-reference-au-liste-1536x632.png 1536w\" sizes=\"(max-width: 1900px) 100vw, 1900px\" \/><\/figure><\/div>\n\n\n<h2 id=\"stoc-gerer-dans-biblios\" class=\"wpig-heading\">G\u00e9rer dans Biblio(s)+<\/h2>\n\n\n\n<p>Il peut \u00eatre int\u00e9ressant de consulter les listes de lecture et les r\u00e9f\u00e9rences sur <strong>Biblio(s)+<\/strong>. Pour cela, cliquer sur <em>Consulter dans Leganto<\/em> au niveau de la liste de lecture ou au niveau de la r\u00e9f\u00e9rence :<\/p>\n\n\n<div class=\"wp-block-image\">\n<figure class=\"aligncenter size-large\"><img decoding=\"async\" loading=\"lazy\" width=\"1024\" height=\"408\" src=\"https:\/\/rebub.u-bordeaux.fr\/wp-content\/uploads\/2023\/03\/Consulter-dans-Leganto-1024x408.png\" alt=\"\" class=\"wp-image-15005\" srcset=\"https:\/\/rebub.u-bordeaux.fr\/wp-content\/uploads\/2023\/03\/Consulter-dans-Leganto-1024x408.png 1024w, https:\/\/rebub.u-bordeaux.fr\/wp-content\/uploads\/2023\/03\/Consulter-dans-Leganto-300x120.png 300w, https:\/\/rebub.u-bordeaux.fr\/wp-content\/uploads\/2023\/03\/Consulter-dans-Leganto-768x306.png 768w, https:\/\/rebub.u-bordeaux.fr\/wp-content\/uploads\/2023\/03\/Consulter-dans-Leganto-1536x612.png 1536w, https:\/\/rebub.u-bordeaux.fr\/wp-content\/uploads\/2023\/03\/Consulter-dans-Leganto.png 1894w\" sizes=\"(max-width: 1024px) 100vw, 1024px\" \/><\/figure><\/div>\n\n\n<div class=\"is-layout-flex wp-container-6 wp-block-columns bord-bloc-reutilisable has-background\" style=\"background-color:#d9edf7\">\n<div class=\"is-layout-flow wp-block-column is-vertically-aligned-center\" style=\"font-size:15px;flex-basis:20%\">\n<p style=\"font-size:15px\"><strong>Date de publication<\/strong> <\/p>\n\n\n<div style=\"font-size:15px;\" class=\"wp-block-post-date\"><time datetime=\"2024-03-22T09:38:41+01:00\">22 mars 2024<\/time><\/div><\/div>\n\n\n\n<div class=\"is-layout-flow wp-block-column is-vertically-aligned-center\" style=\"font-size:15px;flex-basis:20%\">\n<p><strong>Mis \u00e0 jour le <\/strong><\/p>\n\n\n<div style=\"font-size:15px;\" class=\"wp-block-post-date\"><time datetime=\"2024-05-06T09:48:18+02:00\">6 mai 2024<\/time><\/div><\/div>\n\n\n\n<div class=\"is-layout-flow wp-block-column is-vertically-aligned-center\" style=\"font-size:15px;flex-basis:40%\">\n<p><\/p>\n\n\n\n<p><strong>Attention ! <\/strong>Certains \u00e9tablissements utilisent parfois de proc\u00e9dures compl\u00e9mentaires <\/p>\n<\/div>\n\n\n\n<div class=\"is-layout-flow wp-block-column is-vertically-aligned-center\" style=\"font-size:15px;flex-basis:25%\">\n<div class=\"is-horizontal is-content-justification-center is-layout-flex wp-container-4 wp-block-buttons alignfull has-custom-font-size\" style=\"font-size:16px\">\n<div class=\"wp-block-button has-custom-width wp-block-button__width-75 has-custom-font-size is-style-fill\" style=\"font-size:15px\"><a class=\"wp-block-button__link has-white-color has-text-color has-background wp-element-button\" href=\"mailto:scoop@u-bordeaux.fr\" style=\"border-radius:65px;background-color:#000000db\"><strong>Signaler une erreur<\/strong><\/a><\/div>\n<\/div>\n<\/div>\n<\/div>\n","protected":false},"excerpt":{"rendered":"<p>Table des mati\u00e8res[ Show ]Acc\u00e9der aux cours, aux listes de lecture et aux r\u00e9f\u00e9rencesPasser d&rsquo;un niveau de gestion \u00e0 l&rsquo;autreG\u00e9rer dans Biblio(s)+Acc\u00e9der aux cours, aux listes de lecture et aux r\u00e9f\u00e9rences Il y a 3 niveaux de gestion de Leganto&#8230;<\/p>\n","protected":false},"author":81,"featured_media":0,"parent":18434,"menu_order":2,"comment_status":"closed","ping_status":"closed","template":"","meta":[],"post_mailing_queue_ids":[],"_links":{"self":[{"href":"https:\/\/rebub.u-bordeaux.fr\/index.php\/wp-json\/wp\/v2\/pages\/18952"}],"collection":[{"href":"https:\/\/rebub.u-bordeaux.fr\/index.php\/wp-json\/wp\/v2\/pages"}],"about":[{"href":"https:\/\/rebub.u-bordeaux.fr\/index.php\/wp-json\/wp\/v2\/types\/page"}],"author":[{"embeddable":true,"href":"https:\/\/rebub.u-bordeaux.fr\/index.php\/wp-json\/wp\/v2\/users\/81"}],"replies":[{"embeddable":true,"href":"https:\/\/rebub.u-bordeaux.fr\/index.php\/wp-json\/wp\/v2\/comments?post=18952"}],"version-history":[{"count":4,"href":"https:\/\/rebub.u-bordeaux.fr\/index.php\/wp-json\/wp\/v2\/pages\/18952\/revisions"}],"predecessor-version":[{"id":20812,"href":"https:\/\/rebub.u-bordeaux.fr\/index.php\/wp-json\/wp\/v2\/pages\/18952\/revisions\/20812"}],"up":[{"embeddable":true,"href":"https:\/\/rebub.u-bordeaux.fr\/index.php\/wp-json\/wp\/v2\/pages\/18434"}],"wp:attachment":[{"href":"https:\/\/rebub.u-bordeaux.fr\/index.php\/wp-json\/wp\/v2\/media?parent=18952"}],"curies":[{"name":"wp","href":"https:\/\/api.w.org\/{rel}","templated":true}]}}