	{"id":19031,"date":"2024-03-22T09:39:43","date_gmt":"2024-03-22T08:39:43","guid":{"rendered":"https:\/\/rebub.u-bordeaux.fr\/?page_id=19031"},"modified":"2024-03-28T14:06:29","modified_gmt":"2024-03-28T13:06:29","slug":"nombre-de-lecteurs-actifs-par-bibliotheques-demprunt-en-2017","status":"publish","type":"page","link":"https:\/\/rebub.u-bordeaux.fr\/index.php\/statistiques\/donnees-statistiques\/archives-2009-2018\/statistiques-2017\/nombre-de-lecteurs-actifs-par-bibliotheques-demprunt-en-2017\/","title":{"rendered":"Nombre de lecteurs actifs par biblioth\u00e8ques d\u2019emprunt en 2017"},"content":{"rendered":"<div id='wpig-floatingbar' class='wpig-floatingbar'><div id='wpig-switch-wrapper' class='wpig-switch-wrapper'><span id='wpig-floating-switch' class='wpig-floating-switch'><img src='https:\/\/rebub.u-bordeaux.fr\/wp-content\/plugins\/sticky-toc-advance-table-of-contents\/\\assets\\menu.png'><\/span><\/div><div id='wpig-contents' class='wpig-contents  wpig-sidebar-widget wpig-style-3'><span class='wpig-headline'>Table des mati\u00e8res<span><a data-action='show' class='wpig-btn-toggledisplay'>[ Show ]<\/a><\/span><\/span><!-- Table of Contents --><div id='wpig-table-of-content' class='wpig-table-of-content'><ol><li class='stoc-donnees-statistiques'><a href='#stoc-donnees-statistiques'>Donn\u00e9es statistiques<\/a><ol><li class='stoc-nombre-de-lecteurs-actifs-selon-la-division-dinscription'><a href='#stoc-nombre-de-lecteurs-actifs-selon-la-division-dinscription'>Nombre de lecteurs actifs selon la division d&rsquo;inscription<\/a><\/li><li class='stoc-total-des-lecteurs-actifs-sur-la-bibliotheque-de-pret'><a href='#stoc-total-des-lecteurs-actifs-sur-la-bibliotheque-de-pret'>Total des lecteurs actifs sur la biblioth\u00e8que de pr\u00eat<\/a><\/li><li class='stoc-nombre-de-lecteurs-actifs-par-type-dusager'><a href='#stoc-nombre-de-lecteurs-actifs-par-type-dusager'>Nombre de lecteurs actifs par type d&rsquo;usager<\/a><\/li><\/ol><li class='stoc-methodologie-de-recolte-des-donnees'><a href='#stoc-methodologie-de-recolte-des-donnees'>M\u00e9thodologie de r\u00e9colte des donn\u00e9es<\/a><\/li><\/ol><\/li><\/div><!-- END OF Table of Contents --><\/div><\/div><p><div id='wpig-contents' class='wpig-contents  wpig-sidebar-widget wpig-style-1'><span class='wpig-headline'>Table des mati\u00e8res<span><a data-action='show' class='wpig-btn-toggledisplay'>[ Show ]<\/a><\/span><\/span><!-- Table of Contents --><div id='wpig-table-of-content' class='wpig-table-of-content' ><ol><li class='stoc-donnees-statistiques'><a href='#stoc-donnees-statistiques'>Donn\u00e9es statistiques<\/a><ol><li class='stoc-nombre-de-lecteurs-actifs-selon-la-division-dinscription'><a href='#stoc-nombre-de-lecteurs-actifs-selon-la-division-dinscription'>Nombre de lecteurs actifs selon la division d&rsquo;inscription<\/a><\/li><li class='stoc-total-des-lecteurs-actifs-sur-la-bibliotheque-de-pret'><a href='#stoc-total-des-lecteurs-actifs-sur-la-bibliotheque-de-pret'>Total des lecteurs actifs sur la biblioth\u00e8que de pr\u00eat<\/a><\/li><li class='stoc-nombre-de-lecteurs-actifs-par-type-dusager'><a href='#stoc-nombre-de-lecteurs-actifs-par-type-dusager'>Nombre de lecteurs actifs par type d&rsquo;usager<\/a><\/li><\/ol><li class='stoc-methodologie-de-recolte-des-donnees'><a href='#stoc-methodologie-de-recolte-des-donnees'>M\u00e9thodologie de r\u00e9colte des donn\u00e9es<\/a><\/li><\/ol><\/li><\/div><!-- END OF Table of Contents --><\/div><\/p><p><script src=\"http:\/\/rebub.u-bordeaux.fr\/wp-content\/uploads\/2018\/02\/Rapp_ESGBU_Lecteur_Actifs_Bib_Emprt_2017.js\"><\/script><\/p>\n<p>Ce rapport vous donne une photographie du public qui a fr\u00e9quent\u00e9 votre biblioth\u00e8que sur une ann\u00e9e donn\u00e9e. D&rsquo;o\u00f9 viennent les lecteurs qui ont au moins effectu\u00e9 un emprunt dans votre \u00e9tablissement (Division d&rsquo;inscription) ? De quel type type d&rsquo;usager s&rsquo;agit-il (Lecteur autoris\u00e9, \u00e9tudiant d&rsquo;une des universit\u00e9s du r\u00e9seau ou personnel des universit\u00e9s du r\u00e9seau) ?<\/p>\n<h2 id=\"stoc-donnees-statistiques\" class=\"wpig-heading\">Donn\u00e9es statistiques<\/h2>\n<div id=\"dashboard1_div\">\n<div id=\"dashboard2_div\">\n      <!--Divs that will hold each control and chart--><\/p>\n<div id=\"bibPicker_div\"><\/div>\n<h3 id=\"stoc-nombre-de-lecteurs-actifs-selon-la-division-dinscription\" class=\"wpig-heading\">Nombre de lecteurs actifs selon la division d&rsquo;inscription<\/h3>\n<div id=\"chart1\"><\/div>\n<h3 id=\"stoc-total-des-lecteurs-actifs-sur-la-bibliotheque-de-pret\" class=\"wpig-heading\">Total des lecteurs actifs sur la biblioth\u00e8que de pr\u00eat<\/h3>\n<div id=\"chart2\"><\/div>\n<div id=\"table_div\" style=\"display:none\"><\/div>\n<\/p><\/div>\n<h3 id=\"stoc-nombre-de-lecteurs-actifs-par-type-dusager\" class=\"wpig-heading\">Nombre de lecteurs actifs par type d&rsquo;usager<\/h3>\n<div id=\"typePicker_div\"><\/div>\n<div id=\"etabPicker_div\"><\/div>\n<div id=\"barchart_div\"><\/div>\n<div id=\"table2_div\">\n<\/div>\n<p class=\"message important\"><a href=\"http:\/\/rebub.u-bordeaux.fr\/wp-content\/uploads\/2018\/02\/Rapp_ESGBU_Lecteur_Actifs_Bib_Emprt_2017.xlsx\">T\u00e9l\u00e9charger les donn\u00e9es ventil\u00e9es par biblioth\u00e8que d&#8217;emprunt<\/a><\/p>\n<p class=\"message important\"><a href='http:\/\/rebub.u-bordeaux.fr\/wp-content\/uploads\/2018\/02\/Rapp_ESGBU_Lecteur_Actifs_Etab_2017.xlsx'>T\u00e9l\u00e9charger les donn\u00e9es agr\u00e9g\u00e9es par \u00e9tablissement de rattachement des biblioth\u00e8ques d&#8217;emprunt<\/a><\/p>\n<p class=\"message important\"><a href='http:\/\/rebub.u-bordeaux.fr\/wp-content\/uploads\/2018\/02\/Rapp_ESGBU_Lecteur_Actifs_Plateforme_2017.xlsx'>T\u00e9l\u00e9charger les donn\u00e9es agr\u00e9g\u00e9es par plateforme de rattachement des biblioth\u00e8ques d&#8217;emprunt<\/a><\/p>\n<h2 id=\"stoc-methodologie-de-recolte-des-donnees\" class=\"wpig-heading\">M\u00e9thodologie de r\u00e9colte des donn\u00e9es<\/h2>\n<dl>\n<dd>\n<table border=\"0\" cellspacing=\"0\" cellpadding=\"2\" width=\"653\">\n<colgroup>\n<col width=\"184\"><\/col>\n<col width=\"460\"><\/col>\n<\/colgroup>\n<tbody>\n<tr valign=\"top\">\n<td style=\"border-top: 1px solid #000001; border-bottom: 1px solid #000001; border-left: 1px solid #000001; border-right: none; padding-top: 0.1cm; padding-bottom: 0.1cm; padding-left: 0.05cm; padding-right: 0cm\" width=\"184\" bgcolor=\"#ffffff\">\n<p style=\"margin-left: 0.1cm; text-indent: 0cm; widows: 0; orphans: 0\" align=\"left\"><strong>D\u00e9finitions :<\/strong><\/p>\n<\/td>\n<td style=\"border: 1px solid #000001; padding-top: 0.1cm; padding-bottom: 0.1cm; padding-left: 0.05cm; padding-right: 0.1cm\" width=\"460\" bgcolor=\"#ffffff\">\n<p style=\"text-indent: 0cm\">Il s&rsquo;agit pour une biblioth\u00e8que donn\u00e9e de conna\u00eetre le nombre de lecteurs uniques ayant effectu\u00e9 un emprunt sur la division.<\/p>\n<p style=\"text-indent: 0cm\">On identifie la biblioth\u00e8que d&#8217;emprunt via le bcode. Ce code constitu\u00e9 de l&rsquo;ann\u00e9e universitaire et de l&rsquo;identifiant de la biblioth\u00e8que d&#8217;emprunt est li\u00e9 au compte du lecteur d\u00e8s que ce dernier emprunte un document dans un \u00e9tablissement du r\u00e9seau.<\/p>\n<\/td>\n<\/tr>\n<tr valign=\"top\">\n<td style=\"border-top: none; border-bottom: 1px solid #000001; border-left: 1px solid #000001; border-right: none; padding-top: 0cm; padding-bottom: 0.1cm; padding-left: 0.05cm; padding-right: 0cm\" width=\"184\" bgcolor=\"#ffffff\">\n<p style=\"margin-left: 0.1cm; text-indent: 0cm; widows: 0; orphans: 0\" align=\"left\"><strong>Niveau :<\/strong><\/p>\n<\/td>\n<td style=\"border-top: none; border-bottom: 1px solid #000001; border-left: 1px solid #000001; border-right: 1px solid #000001; padding-top: 0cm; padding-bottom: 0.1cm; padding-left: 0.05cm; padding-right: 0.1cm\" width=\"460\" bgcolor=\"#ffffff\">\n<ul>\n<li> Biblioth\u00e8que d&rsquo;inscription (Division Horizon)<\/li>\n<li> Type de lecteur    (btype Horizon)<\/li>\n<li> cat\u00e9gorie statistique du lecteur (bstat Horizon)<\/li>\n<li> Type d&rsquo;usager (Niveau construit par le SCOOP. <a href=\"http:\/\/rebub.u-bordeaux.fr\/index.php\/wiki\/statistiques\/statistiques-a-la-demande-2\/definition-des-indicateurs-utilises-pour-ventiler-les-donnees\/\">Voir cette PAGE<\/a><\/li>\n<li> Niveau d&rsquo;\u00e9tude<\/li>\n<\/ul>\n<\/td>\n<\/tr>\n<tr valign=\"top\">\n<td style=\"border-top: none; border-bottom: 1px solid #000001; border-left: 1px solid #000001; border-right: none; padding-top: 0cm; padding-bottom: 0.1cm; padding-left: 0.05cm; padding-right: 0cm\" width=\"184\" bgcolor=\"#ffffff\">\n<p style=\"margin-left: 0.1cm; text-indent: 0cm; widows: 0; orphans: 0\" align=\"left\"><strong>P\u00e9riode d&rsquo;observation :<\/strong><\/p>\n<\/td>\n<td style=\"border-top: none; border-bottom: 1px solid #000001; border-left: 1px solid #000001; border-right: 1px solid #000001; padding-top: 0cm; padding-bottom: 0.1cm; padding-left: 0.05cm; padding-right: 0.1cm\" width=\"460\" bgcolor=\"#ffffff\">\n<p style=\"margin-left: 0.1cm; text-indent: 0cm; widows: 0; orphans: 0\" align=\"justify\">Ann\u00e9e universitaire (du 01 ao\u00fbt Au 31 juillet.)<\/p>\n<\/td>\n<\/tr>\n<tr valign=\"top\">\n<td style=\"border-top: none; border-bottom: 1px solid #000001; border-left: 1px solid #000001; border-right: none; padding-top: 0cm; padding-bottom: 0.1cm; padding-left: 0.05cm; padding-right: 0cm\" width=\"184\" bgcolor=\"#ffffff\">\n<p style=\"margin-left: 0.2cm; text-indent: 0cm; widows: 0; orphans: 0\" align=\"left\"><strong>Agr\u00e9gations des r\u00e9sultats :<\/strong><\/p>\n<\/td>\n<td style=\"border-top: none; border-bottom: 1px solid #000001; border-left: 1px solid #000001; border-right: 1px solid #000001; padding-top: 0cm; padding-bottom: 0.1cm; padding-left: 0.05cm; padding-right: 0.1cm\" width=\"460\" bgcolor=\"#ffffff\">\n<p style=\"text-indent: 0cm; widows: 0; orphans: 0\" align=\"justify\">Les donn\u00e9es ne peuvent pas \u00eatre cumul\u00e9es par \u00e9tablissement et        plateforme puisque un m\u00eame lecteur peut \u00eatre emprunteur dans        plusieurs biblioth\u00e8ques.<\/p>\n<\/td>\n<\/tr>\n<tr valign=\"top\">\n<td style=\"border-top: none; border-bottom: 1px solid #000001; border-left: 1px solid #000001; border-right: none; padding-top: 0cm; padding-bottom: 0.1cm; padding-left: 0.05cm; padding-right: 0cm\" width=\"184\" bgcolor=\"#ffffff\">\n<p style=\"margin-left: 0.1cm; text-indent: 0cm; widows: 0; orphans: 0\" align=\"left\"><strong>Forme des r\u00e9sultats :<\/strong><\/p>\n<\/td>\n<td style=\"border-top: none; border-bottom: 1px solid #000001; border-left: 1px solid #000001; border-right: 1px solid #000001; padding-top: 0cm; padding-bottom: 0.1cm; padding-left: 0.05cm; padding-right: 0.1cm\" width=\"460\" bgcolor=\"#ffffff\">\n<p style=\"text-indent: 0cm\">Fichier : <span style=\"font-family: monospace;\"><span style=\"font-size: x-small;\"><span lang=\"fr-FR\">Rapp_ESGBU_Lecteur_Actifs_Bib_Emprt_AAAA.xlsx<\/span><\/span><\/span><\/p>\n<p style=\"text-indent: 0cm\"><span style=\"text-decoration: underline;\">Onglet        \u00ab Lecteurs_Par_Bib_Emprunt\u00bb<\/span> : Pour chaque        biblioth\u00e8que d&#8217;emprunt, nombre cumul\u00e9 des lecteurs actifs.<\/p>\n<p style=\"text-indent: 0cm\"><span style=\"text-decoration: underline;\">Onglets 2 \u00e0 3 :<\/span> Pour chaque biblioth\u00e8que d&#8217;emprunt, nombre cumul\u00e9 des lecteurs         actifs ventil\u00e9s par type de lecteur ou\/et bstat .<\/p>\n<p style=\"text-indent: 0cm\"><span style=\"text-decoration: underline;\">Onglet        \u00ab Lecteurs_Par_Div_Inscription\u00bb<\/span> : Pour chaque        biblioth\u00e8que, nombre cumul\u00e9 des lecteurs actifs ventil\u00e9s par        biblioth\u00e8que d&rsquo;inscription (en colonne). Permet de savoir pour        une biblioth\u00e8que d&#8217;emprunt donn\u00e9e d\u2019o\u00f9 viennent les         emprunteurs.<\/p>\n<\/td>\n<\/tr>\n<\/tbody>\n<\/table>\n<\/dd>\n<\/dl>\n","protected":false},"excerpt":{"rendered":"<p>Table des mati\u00e8res[ Show ]Donn\u00e9es statistiquesNombre de lecteurs actifs selon la division d&rsquo;inscriptionTotal des lecteurs actifs sur la biblioth\u00e8que de pr\u00eatNombre de lecteurs actifs par type d&rsquo;usagerM\u00e9thodologie de r\u00e9colte des donn\u00e9es Ce rapport vous donne une photographie du public qui&#8230;<\/p>\n","protected":false},"author":2,"featured_media":0,"parent":19007,"menu_order":2,"comment_status":"closed","ping_status":"closed","template":"","meta":[],"post_mailing_queue_ids":[],"_links":{"self":[{"href":"https:\/\/rebub.u-bordeaux.fr\/index.php\/wp-json\/wp\/v2\/pages\/19031"}],"collection":[{"href":"https:\/\/rebub.u-bordeaux.fr\/index.php\/wp-json\/wp\/v2\/pages"}],"about":[{"href":"https:\/\/rebub.u-bordeaux.fr\/index.php\/wp-json\/wp\/v2\/types\/page"}],"author":[{"embeddable":true,"href":"https:\/\/rebub.u-bordeaux.fr\/index.php\/wp-json\/wp\/v2\/users\/2"}],"replies":[{"embeddable":true,"href":"https:\/\/rebub.u-bordeaux.fr\/index.php\/wp-json\/wp\/v2\/comments?post=19031"}],"version-history":[{"count":2,"href":"https:\/\/rebub.u-bordeaux.fr\/index.php\/wp-json\/wp\/v2\/pages\/19031\/revisions"}],"predecessor-version":[{"id":19726,"href":"https:\/\/rebub.u-bordeaux.fr\/index.php\/wp-json\/wp\/v2\/pages\/19031\/revisions\/19726"}],"up":[{"embeddable":true,"href":"https:\/\/rebub.u-bordeaux.fr\/index.php\/wp-json\/wp\/v2\/pages\/19007"}],"wp:attachment":[{"href":"https:\/\/rebub.u-bordeaux.fr\/index.php\/wp-json\/wp\/v2\/media?parent=19031"}],"curies":[{"name":"wp","href":"https:\/\/api.w.org\/{rel}","templated":true}]}}