	{"id":19072,"date":"2024-03-22T09:40:03","date_gmt":"2024-03-22T08:40:03","guid":{"rendered":"https:\/\/rebub.u-bordeaux.fr\/?page_id=19072"},"modified":"2025-07-11T14:21:46","modified_gmt":"2025-07-11T12:21:46","slug":"nouveau-menu-analytics-dans-alma","status":"publish","type":"page","link":"https:\/\/rebub.u-bordeaux.fr\/index.php\/statistiques\/donnees-statistiques\/nouveau-menu-analytics-dans-alma\/","title":{"rendered":"Interface du menu Analytics dans Alma"},"content":{"rendered":"<div id='wpig-floatingbar' class='wpig-floatingbar'><div id='wpig-switch-wrapper' class='wpig-switch-wrapper'><span id='wpig-floating-switch' class='wpig-floating-switch'><img src='https:\/\/rebub.u-bordeaux.fr\/wp-content\/plugins\/sticky-toc-advance-table-of-contents\/\\assets\\menu.png'><\/span><\/div><div id='wpig-contents' class='wpig-contents  wpig-sidebar-widget wpig-style-3'><span class='wpig-headline'>Table des mati\u00e8res<span><a data-action='show' class='wpig-btn-toggledisplay'>[ Show ]<\/a><\/span><\/span><!-- Table of Contents --><div id='wpig-table-of-content' class='wpig-table-of-content'><ol><li class='stoc-acceder-aux-rapports-partages'><a href='#stoc-acceder-aux-rapports-partages'>Acc\u00e9der aux rapports partag\u00e9s<\/a><\/li><li class='stoc-utiliser-et-gerer-sa-bibliotheque-de-rapports-personnelle'><a href='#stoc-utiliser-et-gerer-sa-bibliotheque-de-rapports-personnelle'>Utiliser et g\u00e9rer sa biblioth\u00e8que de rapports personnelle<\/a><\/li><li class='stoc-rapports-predefinis'><a href='#stoc-rapports-predefinis'>Rapports pr\u00e9d\u00e9finis<\/a><\/li><li class='stoc-pour-les-administrateurs'><a href='#stoc-pour-les-administrateurs'>Pour les administrateurs<\/a><\/li><\/ol><\/div><!-- END OF Table of Contents --><\/div><\/div><p><div id='wpig-contents' class='wpig-contents  wpig-sidebar-widget wpig-style-1'><span class='wpig-headline'>Table des mati\u00e8res<span><a data-action='show' class='wpig-btn-toggledisplay'>[ Show ]<\/a><\/span><\/span><!-- Table of Contents --><div id='wpig-table-of-content' class='wpig-table-of-content' ><ol><li class='stoc-acceder-aux-rapports-partages'><a href='#stoc-acceder-aux-rapports-partages'>Acc\u00e9der aux rapports partag\u00e9s<\/a><\/li><li class='stoc-utiliser-et-gerer-sa-bibliotheque-de-rapports-personnelle'><a href='#stoc-utiliser-et-gerer-sa-bibliotheque-de-rapports-personnelle'>Utiliser et g\u00e9rer sa biblioth\u00e8que de rapports personnelle<\/a><\/li><li class='stoc-rapports-predefinis'><a href='#stoc-rapports-predefinis'>Rapports pr\u00e9d\u00e9finis<\/a><\/li><li class='stoc-pour-les-administrateurs'><a href='#stoc-pour-les-administrateurs'>Pour les administrateurs<\/a><\/li><\/ol><\/div><!-- END OF Table of Contents --><\/div><\/p>\n<p>Le menu est totalement revu pour permettre \u00e0 chaque utilisateur de se constituer sa propre biblioth\u00e8que de rapports \u00e0 partir des rapports propos\u00e9s dans la table <em>Liste d\u2019objet d\u2019analyse<\/em>.<\/p>\n\n\n\n<figure class=\"wp-block-image size-large\"><img decoding=\"async\" loading=\"lazy\" width=\"1024\" height=\"484\" src=\"https:\/\/rebub.u-bordeaux.fr\/wp-content\/uploads\/2023\/06\/Menu-Analytique-1024x484.png\" alt=\"\" class=\"wp-image-16110\" srcset=\"https:\/\/rebub.u-bordeaux.fr\/wp-content\/uploads\/2023\/06\/Menu-Analytique-1024x484.png 1024w, https:\/\/rebub.u-bordeaux.fr\/wp-content\/uploads\/2023\/06\/Menu-Analytique-300x142.png 300w, https:\/\/rebub.u-bordeaux.fr\/wp-content\/uploads\/2023\/06\/Menu-Analytique-768x363.png 768w, https:\/\/rebub.u-bordeaux.fr\/wp-content\/uploads\/2023\/06\/Menu-Analytique-1536x726.png 1536w, https:\/\/rebub.u-bordeaux.fr\/wp-content\/uploads\/2023\/06\/Menu-Analytique.png 1903w\" sizes=\"(max-width: 1024px) 100vw, 1024px\" \/><\/figure>\n\n\n\n<h2 id=\"stoc-acceder-aux-rapports-partages\" class=\"wpig-heading\">Acc\u00e9der aux rapports partag\u00e9s<\/h2>\n\n\n\n<p>L\u2019acc\u00e8s aux rapports partag\u00e9s <em>(i.e. les rapports mis \u00e0 disposition par les administrateurs du syst\u00e8me)<\/em> se fait depuis le lien marqu\u00e9 <strong>Partag\u00e9es avec moi (4.)<\/strong>. La page qui s\u2019ouvre est l\u2019\u00e9quivalent de celle qui \u00e9tait rang\u00e9e dans la section <em>Rapports<\/em> du menu Analytics pr\u00e9c\u00e9dent.<\/p>\n\n\n\n<p>Comme pr\u00e9c\u00e9demment, l\u2019\u00e9tendue des rapports propos\u00e9s d\u00e9pend des r\u00f4les assign\u00e9s \u00e0 l\u2019utilisateur : certains rapports sont partag\u00e9s tr\u00e8s largement (par exemple, avec tous les \u00ab op\u00e9rateurs de bureau de pr\u00eat \u00bb), d\u2019autres sont r\u00e9serv\u00e9s \u00e0 un nombre plus restreint d\u2019utilisateurs (par exemple, aux \u00ab\u00a0administrateurs des acquisitions\u00a0\u00bb). Cette liste est donc diff\u00e9rente d\u2019une personne \u00e0 l\u2019autre.<\/p>\n\n\n\n<figure class=\"wp-block-image size-large\"><img decoding=\"async\" loading=\"lazy\" width=\"1024\" height=\"484\" src=\"https:\/\/rebub.u-bordeaux.fr\/wp-content\/uploads\/2023\/06\/Ex-Libris-Alma1-1024x484.png\" alt=\"\" class=\"wp-image-16111\" srcset=\"https:\/\/rebub.u-bordeaux.fr\/wp-content\/uploads\/2023\/06\/Ex-Libris-Alma1-1024x484.png 1024w, https:\/\/rebub.u-bordeaux.fr\/wp-content\/uploads\/2023\/06\/Ex-Libris-Alma1-300x142.png 300w, https:\/\/rebub.u-bordeaux.fr\/wp-content\/uploads\/2023\/06\/Ex-Libris-Alma1-768x363.png 768w, https:\/\/rebub.u-bordeaux.fr\/wp-content\/uploads\/2023\/06\/Ex-Libris-Alma1-1536x726.png 1536w, https:\/\/rebub.u-bordeaux.fr\/wp-content\/uploads\/2023\/06\/Ex-Libris-Alma1.png 1903w\" sizes=\"(max-width: 1024px) 100vw, 1024px\" \/><\/figure>\n\n\n\n<p>Pour chaque rapport, cette page indique&nbsp;:<\/p>\n\n\n\n<ul>\n<li>Le <strong>chemin d\u2019acc\u00e8s<\/strong> vers le rapport dans Alma Analytics <strong>(7.)<\/strong><\/li>\n\n\n\n<li>L\u2019identit\u00e9 de<strong> <\/strong>la<strong> personne ayant ajout\u00e9 <\/strong>le rapport \u00e0 la biblioth\u00e8que partag\u00e9e et la <strong>date d\u2019ajout<\/strong> <strong>(8.) <\/strong>(<em>nota bene :<\/em> cette personne n\u2019est pas forc\u00e9ment celle qui a cr\u00e9\u00e9 le rapport).<\/li>\n\n\n\n<li>L\u2019identit\u00e9 de la derni\u00e8re <strong>personne ayant modifi\u00e9<\/strong> les donn\u00e9es associ\u00e9es \u00e0 ce rapport et la <strong>date de<\/strong> cette derni\u00e8re <strong>modification<\/strong> <strong>(9.)<\/strong> (<em>nota bene :<\/em> cette personne n\u2019a pas forc\u00e9ment modifi\u00e9 le rapport)<\/li>\n\n\n\n<li>Le <strong>type de rapport<\/strong> (en r\u00e8gle g\u00e9n\u00e9rale, rapport ou tableau de bord) <strong>(10.)<\/strong> et l\u2019indication \u00e9ventuelle de la configuration d\u2019un <strong>envoi planifi\u00e9<\/strong> et\/ou de la configuration du rapport comme <strong>widget<\/strong> <strong>(11.)<\/strong><\/li>\n<\/ul>\n\n\n\n<p>Vous pouvez depuis cette liste ajouter le <strong>rapport aux favoris<\/strong> <strong>(12.).<\/strong> Le rapport sera alors disponible directement depuis le<strong> menu des favoris<\/strong> <strong>(2.)<\/strong>.<\/p>\n\n\n\n<p>Un clic sur un rapport permet d\u2019ouvrir l\u2019\u00e9cran en <em>\u00e9cran partag\u00e9<\/em> avec \u00e0 gauche la liste des rapports partag\u00e9s et \u00e0 droite des d\u00e9tails du rapport sur lequel on vient de cliquer comme :<\/p>\n\n\n\n<figure class=\"wp-block-image size-large\"><img decoding=\"async\" loading=\"lazy\" width=\"1024\" height=\"484\" src=\"https:\/\/rebub.u-bordeaux.fr\/wp-content\/uploads\/2023\/06\/Ex-Libris-Alma4-1024x484.png\" alt=\"\" class=\"wp-image-16112\" srcset=\"https:\/\/rebub.u-bordeaux.fr\/wp-content\/uploads\/2023\/06\/Ex-Libris-Alma4-1024x484.png 1024w, https:\/\/rebub.u-bordeaux.fr\/wp-content\/uploads\/2023\/06\/Ex-Libris-Alma4-300x142.png 300w, https:\/\/rebub.u-bordeaux.fr\/wp-content\/uploads\/2023\/06\/Ex-Libris-Alma4-768x363.png 768w, https:\/\/rebub.u-bordeaux.fr\/wp-content\/uploads\/2023\/06\/Ex-Libris-Alma4-1536x726.png 1536w, https:\/\/rebub.u-bordeaux.fr\/wp-content\/uploads\/2023\/06\/Ex-Libris-Alma4.png 1903w\" sizes=\"(max-width: 1024px) 100vw, 1024px\" \/><\/figure>\n\n\n\n<ul>\n<li>L&rsquo;<strong>URL<\/strong> de rapport <strong>(13.)<\/strong><\/li>\n\n\n\n<li>La <strong>fr\u00e9quence d\u2019envoi<\/strong>, dans le cas d\u2019un rapport planifi\u00e9 (<em>nota bene :<\/em> la fonction d\u2019auto-abonnement \u00e0 un rapport planifi\u00e9 ne semble plus disponible, sauf pour les utilisateurs disposant du r\u00f4le d\u2019administrateur Analytics) <strong>(14.)<\/strong><\/li>\n<\/ul>\n\n\n\n<p>C\u2019est depuis cet \u00e9cran qu\u2019est fourni le <strong>lien d\u2019acc\u00e8s<\/strong> vers le rapport <strong>(16.)<\/strong><\/p>\n\n\n\n<p>Depuis cet \u00e9cran \u00e9galement, il est possible de faire d\u00e9filer les rapports pr\u00e9c\u00e9dents ou suivants \u00e0 l\u2019aide des fl\u00e8ches Haut\/Bas situ\u00e9es en haut \u00e0 droite.<\/p>\n\n\n\n<p>Il est possible d\u2019opter pour une vue compl\u00e8te, plut\u00f4t que pour un \u00e9cran partag\u00e9. Pour cela, on cliquera sur l\u2019ic\u00f4ne situ\u00e9e tout en haut \u00e0 droite et on s\u00e9lectionnera sur <em>Vue de liste<\/em> (ou sur <em>Diviser la vue<\/em>, pour revenir \u00e0 l\u2019\u00e9cran partag\u00e9) <strong>(17.)<\/strong><\/p>\n\n\n\n<h2 id=\"stoc-utiliser-et-gerer-sa-bibliotheque-de-rapports-personnelle\" class=\"wpig-heading\">Utiliser et g\u00e9rer sa biblioth\u00e8que de rapports personnelle<\/h2>\n\n\n\n<p>Chaque rapport d\u00e9sign\u00e9 comme favori est list\u00e9 dans le menu Analytics d\u2019Alma. Cette liste peut \u00eatre r\u00e9ordonn\u00e9e par cliquer-glisser <strong>(2.)<\/strong><\/p>\n\n\n\n<figure class=\"wp-block-image size-large\"><img decoding=\"async\" loading=\"lazy\" width=\"1024\" height=\"484\" src=\"https:\/\/rebub.u-bordeaux.fr\/wp-content\/uploads\/2023\/06\/Menu-Analytique-1-1024x484.png\" alt=\"\" class=\"wp-image-16113\" srcset=\"https:\/\/rebub.u-bordeaux.fr\/wp-content\/uploads\/2023\/06\/Menu-Analytique-1-1024x484.png 1024w, https:\/\/rebub.u-bordeaux.fr\/wp-content\/uploads\/2023\/06\/Menu-Analytique-1-300x142.png 300w, https:\/\/rebub.u-bordeaux.fr\/wp-content\/uploads\/2023\/06\/Menu-Analytique-1-768x363.png 768w, https:\/\/rebub.u-bordeaux.fr\/wp-content\/uploads\/2023\/06\/Menu-Analytique-1-1536x726.png 1536w, https:\/\/rebub.u-bordeaux.fr\/wp-content\/uploads\/2023\/06\/Menu-Analytique-1.png 1903w\" sizes=\"(max-width: 1024px) 100vw, 1024px\" \/><\/figure>\n\n\n\n<p>Un rapport peut \u00eatre supprim\u00e9 des favoris en cliquant sur la croix qui apparait \u00e0 droite lorsque l\u2019on passe la souris sur le rapport en question.<\/p>\n\n\n\n<h2 id=\"stoc-rapports-predefinis\" class=\"wpig-heading\">Rapports pr\u00e9d\u00e9finis<\/h2>\n\n\n\n<p>Ex Libris fournit par d\u00e9faut une biblioth\u00e8que de rapport pr\u00e9d\u00e9finis. Contrairement \u00e0 ce qui pr\u00e9valait jusqu\u2019\u00e0 pr\u00e9sent, ces rapports ne sont plus m\u00eal\u00e9s avec les rapports cr\u00e9\u00e9s par l\u2019institution et partag\u00e9s en son sein. Ils sont donc accessibles \u00e0 partir d\u2019un lien distinct, intitul\u00e9 <em><strong>Rapports pr\u00e9d\u00e9finis<\/strong><\/em> et disponible depuis le menu Analytics d\u2019Alma <strong>(6.)<\/strong><\/p>\n\n\n\n<p>L\u2019ergonomie g\u00e9n\u00e9rale de cette page est similaire \u00e0 celle qui liste les rapports partag\u00e9s au niveau de l\u2019institution. Ces rapports pr\u00e9d\u00e9finis peuvent \u00eatre \u00e9galement ajout\u00e9s \u00e0 la liste des favoris.<\/p>\n\n\n\n<h2 id=\"stoc-pour-les-administrateurs\" class=\"wpig-heading\">Pour les administrateurs<\/h2>\n\n\n\n<p>Les personnes disposant du r\u00f4le d\u2019administrateur Analytics disposent d\u2019un lien suppl\u00e9mentaire marqu\u00e9 <em><strong>Liste d&rsquo;objet d&rsquo;analyse<\/strong><\/em> <strong>(3.)<\/strong>. Ce lien ouvre une page \u00e0 partir de laquelle ils peuvent ajouter des objets analytiques, c\u2019est-\u00e0-dire des rapports destin\u00e9s \u00e0 \u00eatre partag\u00e9s au sein de l\u2019institution, ou les modifier (pour mettre en place un envoi planifi\u00e9, modifier les destinataires de cet envoi, etc.).<\/p>\n\n\n\n<figure class=\"wp-block-image size-large\"><img decoding=\"async\" loading=\"lazy\" width=\"1024\" height=\"484\" src=\"https:\/\/rebub.u-bordeaux.fr\/wp-content\/uploads\/2023\/06\/Rechercher-et-gerer-les-utilisateurs-1024x484.png\" alt=\"\" class=\"wp-image-16114\" srcset=\"https:\/\/rebub.u-bordeaux.fr\/wp-content\/uploads\/2023\/06\/Rechercher-et-gerer-les-utilisateurs-1024x484.png 1024w, https:\/\/rebub.u-bordeaux.fr\/wp-content\/uploads\/2023\/06\/Rechercher-et-gerer-les-utilisateurs-300x142.png 300w, https:\/\/rebub.u-bordeaux.fr\/wp-content\/uploads\/2023\/06\/Rechercher-et-gerer-les-utilisateurs-768x363.png 768w, https:\/\/rebub.u-bordeaux.fr\/wp-content\/uploads\/2023\/06\/Rechercher-et-gerer-les-utilisateurs-1536x726.png 1536w, https:\/\/rebub.u-bordeaux.fr\/wp-content\/uploads\/2023\/06\/Rechercher-et-gerer-les-utilisateurs.png 1903w\" sizes=\"(max-width: 1024px) 100vw, 1024px\" \/><\/figure>\n\n\n\n<p>L\u2019ajout d\u2019un nouveau rapport se fait depuis <strong><em>Ajouter nouvel objet Analytique Alma<\/em> (17.)<\/strong>, la suppression depuis <em>Supprimer objets<\/em> apr\u00e8s s\u00e9lection du ou des rapports \u00e0 supprimer.<\/p>\n\n\n\n<figure class=\"wp-block-image size-large\"><img decoding=\"async\" loading=\"lazy\" width=\"1024\" height=\"484\" src=\"https:\/\/rebub.u-bordeaux.fr\/wp-content\/uploads\/2023\/06\/Rechercher-et-gerer-les-utilisateurs1-1024x484.png\" alt=\"\" class=\"wp-image-16115\" srcset=\"https:\/\/rebub.u-bordeaux.fr\/wp-content\/uploads\/2023\/06\/Rechercher-et-gerer-les-utilisateurs1-1024x484.png 1024w, https:\/\/rebub.u-bordeaux.fr\/wp-content\/uploads\/2023\/06\/Rechercher-et-gerer-les-utilisateurs1-300x142.png 300w, https:\/\/rebub.u-bordeaux.fr\/wp-content\/uploads\/2023\/06\/Rechercher-et-gerer-les-utilisateurs1-768x363.png 768w, https:\/\/rebub.u-bordeaux.fr\/wp-content\/uploads\/2023\/06\/Rechercher-et-gerer-les-utilisateurs1-1536x726.png 1536w, https:\/\/rebub.u-bordeaux.fr\/wp-content\/uploads\/2023\/06\/Rechercher-et-gerer-les-utilisateurs1.png 1903w\" sizes=\"(max-width: 1024px) 100vw, 1024px\" \/><\/figure>\n\n\n\n<p>Un clic sur l\u2019un de ces \u00ab <em>objets analytiques<\/em> \u00bb permet d\u2019acc\u00e9der \u00e0 sa page de configuration, \u00e0 partir de laquelle on peut :<\/p>\n\n\n\n<ul>\n<li><strong>Modifier<\/strong> le <strong>nom<\/strong> et\/ou la <strong>description<\/strong> de l\u2019objet analytique <strong>(18.)<\/strong><\/li>\n\n\n\n<li><strong>Modifier <\/strong>le <strong>chemin<\/strong> qui pointe sur le rapport pr\u00e9sent dans Alma Analytics <strong>(18.)<\/strong><\/li>\n\n\n\n<li><strong>D\u00e9finir<\/strong> les <strong>crit\u00e8res de partage<\/strong> du rapport (rapport partag\u00e9 sur la base d\u2019un ou de plusieurs r\u00f4les et\/ou rapport partag\u00e9 avec des personnes identifi\u00e9es) <strong>(19.)<\/strong><\/li>\n\n\n\n<li><strong>D\u00e9finir<\/strong> les <strong>modalit\u00e9s de partage<\/strong> (widget ou rapport planifi\u00e9, et dans ce cas modalit\u00e9s et fr\u00e9quences d\u2019envoi et destinataires) <strong>(20.)<\/strong><\/li>\n\n\n\n<li><strong>Supprimer<\/strong> le rapport de la liste des objets <strong>(21.)<\/strong><\/li>\n<\/ul>\n\n\n\n<div class=\"is-layout-flex wp-container-3 wp-block-columns bord-bloc-reutilisable has-background\" style=\"background-color:#ffeec2\">\n<div class=\"is-layout-flow wp-block-column is-vertically-aligned-center\" style=\"flex-basis:7%\">\n<figure class=\"wp-block-image alignfull size-full is-style-default\"><img decoding=\"async\" loading=\"lazy\" width=\"512\" height=\"512\" src=\"https:\/\/rebub.u-bordeaux.fr\/wp-content\/uploads\/2024\/04\/nouvelles-idees-en-cours.png\" alt=\"\" class=\"wp-image-19897\" srcset=\"https:\/\/rebub.u-bordeaux.fr\/wp-content\/uploads\/2024\/04\/nouvelles-idees-en-cours.png 512w, https:\/\/rebub.u-bordeaux.fr\/wp-content\/uploads\/2024\/04\/nouvelles-idees-en-cours-300x300.png 300w, https:\/\/rebub.u-bordeaux.fr\/wp-content\/uploads\/2024\/04\/nouvelles-idees-en-cours-150x150.png 150w\" sizes=\"(max-width: 512px) 100vw, 512px\" \/><\/figure>\n<\/div>\n\n\n\n<div class=\"is-layout-flow wp-block-column is-vertically-aligned-center\" style=\"flex-basis:85%\">\n<p><strong>Astuce<\/strong> : Les m\u00eame fonctions sont disponibles pour l\u2019administrateur depuis le menu<\/p>\n<\/div>\n<\/div>\n\n\n\n<div class=\"is-layout-flex wp-container-9 wp-block-columns bord-bloc-reutilisable has-background\" style=\"background-color:#d9edf7\">\n<div class=\"is-layout-flow wp-block-column is-vertically-aligned-center\" style=\"font-size:15px;flex-basis:20%\">\n<p style=\"font-size:15px\"><strong>Date de publication<\/strong> <\/p>\n\n\n<div style=\"font-size:15px;\" class=\"wp-block-post-date\"><time datetime=\"2024-03-22T09:40:03+01:00\">22 mars 2024<\/time><\/div><\/div>\n\n\n\n<div class=\"is-layout-flow wp-block-column is-vertically-aligned-center\" style=\"font-size:15px;flex-basis:20%\">\n<p><strong>Mis \u00e0 jour le <\/strong><\/p>\n\n\n<div style=\"font-size:15px;\" class=\"wp-block-post-date\"><time datetime=\"2025-07-11T14:21:46+02:00\">11 juillet 2025<\/time><\/div><\/div>\n\n\n\n<div class=\"is-layout-flow wp-block-column is-vertically-aligned-center\" style=\"font-size:15px;flex-basis:40%\">\n<p><\/p>\n\n\n\n<p><strong>Attention ! <\/strong>Certains \u00e9tablissements utilisent parfois de proc\u00e9dures compl\u00e9mentaires <\/p>\n<\/div>\n\n\n\n<div class=\"is-layout-flow wp-block-column is-vertically-aligned-center\" style=\"font-size:15px;flex-basis:25%\">\n<div class=\"is-horizontal is-content-justification-center is-layout-flex wp-container-7 wp-block-buttons alignfull has-custom-font-size\" style=\"font-size:16px\">\n<div class=\"wp-block-button has-custom-width wp-block-button__width-75 has-custom-font-size is-style-fill\" style=\"font-size:15px\"><a class=\"wp-block-button__link has-white-color has-text-color has-background wp-element-button\" href=\"mailto:scoop@u-bordeaux.fr\" style=\"border-radius:65px;background-color:#000000db\"><strong>Signaler une erreur<\/strong><\/a><\/div>\n<\/div>\n<\/div>\n<\/div>\n","protected":false},"excerpt":{"rendered":"<p>Table des mati\u00e8res[ Show ]Acc\u00e9der aux rapports partag\u00e9sUtiliser et g\u00e9rer sa biblioth\u00e8que de rapports personnelleRapports pr\u00e9d\u00e9finisPour les administrateursLe menu est totalement revu pour permettre \u00e0 chaque utilisateur de se constituer sa propre biblioth\u00e8que de rapports \u00e0 partir des rapports propos\u00e9s&#8230;<\/p>\n","protected":false},"author":81,"featured_media":0,"parent":18409,"menu_order":0,"comment_status":"closed","ping_status":"closed","template":"","meta":[],"post_mailing_queue_ids":[],"_links":{"self":[{"href":"https:\/\/rebub.u-bordeaux.fr\/index.php\/wp-json\/wp\/v2\/pages\/19072"}],"collection":[{"href":"https:\/\/rebub.u-bordeaux.fr\/index.php\/wp-json\/wp\/v2\/pages"}],"about":[{"href":"https:\/\/rebub.u-bordeaux.fr\/index.php\/wp-json\/wp\/v2\/types\/page"}],"author":[{"embeddable":true,"href":"https:\/\/rebub.u-bordeaux.fr\/index.php\/wp-json\/wp\/v2\/users\/81"}],"replies":[{"embeddable":true,"href":"https:\/\/rebub.u-bordeaux.fr\/index.php\/wp-json\/wp\/v2\/comments?post=19072"}],"version-history":[{"count":6,"href":"https:\/\/rebub.u-bordeaux.fr\/index.php\/wp-json\/wp\/v2\/pages\/19072\/revisions"}],"predecessor-version":[{"id":20893,"href":"https:\/\/rebub.u-bordeaux.fr\/index.php\/wp-json\/wp\/v2\/pages\/19072\/revisions\/20893"}],"up":[{"embeddable":true,"href":"https:\/\/rebub.u-bordeaux.fr\/index.php\/wp-json\/wp\/v2\/pages\/18409"}],"wp:attachment":[{"href":"https:\/\/rebub.u-bordeaux.fr\/index.php\/wp-json\/wp\/v2\/media?parent=19072"}],"curies":[{"name":"wp","href":"https:\/\/api.w.org\/{rel}","templated":true}]}}