	{"id":19076,"date":"2024-03-22T09:39:58","date_gmt":"2024-03-22T08:39:58","guid":{"rendered":"https:\/\/rebub.u-bordeaux.fr\/?page_id=19076"},"modified":"2024-05-06T11:16:24","modified_gmt":"2024-05-06T09:16:24","slug":"groupe-publics","status":"publish","type":"page","link":"https:\/\/rebub.u-bordeaux.fr\/index.php\/statistiques\/donnees-statistiques\/les-rapports-et-les-indicateurs\/esgbu\/groupe-publics\/","title":{"rendered":"Groupe Publics"},"content":{"rendered":"<div id='wpig-floatingbar' class='wpig-floatingbar'><div id='wpig-switch-wrapper' class='wpig-switch-wrapper'><span id='wpig-floating-switch' class='wpig-floating-switch'><img src='https:\/\/rebub.u-bordeaux.fr\/wp-content\/plugins\/sticky-toc-advance-table-of-contents\/\\assets\\menu.png'><\/span><\/div><div id='wpig-contents' class='wpig-contents  wpig-sidebar-widget wpig-style-3'><span class='wpig-headline'>Table des mati\u00e8res<span><a data-action='show' class='wpig-btn-toggledisplay'>[ Show ]<\/a><\/span><\/span><!-- Table of Contents --><div id='wpig-table-of-content' class='wpig-table-of-content'><ol><li class='stoc-mode-de-recolte-des-donnees'><a href='#stoc-mode-de-recolte-des-donnees'>Mode de r\u00e9colte des donn\u00e9es<\/a><\/li><li class='stoc-definition-des-indicateurs'><a href='#stoc-definition-des-indicateurs'>D\u00e9finition des indicateurs<\/a><ol><li class='stoc-etudiants'><a href='#stoc-etudiants'>\u00c9tudiants<\/a><ol><li class='stoc-definition-du-perimetre'><a href='#stoc-definition-du-perimetre'>D\u00e9finition du p\u00e9rim\u00e8tre :<\/a><\/li><li class='stoc-definition-des-indicateurs'><a href='#stoc-definition-des-indicateurs'>D\u00e9finition des indicateurs :<\/a><ol><li class='stoc-nombre-de-lecteurs-inscrits'><a href='#stoc-nombre-de-lecteurs-inscrits'>Nombre de lecteurs inscrits :<\/a><\/li><li class='stoc-nombre-de-lecteurs-actifs-dans-linstitution'><a href='#stoc-nombre-de-lecteurs-actifs-dans-linstitution'>Nombre de lecteurs actifs dans l&rsquo;institution :<\/a><\/li><li class='stoc-nombre-de-lecteurs-actifs-quelque-soit-letablissement-du-reseau'><a href='#stoc-nombre-de-lecteurs-actifs-quelque-soit-letablissement-du-reseau'>Nombre de lecteurs actifs quelque soit l&rsquo;\u00e9tablissement du r\u00e9seau :<\/a><\/li><\/ol><li class='stoc-personnels'><a href='#stoc-personnels'>Personnels<\/a><ol><li class='stoc-definition-du-perimetre'><a href='#stoc-definition-du-perimetre'>D\u00e9finition du p\u00e9rim\u00e8tre :<\/a><\/li><li class='stoc-definition-des-indicateurs'><a href='#stoc-definition-des-indicateurs'>D\u00e9finition des indicateurs :<\/a><ol><li class='stoc-nombre-de-lecteurs-inscrits'><a href='#stoc-nombre-de-lecteurs-inscrits'>Nombre de lecteurs inscrits :<\/a><\/li><li class='stoc-nombre-de-lecteurs-actifs-dans-linstitution'><a href='#stoc-nombre-de-lecteurs-actifs-dans-linstitution'>Nombre de lecteurs actifs dans l&rsquo;institution :<\/a><\/li><li class='stoc-nombre-de-lecteurs-actifs-quelque-soit-letablissement-du-reseau'><a href='#stoc-nombre-de-lecteurs-actifs-quelque-soit-letablissement-du-reseau'>Nombre de lecteurs actifs quelque soit l&rsquo;\u00e9tablissement du r\u00e9seau :<\/a><\/li><\/ol><li class='stoc-lecteurs-exterieurs'><a href='#stoc-lecteurs-exterieurs'>Lecteurs ext\u00e9rieurs<\/a><\/li><li class='stoc-autres-utilisateurs'><a href='#stoc-autres-utilisateurs'>Autres utilisateurs<\/a><\/li><\/ol><\/li><\/li><\/li><\/li><\/li><\/div><!-- END OF Table of Contents --><\/div><\/div><p><div id='wpig-contents' class='wpig-contents  wpig-sidebar-widget wpig-style-1'><span class='wpig-headline'>Table des mati\u00e8res<span><a data-action='show' class='wpig-btn-toggledisplay'>[ Show ]<\/a><\/span><\/span><!-- Table of Contents --><div id='wpig-table-of-content' class='wpig-table-of-content' ><ol><li class='stoc-mode-de-recolte-des-donnees'><a href='#stoc-mode-de-recolte-des-donnees'>Mode de r\u00e9colte des donn\u00e9es<\/a><\/li><li class='stoc-definition-des-indicateurs'><a href='#stoc-definition-des-indicateurs'>D\u00e9finition des indicateurs<\/a><ol><li class='stoc-etudiants'><a href='#stoc-etudiants'>\u00c9tudiants<\/a><ol><li class='stoc-definition-du-perimetre'><a href='#stoc-definition-du-perimetre'>D\u00e9finition du p\u00e9rim\u00e8tre :<\/a><\/li><li class='stoc-definition-des-indicateurs'><a href='#stoc-definition-des-indicateurs'>D\u00e9finition des indicateurs :<\/a><ol><li class='stoc-nombre-de-lecteurs-inscrits'><a href='#stoc-nombre-de-lecteurs-inscrits'>Nombre de lecteurs inscrits :<\/a><\/li><li class='stoc-nombre-de-lecteurs-actifs-dans-linstitution'><a href='#stoc-nombre-de-lecteurs-actifs-dans-linstitution'>Nombre de lecteurs actifs dans l&rsquo;institution :<\/a><\/li><li class='stoc-nombre-de-lecteurs-actifs-quelque-soit-letablissement-du-reseau'><a href='#stoc-nombre-de-lecteurs-actifs-quelque-soit-letablissement-du-reseau'>Nombre de lecteurs actifs quelque soit l&rsquo;\u00e9tablissement du r\u00e9seau :<\/a><\/li><\/ol><li class='stoc-personnels'><a href='#stoc-personnels'>Personnels<\/a><ol><li class='stoc-definition-du-perimetre'><a href='#stoc-definition-du-perimetre'>D\u00e9finition du p\u00e9rim\u00e8tre :<\/a><\/li><li class='stoc-definition-des-indicateurs'><a href='#stoc-definition-des-indicateurs'>D\u00e9finition des indicateurs :<\/a><ol><li class='stoc-nombre-de-lecteurs-inscrits'><a href='#stoc-nombre-de-lecteurs-inscrits'>Nombre de lecteurs inscrits :<\/a><\/li><li class='stoc-nombre-de-lecteurs-actifs-dans-linstitution'><a href='#stoc-nombre-de-lecteurs-actifs-dans-linstitution'>Nombre de lecteurs actifs dans l&rsquo;institution :<\/a><\/li><li class='stoc-nombre-de-lecteurs-actifs-quelque-soit-letablissement-du-reseau'><a href='#stoc-nombre-de-lecteurs-actifs-quelque-soit-letablissement-du-reseau'>Nombre de lecteurs actifs quelque soit l&rsquo;\u00e9tablissement du r\u00e9seau :<\/a><\/li><\/ol><li class='stoc-lecteurs-exterieurs'><a href='#stoc-lecteurs-exterieurs'>Lecteurs ext\u00e9rieurs<\/a><\/li><li class='stoc-autres-utilisateurs'><a href='#stoc-autres-utilisateurs'>Autres utilisateurs<\/a><\/li><\/ol><\/li><\/li><\/li><\/li><\/li><\/div><!-- END OF Table of Contents --><\/div><\/p>\n<h2 id=\"stoc-mode-de-recolte-des-donnees\" class=\"wpig-heading\">Mode de r\u00e9colte des donn\u00e9es<\/h2>\n\n\n\n<p>Les donn\u00e9es sur le public sont extraites par le SCOOP chaque ann\u00e9e au mois de juillet et transmises aux \u00e9tablissements.<\/p>\n\n\n\n<p><strong>Rapport utilis\u00e9 : <\/strong>\/shared\/Bordeaux NZ 33PUDB_NETWORK\/prod\/Services aux publics\/Utilisateurs actifs\/Lecteurs inscrits &#8211; Ann\u00e9e universitaire<\/p>\n\n\n\n<figure class=\"wp-block-image size-large\"><img decoding=\"async\" loading=\"lazy\" width=\"1024\" height=\"373\" src=\"https:\/\/rebub.u-bordeaux.fr\/wp-content\/uploads\/2023\/02\/image-4-1024x373.png\" alt=\"\" class=\"wp-image-14780\" srcset=\"https:\/\/rebub.u-bordeaux.fr\/wp-content\/uploads\/2023\/02\/image-4-1024x373.png 1024w, https:\/\/rebub.u-bordeaux.fr\/wp-content\/uploads\/2023\/02\/image-4-300x109.png 300w, https:\/\/rebub.u-bordeaux.fr\/wp-content\/uploads\/2023\/02\/image-4-768x280.png 768w, https:\/\/rebub.u-bordeaux.fr\/wp-content\/uploads\/2023\/02\/image-4-1536x559.png 1536w, https:\/\/rebub.u-bordeaux.fr\/wp-content\/uploads\/2023\/02\/image-4.png 1920w\" sizes=\"(max-width: 1024px) 100vw, 1024px\" \/><\/figure>\n\n\n\n<h2 id=\"stoc-definition-des-indicateurs\" class=\"wpig-heading\">D\u00e9finition des indicateurs<\/h2>\n\n\n\n<h3 id=\"stoc-etudiants\" class=\"wpig-heading\">\u00c9tudiants<\/h3>\n\n\n\n<p>\u00c9tudiants de l&rsquo;institution Universit\u00e9 de Bordeaux inscrits sur l&rsquo;ann\u00e9e universitaire d&rsquo;observation. A savoir des comptes avec : <\/p>\n\n\n\n<h4 id=\"stoc-definition-du-perimetre\" class=\"wpig-heading\">D\u00e9finition du p\u00e9rim\u00e8tre :<\/h4>\n\n\n\n<ul>\n<li>une <strong>Cat\u00e9gorie de poste <\/strong>\u00e9gale \u00e0 \u00ab\u00a0<strong>\u00c9tudiant<\/strong>\u00ab\u00a0<\/li>\n\n\n\n<li>un <strong>groupe d&rsquo;utilisateurs <\/strong>qui n&rsquo;est pas \u00e9gal \u00e0<strong> \u00ab\u00a0Personnel et Enseignant\u00a0\u00bb<\/strong> (Pour exclure les HDR. Cas sp\u00e9cifique UB). <\/li>\n\n\n\n<li>un code statique <strong>\u00ab\u00a0\u00c9tablissement de rattachement du lecteur\u00a0\u00bb<\/strong> (Statistical Category 1 dans Analytique) \u00e9gal \u00e0 l&rsquo;\u00e9tablissement pass\u00e9 en param\u00e8tre<\/li>\n\n\n\n<li> avec une date de fin de validit\u00e9 sup\u00e9rieure ou \u00e9gale \u00e0 31\/12 de la p\u00e9riode d&rsquo;observation <\/li>\n<\/ul>\n\n\n\n<h4 id=\"stoc-definition-des-indicateurs\" class=\"wpig-heading\">D\u00e9finition des indicateurs :<\/h4>\n\n\n\n<h5 id=\"stoc-nombre-de-lecteurs-inscrits\" class=\"wpig-heading\">Nombre de lecteurs inscrits :<\/h5>\n\n\n\n<p>Tous les \u00e9tudiants pr\u00e9sents dans l&rsquo;instance R\u00e9seau pour l&rsquo;institution analys\u00e9e. <\/p>\n\n\n\n<h5 id=\"stoc-nombre-de-lecteurs-actifs-dans-linstitution\" class=\"wpig-heading\">Nombre de lecteurs actifs dans l&rsquo;institution :<\/h5>\n\n\n\n<p>\u00c9tudiants ayant effectu\u00e9 au moins un pr\u00eat , un retour ou une r\u00e9servation dans une des biblioth\u00e8que de de l&rsquo;institution de rattachement. L&rsquo;\u00e9tudiant doit \u00eatre :<\/p>\n\n\n\n<ul>\n<li>pr\u00e9sent dans l&rsquo;instance analys\u00e9e<\/li>\n\n\n\n<li> dans cette instance sa date de derni\u00e8re activit\u00e9 doit \u00eatre sup\u00e9rieure \u00e0 01\/08\/ de la p\u00e9riode d&rsquo;observation<\/li>\n<\/ul>\n\n\n\n<h5 id=\"stoc-nombre-de-lecteurs-actifs-quelque-soit-letablissement-du-reseau\" class=\"wpig-heading\">Nombre de lecteurs actifs quelque soit l&rsquo;\u00e9tablissement du r\u00e9seau :<\/h5>\n\n\n\n<p>\u00c9tudiants ayant effectu\u00e9 au moins un pr\u00eat , un retour ou une r\u00e9servation dans au moins une des biblioth\u00e8que du r\u00e9seau sur la p\u00e9riode d&rsquo;observation.<\/p>\n\n\n\n<h3 id=\"stoc-personnels\" class=\"wpig-heading\">Personnels<\/h3>\n\n\n\n<h4 id=\"stoc-definition-du-perimetre\" class=\"wpig-heading\">D\u00e9finition du p\u00e9rim\u00e8tre :<\/h4>\n\n\n\n<p>Personnels ou personnels h\u00e9berg\u00e9s de l&rsquo;institution analys\u00e9e dont la date de fin de validit\u00e9 des comptes est sup\u00e9rieure \u00e0 01\/08\/ de la p\u00e9riode d&rsquo;observation ou nulle . A savoir des comptes avec :<\/p>\n\n\n\n<ul>\n<li>une Cat\u00e9gorie de poste \u00e9gale \u00e0<strong> \u00ab\u00a0Personnel\u00a0\u00bb ou \u00ab\u00a0Heberg\u00e9s\u00a0\u00bb<\/strong><\/li>\n\n\n\n<li>une <strong>Cat\u00e9gorie de poste<\/strong> \u00e9gale \u00e0 \u00ab\u00a0<strong>Etudiant<\/strong>\u00a0\u00bb mais avec un <strong>groupe d&rsquo;utilisateurs<\/strong> \u00e9gal \u00e0 \u00ab\u00a0<strong>Personnel et Enseignant<\/strong>\u00a0\u00bb (Pour inclure les HDR. Cas sp\u00e9cifique UB). <\/li>\n\n\n\n<li>un code statique <strong>\u00ab\u00a0\u00c9tablissement de rattachement du lecteur\u00a0\u00bb<\/strong> (Statistical Category 1 dans Analytique) \u00e9gal \u00e0 l&rsquo;\u00e9tablissement analys\u00e9<\/li>\n\n\n\n<li> avec une date de fin de validit\u00e9 sup\u00e9rieure au 01\/08 de l&rsquo;ann\u00e9e d&rsquo;observation<\/li>\n<\/ul>\n\n\n\n<p>On identifie les enseignants chercheurs par la pr\u00e9sence d&rsquo;une section CNU dans le champ statistique Discipline \u00e9tudi\u00e9e ou section CNU du chercheur<\/p>\n\n\n\n<h4 id=\"stoc-definition-des-indicateurs\" class=\"wpig-heading\">D\u00e9finition des indicateurs :<\/h4>\n\n\n\n<h5 id=\"stoc-nombre-de-lecteurs-inscrits\" class=\"wpig-heading\">Nombre de lecteurs inscrits :<\/h5>\n\n\n\n<p>Tous les comptes de types personnels ou h\u00e9berg\u00e9s pr\u00e9sents dans l&rsquo;instance R\u00e9seau pour l&rsquo;institution analys\u00e9e. <\/p>\n\n\n\n<h5 id=\"stoc-nombre-de-lecteurs-actifs-dans-linstitution\" class=\"wpig-heading\">Nombre de lecteurs actifs dans l&rsquo;institution :<\/h5>\n\n\n\n<p>Personnels ayant effectu\u00e9 au moins un pr\u00eat , un retour ou une r\u00e9servation dans une des biblioth\u00e8que de l&rsquo;institution de rattachement. L&rsquo;individu doit \u00eatre :<\/p>\n\n\n\n<ul>\n<li>pr\u00e9sent dans l&rsquo;instance de l&rsquo;institution<\/li>\n\n\n\n<li> dans cette instance sa date de derni\u00e8re activit\u00e9 doit \u00eatre sup\u00e9rieure \u00e0 01\/08 de la p\u00e9riode analys\u00e9e<\/li>\n<\/ul>\n\n\n\n<h5 id=\"stoc-nombre-de-lecteurs-actifs-quelque-soit-letablissement-du-reseau\" class=\"wpig-heading\">Nombre de lecteurs actifs quelque soit l&rsquo;\u00e9tablissement du r\u00e9seau :<\/h5>\n\n\n\n<p>Personnel ou personnel h\u00e9berg\u00e9 ayant effectu\u00e9 au moins un pr\u00eat , un retour ou une r\u00e9servation dans au moins une des biblioth\u00e8que de r\u00e9seau.<\/p>\n\n\n\n<h3 id=\"stoc-lecteurs-exterieurs\" class=\"wpig-heading\">Lecteurs ext\u00e9rieurs<\/h3>\n\n\n\n<p>Lecteur ext\u00e9rieurs dont le compte a \u00e9t\u00e9 cr\u00e9\u00e9 ou modifi\u00e9 par l&rsquo;institution. Compte ayant :<\/p>\n\n\n\n<ul>\n<li>une Cat\u00e9gorie de poste \u00e9gale \u00e0 \u00ab\u00a0Lecteur Ext\u00e9rieur\u00a0\u00bb<\/li>\n\n\n\n<li> avec une date de fin de validit\u00e9 sup\u00e9rieure \u00e0 01\/08\/ de l&rsquo;ann\u00e9e d&rsquo;observation<\/li>\n\n\n\n<li>un code statique \u00ab\u00a0\u00c9tablissement de rattachement du lecteur\u00a0\u00bb (Statistical Category 1 dans Analytique) \u00e9gal \u00e0 l&rsquo;\u00e9tablissement analys\u00e9<\/li>\n<\/ul>\n\n\n\n<h3 id=\"stoc-autres-utilisateurs\" class=\"wpig-heading\">Autres utilisateurs<\/h3>\n\n\n\n<p>Individus inscrits dans les autres institutions du r\u00e9seau ayant effectu\u00e9 au moins un pr\u00eat , un retour ou une r\u00e9servation dans au moins une des biblioth\u00e8que du r\u00e9seau sur la p\u00e9riode d&rsquo;observation.<\/p>\n\n\n\n<div class=\"is-layout-flex wp-container-6 wp-block-columns bord-bloc-reutilisable has-background\" style=\"background-color:#d9edf7\">\n<div class=\"is-layout-flow wp-block-column is-vertically-aligned-center\" style=\"font-size:15px;flex-basis:20%\">\n<p style=\"font-size:15px\"><strong>Date de publication<\/strong> <\/p>\n\n\n<div style=\"font-size:15px;\" class=\"wp-block-post-date\"><time datetime=\"2024-03-22T09:39:58+01:00\">22 mars 2024<\/time><\/div><\/div>\n\n\n\n<div class=\"is-layout-flow wp-block-column is-vertically-aligned-center\" style=\"font-size:15px;flex-basis:20%\">\n<p><strong>Mis \u00e0 jour le <\/strong><\/p>\n\n\n<div style=\"font-size:15px;\" class=\"wp-block-post-date\"><time datetime=\"2024-05-06T11:16:24+02:00\">6 mai 2024<\/time><\/div><\/div>\n\n\n\n<div class=\"is-layout-flow wp-block-column is-vertically-aligned-center\" style=\"font-size:15px;flex-basis:40%\">\n<p><\/p>\n\n\n\n<p><strong>Attention ! <\/strong>Certains \u00e9tablissements utilisent parfois de proc\u00e9dures compl\u00e9mentaires <\/p>\n<\/div>\n\n\n\n<div class=\"is-layout-flow wp-block-column is-vertically-aligned-center\" style=\"font-size:15px;flex-basis:25%\">\n<div class=\"is-horizontal is-content-justification-center is-layout-flex wp-container-4 wp-block-buttons alignfull has-custom-font-size\" style=\"font-size:16px\">\n<div class=\"wp-block-button has-custom-width wp-block-button__width-75 has-custom-font-size is-style-fill\" style=\"font-size:15px\"><a class=\"wp-block-button__link has-white-color has-text-color has-background wp-element-button\" href=\"mailto:scoop@u-bordeaux.fr\" style=\"border-radius:65px;background-color:#000000db\"><strong>Signaler une erreur<\/strong><\/a><\/div>\n<\/div>\n<\/div>\n<\/div>\n","protected":false},"excerpt":{"rendered":"<p>Table des mati\u00e8res[ Show ]Mode de r\u00e9colte des donn\u00e9esD\u00e9finition des indicateurs\u00c9tudiantsD\u00e9finition du p\u00e9rim\u00e8tre :D\u00e9finition des indicateurs :Nombre de lecteurs inscrits :Nombre de lecteurs actifs dans l&rsquo;institution :Nombre de lecteurs actifs quelque soit l&rsquo;\u00e9tablissement du r\u00e9seau :PersonnelsD\u00e9finition du p\u00e9rim\u00e8tre :D\u00e9finition des&#8230;<\/p>\n","protected":false},"author":2,"featured_media":0,"parent":18437,"menu_order":3,"comment_status":"closed","ping_status":"closed","template":"","meta":[],"post_mailing_queue_ids":[],"_links":{"self":[{"href":"https:\/\/rebub.u-bordeaux.fr\/index.php\/wp-json\/wp\/v2\/pages\/19076"}],"collection":[{"href":"https:\/\/rebub.u-bordeaux.fr\/index.php\/wp-json\/wp\/v2\/pages"}],"about":[{"href":"https:\/\/rebub.u-bordeaux.fr\/index.php\/wp-json\/wp\/v2\/types\/page"}],"author":[{"embeddable":true,"href":"https:\/\/rebub.u-bordeaux.fr\/index.php\/wp-json\/wp\/v2\/users\/2"}],"replies":[{"embeddable":true,"href":"https:\/\/rebub.u-bordeaux.fr\/index.php\/wp-json\/wp\/v2\/comments?post=19076"}],"version-history":[{"count":3,"href":"https:\/\/rebub.u-bordeaux.fr\/index.php\/wp-json\/wp\/v2\/pages\/19076\/revisions"}],"predecessor-version":[{"id":20880,"href":"https:\/\/rebub.u-bordeaux.fr\/index.php\/wp-json\/wp\/v2\/pages\/19076\/revisions\/20880"}],"up":[{"embeddable":true,"href":"https:\/\/rebub.u-bordeaux.fr\/index.php\/wp-json\/wp\/v2\/pages\/18437"}],"wp:attachment":[{"href":"https:\/\/rebub.u-bordeaux.fr\/index.php\/wp-json\/wp\/v2\/media?parent=19076"}],"curies":[{"name":"wp","href":"https:\/\/api.w.org\/{rel}","templated":true}]}}