	{"id":19077,"date":"2024-03-22T09:40:00","date_gmt":"2024-03-22T08:40:00","guid":{"rendered":"https:\/\/rebub.u-bordeaux.fr\/?page_id=19077"},"modified":"2024-05-06T11:20:06","modified_gmt":"2024-05-06T09:20:06","slug":"groupe-usages-numeriques","status":"publish","type":"page","link":"https:\/\/rebub.u-bordeaux.fr\/index.php\/statistiques\/donnees-statistiques\/les-rapports-et-les-indicateurs\/esgbu\/groupe-usages-numeriques\/","title":{"rendered":"Groupe Usages num\u00e9riques"},"content":{"rendered":"<div id='wpig-floatingbar' class='wpig-floatingbar'><div id='wpig-switch-wrapper' class='wpig-switch-wrapper'><span id='wpig-floating-switch' class='wpig-floating-switch'><img src='https:\/\/rebub.u-bordeaux.fr\/wp-content\/plugins\/sticky-toc-advance-table-of-contents\/\\assets\\menu.png'><\/span><\/div><div id='wpig-contents' class='wpig-contents  wpig-sidebar-widget wpig-style-3'><span class='wpig-headline'>Table des mati\u00e8res<span><a data-action='show' class='wpig-btn-toggledisplay'>[ Show ]<\/a><\/span><\/span><!-- Table of Contents --><div id='wpig-table-of-content' class='wpig-table-of-content'><ol><li class='stoc-frequentation-en-ligne'><a href='#stoc-frequentation-en-ligne'>Fr\u00e9quentation en ligne<\/a><ol><li class='stoc-site-web'><a href='#stoc-site-web'>Site web : <\/a><\/li><li class='stoc-portail-documentaire-usreccat'><a href='#stoc-portail-documentaire-usreccat'>Portail documentaire UsRecCat<\/a><\/li><\/ol><\/li><\/div><!-- END OF Table of Contents --><\/div><\/div><p><div id='wpig-contents' class='wpig-contents  wpig-sidebar-widget wpig-style-1'><span class='wpig-headline'>Table des mati\u00e8res<span><a data-action='show' class='wpig-btn-toggledisplay'>[ Show ]<\/a><\/span><\/span><!-- Table of Contents --><div id='wpig-table-of-content' class='wpig-table-of-content' ><ol><li class='stoc-frequentation-en-ligne'><a href='#stoc-frequentation-en-ligne'>Fr\u00e9quentation en ligne<\/a><ol><li class='stoc-site-web'><a href='#stoc-site-web'>Site web : <\/a><\/li><li class='stoc-portail-documentaire-usreccat'><a href='#stoc-portail-documentaire-usreccat'>Portail documentaire UsRecCat<\/a><\/li><\/ol><\/li><\/div><!-- END OF Table of Contents --><\/div><\/p>\n<h2 id=\"stoc-frequentation-en-ligne\" class=\"wpig-heading\">Fr\u00e9quentation en ligne<\/h2>\n\n\n\n<p>Les usages de Babord + peuvent \u00eatre comptabilis\u00e9s gr\u00e2ce au tableau de bord Analytique de suivi de notre portail documentaire. Pour y acc\u00e9der connecter vous \u00e0 l&rsquo;interface d&rsquo;administration de Primo (acc\u00e8s r\u00e9serv\u00e9 \u00e0 vos correspondants ou administrateurs Babord + et cliquez sur le lien <strong>Primo Analytics<\/strong><\/p>\n\n\n\n<figure class=\"wp-block-image size-large\"><img decoding=\"async\" loading=\"lazy\" width=\"1024\" height=\"484\" src=\"https:\/\/rebub.u-bordeaux.fr\/wp-content\/uploads\/2023\/02\/image-5-1024x484.png\" alt=\"\" class=\"wp-image-14792\" srcset=\"https:\/\/rebub.u-bordeaux.fr\/wp-content\/uploads\/2023\/02\/image-5-1024x484.png 1024w, https:\/\/rebub.u-bordeaux.fr\/wp-content\/uploads\/2023\/02\/image-5-300x142.png 300w, https:\/\/rebub.u-bordeaux.fr\/wp-content\/uploads\/2023\/02\/image-5-768x363.png 768w, https:\/\/rebub.u-bordeaux.fr\/wp-content\/uploads\/2023\/02\/image-5-1536x726.png 1536w, https:\/\/rebub.u-bordeaux.fr\/wp-content\/uploads\/2023\/02\/image-5.png 1903w\" sizes=\"(max-width: 1024px) 100vw, 1024px\" \/><\/figure>\n\n\n\n<h3 id=\"stoc-site-web\" class=\"wpig-heading\">Site web : <\/h3>\n\n\n\n<p><strong>D\u00e9finition ESGBU :  <\/strong>Visites virtuelles (<strong>UsVisites)<\/strong>: Il s\u2019agit de mesurer la fr\u00e9quentation du site web de la structure documentaire, ou des pages d\u00e9di\u00e9es aux services documentaires, ou du portail documentaire. Le calcul des entr\u00e9es virtuelles implique un outil sp\u00e9cifique de mesure d\u2019audience du site web, bas\u00e9 sur l\u2019analyse des IP fr\u00e9quentant le site web de la structure documentaire. On comptera une visite par IP unique. Exemples d\u2019outils d\u2019analyse des fr\u00e9quentations : Open Web Analytics, Matomo, Xiti, Woopra, Clicky, Google Analytics.<\/p>\n\n\n\n<p><strong>Donn\u00e9es fournies par Primo :<\/strong><\/p>\n\n\n\n<p>Les donn\u00e9es sont accessibles via l&rsquo;onglet <strong>Sessions<\/strong> du tableau de bord. Primo ne permet pas de discriminer les sessions sur la base des IPS.<br>Une session est comptabilis\u00e9 lorsque le visiteur a charg\u00e9 au moins une page de Babord +. Les sessions regroupent l\u2019ensemble des \u00e9v\u00e9nements enregistr\u00e9s depuis le d\u00e9but d\u2019une visite.<\/p>\n\n\n\n<figure class=\"wp-block-image size-large\"><img decoding=\"async\" loading=\"lazy\" width=\"1024\" height=\"479\" src=\"https:\/\/rebub.u-bordeaux.fr\/wp-content\/uploads\/2023\/02\/image-6-1024x479.png\" alt=\"\" class=\"wp-image-14793\" srcset=\"https:\/\/rebub.u-bordeaux.fr\/wp-content\/uploads\/2023\/02\/image-6-1024x479.png 1024w, https:\/\/rebub.u-bordeaux.fr\/wp-content\/uploads\/2023\/02\/image-6-300x140.png 300w, https:\/\/rebub.u-bordeaux.fr\/wp-content\/uploads\/2023\/02\/image-6-768x360.png 768w, https:\/\/rebub.u-bordeaux.fr\/wp-content\/uploads\/2023\/02\/image-6-1536x719.png 1536w, https:\/\/rebub.u-bordeaux.fr\/wp-content\/uploads\/2023\/02\/image-6.png 1920w\" sizes=\"(max-width: 1024px) 100vw, 1024px\" \/><\/figure>\n\n\n\n<h2 id=\"stoc-portail-documentaire-usreccat\" class=\"wpig-heading\">Portail documentaire UsRecCat<\/h2>\n\n\n\n<p><strong>D\u00e9finition ESGBU : <\/strong>Nombre de requ\u00eates dans le catalogue : Compter le nombre total de recherches effectu\u00e9es dans le catalogue en ligne du service. Une recherche est enregistr\u00e9e \u00e0 chaque fois qu&rsquo;une requ\u00eate est soumise au serveur, ce qui correspond en th\u00e9orie \u00e0 la d\u00e9marche intellectuelle d\u2019un usager cherchant une information. La saisie de cha\u00eenes de caract\u00e8res erron\u00e9es ne repr\u00e9sente pas une requ\u00eate intellectuelle unique. Mais en pratique, il sera difficile de faire la diff\u00e9rence entre ces recherches involontaires et les recherches volontaires rest\u00e9es infructueuses.<\/p>\n\n\n\n<p><strong>Donn\u00e9es fournies par Primo :<\/strong><\/p>\n\n\n\n<p>Les donn\u00e9es sont accessibles via l&rsquo;onglet <strong>Recherches (ESGBU)<\/strong> du tableau de bord.<\/p>\n\n\n\n<figure class=\"wp-block-image size-large\"><img decoding=\"async\" loading=\"lazy\" width=\"1024\" height=\"479\" src=\"https:\/\/rebub.u-bordeaux.fr\/wp-content\/uploads\/2023\/02\/image-7-1024x479.png\" alt=\"\" class=\"wp-image-14794\" srcset=\"https:\/\/rebub.u-bordeaux.fr\/wp-content\/uploads\/2023\/02\/image-7-1024x479.png 1024w, https:\/\/rebub.u-bordeaux.fr\/wp-content\/uploads\/2023\/02\/image-7-300x140.png 300w, https:\/\/rebub.u-bordeaux.fr\/wp-content\/uploads\/2023\/02\/image-7-768x360.png 768w, https:\/\/rebub.u-bordeaux.fr\/wp-content\/uploads\/2023\/02\/image-7-1536x719.png 1536w, https:\/\/rebub.u-bordeaux.fr\/wp-content\/uploads\/2023\/02\/image-7.png 1920w\" sizes=\"(max-width: 1024px) 100vw, 1024px\" \/><\/figure>\n\n\n\n<div class=\"is-layout-flex wp-container-6 wp-block-columns bord-bloc-reutilisable has-background\" style=\"background-color:#d9edf7\">\n<div class=\"is-layout-flow wp-block-column is-vertically-aligned-center\" style=\"font-size:15px;flex-basis:20%\">\n<p style=\"font-size:15px\"><strong>Date de publication<\/strong> <\/p>\n\n\n<div style=\"font-size:15px;\" class=\"wp-block-post-date\"><time datetime=\"2024-03-22T09:40:00+01:00\">22 mars 2024<\/time><\/div><\/div>\n\n\n\n<div class=\"is-layout-flow wp-block-column is-vertically-aligned-center\" style=\"font-size:15px;flex-basis:20%\">\n<p><strong>Mis \u00e0 jour le <\/strong><\/p>\n\n\n<div style=\"font-size:15px;\" class=\"wp-block-post-date\"><time datetime=\"2024-05-06T11:20:06+02:00\">6 mai 2024<\/time><\/div><\/div>\n\n\n\n<div class=\"is-layout-flow wp-block-column is-vertically-aligned-center\" style=\"font-size:15px;flex-basis:40%\">\n<p><\/p>\n\n\n\n<p><strong>Attention ! <\/strong>Certains \u00e9tablissements utilisent parfois de proc\u00e9dures compl\u00e9mentaires <\/p>\n<\/div>\n\n\n\n<div class=\"is-layout-flow wp-block-column is-vertically-aligned-center\" style=\"font-size:15px;flex-basis:25%\">\n<div class=\"is-horizontal is-content-justification-center is-layout-flex wp-container-4 wp-block-buttons alignfull has-custom-font-size\" style=\"font-size:16px\">\n<div class=\"wp-block-button has-custom-width wp-block-button__width-75 has-custom-font-size is-style-fill\" style=\"font-size:15px\"><a class=\"wp-block-button__link has-white-color has-text-color has-background wp-element-button\" href=\"mailto:scoop@u-bordeaux.fr\" style=\"border-radius:65px;background-color:#000000db\"><strong>Signaler une erreur<\/strong><\/a><\/div>\n<\/div>\n<\/div>\n<\/div>\n","protected":false},"excerpt":{"rendered":"<p>Table des mati\u00e8res[ Show ]Fr\u00e9quentation en ligneSite web : Portail documentaire UsRecCatFr\u00e9quentation en ligne Les usages de Babord + peuvent \u00eatre comptabilis\u00e9s gr\u00e2ce au tableau de bord Analytique de suivi de notre portail documentaire. Pour y acc\u00e9der connecter vous \u00e0&#8230;<\/p>\n","protected":false},"author":2,"featured_media":0,"parent":18437,"menu_order":5,"comment_status":"closed","ping_status":"closed","template":"","meta":[],"post_mailing_queue_ids":[],"_links":{"self":[{"href":"https:\/\/rebub.u-bordeaux.fr\/index.php\/wp-json\/wp\/v2\/pages\/19077"}],"collection":[{"href":"https:\/\/rebub.u-bordeaux.fr\/index.php\/wp-json\/wp\/v2\/pages"}],"about":[{"href":"https:\/\/rebub.u-bordeaux.fr\/index.php\/wp-json\/wp\/v2\/types\/page"}],"author":[{"embeddable":true,"href":"https:\/\/rebub.u-bordeaux.fr\/index.php\/wp-json\/wp\/v2\/users\/2"}],"replies":[{"embeddable":true,"href":"https:\/\/rebub.u-bordeaux.fr\/index.php\/wp-json\/wp\/v2\/comments?post=19077"}],"version-history":[{"count":5,"href":"https:\/\/rebub.u-bordeaux.fr\/index.php\/wp-json\/wp\/v2\/pages\/19077\/revisions"}],"predecessor-version":[{"id":20889,"href":"https:\/\/rebub.u-bordeaux.fr\/index.php\/wp-json\/wp\/v2\/pages\/19077\/revisions\/20889"}],"up":[{"embeddable":true,"href":"https:\/\/rebub.u-bordeaux.fr\/index.php\/wp-json\/wp\/v2\/pages\/18437"}],"wp:attachment":[{"href":"https:\/\/rebub.u-bordeaux.fr\/index.php\/wp-json\/wp\/v2\/media?parent=19077"}],"curies":[{"name":"wp","href":"https:\/\/api.w.org\/{rel}","templated":true}]}}