	{"id":19078,"date":"2024-03-22T09:39:59","date_gmt":"2024-03-22T08:39:59","guid":{"rendered":"https:\/\/rebub.u-bordeaux.fr\/?page_id=19078"},"modified":"2024-05-06T11:18:11","modified_gmt":"2024-05-06T09:18:11","slug":"groupe-bibliotheques","status":"publish","type":"page","link":"https:\/\/rebub.u-bordeaux.fr\/index.php\/statistiques\/donnees-statistiques\/les-rapports-et-les-indicateurs\/esgbu\/groupe-bibliotheques\/","title":{"rendered":"Groupe Biblioth\u00e8ques"},"content":{"rendered":"<div id='wpig-floatingbar' class='wpig-floatingbar'><div id='wpig-switch-wrapper' class='wpig-switch-wrapper'><span id='wpig-floating-switch' class='wpig-floating-switch'><img src='https:\/\/rebub.u-bordeaux.fr\/wp-content\/plugins\/sticky-toc-advance-table-of-contents\/\\assets\\menu.png'><\/span><\/div><div id='wpig-contents' class='wpig-contents  wpig-sidebar-widget wpig-style-3'><span class='wpig-headline'>Table des mati\u00e8res<span><a data-action='show' class='wpig-btn-toggledisplay'>[ Show ]<\/a><\/span><\/span><!-- Table of Contents --><div id='wpig-table-of-content' class='wpig-table-of-content'><ol><li class='stoc-acces-aux-ressources-documentaires-sur-support-materiel'><a href='#stoc-acces-aux-ressources-documentaires-sur-support-materiel'>Acc\u00e8s aux ressources documentaires sur support mat\u00e9riel<\/a><\/li><li class='stoc-bibprets-nombre-de-prets-de-documents-sur-support'><a href='#stoc-bibprets-nombre-de-prets-de-documents-sur-support'>BibPrets : Nombre de pr\u00eats de documents sur support :<\/a><ol><li class='stoc-variable'><a href='#stoc-variable'>Variable<\/a><\/li><li class='stoc-filtres'><a href='#stoc-filtres'>Filtres <\/a><\/li><\/ol><li class='stoc-bibconsult-nombre-de-documents-sur-support-consultes-en-libre-acces'><a href='#stoc-bibconsult-nombre-de-documents-sur-support-consultes-en-libre-acces'>BibConsult : Nombre de documents sur support consult\u00e9s en libre acc\u00e8s<\/a><ol><li class='stoc-variable'><a href='#stoc-variable'>Variable<\/a><\/li><li class='stoc-filtres'><a href='#stoc-filtres'>Filtres <\/a><\/li><\/ol><li class='stoc-bibcomindirect-nombre-de-documents-sur-support-communiques-en-acces-indirect'><a href='#stoc-bibcomindirect-nombre-de-documents-sur-support-communiques-en-acces-indirect'>BibComIndirect : Nombre de documents sur support communiqu\u00e9s en acc\u00e8s indirect<\/a><ol><li class='stoc-variable'><a href='#stoc-variable'>Variable<\/a><\/li><li class='stoc-filtres'><a href='#stoc-filtres'>Filtres <\/a><\/li><\/ol><li class='stoc-bibpretmatos-nombre-de-prets-de-tablettes-liseuses-ordinateurs-portables'><a href='#stoc-bibpretmatos-nombre-de-prets-de-tablettes-liseuses-ordinateurs-portables'>BibPretMatos : Nombre de pr\u00eats de tablettes, liseuses, ordinateurs portables<\/a><ol><li class='stoc-variable'><a href='#stoc-variable'>Variable<\/a><\/li><li class='stoc-filtres'><a href='#stoc-filtres'>Filtres <\/a><\/li><\/ol><\/li><\/li><\/li><\/li><\/div><!-- END OF Table of Contents --><\/div><\/div><p><div id='wpig-contents' class='wpig-contents  wpig-sidebar-widget wpig-style-1'><span class='wpig-headline'>Table des mati\u00e8res<span><a data-action='show' class='wpig-btn-toggledisplay'>[ Show ]<\/a><\/span><\/span><!-- Table of Contents --><div id='wpig-table-of-content' class='wpig-table-of-content' ><ol><li class='stoc-acces-aux-ressources-documentaires-sur-support-materiel'><a href='#stoc-acces-aux-ressources-documentaires-sur-support-materiel'>Acc\u00e8s aux ressources documentaires sur support mat\u00e9riel<\/a><\/li><li class='stoc-bibprets-nombre-de-prets-de-documents-sur-support'><a href='#stoc-bibprets-nombre-de-prets-de-documents-sur-support'>BibPrets : Nombre de pr\u00eats de documents sur support :<\/a><ol><li class='stoc-variable'><a href='#stoc-variable'>Variable<\/a><\/li><li class='stoc-filtres'><a href='#stoc-filtres'>Filtres <\/a><\/li><\/ol><li class='stoc-bibconsult-nombre-de-documents-sur-support-consultes-en-libre-acces'><a href='#stoc-bibconsult-nombre-de-documents-sur-support-consultes-en-libre-acces'>BibConsult : Nombre de documents sur support consult\u00e9s en libre acc\u00e8s<\/a><ol><li class='stoc-variable'><a href='#stoc-variable'>Variable<\/a><\/li><li class='stoc-filtres'><a href='#stoc-filtres'>Filtres <\/a><\/li><\/ol><li class='stoc-bibcomindirect-nombre-de-documents-sur-support-communiques-en-acces-indirect'><a href='#stoc-bibcomindirect-nombre-de-documents-sur-support-communiques-en-acces-indirect'>BibComIndirect : Nombre de documents sur support communiqu\u00e9s en acc\u00e8s indirect<\/a><ol><li class='stoc-variable'><a href='#stoc-variable'>Variable<\/a><\/li><li class='stoc-filtres'><a href='#stoc-filtres'>Filtres <\/a><\/li><\/ol><li class='stoc-bibpretmatos-nombre-de-prets-de-tablettes-liseuses-ordinateurs-portables'><a href='#stoc-bibpretmatos-nombre-de-prets-de-tablettes-liseuses-ordinateurs-portables'>BibPretMatos : Nombre de pr\u00eats de tablettes, liseuses, ordinateurs portables<\/a><ol><li class='stoc-variable'><a href='#stoc-variable'>Variable<\/a><\/li><li class='stoc-filtres'><a href='#stoc-filtres'>Filtres <\/a><\/li><\/ol><\/li><\/li><\/li><\/li><\/div><!-- END OF Table of Contents --><\/div><\/p>\n<h2 id=\"stoc-acces-aux-ressources-documentaires-sur-support-materiel\" class=\"wpig-heading\">Acc\u00e8s aux ressources documentaires sur support mat\u00e9riel<\/h2>\n\n\n\n<p><strong>Rapport : <\/strong>ESGBU<\/p>\n\n\n\n<p><strong>Onglet : <\/strong>Groupe Biblioth\u00e8ques<\/p>\n\n\n\n<h2 id=\"stoc-bibprets-nombre-de-prets-de-documents-sur-support\" class=\"wpig-heading\">BibPrets : Nombre de pr\u00eats de documents sur support :<\/h2>\n\n\n\n<p>Nombre de pr\u00eats enregistr\u00e9s hors bureau de consultation pour des documents non localis\u00e9s dans des localisations de type \u00a0\u00bbMat\u00e9riel\u00a0\u00bb (Ne comprend pas les renouvellements). <\/p>\n\n\n\n<p><a href=\"http:\/\/rebub.u-bordeaux.fr\/index.php\/statistiques\/analytics\/descriptifs-de-rapports\/#distinguer_les_types_de_transaction\" data-type=\"page\">cf. Distinguer les types de transaction<\/a><\/p>\n\n\n\n<p>Sont compt\u00e9s les pr\u00eats effectu\u00e9s sur l&rsquo;ann\u00e9e et sur les bureau de pr\u00eat de la biblioth\u00e8que pass\u00e9s en param\u00e8tre.<\/p>\n\n\n\n<h3 id=\"stoc-variable\" class=\"wpig-heading\">Variable<\/h3>\n\n\n\n<pre class=\"wp-block-code\"><code>FILTER(\"Loan\".\"Loans (Not In House)\" USING ((\"Loan Circulation Desk\".\"Reading Room Desk\" = 'N') AND (\"Item Location at time of loan\".\"Location Name\" &lt;&gt; 'Mat\u00e9riel')))<\/code><\/pre>\n\n\n\n<h3 id=\"stoc-filtres\" class=\"wpig-heading\"><strong>Filtres <\/strong><\/h3>\n\n\n\n<ul>\n<li>\u00ab\u00a0Loan Date\u00a0\u00bb.\u00a0\u00bbLoan Year\u201d<\/li>\n\n\n\n<li>\u00ab\u00a0Loan Circulation Desk\u00a0\u00bb.\u00a0\u00bbLibrary Name\u201d<\/li>\n<\/ul>\n\n\n\n<h2 id=\"stoc-bibconsult-nombre-de-documents-sur-support-consultes-en-libre-acces\" class=\"wpig-heading\">BibConsult : Nombre de documents sur support consult\u00e9s en libre acc\u00e8s<\/h2>\n\n\n\n<p>Chiffre issu d&rsquo;Alma pour les biblioth\u00e8ques enregistrant toutes les consultations sur place. Sont exclus les retours sur automates. Le rapport ne travaille que sur des documents de libre-acc\u00e8s \u00e0 l&rsquo;exclusion de la localisation <strong>&lsquo;Mat\u00e9riel&rsquo;<\/strong>. <\/p>\n\n\n\n<p><strong>Attention<\/strong>, les retours de transit, ainsi que les transactions sur des documents pour lesquels un retour de pr\u00eat \u00e0 domicile a \u00e9t\u00e9 enregistr\u00e9 le m\u00eame jour (Second passage de v\u00e9rification du retour) sont aussi comptabilis\u00e9s comme des consultations sur place. <\/p>\n\n\n\n<h3 id=\"stoc-variable\" class=\"wpig-heading\">Variable<\/h3>\n\n\n\n<p>FILTER(\u00ab\u00a0Loan\u00a0\u00bb.\u00a0\u00bbLoans (In House)\u00a0\u00bb USING ((\u00ab\u00a0Item Location at time of loan\u00a0\u00bb.\u00a0\u00bbLocation Name\u00a0\u00bb &lt;&gt; &lsquo;Mat\u00e9riel&rsquo;) AND (\u00ab\u00a0Loan Circulation Desk\u00a0\u00bb.\u00a0\u00bbHas Self Check\u00a0\u00bb = 0) AND (\u00ab\u00a0Item Location at time of loan\u00a0\u00bb.\u00a0\u00bbLocation Type\u00a0\u00bb = &lsquo;OPEN&rsquo;)<\/p>\n\n\n\n<h3 id=\"stoc-filtres\" class=\"wpig-heading\"><strong>Filtres <\/strong><\/h3>\n\n\n\n<ul>\n<li>\u00ab\u00a0Loan Date\u00a0\u00bb.\u00a0\u00bbLoan Year\u201d<\/li>\n\n\n\n<li>\u00ab\u00a0Loan Circulation Desk\u00a0\u00bb.\u00a0\u00bbLibrary Name\u201d<\/li>\n<\/ul>\n\n\n\n<div class=\"is-layout-flex wp-container-3 wp-block-columns bord-bloc-reutilisable has-background\" style=\"background-color:#ffeec2\">\n<div class=\"is-layout-flow wp-block-column is-vertically-aligned-center\" style=\"flex-basis:7%\">\n<figure class=\"wp-block-image alignfull size-full is-style-default\"><img decoding=\"async\" loading=\"lazy\" width=\"512\" height=\"512\" src=\"https:\/\/rebub.u-bordeaux.fr\/wp-content\/uploads\/2024\/04\/nouvelles-idees-en-cours.png\" alt=\"\" class=\"wp-image-19897\" srcset=\"https:\/\/rebub.u-bordeaux.fr\/wp-content\/uploads\/2024\/04\/nouvelles-idees-en-cours.png 512w, https:\/\/rebub.u-bordeaux.fr\/wp-content\/uploads\/2024\/04\/nouvelles-idees-en-cours-300x300.png 300w, https:\/\/rebub.u-bordeaux.fr\/wp-content\/uploads\/2024\/04\/nouvelles-idees-en-cours-150x150.png 150w\" sizes=\"(max-width: 512px) 100vw, 512px\" \/><\/figure>\n<\/div>\n\n\n\n<div class=\"is-layout-flow wp-block-column is-vertically-aligned-center\" style=\"flex-basis:85%\">\n<p><strong>Note<\/strong> : Pour les biblioth\u00e8ques <strong>ayant men\u00e9 des comptages sur des semaines types<\/strong>, se reporter au \u00ab\u00a0Tableau de bord g\u00e9n\u00e9ral sur les services aux publics\u00a0\u00bb dans l&rsquo;onglet \u00ab\u00a0Consultation sur place\u00a0\u00bb<\/p>\n<\/div>\n<\/div>\n\n\n\n<figure class=\"wp-block-image size-large\"><img decoding=\"async\" loading=\"lazy\" width=\"1024\" height=\"322\" src=\"https:\/\/rebub.u-bordeaux.fr\/wp-content\/uploads\/2023\/02\/image-3-1024x322.png\" alt=\"\" class=\"wp-image-14771\" srcset=\"https:\/\/rebub.u-bordeaux.fr\/wp-content\/uploads\/2023\/02\/image-3-1024x322.png 1024w, https:\/\/rebub.u-bordeaux.fr\/wp-content\/uploads\/2023\/02\/image-3-300x94.png 300w, https:\/\/rebub.u-bordeaux.fr\/wp-content\/uploads\/2023\/02\/image-3-768x241.png 768w, https:\/\/rebub.u-bordeaux.fr\/wp-content\/uploads\/2023\/02\/image-3.png 1499w\" sizes=\"(max-width: 1024px) 100vw, 1024px\" \/><\/figure>\n\n\n\n<h2 id=\"stoc-bibcomindirect-nombre-de-documents-sur-support-communiques-en-acces-indirect\" class=\"wpig-heading\">BibComIndirect : Nombre de documents sur support communiqu\u00e9s en acc\u00e8s indirect<\/h2>\n\n\n\n<p>Sont d\u00e9compt\u00e9s tous les pr\u00eats de documents magasin, qu\u00a0\u00bbils aient \u00e9t\u00e9 faits sur bureau de pr\u00eat ou sur bureau de communication sur place, ind\u00e9pendamment des demandes informatis\u00e9es ou non.<\/p>\n\n\n\n<h3 id=\"stoc-variable\" class=\"wpig-heading\">Variable<\/h3>\n\n\n\n<p>FILTER(\u00ab\u00a0Loan\u00a0\u00bb.\u00a0\u00bbLoans (Not In House)\u00a0\u00bb USING ((\u00ab\u00a0Item Location at time of loan\u00a0\u00bb.\u00a0\u00bbLocation Name\u00a0\u00bb &lt;&gt; &lsquo;Mat\u00e9riel&rsquo;) AND (\u00ab\u00a0Item Location at time of loan\u00a0\u00bb.\u00a0\u00bbLocation Type\u00a0\u00bb=&rsquo;CLOSED&rsquo;)))<\/p>\n\n\n\n<h3 id=\"stoc-filtres\" class=\"wpig-heading\"><strong>Filtres <\/strong><\/h3>\n\n\n\n<ul>\n<li>\u00ab\u00a0Loan Date\u00a0\u00bb.\u00a0\u00bbLoan Year\u201d<\/li>\n\n\n\n<li>\u00ab\u00a0Loan Circulation Desk\u00a0\u00bb.\u00a0\u00bbLibrary Name\u201d<\/li>\n<\/ul>\n\n\n\n<h2 id=\"stoc-bibpretmatos-nombre-de-prets-de-tablettes-liseuses-ordinateurs-portables\" class=\"wpig-heading\">BibPretMatos : Nombre de pr\u00eats de tablettes, liseuses, ordinateurs portables<\/h2>\n\n\n\n<p>Sont d\u00e9compt\u00e9s les pr\u00eats des exemplaires des notices d&rsquo;ordinateurs ((MAT)000000015;(MAT)000000007), sur les bureaux de pr\u00eats, \u00e0 l\u00a0\u00bbexclusion des bureaux de consultation sur place.<\/p>\n\n\n\n<h3 id=\"stoc-variable\" class=\"wpig-heading\">Variable<\/h3>\n\n\n\n<p>IFNULL(FILTER(\u00ab\u00a0Loan\u00a0\u00bb.\u00a0\u00bbLoans (Not In House)\u00a0\u00bb USING (\u00ab\u00a0Loan Circulation Desk\u00a0\u00bb.\u00a0\u00bbReading Room Desk\u00a0\u00bb = &lsquo;N&rsquo; AND \u00ab\u00a0Bibliographic Details\u00a0\u00bb.\u00a0\u00bbNetwork Number\u00a0\u00bb IN (&lsquo;(MAT)000000015&rsquo;, &lsquo;(MAT)000000007&rsquo;))),0)<\/p>\n\n\n\n<h3 id=\"stoc-filtres\" class=\"wpig-heading\"><strong>Filtres <\/strong><\/h3>\n\n\n\n<ul>\n<li>\u00ab\u00a0Loan Date\u00a0\u00bb.\u00a0\u00bbLoan Year\u201d<\/li>\n\n\n\n<li>\u00ab\u00a0Loan Circulation Desk\u00a0\u00bb.\u00a0\u00bbLibrary Name\u201d<\/li>\n<\/ul>\n\n\n\n<div class=\"is-layout-flex wp-container-9 wp-block-columns bord-bloc-reutilisable has-background\" style=\"background-color:#d9edf7\">\n<div class=\"is-layout-flow wp-block-column is-vertically-aligned-center\" style=\"font-size:15px;flex-basis:20%\">\n<p style=\"font-size:15px\"><strong>Date de publication<\/strong> <\/p>\n\n\n<div style=\"font-size:15px;\" class=\"wp-block-post-date\"><time datetime=\"2024-03-22T09:39:59+01:00\">22 mars 2024<\/time><\/div><\/div>\n\n\n\n<div class=\"is-layout-flow wp-block-column is-vertically-aligned-center\" style=\"font-size:15px;flex-basis:20%\">\n<p><strong>Mis \u00e0 jour le <\/strong><\/p>\n\n\n<div style=\"font-size:15px;\" class=\"wp-block-post-date\"><time datetime=\"2024-05-06T11:18:11+02:00\">6 mai 2024<\/time><\/div><\/div>\n\n\n\n<div class=\"is-layout-flow wp-block-column is-vertically-aligned-center\" style=\"font-size:15px;flex-basis:40%\">\n<p><\/p>\n\n\n\n<p><strong>Attention ! <\/strong>Certains \u00e9tablissements utilisent parfois de proc\u00e9dures compl\u00e9mentaires <\/p>\n<\/div>\n\n\n\n<div class=\"is-layout-flow wp-block-column is-vertically-aligned-center\" style=\"font-size:15px;flex-basis:25%\">\n<div class=\"is-horizontal is-content-justification-center is-layout-flex wp-container-7 wp-block-buttons alignfull has-custom-font-size\" style=\"font-size:16px\">\n<div class=\"wp-block-button has-custom-width wp-block-button__width-75 has-custom-font-size is-style-fill\" style=\"font-size:15px\"><a class=\"wp-block-button__link has-white-color has-text-color has-background wp-element-button\" href=\"mailto:scoop@u-bordeaux.fr\" style=\"border-radius:65px;background-color:#000000db\"><strong>Signaler une erreur<\/strong><\/a><\/div>\n<\/div>\n<\/div>\n<\/div>\n","protected":false},"excerpt":{"rendered":"<p>Table des mati\u00e8res[ Show ]Acc\u00e8s aux ressources documentaires sur support mat\u00e9rielBibPrets : Nombre de pr\u00eats de documents sur support :VariableFiltres BibConsult : Nombre de documents sur support consult\u00e9s en libre acc\u00e8sVariableFiltres BibComIndirect : Nombre de documents sur support communiqu\u00e9s en&#8230;<\/p>\n","protected":false},"author":2,"featured_media":0,"parent":18437,"menu_order":4,"comment_status":"closed","ping_status":"closed","template":"","meta":[],"post_mailing_queue_ids":[],"_links":{"self":[{"href":"https:\/\/rebub.u-bordeaux.fr\/index.php\/wp-json\/wp\/v2\/pages\/19078"}],"collection":[{"href":"https:\/\/rebub.u-bordeaux.fr\/index.php\/wp-json\/wp\/v2\/pages"}],"about":[{"href":"https:\/\/rebub.u-bordeaux.fr\/index.php\/wp-json\/wp\/v2\/types\/page"}],"author":[{"embeddable":true,"href":"https:\/\/rebub.u-bordeaux.fr\/index.php\/wp-json\/wp\/v2\/users\/2"}],"replies":[{"embeddable":true,"href":"https:\/\/rebub.u-bordeaux.fr\/index.php\/wp-json\/wp\/v2\/comments?post=19078"}],"version-history":[{"count":4,"href":"https:\/\/rebub.u-bordeaux.fr\/index.php\/wp-json\/wp\/v2\/pages\/19078\/revisions"}],"predecessor-version":[{"id":20884,"href":"https:\/\/rebub.u-bordeaux.fr\/index.php\/wp-json\/wp\/v2\/pages\/19078\/revisions\/20884"}],"up":[{"embeddable":true,"href":"https:\/\/rebub.u-bordeaux.fr\/index.php\/wp-json\/wp\/v2\/pages\/18437"}],"wp:attachment":[{"href":"https:\/\/rebub.u-bordeaux.fr\/index.php\/wp-json\/wp\/v2\/media?parent=19078"}],"curies":[{"name":"wp","href":"https:\/\/api.w.org\/{rel}","templated":true}]}}